{"id":9803,"date":"2022-10-15T19:35:53","date_gmt":"2022-10-15T18:35:53","guid":{"rendered":"http:\/\/staging.leboxi.eu\/?post_type=product&#038;p=9803"},"modified":"2025-04-07T20:54:14","modified_gmt":"2025-04-07T19:54:14","slug":"komplet-za-nego-brade","status":"publish","type":"product","link":"http:\/\/staging.leboxi.eu\/sl\/izdelek\/komplet-za-nego-brade\/","title":{"rendered":"Komplet za nego brade"},"content":{"rendered":"<p>Na\u0161a elegantna mo\u0161ka toaletna torbica, narejena iz pravega usnja, je popolna sopotnica za mo\u0161ke, ki cenijo kakovost in stil. Dovolj velika, da sprejme vse va\u0161e nujno potrebne kozmeti\u010dne pripomo\u010dke, obenem pa dovolj kompaktna, da jo lahko brez napora pospravite v va\u0161 kov\u010dek ali torbo. S prakti\u010dnim stranskim dr\u017ealom pa boste vedno lahko hitro dostopali do svojih najbolj dragocenih pripomo\u010dkov.<\/p>\n<p>Torbica je osvojila srca mnogih zadovoljnih strank. Ne glede na to, ali je to darilo za va\u0161ega mo\u0161kega ali dodatek za va\u0161o lastno nego, boste zagotovo u\u017eivali v njeni funkcionalnosti, izgledu in kakovosti.<\/p>\n<p>Persionalizirana mo\u0161ka toaletna torbica je ravno prav velika za vse nujne kozmeti\u010dne potreb\u0161\u010dine, ki jih potrebujete za na pot. Usnje je mehko in prijetno na otip, njen dizajn je pa narejen z mislijo na prakti\u010dnost. Visokokakovostna zadrga odpre osrednji prostor kamor lahko pospravite \u0161ampon, pripomo\u010dke za urejanje brade, deodorant in \u0161e ve\u010d, stransko dr\u017ealo pa omogo\u010da, da torbico z lahkoto prestavite ven iz kov\u010dka ali na poli\u010dko.<\/p>\n<p>Usnjena toaletna torbica je odli\u010dno darilo za fanta, mo\u017ea ali prijatelja. Da je torbica pe bolj unikatna jo lahko personalizirate z imenom ali za\u010detnicami prejemnika. Zagotovo darilo, ki bo ostalo v spominu in s svojo prakti\u010dnostjo navdu\u0161evalo na vsakem izletu.<\/p>\n<p>&nbsp;<\/p>\n<p>Material: Usnje<\/p>\n<p>Barva: Rjava<\/p>\n<p>Velikost: 24 x 12 x 12 cm<\/p>\n<p>Toaletni torbici lahko dodate tudi set za nego brade ali <a href=\"http:\/\/staging.leboxi.eu\/sl\/izdelki\/ogrinjalo-za-britje-brade\/\">ogrinjalo za britje brade in las<\/a>.<\/p>\n<h6><\/h6>\n<p>Poleg toaletne torbice dobite set za nego brade, ki je nujnost vsakega mo\u0161kega, ki \u017eeli imeti urejeno brado.<\/p>\n<p>&nbsp;<\/p>\n<p>Set za urejanje brade vsebuje vse kar se potrebuje za urejanje le te:<\/p>\n<p>&#8211; dvostranski lesen glavni\u010dek<\/p>\n<p>&#8211; kovinski glavni\u010dek<\/p>\n<p>&#8211; \u0161\u010detko<\/p>\n<p>&#8211; ostre \u0161karje<\/p>\n<p>&nbsp;<\/p>\n<h6>Dodatno:<\/h6>\n<p>Darilnemu setu lahko prilo\u017eite tudi\u00a0<strong>personalizirano \u010destitko<\/strong> .<\/p>\n<p>\u010ce \u017eelite bomo va\u0161e darilo obdarovancu dostavili mi, seveda pa ob dostavi ne bomo prilo\u017eili ra\u010duna. Le-tega boste prejeli vi.<\/p>\n<p>Za piko na i lahko svoj darilni set nadgradite z\u00a0<a href=\"http:\/\/staging.leboxi.eu\/blog\/posvetilo-darilni-listki\/\">darilnimi listi\u010di<\/a>\u00a0za izdelavo katerih navodila najdete na na\u0161em blogu.<\/p>\n<p>Pri personaliziranih izdelkih kupec <strong>nima pravice<\/strong> do odstopa od nakupne pogodbe. V praksi to pomeni, da za vse izdelke, ki so narejeni po \u017eelji kupca, potro\u0161nik ne vra\u010da izdelka, je pa zavezan k pla\u010dilu po sklenjeni pogodbi. Ponudnik ne odgovarja za nepravilno izbrane mo\u017enosti (npr. napa\u010dno izbranega tipa personaliziranega izdelka, napa\u010dna izbira vzorca personalizacije, napake \u010drkovanja, napake datuma ipd.) personalizacije pri nakupu.<\/p>\n","protected":false},"excerpt":{"rendered":"<p>Predstavljamo vam na\u0161o izjemno Usnjeno Toaletno Torbico s setom za negovanje brade. Ta komplet zdru\u017euje kakovost, ekskluzivnost in estetski videz v eno nepremagljivo celoto.<\/p>\n<p>Na\u0161a kompaktna in elegantna mo\u0161ka toaletna torbica, narejena iz pravega usnja, je popolna sopotnica za mo\u0161ke, ki cenijo kakovost in stil. Dovolj velika, da sprejme vse va\u0161e nujno potrebne kozmeti\u010dne pripomo\u010dke, obenem pa dovolj kompaktna, da jo lahko brez napora pospravite v va\u0161 kov\u010dek ali torbo. S prakti\u010dnim stranskim dr\u017ealom pa boste vedno lahko hitro dostopali do svojih najbolj dragocenih pripomo\u010dkov.<\/p>\n<p>Toda to ni le obi\u010dajna toaletna torbica. Mo\u017enost personalizacije daje temu izdelku pridih ekskluzivnosti, ki bo odra\u017eal va\u0161 osebni okus in stil. Naredite jo resni\u010dno svojo.<\/p>\n<p>V notranjosti te luksuzne toaletne torbice pa skriva visokokakovosten set za nego brade, ki bo osvojil srca vseh ponosnih \u010dlanov\u00a0 dru\u017eine &#8220;brada\u010dev&#8221;. S tem kompletom boste dosegli brezhibno negovan videz brade, saj vsebuje vse, kar potrebujete &#8211; od glavni\u010dkov, \u0161\u010detke, ostrih \u0161karij do torbice za shranjevanje. Vsak element tega kompleta odra\u017ea izjemno kakovost in funkcionalnost, ki jih potrebujete za brezhibno negovan bradati videz.<\/p>\n<p>Na\u0161 presti\u017eni set za urejanje brade vklju\u010duje:<\/p>\n<ul>\n<li>Dvostranski glavni\u010dek iz lesa za brezhibno oblikovanje in \u010desanje va\u0161e brade.<\/li>\n<li>Kovinski glavni\u010dek, ki poskrbi za popolno preciznost pri vsakem potegu.<\/li>\n<li>Ne\u017ena \u0161\u010detka za odstranjevanje odve\u010dnih delcev in ohranjanje va\u0161e brade v najbolj\u0161i formi.<\/li>\n<li>Ostre \u0161karje za natan\u010dno obrezovanje in popoln videz, ki ga \u017eelite dose\u010di.<\/li>\n<\/ul>\n<p>Naro\u010dite na\u0161o Usnejno Toaletno Torbico z Negovalnim Kompletom za Brado, in poudarite svojo strast do nege in sloga. Bodite tisti, ki izstopa med mno\u017eico, bodite mo\u017e, ki ceni kakovost in estetski videz. Va\u0161a brada zaslu\u017ei najbolj\u0161e, in to je prav gotovo to. Ne odla\u0161ajte, naro\u010dite zdaj!<\/p>\n<p>&nbsp;<\/p>\n<p>Darilu lahko prilo\u017eite tudi\u00a0<a href=\"http:\/\/staging.leboxi.eu\/izdelki\/personalizirana-cestitka\/\">personalizirano darilno kartico<\/a> (za dopla\u010dilo). Za bradate mo\u0161ke je primeren komplet za nego brade, ki vklju\u010duje torbico ter set za nego brade.<\/p>\n<p>&nbsp;<\/p>\n<p>\u010ce \u017eelite bomo va\u0161e darilo obdarovancu dostavili mi, seveda pa ob dostavi ne bomo prilo\u017eili ra\u010duna. Le-tega boste prejeli vi.<\/p>\n","protected":false},"featured_media":9778,"comment_status":"open","ping_status":"closed","template":"","meta":{"site-sidebar-layout":"default","site-content-layout":"default","ast-site-content-layout":"default","site-content-style":"default","site-sidebar-style":"default","ast-global-header-display":"","ast-banner-title-visibility":"","ast-main-header-display":"","ast-hfb-above-header-display":"","ast-hfb-below-header-display":"","ast-hfb-mobile-header-display":"","site-post-title":"","ast-breadcrumbs-content":"","ast-featured-img":"","footer-sml-layout":"","theme-transparent-header-meta":"default","adv-header-id-meta":"","stick-header-meta":"","header-above-stick-meta":"","header-main-stick-meta":"","header-below-stick-meta":"","astra-migrate-meta-layouts":"set","ast-page-background-enabled":"default","ast-page-background-meta":{"desktop":{"background-color":"","background-image":"","background-repeat":"repeat","background-position":"center center","background-size":"auto","background-attachment":"scroll","background-type":"","background-media":"","overlay-type":"","overlay-color":"","overlay-opacity":"","overlay-gradient":""},"tablet":{"background-color":"","background-image":"","background-repeat":"repeat","background-position":"center center","background-size":"auto","background-attachment":"scroll","background-type":"","background-media":"","overlay-type":"","overlay-color":"","overlay-opacity":"","overlay-gradient":""},"mobile":{"background-color":"","background-image":"","background-repeat":"repeat","background-position":"center center","background-size":"auto","background-attachment":"scroll","background-type":"","background-media":"","overlay-type":"","overlay-color":"","overlay-opacity":"","overlay-gradient":""}},"ast-content-background-meta":{"desktop":{"background-color":"var(--ast-global-color-5)","background-image":"","background-repeat":"repeat","background-position":"center center","background-size":"auto","background-attachment":"scroll","background-type":"","background-media":"","overlay-type":"","overlay-color":"","overlay-opacity":"","overlay-gradient":""},"tablet":{"background-color":"var(--ast-global-color-5)","background-image":"","background-repeat":"repeat","background-position":"center center","background-size":"auto","background-attachment":"scroll","background-type":"","background-media":"","overlay-type":"","overlay-color":"","overlay-opacity":"","overlay-gradient":""},"mobile":{"background-color":"var(--ast-global-color-5)","background-image":"","background-repeat":"repeat","background-position":"center center","background-size":"auto","background-attachment":"scroll","background-type":"","background-media":"","overlay-type":"","overlay-color":"","overlay-opacity":"","overlay-gradient":""}}},"product_brand":[],"product_cat":[184,176,180,15,24,116,118,146,164,162,160],"product_tag":[],"class_list":{"0":"post-9803","1":"product","2":"type-product","3":"status-publish","4":"has-post-thumbnail","6":"product_cat-darila-za-bozic-za-moske","7":"product_cat-za-moske","8":"product_cat-darila-za-valentinovo-za-moske","9":"product_cat-splosna","10":"product_cat-moski","11":"product_cat-darila-za-moske","12":"product_cat-darila-za-fanta","13":"product_cat-priloznosti","14":"product_cat-darila-za-rojstni-dan","15":"product_cat-darila-za-valentinovo","16":"product_cat-darila-za-bozic","17":"desktop-align-left","18":"tablet-align-left","19":"mobile-align-left","21":"first","22":"instock","23":"featured","24":"taxable","25":"shipping-taxable","26":"purchasable","27":"product-type-variable"},"yoast_head":"<!-- This site is optimized with the Yoast SEO plugin v25.2 - https:\/\/yoast.com\/wordpress\/plugins\/seo\/ -->\n<title>Komplet za nego brade | Mo\u0161ka toaletna torbica | Le Boxi<\/title>\n<meta name=\"description\" content=\"Ta komplet za nego brade vsebuje kakovostno usnjeno torbico ter celoten set za nego brade. Da bo darilo popolno lahko torbico tudi personalizirate.\" \/>\n<meta name=\"robots\" content=\"index, follow, max-snippet:-1, max-image-preview:large, max-video-preview:-1\" \/>\n<link rel=\"canonical\" href=\"http:\/\/staging.leboxi.eu\/sl\/izdelek\/komplet-za-nego-brade\/\" \/>\n<meta property=\"og:locale\" content=\"sl_SI\" \/>\n<meta property=\"og:type\" content=\"article\" \/>\n<meta property=\"og:title\" content=\"Komplet za nego brade | Mo\u0161ka toaletna torbica | Le Boxi\" \/>\n<meta property=\"og:description\" content=\"Ta komplet za nego brade vsebuje kakovostno usnjeno torbico ter celoten set za nego brade. Da bo darilo popolno lahko torbico tudi personalizirate.\" \/>\n<meta property=\"og:url\" content=\"http:\/\/staging.leboxi.eu\/sl\/izdelek\/komplet-za-nego-brade\/\" \/>\n<meta property=\"og:site_name\" content=\"Le Boxi | Unikatna darila za vsakogar\" \/>\n<meta property=\"article:publisher\" content=\"https:\/\/www.facebook.com\/leboxi.eu\" \/>\n<meta property=\"article:modified_time\" content=\"2025-04-07T19:54:14+00:00\" \/>\n<meta property=\"og:image\" content=\"http:\/\/staging.leboxi.eu\/wp-content\/uploads\/2022\/10\/DSC0282.jpg\" \/>\n\t<meta property=\"og:image:width\" content=\"1000\" \/>\n\t<meta property=\"og:image:height\" content=\"1000\" \/>\n\t<meta property=\"og:image:type\" content=\"image\/jpeg\" \/>\n<meta name=\"twitter:card\" content=\"summary_large_image\" \/>\n<meta name=\"twitter:label1\" content=\"Est. reading time\" \/>\n\t<meta name=\"twitter:data1\" content=\"2 minuti\" \/>\n<script type=\"application\/ld+json\" class=\"yoast-schema-graph\">{\"@context\":\"https:\/\/schema.org\",\"@graph\":[{\"@type\":\"WebPage\",\"@id\":\"http:\/\/staging.leboxi.eu\/sl\/izdelek\/komplet-za-nego-brade\/\",\"url\":\"http:\/\/staging.leboxi.eu\/sl\/izdelek\/komplet-za-nego-brade\/\",\"name\":\"Komplet za nego brade | Mo\u0161ka toaletna torbica | Le Boxi\",\"isPartOf\":{\"@id\":\"http:\/\/staging.leboxi.eu\/sl\/#website\"},\"primaryImageOfPage\":{\"@id\":\"http:\/\/staging.leboxi.eu\/sl\/izdelek\/komplet-za-nego-brade\/#primaryimage\"},\"image\":{\"@id\":\"http:\/\/staging.leboxi.eu\/sl\/izdelek\/komplet-za-nego-brade\/#primaryimage\"},\"thumbnailUrl\":\"http:\/\/staging.leboxi.eu\/wp-content\/uploads\/2022\/10\/DSC0282.jpg\",\"datePublished\":\"2022-10-15T18:35:53+00:00\",\"dateModified\":\"2025-04-07T19:54:14+00:00\",\"description\":\"Ta komplet za nego brade vsebuje kakovostno usnjeno torbico ter celoten set za nego brade. Da bo darilo popolno lahko torbico tudi personalizirate.\",\"breadcrumb\":{\"@id\":\"http:\/\/staging.leboxi.eu\/sl\/izdelek\/komplet-za-nego-brade\/#breadcrumb\"},\"inLanguage\":\"sl-SI\",\"potentialAction\":[{\"@type\":\"ReadAction\",\"target\":[\"http:\/\/staging.leboxi.eu\/sl\/izdelek\/komplet-za-nego-brade\/\"]}]},{\"@type\":\"ImageObject\",\"inLanguage\":\"sl-SI\",\"@id\":\"http:\/\/staging.leboxi.eu\/sl\/izdelek\/komplet-za-nego-brade\/#primaryimage\",\"url\":\"http:\/\/staging.leboxi.eu\/wp-content\/uploads\/2022\/10\/DSC0282.jpg\",\"contentUrl\":\"http:\/\/staging.leboxi.eu\/wp-content\/uploads\/2022\/10\/DSC0282.jpg\",\"width\":1000,\"height\":1000,\"caption\":\"usnjena toaletna torbica in set za nego brade\"},{\"@type\":\"BreadcrumbList\",\"@id\":\"http:\/\/staging.leboxi.eu\/sl\/izdelek\/komplet-za-nego-brade\/#breadcrumb\",\"itemListElement\":[{\"@type\":\"ListItem\",\"position\":1,\"name\":\"Doma\",\"item\":\"http:\/\/staging.leboxi.eu\/sl\/\"},{\"@type\":\"ListItem\",\"position\":2,\"name\":\"Trgovina\",\"item\":\"http:\/\/staging.leboxi.eu\/sl\/trgovina\/\"},{\"@type\":\"ListItem\",\"position\":3,\"name\":\"Komplet za nego brade\"}]},{\"@type\":\"WebSite\",\"@id\":\"http:\/\/staging.leboxi.eu\/sl\/#website\",\"url\":\"http:\/\/staging.leboxi.eu\/sl\/\",\"name\":\"Le Boxi | Unikatna darila za vsakogar\",\"description\":\"Unikatna darila in darilne \u0161katle za vse prilo\u017enosti.\",\"publisher\":{\"@id\":\"http:\/\/staging.leboxi.eu\/sl\/#organization\"},\"potentialAction\":[{\"@type\":\"SearchAction\",\"target\":{\"@type\":\"EntryPoint\",\"urlTemplate\":\"http:\/\/staging.leboxi.eu\/sl\/?s={search_term_string}\"},\"query-input\":{\"@type\":\"PropertyValueSpecification\",\"valueRequired\":true,\"valueName\":\"search_term_string\"}}],\"inLanguage\":\"sl-SI\"},{\"@type\":\"Organization\",\"@id\":\"http:\/\/staging.leboxi.eu\/sl\/#organization\",\"name\":\"LE BOXI\",\"url\":\"http:\/\/staging.leboxi.eu\/sl\/\",\"logo\":{\"@type\":\"ImageObject\",\"inLanguage\":\"sl-SI\",\"@id\":\"http:\/\/staging.leboxi.eu\/sl\/#\/schema\/logo\/image\/\",\"url\":\"http:\/\/staging.leboxi.eu\/wp-content\/uploads\/2021\/02\/LeBoxi-manjsi-png.png\",\"contentUrl\":\"http:\/\/staging.leboxi.eu\/wp-content\/uploads\/2021\/02\/LeBoxi-manjsi-png.png\",\"width\":389,\"height\":164,\"caption\":\"LE BOXI\"},\"image\":{\"@id\":\"http:\/\/staging.leboxi.eu\/sl\/#\/schema\/logo\/image\/\"},\"sameAs\":[\"https:\/\/www.facebook.com\/leboxi.eu\",\"https:\/\/www.instagram.com\/le.boxi\/\"]}]}<\/script>\n<!-- \/ Yoast SEO plugin. -->","yoast_head_json":{"title":"Komplet za nego brade | Mo\u0161ka toaletna torbica | Le Boxi","description":"Ta komplet za nego brade vsebuje kakovostno usnjeno torbico ter celoten set za nego brade. Da bo darilo popolno lahko torbico tudi personalizirate.","robots":{"index":"index","follow":"follow","max-snippet":"max-snippet:-1","max-image-preview":"max-image-preview:large","max-video-preview":"max-video-preview:-1"},"canonical":"http:\/\/staging.leboxi.eu\/sl\/izdelek\/komplet-za-nego-brade\/","og_locale":"sl_SI","og_type":"article","og_title":"Komplet za nego brade | Mo\u0161ka toaletna torbica | Le Boxi","og_description":"Ta komplet za nego brade vsebuje kakovostno usnjeno torbico ter celoten set za nego brade. Da bo darilo popolno lahko torbico tudi personalizirate.","og_url":"http:\/\/staging.leboxi.eu\/sl\/izdelek\/komplet-za-nego-brade\/","og_site_name":"Le Boxi | Unikatna darila za vsakogar","article_publisher":"https:\/\/www.facebook.com\/leboxi.eu","article_modified_time":"2025-04-07T19:54:14+00:00","og_image":[{"width":1000,"height":1000,"url":"http:\/\/staging.leboxi.eu\/wp-content\/uploads\/2022\/10\/DSC0282.jpg","type":"image\/jpeg"}],"twitter_card":"summary_large_image","twitter_misc":{"Est. reading time":"2 minuti"},"schema":{"@context":"https:\/\/schema.org","@graph":[{"@type":"WebPage","@id":"http:\/\/staging.leboxi.eu\/sl\/izdelek\/komplet-za-nego-brade\/","url":"http:\/\/staging.leboxi.eu\/sl\/izdelek\/komplet-za-nego-brade\/","name":"Komplet za nego brade | Mo\u0161ka toaletna torbica | Le Boxi","isPartOf":{"@id":"http:\/\/staging.leboxi.eu\/sl\/#website"},"primaryImageOfPage":{"@id":"http:\/\/staging.leboxi.eu\/sl\/izdelek\/komplet-za-nego-brade\/#primaryimage"},"image":{"@id":"http:\/\/staging.leboxi.eu\/sl\/izdelek\/komplet-za-nego-brade\/#primaryimage"},"thumbnailUrl":"http:\/\/staging.leboxi.eu\/wp-content\/uploads\/2022\/10\/DSC0282.jpg","datePublished":"2022-10-15T18:35:53+00:00","dateModified":"2025-04-07T19:54:14+00:00","description":"Ta komplet za nego brade vsebuje kakovostno usnjeno torbico ter celoten set za nego brade. Da bo darilo popolno lahko torbico tudi personalizirate.","breadcrumb":{"@id":"http:\/\/staging.leboxi.eu\/sl\/izdelek\/komplet-za-nego-brade\/#breadcrumb"},"inLanguage":"sl-SI","potentialAction":[{"@type":"ReadAction","target":["http:\/\/staging.leboxi.eu\/sl\/izdelek\/komplet-za-nego-brade\/"]}]},{"@type":"ImageObject","inLanguage":"sl-SI","@id":"http:\/\/staging.leboxi.eu\/sl\/izdelek\/komplet-za-nego-brade\/#primaryimage","url":"http:\/\/staging.leboxi.eu\/wp-content\/uploads\/2022\/10\/DSC0282.jpg","contentUrl":"http:\/\/staging.leboxi.eu\/wp-content\/uploads\/2022\/10\/DSC0282.jpg","width":1000,"height":1000,"caption":"usnjena toaletna torbica in set za nego brade"},{"@type":"BreadcrumbList","@id":"http:\/\/staging.leboxi.eu\/sl\/izdelek\/komplet-za-nego-brade\/#breadcrumb","itemListElement":[{"@type":"ListItem","position":1,"name":"Doma","item":"http:\/\/staging.leboxi.eu\/sl\/"},{"@type":"ListItem","position":2,"name":"Trgovina","item":"http:\/\/staging.leboxi.eu\/sl\/trgovina\/"},{"@type":"ListItem","position":3,"name":"Komplet za nego brade"}]},{"@type":"WebSite","@id":"http:\/\/staging.leboxi.eu\/sl\/#website","url":"http:\/\/staging.leboxi.eu\/sl\/","name":"Le Boxi | Unikatna darila za vsakogar","description":"Unikatna darila in darilne \u0161katle za vse prilo\u017enosti.","publisher":{"@id":"http:\/\/staging.leboxi.eu\/sl\/#organization"},"potentialAction":[{"@type":"SearchAction","target":{"@type":"EntryPoint","urlTemplate":"http:\/\/staging.leboxi.eu\/sl\/?s={search_term_string}"},"query-input":{"@type":"PropertyValueSpecification","valueRequired":true,"valueName":"search_term_string"}}],"inLanguage":"sl-SI"},{"@type":"Organization","@id":"http:\/\/staging.leboxi.eu\/sl\/#organization","name":"LE BOXI","url":"http:\/\/staging.leboxi.eu\/sl\/","logo":{"@type":"ImageObject","inLanguage":"sl-SI","@id":"http:\/\/staging.leboxi.eu\/sl\/#\/schema\/logo\/image\/","url":"http:\/\/staging.leboxi.eu\/wp-content\/uploads\/2021\/02\/LeBoxi-manjsi-png.png","contentUrl":"http:\/\/staging.leboxi.eu\/wp-content\/uploads\/2021\/02\/LeBoxi-manjsi-png.png","width":389,"height":164,"caption":"LE BOXI"},"image":{"@id":"http:\/\/staging.leboxi.eu\/sl\/#\/schema\/logo\/image\/"},"sameAs":["https:\/\/www.facebook.com\/leboxi.eu","https:\/\/www.instagram.com\/le.boxi\/"]}]}},"_links":{"self":[{"href":"http:\/\/staging.leboxi.eu\/sl\/wp-json\/wp\/v2\/product\/9803","targetHints":{"allow":["GET"]}}],"collection":[{"href":"http:\/\/staging.leboxi.eu\/sl\/wp-json\/wp\/v2\/product"}],"about":[{"href":"http:\/\/staging.leboxi.eu\/sl\/wp-json\/wp\/v2\/types\/product"}],"replies":[{"embeddable":true,"href":"http:\/\/staging.leboxi.eu\/sl\/wp-json\/wp\/v2\/comments?post=9803"}],"version-history":[{"count":4,"href":"http:\/\/staging.leboxi.eu\/sl\/wp-json\/wp\/v2\/product\/9803\/revisions"}],"predecessor-version":[{"id":15039,"href":"http:\/\/staging.leboxi.eu\/sl\/wp-json\/wp\/v2\/product\/9803\/revisions\/15039"}],"wp:featuredmedia":[{"embeddable":true,"href":"http:\/\/staging.leboxi.eu\/sl\/wp-json\/wp\/v2\/media\/9778"}],"wp:attachment":[{"href":"http:\/\/staging.leboxi.eu\/sl\/wp-json\/wp\/v2\/media?parent=9803"}],"wp:term":[{"taxonomy":"product_brand","embeddable":true,"href":"http:\/\/staging.leboxi.eu\/sl\/wp-json\/wp\/v2\/product_brand?post=9803"},{"taxonomy":"product_cat","embeddable":true,"href":"http:\/\/staging.leboxi.eu\/sl\/wp-json\/wp\/v2\/product_cat?post=9803"},{"taxonomy":"product_tag","embeddable":true,"href":"http:\/\/staging.leboxi.eu\/sl\/wp-json\/wp\/v2\/product_tag?post=9803"}],"curies":[{"name":"wp","href":"https:\/\/api.w.org\/{rel}","templated":true}]}}