{"id":8545,"date":"2022-06-24T14:57:53","date_gmt":"2022-06-24T13:57:53","guid":{"rendered":"http:\/\/staging.leboxi.eu\/?post_type=product&#038;p=8545"},"modified":"2025-02-25T09:21:23","modified_gmt":"2025-02-25T08:21:23","slug":"prstan-z-imenom-kopija","status":"publish","type":"product","link":"http:\/\/staging.leboxi.eu\/sl\/izdelek\/prstan-z-imenom-kopija\/","title":{"rendered":"Prstan QUEEN z imenom"},"content":{"rendered":"<p><strong>Prstan QUEEN z imenom<\/strong><\/p>\n<p>Prstan z imenom je unikatno darilo, ki se nikoli ne postara. Lahko izbirate tudi druge barve.<\/p>\n<p>Barva: zlata\/srebrna\/roza zlata<\/p>\n<p>Material: nerjave\u010de kirur\u0161ko jeklo<\/p>\n<p>Obseg: 17 mm (mo\u017enost regulacije obsega)<\/p>\n<p>Ni mo\u017ena personalizacija imen s \u0161umniki.<\/p>\n<p>Prstan z imenom je odli\u010dno presene\u010denje za va\u0161o najdra\u017ejo. Prstan je iz nerjave\u010dega kirur\u0161kega jekla. \u010ce bi radi prstan podarili kot darilo vam ga lahko zapakiramo v li\u010dno darilno \u0161katlico<\/p>\n<p>Priporo\u010dila za uporabo: Priporo\u010damo, da nakit odstranite pred kopanjem\/tu\u0161iranjem, med spanjem ter pri \u0161portnih dejavnostih, da se ne bo po\u0161kodovalo in ostalo \u010dim bolj sijajno dalj \u010dasa. Nakit ne pu\u0161\u010da made\u017eev, se ne razbarva, ne obarva ko\u017ee zeleno ter je vodoodporno.<\/p>\n<p><strong>Celoten proces izdelave personalizirane veri\u017eice ter dostave na va\u0161 naslov traja 20 &#8211; 30 dni. Veri\u017eica ne bo dostavljena pred tem obdobjem. V primeru, da naro\u010dite \u0161e druge izdelke bodo dostavljeni v lo\u010deni po\u0161iljki. Zaradi trenutnih izrednih razmer na trgu so mo\u017ene zamude pri dostavi.<\/strong><\/p>\n<h6><\/h6>\n<h6>Dodatno:<\/h6>\n<p>Za piko na i lahko svoj darilni set nadgradite z\u00a0<a href=\"http:\/\/staging.leboxi.eu\/blog\/posvetilo-darilni-listki\/\">darilnimi listi\u010di<\/a>\u00a0za izdelavo katerih navodila najdete na na\u0161em blogu.<\/p>\n<p>\u010ce \u017eelite bomo va\u0161e darilo obdarovancu dostavili mi, seveda pa ob dostavi ne bomo prilo\u017eili ra\u010duna. Le-tega boste prejeli vi.<\/p>\n<p>Pri personaliziranih izdelkih kupec <strong>nima pravice<\/strong> do odstopa od nakupne pogodbe. V praksi to pomeni, da za vse izdelke, ki so narejeni po \u017eelji kupca, potro\u0161nik ne vra\u010da izdelka, je pa zavezan k pla\u010dilu po sklenjeni pogodbi. Ponudnik ne odgovarja za nepravilno izbrane mo\u017enosti (npr. napa\u010dno izbranega tipa personaliziranega izdelka, napa\u010dna izbira vzorca personalizacije, napake \u010drkovanja, napake datuma ipd.) personalizacije pri nakupu.<\/p>\n<p>&nbsp;<\/p>\n","protected":false},"excerpt":{"rendered":"<p>Eleganten prstan QUEEN s personaliziranim imenom je unikat. Prstan je izdelan iz kirur\u0161kega nerjave\u010dega jekla. Izberete lahko med zlato, srebrno in roza zlato barvo.<\/p>\n<p>Dodatne informacije:<\/p>\n<ul>\n<li>Premer: 17 mm (mo\u017enost regulacije premera)<\/li>\n<li>Material: Nerjave\u010de kirur\u0161ko jeklo<\/li>\n<li>Zunanji sloj je dodatno pozla\u010den 14K oz. posrebren (odvisno od izbire)<\/li>\n<li>100% hipoalergena, 100% ne pu\u0161\u010da made\u017eev na ko\u017ei,<\/li>\n<li><strong>\u010cas dostave: 20- 30 dni (\u010das izdelave + dostava)<\/strong><\/li>\n<\/ul>\n<p>\u010ce bi radi prstan podarili kot darilo vam jo lahko zapakiramo v li\u010dno darilno \u0161katlico. Va\u0161e darilo lahko obdarovancu dostavimo mi, seveda pa ob dostavi ne bomo prilo\u017eili ra\u010duna. Le-tega boste prejeli vi.<\/p>\n","protected":false},"featured_media":8565,"comment_status":"open","ping_status":"closed","template":"","meta":{"site-sidebar-layout":"default","site-content-layout":"default","ast-site-content-layout":"default","site-content-style":"default","site-sidebar-style":"default","ast-global-header-display":"","ast-banner-title-visibility":"","ast-main-header-display":"","ast-hfb-above-header-display":"","ast-hfb-below-header-display":"","ast-hfb-mobile-header-display":"","site-post-title":"","ast-breadcrumbs-content":"","ast-featured-img":"","footer-sml-layout":"","theme-transparent-header-meta":"default","adv-header-id-meta":"","stick-header-meta":"","header-above-stick-meta":"","header-main-stick-meta":"","header-below-stick-meta":"","astra-migrate-meta-layouts":"set","ast-page-background-enabled":"default","ast-page-background-meta":{"desktop":{"background-color":"","background-image":"","background-repeat":"repeat","background-position":"center center","background-size":"auto","background-attachment":"scroll","background-type":"","background-media":"","overlay-type":"","overlay-color":"","overlay-opacity":"","overlay-gradient":""},"tablet":{"background-color":"","background-image":"","background-repeat":"repeat","background-position":"center center","background-size":"auto","background-attachment":"scroll","background-type":"","background-media":"","overlay-type":"","overlay-color":"","overlay-opacity":"","overlay-gradient":""},"mobile":{"background-color":"","background-image":"","background-repeat":"repeat","background-position":"center center","background-size":"auto","background-attachment":"scroll","background-type":"","background-media":"","overlay-type":"","overlay-color":"","overlay-opacity":"","overlay-gradient":""}},"ast-content-background-meta":{"desktop":{"background-color":"var(--ast-global-color-5)","background-image":"","background-repeat":"repeat","background-position":"center center","background-size":"auto","background-attachment":"scroll","background-type":"","background-media":"","overlay-type":"","overlay-color":"","overlay-opacity":"","overlay-gradient":""},"tablet":{"background-color":"var(--ast-global-color-5)","background-image":"","background-repeat":"repeat","background-position":"center center","background-size":"auto","background-attachment":"scroll","background-type":"","background-media":"","overlay-type":"","overlay-color":"","overlay-opacity":"","overlay-gradient":""},"mobile":{"background-color":"var(--ast-global-color-5)","background-image":"","background-repeat":"repeat","background-position":"center center","background-size":"auto","background-attachment":"scroll","background-type":"","background-media":"","overlay-type":"","overlay-color":"","overlay-opacity":"","overlay-gradient":""}}},"product_brand":[],"product_cat":[186,178,182,319,313,15,27,122,126,130,148,170,146,164,162,160,156,154],"product_tag":[],"class_list":{"0":"post-8545","1":"product","2":"type-product","3":"status-publish","4":"has-post-thumbnail","6":"product_cat-darila-za-bozic-za-zenske","7":"product_cat-za-zenske","8":"product_cat-darila-za-valentinovo-za-zenske","9":"product_cat-spomladanska-razprodaja","10":"product_cat-zimska-razprodaja","11":"product_cat-splosna","12":"product_cat-zenske","13":"product_cat-darila-za-zenske","14":"product_cat-darila-za-mamo","15":"product_cat-darila-za-punco","16":"product_cat-darila-za-prijateljico","17":"product_cat-nakit","18":"product_cat-priloznosti","19":"product_cat-darila-za-rojstni-dan","20":"product_cat-darila-za-valentinovo","21":"product_cat-darila-za-bozic","22":"product_cat-darila-za-dan-zena","23":"product_cat-darila-za-materinski-dan","24":"pa_nakit-roza-zlato","25":"pa_nakit-roza-zlato-darilno","26":"pa_nakit-srebrno","27":"pa_nakit-srebrno-darilno","28":"pa_nakit-zlato","29":"pa_nakit-zlato-darilno","30":"desktop-align-left","31":"tablet-align-left","32":"mobile-align-left","34":"first","35":"instock","36":"sale","37":"featured","38":"taxable","39":"shipping-taxable","40":"purchasable","41":"product-type-variable"},"yoast_head":"<!-- This site is optimized with the Yoast SEO plugin v25.2 - https:\/\/yoast.com\/wordpress\/plugins\/seo\/ -->\n<title>Prstan z imenom | Personalizirana veri\u017eica | Le Boxi<\/title>\n<meta name=\"description\" content=\"Eleganten prstan z imenom. Mo\u017enost zlate, srebrne oz. roza zlate barve. Odli\u010dno darilo zase oz. na\u0161e najbli\u017eje.\" \/>\n<meta name=\"robots\" content=\"index, follow, max-snippet:-1, max-image-preview:large, max-video-preview:-1\" \/>\n<link rel=\"canonical\" href=\"http:\/\/staging.leboxi.eu\/sl\/izdelek\/prstan-z-imenom-kopija\/\" \/>\n<meta property=\"og:locale\" content=\"sl_SI\" \/>\n<meta property=\"og:type\" content=\"article\" \/>\n<meta property=\"og:title\" content=\"Prstan z imenom | Personalizirana veri\u017eica | Le Boxi\" \/>\n<meta property=\"og:description\" content=\"Eleganten prstan z imenom. Mo\u017enost zlate, srebrne oz. roza zlate barve. Odli\u010dno darilo zase oz. na\u0161e najbli\u017eje.\" \/>\n<meta property=\"og:url\" content=\"http:\/\/staging.leboxi.eu\/sl\/izdelek\/prstan-z-imenom-kopija\/\" \/>\n<meta property=\"og:site_name\" content=\"Le Boxi | Unikatna darila za vsakogar\" \/>\n<meta property=\"article:publisher\" content=\"https:\/\/www.facebook.com\/leboxi.eu\" \/>\n<meta property=\"article:modified_time\" content=\"2025-02-25T08:21:23+00:00\" \/>\n<meta property=\"og:image\" content=\"http:\/\/staging.leboxi.eu\/wp-content\/uploads\/2022\/06\/prstan-z-imenom-zlato-min.png\" \/>\n\t<meta property=\"og:image:width\" content=\"790\" \/>\n\t<meta property=\"og:image:height\" content=\"788\" \/>\n\t<meta property=\"og:image:type\" content=\"image\/png\" \/>\n<meta name=\"twitter:card\" content=\"summary_large_image\" \/>\n<meta name=\"twitter:label1\" content=\"Est. reading time\" \/>\n\t<meta name=\"twitter:data1\" content=\"2 minuti\" \/>\n<script type=\"application\/ld+json\" class=\"yoast-schema-graph\">{\"@context\":\"https:\/\/schema.org\",\"@graph\":[{\"@type\":\"WebPage\",\"@id\":\"http:\/\/staging.leboxi.eu\/sl\/izdelek\/prstan-z-imenom-kopija\/\",\"url\":\"http:\/\/staging.leboxi.eu\/sl\/izdelek\/prstan-z-imenom-kopija\/\",\"name\":\"Prstan z imenom | Personalizirana veri\u017eica | Le Boxi\",\"isPartOf\":{\"@id\":\"http:\/\/staging.leboxi.eu\/sl\/#website\"},\"primaryImageOfPage\":{\"@id\":\"http:\/\/staging.leboxi.eu\/sl\/izdelek\/prstan-z-imenom-kopija\/#primaryimage\"},\"image\":{\"@id\":\"http:\/\/staging.leboxi.eu\/sl\/izdelek\/prstan-z-imenom-kopija\/#primaryimage\"},\"thumbnailUrl\":\"http:\/\/staging.leboxi.eu\/wp-content\/uploads\/2022\/06\/prstan-z-imenom-zlato-min.png\",\"datePublished\":\"2022-06-24T13:57:53+00:00\",\"dateModified\":\"2025-02-25T08:21:23+00:00\",\"description\":\"Eleganten prstan z imenom. Mo\u017enost zlate, srebrne oz. roza zlate barve. Odli\u010dno darilo zase oz. na\u0161e najbli\u017eje.\",\"breadcrumb\":{\"@id\":\"http:\/\/staging.leboxi.eu\/sl\/izdelek\/prstan-z-imenom-kopija\/#breadcrumb\"},\"inLanguage\":\"sl-SI\",\"potentialAction\":[{\"@type\":\"ReadAction\",\"target\":[\"http:\/\/staging.leboxi.eu\/sl\/izdelek\/prstan-z-imenom-kopija\/\"]}]},{\"@type\":\"ImageObject\",\"inLanguage\":\"sl-SI\",\"@id\":\"http:\/\/staging.leboxi.eu\/sl\/izdelek\/prstan-z-imenom-kopija\/#primaryimage\",\"url\":\"http:\/\/staging.leboxi.eu\/wp-content\/uploads\/2022\/06\/prstan-z-imenom-zlato-min.png\",\"contentUrl\":\"http:\/\/staging.leboxi.eu\/wp-content\/uploads\/2022\/06\/prstan-z-imenom-zlato-min.png\",\"width\":790,\"height\":788,\"caption\":\"prstan zlate barve z personaliziranim imenom\"},{\"@type\":\"BreadcrumbList\",\"@id\":\"http:\/\/staging.leboxi.eu\/sl\/izdelek\/prstan-z-imenom-kopija\/#breadcrumb\",\"itemListElement\":[{\"@type\":\"ListItem\",\"position\":1,\"name\":\"Doma\",\"item\":\"http:\/\/staging.leboxi.eu\/sl\/\"},{\"@type\":\"ListItem\",\"position\":2,\"name\":\"Trgovina\",\"item\":\"http:\/\/staging.leboxi.eu\/sl\/trgovina\/\"},{\"@type\":\"ListItem\",\"position\":3,\"name\":\"Prstan QUEEN z imenom\"}]},{\"@type\":\"WebSite\",\"@id\":\"http:\/\/staging.leboxi.eu\/sl\/#website\",\"url\":\"http:\/\/staging.leboxi.eu\/sl\/\",\"name\":\"Le Boxi | Unikatna darila za vsakogar\",\"description\":\"Unikatna darila in darilne \u0161katle za vse prilo\u017enosti.\",\"publisher\":{\"@id\":\"http:\/\/staging.leboxi.eu\/sl\/#organization\"},\"potentialAction\":[{\"@type\":\"SearchAction\",\"target\":{\"@type\":\"EntryPoint\",\"urlTemplate\":\"http:\/\/staging.leboxi.eu\/sl\/?s={search_term_string}\"},\"query-input\":{\"@type\":\"PropertyValueSpecification\",\"valueRequired\":true,\"valueName\":\"search_term_string\"}}],\"inLanguage\":\"sl-SI\"},{\"@type\":\"Organization\",\"@id\":\"http:\/\/staging.leboxi.eu\/sl\/#organization\",\"name\":\"LE BOXI\",\"url\":\"http:\/\/staging.leboxi.eu\/sl\/\",\"logo\":{\"@type\":\"ImageObject\",\"inLanguage\":\"sl-SI\",\"@id\":\"http:\/\/staging.leboxi.eu\/sl\/#\/schema\/logo\/image\/\",\"url\":\"http:\/\/staging.leboxi.eu\/wp-content\/uploads\/2021\/02\/LeBoxi-manjsi-png.png\",\"contentUrl\":\"http:\/\/staging.leboxi.eu\/wp-content\/uploads\/2021\/02\/LeBoxi-manjsi-png.png\",\"width\":389,\"height\":164,\"caption\":\"LE BOXI\"},\"image\":{\"@id\":\"http:\/\/staging.leboxi.eu\/sl\/#\/schema\/logo\/image\/\"},\"sameAs\":[\"https:\/\/www.facebook.com\/leboxi.eu\",\"https:\/\/www.instagram.com\/le.boxi\/\"]}]}<\/script>\n<!-- \/ Yoast SEO plugin. -->","yoast_head_json":{"title":"Prstan z imenom | Personalizirana veri\u017eica | Le Boxi","description":"Eleganten prstan z imenom. Mo\u017enost zlate, srebrne oz. roza zlate barve. Odli\u010dno darilo zase oz. na\u0161e najbli\u017eje.","robots":{"index":"index","follow":"follow","max-snippet":"max-snippet:-1","max-image-preview":"max-image-preview:large","max-video-preview":"max-video-preview:-1"},"canonical":"http:\/\/staging.leboxi.eu\/sl\/izdelek\/prstan-z-imenom-kopija\/","og_locale":"sl_SI","og_type":"article","og_title":"Prstan z imenom | Personalizirana veri\u017eica | Le Boxi","og_description":"Eleganten prstan z imenom. Mo\u017enost zlate, srebrne oz. roza zlate barve. Odli\u010dno darilo zase oz. na\u0161e najbli\u017eje.","og_url":"http:\/\/staging.leboxi.eu\/sl\/izdelek\/prstan-z-imenom-kopija\/","og_site_name":"Le Boxi | Unikatna darila za vsakogar","article_publisher":"https:\/\/www.facebook.com\/leboxi.eu","article_modified_time":"2025-02-25T08:21:23+00:00","og_image":[{"width":790,"height":788,"url":"http:\/\/staging.leboxi.eu\/wp-content\/uploads\/2022\/06\/prstan-z-imenom-zlato-min.png","type":"image\/png"}],"twitter_card":"summary_large_image","twitter_misc":{"Est. reading time":"2 minuti"},"schema":{"@context":"https:\/\/schema.org","@graph":[{"@type":"WebPage","@id":"http:\/\/staging.leboxi.eu\/sl\/izdelek\/prstan-z-imenom-kopija\/","url":"http:\/\/staging.leboxi.eu\/sl\/izdelek\/prstan-z-imenom-kopija\/","name":"Prstan z imenom | Personalizirana veri\u017eica | Le Boxi","isPartOf":{"@id":"http:\/\/staging.leboxi.eu\/sl\/#website"},"primaryImageOfPage":{"@id":"http:\/\/staging.leboxi.eu\/sl\/izdelek\/prstan-z-imenom-kopija\/#primaryimage"},"image":{"@id":"http:\/\/staging.leboxi.eu\/sl\/izdelek\/prstan-z-imenom-kopija\/#primaryimage"},"thumbnailUrl":"http:\/\/staging.leboxi.eu\/wp-content\/uploads\/2022\/06\/prstan-z-imenom-zlato-min.png","datePublished":"2022-06-24T13:57:53+00:00","dateModified":"2025-02-25T08:21:23+00:00","description":"Eleganten prstan z imenom. Mo\u017enost zlate, srebrne oz. roza zlate barve. Odli\u010dno darilo zase oz. na\u0161e najbli\u017eje.","breadcrumb":{"@id":"http:\/\/staging.leboxi.eu\/sl\/izdelek\/prstan-z-imenom-kopija\/#breadcrumb"},"inLanguage":"sl-SI","potentialAction":[{"@type":"ReadAction","target":["http:\/\/staging.leboxi.eu\/sl\/izdelek\/prstan-z-imenom-kopija\/"]}]},{"@type":"ImageObject","inLanguage":"sl-SI","@id":"http:\/\/staging.leboxi.eu\/sl\/izdelek\/prstan-z-imenom-kopija\/#primaryimage","url":"http:\/\/staging.leboxi.eu\/wp-content\/uploads\/2022\/06\/prstan-z-imenom-zlato-min.png","contentUrl":"http:\/\/staging.leboxi.eu\/wp-content\/uploads\/2022\/06\/prstan-z-imenom-zlato-min.png","width":790,"height":788,"caption":"prstan zlate barve z personaliziranim imenom"},{"@type":"BreadcrumbList","@id":"http:\/\/staging.leboxi.eu\/sl\/izdelek\/prstan-z-imenom-kopija\/#breadcrumb","itemListElement":[{"@type":"ListItem","position":1,"name":"Doma","item":"http:\/\/staging.leboxi.eu\/sl\/"},{"@type":"ListItem","position":2,"name":"Trgovina","item":"http:\/\/staging.leboxi.eu\/sl\/trgovina\/"},{"@type":"ListItem","position":3,"name":"Prstan QUEEN z imenom"}]},{"@type":"WebSite","@id":"http:\/\/staging.leboxi.eu\/sl\/#website","url":"http:\/\/staging.leboxi.eu\/sl\/","name":"Le Boxi | Unikatna darila za vsakogar","description":"Unikatna darila in darilne \u0161katle za vse prilo\u017enosti.","publisher":{"@id":"http:\/\/staging.leboxi.eu\/sl\/#organization"},"potentialAction":[{"@type":"SearchAction","target":{"@type":"EntryPoint","urlTemplate":"http:\/\/staging.leboxi.eu\/sl\/?s={search_term_string}"},"query-input":{"@type":"PropertyValueSpecification","valueRequired":true,"valueName":"search_term_string"}}],"inLanguage":"sl-SI"},{"@type":"Organization","@id":"http:\/\/staging.leboxi.eu\/sl\/#organization","name":"LE BOXI","url":"http:\/\/staging.leboxi.eu\/sl\/","logo":{"@type":"ImageObject","inLanguage":"sl-SI","@id":"http:\/\/staging.leboxi.eu\/sl\/#\/schema\/logo\/image\/","url":"http:\/\/staging.leboxi.eu\/wp-content\/uploads\/2021\/02\/LeBoxi-manjsi-png.png","contentUrl":"http:\/\/staging.leboxi.eu\/wp-content\/uploads\/2021\/02\/LeBoxi-manjsi-png.png","width":389,"height":164,"caption":"LE BOXI"},"image":{"@id":"http:\/\/staging.leboxi.eu\/sl\/#\/schema\/logo\/image\/"},"sameAs":["https:\/\/www.facebook.com\/leboxi.eu","https:\/\/www.instagram.com\/le.boxi\/"]}]}},"_links":{"self":[{"href":"http:\/\/staging.leboxi.eu\/sl\/wp-json\/wp\/v2\/product\/8545","targetHints":{"allow":["GET"]}}],"collection":[{"href":"http:\/\/staging.leboxi.eu\/sl\/wp-json\/wp\/v2\/product"}],"about":[{"href":"http:\/\/staging.leboxi.eu\/sl\/wp-json\/wp\/v2\/types\/product"}],"replies":[{"embeddable":true,"href":"http:\/\/staging.leboxi.eu\/sl\/wp-json\/wp\/v2\/comments?post=8545"}],"version-history":[{"count":2,"href":"http:\/\/staging.leboxi.eu\/sl\/wp-json\/wp\/v2\/product\/8545\/revisions"}],"predecessor-version":[{"id":8576,"href":"http:\/\/staging.leboxi.eu\/sl\/wp-json\/wp\/v2\/product\/8545\/revisions\/8576"}],"wp:featuredmedia":[{"embeddable":true,"href":"http:\/\/staging.leboxi.eu\/sl\/wp-json\/wp\/v2\/media\/8565"}],"wp:attachment":[{"href":"http:\/\/staging.leboxi.eu\/sl\/wp-json\/wp\/v2\/media?parent=8545"}],"wp:term":[{"taxonomy":"product_brand","embeddable":true,"href":"http:\/\/staging.leboxi.eu\/sl\/wp-json\/wp\/v2\/product_brand?post=8545"},{"taxonomy":"product_cat","embeddable":true,"href":"http:\/\/staging.leboxi.eu\/sl\/wp-json\/wp\/v2\/product_cat?post=8545"},{"taxonomy":"product_tag","embeddable":true,"href":"http:\/\/staging.leboxi.eu\/sl\/wp-json\/wp\/v2\/product_tag?post=8545"}],"curies":[{"name":"wp","href":"https:\/\/api.w.org\/{rel}","templated":true}]}}