{"id":5999,"date":"2022-01-27T18:01:52","date_gmt":"2022-01-27T17:01:52","guid":{"rendered":"http:\/\/staging.leboxi.eu\/?post_type=product&#038;p=5999"},"modified":"2025-01-26T16:43:52","modified_gmt":"2025-01-26T15:43:52","slug":"kozarci-iz-himalajske-soli","status":"publish","type":"product","link":"http:\/\/staging.leboxi.eu\/sl\/izdelek\/kozarci-iz-himalajske-soli\/","title":{"rendered":"Kozarci iz himalajske soli"},"content":{"rendered":"<h4>Set kozarcev iz himalajske soli, za vse ljubitelje tekile in drugih \u017eganih pija\u010d.<\/h4>\n<p>Tej unikatni kozarci iz himalajske soli so postavljeni na lepem lesenem podstavku.<\/p>\n<p>Po vsakem izpitju vsebine, obrnite kozarec ali ga posu\u0161ite s papirnato brisa\u010dko, da prepre\u010dite erodiranje soli. \u010ci\u0161\u010denje: Hitro sperite pod hladno vodo in posu\u0161ite s papirnato brisa\u010dko. Kozarce shranjujte na gladnem in suhem mestu. POZOR: Kozarci iz himalajske soli niso primerni za pranje v pomivalnem stroju.<\/p>\n<p>Dimenzija kozarca: vi\u0161ina:7.5cm, premer:3cm<\/p>\n<p>\u010ce \u017eelite bomo va\u0161e darilo obdarovancu dostavili mi, seveda pa ob dostavi ne bomo prilo\u017eili ra\u010duna. Le-tega boste prejeli vi.<\/p>\n<p>&nbsp;<\/p>\n","protected":false},"excerpt":{"rendered":"<p>Ste tudi vi ljubitelji tekile ali drugih \u017eganih pija\u010d? Tej ro\u010dno narejeni \u017eurerski kozarci iz naravne himalajske soli bodo ob pitju pustili v va\u0161ih ustih prijeten slan priokus. Ta set kozarcev iz himalajske soli prejmete v kompletu z lesenim podstavkom. Vse kar vam sedaj preostane je, da si nato\u010dite kozar\u010dek tekile, na rob zataknete limono in nazdravite. Na zdravje!<\/p>\n<p><iframe width=\"560\" height=\"315\" src=\"https:\/\/www.youtube.com\/embed\/Xh5nx9d73mI?si=oLiwg5ekbKO_77zw\" title=\"YouTube video player\" frameborder=\"0\" allow=\"accelerometer; autoplay; clipboard-write; encrypted-media; gyroscope; picture-in-picture; web-share\" allowfullscreen><\/iframe><\/p>\n<p>\u010ce \u017eelite bomo va\u0161e darilo obdarovancu dostavili mi, seveda pa ob dostavi ne bomo prilo\u017eili ra\u010duna. Le-tega boste prejeli vi.<\/p>\n<p>Podroben opis si lahko preberete spodaj.<\/p>\n","protected":false},"featured_media":6004,"comment_status":"open","ping_status":"closed","template":"","meta":{"site-sidebar-layout":"default","site-content-layout":"default","ast-site-content-layout":"default","site-content-style":"default","site-sidebar-style":"default","ast-global-header-display":"","ast-banner-title-visibility":"","ast-main-header-display":"","ast-hfb-above-header-display":"","ast-hfb-below-header-display":"","ast-hfb-mobile-header-display":"","site-post-title":"","ast-breadcrumbs-content":"","ast-featured-img":"","footer-sml-layout":"","theme-transparent-header-meta":"default","adv-header-id-meta":"","stick-header-meta":"","header-above-stick-meta":"","header-main-stick-meta":"","header-below-stick-meta":"","astra-migrate-meta-layouts":"set","ast-page-background-enabled":"default","ast-page-background-meta":{"desktop":{"background-color":"","background-image":"","background-repeat":"repeat","background-position":"center center","background-size":"auto","background-attachment":"scroll","background-type":"","background-media":"","overlay-type":"","overlay-color":"","overlay-opacity":"","overlay-gradient":""},"tablet":{"background-color":"","background-image":"","background-repeat":"repeat","background-position":"center center","background-size":"auto","background-attachment":"scroll","background-type":"","background-media":"","overlay-type":"","overlay-color":"","overlay-opacity":"","overlay-gradient":""},"mobile":{"background-color":"","background-image":"","background-repeat":"repeat","background-position":"center center","background-size":"auto","background-attachment":"scroll","background-type":"","background-media":"","overlay-type":"","overlay-color":"","overlay-opacity":"","overlay-gradient":""}},"ast-content-background-meta":{"desktop":{"background-color":"var(--ast-global-color-5)","background-image":"","background-repeat":"repeat","background-position":"center center","background-size":"auto","background-attachment":"scroll","background-type":"","background-media":"","overlay-type":"","overlay-color":"","overlay-opacity":"","overlay-gradient":""},"tablet":{"background-color":"var(--ast-global-color-5)","background-image":"","background-repeat":"repeat","background-position":"center center","background-size":"auto","background-attachment":"scroll","background-type":"","background-media":"","overlay-type":"","overlay-color":"","overlay-opacity":"","overlay-gradient":""},"mobile":{"background-color":"var(--ast-global-color-5)","background-image":"","background-repeat":"repeat","background-position":"center center","background-size":"auto","background-attachment":"scroll","background-type":"","background-media":"","overlay-type":"","overlay-color":"","overlay-opacity":"","overlay-gradient":""}}},"product_brand":[],"product_cat":[184,186,176,178,24,116,118,27,122,148,146,164,160],"product_tag":[],"class_list":{"0":"post-5999","1":"product","2":"type-product","3":"status-publish","4":"has-post-thumbnail","6":"product_cat-darila-za-bozic-za-moske","7":"product_cat-darila-za-bozic-za-zenske","8":"product_cat-za-moske","9":"product_cat-za-zenske","10":"product_cat-moski","11":"product_cat-darila-za-moske","12":"product_cat-darila-za-fanta","13":"product_cat-zenske","14":"product_cat-darila-za-zenske","15":"product_cat-darila-za-prijateljico","16":"product_cat-priloznosti","17":"product_cat-darila-za-rojstni-dan","18":"product_cat-darila-za-bozic","19":"desktop-align-left","20":"tablet-align-left","21":"mobile-align-left","23":"first","24":"instock","25":"taxable","26":"shipping-taxable","27":"purchasable","28":"product-type-simple"},"yoast_head":"<!-- This site is optimized with the Yoast SEO plugin v25.2 - https:\/\/yoast.com\/wordpress\/plugins\/seo\/ -->\n<title>Kozarci iz himalajske soli | Unikatna darila | Le Boxi<\/title>\n<meta name=\"description\" content=\"Ste tudi vi ljubitelji tekile ali drugih \u017eganih pija\u010d? Tej kozarci iz naravne himalajske soli ob pitju pustijo prijeten slan priokus.\" \/>\n<meta name=\"robots\" content=\"index, follow, max-snippet:-1, max-image-preview:large, max-video-preview:-1\" \/>\n<link rel=\"canonical\" href=\"http:\/\/staging.leboxi.eu\/sl\/izdelek\/kozarci-iz-himalajske-soli\/\" \/>\n<meta property=\"og:locale\" content=\"sl_SI\" \/>\n<meta property=\"og:type\" content=\"article\" \/>\n<meta property=\"og:title\" content=\"Kozarci iz himalajske soli | Unikatna darila | Le Boxi\" \/>\n<meta property=\"og:description\" content=\"Ste tudi vi ljubitelji tekile ali drugih \u017eganih pija\u010d? Tej kozarci iz naravne himalajske soli ob pitju pustijo prijeten slan priokus.\" \/>\n<meta property=\"og:url\" content=\"http:\/\/staging.leboxi.eu\/sl\/izdelek\/kozarci-iz-himalajske-soli\/\" \/>\n<meta property=\"og:site_name\" content=\"Le Boxi | Unikatna darila za vsakogar\" \/>\n<meta property=\"article:publisher\" content=\"https:\/\/www.facebook.com\/leboxi.eu\" \/>\n<meta property=\"article:modified_time\" content=\"2025-01-26T15:43:52+00:00\" \/>\n<meta property=\"og:image\" content=\"http:\/\/staging.leboxi.eu\/wp-content\/uploads\/2022\/01\/kozarec-himalajska-sol.jpg\" \/>\n\t<meta property=\"og:image:width\" content=\"1022\" \/>\n\t<meta property=\"og:image:height\" content=\"1024\" \/>\n\t<meta property=\"og:image:type\" content=\"image\/jpeg\" \/>\n<meta name=\"twitter:card\" content=\"summary_large_image\" \/>\n<meta name=\"twitter:label1\" content=\"Est. reading time\" \/>\n\t<meta name=\"twitter:data1\" content=\"1 minuta\" \/>\n<script type=\"application\/ld+json\" class=\"yoast-schema-graph\">{\"@context\":\"https:\/\/schema.org\",\"@graph\":[{\"@type\":\"WebPage\",\"@id\":\"http:\/\/staging.leboxi.eu\/sl\/izdelek\/kozarci-iz-himalajske-soli\/\",\"url\":\"http:\/\/staging.leboxi.eu\/sl\/izdelek\/kozarci-iz-himalajske-soli\/\",\"name\":\"Kozarci iz himalajske soli | Unikatna darila | Le Boxi\",\"isPartOf\":{\"@id\":\"http:\/\/staging.leboxi.eu\/sl\/#website\"},\"primaryImageOfPage\":{\"@id\":\"http:\/\/staging.leboxi.eu\/sl\/izdelek\/kozarci-iz-himalajske-soli\/#primaryimage\"},\"image\":{\"@id\":\"http:\/\/staging.leboxi.eu\/sl\/izdelek\/kozarci-iz-himalajske-soli\/#primaryimage\"},\"thumbnailUrl\":\"http:\/\/staging.leboxi.eu\/wp-content\/uploads\/2022\/01\/kozarec-himalajska-sol.jpg\",\"datePublished\":\"2022-01-27T17:01:52+00:00\",\"dateModified\":\"2025-01-26T15:43:52+00:00\",\"description\":\"Ste tudi vi ljubitelji tekile ali drugih \u017eganih pija\u010d? Tej kozarci iz naravne himalajske soli ob pitju pustijo prijeten slan priokus.\",\"breadcrumb\":{\"@id\":\"http:\/\/staging.leboxi.eu\/sl\/izdelek\/kozarci-iz-himalajske-soli\/#breadcrumb\"},\"inLanguage\":\"sl-SI\",\"potentialAction\":[{\"@type\":\"ReadAction\",\"target\":[\"http:\/\/staging.leboxi.eu\/sl\/izdelek\/kozarci-iz-himalajske-soli\/\"]}]},{\"@type\":\"ImageObject\",\"inLanguage\":\"sl-SI\",\"@id\":\"http:\/\/staging.leboxi.eu\/sl\/izdelek\/kozarci-iz-himalajske-soli\/#primaryimage\",\"url\":\"http:\/\/staging.leboxi.eu\/wp-content\/uploads\/2022\/01\/kozarec-himalajska-sol.jpg\",\"contentUrl\":\"http:\/\/staging.leboxi.eu\/wp-content\/uploads\/2022\/01\/kozarec-himalajska-sol.jpg\",\"width\":1022,\"height\":1024,\"caption\":\"Kozarci iz himalajske soli\"},{\"@type\":\"BreadcrumbList\",\"@id\":\"http:\/\/staging.leboxi.eu\/sl\/izdelek\/kozarci-iz-himalajske-soli\/#breadcrumb\",\"itemListElement\":[{\"@type\":\"ListItem\",\"position\":1,\"name\":\"Doma\",\"item\":\"http:\/\/staging.leboxi.eu\/sl\/\"},{\"@type\":\"ListItem\",\"position\":2,\"name\":\"Trgovina\",\"item\":\"http:\/\/staging.leboxi.eu\/sl\/trgovina\/\"},{\"@type\":\"ListItem\",\"position\":3,\"name\":\"Kozarci iz himalajske soli\"}]},{\"@type\":\"WebSite\",\"@id\":\"http:\/\/staging.leboxi.eu\/sl\/#website\",\"url\":\"http:\/\/staging.leboxi.eu\/sl\/\",\"name\":\"Le Boxi | Unikatna darila za vsakogar\",\"description\":\"Unikatna darila in darilne \u0161katle za vse prilo\u017enosti.\",\"publisher\":{\"@id\":\"http:\/\/staging.leboxi.eu\/sl\/#organization\"},\"potentialAction\":[{\"@type\":\"SearchAction\",\"target\":{\"@type\":\"EntryPoint\",\"urlTemplate\":\"http:\/\/staging.leboxi.eu\/sl\/?s={search_term_string}\"},\"query-input\":{\"@type\":\"PropertyValueSpecification\",\"valueRequired\":true,\"valueName\":\"search_term_string\"}}],\"inLanguage\":\"sl-SI\"},{\"@type\":\"Organization\",\"@id\":\"http:\/\/staging.leboxi.eu\/sl\/#organization\",\"name\":\"LE BOXI\",\"url\":\"http:\/\/staging.leboxi.eu\/sl\/\",\"logo\":{\"@type\":\"ImageObject\",\"inLanguage\":\"sl-SI\",\"@id\":\"http:\/\/staging.leboxi.eu\/sl\/#\/schema\/logo\/image\/\",\"url\":\"http:\/\/staging.leboxi.eu\/wp-content\/uploads\/2021\/02\/LeBoxi-manjsi-png.png\",\"contentUrl\":\"http:\/\/staging.leboxi.eu\/wp-content\/uploads\/2021\/02\/LeBoxi-manjsi-png.png\",\"width\":389,\"height\":164,\"caption\":\"LE BOXI\"},\"image\":{\"@id\":\"http:\/\/staging.leboxi.eu\/sl\/#\/schema\/logo\/image\/\"},\"sameAs\":[\"https:\/\/www.facebook.com\/leboxi.eu\",\"https:\/\/www.instagram.com\/le.boxi\/\"]}]}<\/script>\n<!-- \/ Yoast SEO plugin. -->","yoast_head_json":{"title":"Kozarci iz himalajske soli | Unikatna darila | Le Boxi","description":"Ste tudi vi ljubitelji tekile ali drugih \u017eganih pija\u010d? Tej kozarci iz naravne himalajske soli ob pitju pustijo prijeten slan priokus.","robots":{"index":"index","follow":"follow","max-snippet":"max-snippet:-1","max-image-preview":"max-image-preview:large","max-video-preview":"max-video-preview:-1"},"canonical":"http:\/\/staging.leboxi.eu\/sl\/izdelek\/kozarci-iz-himalajske-soli\/","og_locale":"sl_SI","og_type":"article","og_title":"Kozarci iz himalajske soli | Unikatna darila | Le Boxi","og_description":"Ste tudi vi ljubitelji tekile ali drugih \u017eganih pija\u010d? Tej kozarci iz naravne himalajske soli ob pitju pustijo prijeten slan priokus.","og_url":"http:\/\/staging.leboxi.eu\/sl\/izdelek\/kozarci-iz-himalajske-soli\/","og_site_name":"Le Boxi | Unikatna darila za vsakogar","article_publisher":"https:\/\/www.facebook.com\/leboxi.eu","article_modified_time":"2025-01-26T15:43:52+00:00","og_image":[{"width":1022,"height":1024,"url":"http:\/\/staging.leboxi.eu\/wp-content\/uploads\/2022\/01\/kozarec-himalajska-sol.jpg","type":"image\/jpeg"}],"twitter_card":"summary_large_image","twitter_misc":{"Est. reading time":"1 minuta"},"schema":{"@context":"https:\/\/schema.org","@graph":[{"@type":"WebPage","@id":"http:\/\/staging.leboxi.eu\/sl\/izdelek\/kozarci-iz-himalajske-soli\/","url":"http:\/\/staging.leboxi.eu\/sl\/izdelek\/kozarci-iz-himalajske-soli\/","name":"Kozarci iz himalajske soli | Unikatna darila | Le Boxi","isPartOf":{"@id":"http:\/\/staging.leboxi.eu\/sl\/#website"},"primaryImageOfPage":{"@id":"http:\/\/staging.leboxi.eu\/sl\/izdelek\/kozarci-iz-himalajske-soli\/#primaryimage"},"image":{"@id":"http:\/\/staging.leboxi.eu\/sl\/izdelek\/kozarci-iz-himalajske-soli\/#primaryimage"},"thumbnailUrl":"http:\/\/staging.leboxi.eu\/wp-content\/uploads\/2022\/01\/kozarec-himalajska-sol.jpg","datePublished":"2022-01-27T17:01:52+00:00","dateModified":"2025-01-26T15:43:52+00:00","description":"Ste tudi vi ljubitelji tekile ali drugih \u017eganih pija\u010d? Tej kozarci iz naravne himalajske soli ob pitju pustijo prijeten slan priokus.","breadcrumb":{"@id":"http:\/\/staging.leboxi.eu\/sl\/izdelek\/kozarci-iz-himalajske-soli\/#breadcrumb"},"inLanguage":"sl-SI","potentialAction":[{"@type":"ReadAction","target":["http:\/\/staging.leboxi.eu\/sl\/izdelek\/kozarci-iz-himalajske-soli\/"]}]},{"@type":"ImageObject","inLanguage":"sl-SI","@id":"http:\/\/staging.leboxi.eu\/sl\/izdelek\/kozarci-iz-himalajske-soli\/#primaryimage","url":"http:\/\/staging.leboxi.eu\/wp-content\/uploads\/2022\/01\/kozarec-himalajska-sol.jpg","contentUrl":"http:\/\/staging.leboxi.eu\/wp-content\/uploads\/2022\/01\/kozarec-himalajska-sol.jpg","width":1022,"height":1024,"caption":"Kozarci iz himalajske soli"},{"@type":"BreadcrumbList","@id":"http:\/\/staging.leboxi.eu\/sl\/izdelek\/kozarci-iz-himalajske-soli\/#breadcrumb","itemListElement":[{"@type":"ListItem","position":1,"name":"Doma","item":"http:\/\/staging.leboxi.eu\/sl\/"},{"@type":"ListItem","position":2,"name":"Trgovina","item":"http:\/\/staging.leboxi.eu\/sl\/trgovina\/"},{"@type":"ListItem","position":3,"name":"Kozarci iz himalajske soli"}]},{"@type":"WebSite","@id":"http:\/\/staging.leboxi.eu\/sl\/#website","url":"http:\/\/staging.leboxi.eu\/sl\/","name":"Le Boxi | Unikatna darila za vsakogar","description":"Unikatna darila in darilne \u0161katle za vse prilo\u017enosti.","publisher":{"@id":"http:\/\/staging.leboxi.eu\/sl\/#organization"},"potentialAction":[{"@type":"SearchAction","target":{"@type":"EntryPoint","urlTemplate":"http:\/\/staging.leboxi.eu\/sl\/?s={search_term_string}"},"query-input":{"@type":"PropertyValueSpecification","valueRequired":true,"valueName":"search_term_string"}}],"inLanguage":"sl-SI"},{"@type":"Organization","@id":"http:\/\/staging.leboxi.eu\/sl\/#organization","name":"LE BOXI","url":"http:\/\/staging.leboxi.eu\/sl\/","logo":{"@type":"ImageObject","inLanguage":"sl-SI","@id":"http:\/\/staging.leboxi.eu\/sl\/#\/schema\/logo\/image\/","url":"http:\/\/staging.leboxi.eu\/wp-content\/uploads\/2021\/02\/LeBoxi-manjsi-png.png","contentUrl":"http:\/\/staging.leboxi.eu\/wp-content\/uploads\/2021\/02\/LeBoxi-manjsi-png.png","width":389,"height":164,"caption":"LE BOXI"},"image":{"@id":"http:\/\/staging.leboxi.eu\/sl\/#\/schema\/logo\/image\/"},"sameAs":["https:\/\/www.facebook.com\/leboxi.eu","https:\/\/www.instagram.com\/le.boxi\/"]}]}},"_links":{"self":[{"href":"http:\/\/staging.leboxi.eu\/sl\/wp-json\/wp\/v2\/product\/5999","targetHints":{"allow":["GET"]}}],"collection":[{"href":"http:\/\/staging.leboxi.eu\/sl\/wp-json\/wp\/v2\/product"}],"about":[{"href":"http:\/\/staging.leboxi.eu\/sl\/wp-json\/wp\/v2\/types\/product"}],"replies":[{"embeddable":true,"href":"http:\/\/staging.leboxi.eu\/sl\/wp-json\/wp\/v2\/comments?post=5999"}],"version-history":[{"count":4,"href":"http:\/\/staging.leboxi.eu\/sl\/wp-json\/wp\/v2\/product\/5999\/revisions"}],"predecessor-version":[{"id":15810,"href":"http:\/\/staging.leboxi.eu\/sl\/wp-json\/wp\/v2\/product\/5999\/revisions\/15810"}],"wp:featuredmedia":[{"embeddable":true,"href":"http:\/\/staging.leboxi.eu\/sl\/wp-json\/wp\/v2\/media\/6004"}],"wp:attachment":[{"href":"http:\/\/staging.leboxi.eu\/sl\/wp-json\/wp\/v2\/media?parent=5999"}],"wp:term":[{"taxonomy":"product_brand","embeddable":true,"href":"http:\/\/staging.leboxi.eu\/sl\/wp-json\/wp\/v2\/product_brand?post=5999"},{"taxonomy":"product_cat","embeddable":true,"href":"http:\/\/staging.leboxi.eu\/sl\/wp-json\/wp\/v2\/product_cat?post=5999"},{"taxonomy":"product_tag","embeddable":true,"href":"http:\/\/staging.leboxi.eu\/sl\/wp-json\/wp\/v2\/product_tag?post=5999"}],"curies":[{"name":"wp","href":"https:\/\/api.w.org\/{rel}","templated":true}]}}