{"id":5090,"date":"2021-12-28T08:06:08","date_gmt":"2021-12-28T07:06:08","guid":{"rendered":"http:\/\/staging.leboxi.eu\/?post_type=product&#038;p=5090"},"modified":"2024-08-18T19:23:53","modified_gmt":"2024-08-18T18:23:53","slug":"darilo-za-prijatelja-darilna-skatla-crna-ovca","status":"publish","type":"product","link":"http:\/\/staging.leboxi.eu\/sl\/izdelek\/darilo-za-prijatelja-darilna-skatla-crna-ovca\/","title":{"rendered":"Darilna \u0161katla \u2013 \u010crna ovca"},"content":{"rendered":"<p>Ta unikatna darilna \u0161katla je lahko izredno zabavno darilo za rojstni dan prijatelja, ki se ima za nekoga res res res posebnega \ud83d\ude42<\/p>\n<h5><\/h5>\n<h5>Darilna \u0161katla vsebuje:<\/h5>\n<p>&nbsp;<\/p>\n<ol>\n<li><strong>Naravno, ro\u010dno izdelano milo KAKAVOVO MASLO (120g)<\/strong><\/li>\n<\/ol>\n<p>Milo za lase, obraz in telo iz kombinacije izvrstnih, hranljivih masel in olj, je odli\u010dno za ob\u010dutljivo ko\u017eo. Va\u0161o ko\u017eo in lase bo pustilo popolnoma mehko in navla\u017eeno. Milo iz kakavovega masla proizvaja tako bogato, kremasto peno, da se boste le ste\u017eka umaknili izpod tu\u0161a. Izdelano je iz organskega kakavovega masla, ki je odli\u010den za ob\u010dutljivo ko\u017eo. To milo je odli\u010dno tudi za umivanje obraza, hkrati pa je popolno darilo za vse \u00bb\u010dokoholike\u00ab. Ko\u017eo bo pustilo mehko, gladko, navla\u017eeno in popolnoma \u010dudovito.<\/p>\n<p>Sestavine: Sodium olivate, sodium cocoate, sodium sheabutterate, sodium sweet almondate, sodium castorate, sodium cocoa butterate, Cocoa Powder (bio)<\/p>\n<p>Di\u0161ava: brez di\u0161av<\/p>\n<p><strong>Nasvet: <\/strong><\/p>\n<p>Milo med uporabo hranite v podstavkih za mila, pri katerih voda lahko odteka in se milo po uporabi tudi posu\u0161i. \u0160e neuporabljeno milo pa hranite na hladnem, suhem in temnem prostoru.<\/p>\n<p><strong>Opombe:<\/strong><\/p>\n<p>\u27a4 Zaradi ro\u010dne izdelave, se lahko videz mila nekoliko razlikuje od tistega na sliki.<\/p>\n<p>\u27a4 Mila so pakirana v ve\u010djih koli\u010dinah, kot je obi\u010dajno za naravna, ro\u010dno izdelana mila \u2013 120g.<\/p>\n<p>&nbsp;<\/p>\n<ol start=\"2\">\n<li>\n<h6><strong>Sojina di\u0161e\u010da sve\u010dka<\/strong><\/h6>\n<\/li>\n<\/ol>\n<p>z vonjem vijolic, narejena iz sojinega voska, ki je obnovljiv vir in kar 3% di\u0161e\u010dega olja.<\/p>\n<p>Sojina sve\u010dka omogo\u010da ne\u017enej\u0161i plamen, \u010distej\u0161i vonj in dolgotrajnej\u0161e gorenje. Izdelane so iz visokokakovostnega \u010distega voska in olja hidrirane soje.<\/p>\n<p>NASVET: Ob prvi uporabi pustite sve\u010do goreti pribli\u017eno 2 uri, da bo va\u0161a sve\u010da ustvarila prvotni izgorevalni spomin. To bo pove\u010dalo vonj in celovitej\u0161e topljenje voska. Stenj naj bo vedno v sredini.<\/p>\n<h6><\/h6>\n<h6>Dodatno:<\/h6>\n<p>Darilnemu setu lahko prilo\u017eite tudi\u00a0<strong>personalizirano \u010destitko<\/strong>\u00a0(+2,95 eur).<\/p>\n<p>\u010ce \u017eelite bomo va\u0161e darilo obdarovancu dostavili mi, seveda pa ob dostavi ne bomo prilo\u017eili ra\u010duna. Le-tega boste prejeli vi.<\/p>\n<p>Za piko na i lahko svoj darilni set nadgradite z\u00a0<a href=\"http:\/\/staging.leboxi.eu\/blog\/posvetilo-darilni-listki\/\">darilnimi listi\u010di<\/a> za izdelavo katerih navodila najdete na na\u0161em blogu. Podarite odli\u010dno darilo za prijatelja.<\/p>\n<p>&nbsp;<\/p>\n","protected":false},"excerpt":{"rendered":"<p>Kdo pravi, da sme\u0161no darilo za prijatelja ne more biti kvalitetno, omamno di\u0161ati in biti ro\u010dno narejeno v Franciji?<\/p>\n<p>Darilna \u0161katla \u201c\u010crna ovca\u201d je sestavljena iz v Franciji ro\u010dno narejenega mila \u201cVANILIJA IN ZVEZDASTI JANE\u017d\u201d in sve\u010dko z vonjem vijolic. Milo krasi ovitek s zabavnim napisom, tako da je smeh ob obdarovanju zagotovljen, \u010dudovite di\u0161ave pa o\u010darajo \u0161e tako zahtevnega obdarovanca. Popolna izbira za unikatno darilo, ki vsakemu nari\u0161e nasmeh na obrazu!<\/p>\n<p>Na\u0161a naravna mila so pakirana v ve\u010djih koli\u010dinah, kot je obi\u010dajno za naravna, ro\u010dno izdelana mila \u2013 120g. V darilno \u0161katlo lahko prilo\u017eite tudi personalizirano darilno kartico (za dopla\u010dilo).<\/p>\n<p>Darilna \u0161katla vsebuje:<\/p>\n<ul>\n<li>1x naravno ro\u010dno izdelano milo (120g),<\/li>\n<li>1x sve\u010dko<\/li>\n<\/ul>\n<p>\u010ce \u017eelite bomo va\u0161e darilo obdarovancu dostavili mi, seveda pa ob dostavi ne bomo prilo\u017eili ra\u010duna. Le-tega boste prejeli vi.<\/p>\n<p>Podroben opis si lahko preberete spodaj. Milo se lahko razlikuje od prikazanega na sliki, za ve\u010d podrobnosti glej opis spodaj.<\/p>\n","protected":false},"featured_media":5881,"comment_status":"open","ping_status":"closed","template":"","meta":{"site-sidebar-layout":"default","site-content-layout":"default","ast-site-content-layout":"default","site-content-style":"default","site-sidebar-style":"default","ast-global-header-display":"","ast-banner-title-visibility":"","ast-main-header-display":"","ast-hfb-above-header-display":"","ast-hfb-below-header-display":"","ast-hfb-mobile-header-display":"","site-post-title":"","ast-breadcrumbs-content":"","ast-featured-img":"","footer-sml-layout":"","theme-transparent-header-meta":"default","adv-header-id-meta":"","stick-header-meta":"","header-above-stick-meta":"","header-main-stick-meta":"","header-below-stick-meta":"","astra-migrate-meta-layouts":"set","ast-page-background-enabled":"default","ast-page-background-meta":{"desktop":{"background-color":"","background-image":"","background-repeat":"repeat","background-position":"center center","background-size":"auto","background-attachment":"scroll","background-type":"","background-media":"","overlay-type":"","overlay-color":"","overlay-opacity":"","overlay-gradient":""},"tablet":{"background-color":"","background-image":"","background-repeat":"repeat","background-position":"center center","background-size":"auto","background-attachment":"scroll","background-type":"","background-media":"","overlay-type":"","overlay-color":"","overlay-opacity":"","overlay-gradient":""},"mobile":{"background-color":"","background-image":"","background-repeat":"repeat","background-position":"center center","background-size":"auto","background-attachment":"scroll","background-type":"","background-media":"","overlay-type":"","overlay-color":"","overlay-opacity":"","overlay-gradient":""}},"ast-content-background-meta":{"desktop":{"background-color":"var(--ast-global-color-5)","background-image":"","background-repeat":"repeat","background-position":"center center","background-size":"auto","background-attachment":"scroll","background-type":"","background-media":"","overlay-type":"","overlay-color":"","overlay-opacity":"","overlay-gradient":""},"tablet":{"background-color":"var(--ast-global-color-5)","background-image":"","background-repeat":"repeat","background-position":"center center","background-size":"auto","background-attachment":"scroll","background-type":"","background-media":"","overlay-type":"","overlay-color":"","overlay-opacity":"","overlay-gradient":""},"mobile":{"background-color":"var(--ast-global-color-5)","background-image":"","background-repeat":"repeat","background-position":"center center","background-size":"auto","background-attachment":"scroll","background-type":"","background-media":"","overlay-type":"","overlay-color":"","overlay-opacity":"","overlay-gradient":""}}},"product_brand":[],"product_cat":[357],"product_tag":[],"class_list":{"0":"post-5090","1":"product","2":"type-product","3":"status-publish","4":"has-post-thumbnail","6":"product_cat-ni-na-zalogi","7":"desktop-align-left","8":"tablet-align-left","9":"mobile-align-left","11":"first","12":"outofstock","13":"taxable","14":"shipping-taxable","15":"purchasable","16":"product-type-simple"},"yoast_head":"<!-- This site is optimized with the Yoast SEO plugin v25.2 - https:\/\/yoast.com\/wordpress\/plugins\/seo\/ -->\n<title>Darilo za prijatelja | Darilna \u0161katla - \u010crna ovca | Le Boxi<\/title>\n<meta name=\"description\" content=\"Kdo pravi, da sme\u0161no darilo ne more biti tudi kvalitetno, omamno di\u0161ati in biti ro\u010dno narejeno v Franciji? Odli\u010dno darilo za prijatelja.\" \/>\n<meta name=\"robots\" content=\"index, follow, max-snippet:-1, max-image-preview:large, max-video-preview:-1\" \/>\n<link rel=\"canonical\" href=\"http:\/\/staging.leboxi.eu\/sl\/izdelek\/darilo-za-prijatelja-darilna-skatla-crna-ovca\/\" \/>\n<meta property=\"og:locale\" content=\"sl_SI\" \/>\n<meta property=\"og:type\" content=\"article\" \/>\n<meta property=\"og:title\" content=\"Darilo za prijatelja | Darilna \u0161katla - \u010crna ovca | Le Boxi\" \/>\n<meta property=\"og:description\" content=\"Kdo pravi, da sme\u0161no darilo ne more biti tudi kvalitetno, omamno di\u0161ati in biti ro\u010dno narejeno v Franciji? Odli\u010dno darilo za prijatelja.\" \/>\n<meta property=\"og:url\" content=\"http:\/\/staging.leboxi.eu\/sl\/izdelek\/darilo-za-prijatelja-darilna-skatla-crna-ovca\/\" \/>\n<meta property=\"og:site_name\" content=\"Le Boxi | Unikatna darila za vsakogar\" \/>\n<meta property=\"article:publisher\" content=\"https:\/\/www.facebook.com\/leboxi.eu\" \/>\n<meta property=\"article:modified_time\" content=\"2024-08-18T18:23:53+00:00\" \/>\n<meta property=\"og:image\" content=\"http:\/\/staging.leboxi.eu\/wp-content\/uploads\/2022\/01\/Darilna-skatla-crna-ovca.jpg\" \/>\n\t<meta property=\"og:image:width\" content=\"1000\" \/>\n\t<meta property=\"og:image:height\" content=\"1000\" \/>\n\t<meta property=\"og:image:type\" content=\"image\/jpeg\" \/>\n<meta name=\"twitter:card\" content=\"summary_large_image\" \/>\n<meta name=\"twitter:label1\" content=\"Est. reading time\" \/>\n\t<meta name=\"twitter:data1\" content=\"3 minute\" \/>\n<script type=\"application\/ld+json\" class=\"yoast-schema-graph\">{\"@context\":\"https:\/\/schema.org\",\"@graph\":[{\"@type\":\"WebPage\",\"@id\":\"http:\/\/staging.leboxi.eu\/sl\/izdelek\/darilo-za-prijatelja-darilna-skatla-crna-ovca\/\",\"url\":\"http:\/\/staging.leboxi.eu\/sl\/izdelek\/darilo-za-prijatelja-darilna-skatla-crna-ovca\/\",\"name\":\"Darilo za prijatelja | Darilna \u0161katla - \u010crna ovca | Le Boxi\",\"isPartOf\":{\"@id\":\"http:\/\/staging.leboxi.eu\/sl\/#website\"},\"primaryImageOfPage\":{\"@id\":\"http:\/\/staging.leboxi.eu\/sl\/izdelek\/darilo-za-prijatelja-darilna-skatla-crna-ovca\/#primaryimage\"},\"image\":{\"@id\":\"http:\/\/staging.leboxi.eu\/sl\/izdelek\/darilo-za-prijatelja-darilna-skatla-crna-ovca\/#primaryimage\"},\"thumbnailUrl\":\"http:\/\/staging.leboxi.eu\/wp-content\/uploads\/2022\/01\/Darilna-skatla-crna-ovca.jpg\",\"datePublished\":\"2021-12-28T07:06:08+00:00\",\"dateModified\":\"2024-08-18T18:23:53+00:00\",\"description\":\"Kdo pravi, da sme\u0161no darilo ne more biti tudi kvalitetno, omamno di\u0161ati in biti ro\u010dno narejeno v Franciji? Odli\u010dno darilo za prijatelja.\",\"breadcrumb\":{\"@id\":\"http:\/\/staging.leboxi.eu\/sl\/izdelek\/darilo-za-prijatelja-darilna-skatla-crna-ovca\/#breadcrumb\"},\"inLanguage\":\"sl-SI\",\"potentialAction\":[{\"@type\":\"ReadAction\",\"target\":[\"http:\/\/staging.leboxi.eu\/sl\/izdelek\/darilo-za-prijatelja-darilna-skatla-crna-ovca\/\"]}]},{\"@type\":\"ImageObject\",\"inLanguage\":\"sl-SI\",\"@id\":\"http:\/\/staging.leboxi.eu\/sl\/izdelek\/darilo-za-prijatelja-darilna-skatla-crna-ovca\/#primaryimage\",\"url\":\"http:\/\/staging.leboxi.eu\/wp-content\/uploads\/2022\/01\/Darilna-skatla-crna-ovca.jpg\",\"contentUrl\":\"http:\/\/staging.leboxi.eu\/wp-content\/uploads\/2022\/01\/Darilna-skatla-crna-ovca.jpg\",\"width\":1000,\"height\":1000,\"caption\":\"Darilo za prijatelja: darilna \u0161katla \u010drna ovca\"},{\"@type\":\"BreadcrumbList\",\"@id\":\"http:\/\/staging.leboxi.eu\/sl\/izdelek\/darilo-za-prijatelja-darilna-skatla-crna-ovca\/#breadcrumb\",\"itemListElement\":[{\"@type\":\"ListItem\",\"position\":1,\"name\":\"Doma\",\"item\":\"http:\/\/staging.leboxi.eu\/sl\/\"},{\"@type\":\"ListItem\",\"position\":2,\"name\":\"Trgovina\",\"item\":\"http:\/\/staging.leboxi.eu\/sl\/trgovina\/\"},{\"@type\":\"ListItem\",\"position\":3,\"name\":\"Darilna \u0161katla \u2013 \u010crna ovca\"}]},{\"@type\":\"WebSite\",\"@id\":\"http:\/\/staging.leboxi.eu\/sl\/#website\",\"url\":\"http:\/\/staging.leboxi.eu\/sl\/\",\"name\":\"Le Boxi | Unikatna darila za vsakogar\",\"description\":\"Unikatna darila in darilne \u0161katle za vse prilo\u017enosti.\",\"publisher\":{\"@id\":\"http:\/\/staging.leboxi.eu\/sl\/#organization\"},\"potentialAction\":[{\"@type\":\"SearchAction\",\"target\":{\"@type\":\"EntryPoint\",\"urlTemplate\":\"http:\/\/staging.leboxi.eu\/sl\/?s={search_term_string}\"},\"query-input\":{\"@type\":\"PropertyValueSpecification\",\"valueRequired\":true,\"valueName\":\"search_term_string\"}}],\"inLanguage\":\"sl-SI\"},{\"@type\":\"Organization\",\"@id\":\"http:\/\/staging.leboxi.eu\/sl\/#organization\",\"name\":\"LE BOXI\",\"url\":\"http:\/\/staging.leboxi.eu\/sl\/\",\"logo\":{\"@type\":\"ImageObject\",\"inLanguage\":\"sl-SI\",\"@id\":\"http:\/\/staging.leboxi.eu\/sl\/#\/schema\/logo\/image\/\",\"url\":\"http:\/\/staging.leboxi.eu\/wp-content\/uploads\/2021\/02\/LeBoxi-manjsi-png.png\",\"contentUrl\":\"http:\/\/staging.leboxi.eu\/wp-content\/uploads\/2021\/02\/LeBoxi-manjsi-png.png\",\"width\":389,\"height\":164,\"caption\":\"LE BOXI\"},\"image\":{\"@id\":\"http:\/\/staging.leboxi.eu\/sl\/#\/schema\/logo\/image\/\"},\"sameAs\":[\"https:\/\/www.facebook.com\/leboxi.eu\",\"https:\/\/www.instagram.com\/le.boxi\/\"]}]}<\/script>\n<!-- \/ Yoast SEO plugin. -->","yoast_head_json":{"title":"Darilo za prijatelja | Darilna \u0161katla - \u010crna ovca | Le Boxi","description":"Kdo pravi, da sme\u0161no darilo ne more biti tudi kvalitetno, omamno di\u0161ati in biti ro\u010dno narejeno v Franciji? Odli\u010dno darilo za prijatelja.","robots":{"index":"index","follow":"follow","max-snippet":"max-snippet:-1","max-image-preview":"max-image-preview:large","max-video-preview":"max-video-preview:-1"},"canonical":"http:\/\/staging.leboxi.eu\/sl\/izdelek\/darilo-za-prijatelja-darilna-skatla-crna-ovca\/","og_locale":"sl_SI","og_type":"article","og_title":"Darilo za prijatelja | Darilna \u0161katla - \u010crna ovca | Le Boxi","og_description":"Kdo pravi, da sme\u0161no darilo ne more biti tudi kvalitetno, omamno di\u0161ati in biti ro\u010dno narejeno v Franciji? Odli\u010dno darilo za prijatelja.","og_url":"http:\/\/staging.leboxi.eu\/sl\/izdelek\/darilo-za-prijatelja-darilna-skatla-crna-ovca\/","og_site_name":"Le Boxi | Unikatna darila za vsakogar","article_publisher":"https:\/\/www.facebook.com\/leboxi.eu","article_modified_time":"2024-08-18T18:23:53+00:00","og_image":[{"width":1000,"height":1000,"url":"http:\/\/staging.leboxi.eu\/wp-content\/uploads\/2022\/01\/Darilna-skatla-crna-ovca.jpg","type":"image\/jpeg"}],"twitter_card":"summary_large_image","twitter_misc":{"Est. reading time":"3 minute"},"schema":{"@context":"https:\/\/schema.org","@graph":[{"@type":"WebPage","@id":"http:\/\/staging.leboxi.eu\/sl\/izdelek\/darilo-za-prijatelja-darilna-skatla-crna-ovca\/","url":"http:\/\/staging.leboxi.eu\/sl\/izdelek\/darilo-za-prijatelja-darilna-skatla-crna-ovca\/","name":"Darilo za prijatelja | Darilna \u0161katla - \u010crna ovca | Le Boxi","isPartOf":{"@id":"http:\/\/staging.leboxi.eu\/sl\/#website"},"primaryImageOfPage":{"@id":"http:\/\/staging.leboxi.eu\/sl\/izdelek\/darilo-za-prijatelja-darilna-skatla-crna-ovca\/#primaryimage"},"image":{"@id":"http:\/\/staging.leboxi.eu\/sl\/izdelek\/darilo-za-prijatelja-darilna-skatla-crna-ovca\/#primaryimage"},"thumbnailUrl":"http:\/\/staging.leboxi.eu\/wp-content\/uploads\/2022\/01\/Darilna-skatla-crna-ovca.jpg","datePublished":"2021-12-28T07:06:08+00:00","dateModified":"2024-08-18T18:23:53+00:00","description":"Kdo pravi, da sme\u0161no darilo ne more biti tudi kvalitetno, omamno di\u0161ati in biti ro\u010dno narejeno v Franciji? Odli\u010dno darilo za prijatelja.","breadcrumb":{"@id":"http:\/\/staging.leboxi.eu\/sl\/izdelek\/darilo-za-prijatelja-darilna-skatla-crna-ovca\/#breadcrumb"},"inLanguage":"sl-SI","potentialAction":[{"@type":"ReadAction","target":["http:\/\/staging.leboxi.eu\/sl\/izdelek\/darilo-za-prijatelja-darilna-skatla-crna-ovca\/"]}]},{"@type":"ImageObject","inLanguage":"sl-SI","@id":"http:\/\/staging.leboxi.eu\/sl\/izdelek\/darilo-za-prijatelja-darilna-skatla-crna-ovca\/#primaryimage","url":"http:\/\/staging.leboxi.eu\/wp-content\/uploads\/2022\/01\/Darilna-skatla-crna-ovca.jpg","contentUrl":"http:\/\/staging.leboxi.eu\/wp-content\/uploads\/2022\/01\/Darilna-skatla-crna-ovca.jpg","width":1000,"height":1000,"caption":"Darilo za prijatelja: darilna \u0161katla \u010drna ovca"},{"@type":"BreadcrumbList","@id":"http:\/\/staging.leboxi.eu\/sl\/izdelek\/darilo-za-prijatelja-darilna-skatla-crna-ovca\/#breadcrumb","itemListElement":[{"@type":"ListItem","position":1,"name":"Doma","item":"http:\/\/staging.leboxi.eu\/sl\/"},{"@type":"ListItem","position":2,"name":"Trgovina","item":"http:\/\/staging.leboxi.eu\/sl\/trgovina\/"},{"@type":"ListItem","position":3,"name":"Darilna \u0161katla \u2013 \u010crna ovca"}]},{"@type":"WebSite","@id":"http:\/\/staging.leboxi.eu\/sl\/#website","url":"http:\/\/staging.leboxi.eu\/sl\/","name":"Le Boxi | Unikatna darila za vsakogar","description":"Unikatna darila in darilne \u0161katle za vse prilo\u017enosti.","publisher":{"@id":"http:\/\/staging.leboxi.eu\/sl\/#organization"},"potentialAction":[{"@type":"SearchAction","target":{"@type":"EntryPoint","urlTemplate":"http:\/\/staging.leboxi.eu\/sl\/?s={search_term_string}"},"query-input":{"@type":"PropertyValueSpecification","valueRequired":true,"valueName":"search_term_string"}}],"inLanguage":"sl-SI"},{"@type":"Organization","@id":"http:\/\/staging.leboxi.eu\/sl\/#organization","name":"LE BOXI","url":"http:\/\/staging.leboxi.eu\/sl\/","logo":{"@type":"ImageObject","inLanguage":"sl-SI","@id":"http:\/\/staging.leboxi.eu\/sl\/#\/schema\/logo\/image\/","url":"http:\/\/staging.leboxi.eu\/wp-content\/uploads\/2021\/02\/LeBoxi-manjsi-png.png","contentUrl":"http:\/\/staging.leboxi.eu\/wp-content\/uploads\/2021\/02\/LeBoxi-manjsi-png.png","width":389,"height":164,"caption":"LE BOXI"},"image":{"@id":"http:\/\/staging.leboxi.eu\/sl\/#\/schema\/logo\/image\/"},"sameAs":["https:\/\/www.facebook.com\/leboxi.eu","https:\/\/www.instagram.com\/le.boxi\/"]}]}},"_links":{"self":[{"href":"http:\/\/staging.leboxi.eu\/sl\/wp-json\/wp\/v2\/product\/5090","targetHints":{"allow":["GET"]}}],"collection":[{"href":"http:\/\/staging.leboxi.eu\/sl\/wp-json\/wp\/v2\/product"}],"about":[{"href":"http:\/\/staging.leboxi.eu\/sl\/wp-json\/wp\/v2\/types\/product"}],"replies":[{"embeddable":true,"href":"http:\/\/staging.leboxi.eu\/sl\/wp-json\/wp\/v2\/comments?post=5090"}],"version-history":[{"count":4,"href":"http:\/\/staging.leboxi.eu\/sl\/wp-json\/wp\/v2\/product\/5090\/revisions"}],"predecessor-version":[{"id":9633,"href":"http:\/\/staging.leboxi.eu\/sl\/wp-json\/wp\/v2\/product\/5090\/revisions\/9633"}],"wp:featuredmedia":[{"embeddable":true,"href":"http:\/\/staging.leboxi.eu\/sl\/wp-json\/wp\/v2\/media\/5881"}],"wp:attachment":[{"href":"http:\/\/staging.leboxi.eu\/sl\/wp-json\/wp\/v2\/media?parent=5090"}],"wp:term":[{"taxonomy":"product_brand","embeddable":true,"href":"http:\/\/staging.leboxi.eu\/sl\/wp-json\/wp\/v2\/product_brand?post=5090"},{"taxonomy":"product_cat","embeddable":true,"href":"http:\/\/staging.leboxi.eu\/sl\/wp-json\/wp\/v2\/product_cat?post=5090"},{"taxonomy":"product_tag","embeddable":true,"href":"http:\/\/staging.leboxi.eu\/sl\/wp-json\/wp\/v2\/product_tag?post=5090"}],"curies":[{"name":"wp","href":"https:\/\/api.w.org\/{rel}","templated":true}]}}