{"id":4958,"date":"2021-12-18T10:17:21","date_gmt":"2021-12-18T09:17:21","guid":{"rendered":"http:\/\/staging.leboxi.eu\/?post_type=product&#038;p=4958"},"modified":"2025-01-26T16:43:08","modified_gmt":"2025-01-26T15:43:08","slug":"obeski-za-pasje-ovratnice","status":"publish","type":"product","link":"http:\/\/staging.leboxi.eu\/sl\/izdelek\/obeski-za-pasje-ovratnice\/","title":{"rendered":"Obesek za ljubljen\u010dka \u2013 Pokli\u010di mojo mamo"},"content":{"rendered":"<p>Tak\u0161ni &#8220;posebni&#8221; obeski za pasje ovratnice, so ve\u010d kot o\u010ditno namenjeni le tistim zelo &#8220;posebnim&#8221; kosmatincem z zelo &#8220;posebnim&#8221; lastnikom \ud83d\ude09<\/p>\n<p>Si med njimi tudi ti?<\/p>\n<p>&nbsp;<\/p>\n<p>Dimenzije: 50 mm x 25 mm<\/p>\n<p>Debelina: 1,5 mm<\/p>\n<p>Material: Aluminij<\/p>\n<p>&nbsp;<\/p>\n","protected":false},"excerpt":{"rendered":"<p style=\"font-weight: 400;\">Tak\u0161ni &#8220;neprimerni&#8221; obeski za pasje ovratnice &#8220;neprimernih&#8221; kosmatincev,<span style=\"font-size: 16px; font-style: normal; font-weight: 400;\"> bodo zagotovo pustili odprtih ust vsakogar, ki jih bo opazil \ud83d\ude09<\/span><\/p>\n<p style=\"font-weight: 400;\">Lahko so tudi odli\u010dno darilo za rojstni dan va\u0161ega ljubljen\u010dka ali ljubljen\u010dka va\u0161ega prijatelja!<\/p>\n<p>&nbsp;<\/p>\n<p>Obesek je velikosti 50 mm x 25 mm z aluminija debeline 1,5 mm.<\/p>\n<p style=\"font-weight: 400;\">Podarite ga kot samostojno darilo ali v kombinaciji z drugim darilom iz na\u0161e spletne trgovine.<\/p>\n<p style=\"font-weight: 400;\">\u010ce \u017eelite bomo va\u0161e darilo obdarovancu dostavili mi, seveda pa ob dostavi ne bomo prilo\u017eili ra\u010duna. Le-tega boste prejeli vi.<\/p>\n<p>&nbsp;<\/p>\n<p>&nbsp;<\/p>\n","protected":false},"featured_media":4924,"comment_status":"open","ping_status":"closed","template":"","meta":{"site-sidebar-layout":"default","site-content-layout":"default","ast-site-content-layout":"default","site-content-style":"default","site-sidebar-style":"default","ast-global-header-display":"","ast-banner-title-visibility":"","ast-main-header-display":"","ast-hfb-above-header-display":"","ast-hfb-below-header-display":"","ast-hfb-mobile-header-display":"","site-post-title":"","ast-breadcrumbs-content":"","ast-featured-img":"","footer-sml-layout":"","theme-transparent-header-meta":"default","adv-header-id-meta":"","stick-header-meta":"","header-above-stick-meta":"","header-main-stick-meta":"","header-below-stick-meta":"","astra-migrate-meta-layouts":"set","ast-page-background-enabled":"default","ast-page-background-meta":{"desktop":{"background-color":"","background-image":"","background-repeat":"repeat","background-position":"center center","background-size":"auto","background-attachment":"scroll","background-type":"","background-media":"","overlay-type":"","overlay-color":"","overlay-opacity":"","overlay-gradient":""},"tablet":{"background-color":"","background-image":"","background-repeat":"repeat","background-position":"center center","background-size":"auto","background-attachment":"scroll","background-type":"","background-media":"","overlay-type":"","overlay-color":"","overlay-opacity":"","overlay-gradient":""},"mobile":{"background-color":"","background-image":"","background-repeat":"repeat","background-position":"center center","background-size":"auto","background-attachment":"scroll","background-type":"","background-media":"","overlay-type":"","overlay-color":"","overlay-opacity":"","overlay-gradient":""}},"ast-content-background-meta":{"desktop":{"background-color":"var(--ast-global-color-5)","background-image":"","background-repeat":"repeat","background-position":"center center","background-size":"auto","background-attachment":"scroll","background-type":"","background-media":"","overlay-type":"","overlay-color":"","overlay-opacity":"","overlay-gradient":""},"tablet":{"background-color":"var(--ast-global-color-5)","background-image":"","background-repeat":"repeat","background-position":"center center","background-size":"auto","background-attachment":"scroll","background-type":"","background-media":"","overlay-type":"","overlay-color":"","overlay-opacity":"","overlay-gradient":""},"mobile":{"background-color":"var(--ast-global-color-5)","background-image":"","background-repeat":"repeat","background-position":"center center","background-size":"auto","background-attachment":"scroll","background-type":"","background-media":"","overlay-type":"","overlay-color":"","overlay-opacity":"","overlay-gradient":""}}},"product_brand":[],"product_cat":[319,49,140,132],"product_tag":[],"class_list":{"0":"post-4958","1":"product","2":"type-product","3":"status-publish","4":"has-post-thumbnail","6":"product_cat-spomladanska-razprodaja","7":"product_cat-neprimerna","8":"product_cat-obeski-za-pse","9":"product_cat-smesna-darila","10":"desktop-align-left","11":"tablet-align-left","12":"mobile-align-left","14":"first","15":"instock","16":"taxable","17":"shipping-taxable","18":"purchasable","19":"product-type-simple"},"yoast_head":"<!-- This site is optimized with the Yoast SEO plugin v25.2 - https:\/\/yoast.com\/wordpress\/plugins\/seo\/ -->\n<title>Obeski za pasje ovratnice - Izgubil sem se<\/title>\n<meta name=\"description\" content=\"Najbolj &quot;neprimerni&quot; obeski za pasje ovratnice &quot;neprimernih&quot; kosmatincev! \u0160ok (in nato smeh) najditeljev zagotovljen ;)\" \/>\n<meta name=\"robots\" content=\"index, follow, max-snippet:-1, max-image-preview:large, max-video-preview:-1\" \/>\n<link rel=\"canonical\" href=\"http:\/\/staging.leboxi.eu\/sl\/izdelek\/obeski-za-pasje-ovratnice\/\" \/>\n<meta property=\"og:locale\" content=\"sl_SI\" \/>\n<meta property=\"og:type\" content=\"article\" \/>\n<meta property=\"og:title\" content=\"Obeski za pasje ovratnice - Izgubil sem se\" \/>\n<meta property=\"og:description\" content=\"Najbolj &quot;neprimerni&quot; obeski za pasje ovratnice &quot;neprimernih&quot; kosmatincev! \u0160ok (in nato smeh) najditeljev zagotovljen ;)\" \/>\n<meta property=\"og:url\" content=\"http:\/\/staging.leboxi.eu\/sl\/izdelek\/obeski-za-pasje-ovratnice\/\" \/>\n<meta property=\"og:site_name\" content=\"Le Boxi | Unikatna darila za vsakogar\" \/>\n<meta property=\"article:publisher\" content=\"https:\/\/www.facebook.com\/leboxi.eu\" \/>\n<meta property=\"article:modified_time\" content=\"2025-01-26T15:43:08+00:00\" \/>\n<meta property=\"og:image\" content=\"http:\/\/staging.leboxi.eu\/wp-content\/uploads\/2021\/12\/Obesek-za-ovratnico-poklici-mamo.jpg\" \/>\n\t<meta property=\"og:image:width\" content=\"1000\" \/>\n\t<meta property=\"og:image:height\" content=\"1000\" \/>\n\t<meta property=\"og:image:type\" content=\"image\/jpeg\" \/>\n<meta name=\"twitter:card\" content=\"summary_large_image\" \/>\n<meta name=\"twitter:label1\" content=\"Est. reading time\" \/>\n\t<meta name=\"twitter:data1\" content=\"1 minuta\" \/>\n<script type=\"application\/ld+json\" class=\"yoast-schema-graph\">{\"@context\":\"https:\/\/schema.org\",\"@graph\":[{\"@type\":\"WebPage\",\"@id\":\"http:\/\/staging.leboxi.eu\/sl\/izdelek\/obeski-za-pasje-ovratnice\/\",\"url\":\"http:\/\/staging.leboxi.eu\/sl\/izdelek\/obeski-za-pasje-ovratnice\/\",\"name\":\"Obeski za pasje ovratnice - Izgubil sem se\",\"isPartOf\":{\"@id\":\"http:\/\/staging.leboxi.eu\/sl\/#website\"},\"primaryImageOfPage\":{\"@id\":\"http:\/\/staging.leboxi.eu\/sl\/izdelek\/obeski-za-pasje-ovratnice\/#primaryimage\"},\"image\":{\"@id\":\"http:\/\/staging.leboxi.eu\/sl\/izdelek\/obeski-za-pasje-ovratnice\/#primaryimage\"},\"thumbnailUrl\":\"http:\/\/staging.leboxi.eu\/wp-content\/uploads\/2021\/12\/Obesek-za-ovratnico-poklici-mamo.jpg\",\"datePublished\":\"2021-12-18T09:17:21+00:00\",\"dateModified\":\"2025-01-26T15:43:08+00:00\",\"description\":\"Najbolj \\\"neprimerni\\\" obeski za pasje ovratnice \\\"neprimernih\\\" kosmatincev! \u0160ok (in nato smeh) najditeljev zagotovljen ;)\",\"breadcrumb\":{\"@id\":\"http:\/\/staging.leboxi.eu\/sl\/izdelek\/obeski-za-pasje-ovratnice\/#breadcrumb\"},\"inLanguage\":\"sl-SI\",\"potentialAction\":[{\"@type\":\"ReadAction\",\"target\":[\"http:\/\/staging.leboxi.eu\/sl\/izdelek\/obeski-za-pasje-ovratnice\/\"]}]},{\"@type\":\"ImageObject\",\"inLanguage\":\"sl-SI\",\"@id\":\"http:\/\/staging.leboxi.eu\/sl\/izdelek\/obeski-za-pasje-ovratnice\/#primaryimage\",\"url\":\"http:\/\/staging.leboxi.eu\/wp-content\/uploads\/2021\/12\/Obesek-za-ovratnico-poklici-mamo.jpg\",\"contentUrl\":\"http:\/\/staging.leboxi.eu\/wp-content\/uploads\/2021\/12\/Obesek-za-ovratnico-poklici-mamo.jpg\",\"width\":1000,\"height\":1000,\"caption\":\"obeski za pasje ovratnice v obliki kosti\"},{\"@type\":\"BreadcrumbList\",\"@id\":\"http:\/\/staging.leboxi.eu\/sl\/izdelek\/obeski-za-pasje-ovratnice\/#breadcrumb\",\"itemListElement\":[{\"@type\":\"ListItem\",\"position\":1,\"name\":\"Doma\",\"item\":\"http:\/\/staging.leboxi.eu\/sl\/\"},{\"@type\":\"ListItem\",\"position\":2,\"name\":\"Trgovina\",\"item\":\"http:\/\/staging.leboxi.eu\/sl\/trgovina\/\"},{\"@type\":\"ListItem\",\"position\":3,\"name\":\"Obesek za ljubljen\u010dka \u2013 Pokli\u010di mojo mamo\"}]},{\"@type\":\"WebSite\",\"@id\":\"http:\/\/staging.leboxi.eu\/sl\/#website\",\"url\":\"http:\/\/staging.leboxi.eu\/sl\/\",\"name\":\"Le Boxi | Unikatna darila za vsakogar\",\"description\":\"Unikatna darila in darilne \u0161katle za vse prilo\u017enosti.\",\"publisher\":{\"@id\":\"http:\/\/staging.leboxi.eu\/sl\/#organization\"},\"potentialAction\":[{\"@type\":\"SearchAction\",\"target\":{\"@type\":\"EntryPoint\",\"urlTemplate\":\"http:\/\/staging.leboxi.eu\/sl\/?s={search_term_string}\"},\"query-input\":{\"@type\":\"PropertyValueSpecification\",\"valueRequired\":true,\"valueName\":\"search_term_string\"}}],\"inLanguage\":\"sl-SI\"},{\"@type\":\"Organization\",\"@id\":\"http:\/\/staging.leboxi.eu\/sl\/#organization\",\"name\":\"LE BOXI\",\"url\":\"http:\/\/staging.leboxi.eu\/sl\/\",\"logo\":{\"@type\":\"ImageObject\",\"inLanguage\":\"sl-SI\",\"@id\":\"http:\/\/staging.leboxi.eu\/sl\/#\/schema\/logo\/image\/\",\"url\":\"http:\/\/staging.leboxi.eu\/wp-content\/uploads\/2021\/02\/LeBoxi-manjsi-png.png\",\"contentUrl\":\"http:\/\/staging.leboxi.eu\/wp-content\/uploads\/2021\/02\/LeBoxi-manjsi-png.png\",\"width\":389,\"height\":164,\"caption\":\"LE BOXI\"},\"image\":{\"@id\":\"http:\/\/staging.leboxi.eu\/sl\/#\/schema\/logo\/image\/\"},\"sameAs\":[\"https:\/\/www.facebook.com\/leboxi.eu\",\"https:\/\/www.instagram.com\/le.boxi\/\"]}]}<\/script>\n<!-- \/ Yoast SEO plugin. -->","yoast_head_json":{"title":"Obeski za pasje ovratnice - Izgubil sem se","description":"Najbolj \"neprimerni\" obeski za pasje ovratnice \"neprimernih\" kosmatincev! \u0160ok (in nato smeh) najditeljev zagotovljen ;)","robots":{"index":"index","follow":"follow","max-snippet":"max-snippet:-1","max-image-preview":"max-image-preview:large","max-video-preview":"max-video-preview:-1"},"canonical":"http:\/\/staging.leboxi.eu\/sl\/izdelek\/obeski-za-pasje-ovratnice\/","og_locale":"sl_SI","og_type":"article","og_title":"Obeski za pasje ovratnice - Izgubil sem se","og_description":"Najbolj \"neprimerni\" obeski za pasje ovratnice \"neprimernih\" kosmatincev! \u0160ok (in nato smeh) najditeljev zagotovljen ;)","og_url":"http:\/\/staging.leboxi.eu\/sl\/izdelek\/obeski-za-pasje-ovratnice\/","og_site_name":"Le Boxi | Unikatna darila za vsakogar","article_publisher":"https:\/\/www.facebook.com\/leboxi.eu","article_modified_time":"2025-01-26T15:43:08+00:00","og_image":[{"width":1000,"height":1000,"url":"http:\/\/staging.leboxi.eu\/wp-content\/uploads\/2021\/12\/Obesek-za-ovratnico-poklici-mamo.jpg","type":"image\/jpeg"}],"twitter_card":"summary_large_image","twitter_misc":{"Est. reading time":"1 minuta"},"schema":{"@context":"https:\/\/schema.org","@graph":[{"@type":"WebPage","@id":"http:\/\/staging.leboxi.eu\/sl\/izdelek\/obeski-za-pasje-ovratnice\/","url":"http:\/\/staging.leboxi.eu\/sl\/izdelek\/obeski-za-pasje-ovratnice\/","name":"Obeski za pasje ovratnice - Izgubil sem se","isPartOf":{"@id":"http:\/\/staging.leboxi.eu\/sl\/#website"},"primaryImageOfPage":{"@id":"http:\/\/staging.leboxi.eu\/sl\/izdelek\/obeski-za-pasje-ovratnice\/#primaryimage"},"image":{"@id":"http:\/\/staging.leboxi.eu\/sl\/izdelek\/obeski-za-pasje-ovratnice\/#primaryimage"},"thumbnailUrl":"http:\/\/staging.leboxi.eu\/wp-content\/uploads\/2021\/12\/Obesek-za-ovratnico-poklici-mamo.jpg","datePublished":"2021-12-18T09:17:21+00:00","dateModified":"2025-01-26T15:43:08+00:00","description":"Najbolj \"neprimerni\" obeski za pasje ovratnice \"neprimernih\" kosmatincev! \u0160ok (in nato smeh) najditeljev zagotovljen ;)","breadcrumb":{"@id":"http:\/\/staging.leboxi.eu\/sl\/izdelek\/obeski-za-pasje-ovratnice\/#breadcrumb"},"inLanguage":"sl-SI","potentialAction":[{"@type":"ReadAction","target":["http:\/\/staging.leboxi.eu\/sl\/izdelek\/obeski-za-pasje-ovratnice\/"]}]},{"@type":"ImageObject","inLanguage":"sl-SI","@id":"http:\/\/staging.leboxi.eu\/sl\/izdelek\/obeski-za-pasje-ovratnice\/#primaryimage","url":"http:\/\/staging.leboxi.eu\/wp-content\/uploads\/2021\/12\/Obesek-za-ovratnico-poklici-mamo.jpg","contentUrl":"http:\/\/staging.leboxi.eu\/wp-content\/uploads\/2021\/12\/Obesek-za-ovratnico-poklici-mamo.jpg","width":1000,"height":1000,"caption":"obeski za pasje ovratnice v obliki kosti"},{"@type":"BreadcrumbList","@id":"http:\/\/staging.leboxi.eu\/sl\/izdelek\/obeski-za-pasje-ovratnice\/#breadcrumb","itemListElement":[{"@type":"ListItem","position":1,"name":"Doma","item":"http:\/\/staging.leboxi.eu\/sl\/"},{"@type":"ListItem","position":2,"name":"Trgovina","item":"http:\/\/staging.leboxi.eu\/sl\/trgovina\/"},{"@type":"ListItem","position":3,"name":"Obesek za ljubljen\u010dka \u2013 Pokli\u010di mojo mamo"}]},{"@type":"WebSite","@id":"http:\/\/staging.leboxi.eu\/sl\/#website","url":"http:\/\/staging.leboxi.eu\/sl\/","name":"Le Boxi | Unikatna darila za vsakogar","description":"Unikatna darila in darilne \u0161katle za vse prilo\u017enosti.","publisher":{"@id":"http:\/\/staging.leboxi.eu\/sl\/#organization"},"potentialAction":[{"@type":"SearchAction","target":{"@type":"EntryPoint","urlTemplate":"http:\/\/staging.leboxi.eu\/sl\/?s={search_term_string}"},"query-input":{"@type":"PropertyValueSpecification","valueRequired":true,"valueName":"search_term_string"}}],"inLanguage":"sl-SI"},{"@type":"Organization","@id":"http:\/\/staging.leboxi.eu\/sl\/#organization","name":"LE BOXI","url":"http:\/\/staging.leboxi.eu\/sl\/","logo":{"@type":"ImageObject","inLanguage":"sl-SI","@id":"http:\/\/staging.leboxi.eu\/sl\/#\/schema\/logo\/image\/","url":"http:\/\/staging.leboxi.eu\/wp-content\/uploads\/2021\/02\/LeBoxi-manjsi-png.png","contentUrl":"http:\/\/staging.leboxi.eu\/wp-content\/uploads\/2021\/02\/LeBoxi-manjsi-png.png","width":389,"height":164,"caption":"LE BOXI"},"image":{"@id":"http:\/\/staging.leboxi.eu\/sl\/#\/schema\/logo\/image\/"},"sameAs":["https:\/\/www.facebook.com\/leboxi.eu","https:\/\/www.instagram.com\/le.boxi\/"]}]}},"_links":{"self":[{"href":"http:\/\/staging.leboxi.eu\/sl\/wp-json\/wp\/v2\/product\/4958","targetHints":{"allow":["GET"]}}],"collection":[{"href":"http:\/\/staging.leboxi.eu\/sl\/wp-json\/wp\/v2\/product"}],"about":[{"href":"http:\/\/staging.leboxi.eu\/sl\/wp-json\/wp\/v2\/types\/product"}],"replies":[{"embeddable":true,"href":"http:\/\/staging.leboxi.eu\/sl\/wp-json\/wp\/v2\/comments?post=4958"}],"version-history":[{"count":4,"href":"http:\/\/staging.leboxi.eu\/sl\/wp-json\/wp\/v2\/product\/4958\/revisions"}],"predecessor-version":[{"id":13707,"href":"http:\/\/staging.leboxi.eu\/sl\/wp-json\/wp\/v2\/product\/4958\/revisions\/13707"}],"wp:featuredmedia":[{"embeddable":true,"href":"http:\/\/staging.leboxi.eu\/sl\/wp-json\/wp\/v2\/media\/4924"}],"wp:attachment":[{"href":"http:\/\/staging.leboxi.eu\/sl\/wp-json\/wp\/v2\/media?parent=4958"}],"wp:term":[{"taxonomy":"product_brand","embeddable":true,"href":"http:\/\/staging.leboxi.eu\/sl\/wp-json\/wp\/v2\/product_brand?post=4958"},{"taxonomy":"product_cat","embeddable":true,"href":"http:\/\/staging.leboxi.eu\/sl\/wp-json\/wp\/v2\/product_cat?post=4958"},{"taxonomy":"product_tag","embeddable":true,"href":"http:\/\/staging.leboxi.eu\/sl\/wp-json\/wp\/v2\/product_tag?post=4958"}],"curies":[{"name":"wp","href":"https:\/\/api.w.org\/{rel}","templated":true}]}}