{"id":4049,"date":"2021-09-28T20:27:26","date_gmt":"2021-09-28T19:27:26","guid":{"rendered":"http:\/\/staging.leboxi.eu\/?post_type=product&#038;p=4049"},"modified":"2025-03-22T20:41:12","modified_gmt":"2025-03-22T19:41:12","slug":"kocke-za-hlajenje-pijace","status":"publish","type":"product","link":"http:\/\/staging.leboxi.eu\/sl\/izdelek\/kocke-za-hlajenje-pijace\/","title":{"rendered":"Kocke za hlajenje pija\u010de"},"content":{"rendered":"<p>Vedno ste si predstavljali tisti popoln trenutek &#8211; son\u010den dan, prijatelji in dru\u017eina okoli vas, ter v roki kozarec s hladno ohlajenim viskijem ali ginom. Toda, ko dodate obi\u010dajne ledene kocke, se zgodi nekaj neprijetnega. Va\u0161a pija\u010da se razred\u010di in popolnost trenutka je izgubljena. S temi mislimi smo ustvarili na\u0161e \u010darobne &#8220;Kocke za hlajenje pija\u010de&#8221;, da bi va\u0161e sanje postale resni\u010dnost.<\/p>\n<p>Set &#8220;Kocke za hlajenje pija\u010de&#8221; vklju\u010duje 9 kamnitih kock, ki jih prejmete v li\u010dni leseni \u0161katlici. Poleg tega pa dobite tudi mo\u0161nji\u010dek za shranjevanje in kovinsko oprijemalko, kar bo olaj\u0161alo uporabo in shranjevanje teh izjemnih kamnitih kock. <span style=\"font-size: 16px;\">S tem setom kamnitih kock za hlajenje pija\u010de bo vsak piknik, dru\u017eabni ve\u010der ali trenutek s prijatelji postal prilo\u017enost, da poka\u017eete svojo edinstveno strast do okusnega \u017eganja.<\/span><\/p>\n<div class=\"group w-full text-token-text-primary border-b border-black\/10 gizmo:border-0 dark:border-gray-900\/50 gizmo:dark:border-0 bg-gray-50 gizmo:bg-transparent dark:bg-[#444654] gizmo:dark:bg-transparent\" data-testid=\"conversation-turn-15\">\n<div class=\"p-4 gizmo:py-2 justify-center text-base md:gap-6 md:py-6 m-auto\">\n<div class=\"flex flex-1 gap-4 text-base mx-auto md:gap-6 gizmo:gap-3 gizmo:md:px-5 gizmo:lg:px-1 gizmo:xl:px-5 md:max-w-2xl lg:max-w-[38rem] gizmo:md:max-w-3xl gizmo:lg:max-w-[40rem] gizmo:xl:max-w-[48rem] xl:max-w-3xl }\">\n<div class=\"relative flex w-[calc(100%-50px)] flex-col gizmo:w-full lg:w-[calc(100%-115px)] agent-turn\">\n<div class=\"flex-col gap-1 md:gap-3\">\n<div class=\"flex flex-grow flex-col gap-3 max-w-full\">\n<div class=\"min-h-[20px] flex flex-col items-start gap-3 whitespace-pre-wrap break-words overflow-x-auto\" data-message-author-role=\"assistant\" data-message-id=\"5539fcf8-e961-4383-af2c-796e96a6f02a\">\n<div class=\"markdown prose w-full break-words dark:prose-invert light\">\n<p>Ni\u010d ve\u010d ne boste dopu\u0161\u010dali razred\u010denih pija\u010d, saj boste vi tisti, ki boste ohranili nadzor nad okusom in kakovostjo. In ko v va\u0161em kozarcu svetlikajo na\u0161e kamnite kocke, boste za\u010dutili, da ste resni\u010dno postali gospodar vrhunskega okusa.<\/p>\n<p>Naro\u010dite svoj set &#8220;Kocke za hlajenje pija\u010de&#8221; danes, in prepustite se nepozabnim trenutkom okusa in u\u017eivanja. Odkrijte edinstven svet arom, ki jaje bo va\u0161e brbon\u010dice razveseljevale. Va\u0161a pot do vrhunskega okusa se za\u010dne zdaj!<\/p>\n<\/div>\n<\/div>\n<\/div>\n<\/div>\n<\/div>\n<\/div>\n<\/div>\n<\/div>\n<div class=\"group w-full text-token-text-primary border-b border-black\/10 gizmo:border-0 dark:border-gray-900\/50 gizmo:dark:border-0 gizmo:bg-transparent dark:bg-gray-800 gizmo:dark:bg-transparent\" data-testid=\"conversation-turn-16\">\n<div class=\"p-4 gizmo:py-2 justify-center text-base md:gap-6 md:py-6 m-auto\">\n<div class=\"flex flex-1 gap-4 text-base mx-auto md:gap-6 gizmo:gap-3 gizmo:md:px-5 gizmo:lg:px-1 gizmo:xl:px-5 md:max-w-2xl lg:max-w-[38rem] gizmo:md:max-w-3xl gizmo:lg:max-w-[40rem] gizmo:xl:max-w-[48rem] xl:max-w-3xl }\">\n<div class=\"flex-shrink-0 flex flex-col relative items-end\">\n<div>\n<p>V li\u010dni leseni \u0161katlici je:<\/p>\n<ul>\n<li>9 elegantnih kamnitih kock za hlajenje pija\u010de, ki bodo naredile va\u0161e \u017egane pija\u010de \u0161e bolj posebne.<\/li>\n<li>Prakti\u010den mo\u0161nji\u010dek za shranjevanje, ki bo va\u0161e kamnite kocke vedno dr\u017eal na dosegu roke, pripravljene na uporabo.<\/li>\n<li>Kvalitetna kovinska oprijemalka, ki vam omogo\u010da, da brez te\u017eav dodate kamnite kocke v va\u0161e kozarce, ne da bi jih pri tem po\u0161kodovali.<\/li>\n<\/ul>\n<\/div>\n<\/div>\n<\/div>\n<\/div>\n<\/div>\n<h6>Dodatno:<\/h6>\n<p>Darilu lahko prilo\u017eite tudi <a href=\"http:\/\/staging.leboxi.eu\/izdelki\/cestitka-za-rojstni-dan\/\" target=\"_blank\" rel=\"noopener\">personalizirano \u010destitko<\/a>, ki bo dalo darilu piko na i.<\/p>\n<p>\u010ce \u017eelite bomo va\u0161e darilo obdarovancu dostavili mi, seveda pa ob dostavi ne bomo prilo\u017eili ra\u010duna. Le-tega boste prejeli vi.<\/p>\n<p>&nbsp;<\/p>\n<p>&nbsp;<\/p>\n","protected":false},"excerpt":{"rendered":"<p>Ponosno predstavljamo na\u0161e edinstvene &#8220;Kocke za hlajenje pija\u010de&#8221; &#8211; pravi dragulj za ljubitelje kakovosti in ekskluzivnosti. Te kamnite kocke so prava izbira za tiste, ki cenijo okusno ohlajeno \u017eganje, kot je viski, gin in druge fine pija\u010de.<\/p>\n<p>Z na\u0161im setom 9 kamnitih kock za hlajenje pija\u010de boste za\u010deli popolnoma novo poglavje u\u017eivanja v va\u0161ih najljub\u0161ih napitkih. Pozabite na obi\u010dajne ledene kocke, ki razred\u010dijo va\u0161o pija\u010do in ji odvzamejo pravi okus. Na\u0161e kamnite kocke pija\u010de ohranjajo va\u0161o pija\u010do hladno, brez nepotrebnega razred\u010denja.<\/p>\n<p>Z na\u0161imi kamnitimi kockami ne boste samo ohladili svoje najljub\u0161e pija\u010de, temve\u010d boste ohranili vsak okus in aromo, ki ga imate tako radi. Zamislite si, kako se bo ta kamen\u010dek ne\u017eno dotikal va\u0161e ustnice, obogatil va\u0161 vsak po\u017eirek in naredil trenutek \u0161e posebej dragocen.<\/p>\n<p>Naro\u010dite svoj set &#8220;Kocke za hlajenje pija\u010de&#8221; danes, in prepustite se nepozabnim trenutkom okusa in u\u017eivanja. Odkrijte edinstven svet arom, ki jaje bo va\u0161e brbon\u010dice razveseljevale. Va\u0161a pot do vrhunskega okusa se za\u010dne zdaj!<\/p>\n<p>Odkrijte, kaj prejmete v li\u010dni leseni \u0161katlici:<\/p>\n<ul>\n<li>9 elegantnih kamnitih kock za hlajenje pija\u010de, ki bodo naredile va\u0161e \u017egane pija\u010de \u0161e bolj posebne.<\/li>\n<li>Prakti\u010den mo\u0161nji\u010dek za shranjevanje, ki bo va\u0161e kamnite kocke vedno dr\u017eal na dosegu roke, pripravljene na uporabo.<\/li>\n<li>Kvalitetna kovinska oprijemalka, ki vam omogo\u010da, da brez te\u017eav dodate kamnite kocke v va\u0161e kozarce, ne da bi jih pri tem po\u0161kodovali.<\/li>\n<\/ul>\n<p><a href=\"http:\/\/staging.leboxi.eu\/wp-content\/uploads\/2023\/10\/ezgif.com-optimize.gif\"><img fetchpriority=\"high\" decoding=\"async\" class=\"alignnone size-full wp-image-14875\" src=\"http:\/\/staging.leboxi.eu\/wp-content\/uploads\/2023\/10\/ezgif.com-optimize.gif\" alt=\"\" width=\"500\" height=\"500\" \/><\/a><\/p>\n<p>Darilu lahko prilo\u017eite tudi <a href=\"http:\/\/staging.leboxi.eu\/izdelki\/cestitka-za-rojstni-dan\/\" target=\"_blank\" rel=\"noopener\">personalizirano \u010destitko<\/a>.<\/p>\n<p>&nbsp;<\/p>\n<p>\u010ce \u017eelite bomo va\u0161e darilo obdarovancu dostavili mi, seveda pa ob dostavi ne bomo prilo\u017eili ra\u010duna. Le-tega boste prejeli vi.<\/p>\n<p>Podroben opis si lahko preberete spodaj.<\/p>\n","protected":false},"featured_media":13532,"comment_status":"open","ping_status":"closed","template":"","meta":{"site-sidebar-layout":"default","site-content-layout":"default","ast-site-content-layout":"default","site-content-style":"default","site-sidebar-style":"default","ast-global-header-display":"","ast-banner-title-visibility":"","ast-main-header-display":"","ast-hfb-above-header-display":"","ast-hfb-below-header-display":"","ast-hfb-mobile-header-display":"","site-post-title":"","ast-breadcrumbs-content":"","ast-featured-img":"","footer-sml-layout":"","theme-transparent-header-meta":"default","adv-header-id-meta":"","stick-header-meta":"","header-above-stick-meta":"","header-main-stick-meta":"","header-below-stick-meta":"","astra-migrate-meta-layouts":"set","ast-page-background-enabled":"default","ast-page-background-meta":{"desktop":{"background-color":"","background-image":"","background-repeat":"repeat","background-position":"center center","background-size":"auto","background-attachment":"scroll","background-type":"","background-media":"","overlay-type":"","overlay-color":"","overlay-opacity":"","overlay-gradient":""},"tablet":{"background-color":"","background-image":"","background-repeat":"repeat","background-position":"center center","background-size":"auto","background-attachment":"scroll","background-type":"","background-media":"","overlay-type":"","overlay-color":"","overlay-opacity":"","overlay-gradient":""},"mobile":{"background-color":"","background-image":"","background-repeat":"repeat","background-position":"center center","background-size":"auto","background-attachment":"scroll","background-type":"","background-media":"","overlay-type":"","overlay-color":"","overlay-opacity":"","overlay-gradient":""}},"ast-content-background-meta":{"desktop":{"background-color":"var(--ast-global-color-5)","background-image":"","background-repeat":"repeat","background-position":"center center","background-size":"auto","background-attachment":"scroll","background-type":"","background-media":"","overlay-type":"","overlay-color":"","overlay-opacity":"","overlay-gradient":""},"tablet":{"background-color":"var(--ast-global-color-5)","background-image":"","background-repeat":"repeat","background-position":"center center","background-size":"auto","background-attachment":"scroll","background-type":"","background-media":"","overlay-type":"","overlay-color":"","overlay-opacity":"","overlay-gradient":""},"mobile":{"background-color":"var(--ast-global-color-5)","background-image":"","background-repeat":"repeat","background-position":"center center","background-size":"auto","background-attachment":"scroll","background-type":"","background-media":"","overlay-type":"","overlay-color":"","overlay-opacity":"","overlay-gradient":""}}},"product_brand":[],"product_cat":[273,184,176,297,319,313,24,116,118,146,164,160],"product_tag":[],"class_list":{"0":"post-4049","1":"product","2":"type-product","3":"status-publish","4":"has-post-thumbnail","6":"product_cat-akcija","7":"product_cat-darila-za-bozic-za-moske","8":"product_cat-za-moske","9":"product_cat-najbolj-prodajano","10":"product_cat-spomladanska-razprodaja","11":"product_cat-zimska-razprodaja","12":"product_cat-moski","13":"product_cat-darila-za-moske","14":"product_cat-darila-za-fanta","15":"product_cat-priloznosti","16":"product_cat-darila-za-rojstni-dan","17":"product_cat-darila-za-bozic","18":"desktop-align-left","19":"tablet-align-left","20":"mobile-align-left","22":"first","23":"instock","24":"sale","25":"taxable","26":"shipping-taxable","27":"purchasable","28":"product-type-simple"},"yoast_head":"<!-- This site is optimized with the Yoast SEO plugin v25.2 - https:\/\/yoast.com\/wordpress\/plugins\/seo\/ -->\n<title>Kocke za hlajenje pija\u010de | Le Boxi<\/title>\n<meta name=\"description\" content=\"Te kamnite kocke za hlajenje pija\u010de prejmete v li\u010dni leseni \u0161katlici. Za razliko od ledenih kock, na\u0161e kamnite kocke pija\u010de ne razred\u010dijo.\" \/>\n<meta name=\"robots\" content=\"index, follow, max-snippet:-1, max-image-preview:large, max-video-preview:-1\" \/>\n<link rel=\"canonical\" href=\"http:\/\/staging.leboxi.eu\/sl\/izdelek\/kocke-za-hlajenje-pijace\/\" \/>\n<meta property=\"og:locale\" content=\"sl_SI\" \/>\n<meta property=\"og:type\" content=\"article\" \/>\n<meta property=\"og:title\" content=\"Kocke za hlajenje pija\u010de | Le Boxi\" \/>\n<meta property=\"og:description\" content=\"Te kamnite kocke za hlajenje pija\u010de prejmete v li\u010dni leseni \u0161katlici. Za razliko od ledenih kock, na\u0161e kamnite kocke pija\u010de ne razred\u010dijo.\" \/>\n<meta property=\"og:url\" content=\"http:\/\/staging.leboxi.eu\/sl\/izdelek\/kocke-za-hlajenje-pijace\/\" \/>\n<meta property=\"og:site_name\" content=\"Le Boxi | Unikatna darila za vsakogar\" \/>\n<meta property=\"article:publisher\" content=\"https:\/\/www.facebook.com\/leboxi.eu\" \/>\n<meta property=\"article:modified_time\" content=\"2025-03-22T19:41:12+00:00\" \/>\n<meta property=\"og:image\" content=\"http:\/\/staging.leboxi.eu\/wp-content\/uploads\/2023\/06\/hladilni-kamni.jpg\" \/>\n\t<meta property=\"og:image:width\" content=\"800\" \/>\n\t<meta property=\"og:image:height\" content=\"800\" \/>\n\t<meta property=\"og:image:type\" content=\"image\/jpeg\" \/>\n<meta name=\"twitter:card\" content=\"summary_large_image\" \/>\n<meta name=\"twitter:label1\" content=\"Est. reading time\" \/>\n\t<meta name=\"twitter:data1\" content=\"2 minuti\" \/>\n<script type=\"application\/ld+json\" class=\"yoast-schema-graph\">{\"@context\":\"https:\/\/schema.org\",\"@graph\":[{\"@type\":\"WebPage\",\"@id\":\"http:\/\/staging.leboxi.eu\/sl\/izdelek\/kocke-za-hlajenje-pijace\/\",\"url\":\"http:\/\/staging.leboxi.eu\/sl\/izdelek\/kocke-za-hlajenje-pijace\/\",\"name\":\"Kocke za hlajenje pija\u010de | Le Boxi\",\"isPartOf\":{\"@id\":\"http:\/\/staging.leboxi.eu\/sl\/#website\"},\"primaryImageOfPage\":{\"@id\":\"http:\/\/staging.leboxi.eu\/sl\/izdelek\/kocke-za-hlajenje-pijace\/#primaryimage\"},\"image\":{\"@id\":\"http:\/\/staging.leboxi.eu\/sl\/izdelek\/kocke-za-hlajenje-pijace\/#primaryimage\"},\"thumbnailUrl\":\"http:\/\/staging.leboxi.eu\/wp-content\/uploads\/2023\/06\/hladilni-kamni.jpg\",\"datePublished\":\"2021-09-28T19:27:26+00:00\",\"dateModified\":\"2025-03-22T19:41:12+00:00\",\"description\":\"Te kamnite kocke za hlajenje pija\u010de prejmete v li\u010dni leseni \u0161katlici. Za razliko od ledenih kock, na\u0161e kamnite kocke pija\u010de ne razred\u010dijo.\",\"breadcrumb\":{\"@id\":\"http:\/\/staging.leboxi.eu\/sl\/izdelek\/kocke-za-hlajenje-pijace\/#breadcrumb\"},\"inLanguage\":\"sl-SI\",\"potentialAction\":[{\"@type\":\"ReadAction\",\"target\":[\"http:\/\/staging.leboxi.eu\/sl\/izdelek\/kocke-za-hlajenje-pijace\/\"]}]},{\"@type\":\"ImageObject\",\"inLanguage\":\"sl-SI\",\"@id\":\"http:\/\/staging.leboxi.eu\/sl\/izdelek\/kocke-za-hlajenje-pijace\/#primaryimage\",\"url\":\"http:\/\/staging.leboxi.eu\/wp-content\/uploads\/2023\/06\/hladilni-kamni.jpg\",\"contentUrl\":\"http:\/\/staging.leboxi.eu\/wp-content\/uploads\/2023\/06\/hladilni-kamni.jpg\",\"width\":800,\"height\":800},{\"@type\":\"BreadcrumbList\",\"@id\":\"http:\/\/staging.leboxi.eu\/sl\/izdelek\/kocke-za-hlajenje-pijace\/#breadcrumb\",\"itemListElement\":[{\"@type\":\"ListItem\",\"position\":1,\"name\":\"Doma\",\"item\":\"http:\/\/staging.leboxi.eu\/sl\/\"},{\"@type\":\"ListItem\",\"position\":2,\"name\":\"Trgovina\",\"item\":\"http:\/\/staging.leboxi.eu\/sl\/trgovina\/\"},{\"@type\":\"ListItem\",\"position\":3,\"name\":\"Kocke za hlajenje pija\u010de\"}]},{\"@type\":\"WebSite\",\"@id\":\"http:\/\/staging.leboxi.eu\/sl\/#website\",\"url\":\"http:\/\/staging.leboxi.eu\/sl\/\",\"name\":\"Le Boxi | Unikatna darila za vsakogar\",\"description\":\"Unikatna darila in darilne \u0161katle za vse prilo\u017enosti.\",\"publisher\":{\"@id\":\"http:\/\/staging.leboxi.eu\/sl\/#organization\"},\"potentialAction\":[{\"@type\":\"SearchAction\",\"target\":{\"@type\":\"EntryPoint\",\"urlTemplate\":\"http:\/\/staging.leboxi.eu\/sl\/?s={search_term_string}\"},\"query-input\":{\"@type\":\"PropertyValueSpecification\",\"valueRequired\":true,\"valueName\":\"search_term_string\"}}],\"inLanguage\":\"sl-SI\"},{\"@type\":\"Organization\",\"@id\":\"http:\/\/staging.leboxi.eu\/sl\/#organization\",\"name\":\"LE BOXI\",\"url\":\"http:\/\/staging.leboxi.eu\/sl\/\",\"logo\":{\"@type\":\"ImageObject\",\"inLanguage\":\"sl-SI\",\"@id\":\"http:\/\/staging.leboxi.eu\/sl\/#\/schema\/logo\/image\/\",\"url\":\"http:\/\/staging.leboxi.eu\/wp-content\/uploads\/2021\/02\/LeBoxi-manjsi-png.png\",\"contentUrl\":\"http:\/\/staging.leboxi.eu\/wp-content\/uploads\/2021\/02\/LeBoxi-manjsi-png.png\",\"width\":389,\"height\":164,\"caption\":\"LE BOXI\"},\"image\":{\"@id\":\"http:\/\/staging.leboxi.eu\/sl\/#\/schema\/logo\/image\/\"},\"sameAs\":[\"https:\/\/www.facebook.com\/leboxi.eu\",\"https:\/\/www.instagram.com\/le.boxi\/\"]}]}<\/script>\n<!-- \/ Yoast SEO plugin. -->","yoast_head_json":{"title":"Kocke za hlajenje pija\u010de | Le Boxi","description":"Te kamnite kocke za hlajenje pija\u010de prejmete v li\u010dni leseni \u0161katlici. Za razliko od ledenih kock, na\u0161e kamnite kocke pija\u010de ne razred\u010dijo.","robots":{"index":"index","follow":"follow","max-snippet":"max-snippet:-1","max-image-preview":"max-image-preview:large","max-video-preview":"max-video-preview:-1"},"canonical":"http:\/\/staging.leboxi.eu\/sl\/izdelek\/kocke-za-hlajenje-pijace\/","og_locale":"sl_SI","og_type":"article","og_title":"Kocke za hlajenje pija\u010de | Le Boxi","og_description":"Te kamnite kocke za hlajenje pija\u010de prejmete v li\u010dni leseni \u0161katlici. Za razliko od ledenih kock, na\u0161e kamnite kocke pija\u010de ne razred\u010dijo.","og_url":"http:\/\/staging.leboxi.eu\/sl\/izdelek\/kocke-za-hlajenje-pijace\/","og_site_name":"Le Boxi | Unikatna darila za vsakogar","article_publisher":"https:\/\/www.facebook.com\/leboxi.eu","article_modified_time":"2025-03-22T19:41:12+00:00","og_image":[{"width":800,"height":800,"url":"http:\/\/staging.leboxi.eu\/wp-content\/uploads\/2023\/06\/hladilni-kamni.jpg","type":"image\/jpeg"}],"twitter_card":"summary_large_image","twitter_misc":{"Est. reading time":"2 minuti"},"schema":{"@context":"https:\/\/schema.org","@graph":[{"@type":"WebPage","@id":"http:\/\/staging.leboxi.eu\/sl\/izdelek\/kocke-za-hlajenje-pijace\/","url":"http:\/\/staging.leboxi.eu\/sl\/izdelek\/kocke-za-hlajenje-pijace\/","name":"Kocke za hlajenje pija\u010de | Le Boxi","isPartOf":{"@id":"http:\/\/staging.leboxi.eu\/sl\/#website"},"primaryImageOfPage":{"@id":"http:\/\/staging.leboxi.eu\/sl\/izdelek\/kocke-za-hlajenje-pijace\/#primaryimage"},"image":{"@id":"http:\/\/staging.leboxi.eu\/sl\/izdelek\/kocke-za-hlajenje-pijace\/#primaryimage"},"thumbnailUrl":"http:\/\/staging.leboxi.eu\/wp-content\/uploads\/2023\/06\/hladilni-kamni.jpg","datePublished":"2021-09-28T19:27:26+00:00","dateModified":"2025-03-22T19:41:12+00:00","description":"Te kamnite kocke za hlajenje pija\u010de prejmete v li\u010dni leseni \u0161katlici. Za razliko od ledenih kock, na\u0161e kamnite kocke pija\u010de ne razred\u010dijo.","breadcrumb":{"@id":"http:\/\/staging.leboxi.eu\/sl\/izdelek\/kocke-za-hlajenje-pijace\/#breadcrumb"},"inLanguage":"sl-SI","potentialAction":[{"@type":"ReadAction","target":["http:\/\/staging.leboxi.eu\/sl\/izdelek\/kocke-za-hlajenje-pijace\/"]}]},{"@type":"ImageObject","inLanguage":"sl-SI","@id":"http:\/\/staging.leboxi.eu\/sl\/izdelek\/kocke-za-hlajenje-pijace\/#primaryimage","url":"http:\/\/staging.leboxi.eu\/wp-content\/uploads\/2023\/06\/hladilni-kamni.jpg","contentUrl":"http:\/\/staging.leboxi.eu\/wp-content\/uploads\/2023\/06\/hladilni-kamni.jpg","width":800,"height":800},{"@type":"BreadcrumbList","@id":"http:\/\/staging.leboxi.eu\/sl\/izdelek\/kocke-za-hlajenje-pijace\/#breadcrumb","itemListElement":[{"@type":"ListItem","position":1,"name":"Doma","item":"http:\/\/staging.leboxi.eu\/sl\/"},{"@type":"ListItem","position":2,"name":"Trgovina","item":"http:\/\/staging.leboxi.eu\/sl\/trgovina\/"},{"@type":"ListItem","position":3,"name":"Kocke za hlajenje pija\u010de"}]},{"@type":"WebSite","@id":"http:\/\/staging.leboxi.eu\/sl\/#website","url":"http:\/\/staging.leboxi.eu\/sl\/","name":"Le Boxi | Unikatna darila za vsakogar","description":"Unikatna darila in darilne \u0161katle za vse prilo\u017enosti.","publisher":{"@id":"http:\/\/staging.leboxi.eu\/sl\/#organization"},"potentialAction":[{"@type":"SearchAction","target":{"@type":"EntryPoint","urlTemplate":"http:\/\/staging.leboxi.eu\/sl\/?s={search_term_string}"},"query-input":{"@type":"PropertyValueSpecification","valueRequired":true,"valueName":"search_term_string"}}],"inLanguage":"sl-SI"},{"@type":"Organization","@id":"http:\/\/staging.leboxi.eu\/sl\/#organization","name":"LE BOXI","url":"http:\/\/staging.leboxi.eu\/sl\/","logo":{"@type":"ImageObject","inLanguage":"sl-SI","@id":"http:\/\/staging.leboxi.eu\/sl\/#\/schema\/logo\/image\/","url":"http:\/\/staging.leboxi.eu\/wp-content\/uploads\/2021\/02\/LeBoxi-manjsi-png.png","contentUrl":"http:\/\/staging.leboxi.eu\/wp-content\/uploads\/2021\/02\/LeBoxi-manjsi-png.png","width":389,"height":164,"caption":"LE BOXI"},"image":{"@id":"http:\/\/staging.leboxi.eu\/sl\/#\/schema\/logo\/image\/"},"sameAs":["https:\/\/www.facebook.com\/leboxi.eu","https:\/\/www.instagram.com\/le.boxi\/"]}]}},"_links":{"self":[{"href":"http:\/\/staging.leboxi.eu\/sl\/wp-json\/wp\/v2\/product\/4049","targetHints":{"allow":["GET"]}}],"collection":[{"href":"http:\/\/staging.leboxi.eu\/sl\/wp-json\/wp\/v2\/product"}],"about":[{"href":"http:\/\/staging.leboxi.eu\/sl\/wp-json\/wp\/v2\/types\/product"}],"replies":[{"embeddable":true,"href":"http:\/\/staging.leboxi.eu\/sl\/wp-json\/wp\/v2\/comments?post=4049"}],"version-history":[{"count":6,"href":"http:\/\/staging.leboxi.eu\/sl\/wp-json\/wp\/v2\/product\/4049\/revisions"}],"predecessor-version":[{"id":15034,"href":"http:\/\/staging.leboxi.eu\/sl\/wp-json\/wp\/v2\/product\/4049\/revisions\/15034"}],"wp:featuredmedia":[{"embeddable":true,"href":"http:\/\/staging.leboxi.eu\/sl\/wp-json\/wp\/v2\/media\/13532"}],"wp:attachment":[{"href":"http:\/\/staging.leboxi.eu\/sl\/wp-json\/wp\/v2\/media?parent=4049"}],"wp:term":[{"taxonomy":"product_brand","embeddable":true,"href":"http:\/\/staging.leboxi.eu\/sl\/wp-json\/wp\/v2\/product_brand?post=4049"},{"taxonomy":"product_cat","embeddable":true,"href":"http:\/\/staging.leboxi.eu\/sl\/wp-json\/wp\/v2\/product_cat?post=4049"},{"taxonomy":"product_tag","embeddable":true,"href":"http:\/\/staging.leboxi.eu\/sl\/wp-json\/wp\/v2\/product_tag?post=4049"}],"curies":[{"name":"wp","href":"https:\/\/api.w.org\/{rel}","templated":true}]}}