{"id":3557,"date":"2021-08-02T20:31:18","date_gmt":"2021-08-02T19:31:18","guid":{"rendered":"http:\/\/staging.leboxi.eu\/?post_type=product&#038;p=3557"},"modified":"2025-01-26T16:39:31","modified_gmt":"2025-01-26T15:39:31","slug":"skodelica-za-utrujene-mame","status":"publish","type":"product","link":"http:\/\/staging.leboxi.eu\/sl\/izdelek\/skodelica-za-utrujene-mame\/","title":{"rendered":"&#8220;Gorivo za utrujene mame&#8221; skodelica"},"content":{"rendered":"<p>Emajlirana skodelica s \u0161aljivo vsebino.<\/p>\n<p>Prostornina: 360 ml<br \/>\nVi\u0161ina: 8 cm<br \/>\nPremer: 8,7 cm<\/p>\n<p>Material: Kovina<\/p>\n<p>Priporo\u010deno je ro\u010dno pranje skodelice, vendar je zaradi visokokvalitetnega kon\u010dnega sloja skodelico mogo\u010de \u010distiti v pomivalnem stroju in hkrati po ve\u010d ducat pranjih ohraniti barve natisnjenih vzorcev.<\/p>\n<h6>Dodatno:<\/h6>\n<p>Darilu lahko prilo\u017eite tudi <a href=\"http:\/\/staging.leboxi.eu\/izdelki\/cestitka\/\">\u0161aljivo \u010destitko<\/a>.<\/p>\n<p>\u010ce \u017eelite bomo va\u0161e darilo obdarovancu dostavili mi, seveda pa ob dostavi ne bomo prilo\u017eili ra\u010duna. Le-tega boste prejeli vi.<\/p>\n<p>&nbsp;<\/p>\n<p>Za piko na i lahko svoj darilni set nadgradite z\u00a0<a href=\"http:\/\/staging.leboxi.eu\/blog\/posvetilo-darilni-listki\/\">darilnimi listi\u010di<\/a>\u00a0za izdelavo katerih navodila najdete na na\u0161em blogu.<\/p>\n","protected":false},"excerpt":{"rendered":"<p>Vsi poznamo kak\u0161no utrujeno mamo, ki bi ji prav pri\u0161la tak\u0161na skodelica za njen najljub\u0161i koktail.<\/p>\n<p>Prostornina: 360 ml.<\/p>\n<p>Darilu lahko prilo\u017eite tudi <a href=\"http:\/\/staging.leboxi.eu\/izdelki\/cestitka\/\">\u0161aljivo \u010destitko<\/a>.<\/p>\n<p>&nbsp;<\/p>\n<p>\u010ce \u017eelite bomo va\u0161e darilo obdarovancu dostavili mi, seveda pa ob dostavi ne bomo prilo\u017eili ra\u010duna. Le-tega boste prejeli vi.<\/p>\n<p>Podroben opis si lahko preberete spodaj.<\/p>\n","protected":false},"featured_media":3545,"comment_status":"open","ping_status":"closed","template":"","meta":{"site-sidebar-layout":"default","site-content-layout":"default","ast-site-content-layout":"","site-content-style":"default","site-sidebar-style":"default","ast-global-header-display":"","ast-banner-title-visibility":"","ast-main-header-display":"","ast-hfb-above-header-display":"","ast-hfb-below-header-display":"","ast-hfb-mobile-header-display":"","site-post-title":"","ast-breadcrumbs-content":"","ast-featured-img":"","footer-sml-layout":"","theme-transparent-header-meta":"default","adv-header-id-meta":"","stick-header-meta":"","header-above-stick-meta":"","header-main-stick-meta":"","header-below-stick-meta":"","astra-migrate-meta-layouts":"default","ast-page-background-enabled":"default","ast-page-background-meta":{"desktop":{"background-color":"","background-image":"","background-repeat":"repeat","background-position":"center center","background-size":"auto","background-attachment":"scroll","background-type":"","background-media":"","overlay-type":"","overlay-color":"","overlay-opacity":"","overlay-gradient":""},"tablet":{"background-color":"","background-image":"","background-repeat":"repeat","background-position":"center center","background-size":"auto","background-attachment":"scroll","background-type":"","background-media":"","overlay-type":"","overlay-color":"","overlay-opacity":"","overlay-gradient":""},"mobile":{"background-color":"","background-image":"","background-repeat":"repeat","background-position":"center center","background-size":"auto","background-attachment":"scroll","background-type":"","background-media":"","overlay-type":"","overlay-color":"","overlay-opacity":"","overlay-gradient":""}},"ast-content-background-meta":{"desktop":{"background-color":"var(--ast-global-color-5)","background-image":"","background-repeat":"repeat","background-position":"center center","background-size":"auto","background-attachment":"scroll","background-type":"","background-media":"","overlay-type":"","overlay-color":"","overlay-opacity":"","overlay-gradient":""},"tablet":{"background-color":"var(--ast-global-color-5)","background-image":"","background-repeat":"repeat","background-position":"center center","background-size":"auto","background-attachment":"scroll","background-type":"","background-media":"","overlay-type":"","overlay-color":"","overlay-opacity":"","overlay-gradient":""},"mobile":{"background-color":"var(--ast-global-color-5)","background-image":"","background-repeat":"repeat","background-position":"center center","background-size":"auto","background-attachment":"scroll","background-type":"","background-media":"","overlay-type":"","overlay-color":"","overlay-opacity":"","overlay-gradient":""}}},"product_brand":[],"product_cat":[186,178,294,49,134,132,27,122,126,148,146,164,160,142,156,154,150],"product_tag":[],"class_list":{"0":"post-3557","1":"product","2":"type-product","3":"status-publish","4":"has-post-thumbnail","6":"product_cat-darila-za-bozic-za-zenske","7":"product_cat-za-zenske","8":"product_cat-smesne-skodelice-dan-zena","9":"product_cat-neprimerna","10":"product_cat-smesne-skodelice","11":"product_cat-smesna-darila","12":"product_cat-zenske","13":"product_cat-darila-za-zenske","14":"product_cat-darila-za-mamo","15":"product_cat-darila-za-prijateljico","16":"product_cat-priloznosti","17":"product_cat-darila-za-rojstni-dan","18":"product_cat-darila-za-bozic","19":"product_cat-smesna-darila-za-bozic","20":"product_cat-darila-za-dan-zena","21":"product_cat-darila-za-materinski-dan","22":"product_cat-darila-ob-rojstvu","23":"desktop-align-left","24":"tablet-align-left","25":"mobile-align-left","27":"first","28":"instock","29":"taxable","30":"shipping-taxable","31":"purchasable","32":"product-type-simple"},"yoast_head":"<!-- This site is optimized with the Yoast SEO plugin v25.2 - https:\/\/yoast.com\/wordpress\/plugins\/seo\/ -->\n<title>Emajlirana skodelica | Sme\u0161na darila | Le Boxi<\/title>\n<meta name=\"description\" content=\"Vsi poznamo kak\u0161no utrujeno mamo, ki bi ji prav pri\u0161la tak\u0161na skodelica za njen najljub\u0161i koktail.\" \/>\n<meta name=\"robots\" content=\"index, follow, max-snippet:-1, max-image-preview:large, max-video-preview:-1\" \/>\n<link rel=\"canonical\" href=\"http:\/\/staging.leboxi.eu\/sl\/izdelek\/skodelica-za-utrujene-mame\/\" \/>\n<meta property=\"og:locale\" content=\"sl_SI\" \/>\n<meta property=\"og:type\" content=\"article\" \/>\n<meta property=\"og:title\" content=\"Emajlirana skodelica | Sme\u0161na darila | Le Boxi\" \/>\n<meta property=\"og:description\" content=\"Vsi poznamo kak\u0161no utrujeno mamo, ki bi ji prav pri\u0161la tak\u0161na skodelica za njen najljub\u0161i koktail.\" \/>\n<meta property=\"og:url\" content=\"http:\/\/staging.leboxi.eu\/sl\/izdelek\/skodelica-za-utrujene-mame\/\" \/>\n<meta property=\"og:site_name\" content=\"Le Boxi | Unikatna darila za vsakogar\" \/>\n<meta property=\"article:publisher\" content=\"https:\/\/www.facebook.com\/leboxi.eu\" \/>\n<meta property=\"article:modified_time\" content=\"2025-01-26T15:39:31+00:00\" \/>\n<meta property=\"og:image\" content=\"http:\/\/staging.leboxi.eu\/wp-content\/uploads\/2021\/08\/emajlirana-skodelica-gorivo-za-mame.jpg\" \/>\n\t<meta property=\"og:image:width\" content=\"1000\" \/>\n\t<meta property=\"og:image:height\" content=\"1000\" \/>\n\t<meta property=\"og:image:type\" content=\"image\/jpeg\" \/>\n<meta name=\"twitter:card\" content=\"summary_large_image\" \/>\n<meta name=\"twitter:label1\" content=\"Est. reading time\" \/>\n\t<meta name=\"twitter:data1\" content=\"1 minuta\" \/>\n<script type=\"application\/ld+json\" class=\"yoast-schema-graph\">{\"@context\":\"https:\/\/schema.org\",\"@graph\":[{\"@type\":\"WebPage\",\"@id\":\"http:\/\/staging.leboxi.eu\/sl\/izdelek\/skodelica-za-utrujene-mame\/\",\"url\":\"http:\/\/staging.leboxi.eu\/sl\/izdelek\/skodelica-za-utrujene-mame\/\",\"name\":\"Emajlirana skodelica | Sme\u0161na darila | Le Boxi\",\"isPartOf\":{\"@id\":\"http:\/\/staging.leboxi.eu\/sl\/#website\"},\"primaryImageOfPage\":{\"@id\":\"http:\/\/staging.leboxi.eu\/sl\/izdelek\/skodelica-za-utrujene-mame\/#primaryimage\"},\"image\":{\"@id\":\"http:\/\/staging.leboxi.eu\/sl\/izdelek\/skodelica-za-utrujene-mame\/#primaryimage\"},\"thumbnailUrl\":\"http:\/\/staging.leboxi.eu\/wp-content\/uploads\/2021\/08\/emajlirana-skodelica-gorivo-za-mame.jpg\",\"datePublished\":\"2021-08-02T19:31:18+00:00\",\"dateModified\":\"2025-01-26T15:39:31+00:00\",\"description\":\"Vsi poznamo kak\u0161no utrujeno mamo, ki bi ji prav pri\u0161la tak\u0161na skodelica za njen najljub\u0161i koktail.\",\"breadcrumb\":{\"@id\":\"http:\/\/staging.leboxi.eu\/sl\/izdelek\/skodelica-za-utrujene-mame\/#breadcrumb\"},\"inLanguage\":\"sl-SI\",\"potentialAction\":[{\"@type\":\"ReadAction\",\"target\":[\"http:\/\/staging.leboxi.eu\/sl\/izdelek\/skodelica-za-utrujene-mame\/\"]}]},{\"@type\":\"ImageObject\",\"inLanguage\":\"sl-SI\",\"@id\":\"http:\/\/staging.leboxi.eu\/sl\/izdelek\/skodelica-za-utrujene-mame\/#primaryimage\",\"url\":\"http:\/\/staging.leboxi.eu\/wp-content\/uploads\/2021\/08\/emajlirana-skodelica-gorivo-za-mame.jpg\",\"contentUrl\":\"http:\/\/staging.leboxi.eu\/wp-content\/uploads\/2021\/08\/emajlirana-skodelica-gorivo-za-mame.jpg\",\"width\":1000,\"height\":1000,\"caption\":\"emajlirana skodelica bele barve z napisom gorivo za mame\"},{\"@type\":\"BreadcrumbList\",\"@id\":\"http:\/\/staging.leboxi.eu\/sl\/izdelek\/skodelica-za-utrujene-mame\/#breadcrumb\",\"itemListElement\":[{\"@type\":\"ListItem\",\"position\":1,\"name\":\"Doma\",\"item\":\"http:\/\/staging.leboxi.eu\/sl\/\"},{\"@type\":\"ListItem\",\"position\":2,\"name\":\"Trgovina\",\"item\":\"http:\/\/staging.leboxi.eu\/sl\/trgovina\/\"},{\"@type\":\"ListItem\",\"position\":3,\"name\":\"&#8220;Gorivo za utrujene mame&#8221; skodelica\"}]},{\"@type\":\"WebSite\",\"@id\":\"http:\/\/staging.leboxi.eu\/sl\/#website\",\"url\":\"http:\/\/staging.leboxi.eu\/sl\/\",\"name\":\"Le Boxi | Unikatna darila za vsakogar\",\"description\":\"Unikatna darila in darilne \u0161katle za vse prilo\u017enosti.\",\"publisher\":{\"@id\":\"http:\/\/staging.leboxi.eu\/sl\/#organization\"},\"potentialAction\":[{\"@type\":\"SearchAction\",\"target\":{\"@type\":\"EntryPoint\",\"urlTemplate\":\"http:\/\/staging.leboxi.eu\/sl\/?s={search_term_string}\"},\"query-input\":{\"@type\":\"PropertyValueSpecification\",\"valueRequired\":true,\"valueName\":\"search_term_string\"}}],\"inLanguage\":\"sl-SI\"},{\"@type\":\"Organization\",\"@id\":\"http:\/\/staging.leboxi.eu\/sl\/#organization\",\"name\":\"LE BOXI\",\"url\":\"http:\/\/staging.leboxi.eu\/sl\/\",\"logo\":{\"@type\":\"ImageObject\",\"inLanguage\":\"sl-SI\",\"@id\":\"http:\/\/staging.leboxi.eu\/sl\/#\/schema\/logo\/image\/\",\"url\":\"http:\/\/staging.leboxi.eu\/wp-content\/uploads\/2021\/02\/LeBoxi-manjsi-png.png\",\"contentUrl\":\"http:\/\/staging.leboxi.eu\/wp-content\/uploads\/2021\/02\/LeBoxi-manjsi-png.png\",\"width\":389,\"height\":164,\"caption\":\"LE BOXI\"},\"image\":{\"@id\":\"http:\/\/staging.leboxi.eu\/sl\/#\/schema\/logo\/image\/\"},\"sameAs\":[\"https:\/\/www.facebook.com\/leboxi.eu\",\"https:\/\/www.instagram.com\/le.boxi\/\"]}]}<\/script>\n<!-- \/ Yoast SEO plugin. -->","yoast_head_json":{"title":"Emajlirana skodelica | Sme\u0161na darila | Le Boxi","description":"Vsi poznamo kak\u0161no utrujeno mamo, ki bi ji prav pri\u0161la tak\u0161na skodelica za njen najljub\u0161i koktail.","robots":{"index":"index","follow":"follow","max-snippet":"max-snippet:-1","max-image-preview":"max-image-preview:large","max-video-preview":"max-video-preview:-1"},"canonical":"http:\/\/staging.leboxi.eu\/sl\/izdelek\/skodelica-za-utrujene-mame\/","og_locale":"sl_SI","og_type":"article","og_title":"Emajlirana skodelica | Sme\u0161na darila | Le Boxi","og_description":"Vsi poznamo kak\u0161no utrujeno mamo, ki bi ji prav pri\u0161la tak\u0161na skodelica za njen najljub\u0161i koktail.","og_url":"http:\/\/staging.leboxi.eu\/sl\/izdelek\/skodelica-za-utrujene-mame\/","og_site_name":"Le Boxi | Unikatna darila za vsakogar","article_publisher":"https:\/\/www.facebook.com\/leboxi.eu","article_modified_time":"2025-01-26T15:39:31+00:00","og_image":[{"width":1000,"height":1000,"url":"http:\/\/staging.leboxi.eu\/wp-content\/uploads\/2021\/08\/emajlirana-skodelica-gorivo-za-mame.jpg","type":"image\/jpeg"}],"twitter_card":"summary_large_image","twitter_misc":{"Est. reading time":"1 minuta"},"schema":{"@context":"https:\/\/schema.org","@graph":[{"@type":"WebPage","@id":"http:\/\/staging.leboxi.eu\/sl\/izdelek\/skodelica-za-utrujene-mame\/","url":"http:\/\/staging.leboxi.eu\/sl\/izdelek\/skodelica-za-utrujene-mame\/","name":"Emajlirana skodelica | Sme\u0161na darila | Le Boxi","isPartOf":{"@id":"http:\/\/staging.leboxi.eu\/sl\/#website"},"primaryImageOfPage":{"@id":"http:\/\/staging.leboxi.eu\/sl\/izdelek\/skodelica-za-utrujene-mame\/#primaryimage"},"image":{"@id":"http:\/\/staging.leboxi.eu\/sl\/izdelek\/skodelica-za-utrujene-mame\/#primaryimage"},"thumbnailUrl":"http:\/\/staging.leboxi.eu\/wp-content\/uploads\/2021\/08\/emajlirana-skodelica-gorivo-za-mame.jpg","datePublished":"2021-08-02T19:31:18+00:00","dateModified":"2025-01-26T15:39:31+00:00","description":"Vsi poznamo kak\u0161no utrujeno mamo, ki bi ji prav pri\u0161la tak\u0161na skodelica za njen najljub\u0161i koktail.","breadcrumb":{"@id":"http:\/\/staging.leboxi.eu\/sl\/izdelek\/skodelica-za-utrujene-mame\/#breadcrumb"},"inLanguage":"sl-SI","potentialAction":[{"@type":"ReadAction","target":["http:\/\/staging.leboxi.eu\/sl\/izdelek\/skodelica-za-utrujene-mame\/"]}]},{"@type":"ImageObject","inLanguage":"sl-SI","@id":"http:\/\/staging.leboxi.eu\/sl\/izdelek\/skodelica-za-utrujene-mame\/#primaryimage","url":"http:\/\/staging.leboxi.eu\/wp-content\/uploads\/2021\/08\/emajlirana-skodelica-gorivo-za-mame.jpg","contentUrl":"http:\/\/staging.leboxi.eu\/wp-content\/uploads\/2021\/08\/emajlirana-skodelica-gorivo-za-mame.jpg","width":1000,"height":1000,"caption":"emajlirana skodelica bele barve z napisom gorivo za mame"},{"@type":"BreadcrumbList","@id":"http:\/\/staging.leboxi.eu\/sl\/izdelek\/skodelica-za-utrujene-mame\/#breadcrumb","itemListElement":[{"@type":"ListItem","position":1,"name":"Doma","item":"http:\/\/staging.leboxi.eu\/sl\/"},{"@type":"ListItem","position":2,"name":"Trgovina","item":"http:\/\/staging.leboxi.eu\/sl\/trgovina\/"},{"@type":"ListItem","position":3,"name":"&#8220;Gorivo za utrujene mame&#8221; skodelica"}]},{"@type":"WebSite","@id":"http:\/\/staging.leboxi.eu\/sl\/#website","url":"http:\/\/staging.leboxi.eu\/sl\/","name":"Le Boxi | Unikatna darila za vsakogar","description":"Unikatna darila in darilne \u0161katle za vse prilo\u017enosti.","publisher":{"@id":"http:\/\/staging.leboxi.eu\/sl\/#organization"},"potentialAction":[{"@type":"SearchAction","target":{"@type":"EntryPoint","urlTemplate":"http:\/\/staging.leboxi.eu\/sl\/?s={search_term_string}"},"query-input":{"@type":"PropertyValueSpecification","valueRequired":true,"valueName":"search_term_string"}}],"inLanguage":"sl-SI"},{"@type":"Organization","@id":"http:\/\/staging.leboxi.eu\/sl\/#organization","name":"LE BOXI","url":"http:\/\/staging.leboxi.eu\/sl\/","logo":{"@type":"ImageObject","inLanguage":"sl-SI","@id":"http:\/\/staging.leboxi.eu\/sl\/#\/schema\/logo\/image\/","url":"http:\/\/staging.leboxi.eu\/wp-content\/uploads\/2021\/02\/LeBoxi-manjsi-png.png","contentUrl":"http:\/\/staging.leboxi.eu\/wp-content\/uploads\/2021\/02\/LeBoxi-manjsi-png.png","width":389,"height":164,"caption":"LE BOXI"},"image":{"@id":"http:\/\/staging.leboxi.eu\/sl\/#\/schema\/logo\/image\/"},"sameAs":["https:\/\/www.facebook.com\/leboxi.eu","https:\/\/www.instagram.com\/le.boxi\/"]}]}},"_links":{"self":[{"href":"http:\/\/staging.leboxi.eu\/sl\/wp-json\/wp\/v2\/product\/3557","targetHints":{"allow":["GET"]}}],"collection":[{"href":"http:\/\/staging.leboxi.eu\/sl\/wp-json\/wp\/v2\/product"}],"about":[{"href":"http:\/\/staging.leboxi.eu\/sl\/wp-json\/wp\/v2\/types\/product"}],"replies":[{"embeddable":true,"href":"http:\/\/staging.leboxi.eu\/sl\/wp-json\/wp\/v2\/comments?post=3557"}],"version-history":[{"count":3,"href":"http:\/\/staging.leboxi.eu\/sl\/wp-json\/wp\/v2\/product\/3557\/revisions"}],"predecessor-version":[{"id":12314,"href":"http:\/\/staging.leboxi.eu\/sl\/wp-json\/wp\/v2\/product\/3557\/revisions\/12314"}],"wp:featuredmedia":[{"embeddable":true,"href":"http:\/\/staging.leboxi.eu\/sl\/wp-json\/wp\/v2\/media\/3545"}],"wp:attachment":[{"href":"http:\/\/staging.leboxi.eu\/sl\/wp-json\/wp\/v2\/media?parent=3557"}],"wp:term":[{"taxonomy":"product_brand","embeddable":true,"href":"http:\/\/staging.leboxi.eu\/sl\/wp-json\/wp\/v2\/product_brand?post=3557"},{"taxonomy":"product_cat","embeddable":true,"href":"http:\/\/staging.leboxi.eu\/sl\/wp-json\/wp\/v2\/product_cat?post=3557"},{"taxonomy":"product_tag","embeddable":true,"href":"http:\/\/staging.leboxi.eu\/sl\/wp-json\/wp\/v2\/product_tag?post=3557"}],"curies":[{"name":"wp","href":"https:\/\/api.w.org\/{rel}","templated":true}]}}