{"id":2481,"date":"2021-04-08T17:01:30","date_gmt":"2021-04-08T16:01:30","guid":{"rendered":"http:\/\/staging.leboxi.eu\/?post_type=product&#038;p=2481"},"modified":"2024-08-12T19:23:21","modified_gmt":"2024-08-12T18:23:21","slug":"cas-za-kopanje-medvedek","status":"publish","type":"product","link":"http:\/\/staging.leboxi.eu\/sl\/izdelek\/cas-za-kopanje-medvedek\/","title":{"rendered":"\u010cas za kopanje \u2013 medvedek"},"content":{"rendered":"<p>Komplet sestavljajo:<\/p>\n<ul>\n<li><strong>Mehka kvalitetna otro\u0161ka bomba\u017ena brisa\u010da<\/strong> s kapuco izdelana z mislijo na otroke in z namenom, da jim bi bilo prijetno. Najmlaj\u0161e bo navdu\u0161ila z vezenim motivom medvedka. Je izredno vpojna in mehka. Dimenzija 70 x 70 cm. Sestava: Bomba\u017e 90%, polyester 10%<\/li>\n<\/ul>\n<p>&nbsp;<\/p>\n<ul>\n<li><strong>Naravno, ro\u010dno izdelano milo NE\u017dNO MILO S KOKOSOVIM MLEKOM (120g)<\/strong><\/li>\n<\/ul>\n<p>Ne\u017eno milo za obraz in telo. Vla\u017eilna kombinacija iz kakavovega, karitejevega in mangovega masla so \u010dudovita kombinacija za suho in ob\u010dutljivo ko\u017eo. Ko\u017eo o\u010distijo in jo hkrati pustijo negovano in navla\u017eeno. Milu je dodano kokosovo mleko, ki je izjemno ne\u017eno in poskrbi, da je ko\u017ea po uporabi mehka. Kokosovo mleko poskrbi za izjemno vla\u017eilen efekt, \u0161e posebaj v suhih mesecih. Naravne sestavine kokosovega mleka lahko pomagajo pri zdravljenju suhe ko\u017ee in poskrbijo, da se iz ko\u017ee odstranijo vse \u0161kodljive bakterije. Ko\u017eo bo pustilo mehko, gladko, navla\u017eeno in popolnoma \u010dudovito.<\/p>\n<p>Sestavine: Olive Oil, Coconut oil, Shea Butter, Cococnut Milk, Cocoa Butter, Mango Butter,<br \/>\nSweet Almond Oil, Castor Oil.<\/p>\n<p>Di\u0161ava: brez di\u0161av<\/p>\n<p><strong>\u00a0<\/strong><strong>Opombe:<\/strong><\/p>\n<p>\u27a4 Zaradi ro\u010dne izdelave, se lahko videz mila nekoliko razlikuje od tistega na sliki.<\/p>\n<p>\u27a4 Mila so pakirana v ve\u010djih koli\u010dinah, kot je obi\u010dajno za naravna, ro\u010dno izdelana mila \u2013 120g.<\/p>\n<p>&nbsp;<\/p>\n<ul>\n<li><strong>Kov\u010dek <\/strong>sive barve z belimi zvezdicami, ki slu\u017ei kot \u0161katla v katerega so zlo\u017eeni izdelki. Star\u0161i ga lahko kasneje uporabijo kot \u0161katlo za shranjevanje otro\u0161kih spominov. Dimenzije: (D x \u0160 x V) 25,5cm x 8,5 cm x18 cm.<\/li>\n<li>Dodatno: Darilu lahko prilo\u017eite tudi <strong>personalizirano \u010destitko, <\/strong>ki jo lahko izberete na strani izbrane darilne \u0161katle (+2,95 eur)<\/li>\n<\/ul>\n<p>\u010ce \u017eelite bomo va\u0161e darilo obdarovancu dostavili mi, seveda pa ob dostavi ne bomo prilo\u017eili ra\u010duna. Le-tega boste prejeli vi.<\/p>\n<p>&nbsp;<\/p>\n","protected":false},"excerpt":{"rendered":"<p>Podarite komplet mehke in vpojne bomba\u017ene brisa\u010dke s kapuco in igrivim vzor\u010dkom medvedka ter ro\u010dno izdelano milo iz kokosovega olja za \u010di\u010denje in nego ne\u017ene novorojen\u010dkove ko\u017ee. Vse skupaj je li\u010dno zapakirano v \u010dudovito \u0161katlo v obliki kov\u010dka, ki jo dru\u017eina lahko kasneje uporablja za shranjevanje dragocenih spominov.<\/p>\n<p>V \u0161katlo lahko prilo\u017eite tudi personalizirano \u010destitko (za dopla\u010dilo).<\/p>\n<p>Podroben opis si poglejte spodaj.<\/p>\n<p>&nbsp;<\/p>\n<p>\u010ce \u017eelite bomo va\u0161e darilo obdarovancu dostavili mi, seveda pa ob dostavi ne bomo prilo\u017eili ra\u010duna. Le-tega boste prejeli vi.<\/p>\n","protected":false},"featured_media":2477,"comment_status":"open","ping_status":"closed","template":"","meta":{"site-sidebar-layout":"default","site-content-layout":"default","ast-site-content-layout":"default","site-content-style":"default","site-sidebar-style":"default","ast-global-header-display":"","ast-banner-title-visibility":"","ast-main-header-display":"","ast-hfb-above-header-display":"","ast-hfb-below-header-display":"","ast-hfb-mobile-header-display":"","site-post-title":"","ast-breadcrumbs-content":"","ast-featured-img":"","footer-sml-layout":"","theme-transparent-header-meta":"default","adv-header-id-meta":"","stick-header-meta":"","header-above-stick-meta":"","header-main-stick-meta":"","header-below-stick-meta":"","astra-migrate-meta-layouts":"set","ast-page-background-enabled":"default","ast-page-background-meta":{"desktop":{"background-color":"","background-image":"","background-repeat":"repeat","background-position":"center center","background-size":"auto","background-attachment":"scroll","background-type":"","background-media":"","overlay-type":"","overlay-color":"","overlay-opacity":"","overlay-gradient":""},"tablet":{"background-color":"","background-image":"","background-repeat":"repeat","background-position":"center center","background-size":"auto","background-attachment":"scroll","background-type":"","background-media":"","overlay-type":"","overlay-color":"","overlay-opacity":"","overlay-gradient":""},"mobile":{"background-color":"","background-image":"","background-repeat":"repeat","background-position":"center center","background-size":"auto","background-attachment":"scroll","background-type":"","background-media":"","overlay-type":"","overlay-color":"","overlay-opacity":"","overlay-gradient":""}},"ast-content-background-meta":{"desktop":{"background-color":"var(--ast-global-color-5)","background-image":"","background-repeat":"repeat","background-position":"center center","background-size":"auto","background-attachment":"scroll","background-type":"","background-media":"","overlay-type":"","overlay-color":"","overlay-opacity":"","overlay-gradient":""},"tablet":{"background-color":"var(--ast-global-color-5)","background-image":"","background-repeat":"repeat","background-position":"center center","background-size":"auto","background-attachment":"scroll","background-type":"","background-media":"","overlay-type":"","overlay-color":"","overlay-opacity":"","overlay-gradient":""},"mobile":{"background-color":"var(--ast-global-color-5)","background-image":"","background-repeat":"repeat","background-position":"center center","background-size":"auto","background-attachment":"scroll","background-type":"","background-media":"","overlay-type":"","overlay-color":"","overlay-opacity":"","overlay-gradient":""}}},"product_brand":[],"product_cat":[357],"product_tag":[],"class_list":{"0":"post-2481","1":"product","2":"type-product","3":"status-publish","4":"has-post-thumbnail","6":"product_cat-ni-na-zalogi","7":"desktop-align-left","8":"tablet-align-left","9":"mobile-align-left","11":"first","12":"outofstock","13":"taxable","14":"shipping-taxable","15":"purchasable","16":"product-type-simple"},"yoast_head":"<!-- This site is optimized with the Yoast SEO plugin v25.2 - https:\/\/yoast.com\/wordpress\/plugins\/seo\/ -->\n<title>Le Boxi | Unikatna darila za vsakogar<\/title>\n<meta name=\"description\" content=\"Podarite komplet mehke in vpojne bomba\u017ene brisa\u010dke s kapuco in igrivim vzor\u010dkom medvedka ter ro\u010dno izdelano milo iz kokosovega olja za \u010di\u010denje in nego ne\u017ene novorojen\u010dkove ko\u017ee. Vse skupaj je li\u010dno zapakirano v \u010dudovito \u0161katlo v obliki kov\u010dka, ki jo dru\u017eina lahko kasneje uporablja za shranjevanje dragocenih spominov.\" \/>\n<meta name=\"robots\" content=\"index, follow, max-snippet:-1, max-image-preview:large, max-video-preview:-1\" \/>\n<link rel=\"canonical\" href=\"http:\/\/staging.leboxi.eu\/sl\/izdelek\/cas-za-kopanje-medvedek\/\" \/>\n<meta property=\"og:locale\" content=\"sl_SI\" \/>\n<meta property=\"og:type\" content=\"article\" \/>\n<meta property=\"og:title\" content=\"Le Boxi | Unikatna darila za vsakogar\" \/>\n<meta property=\"og:description\" content=\"Podarite komplet mehke in vpojne bomba\u017ene brisa\u010dke s kapuco in igrivim vzor\u010dkom medvedka ter ro\u010dno izdelano milo iz kokosovega olja za \u010di\u010denje in nego ne\u017ene novorojen\u010dkove ko\u017ee. Vse skupaj je li\u010dno zapakirano v \u010dudovito \u0161katlo v obliki kov\u010dka, ki jo dru\u017eina lahko kasneje uporablja za shranjevanje dragocenih spominov.\" \/>\n<meta property=\"og:url\" content=\"http:\/\/staging.leboxi.eu\/sl\/izdelek\/cas-za-kopanje-medvedek\/\" \/>\n<meta property=\"og:site_name\" content=\"Le Boxi | Unikatna darila za vsakogar\" \/>\n<meta property=\"article:publisher\" content=\"https:\/\/www.facebook.com\/leboxi.eu\" \/>\n<meta property=\"article:modified_time\" content=\"2024-08-12T18:23:21+00:00\" \/>\n<meta property=\"og:image\" content=\"http:\/\/staging.leboxi.eu\/wp-content\/uploads\/2021\/04\/Izdelek-168-of-339.jpg\" \/>\n\t<meta property=\"og:image:width\" content=\"1000\" \/>\n\t<meta property=\"og:image:height\" content=\"1000\" \/>\n\t<meta property=\"og:image:type\" content=\"image\/jpeg\" \/>\n<meta name=\"twitter:card\" content=\"summary_large_image\" \/>\n<meta name=\"twitter:label1\" content=\"Est. reading time\" \/>\n\t<meta name=\"twitter:data1\" content=\"2 minuti\" \/>\n<script type=\"application\/ld+json\" class=\"yoast-schema-graph\">{\"@context\":\"https:\/\/schema.org\",\"@graph\":[{\"@type\":\"WebPage\",\"@id\":\"http:\/\/staging.leboxi.eu\/sl\/izdelek\/cas-za-kopanje-medvedek\/\",\"url\":\"http:\/\/staging.leboxi.eu\/sl\/izdelek\/cas-za-kopanje-medvedek\/\",\"name\":\"Le Boxi | Unikatna darila za vsakogar\",\"isPartOf\":{\"@id\":\"http:\/\/staging.leboxi.eu\/sl\/#website\"},\"primaryImageOfPage\":{\"@id\":\"http:\/\/staging.leboxi.eu\/sl\/izdelek\/cas-za-kopanje-medvedek\/#primaryimage\"},\"image\":{\"@id\":\"http:\/\/staging.leboxi.eu\/sl\/izdelek\/cas-za-kopanje-medvedek\/#primaryimage\"},\"thumbnailUrl\":\"http:\/\/staging.leboxi.eu\/wp-content\/uploads\/2021\/04\/Izdelek-168-of-339.jpg\",\"datePublished\":\"2021-04-08T16:01:30+00:00\",\"dateModified\":\"2024-08-12T18:23:21+00:00\",\"description\":\"Podarite komplet mehke in vpojne bomba\u017ene brisa\u010dke s kapuco in igrivim vzor\u010dkom medvedka ter ro\u010dno izdelano milo iz kokosovega olja za \u010di\u010denje in nego ne\u017ene novorojen\u010dkove ko\u017ee. Vse skupaj je li\u010dno zapakirano v \u010dudovito \u0161katlo v obliki kov\u010dka, ki jo dru\u017eina lahko kasneje uporablja za shranjevanje dragocenih spominov.\",\"breadcrumb\":{\"@id\":\"http:\/\/staging.leboxi.eu\/sl\/izdelek\/cas-za-kopanje-medvedek\/#breadcrumb\"},\"inLanguage\":\"sl-SI\",\"potentialAction\":[{\"@type\":\"ReadAction\",\"target\":[\"http:\/\/staging.leboxi.eu\/sl\/izdelek\/cas-za-kopanje-medvedek\/\"]}]},{\"@type\":\"ImageObject\",\"inLanguage\":\"sl-SI\",\"@id\":\"http:\/\/staging.leboxi.eu\/sl\/izdelek\/cas-za-kopanje-medvedek\/#primaryimage\",\"url\":\"http:\/\/staging.leboxi.eu\/wp-content\/uploads\/2021\/04\/Izdelek-168-of-339.jpg\",\"contentUrl\":\"http:\/\/staging.leboxi.eu\/wp-content\/uploads\/2021\/04\/Izdelek-168-of-339.jpg\",\"width\":1000,\"height\":1000,\"caption\":\"Siv darilni kov\u010dek z belimi zvezdicami vsebuje ro\u010dno izdelano naravno milo in otro\u0161ko brisa\u010dko s kapuco z vezenim motivom medvedka\"},{\"@type\":\"BreadcrumbList\",\"@id\":\"http:\/\/staging.leboxi.eu\/sl\/izdelek\/cas-za-kopanje-medvedek\/#breadcrumb\",\"itemListElement\":[{\"@type\":\"ListItem\",\"position\":1,\"name\":\"Doma\",\"item\":\"http:\/\/staging.leboxi.eu\/sl\/\"},{\"@type\":\"ListItem\",\"position\":2,\"name\":\"Trgovina\",\"item\":\"http:\/\/staging.leboxi.eu\/sl\/trgovina\/\"},{\"@type\":\"ListItem\",\"position\":3,\"name\":\"\u010cas za kopanje \u2013 medvedek\"}]},{\"@type\":\"WebSite\",\"@id\":\"http:\/\/staging.leboxi.eu\/sl\/#website\",\"url\":\"http:\/\/staging.leboxi.eu\/sl\/\",\"name\":\"Le Boxi | Unikatna darila za vsakogar\",\"description\":\"Unikatna darila in darilne \u0161katle za vse prilo\u017enosti.\",\"publisher\":{\"@id\":\"http:\/\/staging.leboxi.eu\/sl\/#organization\"},\"potentialAction\":[{\"@type\":\"SearchAction\",\"target\":{\"@type\":\"EntryPoint\",\"urlTemplate\":\"http:\/\/staging.leboxi.eu\/sl\/?s={search_term_string}\"},\"query-input\":{\"@type\":\"PropertyValueSpecification\",\"valueRequired\":true,\"valueName\":\"search_term_string\"}}],\"inLanguage\":\"sl-SI\"},{\"@type\":\"Organization\",\"@id\":\"http:\/\/staging.leboxi.eu\/sl\/#organization\",\"name\":\"LE BOXI\",\"url\":\"http:\/\/staging.leboxi.eu\/sl\/\",\"logo\":{\"@type\":\"ImageObject\",\"inLanguage\":\"sl-SI\",\"@id\":\"http:\/\/staging.leboxi.eu\/sl\/#\/schema\/logo\/image\/\",\"url\":\"http:\/\/staging.leboxi.eu\/wp-content\/uploads\/2021\/02\/LeBoxi-manjsi-png.png\",\"contentUrl\":\"http:\/\/staging.leboxi.eu\/wp-content\/uploads\/2021\/02\/LeBoxi-manjsi-png.png\",\"width\":389,\"height\":164,\"caption\":\"LE BOXI\"},\"image\":{\"@id\":\"http:\/\/staging.leboxi.eu\/sl\/#\/schema\/logo\/image\/\"},\"sameAs\":[\"https:\/\/www.facebook.com\/leboxi.eu\",\"https:\/\/www.instagram.com\/le.boxi\/\"]}]}<\/script>\n<!-- \/ Yoast SEO plugin. -->","yoast_head_json":{"title":"Le Boxi | Unikatna darila za vsakogar","description":"Podarite komplet mehke in vpojne bomba\u017ene brisa\u010dke s kapuco in igrivim vzor\u010dkom medvedka ter ro\u010dno izdelano milo iz kokosovega olja za \u010di\u010denje in nego ne\u017ene novorojen\u010dkove ko\u017ee. Vse skupaj je li\u010dno zapakirano v \u010dudovito \u0161katlo v obliki kov\u010dka, ki jo dru\u017eina lahko kasneje uporablja za shranjevanje dragocenih spominov.","robots":{"index":"index","follow":"follow","max-snippet":"max-snippet:-1","max-image-preview":"max-image-preview:large","max-video-preview":"max-video-preview:-1"},"canonical":"http:\/\/staging.leboxi.eu\/sl\/izdelek\/cas-za-kopanje-medvedek\/","og_locale":"sl_SI","og_type":"article","og_title":"Le Boxi | Unikatna darila za vsakogar","og_description":"Podarite komplet mehke in vpojne bomba\u017ene brisa\u010dke s kapuco in igrivim vzor\u010dkom medvedka ter ro\u010dno izdelano milo iz kokosovega olja za \u010di\u010denje in nego ne\u017ene novorojen\u010dkove ko\u017ee. Vse skupaj je li\u010dno zapakirano v \u010dudovito \u0161katlo v obliki kov\u010dka, ki jo dru\u017eina lahko kasneje uporablja za shranjevanje dragocenih spominov.","og_url":"http:\/\/staging.leboxi.eu\/sl\/izdelek\/cas-za-kopanje-medvedek\/","og_site_name":"Le Boxi | Unikatna darila za vsakogar","article_publisher":"https:\/\/www.facebook.com\/leboxi.eu","article_modified_time":"2024-08-12T18:23:21+00:00","og_image":[{"width":1000,"height":1000,"url":"http:\/\/staging.leboxi.eu\/wp-content\/uploads\/2021\/04\/Izdelek-168-of-339.jpg","type":"image\/jpeg"}],"twitter_card":"summary_large_image","twitter_misc":{"Est. reading time":"2 minuti"},"schema":{"@context":"https:\/\/schema.org","@graph":[{"@type":"WebPage","@id":"http:\/\/staging.leboxi.eu\/sl\/izdelek\/cas-za-kopanje-medvedek\/","url":"http:\/\/staging.leboxi.eu\/sl\/izdelek\/cas-za-kopanje-medvedek\/","name":"Le Boxi | Unikatna darila za vsakogar","isPartOf":{"@id":"http:\/\/staging.leboxi.eu\/sl\/#website"},"primaryImageOfPage":{"@id":"http:\/\/staging.leboxi.eu\/sl\/izdelek\/cas-za-kopanje-medvedek\/#primaryimage"},"image":{"@id":"http:\/\/staging.leboxi.eu\/sl\/izdelek\/cas-za-kopanje-medvedek\/#primaryimage"},"thumbnailUrl":"http:\/\/staging.leboxi.eu\/wp-content\/uploads\/2021\/04\/Izdelek-168-of-339.jpg","datePublished":"2021-04-08T16:01:30+00:00","dateModified":"2024-08-12T18:23:21+00:00","description":"Podarite komplet mehke in vpojne bomba\u017ene brisa\u010dke s kapuco in igrivim vzor\u010dkom medvedka ter ro\u010dno izdelano milo iz kokosovega olja za \u010di\u010denje in nego ne\u017ene novorojen\u010dkove ko\u017ee. Vse skupaj je li\u010dno zapakirano v \u010dudovito \u0161katlo v obliki kov\u010dka, ki jo dru\u017eina lahko kasneje uporablja za shranjevanje dragocenih spominov.","breadcrumb":{"@id":"http:\/\/staging.leboxi.eu\/sl\/izdelek\/cas-za-kopanje-medvedek\/#breadcrumb"},"inLanguage":"sl-SI","potentialAction":[{"@type":"ReadAction","target":["http:\/\/staging.leboxi.eu\/sl\/izdelek\/cas-za-kopanje-medvedek\/"]}]},{"@type":"ImageObject","inLanguage":"sl-SI","@id":"http:\/\/staging.leboxi.eu\/sl\/izdelek\/cas-za-kopanje-medvedek\/#primaryimage","url":"http:\/\/staging.leboxi.eu\/wp-content\/uploads\/2021\/04\/Izdelek-168-of-339.jpg","contentUrl":"http:\/\/staging.leboxi.eu\/wp-content\/uploads\/2021\/04\/Izdelek-168-of-339.jpg","width":1000,"height":1000,"caption":"Siv darilni kov\u010dek z belimi zvezdicami vsebuje ro\u010dno izdelano naravno milo in otro\u0161ko brisa\u010dko s kapuco z vezenim motivom medvedka"},{"@type":"BreadcrumbList","@id":"http:\/\/staging.leboxi.eu\/sl\/izdelek\/cas-za-kopanje-medvedek\/#breadcrumb","itemListElement":[{"@type":"ListItem","position":1,"name":"Doma","item":"http:\/\/staging.leboxi.eu\/sl\/"},{"@type":"ListItem","position":2,"name":"Trgovina","item":"http:\/\/staging.leboxi.eu\/sl\/trgovina\/"},{"@type":"ListItem","position":3,"name":"\u010cas za kopanje \u2013 medvedek"}]},{"@type":"WebSite","@id":"http:\/\/staging.leboxi.eu\/sl\/#website","url":"http:\/\/staging.leboxi.eu\/sl\/","name":"Le Boxi | Unikatna darila za vsakogar","description":"Unikatna darila in darilne \u0161katle za vse prilo\u017enosti.","publisher":{"@id":"http:\/\/staging.leboxi.eu\/sl\/#organization"},"potentialAction":[{"@type":"SearchAction","target":{"@type":"EntryPoint","urlTemplate":"http:\/\/staging.leboxi.eu\/sl\/?s={search_term_string}"},"query-input":{"@type":"PropertyValueSpecification","valueRequired":true,"valueName":"search_term_string"}}],"inLanguage":"sl-SI"},{"@type":"Organization","@id":"http:\/\/staging.leboxi.eu\/sl\/#organization","name":"LE BOXI","url":"http:\/\/staging.leboxi.eu\/sl\/","logo":{"@type":"ImageObject","inLanguage":"sl-SI","@id":"http:\/\/staging.leboxi.eu\/sl\/#\/schema\/logo\/image\/","url":"http:\/\/staging.leboxi.eu\/wp-content\/uploads\/2021\/02\/LeBoxi-manjsi-png.png","contentUrl":"http:\/\/staging.leboxi.eu\/wp-content\/uploads\/2021\/02\/LeBoxi-manjsi-png.png","width":389,"height":164,"caption":"LE BOXI"},"image":{"@id":"http:\/\/staging.leboxi.eu\/sl\/#\/schema\/logo\/image\/"},"sameAs":["https:\/\/www.facebook.com\/leboxi.eu","https:\/\/www.instagram.com\/le.boxi\/"]}]}},"_links":{"self":[{"href":"http:\/\/staging.leboxi.eu\/sl\/wp-json\/wp\/v2\/product\/2481","targetHints":{"allow":["GET"]}}],"collection":[{"href":"http:\/\/staging.leboxi.eu\/sl\/wp-json\/wp\/v2\/product"}],"about":[{"href":"http:\/\/staging.leboxi.eu\/sl\/wp-json\/wp\/v2\/types\/product"}],"replies":[{"embeddable":true,"href":"http:\/\/staging.leboxi.eu\/sl\/wp-json\/wp\/v2\/comments?post=2481"}],"version-history":[{"count":3,"href":"http:\/\/staging.leboxi.eu\/sl\/wp-json\/wp\/v2\/product\/2481\/revisions"}],"predecessor-version":[{"id":9628,"href":"http:\/\/staging.leboxi.eu\/sl\/wp-json\/wp\/v2\/product\/2481\/revisions\/9628"}],"wp:featuredmedia":[{"embeddable":true,"href":"http:\/\/staging.leboxi.eu\/sl\/wp-json\/wp\/v2\/media\/2477"}],"wp:attachment":[{"href":"http:\/\/staging.leboxi.eu\/sl\/wp-json\/wp\/v2\/media?parent=2481"}],"wp:term":[{"taxonomy":"product_brand","embeddable":true,"href":"http:\/\/staging.leboxi.eu\/sl\/wp-json\/wp\/v2\/product_brand?post=2481"},{"taxonomy":"product_cat","embeddable":true,"href":"http:\/\/staging.leboxi.eu\/sl\/wp-json\/wp\/v2\/product_cat?post=2481"},{"taxonomy":"product_tag","embeddable":true,"href":"http:\/\/staging.leboxi.eu\/sl\/wp-json\/wp\/v2\/product_tag?post=2481"}],"curies":[{"name":"wp","href":"https:\/\/api.w.org\/{rel}","templated":true}]}}