{"id":2444,"date":"2021-04-07T20:32:29","date_gmt":"2021-04-07T19:32:29","guid":{"rendered":"http:\/\/staging.leboxi.eu\/?post_type=product&#038;p=2444"},"modified":"2024-10-09T16:00:24","modified_gmt":"2024-10-09T15:00:24","slug":"bozicno-darilo-za-punco","status":"publish","type":"product","link":"http:\/\/staging.leboxi.eu\/sl\/izdelek\/bozicno-darilo-za-punco\/","title":{"rendered":"Darilna \u0161katla \u2013 Brez stresa"},"content":{"rendered":"<p><strong>Bo\u017eanski darilni komplet zanjo je primeren tako za rojstnodnevna darila, bo\u017ei\u010dno darilo za punco ali \u017eeno ter kot darila za vse ostale posebne prilo\u017enosti.<\/strong><\/p>\n<h5><\/h5>\n<h5><strong>Darilna \u0161katla vsebuje:<\/strong><\/h5>\n<p>&nbsp;<\/p>\n<ol>\n<li>\n<h6><strong>Mehka gobica za piling iz sisala<\/strong><\/h6>\n<\/li>\n<\/ol>\n<p>Ta 100% biolo\u0161ko razgradljiva gobica iz sisala, je odli\u010dna za piling celotnega telesa, predvsem pa odstranjevanje vra\u0161\u010denih dlak in boj proti celulitu, zaradi svojih masa\u017enih in po\u017eivljajo\u010dih lastnosti. Va\u0161a ko\u017ea bo po uporabi mehka in obnovljena. Naravna mo\u010d pilinga z gobico iz sisala bo izbolj\u0161ala pretok krvi, ter s tem pospe\u0161ila odstranjevanje toksinov iz ko\u017ee in spro\u017eila spro\u0161\u010danje energije od od glave do pet. Izdelki iz sisala so 100% naravni, zelo trajnostni in okolju prijazni.<\/p>\n<p>&nbsp;<\/p>\n<ol start=\"2\">\n<li>\n<h6><strong>Aromati\u010dna sojina di\u0161e\u010da sve\u010dka<\/strong><\/h6>\n<\/li>\n<\/ol>\n<p>Aromati\u010dna sve\u010dka z vonjem vijolic, narejena iz sojinega voska, ki je obnovljiv vir in kar 3% di\u0161e\u010dega olja, ki bo priklicala v spomin pomladne vonjave cveto\u010dih vijolic.<\/p>\n<p>Sojina sve\u010dka omogo\u010da ne\u017enej\u0161i plamen, \u010distej\u0161i vonj in dolgotrajnej\u0161e gorenje. Izdelane so iz visokokakovostnega \u010distega voska in olja hidrirane soje.<\/p>\n<p>NASVET: Ob prvi uporabi pustite sve\u010do goreti pribli\u017eno 2 uri, da bo va\u0161a sve\u010da ustvarila prvotni izgorevalni spomin. To bo pove\u010dalo vonj in celovitej\u0161e topljenje voska. Stenj naj bo vedno v sredini.<\/p>\n<p>&nbsp;<\/p>\n<ol start=\"3\">\n<li>\n<h6><strong>Himalajska kopalna sol (35g)\/ \u010cUTNOST: eteri\u010dna olja Ylang Ylang + kokosovo olje <\/strong><\/h6>\n<\/li>\n<\/ol>\n<p>Himalajska sol bogata z minerali, pre\u017eeta s 100% eteri\u010dnimi olji, kokosovim oljem in suhimi cvetnimi listi vrtnic. Ker je himalajska sol tako bogata z minerali (natan\u010dneje 84 minerali), namakanje v slani vodi pomirja in obnavlja po\u0161kodovano ko\u017eo ter spodbuja obnovo celic. Dodana olja pa ko\u017eo \u0161e dodatno nahranijo in navla\u017eijo. Ko si za\u017eelite razvajanja le dodajte 2-3 \u010dajne \u017eli\u010dke kopalne soli v toplo vodo v va\u0161i kadi in u\u017eivajte v aromateri\u010dni kopeli.<\/p>\n<p>SESTAVINE: Sodium Chloride, Rose Centifolia Flowers, Cananga Odorata Oil, Cocos Nucifera oil, *Linalool, *Benzyl Benzoate, Farnesol. *Naravne sestavine eteri\u010dnih olj<\/p>\n<p>&nbsp;<\/p>\n<ol start=\"4\">\n<li>\n<h6><strong>Kopalna bombica \u2013 MANDELJ<\/strong><\/h6>\n<\/li>\n<\/ol>\n<p>Privo\u0161\u010dite si razko\u0161no spa sprostitev znotraj doma z ro\u010dno izdelano kopalno bombico, ki bo s svojo aromo mandlja sprostila vse va\u0161e napete mi\u0161ice in misli ter pustila va\u0161o ko\u017eo mehko kot svila.<\/p>\n<p>SESTAVINE: sodium bicarbonate, citric acid, sodium chloride, persea gratissima (avocado) oil, parfum, aqua, cinnamyl alcohol, CI 19140, CI 16255, CI 28440<\/p>\n<p>&nbsp;<\/p>\n<ol start=\"5\">\n<li>\n<h6><strong>V\u017eigalice.<\/strong><\/h6>\n<\/li>\n<\/ol>\n<p>&nbsp;<\/p>\n<ol start=\"6\">\n<li>\n<h6><strong>Vre\u010dka iz jute.<\/strong><\/h6>\n<\/li>\n<\/ol>\n<h6>Dodatno:<\/h6>\n<p>Darilnemu setu lahko prilo\u017eite tudi\u00a0<strong>personalizirano \u010destitko<\/strong>\u00a0(+2,95 eur).<\/p>\n<p>\u010ce \u017eelite bomo va\u0161e darilo obdarovancu dostavili mi, seveda pa ob dostavi ne bomo prilo\u017eili ra\u010duna. Le-tega boste prejeli vi.<\/p>\n<p>Za piko na i lahko svoj darilni set nadgradite z\u00a0<a href=\"http:\/\/staging.leboxi.eu\/blog\/posvetilo-darilni-listki\/\">darilnimi listi\u010di<\/a> za izdelavo katerih navodila najdete na na\u0161em blogu. Darilna \u0161katla je primerna tudi kot bo\u017ei\u010dno darilo za punco ali darila za ostale posebne prilo\u017enosti.<\/p>\n<p>&nbsp;<\/p>\n","protected":false},"excerpt":{"rendered":"<p>Pre\u017eenite stres in si privo\u0161\u010dite razvajanje s tem negovalnim darilnim kompletom, ki bo va\u0161o ko\u017eo zmeh\u010dal in jo prijetno odi\u0161avil! V njem boste na\u0161li 100% biolo\u0161ko razgradljivo gobico iz sisala za ne\u017eni piling, ro\u010dno izdelano kopalno bombico in himalajsko kopalno sol v li\u010dni epruveti za spro\u0161\u010dujo\u010de kopeli ter aromati\u010dno sve\u010dko z opojnim vonjem in v\u017eigalice v dekorativni vre\u010dki iz jute, za prijetno vzdru\u0161je. Privo\u0161\u010dite si (ali pa nekomu podarite) spro\u0161\u010dujo\u010do spa sprostitev znotraj doma! Odli\u010dna ideja za bo\u017ei\u010dno darilo za punco ali darilo za druge posebne prilo\u017enosti, kot so obletnica, rojstni dan, valentinovo.<\/p>\n<p>V darilno \u0161katlo lahko prilo\u017eite tudi personalizirano \u010destitko (za dopla\u010dilo).<\/p>\n<p>Darilna \u0161katla vsebuje:<\/p>\n<ul>\n<li>1x gobica za umivanje iz sisala<\/li>\n<li>1x kopalna bombica,<\/li>\n<li>1x himalajska kopalna sol v epruveti (35g), \u010dutnost<\/li>\n<li>1x di\u0161e\u010da sojina sve\u010dka,<\/li>\n<li>v\u017eigalice,<\/li>\n<li>1x dekorativna vre\u010dka iz jute.<\/li>\n<\/ul>\n<p>\u010ce \u017eelite bomo va\u0161e darilo obdarovancu dostavili mi, seveda pa ob dostavi ne bomo prilo\u017eili ra\u010duna. Le-tega boste prejeli vi.<\/p>\n<p>Podroben opis si poglejte spodaj.<\/p>\n","protected":false},"featured_media":2442,"comment_status":"open","ping_status":"closed","template":"","meta":{"site-sidebar-layout":"default","site-content-layout":"default","ast-site-content-layout":"default","site-content-style":"default","site-sidebar-style":"default","ast-global-header-display":"","ast-banner-title-visibility":"","ast-main-header-display":"","ast-hfb-above-header-display":"","ast-hfb-below-header-display":"","ast-hfb-mobile-header-display":"","site-post-title":"","ast-breadcrumbs-content":"","ast-featured-img":"","footer-sml-layout":"","theme-transparent-header-meta":"default","adv-header-id-meta":"","stick-header-meta":"","header-above-stick-meta":"","header-main-stick-meta":"","header-below-stick-meta":"","astra-migrate-meta-layouts":"set","ast-page-background-enabled":"default","ast-page-background-meta":{"desktop":{"background-color":"","background-image":"","background-repeat":"repeat","background-position":"center center","background-size":"auto","background-attachment":"scroll","background-type":"","background-media":"","overlay-type":"","overlay-color":"","overlay-opacity":"","overlay-gradient":""},"tablet":{"background-color":"","background-image":"","background-repeat":"repeat","background-position":"center center","background-size":"auto","background-attachment":"scroll","background-type":"","background-media":"","overlay-type":"","overlay-color":"","overlay-opacity":"","overlay-gradient":""},"mobile":{"background-color":"","background-image":"","background-repeat":"repeat","background-position":"center center","background-size":"auto","background-attachment":"scroll","background-type":"","background-media":"","overlay-type":"","overlay-color":"","overlay-opacity":"","overlay-gradient":""}},"ast-content-background-meta":{"desktop":{"background-color":"var(--ast-global-color-5)","background-image":"","background-repeat":"repeat","background-position":"center center","background-size":"auto","background-attachment":"scroll","background-type":"","background-media":"","overlay-type":"","overlay-color":"","overlay-opacity":"","overlay-gradient":""},"tablet":{"background-color":"var(--ast-global-color-5)","background-image":"","background-repeat":"repeat","background-position":"center center","background-size":"auto","background-attachment":"scroll","background-type":"","background-media":"","overlay-type":"","overlay-color":"","overlay-opacity":"","overlay-gradient":""},"mobile":{"background-color":"var(--ast-global-color-5)","background-image":"","background-repeat":"repeat","background-position":"center center","background-size":"auto","background-attachment":"scroll","background-type":"","background-media":"","overlay-type":"","overlay-color":"","overlay-opacity":"","overlay-gradient":""}}},"product_brand":[],"product_cat":[357],"product_tag":[],"class_list":{"0":"post-2444","1":"product","2":"type-product","3":"status-publish","4":"has-post-thumbnail","6":"product_cat-ni-na-zalogi","7":"desktop-align-left","8":"tablet-align-left","9":"mobile-align-left","11":"first","12":"outofstock","13":"taxable","14":"shipping-taxable","15":"purchasable","16":"product-type-simple"},"yoast_head":"<!-- This site is optimized with the Yoast SEO plugin v25.2 - https:\/\/yoast.com\/wordpress\/plugins\/seo\/ -->\n<title>Bo\u017ei\u010dno darilo za punco | Darilna \u0161katla - brez stresa | Le Boxi<\/title>\n<meta name=\"description\" content=\"V darilnem setu boste na\u0161li 100% biolo\u0161ko razgradljivo gobico iz sisala, ro\u010dno izdelano kopalno bombico in himalajsko kopalno sol v li\u010dni epruveti. Odli\u010dno bo\u017ei\u010dno darilo za punco.\" \/>\n<meta name=\"robots\" content=\"index, follow, max-snippet:-1, max-image-preview:large, max-video-preview:-1\" \/>\n<link rel=\"canonical\" href=\"http:\/\/staging.leboxi.eu\/sl\/izdelek\/bozicno-darilo-za-punco\/\" \/>\n<meta property=\"og:locale\" content=\"sl_SI\" \/>\n<meta property=\"og:type\" content=\"article\" \/>\n<meta property=\"og:title\" content=\"Bo\u017ei\u010dno darilo za punco | Darilna \u0161katla - brez stresa | Le Boxi\" \/>\n<meta property=\"og:description\" content=\"V darilnem setu boste na\u0161li 100% biolo\u0161ko razgradljivo gobico iz sisala, ro\u010dno izdelano kopalno bombico in himalajsko kopalno sol v li\u010dni epruveti. Odli\u010dno bo\u017ei\u010dno darilo za punco.\" \/>\n<meta property=\"og:url\" content=\"http:\/\/staging.leboxi.eu\/sl\/izdelek\/bozicno-darilo-za-punco\/\" \/>\n<meta property=\"og:site_name\" content=\"Le Boxi | Unikatna darila za vsakogar\" \/>\n<meta property=\"article:publisher\" content=\"https:\/\/www.facebook.com\/leboxi.eu\" \/>\n<meta property=\"article:modified_time\" content=\"2024-10-09T15:00:24+00:00\" \/>\n<meta property=\"og:image\" content=\"http:\/\/staging.leboxi.eu\/wp-content\/uploads\/2021\/04\/Izdelek-120-of-339.jpg\" \/>\n\t<meta property=\"og:image:width\" content=\"1000\" \/>\n\t<meta property=\"og:image:height\" content=\"1000\" \/>\n\t<meta property=\"og:image:type\" content=\"image\/jpeg\" \/>\n<meta name=\"twitter:card\" content=\"summary_large_image\" \/>\n<meta name=\"twitter:label1\" content=\"Est. reading time\" \/>\n\t<meta name=\"twitter:data1\" content=\"4 minute\" \/>\n<script type=\"application\/ld+json\" class=\"yoast-schema-graph\">{\"@context\":\"https:\/\/schema.org\",\"@graph\":[{\"@type\":\"WebPage\",\"@id\":\"http:\/\/staging.leboxi.eu\/sl\/izdelek\/bozicno-darilo-za-punco\/\",\"url\":\"http:\/\/staging.leboxi.eu\/sl\/izdelek\/bozicno-darilo-za-punco\/\",\"name\":\"Bo\u017ei\u010dno darilo za punco | Darilna \u0161katla - brez stresa | Le Boxi\",\"isPartOf\":{\"@id\":\"http:\/\/staging.leboxi.eu\/sl\/#website\"},\"primaryImageOfPage\":{\"@id\":\"http:\/\/staging.leboxi.eu\/sl\/izdelek\/bozicno-darilo-za-punco\/#primaryimage\"},\"image\":{\"@id\":\"http:\/\/staging.leboxi.eu\/sl\/izdelek\/bozicno-darilo-za-punco\/#primaryimage\"},\"thumbnailUrl\":\"http:\/\/staging.leboxi.eu\/wp-content\/uploads\/2021\/04\/Izdelek-120-of-339.jpg\",\"datePublished\":\"2021-04-07T19:32:29+00:00\",\"dateModified\":\"2024-10-09T15:00:24+00:00\",\"description\":\"V darilnem setu boste na\u0161li 100% biolo\u0161ko razgradljivo gobico iz sisala, ro\u010dno izdelano kopalno bombico in himalajsko kopalno sol v li\u010dni epruveti. Odli\u010dno bo\u017ei\u010dno darilo za punco.\",\"breadcrumb\":{\"@id\":\"http:\/\/staging.leboxi.eu\/sl\/izdelek\/bozicno-darilo-za-punco\/#breadcrumb\"},\"inLanguage\":\"sl-SI\",\"potentialAction\":[{\"@type\":\"ReadAction\",\"target\":[\"http:\/\/staging.leboxi.eu\/sl\/izdelek\/bozicno-darilo-za-punco\/\"]}]},{\"@type\":\"ImageObject\",\"inLanguage\":\"sl-SI\",\"@id\":\"http:\/\/staging.leboxi.eu\/sl\/izdelek\/bozicno-darilo-za-punco\/#primaryimage\",\"url\":\"http:\/\/staging.leboxi.eu\/wp-content\/uploads\/2021\/04\/Izdelek-120-of-339.jpg\",\"contentUrl\":\"http:\/\/staging.leboxi.eu\/wp-content\/uploads\/2021\/04\/Izdelek-120-of-339.jpg\",\"width\":1000,\"height\":1000,\"caption\":\"Darilna \u0161katla z gobico za umivanje iz sisala, kopalno bombico, di\u0161e\u010do sve\u010do ter kopalno soljo v stekleni epruveti s pokrov\u010dkom iz plute - bo\u017ei\u010dno darilo za punce\"},{\"@type\":\"BreadcrumbList\",\"@id\":\"http:\/\/staging.leboxi.eu\/sl\/izdelek\/bozicno-darilo-za-punco\/#breadcrumb\",\"itemListElement\":[{\"@type\":\"ListItem\",\"position\":1,\"name\":\"Doma\",\"item\":\"http:\/\/staging.leboxi.eu\/sl\/\"},{\"@type\":\"ListItem\",\"position\":2,\"name\":\"Trgovina\",\"item\":\"http:\/\/staging.leboxi.eu\/sl\/trgovina\/\"},{\"@type\":\"ListItem\",\"position\":3,\"name\":\"Darilna \u0161katla \u2013 Brez stresa\"}]},{\"@type\":\"WebSite\",\"@id\":\"http:\/\/staging.leboxi.eu\/sl\/#website\",\"url\":\"http:\/\/staging.leboxi.eu\/sl\/\",\"name\":\"Le Boxi | Unikatna darila za vsakogar\",\"description\":\"Unikatna darila in darilne \u0161katle za vse prilo\u017enosti.\",\"publisher\":{\"@id\":\"http:\/\/staging.leboxi.eu\/sl\/#organization\"},\"potentialAction\":[{\"@type\":\"SearchAction\",\"target\":{\"@type\":\"EntryPoint\",\"urlTemplate\":\"http:\/\/staging.leboxi.eu\/sl\/?s={search_term_string}\"},\"query-input\":{\"@type\":\"PropertyValueSpecification\",\"valueRequired\":true,\"valueName\":\"search_term_string\"}}],\"inLanguage\":\"sl-SI\"},{\"@type\":\"Organization\",\"@id\":\"http:\/\/staging.leboxi.eu\/sl\/#organization\",\"name\":\"LE BOXI\",\"url\":\"http:\/\/staging.leboxi.eu\/sl\/\",\"logo\":{\"@type\":\"ImageObject\",\"inLanguage\":\"sl-SI\",\"@id\":\"http:\/\/staging.leboxi.eu\/sl\/#\/schema\/logo\/image\/\",\"url\":\"http:\/\/staging.leboxi.eu\/wp-content\/uploads\/2021\/02\/LeBoxi-manjsi-png.png\",\"contentUrl\":\"http:\/\/staging.leboxi.eu\/wp-content\/uploads\/2021\/02\/LeBoxi-manjsi-png.png\",\"width\":389,\"height\":164,\"caption\":\"LE BOXI\"},\"image\":{\"@id\":\"http:\/\/staging.leboxi.eu\/sl\/#\/schema\/logo\/image\/\"},\"sameAs\":[\"https:\/\/www.facebook.com\/leboxi.eu\",\"https:\/\/www.instagram.com\/le.boxi\/\"]}]}<\/script>\n<!-- \/ Yoast SEO plugin. -->","yoast_head_json":{"title":"Bo\u017ei\u010dno darilo za punco | Darilna \u0161katla - brez stresa | Le Boxi","description":"V darilnem setu boste na\u0161li 100% biolo\u0161ko razgradljivo gobico iz sisala, ro\u010dno izdelano kopalno bombico in himalajsko kopalno sol v li\u010dni epruveti. Odli\u010dno bo\u017ei\u010dno darilo za punco.","robots":{"index":"index","follow":"follow","max-snippet":"max-snippet:-1","max-image-preview":"max-image-preview:large","max-video-preview":"max-video-preview:-1"},"canonical":"http:\/\/staging.leboxi.eu\/sl\/izdelek\/bozicno-darilo-za-punco\/","og_locale":"sl_SI","og_type":"article","og_title":"Bo\u017ei\u010dno darilo za punco | Darilna \u0161katla - brez stresa | Le Boxi","og_description":"V darilnem setu boste na\u0161li 100% biolo\u0161ko razgradljivo gobico iz sisala, ro\u010dno izdelano kopalno bombico in himalajsko kopalno sol v li\u010dni epruveti. Odli\u010dno bo\u017ei\u010dno darilo za punco.","og_url":"http:\/\/staging.leboxi.eu\/sl\/izdelek\/bozicno-darilo-za-punco\/","og_site_name":"Le Boxi | Unikatna darila za vsakogar","article_publisher":"https:\/\/www.facebook.com\/leboxi.eu","article_modified_time":"2024-10-09T15:00:24+00:00","og_image":[{"width":1000,"height":1000,"url":"http:\/\/staging.leboxi.eu\/wp-content\/uploads\/2021\/04\/Izdelek-120-of-339.jpg","type":"image\/jpeg"}],"twitter_card":"summary_large_image","twitter_misc":{"Est. reading time":"4 minute"},"schema":{"@context":"https:\/\/schema.org","@graph":[{"@type":"WebPage","@id":"http:\/\/staging.leboxi.eu\/sl\/izdelek\/bozicno-darilo-za-punco\/","url":"http:\/\/staging.leboxi.eu\/sl\/izdelek\/bozicno-darilo-za-punco\/","name":"Bo\u017ei\u010dno darilo za punco | Darilna \u0161katla - brez stresa | Le Boxi","isPartOf":{"@id":"http:\/\/staging.leboxi.eu\/sl\/#website"},"primaryImageOfPage":{"@id":"http:\/\/staging.leboxi.eu\/sl\/izdelek\/bozicno-darilo-za-punco\/#primaryimage"},"image":{"@id":"http:\/\/staging.leboxi.eu\/sl\/izdelek\/bozicno-darilo-za-punco\/#primaryimage"},"thumbnailUrl":"http:\/\/staging.leboxi.eu\/wp-content\/uploads\/2021\/04\/Izdelek-120-of-339.jpg","datePublished":"2021-04-07T19:32:29+00:00","dateModified":"2024-10-09T15:00:24+00:00","description":"V darilnem setu boste na\u0161li 100% biolo\u0161ko razgradljivo gobico iz sisala, ro\u010dno izdelano kopalno bombico in himalajsko kopalno sol v li\u010dni epruveti. Odli\u010dno bo\u017ei\u010dno darilo za punco.","breadcrumb":{"@id":"http:\/\/staging.leboxi.eu\/sl\/izdelek\/bozicno-darilo-za-punco\/#breadcrumb"},"inLanguage":"sl-SI","potentialAction":[{"@type":"ReadAction","target":["http:\/\/staging.leboxi.eu\/sl\/izdelek\/bozicno-darilo-za-punco\/"]}]},{"@type":"ImageObject","inLanguage":"sl-SI","@id":"http:\/\/staging.leboxi.eu\/sl\/izdelek\/bozicno-darilo-za-punco\/#primaryimage","url":"http:\/\/staging.leboxi.eu\/wp-content\/uploads\/2021\/04\/Izdelek-120-of-339.jpg","contentUrl":"http:\/\/staging.leboxi.eu\/wp-content\/uploads\/2021\/04\/Izdelek-120-of-339.jpg","width":1000,"height":1000,"caption":"Darilna \u0161katla z gobico za umivanje iz sisala, kopalno bombico, di\u0161e\u010do sve\u010do ter kopalno soljo v stekleni epruveti s pokrov\u010dkom iz plute - bo\u017ei\u010dno darilo za punce"},{"@type":"BreadcrumbList","@id":"http:\/\/staging.leboxi.eu\/sl\/izdelek\/bozicno-darilo-za-punco\/#breadcrumb","itemListElement":[{"@type":"ListItem","position":1,"name":"Doma","item":"http:\/\/staging.leboxi.eu\/sl\/"},{"@type":"ListItem","position":2,"name":"Trgovina","item":"http:\/\/staging.leboxi.eu\/sl\/trgovina\/"},{"@type":"ListItem","position":3,"name":"Darilna \u0161katla \u2013 Brez stresa"}]},{"@type":"WebSite","@id":"http:\/\/staging.leboxi.eu\/sl\/#website","url":"http:\/\/staging.leboxi.eu\/sl\/","name":"Le Boxi | Unikatna darila za vsakogar","description":"Unikatna darila in darilne \u0161katle za vse prilo\u017enosti.","publisher":{"@id":"http:\/\/staging.leboxi.eu\/sl\/#organization"},"potentialAction":[{"@type":"SearchAction","target":{"@type":"EntryPoint","urlTemplate":"http:\/\/staging.leboxi.eu\/sl\/?s={search_term_string}"},"query-input":{"@type":"PropertyValueSpecification","valueRequired":true,"valueName":"search_term_string"}}],"inLanguage":"sl-SI"},{"@type":"Organization","@id":"http:\/\/staging.leboxi.eu\/sl\/#organization","name":"LE BOXI","url":"http:\/\/staging.leboxi.eu\/sl\/","logo":{"@type":"ImageObject","inLanguage":"sl-SI","@id":"http:\/\/staging.leboxi.eu\/sl\/#\/schema\/logo\/image\/","url":"http:\/\/staging.leboxi.eu\/wp-content\/uploads\/2021\/02\/LeBoxi-manjsi-png.png","contentUrl":"http:\/\/staging.leboxi.eu\/wp-content\/uploads\/2021\/02\/LeBoxi-manjsi-png.png","width":389,"height":164,"caption":"LE BOXI"},"image":{"@id":"http:\/\/staging.leboxi.eu\/sl\/#\/schema\/logo\/image\/"},"sameAs":["https:\/\/www.facebook.com\/leboxi.eu","https:\/\/www.instagram.com\/le.boxi\/"]}]}},"_links":{"self":[{"href":"http:\/\/staging.leboxi.eu\/sl\/wp-json\/wp\/v2\/product\/2444","targetHints":{"allow":["GET"]}}],"collection":[{"href":"http:\/\/staging.leboxi.eu\/sl\/wp-json\/wp\/v2\/product"}],"about":[{"href":"http:\/\/staging.leboxi.eu\/sl\/wp-json\/wp\/v2\/types\/product"}],"replies":[{"embeddable":true,"href":"http:\/\/staging.leboxi.eu\/sl\/wp-json\/wp\/v2\/comments?post=2444"}],"version-history":[{"count":3,"href":"http:\/\/staging.leboxi.eu\/sl\/wp-json\/wp\/v2\/product\/2444\/revisions"}],"predecessor-version":[{"id":18047,"href":"http:\/\/staging.leboxi.eu\/sl\/wp-json\/wp\/v2\/product\/2444\/revisions\/18047"}],"wp:featuredmedia":[{"embeddable":true,"href":"http:\/\/staging.leboxi.eu\/sl\/wp-json\/wp\/v2\/media\/2442"}],"wp:attachment":[{"href":"http:\/\/staging.leboxi.eu\/sl\/wp-json\/wp\/v2\/media?parent=2444"}],"wp:term":[{"taxonomy":"product_brand","embeddable":true,"href":"http:\/\/staging.leboxi.eu\/sl\/wp-json\/wp\/v2\/product_brand?post=2444"},{"taxonomy":"product_cat","embeddable":true,"href":"http:\/\/staging.leboxi.eu\/sl\/wp-json\/wp\/v2\/product_cat?post=2444"},{"taxonomy":"product_tag","embeddable":true,"href":"http:\/\/staging.leboxi.eu\/sl\/wp-json\/wp\/v2\/product_tag?post=2444"}],"curies":[{"name":"wp","href":"https:\/\/api.w.org\/{rel}","templated":true}]}}