{"id":2428,"date":"2021-04-07T20:10:47","date_gmt":"2021-04-07T19:10:47","guid":{"rendered":"http:\/\/staging.leboxi.eu\/?post_type=product&#038;p=2428"},"modified":"2024-08-18T19:26:24","modified_gmt":"2024-08-18T18:26:24","slug":"darila-za-zenske","status":"publish","type":"product","link":"http:\/\/staging.leboxi.eu\/sl\/izdelek\/darila-za-zenske\/","title":{"rendered":"Darilna \u0161katla \u2013 Milo za drago"},"content":{"rendered":"<p>Le Boxi-jeva unikatna darila za \u017eenske so odli\u010dna izbira za vse prilo\u017enosti.Le Boxi-jeva unikatna darila za \u017eenske so odli\u010dna izbira za vse prilo\u017enosti.<\/p>\n<h5><\/h5>\n<h5>Darilna \u0161katla vsebuje:<\/h5>\n<p>&nbsp;<\/p>\n<ol>\n<li>\n<h6><strong>Naravno, ro\u010dno izdelano milo KAKAVOVO MASLO (120g)<\/strong><\/h6>\n<\/li>\n<\/ol>\n<p>Milo za lase, obraz in telo iz kombinacije izvrstnih, hranljivih masel in olj, je odli\u010dno za ob\u010dutljivo ko\u017eo. Va\u0161o ko\u017eo in lase bo pustilo popolnoma mehko in navla\u017eeno. Milo iz kakavovega masla proizvaja tako bogato, kremasto peno, da se boste le ste\u017eka umaknili izpod tu\u0161a. Izdelano je iz organskega kakavovega masla, ki je odli\u010den za ob\u010dutljivo ko\u017eo. To milo je odli\u010dno tudi za umivanje obraza, hkrati pa je popolno darilo za vse \u00bb\u010dokoholike\u00ab. Ko\u017eo bo pustilo mehko, gladko, navla\u017eeno in popolnoma \u010dudovito.<\/p>\n<p>Sestavine: Sodium olivate, sodium cocoate, sodium sheabutterate, sodium sweet almondate, sodium castorate, sodium cocoa butterate, Cocoa Powder (bio)<\/p>\n<p>Di\u0161ava: brez di\u0161av<\/p>\n<ol start=\"2\">\n<li>\n<h6><strong>Ro\u010dno narejen podstavek za milo iz mahagonija<\/strong><\/h6>\n<p>&#8211; Edinstvena oblika omogo\u010da milu hitrej\u0161e su\u0161enje in podalj\u0161ano \u017eivljenjsko dobo. Va\u0161e pene\u010de milnate izdelke privzdigne s kopalni\u0161kega pulta in prepre\u010duje njihovo raztapljanje, ko jih ne uporabljate! Ta ro\u010dno izdelana \u010dudovita posodica iz mahagonijevega lesa, je prijetna na pogled in nudi u\u010dinkovito za\u0161\u010dito va\u0161im povr\u0161inam.<\/li>\n<\/ol>\n<h6>Dodatno:<\/h6>\n<p>Darilnemu setu lahko prilo\u017eite tudi\u00a0<strong>personalizirano \u010destitko<\/strong>\u00a0(+2,95 eur).<\/p>\n<p>\u010ce \u017eelite bomo va\u0161e darilo obdarovancu dostavili mi, seveda pa ob dostavi ne bomo prilo\u017eili ra\u010duna. Le-tega boste prejeli vi.<\/p>\n<p>Za piko na i lahko svoj darilni set nadgradite z\u00a0<a href=\"http:\/\/staging.leboxi.eu\/blog\/posvetilo-darilni-listki\/\">darilnimi listi\u010di<\/a> za izdelavo katerih navodila najdete na na\u0161em blogu. Naj izbira darila za \u017eenske ne bo ve\u010d te\u017eava.<\/p>\n<p>&nbsp;<\/p>\n","protected":false},"excerpt":{"rendered":"<p>Ta prikupni set vsebuje vse za va\u0161e potovanje v svet naravne kozmetike. Vsebuje ro\u010dno izdelano naravno milo ter ro\u010dno narejeno posodico za milo iz mahagonija. Negovalno milo bo va\u0161o ko\u017eo naredilo neverjetno mehko, \u010dudovita naravna aroma kakava pa vas bo spremljala \u0161e ure po kopanju. Ro\u010dno narejen podstavek omogo\u010da, da se mila primerno posu\u0161ijo in tako podalj\u0161uje njihovo \u017eivljenjsko dobo. Le Boxi-jeva unikatna darila za \u017eenske so odli\u010dna izbira za vse prilo\u017enosti.<\/p>\n<p>Na\u0161a naravna mila so pakirana v ve\u010djih koli\u010dinah, kot je obi\u010dajno za naravna, ro\u010dno izdelana mila \u2013 120g. V \u0161katlo lahko prilo\u017eite tudi personalizirano \u010destitko (za dopla\u010dilo).<\/p>\n<p>Darilna \u0161katla vsebuje:<\/p>\n<ul>\n<li>1x naravno ro\u010dno izdelano milo (120g),<\/li>\n<li>Posodica za milo<\/li>\n<\/ul>\n<p>\u010ce \u017eelite bomo va\u0161e darilo obdarovancu dostavili mi, seveda pa ob dostavi ne bomo prilo\u017eili ra\u010duna. Le-tega boste prejeli vi.<\/p>\n<p>Podroben opis si lahko preberete spodaj.<\/p>\n","protected":false},"featured_media":2426,"comment_status":"open","ping_status":"closed","template":"","meta":{"site-sidebar-layout":"default","site-content-layout":"default","ast-site-content-layout":"default","site-content-style":"default","site-sidebar-style":"default","ast-global-header-display":"","ast-banner-title-visibility":"","ast-main-header-display":"","ast-hfb-above-header-display":"","ast-hfb-below-header-display":"","ast-hfb-mobile-header-display":"","site-post-title":"","ast-breadcrumbs-content":"","ast-featured-img":"","footer-sml-layout":"","theme-transparent-header-meta":"default","adv-header-id-meta":"","stick-header-meta":"","header-above-stick-meta":"","header-main-stick-meta":"","header-below-stick-meta":"","astra-migrate-meta-layouts":"set","ast-page-background-enabled":"default","ast-page-background-meta":{"desktop":{"background-color":"","background-image":"","background-repeat":"repeat","background-position":"center center","background-size":"auto","background-attachment":"scroll","background-type":"","background-media":"","overlay-type":"","overlay-color":"","overlay-opacity":"","overlay-gradient":""},"tablet":{"background-color":"","background-image":"","background-repeat":"repeat","background-position":"center center","background-size":"auto","background-attachment":"scroll","background-type":"","background-media":"","overlay-type":"","overlay-color":"","overlay-opacity":"","overlay-gradient":""},"mobile":{"background-color":"","background-image":"","background-repeat":"repeat","background-position":"center center","background-size":"auto","background-attachment":"scroll","background-type":"","background-media":"","overlay-type":"","overlay-color":"","overlay-opacity":"","overlay-gradient":""}},"ast-content-background-meta":{"desktop":{"background-color":"var(--ast-global-color-5)","background-image":"","background-repeat":"repeat","background-position":"center center","background-size":"auto","background-attachment":"scroll","background-type":"","background-media":"","overlay-type":"","overlay-color":"","overlay-opacity":"","overlay-gradient":""},"tablet":{"background-color":"var(--ast-global-color-5)","background-image":"","background-repeat":"repeat","background-position":"center center","background-size":"auto","background-attachment":"scroll","background-type":"","background-media":"","overlay-type":"","overlay-color":"","overlay-opacity":"","overlay-gradient":""},"mobile":{"background-color":"var(--ast-global-color-5)","background-image":"","background-repeat":"repeat","background-position":"center center","background-size":"auto","background-attachment":"scroll","background-type":"","background-media":"","overlay-type":"","overlay-color":"","overlay-opacity":"","overlay-gradient":""}}},"product_brand":[],"product_cat":[182,357],"product_tag":[],"class_list":{"0":"post-2428","1":"product","2":"type-product","3":"status-publish","4":"has-post-thumbnail","6":"product_cat-darila-za-valentinovo-za-zenske","7":"product_cat-ni-na-zalogi","8":"desktop-align-left","9":"tablet-align-left","10":"mobile-align-left","12":"first","13":"outofstock","14":"taxable","15":"shipping-taxable","16":"purchasable","17":"product-type-simple"},"yoast_head":"<!-- This site is optimized with the Yoast SEO plugin v25.2 - https:\/\/yoast.com\/wordpress\/plugins\/seo\/ -->\n<title>Darila za \u017eenske | Darilna \u0161katla - Milo za drago | Le Boxi<\/title>\n<meta name=\"description\" content=\"Ta prikupni darilni set vsebuje vse za va\u0161e potovanje v svet naravne kozmetike. Vsebuje naravno milo ter ro\u010dno narejeno posodico za milo iz mahagonija. Unikatna darila za \u017eenske.\" \/>\n<meta name=\"robots\" content=\"index, follow, max-snippet:-1, max-image-preview:large, max-video-preview:-1\" \/>\n<link rel=\"canonical\" href=\"http:\/\/staging.leboxi.eu\/sl\/izdelek\/darila-za-zenske\/\" \/>\n<meta property=\"og:locale\" content=\"sl_SI\" \/>\n<meta property=\"og:type\" content=\"article\" \/>\n<meta property=\"og:title\" content=\"Darila za \u017eenske | Darilna \u0161katla - Milo za drago | Le Boxi\" \/>\n<meta property=\"og:description\" content=\"Ta prikupni darilni set vsebuje vse za va\u0161e potovanje v svet naravne kozmetike. Vsebuje naravno milo ter ro\u010dno narejeno posodico za milo iz mahagonija. Unikatna darila za \u017eenske.\" \/>\n<meta property=\"og:url\" content=\"http:\/\/staging.leboxi.eu\/sl\/izdelek\/darila-za-zenske\/\" \/>\n<meta property=\"og:site_name\" content=\"Le Boxi | Unikatna darila za vsakogar\" \/>\n<meta property=\"article:publisher\" content=\"https:\/\/www.facebook.com\/leboxi.eu\" \/>\n<meta property=\"article:modified_time\" content=\"2024-08-18T18:26:24+00:00\" \/>\n<meta property=\"og:image\" content=\"http:\/\/staging.leboxi.eu\/wp-content\/uploads\/2021\/04\/Izdelek-131-of-339.jpg\" \/>\n\t<meta property=\"og:image:width\" content=\"1000\" \/>\n\t<meta property=\"og:image:height\" content=\"1000\" \/>\n\t<meta property=\"og:image:type\" content=\"image\/jpeg\" \/>\n<meta name=\"twitter:card\" content=\"summary_large_image\" \/>\n<meta name=\"twitter:label1\" content=\"Est. reading time\" \/>\n\t<meta name=\"twitter:data1\" content=\"2 minuti\" \/>\n<script type=\"application\/ld+json\" class=\"yoast-schema-graph\">{\"@context\":\"https:\/\/schema.org\",\"@graph\":[{\"@type\":\"WebPage\",\"@id\":\"http:\/\/staging.leboxi.eu\/sl\/izdelek\/darila-za-zenske\/\",\"url\":\"http:\/\/staging.leboxi.eu\/sl\/izdelek\/darila-za-zenske\/\",\"name\":\"Darila za \u017eenske | Darilna \u0161katla - Milo za drago | Le Boxi\",\"isPartOf\":{\"@id\":\"http:\/\/staging.leboxi.eu\/sl\/#website\"},\"primaryImageOfPage\":{\"@id\":\"http:\/\/staging.leboxi.eu\/sl\/izdelek\/darila-za-zenske\/#primaryimage\"},\"image\":{\"@id\":\"http:\/\/staging.leboxi.eu\/sl\/izdelek\/darila-za-zenske\/#primaryimage\"},\"thumbnailUrl\":\"http:\/\/staging.leboxi.eu\/wp-content\/uploads\/2021\/04\/Izdelek-131-of-339.jpg\",\"datePublished\":\"2021-04-07T19:10:47+00:00\",\"dateModified\":\"2024-08-18T18:26:24+00:00\",\"description\":\"Ta prikupni darilni set vsebuje vse za va\u0161e potovanje v svet naravne kozmetike. Vsebuje naravno milo ter ro\u010dno narejeno posodico za milo iz mahagonija. Unikatna darila za \u017eenske.\",\"breadcrumb\":{\"@id\":\"http:\/\/staging.leboxi.eu\/sl\/izdelek\/darila-za-zenske\/#breadcrumb\"},\"inLanguage\":\"sl-SI\",\"potentialAction\":[{\"@type\":\"ReadAction\",\"target\":[\"http:\/\/staging.leboxi.eu\/sl\/izdelek\/darila-za-zenske\/\"]}]},{\"@type\":\"ImageObject\",\"inLanguage\":\"sl-SI\",\"@id\":\"http:\/\/staging.leboxi.eu\/sl\/izdelek\/darila-za-zenske\/#primaryimage\",\"url\":\"http:\/\/staging.leboxi.eu\/wp-content\/uploads\/2021\/04\/Izdelek-131-of-339.jpg\",\"contentUrl\":\"http:\/\/staging.leboxi.eu\/wp-content\/uploads\/2021\/04\/Izdelek-131-of-339.jpg\",\"width\":1000,\"height\":1000,\"caption\":\"Darilna \u0161katla z naravnim milom kakavovo maslo ter podstavkom za milo iz mahagonija - darila za \u017eenske\"},{\"@type\":\"BreadcrumbList\",\"@id\":\"http:\/\/staging.leboxi.eu\/sl\/izdelek\/darila-za-zenske\/#breadcrumb\",\"itemListElement\":[{\"@type\":\"ListItem\",\"position\":1,\"name\":\"Doma\",\"item\":\"http:\/\/staging.leboxi.eu\/sl\/\"},{\"@type\":\"ListItem\",\"position\":2,\"name\":\"Trgovina\",\"item\":\"http:\/\/staging.leboxi.eu\/sl\/trgovina\/\"},{\"@type\":\"ListItem\",\"position\":3,\"name\":\"Darilna \u0161katla \u2013 Milo za drago\"}]},{\"@type\":\"WebSite\",\"@id\":\"http:\/\/staging.leboxi.eu\/sl\/#website\",\"url\":\"http:\/\/staging.leboxi.eu\/sl\/\",\"name\":\"Le Boxi | Unikatna darila za vsakogar\",\"description\":\"Unikatna darila in darilne \u0161katle za vse prilo\u017enosti.\",\"publisher\":{\"@id\":\"http:\/\/staging.leboxi.eu\/sl\/#organization\"},\"potentialAction\":[{\"@type\":\"SearchAction\",\"target\":{\"@type\":\"EntryPoint\",\"urlTemplate\":\"http:\/\/staging.leboxi.eu\/sl\/?s={search_term_string}\"},\"query-input\":{\"@type\":\"PropertyValueSpecification\",\"valueRequired\":true,\"valueName\":\"search_term_string\"}}],\"inLanguage\":\"sl-SI\"},{\"@type\":\"Organization\",\"@id\":\"http:\/\/staging.leboxi.eu\/sl\/#organization\",\"name\":\"LE BOXI\",\"url\":\"http:\/\/staging.leboxi.eu\/sl\/\",\"logo\":{\"@type\":\"ImageObject\",\"inLanguage\":\"sl-SI\",\"@id\":\"http:\/\/staging.leboxi.eu\/sl\/#\/schema\/logo\/image\/\",\"url\":\"http:\/\/staging.leboxi.eu\/wp-content\/uploads\/2021\/02\/LeBoxi-manjsi-png.png\",\"contentUrl\":\"http:\/\/staging.leboxi.eu\/wp-content\/uploads\/2021\/02\/LeBoxi-manjsi-png.png\",\"width\":389,\"height\":164,\"caption\":\"LE BOXI\"},\"image\":{\"@id\":\"http:\/\/staging.leboxi.eu\/sl\/#\/schema\/logo\/image\/\"},\"sameAs\":[\"https:\/\/www.facebook.com\/leboxi.eu\",\"https:\/\/www.instagram.com\/le.boxi\/\"]}]}<\/script>\n<!-- \/ Yoast SEO plugin. -->","yoast_head_json":{"title":"Darila za \u017eenske | Darilna \u0161katla - Milo za drago | Le Boxi","description":"Ta prikupni darilni set vsebuje vse za va\u0161e potovanje v svet naravne kozmetike. Vsebuje naravno milo ter ro\u010dno narejeno posodico za milo iz mahagonija. Unikatna darila za \u017eenske.","robots":{"index":"index","follow":"follow","max-snippet":"max-snippet:-1","max-image-preview":"max-image-preview:large","max-video-preview":"max-video-preview:-1"},"canonical":"http:\/\/staging.leboxi.eu\/sl\/izdelek\/darila-za-zenske\/","og_locale":"sl_SI","og_type":"article","og_title":"Darila za \u017eenske | Darilna \u0161katla - Milo za drago | Le Boxi","og_description":"Ta prikupni darilni set vsebuje vse za va\u0161e potovanje v svet naravne kozmetike. Vsebuje naravno milo ter ro\u010dno narejeno posodico za milo iz mahagonija. Unikatna darila za \u017eenske.","og_url":"http:\/\/staging.leboxi.eu\/sl\/izdelek\/darila-za-zenske\/","og_site_name":"Le Boxi | Unikatna darila za vsakogar","article_publisher":"https:\/\/www.facebook.com\/leboxi.eu","article_modified_time":"2024-08-18T18:26:24+00:00","og_image":[{"width":1000,"height":1000,"url":"http:\/\/staging.leboxi.eu\/wp-content\/uploads\/2021\/04\/Izdelek-131-of-339.jpg","type":"image\/jpeg"}],"twitter_card":"summary_large_image","twitter_misc":{"Est. reading time":"2 minuti"},"schema":{"@context":"https:\/\/schema.org","@graph":[{"@type":"WebPage","@id":"http:\/\/staging.leboxi.eu\/sl\/izdelek\/darila-za-zenske\/","url":"http:\/\/staging.leboxi.eu\/sl\/izdelek\/darila-za-zenske\/","name":"Darila za \u017eenske | Darilna \u0161katla - Milo za drago | Le Boxi","isPartOf":{"@id":"http:\/\/staging.leboxi.eu\/sl\/#website"},"primaryImageOfPage":{"@id":"http:\/\/staging.leboxi.eu\/sl\/izdelek\/darila-za-zenske\/#primaryimage"},"image":{"@id":"http:\/\/staging.leboxi.eu\/sl\/izdelek\/darila-za-zenske\/#primaryimage"},"thumbnailUrl":"http:\/\/staging.leboxi.eu\/wp-content\/uploads\/2021\/04\/Izdelek-131-of-339.jpg","datePublished":"2021-04-07T19:10:47+00:00","dateModified":"2024-08-18T18:26:24+00:00","description":"Ta prikupni darilni set vsebuje vse za va\u0161e potovanje v svet naravne kozmetike. Vsebuje naravno milo ter ro\u010dno narejeno posodico za milo iz mahagonija. Unikatna darila za \u017eenske.","breadcrumb":{"@id":"http:\/\/staging.leboxi.eu\/sl\/izdelek\/darila-za-zenske\/#breadcrumb"},"inLanguage":"sl-SI","potentialAction":[{"@type":"ReadAction","target":["http:\/\/staging.leboxi.eu\/sl\/izdelek\/darila-za-zenske\/"]}]},{"@type":"ImageObject","inLanguage":"sl-SI","@id":"http:\/\/staging.leboxi.eu\/sl\/izdelek\/darila-za-zenske\/#primaryimage","url":"http:\/\/staging.leboxi.eu\/wp-content\/uploads\/2021\/04\/Izdelek-131-of-339.jpg","contentUrl":"http:\/\/staging.leboxi.eu\/wp-content\/uploads\/2021\/04\/Izdelek-131-of-339.jpg","width":1000,"height":1000,"caption":"Darilna \u0161katla z naravnim milom kakavovo maslo ter podstavkom za milo iz mahagonija - darila za \u017eenske"},{"@type":"BreadcrumbList","@id":"http:\/\/staging.leboxi.eu\/sl\/izdelek\/darila-za-zenske\/#breadcrumb","itemListElement":[{"@type":"ListItem","position":1,"name":"Doma","item":"http:\/\/staging.leboxi.eu\/sl\/"},{"@type":"ListItem","position":2,"name":"Trgovina","item":"http:\/\/staging.leboxi.eu\/sl\/trgovina\/"},{"@type":"ListItem","position":3,"name":"Darilna \u0161katla \u2013 Milo za drago"}]},{"@type":"WebSite","@id":"http:\/\/staging.leboxi.eu\/sl\/#website","url":"http:\/\/staging.leboxi.eu\/sl\/","name":"Le Boxi | Unikatna darila za vsakogar","description":"Unikatna darila in darilne \u0161katle za vse prilo\u017enosti.","publisher":{"@id":"http:\/\/staging.leboxi.eu\/sl\/#organization"},"potentialAction":[{"@type":"SearchAction","target":{"@type":"EntryPoint","urlTemplate":"http:\/\/staging.leboxi.eu\/sl\/?s={search_term_string}"},"query-input":{"@type":"PropertyValueSpecification","valueRequired":true,"valueName":"search_term_string"}}],"inLanguage":"sl-SI"},{"@type":"Organization","@id":"http:\/\/staging.leboxi.eu\/sl\/#organization","name":"LE BOXI","url":"http:\/\/staging.leboxi.eu\/sl\/","logo":{"@type":"ImageObject","inLanguage":"sl-SI","@id":"http:\/\/staging.leboxi.eu\/sl\/#\/schema\/logo\/image\/","url":"http:\/\/staging.leboxi.eu\/wp-content\/uploads\/2021\/02\/LeBoxi-manjsi-png.png","contentUrl":"http:\/\/staging.leboxi.eu\/wp-content\/uploads\/2021\/02\/LeBoxi-manjsi-png.png","width":389,"height":164,"caption":"LE BOXI"},"image":{"@id":"http:\/\/staging.leboxi.eu\/sl\/#\/schema\/logo\/image\/"},"sameAs":["https:\/\/www.facebook.com\/leboxi.eu","https:\/\/www.instagram.com\/le.boxi\/"]}]}},"_links":{"self":[{"href":"http:\/\/staging.leboxi.eu\/sl\/wp-json\/wp\/v2\/product\/2428","targetHints":{"allow":["GET"]}}],"collection":[{"href":"http:\/\/staging.leboxi.eu\/sl\/wp-json\/wp\/v2\/product"}],"about":[{"href":"http:\/\/staging.leboxi.eu\/sl\/wp-json\/wp\/v2\/types\/product"}],"replies":[{"embeddable":true,"href":"http:\/\/staging.leboxi.eu\/sl\/wp-json\/wp\/v2\/comments?post=2428"}],"version-history":[{"count":4,"href":"http:\/\/staging.leboxi.eu\/sl\/wp-json\/wp\/v2\/product\/2428\/revisions"}],"predecessor-version":[{"id":19448,"href":"http:\/\/staging.leboxi.eu\/sl\/wp-json\/wp\/v2\/product\/2428\/revisions\/19448"}],"wp:featuredmedia":[{"embeddable":true,"href":"http:\/\/staging.leboxi.eu\/sl\/wp-json\/wp\/v2\/media\/2426"}],"wp:attachment":[{"href":"http:\/\/staging.leboxi.eu\/sl\/wp-json\/wp\/v2\/media?parent=2428"}],"wp:term":[{"taxonomy":"product_brand","embeddable":true,"href":"http:\/\/staging.leboxi.eu\/sl\/wp-json\/wp\/v2\/product_brand?post=2428"},{"taxonomy":"product_cat","embeddable":true,"href":"http:\/\/staging.leboxi.eu\/sl\/wp-json\/wp\/v2\/product_cat?post=2428"},{"taxonomy":"product_tag","embeddable":true,"href":"http:\/\/staging.leboxi.eu\/sl\/wp-json\/wp\/v2\/product_tag?post=2428"}],"curies":[{"name":"wp","href":"https:\/\/api.w.org\/{rel}","templated":true}]}}