{"id":2418,"date":"2021-04-07T19:56:22","date_gmt":"2021-04-07T18:56:22","guid":{"rendered":"http:\/\/staging.leboxi.eu\/?post_type=product&#038;p=2418"},"modified":"2025-01-26T16:38:38","modified_gmt":"2025-01-26T15:38:38","slug":"darilo-za-dan-zena","status":"publish","type":"product","link":"http:\/\/staging.leboxi.eu\/sl\/izdelek\/darilo-za-dan-zena\/","title":{"rendered":"Darilna \u0161katla \u2013 Skrivnost razvajanja"},"content":{"rendered":"<p>Unikatna darilna \u0161katla, ki se jo lahko podari kot darilo za dan \u017eena, rojstni dan, valentinovo ali drugo prilo\u017enost, ko \u017eelimo podariti izvirno darilo.<\/p>\n<p><strong style=\"font-size: 16px;\">1.Naravno, ro\u010dno izdelano milo NE\u017dNO MILO S KOKOSOVIM MLEKOM (120g)<\/strong><\/p>\n<p>Ne\u017eno milo za obraz in telo. Vla\u017eilna kombinacija iz kakavovega, karitejevega in mangovega masla so \u010dudovita kombinacija za suho in ob\u010dutljivo ko\u017eo. Ko\u017eo o\u010distijo in jo hkrati pustijo negovano in navla\u017eeno. Milu je dodano kokosovo mleko, ki je izjemno ne\u017eno in poskrbi, da je ko\u017ea po uporabi mehka. Kokosovo mleko poskrbi za izjemno vla\u017eilen efekt, \u0161e posebaj v suhih mesecih. Naravne sestavine kokosovega mleka lahko pomagajo pri zdravljenju suhe ko\u017ee in poskrbijo, da se iz ko\u017ee odstranijo vse \u0161kodljive bakterije. Ko\u017eo bo pustilo mehko, gladko, navla\u017eeno in popolnoma \u010dudovito.<\/p>\n<p>Sestavine: Olive Oil, Coconut oil, Shea Butter, Cococnut Milk, Cocoa Butter, Mango Butter,<br \/>\nSweet Almond Oil, Castor Oil.<\/p>\n<p>Di\u0161ava: brez di\u0161av<\/p>\n<h6><\/h6>\n<p><strong>2. Naravno, ro\u010dno izdelano milo KAKAVOVO MASLO (120g)<\/strong><\/p>\n<p>Milo za lase, obraz in telo iz kombinacije izvrstnih, hranljivih masel in olj, je odli\u010dno za ob\u010dutljivo ko\u017eo. Va\u0161o ko\u017eo in lase bo pustilo popolnoma mehko in navla\u017eeno. Milo iz kakavovega masla proizvaja tako bogato, kremasto peno, da se boste le ste\u017eka umaknili izpod tu\u0161a. Izdelano je iz organskega kakavovega masla, ki je odli\u010den za ob\u010dutljivo ko\u017eo. To milo je odli\u010dno tudi za umivanje obraza, hkrati pa je popolno darilo za vse \u00bb\u010dokoholike\u00ab. Ko\u017eo bo pustilo mehko, gladko, navla\u017eeno in popolnoma \u010dudovito.<\/p>\n<p>Sestavine: Sodium olivate, sodium cocoate, sodium sheabutterate, sodium sweet almondate, sodium castorate, sodium cocoa butterate, Cocoa Powder (bio)<\/p>\n<p>Di\u0161ava: brez di\u0161av<\/p>\n<p><strong>Opombe:<\/strong><\/p>\n<p>\u27a4 Zaradi ro\u010dne izdelave, se lahko videz mila nekoliko razlikuje od tistega na sliki.<\/p>\n<p>\u27a4 Mila so pakirana v ve\u010djih koli\u010dinah, kot je obi\u010dajno za naravna, ro\u010dno izdelana mila \u2013 120g.<\/p>\n<p><strong>\u00a0<\/strong><\/p>\n<ol start=\"3\">\n<li>\n<h6><strong>Aromati\u010dna sojina di\u0161e\u010da sve\u010dka<\/strong><\/h6>\n<p>z vonjem vijolic, narejena iz sojinega voska, ki je obnovljiv vir in kar 3% di\u0161e\u010dega olja, ki bo priklicala v spomin pomladne vonjave cveto\u010dih vijolic.<\/li>\n<\/ol>\n<p>Sojina sve\u010dka omogo\u010da ne\u017enej\u0161i plamen, \u010distej\u0161i vonj in dolgotrajnej\u0161e gorenje. Izdelane so iz visokokakovostnega \u010distega voska in olja hidrirane soje.<\/p>\n<p>NASVET: Ob prvi uporabi pustite sve\u010do goreti pribli\u017eno 2 uri, da bo va\u0161a sve\u010da ustvarila prvotni izgorevalni spomin. To bo pove\u010dalo vonj in celovitej\u0161e topljenje voska. Stenj naj bo vedno v sredini.<\/p>\n<p>&nbsp;<\/p>\n<ol start=\"4\">\n<li>\n<h6><strong>Kopalna bombica \u2013 MANDELJ<\/strong><\/h6>\n<\/li>\n<\/ol>\n<p>Privo\u0161\u010dite si razko\u0161no spa sprostitev znotraj doma z ro\u010dno izdelano kopalno bombico, ki bo s svojo aromo mandlja sprostila vse va\u0161e napete mi\u0161ice in misli ter pustila va\u0161o ko\u017eo mehko kot svila.<\/p>\n<p>SESTAVINE: sodium bicarbonate, citric acid, sodium chloride, persea gratissima (avocado) oil, parfum, aqua, cinnamyl alcohol, CI 19140, CI 16255, CI 28440<\/p>\n<p>&nbsp;<\/p>\n<ol start=\"5\">\n<li>\n<h6><strong>Himalajska kopalna sol (35g)\/ \u010cUTNOST: eteri\u010dna olja Ylang Ylang + kokosovo olje <\/strong><\/h6>\n<\/li>\n<\/ol>\n<p>Himalajska sol bogata z minerali, pre\u017eeta s 100% eteri\u010dnimi olji, kokosovim oljem in suhimi cvetnimi listi vrtnic. Ker je himalajska sol tako bogata z minerali (natan\u010dneje 84 minerali), namakanje v slani vodi pomirja in obnavlja po\u0161kodovano ko\u017eo ter spodbuja obnovo celic. Dodana olja pa ko\u017eo \u0161e dodatno nahranijo in navla\u017eijo. Ko si za\u017eelite razvajanja le dodajte 2-3 \u010dajne \u017eli\u010dke kopalne soli v toplo vodo v va\u0161i kadi in u\u017eivajte v aromateri\u010dni kopeli.<\/p>\n<p>SESTAVINE: Sodium Chloride, Rose Centifolia Flowers, Cananga Odorata Oil, Cocos Nucifera oil, *Linalool, *Benzyl Benzoate, Farnesol. *Naravne sestavine eteri\u010dnih olj<\/p>\n<p>&nbsp;<\/p>\n<ol start=\"6\">\n<li>\n<h6><strong>V\u017eigalice.<\/strong><\/h6>\n<\/li>\n<\/ol>\n<p>&nbsp;<\/p>\n<ol start=\"7\">\n<li>\n<h6><strong>Vre\u010dka iz jute.<\/strong><\/h6>\n<\/li>\n<\/ol>\n<h6>Dodatno:<\/h6>\n<p>Darilnemu setu lahko prilo\u017eite tudi\u00a0<strong>personalizirano \u010destitko<\/strong>\u00a0(+2,95 eur).<\/p>\n<p>\u010ce \u017eelite bomo va\u0161e darilo obdarovancu dostavili mi, seveda pa ob dostavi ne bomo prilo\u017eili ra\u010duna. Le-tega boste prejeli vi.<\/p>\n<p>&nbsp;<\/p>\n<p>Za piko na i lahko svoj darilni set nadgradite z\u00a0<a href=\"http:\/\/staging.leboxi.eu\/blog\/posvetilo-darilni-listki\/\">darilnimi listi\u010di<\/a> za izdelavo katerih navodila najdete na na\u0161em blogu. Darilna \u0161katla predstavlja \u010dudovito darilo za dan \u017eena ali drugo prilo\u017enost.<\/p>\n<p>&nbsp;<\/p>\n","protected":false},"excerpt":{"rendered":"<p>Pri\u010dnite svoje potovanje v svet naravne nege ko\u017ee! Ta komplet 2 ro\u010dno izdelanih naravnih negovalnih mil iz najbolj\u0161ih sestavin pode\u017eelja ju\u017ene Francije, bo va\u0161o ko\u017eo pustil izredno mehko, negovano in di\u0161e\u010do. V ne\u017eni slami boste na\u0161li tudi ro\u010dno izdelano kopalno bombico, epruveto himalajske kopalne soli bogate z minerali, s katerimi bodo va\u0161e kopeli \u0161e bolj negovalne in spro\u0161\u010dujo\u010de ter aromati\u010dno sve\u010dko z opojnim vonjem. Prilo\u017eene so tudi v\u017eigalice v dekorativni vre\u010dki iz jute. Privo\u0161\u010dite svoji ko\u017ei le najbolj\u0161e! \u010cudovito darilo za dan \u017eena, valentinovo, rojstni dan ali drugo prilo\u017enost.<\/p>\n<p>Na\u0161a naravna mila so pakirana v ve\u010djih koli\u010dinah, kot je obi\u010dajno za naravna, ro\u010dno izdelana mila \u2013 120g. V \u0161katlo lahko prilo\u017eite tudi personalizirano \u010destitko (za dopla\u010dilo).<\/p>\n<p>Darilna \u0161katla vsebuje:<\/p>\n<ul>\n<li>2x naravno ro\u010dno izdelano milo (2x 120g),<\/li>\n<li>1x himalajska kopalna sol v epruveti (35g),<\/li>\n<li>1x kopalna bombica,<\/li>\n<li>1x aromati\u010dna sojina sve\u010dka,<\/li>\n<li>v\u017eigalice,<\/li>\n<li>1x dekorativna vre\u010dka iz jute.<\/li>\n<\/ul>\n<p>&nbsp;<\/p>\n<p>\u010ce \u017eelite bomo va\u0161e darilo obdarovancu dostavili mi, seveda pa ob dostavi ne bomo prilo\u017eili ra\u010duna. Le-tega boste prejeli vi.<\/p>\n<p>Podroben opis si lahko preberete spodaj. Milo se lahko razlikuje od prikazanega na sliki, za ve\u010d podrobnosti glej opis spodaj.<\/p>\n","protected":false},"featured_media":2419,"comment_status":"open","ping_status":"closed","template":"","meta":{"site-sidebar-layout":"default","site-content-layout":"default","ast-site-content-layout":"default","site-content-style":"default","site-sidebar-style":"default","ast-global-header-display":"","ast-banner-title-visibility":"","ast-main-header-display":"","ast-hfb-above-header-display":"","ast-hfb-below-header-display":"","ast-hfb-mobile-header-display":"","site-post-title":"","ast-breadcrumbs-content":"","ast-featured-img":"","footer-sml-layout":"","theme-transparent-header-meta":"default","adv-header-id-meta":"","stick-header-meta":"","header-above-stick-meta":"","header-main-stick-meta":"","header-below-stick-meta":"","astra-migrate-meta-layouts":"set","ast-page-background-enabled":"default","ast-page-background-meta":{"desktop":{"background-color":"","background-image":"","background-repeat":"repeat","background-position":"center center","background-size":"auto","background-attachment":"scroll","background-type":"","background-media":"","overlay-type":"","overlay-color":"","overlay-opacity":"","overlay-gradient":""},"tablet":{"background-color":"","background-image":"","background-repeat":"repeat","background-position":"center center","background-size":"auto","background-attachment":"scroll","background-type":"","background-media":"","overlay-type":"","overlay-color":"","overlay-opacity":"","overlay-gradient":""},"mobile":{"background-color":"","background-image":"","background-repeat":"repeat","background-position":"center center","background-size":"auto","background-attachment":"scroll","background-type":"","background-media":"","overlay-type":"","overlay-color":"","overlay-opacity":"","overlay-gradient":""}},"ast-content-background-meta":{"desktop":{"background-color":"var(--ast-global-color-5)","background-image":"","background-repeat":"repeat","background-position":"center center","background-size":"auto","background-attachment":"scroll","background-type":"","background-media":"","overlay-type":"","overlay-color":"","overlay-opacity":"","overlay-gradient":""},"tablet":{"background-color":"var(--ast-global-color-5)","background-image":"","background-repeat":"repeat","background-position":"center center","background-size":"auto","background-attachment":"scroll","background-type":"","background-media":"","overlay-type":"","overlay-color":"","overlay-opacity":"","overlay-gradient":""},"mobile":{"background-color":"var(--ast-global-color-5)","background-image":"","background-repeat":"repeat","background-position":"center center","background-size":"auto","background-attachment":"scroll","background-type":"","background-media":"","overlay-type":"","overlay-color":"","overlay-opacity":"","overlay-gradient":""}}},"product_brand":[],"product_cat":[357],"product_tag":[],"class_list":{"0":"post-2418","1":"product","2":"type-product","3":"status-publish","4":"has-post-thumbnail","6":"product_cat-ni-na-zalogi","7":"desktop-align-left","8":"tablet-align-left","9":"mobile-align-left","11":"first","12":"outofstock","13":"sale","14":"taxable","15":"shipping-taxable","16":"purchasable","17":"product-type-simple"},"yoast_head":"<!-- This site is optimized with the Yoast SEO plugin v25.2 - https:\/\/yoast.com\/wordpress\/plugins\/seo\/ -->\n<title>Darilo za dan \u017eena | Darilna \u0161katla - skrivnost razvajanja| Le Boxi<\/title>\n<meta name=\"description\" content=\"Set vsebuje 2 naravnih mili s pode\u017eelja ju\u017ene Francije, ro\u010dno izdelano kopalno bombico, epruveto himalajske kopalne soli ter di\u0161e\u010do sve\u010do. \u010cudovito darilo za dan \u017eena ali drugo prilo\u017enost.\" \/>\n<meta name=\"robots\" content=\"index, follow, max-snippet:-1, max-image-preview:large, max-video-preview:-1\" \/>\n<link rel=\"canonical\" href=\"http:\/\/staging.leboxi.eu\/sl\/izdelek\/darilo-za-dan-zena\/\" \/>\n<meta property=\"og:locale\" content=\"sl_SI\" \/>\n<meta property=\"og:type\" content=\"article\" \/>\n<meta property=\"og:title\" content=\"Darilo za dan \u017eena | Darilna \u0161katla - skrivnost razvajanja| Le Boxi\" \/>\n<meta property=\"og:description\" content=\"Set vsebuje 2 naravnih mili s pode\u017eelja ju\u017ene Francije, ro\u010dno izdelano kopalno bombico, epruveto himalajske kopalne soli ter di\u0161e\u010do sve\u010do. \u010cudovito darilo za dan \u017eena ali drugo prilo\u017enost.\" \/>\n<meta property=\"og:url\" content=\"http:\/\/staging.leboxi.eu\/sl\/izdelek\/darilo-za-dan-zena\/\" \/>\n<meta property=\"og:site_name\" content=\"Le Boxi | Unikatna darila za vsakogar\" \/>\n<meta property=\"article:publisher\" content=\"https:\/\/www.facebook.com\/leboxi.eu\" \/>\n<meta property=\"article:modified_time\" content=\"2025-01-26T15:38:38+00:00\" \/>\n<meta property=\"og:image\" content=\"http:\/\/staging.leboxi.eu\/wp-content\/uploads\/2021\/04\/Izdelek-113-of-339.jpg\" \/>\n\t<meta property=\"og:image:width\" content=\"1000\" \/>\n\t<meta property=\"og:image:height\" content=\"1000\" \/>\n\t<meta property=\"og:image:type\" content=\"image\/jpeg\" \/>\n<meta name=\"twitter:card\" content=\"summary_large_image\" \/>\n<meta name=\"twitter:label1\" content=\"Est. reading time\" \/>\n\t<meta name=\"twitter:data1\" content=\"5 minut\" \/>\n<script type=\"application\/ld+json\" class=\"yoast-schema-graph\">{\"@context\":\"https:\/\/schema.org\",\"@graph\":[{\"@type\":\"WebPage\",\"@id\":\"http:\/\/staging.leboxi.eu\/sl\/izdelek\/darilo-za-dan-zena\/\",\"url\":\"http:\/\/staging.leboxi.eu\/sl\/izdelek\/darilo-za-dan-zena\/\",\"name\":\"Darilo za dan \u017eena | Darilna \u0161katla - skrivnost razvajanja| Le Boxi\",\"isPartOf\":{\"@id\":\"http:\/\/staging.leboxi.eu\/sl\/#website\"},\"primaryImageOfPage\":{\"@id\":\"http:\/\/staging.leboxi.eu\/sl\/izdelek\/darilo-za-dan-zena\/#primaryimage\"},\"image\":{\"@id\":\"http:\/\/staging.leboxi.eu\/sl\/izdelek\/darilo-za-dan-zena\/#primaryimage\"},\"thumbnailUrl\":\"http:\/\/staging.leboxi.eu\/wp-content\/uploads\/2021\/04\/Izdelek-113-of-339.jpg\",\"datePublished\":\"2021-04-07T18:56:22+00:00\",\"dateModified\":\"2025-01-26T15:38:38+00:00\",\"description\":\"Set vsebuje 2 naravnih mili s pode\u017eelja ju\u017ene Francije, ro\u010dno izdelano kopalno bombico, epruveto himalajske kopalne soli ter di\u0161e\u010do sve\u010do. \u010cudovito darilo za dan \u017eena ali drugo prilo\u017enost.\",\"breadcrumb\":{\"@id\":\"http:\/\/staging.leboxi.eu\/sl\/izdelek\/darilo-za-dan-zena\/#breadcrumb\"},\"inLanguage\":\"sl-SI\",\"potentialAction\":[{\"@type\":\"ReadAction\",\"target\":[\"http:\/\/staging.leboxi.eu\/sl\/izdelek\/darilo-za-dan-zena\/\"]}]},{\"@type\":\"ImageObject\",\"inLanguage\":\"sl-SI\",\"@id\":\"http:\/\/staging.leboxi.eu\/sl\/izdelek\/darilo-za-dan-zena\/#primaryimage\",\"url\":\"http:\/\/staging.leboxi.eu\/wp-content\/uploads\/2021\/04\/Izdelek-113-of-339.jpg\",\"contentUrl\":\"http:\/\/staging.leboxi.eu\/wp-content\/uploads\/2021\/04\/Izdelek-113-of-339.jpg\",\"width\":1000,\"height\":1000,\"caption\":\"Darilna \u0161katla z dvema naravnima miloma kurkuma in kokosovo olje, kopalna bombica, di\u0161e\u010da sve\u010dka ter kopalna sol\"},{\"@type\":\"BreadcrumbList\",\"@id\":\"http:\/\/staging.leboxi.eu\/sl\/izdelek\/darilo-za-dan-zena\/#breadcrumb\",\"itemListElement\":[{\"@type\":\"ListItem\",\"position\":1,\"name\":\"Doma\",\"item\":\"http:\/\/staging.leboxi.eu\/sl\/\"},{\"@type\":\"ListItem\",\"position\":2,\"name\":\"Trgovina\",\"item\":\"http:\/\/staging.leboxi.eu\/sl\/trgovina\/\"},{\"@type\":\"ListItem\",\"position\":3,\"name\":\"Darilna \u0161katla \u2013 Skrivnost razvajanja\"}]},{\"@type\":\"WebSite\",\"@id\":\"http:\/\/staging.leboxi.eu\/sl\/#website\",\"url\":\"http:\/\/staging.leboxi.eu\/sl\/\",\"name\":\"Le Boxi | Unikatna darila za vsakogar\",\"description\":\"Unikatna darila in darilne \u0161katle za vse prilo\u017enosti.\",\"publisher\":{\"@id\":\"http:\/\/staging.leboxi.eu\/sl\/#organization\"},\"potentialAction\":[{\"@type\":\"SearchAction\",\"target\":{\"@type\":\"EntryPoint\",\"urlTemplate\":\"http:\/\/staging.leboxi.eu\/sl\/?s={search_term_string}\"},\"query-input\":{\"@type\":\"PropertyValueSpecification\",\"valueRequired\":true,\"valueName\":\"search_term_string\"}}],\"inLanguage\":\"sl-SI\"},{\"@type\":\"Organization\",\"@id\":\"http:\/\/staging.leboxi.eu\/sl\/#organization\",\"name\":\"LE BOXI\",\"url\":\"http:\/\/staging.leboxi.eu\/sl\/\",\"logo\":{\"@type\":\"ImageObject\",\"inLanguage\":\"sl-SI\",\"@id\":\"http:\/\/staging.leboxi.eu\/sl\/#\/schema\/logo\/image\/\",\"url\":\"http:\/\/staging.leboxi.eu\/wp-content\/uploads\/2021\/02\/LeBoxi-manjsi-png.png\",\"contentUrl\":\"http:\/\/staging.leboxi.eu\/wp-content\/uploads\/2021\/02\/LeBoxi-manjsi-png.png\",\"width\":389,\"height\":164,\"caption\":\"LE BOXI\"},\"image\":{\"@id\":\"http:\/\/staging.leboxi.eu\/sl\/#\/schema\/logo\/image\/\"},\"sameAs\":[\"https:\/\/www.facebook.com\/leboxi.eu\",\"https:\/\/www.instagram.com\/le.boxi\/\"]}]}<\/script>\n<!-- \/ Yoast SEO plugin. -->","yoast_head_json":{"title":"Darilo za dan \u017eena | Darilna \u0161katla - skrivnost razvajanja| Le Boxi","description":"Set vsebuje 2 naravnih mili s pode\u017eelja ju\u017ene Francije, ro\u010dno izdelano kopalno bombico, epruveto himalajske kopalne soli ter di\u0161e\u010do sve\u010do. \u010cudovito darilo za dan \u017eena ali drugo prilo\u017enost.","robots":{"index":"index","follow":"follow","max-snippet":"max-snippet:-1","max-image-preview":"max-image-preview:large","max-video-preview":"max-video-preview:-1"},"canonical":"http:\/\/staging.leboxi.eu\/sl\/izdelek\/darilo-za-dan-zena\/","og_locale":"sl_SI","og_type":"article","og_title":"Darilo za dan \u017eena | Darilna \u0161katla - skrivnost razvajanja| Le Boxi","og_description":"Set vsebuje 2 naravnih mili s pode\u017eelja ju\u017ene Francije, ro\u010dno izdelano kopalno bombico, epruveto himalajske kopalne soli ter di\u0161e\u010do sve\u010do. \u010cudovito darilo za dan \u017eena ali drugo prilo\u017enost.","og_url":"http:\/\/staging.leboxi.eu\/sl\/izdelek\/darilo-za-dan-zena\/","og_site_name":"Le Boxi | Unikatna darila za vsakogar","article_publisher":"https:\/\/www.facebook.com\/leboxi.eu","article_modified_time":"2025-01-26T15:38:38+00:00","og_image":[{"width":1000,"height":1000,"url":"http:\/\/staging.leboxi.eu\/wp-content\/uploads\/2021\/04\/Izdelek-113-of-339.jpg","type":"image\/jpeg"}],"twitter_card":"summary_large_image","twitter_misc":{"Est. reading time":"5 minut"},"schema":{"@context":"https:\/\/schema.org","@graph":[{"@type":"WebPage","@id":"http:\/\/staging.leboxi.eu\/sl\/izdelek\/darilo-za-dan-zena\/","url":"http:\/\/staging.leboxi.eu\/sl\/izdelek\/darilo-za-dan-zena\/","name":"Darilo za dan \u017eena | Darilna \u0161katla - skrivnost razvajanja| Le Boxi","isPartOf":{"@id":"http:\/\/staging.leboxi.eu\/sl\/#website"},"primaryImageOfPage":{"@id":"http:\/\/staging.leboxi.eu\/sl\/izdelek\/darilo-za-dan-zena\/#primaryimage"},"image":{"@id":"http:\/\/staging.leboxi.eu\/sl\/izdelek\/darilo-za-dan-zena\/#primaryimage"},"thumbnailUrl":"http:\/\/staging.leboxi.eu\/wp-content\/uploads\/2021\/04\/Izdelek-113-of-339.jpg","datePublished":"2021-04-07T18:56:22+00:00","dateModified":"2025-01-26T15:38:38+00:00","description":"Set vsebuje 2 naravnih mili s pode\u017eelja ju\u017ene Francije, ro\u010dno izdelano kopalno bombico, epruveto himalajske kopalne soli ter di\u0161e\u010do sve\u010do. \u010cudovito darilo za dan \u017eena ali drugo prilo\u017enost.","breadcrumb":{"@id":"http:\/\/staging.leboxi.eu\/sl\/izdelek\/darilo-za-dan-zena\/#breadcrumb"},"inLanguage":"sl-SI","potentialAction":[{"@type":"ReadAction","target":["http:\/\/staging.leboxi.eu\/sl\/izdelek\/darilo-za-dan-zena\/"]}]},{"@type":"ImageObject","inLanguage":"sl-SI","@id":"http:\/\/staging.leboxi.eu\/sl\/izdelek\/darilo-za-dan-zena\/#primaryimage","url":"http:\/\/staging.leboxi.eu\/wp-content\/uploads\/2021\/04\/Izdelek-113-of-339.jpg","contentUrl":"http:\/\/staging.leboxi.eu\/wp-content\/uploads\/2021\/04\/Izdelek-113-of-339.jpg","width":1000,"height":1000,"caption":"Darilna \u0161katla z dvema naravnima miloma kurkuma in kokosovo olje, kopalna bombica, di\u0161e\u010da sve\u010dka ter kopalna sol"},{"@type":"BreadcrumbList","@id":"http:\/\/staging.leboxi.eu\/sl\/izdelek\/darilo-za-dan-zena\/#breadcrumb","itemListElement":[{"@type":"ListItem","position":1,"name":"Doma","item":"http:\/\/staging.leboxi.eu\/sl\/"},{"@type":"ListItem","position":2,"name":"Trgovina","item":"http:\/\/staging.leboxi.eu\/sl\/trgovina\/"},{"@type":"ListItem","position":3,"name":"Darilna \u0161katla \u2013 Skrivnost razvajanja"}]},{"@type":"WebSite","@id":"http:\/\/staging.leboxi.eu\/sl\/#website","url":"http:\/\/staging.leboxi.eu\/sl\/","name":"Le Boxi | Unikatna darila za vsakogar","description":"Unikatna darila in darilne \u0161katle za vse prilo\u017enosti.","publisher":{"@id":"http:\/\/staging.leboxi.eu\/sl\/#organization"},"potentialAction":[{"@type":"SearchAction","target":{"@type":"EntryPoint","urlTemplate":"http:\/\/staging.leboxi.eu\/sl\/?s={search_term_string}"},"query-input":{"@type":"PropertyValueSpecification","valueRequired":true,"valueName":"search_term_string"}}],"inLanguage":"sl-SI"},{"@type":"Organization","@id":"http:\/\/staging.leboxi.eu\/sl\/#organization","name":"LE BOXI","url":"http:\/\/staging.leboxi.eu\/sl\/","logo":{"@type":"ImageObject","inLanguage":"sl-SI","@id":"http:\/\/staging.leboxi.eu\/sl\/#\/schema\/logo\/image\/","url":"http:\/\/staging.leboxi.eu\/wp-content\/uploads\/2021\/02\/LeBoxi-manjsi-png.png","contentUrl":"http:\/\/staging.leboxi.eu\/wp-content\/uploads\/2021\/02\/LeBoxi-manjsi-png.png","width":389,"height":164,"caption":"LE BOXI"},"image":{"@id":"http:\/\/staging.leboxi.eu\/sl\/#\/schema\/logo\/image\/"},"sameAs":["https:\/\/www.facebook.com\/leboxi.eu","https:\/\/www.instagram.com\/le.boxi\/"]}]}},"_links":{"self":[{"href":"http:\/\/staging.leboxi.eu\/sl\/wp-json\/wp\/v2\/product\/2418","targetHints":{"allow":["GET"]}}],"collection":[{"href":"http:\/\/staging.leboxi.eu\/sl\/wp-json\/wp\/v2\/product"}],"about":[{"href":"http:\/\/staging.leboxi.eu\/sl\/wp-json\/wp\/v2\/types\/product"}],"replies":[{"embeddable":true,"href":"http:\/\/staging.leboxi.eu\/sl\/wp-json\/wp\/v2\/comments?post=2418"}],"version-history":[{"count":3,"href":"http:\/\/staging.leboxi.eu\/sl\/wp-json\/wp\/v2\/product\/2418\/revisions"}],"predecessor-version":[{"id":9559,"href":"http:\/\/staging.leboxi.eu\/sl\/wp-json\/wp\/v2\/product\/2418\/revisions\/9559"}],"wp:featuredmedia":[{"embeddable":true,"href":"http:\/\/staging.leboxi.eu\/sl\/wp-json\/wp\/v2\/media\/2419"}],"wp:attachment":[{"href":"http:\/\/staging.leboxi.eu\/sl\/wp-json\/wp\/v2\/media?parent=2418"}],"wp:term":[{"taxonomy":"product_brand","embeddable":true,"href":"http:\/\/staging.leboxi.eu\/sl\/wp-json\/wp\/v2\/product_brand?post=2418"},{"taxonomy":"product_cat","embeddable":true,"href":"http:\/\/staging.leboxi.eu\/sl\/wp-json\/wp\/v2\/product_cat?post=2418"},{"taxonomy":"product_tag","embeddable":true,"href":"http:\/\/staging.leboxi.eu\/sl\/wp-json\/wp\/v2\/product_tag?post=2418"}],"curies":[{"name":"wp","href":"https:\/\/api.w.org\/{rel}","templated":true}]}}