{"id":2404,"date":"2021-04-07T19:31:29","date_gmt":"2021-04-07T18:31:29","guid":{"rendered":"http:\/\/staging.leboxi.eu\/?post_type=product&#038;p=2404"},"modified":"2025-01-26T16:41:22","modified_gmt":"2025-01-26T15:41:22","slug":"darila-za-mame","status":"publish","type":"product","link":"http:\/\/staging.leboxi.eu\/sl\/izdelek\/darila-za-mame\/","title":{"rendered":"Darilna \u0161katla \u2013 5 minut zame"},"content":{"rendered":"<p><strong>Le Boxi-jeva darila za mame, punce in vse \u017eenske bodo razveselila \u0161e najbolj zahtevne prejemnice. Set\u00a0 5 minut zame ki vsebuje:<\/strong><\/p>\n<p>Zaradi kompaktne velikosti so te kopalne soli idealen spremljevalec za va\u0161a potovanja, saj zagotavljajo, da lahko ko\u0161\u010dek razko\u0161ja nosite s seboj kamorkoli greste. Ne glede na to, ali se odpravljate na vikend ali poslovno potovanje, vas lahko va\u0161 kopalni ritual zdaj spremlja ne glede na cilj. Preprosto natresite \u017eeleno koli\u010dino kopalne soli iz epruvete v toplo vodo in bodite pri\u010da preobrazbi. Soli se bodo elegantno raztopile in razpr\u0161ile aromati\u010dno esenco po vodi. Ta kopalna sol v epuveti vam bo prinesla pomlajevalno izku\u0161njo, ki vas bo ponesla v kraljestvo spokojnosti.<\/p>\n<h6><\/h6>\n<h6>Dodatno:<\/h6>\n<p>Darilnemu setu lahko prilo\u017eite tudi\u00a0<strong>personalizirano \u010destitko<\/strong>.<\/p>\n<p>\u010ce \u017eelite bomo va\u0161e darilo obdarovancu dostavili mi, seveda pa ob dostavi ne bomo prilo\u017eili ra\u010duna. Le-tega boste prejeli vi.<\/p>\n<p>&nbsp;<\/p>\n<p>Za piko na i lahko svoj darilni set nadgradite z\u00a0<a href=\"http:\/\/staging.leboxi.eu\/blog\/posvetilo-darilni-listki\/\">darilnimi listi\u010di<\/a> za izdelavo katerih navodila najdete na na\u0161em blogu. Darilni seti so odli\u010dna darila za mame, prijateljice ali punce.<\/p>\n<p>&nbsp;<\/p>\n<p>&nbsp;<\/p>\n","protected":false},"excerpt":{"rendered":"<p>U\u017eivajte v popolni sprostitvi in razvajanju svojih ljubljenih z na\u0161im izbranim darilnim setom, ki vsebuje 7 razli\u010dnih vrst kopalnih soli. Va\u0161i prijatelji in dru\u017eina bodo navdu\u0161eni nad premi\u0161ljenostjo tega razko\u0161nega darila, ki prina\u0161a nepozaben u\u017eitek. Izbrane soli ne samo, da poskrbijo za \u010dudovito razvajanje, temve\u010d tudi dodajo pridih prefinjenosti.<\/p>\n<p>Elegantna embala\u017ea ni le za\u0161\u010dita za dragoceno vsebino, ampak tudi dopolnjuje eleganco va\u0161ega darila. Ta darilna \u0161katla je lahko odli\u010dno darilo za mamo, babico ali drugo pomembno \u017eensko v va\u0161em \u017eivljenju.<\/p>\n<p>V darilni \u0161katli boste na\u0161li 7 raznolikih kopalnih soli, ki bodo zadovoljile \u0161e najzahtevnej\u0161e uporabnike.<\/p>\n<p>&nbsp;<\/p>\n<p>V darilno \u0161katlo lahko prilo\u017eite tudi personalizirano \u010destitko (za dopla\u010dilo). Darilna \u0161katla je odli\u010den primerek darila za mame, punce ali prijateljice.<\/p>\n<p>&nbsp;<\/p>\n<p>\u010ce \u017eelite bomo va\u0161e darilo obdarovancu dostavili mi, seveda pa ob dostavi ne bomo prilo\u017eili ra\u010duna. Le-tega boste prejeli vi.<\/p>\n<p>Podroben opis si lahko preberete spodaj.<\/p>\n","protected":false},"featured_media":17608,"comment_status":"open","ping_status":"closed","template":"","meta":{"site-sidebar-layout":"default","site-content-layout":"default","ast-site-content-layout":"default","site-content-style":"default","site-sidebar-style":"default","ast-global-header-display":"","ast-banner-title-visibility":"","ast-main-header-display":"","ast-hfb-above-header-display":"","ast-hfb-below-header-display":"","ast-hfb-mobile-header-display":"","site-post-title":"","ast-breadcrumbs-content":"","ast-featured-img":"","footer-sml-layout":"","theme-transparent-header-meta":"default","adv-header-id-meta":"","stick-header-meta":"","header-above-stick-meta":"","header-main-stick-meta":"","header-below-stick-meta":"","astra-migrate-meta-layouts":"set","ast-page-background-enabled":"default","ast-page-background-meta":{"desktop":{"background-color":"","background-image":"","background-repeat":"repeat","background-position":"center center","background-size":"auto","background-attachment":"scroll","background-type":"","background-media":"","overlay-type":"","overlay-color":"","overlay-opacity":"","overlay-gradient":""},"tablet":{"background-color":"","background-image":"","background-repeat":"repeat","background-position":"center center","background-size":"auto","background-attachment":"scroll","background-type":"","background-media":"","overlay-type":"","overlay-color":"","overlay-opacity":"","overlay-gradient":""},"mobile":{"background-color":"","background-image":"","background-repeat":"repeat","background-position":"center center","background-size":"auto","background-attachment":"scroll","background-type":"","background-media":"","overlay-type":"","overlay-color":"","overlay-opacity":"","overlay-gradient":""}},"ast-content-background-meta":{"desktop":{"background-color":"var(--ast-global-color-5)","background-image":"","background-repeat":"repeat","background-position":"center center","background-size":"auto","background-attachment":"scroll","background-type":"","background-media":"","overlay-type":"","overlay-color":"","overlay-opacity":"","overlay-gradient":""},"tablet":{"background-color":"var(--ast-global-color-5)","background-image":"","background-repeat":"repeat","background-position":"center center","background-size":"auto","background-attachment":"scroll","background-type":"","background-media":"","overlay-type":"","overlay-color":"","overlay-opacity":"","overlay-gradient":""},"mobile":{"background-color":"var(--ast-global-color-5)","background-image":"","background-repeat":"repeat","background-position":"center center","background-size":"auto","background-attachment":"scroll","background-type":"","background-media":"","overlay-type":"","overlay-color":"","overlay-opacity":"","overlay-gradient":""}}},"product_brand":[],"product_cat":[186,178,182,15,27,122,126,130,148,128,146,164,162,160,156,154],"product_tag":[],"class_list":{"0":"post-2404","1":"product","2":"type-product","3":"status-publish","4":"has-post-thumbnail","6":"product_cat-darila-za-bozic-za-zenske","7":"product_cat-za-zenske","8":"product_cat-darila-za-valentinovo-za-zenske","9":"product_cat-splosna","10":"product_cat-zenske","11":"product_cat-darila-za-zenske","12":"product_cat-darila-za-mamo","13":"product_cat-darila-za-punco","14":"product_cat-darila-za-prijateljico","15":"product_cat-darilni-seti","16":"product_cat-priloznosti","17":"product_cat-darila-za-rojstni-dan","18":"product_cat-darila-za-valentinovo","19":"product_cat-darila-za-bozic","20":"product_cat-darila-za-dan-zena","21":"product_cat-darila-za-materinski-dan","22":"desktop-align-left","23":"tablet-align-left","24":"mobile-align-left","26":"first","27":"instock","28":"taxable","29":"shipping-taxable","30":"purchasable","31":"product-type-simple"},"yoast_head":"<!-- This site is optimized with the Yoast SEO plugin v25.2 - https:\/\/yoast.com\/wordpress\/plugins\/seo\/ -->\n<title>Darila za mame | Darilna \u0161katla - 5 minut zame | Le Boxi<\/title>\n<meta name=\"description\" content=\"Pri\u010dnite svoje potovanje v svet naravne nege ko\u017ee! Ta set vsebuje sedem prefinjenih kopalnih soli v epruveti. \u010cudovita darila za mame.\" \/>\n<meta name=\"robots\" content=\"index, follow, max-snippet:-1, max-image-preview:large, max-video-preview:-1\" \/>\n<link rel=\"canonical\" href=\"http:\/\/staging.leboxi.eu\/sl\/izdelek\/darila-za-mame\/\" \/>\n<meta property=\"og:locale\" content=\"sl_SI\" \/>\n<meta property=\"og:type\" content=\"article\" \/>\n<meta property=\"og:title\" content=\"Darila za mame | Darilna \u0161katla - 5 minut zame | Le Boxi\" \/>\n<meta property=\"og:description\" content=\"Pri\u010dnite svoje potovanje v svet naravne nege ko\u017ee! Ta set vsebuje sedem prefinjenih kopalnih soli v epruveti. \u010cudovita darila za mame.\" \/>\n<meta property=\"og:url\" content=\"http:\/\/staging.leboxi.eu\/sl\/izdelek\/darila-za-mame\/\" \/>\n<meta property=\"og:site_name\" content=\"Le Boxi | Unikatna darila za vsakogar\" \/>\n<meta property=\"article:publisher\" content=\"https:\/\/www.facebook.com\/leboxi.eu\" \/>\n<meta property=\"article:modified_time\" content=\"2025-01-26T15:41:22+00:00\" \/>\n<meta property=\"og:image\" content=\"http:\/\/staging.leboxi.eu\/wp-content\/uploads\/2021\/04\/mix-soli-3.jpg\" \/>\n\t<meta property=\"og:image:width\" content=\"1000\" \/>\n\t<meta property=\"og:image:height\" content=\"1000\" \/>\n\t<meta property=\"og:image:type\" content=\"image\/jpeg\" \/>\n<meta name=\"twitter:card\" content=\"summary_large_image\" \/>\n<meta name=\"twitter:label1\" content=\"Est. reading time\" \/>\n\t<meta name=\"twitter:data1\" content=\"5 minut\" \/>\n<script type=\"application\/ld+json\" class=\"yoast-schema-graph\">{\"@context\":\"https:\/\/schema.org\",\"@graph\":[{\"@type\":\"WebPage\",\"@id\":\"http:\/\/staging.leboxi.eu\/sl\/izdelek\/darila-za-mame\/\",\"url\":\"http:\/\/staging.leboxi.eu\/sl\/izdelek\/darila-za-mame\/\",\"name\":\"Darila za mame | Darilna \u0161katla - 5 minut zame | Le Boxi\",\"isPartOf\":{\"@id\":\"http:\/\/staging.leboxi.eu\/sl\/#website\"},\"primaryImageOfPage\":{\"@id\":\"http:\/\/staging.leboxi.eu\/sl\/izdelek\/darila-za-mame\/#primaryimage\"},\"image\":{\"@id\":\"http:\/\/staging.leboxi.eu\/sl\/izdelek\/darila-za-mame\/#primaryimage\"},\"thumbnailUrl\":\"http:\/\/staging.leboxi.eu\/wp-content\/uploads\/2021\/04\/mix-soli-3.jpg\",\"datePublished\":\"2021-04-07T18:31:29+00:00\",\"dateModified\":\"2025-01-26T15:41:22+00:00\",\"description\":\"Pri\u010dnite svoje potovanje v svet naravne nege ko\u017ee! Ta set vsebuje sedem prefinjenih kopalnih soli v epruveti. \u010cudovita darila za mame.\",\"breadcrumb\":{\"@id\":\"http:\/\/staging.leboxi.eu\/sl\/izdelek\/darila-za-mame\/#breadcrumb\"},\"inLanguage\":\"sl-SI\",\"potentialAction\":[{\"@type\":\"ReadAction\",\"target\":[\"http:\/\/staging.leboxi.eu\/sl\/izdelek\/darila-za-mame\/\"]}]},{\"@type\":\"ImageObject\",\"inLanguage\":\"sl-SI\",\"@id\":\"http:\/\/staging.leboxi.eu\/sl\/izdelek\/darila-za-mame\/#primaryimage\",\"url\":\"http:\/\/staging.leboxi.eu\/wp-content\/uploads\/2021\/04\/mix-soli-3.jpg\",\"contentUrl\":\"http:\/\/staging.leboxi.eu\/wp-content\/uploads\/2021\/04\/mix-soli-3.jpg\",\"width\":1000,\"height\":1000,\"caption\":\"darilna \u0161katla v kateri so kopalne soli v epruvetah\"},{\"@type\":\"BreadcrumbList\",\"@id\":\"http:\/\/staging.leboxi.eu\/sl\/izdelek\/darila-za-mame\/#breadcrumb\",\"itemListElement\":[{\"@type\":\"ListItem\",\"position\":1,\"name\":\"Doma\",\"item\":\"http:\/\/staging.leboxi.eu\/sl\/\"},{\"@type\":\"ListItem\",\"position\":2,\"name\":\"Trgovina\",\"item\":\"http:\/\/staging.leboxi.eu\/sl\/trgovina\/\"},{\"@type\":\"ListItem\",\"position\":3,\"name\":\"Darilna \u0161katla \u2013 5 minut zame\"}]},{\"@type\":\"WebSite\",\"@id\":\"http:\/\/staging.leboxi.eu\/sl\/#website\",\"url\":\"http:\/\/staging.leboxi.eu\/sl\/\",\"name\":\"Le Boxi | Unikatna darila za vsakogar\",\"description\":\"Unikatna darila in darilne \u0161katle za vse prilo\u017enosti.\",\"publisher\":{\"@id\":\"http:\/\/staging.leboxi.eu\/sl\/#organization\"},\"potentialAction\":[{\"@type\":\"SearchAction\",\"target\":{\"@type\":\"EntryPoint\",\"urlTemplate\":\"http:\/\/staging.leboxi.eu\/sl\/?s={search_term_string}\"},\"query-input\":{\"@type\":\"PropertyValueSpecification\",\"valueRequired\":true,\"valueName\":\"search_term_string\"}}],\"inLanguage\":\"sl-SI\"},{\"@type\":\"Organization\",\"@id\":\"http:\/\/staging.leboxi.eu\/sl\/#organization\",\"name\":\"LE BOXI\",\"url\":\"http:\/\/staging.leboxi.eu\/sl\/\",\"logo\":{\"@type\":\"ImageObject\",\"inLanguage\":\"sl-SI\",\"@id\":\"http:\/\/staging.leboxi.eu\/sl\/#\/schema\/logo\/image\/\",\"url\":\"http:\/\/staging.leboxi.eu\/wp-content\/uploads\/2021\/02\/LeBoxi-manjsi-png.png\",\"contentUrl\":\"http:\/\/staging.leboxi.eu\/wp-content\/uploads\/2021\/02\/LeBoxi-manjsi-png.png\",\"width\":389,\"height\":164,\"caption\":\"LE BOXI\"},\"image\":{\"@id\":\"http:\/\/staging.leboxi.eu\/sl\/#\/schema\/logo\/image\/\"},\"sameAs\":[\"https:\/\/www.facebook.com\/leboxi.eu\",\"https:\/\/www.instagram.com\/le.boxi\/\"]}]}<\/script>\n<!-- \/ Yoast SEO plugin. -->","yoast_head_json":{"title":"Darila za mame | Darilna \u0161katla - 5 minut zame | Le Boxi","description":"Pri\u010dnite svoje potovanje v svet naravne nege ko\u017ee! Ta set vsebuje sedem prefinjenih kopalnih soli v epruveti. \u010cudovita darila za mame.","robots":{"index":"index","follow":"follow","max-snippet":"max-snippet:-1","max-image-preview":"max-image-preview:large","max-video-preview":"max-video-preview:-1"},"canonical":"http:\/\/staging.leboxi.eu\/sl\/izdelek\/darila-za-mame\/","og_locale":"sl_SI","og_type":"article","og_title":"Darila za mame | Darilna \u0161katla - 5 minut zame | Le Boxi","og_description":"Pri\u010dnite svoje potovanje v svet naravne nege ko\u017ee! Ta set vsebuje sedem prefinjenih kopalnih soli v epruveti. \u010cudovita darila za mame.","og_url":"http:\/\/staging.leboxi.eu\/sl\/izdelek\/darila-za-mame\/","og_site_name":"Le Boxi | Unikatna darila za vsakogar","article_publisher":"https:\/\/www.facebook.com\/leboxi.eu","article_modified_time":"2025-01-26T15:41:22+00:00","og_image":[{"width":1000,"height":1000,"url":"http:\/\/staging.leboxi.eu\/wp-content\/uploads\/2021\/04\/mix-soli-3.jpg","type":"image\/jpeg"}],"twitter_card":"summary_large_image","twitter_misc":{"Est. reading time":"5 minut"},"schema":{"@context":"https:\/\/schema.org","@graph":[{"@type":"WebPage","@id":"http:\/\/staging.leboxi.eu\/sl\/izdelek\/darila-za-mame\/","url":"http:\/\/staging.leboxi.eu\/sl\/izdelek\/darila-za-mame\/","name":"Darila za mame | Darilna \u0161katla - 5 minut zame | Le Boxi","isPartOf":{"@id":"http:\/\/staging.leboxi.eu\/sl\/#website"},"primaryImageOfPage":{"@id":"http:\/\/staging.leboxi.eu\/sl\/izdelek\/darila-za-mame\/#primaryimage"},"image":{"@id":"http:\/\/staging.leboxi.eu\/sl\/izdelek\/darila-za-mame\/#primaryimage"},"thumbnailUrl":"http:\/\/staging.leboxi.eu\/wp-content\/uploads\/2021\/04\/mix-soli-3.jpg","datePublished":"2021-04-07T18:31:29+00:00","dateModified":"2025-01-26T15:41:22+00:00","description":"Pri\u010dnite svoje potovanje v svet naravne nege ko\u017ee! Ta set vsebuje sedem prefinjenih kopalnih soli v epruveti. \u010cudovita darila za mame.","breadcrumb":{"@id":"http:\/\/staging.leboxi.eu\/sl\/izdelek\/darila-za-mame\/#breadcrumb"},"inLanguage":"sl-SI","potentialAction":[{"@type":"ReadAction","target":["http:\/\/staging.leboxi.eu\/sl\/izdelek\/darila-za-mame\/"]}]},{"@type":"ImageObject","inLanguage":"sl-SI","@id":"http:\/\/staging.leboxi.eu\/sl\/izdelek\/darila-za-mame\/#primaryimage","url":"http:\/\/staging.leboxi.eu\/wp-content\/uploads\/2021\/04\/mix-soli-3.jpg","contentUrl":"http:\/\/staging.leboxi.eu\/wp-content\/uploads\/2021\/04\/mix-soli-3.jpg","width":1000,"height":1000,"caption":"darilna \u0161katla v kateri so kopalne soli v epruvetah"},{"@type":"BreadcrumbList","@id":"http:\/\/staging.leboxi.eu\/sl\/izdelek\/darila-za-mame\/#breadcrumb","itemListElement":[{"@type":"ListItem","position":1,"name":"Doma","item":"http:\/\/staging.leboxi.eu\/sl\/"},{"@type":"ListItem","position":2,"name":"Trgovina","item":"http:\/\/staging.leboxi.eu\/sl\/trgovina\/"},{"@type":"ListItem","position":3,"name":"Darilna \u0161katla \u2013 5 minut zame"}]},{"@type":"WebSite","@id":"http:\/\/staging.leboxi.eu\/sl\/#website","url":"http:\/\/staging.leboxi.eu\/sl\/","name":"Le Boxi | Unikatna darila za vsakogar","description":"Unikatna darila in darilne \u0161katle za vse prilo\u017enosti.","publisher":{"@id":"http:\/\/staging.leboxi.eu\/sl\/#organization"},"potentialAction":[{"@type":"SearchAction","target":{"@type":"EntryPoint","urlTemplate":"http:\/\/staging.leboxi.eu\/sl\/?s={search_term_string}"},"query-input":{"@type":"PropertyValueSpecification","valueRequired":true,"valueName":"search_term_string"}}],"inLanguage":"sl-SI"},{"@type":"Organization","@id":"http:\/\/staging.leboxi.eu\/sl\/#organization","name":"LE BOXI","url":"http:\/\/staging.leboxi.eu\/sl\/","logo":{"@type":"ImageObject","inLanguage":"sl-SI","@id":"http:\/\/staging.leboxi.eu\/sl\/#\/schema\/logo\/image\/","url":"http:\/\/staging.leboxi.eu\/wp-content\/uploads\/2021\/02\/LeBoxi-manjsi-png.png","contentUrl":"http:\/\/staging.leboxi.eu\/wp-content\/uploads\/2021\/02\/LeBoxi-manjsi-png.png","width":389,"height":164,"caption":"LE BOXI"},"image":{"@id":"http:\/\/staging.leboxi.eu\/sl\/#\/schema\/logo\/image\/"},"sameAs":["https:\/\/www.facebook.com\/leboxi.eu","https:\/\/www.instagram.com\/le.boxi\/"]}]}},"_links":{"self":[{"href":"http:\/\/staging.leboxi.eu\/sl\/wp-json\/wp\/v2\/product\/2404","targetHints":{"allow":["GET"]}}],"collection":[{"href":"http:\/\/staging.leboxi.eu\/sl\/wp-json\/wp\/v2\/product"}],"about":[{"href":"http:\/\/staging.leboxi.eu\/sl\/wp-json\/wp\/v2\/types\/product"}],"replies":[{"embeddable":true,"href":"http:\/\/staging.leboxi.eu\/sl\/wp-json\/wp\/v2\/comments?post=2404"}],"version-history":[{"count":6,"href":"http:\/\/staging.leboxi.eu\/sl\/wp-json\/wp\/v2\/product\/2404\/revisions"}],"predecessor-version":[{"id":17622,"href":"http:\/\/staging.leboxi.eu\/sl\/wp-json\/wp\/v2\/product\/2404\/revisions\/17622"}],"wp:featuredmedia":[{"embeddable":true,"href":"http:\/\/staging.leboxi.eu\/sl\/wp-json\/wp\/v2\/media\/17608"}],"wp:attachment":[{"href":"http:\/\/staging.leboxi.eu\/sl\/wp-json\/wp\/v2\/media?parent=2404"}],"wp:term":[{"taxonomy":"product_brand","embeddable":true,"href":"http:\/\/staging.leboxi.eu\/sl\/wp-json\/wp\/v2\/product_brand?post=2404"},{"taxonomy":"product_cat","embeddable":true,"href":"http:\/\/staging.leboxi.eu\/sl\/wp-json\/wp\/v2\/product_cat?post=2404"},{"taxonomy":"product_tag","embeddable":true,"href":"http:\/\/staging.leboxi.eu\/sl\/wp-json\/wp\/v2\/product_tag?post=2404"}],"curies":[{"name":"wp","href":"https:\/\/api.w.org\/{rel}","templated":true}]}}