{"id":2390,"date":"2021-04-07T19:13:54","date_gmt":"2021-04-07T18:13:54","guid":{"rendered":"http:\/\/staging.leboxi.eu\/?post_type=product&#038;p=2390"},"modified":"2024-08-18T19:29:42","modified_gmt":"2024-08-18T18:29:42","slug":"darilo-za-mamo","status":"publish","type":"product","link":"http:\/\/staging.leboxi.eu\/sl\/izdelek\/darilo-za-mamo\/","title":{"rendered":"Darilna \u0161katla \u2013 Razvajaj se"},"content":{"rendered":"<p><strong>Ta darilni set je odli\u010dno darilo za mamo ali drugo ljubljeno osebo. Darilni set vsebuje:<\/strong><\/p>\n<p>&nbsp;<\/p>\n<ol>\n<li>\n<h6><strong>Bela emajlirana skodelica s srebrnim robom, 360ml<\/strong><\/h6>\n<\/li>\n<\/ol>\n<p>Skodelica se lahko pere v pralnem stroju.<\/p>\n<p><strong>\u00a0<\/strong><\/p>\n<ol start=\"2\">\n<li>\n<h6><strong>Himalajska kopalna sol (35g) \/ PO\u017dIVITEV: eteri\u010dna olja limone, ingverja in pomaran\u010de + olje avokada<\/strong><\/h6>\n<\/li>\n<\/ol>\n<p>je bogata z minerali, pre\u017eeta s 100% eteri\u010dnimi olji, avokadovim oljem in cvetovi ognji\u010da. Ker je himalajska sol tako bogata z minerali (natan\u010dneje 84 minerali), namakanje v slani vodi pomirja in obnavlja po\u0161kodovano ko\u017eo ter spodbuja obnovo celic. Dodana olja pa ko\u017eo \u0161e dodatno nahranijo in navla\u017eijo. Ko si za\u017eelite razvajanja le dodajte 2-3 \u010dajne \u017eli\u010dke kopalne soli v toplo vodo v va\u0161i kadi in u\u017eivajte v aromateri\u010dni kopeli.<\/p>\n<p>SESTAVINE: Sodium Chloride, Persea Gratissima Oil, Calendula Officinalis Flowers, Citrus Limon Oil, Citrus Sinensis Oil, Zingiber Officinale, *Limonene. *Geraniol. *Naravne sestavine eteri\u010dnih olj<\/p>\n<p>&nbsp;<\/p>\n<ol start=\"3\">\n<li>\n<h6><strong>Himalajska kopalna sol (35g)\/ \u010cUTNOST: eteri\u010dna olja Ylang Ylang + kokosovo olje <\/strong><\/h6>\n<\/li>\n<\/ol>\n<p>Himalajska sol bogata z minerali, pre\u017eeta s 100% eteri\u010dnimi olji, kokosovim oljem in suhimi cvetnimi listi vrtnic. Ker je himalajska sol tako bogata z minerali (natan\u010dneje 84 minerali), namakanje v slani vodi pomirja in obnavlja po\u0161kodovano ko\u017eo ter spodbuja obnovo celic. Dodana olja pa ko\u017eo \u0161e dodatno nahranijo in navla\u017eijo. Ko si za\u017eelite razvajanja le dodajte 2-3 \u010dajne \u017eli\u010dke kopalne soli v toplo vodo v va\u0161i kadi in u\u017eivajte v aromateri\u010dni kopeli.<\/p>\n<p>&nbsp;<\/p>\n<p>SESTAVINE: Sodium Chloride, Rose Centifolia Flowers, Cananga Odorata Oil, Cocos Nucifera oil, *Linalool, *Benzyl Benzoate, Farnesol. *Naravne sestavine eteri\u010dnih olj<\/p>\n<p>&nbsp;<\/p>\n<ol start=\"4\">\n<li>\n<h6><strong>Himalajska Kopalna sol (35g)\/ REVITALIZACIJA KO\u017dE: Eteri\u010dna olja krvomo\u010dnice in grenivke + olje vitamina E <\/strong><\/h6>\n<\/li>\n<\/ol>\n<p>Himalajska sol bogata z minerali, pre\u017eeta s 100% eteri\u010dnimi olji, oljem vitamina E in cvetovi kamilice. Ker je himalajska sol tako bogata z minerali (natan\u010dneje 84 minerali), namakanje v slani vodi pomirja in obnavlja po\u0161kodovano ko\u017eo ter spodbuja obnovo celic. Dodana olja pa ko\u017eo \u0161e dodatno nahranijo in navla\u017eijo. Ko si za\u017eelite razvajanja le dodajte 2-3 \u010dajne \u017eli\u010dke kopalne soli v toplo vodo v va\u0161i kadi in u\u017eivajte v aromateri\u010dni kopeli.<\/p>\n<p>&nbsp;<\/p>\n<p>SESTAVINE: Sodium Chloride, Citrus Paradisi Oil, Pelargonium Graveolens Oil, Matricaria Recutita Flowers, Triticum Vulgare Oil, Tocopherol, *Limonene, *Citronellol, *Geraniol, *Linalool . *Naravne sestavine eteri\u010dnih olj<\/p>\n<p>&nbsp;<\/p>\n<ol start=\"5\">\n<li>\n<h6><strong>Aromati\u010dna sojina di\u0161e\u010da sve\u010dka<\/strong><\/h6>\n<p>z vonjem vijolic, narejena iz sojinega voska, ki je obnovljiv vir in kar 3% di\u0161e\u010dega olja, ki bo priklicala v spomin pomladne vonjave cveto\u010dih vijolic.<\/li>\n<\/ol>\n<p>Sojina sve\u010dka omogo\u010da ne\u017enej\u0161i plamen, \u010distej\u0161i vonj in dolgotrajnej\u0161e gorenje. Izdelane so iz visokokakovostnega \u010distega voska in olja hidrirane soje.<\/p>\n<p>NASVET: Ob prvi uporabi pustite sve\u010do goreti pribli\u017eno 2 uri, da bo va\u0161a sve\u010da ustvarila prvotni izgorevalni spomin. To bo pove\u010dalo vonj in celovitej\u0161e topljenje voska. Stenj naj bo vedno v sredini.<\/p>\n<p>&nbsp;<\/p>\n<ol start=\"6\">\n<li>\n<h6><strong>Kopalna bombica \u2013 MANDELJ<\/strong><\/h6>\n<\/li>\n<\/ol>\n<p>Privo\u0161\u010dite si razko\u0161no spa sprostitev znotraj doma z ro\u010dno izdelano kopalno bombico, ki bo s svojo aromo mandlja sprostila vse va\u0161e napete mi\u0161ice in misli ter pustila va\u0161o ko\u017eo mehko kot svila.<\/p>\n<p>SESTAVINE: sodium bicarbonate, citric acid, sodium chloride, persea gratissima (avocado) oil, parfum, aqua, cinnamyl alcohol, CI 19140, CI 16255, CI 28440<\/p>\n<p>&nbsp;<\/p>\n<ol start=\"7\">\n<li>\n<h6><strong>V\u017eigalice.<\/strong><\/h6>\n<\/li>\n<\/ol>\n<p>&nbsp;<\/p>\n<ol start=\"8\">\n<li>\n<h6><strong>Vre\u010dka iz jute.<\/strong><\/h6>\n<\/li>\n<\/ol>\n<h6><\/h6>\n<h6>Dodatno:<\/h6>\n<p>Darilnemu setu lahko prilo\u017eite tudi\u00a0<strong>personalizirano \u010destitko<\/strong>\u00a0(+2,95 eur).<\/p>\n<p>\u010ce \u017eelite bomo va\u0161e darilo obdarovancu dostavili mi, seveda pa ob dostavi ne bomo prilo\u017eili ra\u010duna. Le-tega boste prejeli vi.<\/p>\n<p>&nbsp;<\/p>\n<p>Za piko na i lahko svoj darilni set nadgradite z\u00a0<a href=\"http:\/\/staging.leboxi.eu\/blog\/posvetilo-darilni-listki\/\">darilnimi listi\u010di<\/a> za izdelavo katerih navodila najdete na na\u0161em blogu. V Le boxi spletni trgovini najdete \u010dudovita darila za mamo ter za vse ostale prilo\u017enosti.<\/p>\n<p>&nbsp;<\/p>\n","protected":false},"excerpt":{"rendered":"<p>\u2665 Darilni set razvajanja in sprostitve za njo! I\u0161\u010dete darilo za mamo ali drugo ljubljeno osebo? V tem vrhunskem darilnem kompletu dobite vse za spro\u0161\u010dujo\u010d ve\u010der z razvajanjem &#8211; ro\u010dno izdelano kopalno bombico, aromati\u010dno sve\u010dko z opojnim vonjem, himalajsko kopalno sol v kar 3 li\u010dnih epruvetah in v\u017eigalice v dekorativni vre\u010dki iz jute. Ob vsem tem, pa boste lahko tudi srkali va\u0161 najljub\u0161i \u010daj iz prisr\u010dne emajlirane skodelice.<\/p>\n<p>Celoten komplet je zapakiran v li\u010dni darilni \u0161katli, oblo\u017eeni s slamo. V darilni set lahko prilo\u017eite tudi personalizirano \u010destitko (za dopla\u010dilo).<\/p>\n<p>&nbsp;<\/p>\n<p>Darilni set vsebuje:<\/p>\n<ul>\n<li>1x bela emajlirana skodelica s srebrnim robom, 360 ml<\/li>\n<li>3x himalajska kopalna sol v epruveti (3x 35g),<\/li>\n<li>1x ro\u010dno izdelana kopalna bombica,<\/li>\n<li>1x aromati\u010dna sojina sve\u010dka,<\/li>\n<li>v\u017eigalice,<\/li>\n<li>1x dekorativna vre\u010dka iz jute.<\/li>\n<\/ul>\n<p>&nbsp;<\/p>\n<p>\u010ce \u017eelite bomo va\u0161e darilo obdarovancu dostavili mi, seveda pa ob dostavi ne bomo prilo\u017eili ra\u010duna. Le-tega boste prejeli vi.<\/p>\n<p>Podroben opis si lahko preberete spodaj.<\/p>\n","protected":false},"featured_media":2395,"comment_status":"open","ping_status":"closed","template":"","meta":{"site-sidebar-layout":"default","site-content-layout":"default","ast-site-content-layout":"default","site-content-style":"default","site-sidebar-style":"default","ast-global-header-display":"","ast-banner-title-visibility":"","ast-main-header-display":"","ast-hfb-above-header-display":"","ast-hfb-below-header-display":"","ast-hfb-mobile-header-display":"","site-post-title":"","ast-breadcrumbs-content":"","ast-featured-img":"","footer-sml-layout":"","theme-transparent-header-meta":"default","adv-header-id-meta":"","stick-header-meta":"","header-above-stick-meta":"","header-main-stick-meta":"","header-below-stick-meta":"","astra-migrate-meta-layouts":"set","ast-page-background-enabled":"default","ast-page-background-meta":{"desktop":{"background-color":"","background-image":"","background-repeat":"repeat","background-position":"center center","background-size":"auto","background-attachment":"scroll","background-type":"","background-media":"","overlay-type":"","overlay-color":"","overlay-opacity":"","overlay-gradient":""},"tablet":{"background-color":"","background-image":"","background-repeat":"repeat","background-position":"center center","background-size":"auto","background-attachment":"scroll","background-type":"","background-media":"","overlay-type":"","overlay-color":"","overlay-opacity":"","overlay-gradient":""},"mobile":{"background-color":"","background-image":"","background-repeat":"repeat","background-position":"center center","background-size":"auto","background-attachment":"scroll","background-type":"","background-media":"","overlay-type":"","overlay-color":"","overlay-opacity":"","overlay-gradient":""}},"ast-content-background-meta":{"desktop":{"background-color":"var(--ast-global-color-5)","background-image":"","background-repeat":"repeat","background-position":"center center","background-size":"auto","background-attachment":"scroll","background-type":"","background-media":"","overlay-type":"","overlay-color":"","overlay-opacity":"","overlay-gradient":""},"tablet":{"background-color":"var(--ast-global-color-5)","background-image":"","background-repeat":"repeat","background-position":"center center","background-size":"auto","background-attachment":"scroll","background-type":"","background-media":"","overlay-type":"","overlay-color":"","overlay-opacity":"","overlay-gradient":""},"mobile":{"background-color":"var(--ast-global-color-5)","background-image":"","background-repeat":"repeat","background-position":"center center","background-size":"auto","background-attachment":"scroll","background-type":"","background-media":"","overlay-type":"","overlay-color":"","overlay-opacity":"","overlay-gradient":""}}},"product_brand":[],"product_cat":[357],"product_tag":[],"class_list":{"0":"post-2390","1":"product","2":"type-product","3":"status-publish","4":"has-post-thumbnail","6":"product_cat-ni-na-zalogi","7":"pa_skodelica-cas-zame","8":"pa_skodelica-loncek-srece","9":"pa_skodelica-moderna","10":"pa_skodelica-ti-si-moja-ljubezen","11":"desktop-align-left","12":"tablet-align-left","13":"mobile-align-left","15":"first","16":"outofstock","17":"taxable","18":"shipping-taxable","19":"purchasable","20":"product-type-variable"},"yoast_head":"<!-- This site is optimized with the Yoast SEO plugin v25.2 - https:\/\/yoast.com\/wordpress\/plugins\/seo\/ -->\n<title>Darilo za mamo | Darilni set - Razvajaj se | Le Boxi<\/title>\n<meta name=\"description\" content=\"\u2665 Darilni set razvajanja in sprostitve za njo! V tem vrhunskem darilnem kompletu dobite vse za spro\u0161\u010dujo\u010d ve\u010der z razvajanjem. \u010cudovite ideje za darilo za mamo.\" \/>\n<meta name=\"robots\" content=\"index, follow, max-snippet:-1, max-image-preview:large, max-video-preview:-1\" \/>\n<link rel=\"canonical\" href=\"http:\/\/staging.leboxi.eu\/sl\/izdelek\/darilo-za-mamo\/\" \/>\n<meta property=\"og:locale\" content=\"sl_SI\" \/>\n<meta property=\"og:type\" content=\"article\" \/>\n<meta property=\"og:title\" content=\"Darilo za mamo | Darilni set - Razvajaj se | Le Boxi\" \/>\n<meta property=\"og:description\" content=\"\u2665 Darilni set razvajanja in sprostitve za njo! V tem vrhunskem darilnem kompletu dobite vse za spro\u0161\u010dujo\u010d ve\u010der z razvajanjem. \u010cudovite ideje za darilo za mamo.\" \/>\n<meta property=\"og:url\" content=\"http:\/\/staging.leboxi.eu\/sl\/izdelek\/darilo-za-mamo\/\" \/>\n<meta property=\"og:site_name\" content=\"Le Boxi | Unikatna darila za vsakogar\" \/>\n<meta property=\"article:publisher\" content=\"https:\/\/www.facebook.com\/leboxi.eu\" \/>\n<meta property=\"article:modified_time\" content=\"2024-08-18T18:29:42+00:00\" \/>\n<meta property=\"og:image\" content=\"http:\/\/staging.leboxi.eu\/wp-content\/uploads\/2021\/04\/Izdelek-144-of-339.jpg\" \/>\n\t<meta property=\"og:image:width\" content=\"1000\" \/>\n\t<meta property=\"og:image:height\" content=\"1000\" \/>\n\t<meta property=\"og:image:type\" content=\"image\/jpeg\" \/>\n<meta name=\"twitter:card\" content=\"summary_large_image\" \/>\n<meta name=\"twitter:label1\" content=\"Est. reading time\" \/>\n\t<meta name=\"twitter:data1\" content=\"5 minut\" \/>\n<script type=\"application\/ld+json\" class=\"yoast-schema-graph\">{\"@context\":\"https:\/\/schema.org\",\"@graph\":[{\"@type\":\"WebPage\",\"@id\":\"http:\/\/staging.leboxi.eu\/sl\/izdelek\/darilo-za-mamo\/\",\"url\":\"http:\/\/staging.leboxi.eu\/sl\/izdelek\/darilo-za-mamo\/\",\"name\":\"Darilo za mamo | Darilni set - Razvajaj se | Le Boxi\",\"isPartOf\":{\"@id\":\"http:\/\/staging.leboxi.eu\/sl\/#website\"},\"primaryImageOfPage\":{\"@id\":\"http:\/\/staging.leboxi.eu\/sl\/izdelek\/darilo-za-mamo\/#primaryimage\"},\"image\":{\"@id\":\"http:\/\/staging.leboxi.eu\/sl\/izdelek\/darilo-za-mamo\/#primaryimage\"},\"thumbnailUrl\":\"http:\/\/staging.leboxi.eu\/wp-content\/uploads\/2021\/04\/Izdelek-144-of-339.jpg\",\"datePublished\":\"2021-04-07T18:13:54+00:00\",\"dateModified\":\"2024-08-18T18:29:42+00:00\",\"description\":\"\u2665 Darilni set razvajanja in sprostitve za njo! V tem vrhunskem darilnem kompletu dobite vse za spro\u0161\u010dujo\u010d ve\u010der z razvajanjem. \u010cudovite ideje za darilo za mamo.\",\"breadcrumb\":{\"@id\":\"http:\/\/staging.leboxi.eu\/sl\/izdelek\/darilo-za-mamo\/#breadcrumb\"},\"inLanguage\":\"sl-SI\",\"potentialAction\":[{\"@type\":\"ReadAction\",\"target\":[\"http:\/\/staging.leboxi.eu\/sl\/izdelek\/darilo-za-mamo\/\"]}]},{\"@type\":\"ImageObject\",\"inLanguage\":\"sl-SI\",\"@id\":\"http:\/\/staging.leboxi.eu\/sl\/izdelek\/darilo-za-mamo\/#primaryimage\",\"url\":\"http:\/\/staging.leboxi.eu\/wp-content\/uploads\/2021\/04\/Izdelek-144-of-339.jpg\",\"contentUrl\":\"http:\/\/staging.leboxi.eu\/wp-content\/uploads\/2021\/04\/Izdelek-144-of-339.jpg\",\"width\":1000,\"height\":1000,\"caption\":\"Darilna \u0161katla s kovinsko skodelico, kopalno bombico mandelj, di\u0161e\u010do sve\u010dko vijolice ter tri kopalne soli v stekleni epruveti\"},{\"@type\":\"BreadcrumbList\",\"@id\":\"http:\/\/staging.leboxi.eu\/sl\/izdelek\/darilo-za-mamo\/#breadcrumb\",\"itemListElement\":[{\"@type\":\"ListItem\",\"position\":1,\"name\":\"Doma\",\"item\":\"http:\/\/staging.leboxi.eu\/sl\/\"},{\"@type\":\"ListItem\",\"position\":2,\"name\":\"Trgovina\",\"item\":\"http:\/\/staging.leboxi.eu\/sl\/trgovina\/\"},{\"@type\":\"ListItem\",\"position\":3,\"name\":\"Darilna \u0161katla \u2013 Razvajaj se\"}]},{\"@type\":\"WebSite\",\"@id\":\"http:\/\/staging.leboxi.eu\/sl\/#website\",\"url\":\"http:\/\/staging.leboxi.eu\/sl\/\",\"name\":\"Le Boxi | Unikatna darila za vsakogar\",\"description\":\"Unikatna darila in darilne \u0161katle za vse prilo\u017enosti.\",\"publisher\":{\"@id\":\"http:\/\/staging.leboxi.eu\/sl\/#organization\"},\"potentialAction\":[{\"@type\":\"SearchAction\",\"target\":{\"@type\":\"EntryPoint\",\"urlTemplate\":\"http:\/\/staging.leboxi.eu\/sl\/?s={search_term_string}\"},\"query-input\":{\"@type\":\"PropertyValueSpecification\",\"valueRequired\":true,\"valueName\":\"search_term_string\"}}],\"inLanguage\":\"sl-SI\"},{\"@type\":\"Organization\",\"@id\":\"http:\/\/staging.leboxi.eu\/sl\/#organization\",\"name\":\"LE BOXI\",\"url\":\"http:\/\/staging.leboxi.eu\/sl\/\",\"logo\":{\"@type\":\"ImageObject\",\"inLanguage\":\"sl-SI\",\"@id\":\"http:\/\/staging.leboxi.eu\/sl\/#\/schema\/logo\/image\/\",\"url\":\"http:\/\/staging.leboxi.eu\/wp-content\/uploads\/2021\/02\/LeBoxi-manjsi-png.png\",\"contentUrl\":\"http:\/\/staging.leboxi.eu\/wp-content\/uploads\/2021\/02\/LeBoxi-manjsi-png.png\",\"width\":389,\"height\":164,\"caption\":\"LE BOXI\"},\"image\":{\"@id\":\"http:\/\/staging.leboxi.eu\/sl\/#\/schema\/logo\/image\/\"},\"sameAs\":[\"https:\/\/www.facebook.com\/leboxi.eu\",\"https:\/\/www.instagram.com\/le.boxi\/\"]}]}<\/script>\n<!-- \/ Yoast SEO plugin. -->","yoast_head_json":{"title":"Darilo za mamo | Darilni set - Razvajaj se | Le Boxi","description":"\u2665 Darilni set razvajanja in sprostitve za njo! V tem vrhunskem darilnem kompletu dobite vse za spro\u0161\u010dujo\u010d ve\u010der z razvajanjem. \u010cudovite ideje za darilo za mamo.","robots":{"index":"index","follow":"follow","max-snippet":"max-snippet:-1","max-image-preview":"max-image-preview:large","max-video-preview":"max-video-preview:-1"},"canonical":"http:\/\/staging.leboxi.eu\/sl\/izdelek\/darilo-za-mamo\/","og_locale":"sl_SI","og_type":"article","og_title":"Darilo za mamo | Darilni set - Razvajaj se | Le Boxi","og_description":"\u2665 Darilni set razvajanja in sprostitve za njo! V tem vrhunskem darilnem kompletu dobite vse za spro\u0161\u010dujo\u010d ve\u010der z razvajanjem. \u010cudovite ideje za darilo za mamo.","og_url":"http:\/\/staging.leboxi.eu\/sl\/izdelek\/darilo-za-mamo\/","og_site_name":"Le Boxi | Unikatna darila za vsakogar","article_publisher":"https:\/\/www.facebook.com\/leboxi.eu","article_modified_time":"2024-08-18T18:29:42+00:00","og_image":[{"width":1000,"height":1000,"url":"http:\/\/staging.leboxi.eu\/wp-content\/uploads\/2021\/04\/Izdelek-144-of-339.jpg","type":"image\/jpeg"}],"twitter_card":"summary_large_image","twitter_misc":{"Est. reading time":"5 minut"},"schema":{"@context":"https:\/\/schema.org","@graph":[{"@type":"WebPage","@id":"http:\/\/staging.leboxi.eu\/sl\/izdelek\/darilo-za-mamo\/","url":"http:\/\/staging.leboxi.eu\/sl\/izdelek\/darilo-za-mamo\/","name":"Darilo za mamo | Darilni set - Razvajaj se | Le Boxi","isPartOf":{"@id":"http:\/\/staging.leboxi.eu\/sl\/#website"},"primaryImageOfPage":{"@id":"http:\/\/staging.leboxi.eu\/sl\/izdelek\/darilo-za-mamo\/#primaryimage"},"image":{"@id":"http:\/\/staging.leboxi.eu\/sl\/izdelek\/darilo-za-mamo\/#primaryimage"},"thumbnailUrl":"http:\/\/staging.leboxi.eu\/wp-content\/uploads\/2021\/04\/Izdelek-144-of-339.jpg","datePublished":"2021-04-07T18:13:54+00:00","dateModified":"2024-08-18T18:29:42+00:00","description":"\u2665 Darilni set razvajanja in sprostitve za njo! V tem vrhunskem darilnem kompletu dobite vse za spro\u0161\u010dujo\u010d ve\u010der z razvajanjem. \u010cudovite ideje za darilo za mamo.","breadcrumb":{"@id":"http:\/\/staging.leboxi.eu\/sl\/izdelek\/darilo-za-mamo\/#breadcrumb"},"inLanguage":"sl-SI","potentialAction":[{"@type":"ReadAction","target":["http:\/\/staging.leboxi.eu\/sl\/izdelek\/darilo-za-mamo\/"]}]},{"@type":"ImageObject","inLanguage":"sl-SI","@id":"http:\/\/staging.leboxi.eu\/sl\/izdelek\/darilo-za-mamo\/#primaryimage","url":"http:\/\/staging.leboxi.eu\/wp-content\/uploads\/2021\/04\/Izdelek-144-of-339.jpg","contentUrl":"http:\/\/staging.leboxi.eu\/wp-content\/uploads\/2021\/04\/Izdelek-144-of-339.jpg","width":1000,"height":1000,"caption":"Darilna \u0161katla s kovinsko skodelico, kopalno bombico mandelj, di\u0161e\u010do sve\u010dko vijolice ter tri kopalne soli v stekleni epruveti"},{"@type":"BreadcrumbList","@id":"http:\/\/staging.leboxi.eu\/sl\/izdelek\/darilo-za-mamo\/#breadcrumb","itemListElement":[{"@type":"ListItem","position":1,"name":"Doma","item":"http:\/\/staging.leboxi.eu\/sl\/"},{"@type":"ListItem","position":2,"name":"Trgovina","item":"http:\/\/staging.leboxi.eu\/sl\/trgovina\/"},{"@type":"ListItem","position":3,"name":"Darilna \u0161katla \u2013 Razvajaj se"}]},{"@type":"WebSite","@id":"http:\/\/staging.leboxi.eu\/sl\/#website","url":"http:\/\/staging.leboxi.eu\/sl\/","name":"Le Boxi | Unikatna darila za vsakogar","description":"Unikatna darila in darilne \u0161katle za vse prilo\u017enosti.","publisher":{"@id":"http:\/\/staging.leboxi.eu\/sl\/#organization"},"potentialAction":[{"@type":"SearchAction","target":{"@type":"EntryPoint","urlTemplate":"http:\/\/staging.leboxi.eu\/sl\/?s={search_term_string}"},"query-input":{"@type":"PropertyValueSpecification","valueRequired":true,"valueName":"search_term_string"}}],"inLanguage":"sl-SI"},{"@type":"Organization","@id":"http:\/\/staging.leboxi.eu\/sl\/#organization","name":"LE BOXI","url":"http:\/\/staging.leboxi.eu\/sl\/","logo":{"@type":"ImageObject","inLanguage":"sl-SI","@id":"http:\/\/staging.leboxi.eu\/sl\/#\/schema\/logo\/image\/","url":"http:\/\/staging.leboxi.eu\/wp-content\/uploads\/2021\/02\/LeBoxi-manjsi-png.png","contentUrl":"http:\/\/staging.leboxi.eu\/wp-content\/uploads\/2021\/02\/LeBoxi-manjsi-png.png","width":389,"height":164,"caption":"LE BOXI"},"image":{"@id":"http:\/\/staging.leboxi.eu\/sl\/#\/schema\/logo\/image\/"},"sameAs":["https:\/\/www.facebook.com\/leboxi.eu","https:\/\/www.instagram.com\/le.boxi\/"]}]}},"_links":{"self":[{"href":"http:\/\/staging.leboxi.eu\/sl\/wp-json\/wp\/v2\/product\/2390","targetHints":{"allow":["GET"]}}],"collection":[{"href":"http:\/\/staging.leboxi.eu\/sl\/wp-json\/wp\/v2\/product"}],"about":[{"href":"http:\/\/staging.leboxi.eu\/sl\/wp-json\/wp\/v2\/types\/product"}],"replies":[{"embeddable":true,"href":"http:\/\/staging.leboxi.eu\/sl\/wp-json\/wp\/v2\/comments?post=2390"}],"version-history":[{"count":3,"href":"http:\/\/staging.leboxi.eu\/sl\/wp-json\/wp\/v2\/product\/2390\/revisions"}],"predecessor-version":[{"id":9561,"href":"http:\/\/staging.leboxi.eu\/sl\/wp-json\/wp\/v2\/product\/2390\/revisions\/9561"}],"wp:featuredmedia":[{"embeddable":true,"href":"http:\/\/staging.leboxi.eu\/sl\/wp-json\/wp\/v2\/media\/2395"}],"wp:attachment":[{"href":"http:\/\/staging.leboxi.eu\/sl\/wp-json\/wp\/v2\/media?parent=2390"}],"wp:term":[{"taxonomy":"product_brand","embeddable":true,"href":"http:\/\/staging.leboxi.eu\/sl\/wp-json\/wp\/v2\/product_brand?post=2390"},{"taxonomy":"product_cat","embeddable":true,"href":"http:\/\/staging.leboxi.eu\/sl\/wp-json\/wp\/v2\/product_cat?post=2390"},{"taxonomy":"product_tag","embeddable":true,"href":"http:\/\/staging.leboxi.eu\/sl\/wp-json\/wp\/v2\/product_tag?post=2390"}],"curies":[{"name":"wp","href":"https:\/\/api.w.org\/{rel}","templated":true}]}}