{"id":2107,"date":"2021-03-08T20:32:25","date_gmt":"2021-03-08T19:32:25","guid":{"rendered":"http:\/\/staging.leboxi.eu\/?post_type=product&#038;p=2107"},"modified":"2025-04-13T09:44:42","modified_gmt":"2025-04-13T08:44:42","slug":"zig-za-meso","status":"publish","type":"product","link":"http:\/\/staging.leboxi.eu\/sl\/izdelek\/zig-za-meso\/","title":{"rendered":"\u017dig za meso"},"content":{"rendered":"<p>Pe\u010denje z \u017earom je umetnost in z na\u0161im \u017eigom za meso se lahko prelevite v pravega mojstra\u00a0 \u017eara! Pustite svoj pe\u010dat na vsakem gri\u017eljaju, dodajte pridih ekskluzivnosti va\u0161im jedem, in poka\u017eite svetu, kdo je resni\u010dni BBQ \u0161ef.<\/p>\n<p>S tem unikatnim orodjem lahko preprosto personalizirate vsak zrezek, pleskavico ali mesni gri\u017eljaj, saj je naredite po svojem okusu in po\u0161ljete sporo\u010dilo, ki ga \u017eelite. Bodite kreativni, bodite edinstveni, in presenetite svoje goste s svojo domiselno hrano.<\/p>\n<p>Naredite BBQ \u017earjenje \u0161e bolj zanimivo in razburljivo. Bodite prvi v va\u0161em krogu, ki bo vsem pokazal, kako se pravi BBQ kralj zabava. \u017dig za meso je pravi &#8220;game changer&#8221; za vsakogar, ki ceni dobro hrano in dru\u017eenje ob \u017earu. Naj bo naslednji piknik ali dru\u017eenje z dru\u017eino in prijatelji nekaj posebnega, in to z na\u0161im \u017eigom za meso. Va\u0161 BBQ bo nepozaben, in vi boste postali legenda med \u017ear mojstri.<\/p>\n<p>\u017dig za meso vsebuje:<\/p>\n<ul>\n<li>55 \u010drk<\/li>\n<li>Set \u010drk po: 3xA, 2xB, 2xC, 3xD, 2xE, 2xF, G, 2xH, 3xI, J, K, 4xL, 2xM, 2xN, 4xO, 2xP, Q, 3xR, 3xS, 3xT, U, V, W, X , 2xY, Z<\/li>\n<li>Prostor za dve vrstici, do 9 \u010drk na vrstico<\/li>\n<\/ul>\n<p>&nbsp;<\/p>\n<p>Material: Nerjave\u010de jeklo in les.<\/p>\n<p>Dol\u017eina: 41.5 cm<\/p>\n<p>Te\u017ea: 219 g<\/p>\n<h6>Dodatno:<\/h6>\n<p>Darilnemu setu lahko prilo\u017eite tudi\u00a0<a href=\"http:\/\/staging.leboxi.eu\/izdelki\/personalizirana-cestitka\/\"><strong>personalizirano \u010destitko<\/strong><\/a>\u00a0(+2,95 eur).<\/p>\n<p>\u010ce \u017eelite bomo va\u0161e darilo obdarovancu dostavili mi, seveda pa ob dostavi ne bomo prilo\u017eili ra\u010duna. Le-tega boste prejeli vi.<\/p>\n<p>&nbsp;<\/p>\n<p>Za piko na i lahko svoj darilni set nadgradite z\u00a0<a href=\"http:\/\/staging.leboxi.eu\/blog\/posvetilo-darilni-listki\/\">darilnimi listi\u010di<\/a> za izdelavo katerih navodila najdete na na\u0161em blog.<\/p>\n","protected":false},"excerpt":{"rendered":"<p>Ste BBQ kralj ali morda poznate pravega mojstra \u017eara? Vemo, da ljubitelji \u017eara cenijo kakovost, edinstvenost in predvsem zabavo!<\/p>\n<p>Predstavljamo vam \u017eig za meso, edinstven pripomo\u010dek, ki bo prinesel nasmeh na obraz vsakemu strastnemu kralju \u017eara. Z njim boste dodali pravo noto osebnosti va\u0161im jedem in naredili \u017earovanje \u0161e bolj nepozabno izku\u0161njo. S tem \u017eigom za meso lahko ustvarite svoje odtise, izpi\u0161ete imena, ali naredite sporo\u010dila na hrani, kot pravi umetnik na svojem platnu. To ni le orodje, to je izraz va\u0161e strasti do BBQ-ja. Preprosto uredite svoje sporo\u010dilo na posebnem \u017eeleznem nastavku, ga ogrejte, pritisnite na hrano in postrezite.<\/p>\n<p>Ne glede na to, ali prirejate piknik s prijatelji ali pripravljate poseben obrok za svojega ljubljenca, boste z \u017eigom za meso resni\u010dno izstopali. Naredite vsako jed edinstveno, saj si to zaslu\u017eite!<\/p>\n<p>Torej, \u010de \u017eelite biti BBQ kraljica ali kralj, ali pa svojemu mo\u0161kemu podariti nepozaben BBQ pripomo\u010dek, je \u017eig za meso prava izbira. Vsak trenutek na \u017earu postane prav poseben in zabaven. Ne \u010dakajte, osvojite svoj BBQ prestol!<\/p>\n<p>&nbsp;<\/p>\n<p>Darilu lahko prilo\u017eite tudi <a href=\"http:\/\/V \u0161katlo lahko prilo\u017eite tudi personalizirano \u010destitko (za dopla\u010dilo).\">personalizirano \u010destitko<\/a> (za dopla\u010dilo).<\/p>\n<p>&nbsp;<\/p>\n<p>\u010ce \u017eelite bomo va\u0161e darilo obdarovancu dostavili mi, seveda pa ob dostavi ne bomo prilo\u017eili ra\u010duna. Le-tega boste prejeli vi.<\/p>\n<p>Podroben opis si lahko preberete spodaj.<\/p>\n","protected":false},"featured_media":2073,"comment_status":"open","ping_status":"closed","template":"","meta":{"site-sidebar-layout":"default","site-content-layout":"default","ast-site-content-layout":"default","site-content-style":"default","site-sidebar-style":"default","ast-global-header-display":"","ast-banner-title-visibility":"","ast-main-header-display":"","ast-hfb-above-header-display":"","ast-hfb-below-header-display":"","ast-hfb-mobile-header-display":"","site-post-title":"","ast-breadcrumbs-content":"","ast-featured-img":"","footer-sml-layout":"","theme-transparent-header-meta":"default","adv-header-id-meta":"","stick-header-meta":"","header-above-stick-meta":"","header-main-stick-meta":"","header-below-stick-meta":"","astra-migrate-meta-layouts":"set","ast-page-background-enabled":"default","ast-page-background-meta":{"desktop":{"background-color":"","background-image":"","background-repeat":"repeat","background-position":"center center","background-size":"auto","background-attachment":"scroll","background-type":"","background-media":"","overlay-type":"","overlay-color":"","overlay-opacity":"","overlay-gradient":""},"tablet":{"background-color":"","background-image":"","background-repeat":"repeat","background-position":"center center","background-size":"auto","background-attachment":"scroll","background-type":"","background-media":"","overlay-type":"","overlay-color":"","overlay-opacity":"","overlay-gradient":""},"mobile":{"background-color":"","background-image":"","background-repeat":"repeat","background-position":"center center","background-size":"auto","background-attachment":"scroll","background-type":"","background-media":"","overlay-type":"","overlay-color":"","overlay-opacity":"","overlay-gradient":""}},"ast-content-background-meta":{"desktop":{"background-color":"var(--ast-global-color-5)","background-image":"","background-repeat":"repeat","background-position":"center center","background-size":"auto","background-attachment":"scroll","background-type":"","background-media":"","overlay-type":"","overlay-color":"","overlay-opacity":"","overlay-gradient":""},"tablet":{"background-color":"var(--ast-global-color-5)","background-image":"","background-repeat":"repeat","background-position":"center center","background-size":"auto","background-attachment":"scroll","background-type":"","background-media":"","overlay-type":"","overlay-color":"","overlay-opacity":"","overlay-gradient":""},"mobile":{"background-color":"var(--ast-global-color-5)","background-image":"","background-repeat":"repeat","background-position":"center center","background-size":"auto","background-attachment":"scroll","background-type":"","background-media":"","overlay-type":"","overlay-color":"","overlay-opacity":"","overlay-gradient":""}}},"product_brand":[],"product_cat":[184,176,180,297,15,24,116,118,146,164,162,160],"product_tag":[],"class_list":{"0":"post-2107","1":"product","2":"type-product","3":"status-publish","4":"has-post-thumbnail","6":"product_cat-darila-za-bozic-za-moske","7":"product_cat-za-moske","8":"product_cat-darila-za-valentinovo-za-moske","9":"product_cat-najbolj-prodajano","10":"product_cat-splosna","11":"product_cat-moski","12":"product_cat-darila-za-moske","13":"product_cat-darila-za-fanta","14":"product_cat-priloznosti","15":"product_cat-darila-za-rojstni-dan","16":"product_cat-darila-za-valentinovo","17":"product_cat-darila-za-bozic","18":"desktop-align-left","19":"tablet-align-left","20":"mobile-align-left","22":"first","23":"instock","24":"featured","25":"taxable","26":"shipping-taxable","27":"purchasable","28":"product-type-simple"},"yoast_head":"<!-- This site is optimized with the Yoast SEO plugin v25.2 - https:\/\/yoast.com\/wordpress\/plugins\/seo\/ -->\n<title>\u017dig za meso | \u017dig za ozna\u010devanje zrezkov | Le Boxi<\/title>\n<meta name=\"description\" content=\"I\u0161\u010dete odli\u010dno darilo za mojstra \u017eara? \u017dig za meso! Va\u0161e &quot;sporo\u010dilo&quot; lahko spremenite vsaki\u010d, ko ogrejete \u017ear.\" \/>\n<meta name=\"robots\" content=\"index, follow, max-snippet:-1, max-image-preview:large, max-video-preview:-1\" \/>\n<link rel=\"canonical\" href=\"http:\/\/staging.leboxi.eu\/sl\/izdelek\/zig-za-meso\/\" \/>\n<meta property=\"og:locale\" content=\"sl_SI\" \/>\n<meta property=\"og:type\" content=\"article\" \/>\n<meta property=\"og:title\" content=\"\u017dig za meso | \u017dig za ozna\u010devanje zrezkov | Le Boxi\" \/>\n<meta property=\"og:description\" content=\"I\u0161\u010dete odli\u010dno darilo za mojstra \u017eara? \u017dig za meso! Va\u0161e &quot;sporo\u010dilo&quot; lahko spremenite vsaki\u010d, ko ogrejete \u017ear.\" \/>\n<meta property=\"og:url\" content=\"http:\/\/staging.leboxi.eu\/sl\/izdelek\/zig-za-meso\/\" \/>\n<meta property=\"og:site_name\" content=\"Le Boxi | Unikatna darila za vsakogar\" \/>\n<meta property=\"article:publisher\" content=\"https:\/\/www.facebook.com\/leboxi.eu\" \/>\n<meta property=\"article:modified_time\" content=\"2025-04-13T08:44:42+00:00\" \/>\n<meta property=\"og:image\" content=\"http:\/\/staging.leboxi.eu\/wp-content\/uploads\/2021\/03\/zig-za-oznacevanje-zrezkov.jpg\" \/>\n\t<meta property=\"og:image:width\" content=\"1000\" \/>\n\t<meta property=\"og:image:height\" content=\"1000\" \/>\n\t<meta property=\"og:image:type\" content=\"image\/jpeg\" \/>\n<meta name=\"twitter:card\" content=\"summary_large_image\" \/>\n<meta name=\"twitter:label1\" content=\"Est. reading time\" \/>\n\t<meta name=\"twitter:data1\" content=\"2 minuti\" \/>\n<script type=\"application\/ld+json\" class=\"yoast-schema-graph\">{\"@context\":\"https:\/\/schema.org\",\"@graph\":[{\"@type\":\"WebPage\",\"@id\":\"http:\/\/staging.leboxi.eu\/sl\/izdelek\/zig-za-meso\/\",\"url\":\"http:\/\/staging.leboxi.eu\/sl\/izdelek\/zig-za-meso\/\",\"name\":\"\u017dig za meso | \u017dig za ozna\u010devanje zrezkov | Le Boxi\",\"isPartOf\":{\"@id\":\"http:\/\/staging.leboxi.eu\/sl\/#website\"},\"primaryImageOfPage\":{\"@id\":\"http:\/\/staging.leboxi.eu\/sl\/izdelek\/zig-za-meso\/#primaryimage\"},\"image\":{\"@id\":\"http:\/\/staging.leboxi.eu\/sl\/izdelek\/zig-za-meso\/#primaryimage\"},\"thumbnailUrl\":\"http:\/\/staging.leboxi.eu\/wp-content\/uploads\/2021\/03\/zig-za-oznacevanje-zrezkov.jpg\",\"datePublished\":\"2021-03-08T19:32:25+00:00\",\"dateModified\":\"2025-04-13T08:44:42+00:00\",\"description\":\"I\u0161\u010dete odli\u010dno darilo za mojstra \u017eara? \u017dig za meso! Va\u0161e \\\"sporo\u010dilo\\\" lahko spremenite vsaki\u010d, ko ogrejete \u017ear.\",\"breadcrumb\":{\"@id\":\"http:\/\/staging.leboxi.eu\/sl\/izdelek\/zig-za-meso\/#breadcrumb\"},\"inLanguage\":\"sl-SI\",\"potentialAction\":[{\"@type\":\"ReadAction\",\"target\":[\"http:\/\/staging.leboxi.eu\/sl\/izdelek\/zig-za-meso\/\"]}]},{\"@type\":\"ImageObject\",\"inLanguage\":\"sl-SI\",\"@id\":\"http:\/\/staging.leboxi.eu\/sl\/izdelek\/zig-za-meso\/#primaryimage\",\"url\":\"http:\/\/staging.leboxi.eu\/wp-content\/uploads\/2021\/03\/zig-za-oznacevanje-zrezkov.jpg\",\"contentUrl\":\"http:\/\/staging.leboxi.eu\/wp-content\/uploads\/2021\/03\/zig-za-oznacevanje-zrezkov.jpg\",\"width\":1000,\"height\":1000,\"caption\":\"\u017eig za ozna\u010devanje zrezkov\"},{\"@type\":\"BreadcrumbList\",\"@id\":\"http:\/\/staging.leboxi.eu\/sl\/izdelek\/zig-za-meso\/#breadcrumb\",\"itemListElement\":[{\"@type\":\"ListItem\",\"position\":1,\"name\":\"Doma\",\"item\":\"http:\/\/staging.leboxi.eu\/sl\/\"},{\"@type\":\"ListItem\",\"position\":2,\"name\":\"Trgovina\",\"item\":\"http:\/\/staging.leboxi.eu\/sl\/trgovina\/\"},{\"@type\":\"ListItem\",\"position\":3,\"name\":\"\u017dig za meso\"}]},{\"@type\":\"WebSite\",\"@id\":\"http:\/\/staging.leboxi.eu\/sl\/#website\",\"url\":\"http:\/\/staging.leboxi.eu\/sl\/\",\"name\":\"Le Boxi | Unikatna darila za vsakogar\",\"description\":\"Unikatna darila in darilne \u0161katle za vse prilo\u017enosti.\",\"publisher\":{\"@id\":\"http:\/\/staging.leboxi.eu\/sl\/#organization\"},\"potentialAction\":[{\"@type\":\"SearchAction\",\"target\":{\"@type\":\"EntryPoint\",\"urlTemplate\":\"http:\/\/staging.leboxi.eu\/sl\/?s={search_term_string}\"},\"query-input\":{\"@type\":\"PropertyValueSpecification\",\"valueRequired\":true,\"valueName\":\"search_term_string\"}}],\"inLanguage\":\"sl-SI\"},{\"@type\":\"Organization\",\"@id\":\"http:\/\/staging.leboxi.eu\/sl\/#organization\",\"name\":\"LE BOXI\",\"url\":\"http:\/\/staging.leboxi.eu\/sl\/\",\"logo\":{\"@type\":\"ImageObject\",\"inLanguage\":\"sl-SI\",\"@id\":\"http:\/\/staging.leboxi.eu\/sl\/#\/schema\/logo\/image\/\",\"url\":\"http:\/\/staging.leboxi.eu\/wp-content\/uploads\/2021\/02\/LeBoxi-manjsi-png.png\",\"contentUrl\":\"http:\/\/staging.leboxi.eu\/wp-content\/uploads\/2021\/02\/LeBoxi-manjsi-png.png\",\"width\":389,\"height\":164,\"caption\":\"LE BOXI\"},\"image\":{\"@id\":\"http:\/\/staging.leboxi.eu\/sl\/#\/schema\/logo\/image\/\"},\"sameAs\":[\"https:\/\/www.facebook.com\/leboxi.eu\",\"https:\/\/www.instagram.com\/le.boxi\/\"]}]}<\/script>\n<!-- \/ Yoast SEO plugin. -->","yoast_head_json":{"title":"\u017dig za meso | \u017dig za ozna\u010devanje zrezkov | Le Boxi","description":"I\u0161\u010dete odli\u010dno darilo za mojstra \u017eara? \u017dig za meso! Va\u0161e \"sporo\u010dilo\" lahko spremenite vsaki\u010d, ko ogrejete \u017ear.","robots":{"index":"index","follow":"follow","max-snippet":"max-snippet:-1","max-image-preview":"max-image-preview:large","max-video-preview":"max-video-preview:-1"},"canonical":"http:\/\/staging.leboxi.eu\/sl\/izdelek\/zig-za-meso\/","og_locale":"sl_SI","og_type":"article","og_title":"\u017dig za meso | \u017dig za ozna\u010devanje zrezkov | Le Boxi","og_description":"I\u0161\u010dete odli\u010dno darilo za mojstra \u017eara? \u017dig za meso! Va\u0161e \"sporo\u010dilo\" lahko spremenite vsaki\u010d, ko ogrejete \u017ear.","og_url":"http:\/\/staging.leboxi.eu\/sl\/izdelek\/zig-za-meso\/","og_site_name":"Le Boxi | Unikatna darila za vsakogar","article_publisher":"https:\/\/www.facebook.com\/leboxi.eu","article_modified_time":"2025-04-13T08:44:42+00:00","og_image":[{"width":1000,"height":1000,"url":"http:\/\/staging.leboxi.eu\/wp-content\/uploads\/2021\/03\/zig-za-oznacevanje-zrezkov.jpg","type":"image\/jpeg"}],"twitter_card":"summary_large_image","twitter_misc":{"Est. reading time":"2 minuti"},"schema":{"@context":"https:\/\/schema.org","@graph":[{"@type":"WebPage","@id":"http:\/\/staging.leboxi.eu\/sl\/izdelek\/zig-za-meso\/","url":"http:\/\/staging.leboxi.eu\/sl\/izdelek\/zig-za-meso\/","name":"\u017dig za meso | \u017dig za ozna\u010devanje zrezkov | Le Boxi","isPartOf":{"@id":"http:\/\/staging.leboxi.eu\/sl\/#website"},"primaryImageOfPage":{"@id":"http:\/\/staging.leboxi.eu\/sl\/izdelek\/zig-za-meso\/#primaryimage"},"image":{"@id":"http:\/\/staging.leboxi.eu\/sl\/izdelek\/zig-za-meso\/#primaryimage"},"thumbnailUrl":"http:\/\/staging.leboxi.eu\/wp-content\/uploads\/2021\/03\/zig-za-oznacevanje-zrezkov.jpg","datePublished":"2021-03-08T19:32:25+00:00","dateModified":"2025-04-13T08:44:42+00:00","description":"I\u0161\u010dete odli\u010dno darilo za mojstra \u017eara? \u017dig za meso! Va\u0161e \"sporo\u010dilo\" lahko spremenite vsaki\u010d, ko ogrejete \u017ear.","breadcrumb":{"@id":"http:\/\/staging.leboxi.eu\/sl\/izdelek\/zig-za-meso\/#breadcrumb"},"inLanguage":"sl-SI","potentialAction":[{"@type":"ReadAction","target":["http:\/\/staging.leboxi.eu\/sl\/izdelek\/zig-za-meso\/"]}]},{"@type":"ImageObject","inLanguage":"sl-SI","@id":"http:\/\/staging.leboxi.eu\/sl\/izdelek\/zig-za-meso\/#primaryimage","url":"http:\/\/staging.leboxi.eu\/wp-content\/uploads\/2021\/03\/zig-za-oznacevanje-zrezkov.jpg","contentUrl":"http:\/\/staging.leboxi.eu\/wp-content\/uploads\/2021\/03\/zig-za-oznacevanje-zrezkov.jpg","width":1000,"height":1000,"caption":"\u017eig za ozna\u010devanje zrezkov"},{"@type":"BreadcrumbList","@id":"http:\/\/staging.leboxi.eu\/sl\/izdelek\/zig-za-meso\/#breadcrumb","itemListElement":[{"@type":"ListItem","position":1,"name":"Doma","item":"http:\/\/staging.leboxi.eu\/sl\/"},{"@type":"ListItem","position":2,"name":"Trgovina","item":"http:\/\/staging.leboxi.eu\/sl\/trgovina\/"},{"@type":"ListItem","position":3,"name":"\u017dig za meso"}]},{"@type":"WebSite","@id":"http:\/\/staging.leboxi.eu\/sl\/#website","url":"http:\/\/staging.leboxi.eu\/sl\/","name":"Le Boxi | Unikatna darila za vsakogar","description":"Unikatna darila in darilne \u0161katle za vse prilo\u017enosti.","publisher":{"@id":"http:\/\/staging.leboxi.eu\/sl\/#organization"},"potentialAction":[{"@type":"SearchAction","target":{"@type":"EntryPoint","urlTemplate":"http:\/\/staging.leboxi.eu\/sl\/?s={search_term_string}"},"query-input":{"@type":"PropertyValueSpecification","valueRequired":true,"valueName":"search_term_string"}}],"inLanguage":"sl-SI"},{"@type":"Organization","@id":"http:\/\/staging.leboxi.eu\/sl\/#organization","name":"LE BOXI","url":"http:\/\/staging.leboxi.eu\/sl\/","logo":{"@type":"ImageObject","inLanguage":"sl-SI","@id":"http:\/\/staging.leboxi.eu\/sl\/#\/schema\/logo\/image\/","url":"http:\/\/staging.leboxi.eu\/wp-content\/uploads\/2021\/02\/LeBoxi-manjsi-png.png","contentUrl":"http:\/\/staging.leboxi.eu\/wp-content\/uploads\/2021\/02\/LeBoxi-manjsi-png.png","width":389,"height":164,"caption":"LE BOXI"},"image":{"@id":"http:\/\/staging.leboxi.eu\/sl\/#\/schema\/logo\/image\/"},"sameAs":["https:\/\/www.facebook.com\/leboxi.eu","https:\/\/www.instagram.com\/le.boxi\/"]}]}},"_links":{"self":[{"href":"http:\/\/staging.leboxi.eu\/sl\/wp-json\/wp\/v2\/product\/2107","targetHints":{"allow":["GET"]}}],"collection":[{"href":"http:\/\/staging.leboxi.eu\/sl\/wp-json\/wp\/v2\/product"}],"about":[{"href":"http:\/\/staging.leboxi.eu\/sl\/wp-json\/wp\/v2\/types\/product"}],"replies":[{"embeddable":true,"href":"http:\/\/staging.leboxi.eu\/sl\/wp-json\/wp\/v2\/comments?post=2107"}],"version-history":[{"count":4,"href":"http:\/\/staging.leboxi.eu\/sl\/wp-json\/wp\/v2\/product\/2107\/revisions"}],"predecessor-version":[{"id":15027,"href":"http:\/\/staging.leboxi.eu\/sl\/wp-json\/wp\/v2\/product\/2107\/revisions\/15027"}],"wp:featuredmedia":[{"embeddable":true,"href":"http:\/\/staging.leboxi.eu\/sl\/wp-json\/wp\/v2\/media\/2073"}],"wp:attachment":[{"href":"http:\/\/staging.leboxi.eu\/sl\/wp-json\/wp\/v2\/media?parent=2107"}],"wp:term":[{"taxonomy":"product_brand","embeddable":true,"href":"http:\/\/staging.leboxi.eu\/sl\/wp-json\/wp\/v2\/product_brand?post=2107"},{"taxonomy":"product_cat","embeddable":true,"href":"http:\/\/staging.leboxi.eu\/sl\/wp-json\/wp\/v2\/product_cat?post=2107"},{"taxonomy":"product_tag","embeddable":true,"href":"http:\/\/staging.leboxi.eu\/sl\/wp-json\/wp\/v2\/product_tag?post=2107"}],"curies":[{"name":"wp","href":"https:\/\/api.w.org\/{rel}","templated":true}]}}