{"id":19710,"date":"2024-08-30T20:12:30","date_gmt":"2024-08-30T19:12:30","guid":{"rendered":"http:\/\/staging.leboxi.eu\/?post_type=product&#038;p=19710"},"modified":"2025-01-26T16:42:18","modified_gmt":"2025-01-26T15:42:18","slug":"moski-prstan-ivox","status":"publish","type":"product","link":"http:\/\/staging.leboxi.eu\/sl\/izdelek\/moski-prstan-ivox\/","title":{"rendered":"Mo\u0161ki prstan Ivox"},"content":{"rendered":"<p>Ta minimalisti\u010dni prstan iz nerjave\u010dega jekla je popolna izbira za mo\u0161kega, ki ceni preprostost in eleganco. Izdelan iz vzdr\u017eljivega materiala, prstan ponuja \u010dist, sodoben dizajn, ki se udobno prilega vsakemu prstu.<\/p>\n<p>Prstan je idealno darilo za samozavestnega mo\u0161kega z brez\u010dasnim slogom \u2013 bodisi za rojstni dan, obletnico ali posebno prilo\u017enost. Podarite mu prstan, ki simbolizira njegovo mo\u010d in prefinjenost.<\/p>\n<p><a href=\"http:\/\/staging.leboxi.eu\/wp-content\/uploads\/2024\/08\/zapestnica-moski-srebrna-wire-square.jpg\"><img fetchpriority=\"high\" decoding=\"async\" class=\"alignnone size-full wp-image-20204\" src=\"http:\/\/staging.leboxi.eu\/wp-content\/uploads\/2024\/08\/zapestnica-moski-srebrna-wire-square.jpg\" alt=\"\" width=\"750\" height=\"1000\" srcset=\"http:\/\/staging.leboxi.eu\/wp-content\/uploads\/2024\/08\/zapestnica-moski-srebrna-wire-square.jpg 750w, http:\/\/staging.leboxi.eu\/wp-content\/uploads\/2024\/08\/zapestnica-moski-srebrna-wire-square-600x800.jpg 600w, http:\/\/staging.leboxi.eu\/wp-content\/uploads\/2024\/08\/zapestnica-moski-srebrna-wire-square-225x300.jpg 225w\" sizes=\"(max-width: 750px) 100vw, 750px\" \/><\/a><\/p>\n<p>&nbsp;<\/p>\n<p>Material: Nerjave\u010de jeklo<br \/>\nDebelina: 4 mm<\/p>\n<p>Obseg: 59 mm<br \/>\nBara: Srebrna \/ zlata<\/p>\n<p>&nbsp;<\/p>\n<p>&nbsp;<\/p>\n","protected":false},"excerpt":{"rendered":"<p>Odkrijte brez\u010dasno eleganco s tem minimalisti\u010dnim mo\u0161kim prstanom iz nerjave\u010dega jekla, ki zdru\u017euje prefinjenost in sodoben dizajn. Prstan je skrbno izdelan iz visokokakovostnega nerjave\u010dega jekla, kar zagotavlja njegovo vzdr\u017eljivost, odpornost proti obrabi in dolgotrajni sijaj. S svojim \u010distim in preprostim videzom je ta prstan popoln izraz va\u0161ega osebnega sloga, ne glede na to, ali ga nosite vsak dan ali ob posebnih prilo\u017enostih.<\/p>\n<p>Njegov prilagodljiv unisize dizajn omogo\u010da udobno no\u0161enje na kateremkoli prstu, kar dodaja \u0161e dodatno prakti\u010dnost in vsestranskost. Ta prstan je ve\u010d kot le kos nakita \u2013 je simbol va\u0161e samozavesti, stila in odlo\u010dnosti. Idealno ga je kombinirati z drugimi modnimi dodatki ali ga nositi samostojno za minimalisti\u010den, a izrazit videz.<\/p>\n<p>Popolna izbira za mo\u0161kega, ki ceni subtilno, a mo\u010dno estetiko. Dodajte ta prstan svoji zbirki in ga nosite kot simbol svoje edinstvene energije in prefinjenega okusa.<\/p>\n<p>\u010ce \u017eelite bomo va\u0161e darilo obdarovancu dostavili mi, seveda pa ob dostavi ne bomo prilo\u017eili ra\u010duna. Le-tega boste prejeli vi.<\/p>\n","protected":false},"featured_media":20531,"comment_status":"open","ping_status":"closed","template":"","meta":{"site-sidebar-layout":"default","site-content-layout":"default","ast-site-content-layout":"default","site-content-style":"default","site-sidebar-style":"default","ast-global-header-display":"","ast-banner-title-visibility":"","ast-main-header-display":"","ast-hfb-above-header-display":"","ast-hfb-below-header-display":"","ast-hfb-mobile-header-display":"","site-post-title":"","ast-breadcrumbs-content":"","ast-featured-img":"","footer-sml-layout":"","theme-transparent-header-meta":"default","adv-header-id-meta":"","stick-header-meta":"","header-above-stick-meta":"","header-main-stick-meta":"","header-below-stick-meta":"","astra-migrate-meta-layouts":"set","ast-page-background-enabled":"default","ast-page-background-meta":{"desktop":{"background-color":"","background-image":"","background-repeat":"repeat","background-position":"center center","background-size":"auto","background-attachment":"scroll","background-type":"","background-media":"","overlay-type":"","overlay-color":"","overlay-opacity":"","overlay-gradient":""},"tablet":{"background-color":"","background-image":"","background-repeat":"repeat","background-position":"center center","background-size":"auto","background-attachment":"scroll","background-type":"","background-media":"","overlay-type":"","overlay-color":"","overlay-opacity":"","overlay-gradient":""},"mobile":{"background-color":"","background-image":"","background-repeat":"repeat","background-position":"center center","background-size":"auto","background-attachment":"scroll","background-type":"","background-media":"","overlay-type":"","overlay-color":"","overlay-opacity":"","overlay-gradient":""}},"ast-content-background-meta":{"desktop":{"background-color":"var(--ast-global-color-5)","background-image":"","background-repeat":"repeat","background-position":"center center","background-size":"auto","background-attachment":"scroll","background-type":"","background-media":"","overlay-type":"","overlay-color":"","overlay-opacity":"","overlay-gradient":""},"tablet":{"background-color":"var(--ast-global-color-5)","background-image":"","background-repeat":"repeat","background-position":"center center","background-size":"auto","background-attachment":"scroll","background-type":"","background-media":"","overlay-type":"","overlay-color":"","overlay-opacity":"","overlay-gradient":""},"mobile":{"background-color":"var(--ast-global-color-5)","background-image":"","background-repeat":"repeat","background-position":"center center","background-size":"auto","background-attachment":"scroll","background-type":"","background-media":"","overlay-type":"","overlay-color":"","overlay-opacity":"","overlay-gradient":""}}},"product_brand":[],"product_cat":[184,176,180,15,24,116,118,146,164,162,160],"product_tag":[],"class_list":{"0":"post-19710","1":"product","2":"type-product","3":"status-publish","4":"has-post-thumbnail","6":"product_cat-darila-za-bozic-za-moske","7":"product_cat-za-moske","8":"product_cat-darila-za-valentinovo-za-moske","9":"product_cat-splosna","10":"product_cat-moski","11":"product_cat-darila-za-moske","12":"product_cat-darila-za-fanta","13":"product_cat-priloznosti","14":"product_cat-darila-za-rojstni-dan","15":"product_cat-darila-za-valentinovo","16":"product_cat-darila-za-bozic","17":"desktop-align-left","18":"tablet-align-left","19":"mobile-align-left","21":"first","22":"instock","23":"sale","24":"taxable","25":"shipping-taxable","26":"purchasable","27":"product-type-variable"},"yoast_head":"<!-- This site is optimized with the Yoast SEO plugin v25.2 - https:\/\/yoast.com\/wordpress\/plugins\/seo\/ -->\n<title>Mo\u0161ki prstan | Le Boxi<\/title>\n<meta name=\"description\" content=\"Odkrijte brez\u010dasno eleganco s tem minimalisti\u010dnim mo\u0161kim prstanom iz nerjave\u010dega jekla, ki zdru\u017euje prefinjenost in sodoben dizajn.\" \/>\n<meta name=\"robots\" content=\"index, follow, max-snippet:-1, max-image-preview:large, max-video-preview:-1\" \/>\n<link rel=\"canonical\" href=\"http:\/\/staging.leboxi.eu\/sl\/izdelek\/moski-prstan-ivox\/\" \/>\n<meta property=\"og:locale\" content=\"sl_SI\" \/>\n<meta property=\"og:type\" content=\"article\" \/>\n<meta property=\"og:title\" content=\"Mo\u0161ki prstan | Le Boxi\" \/>\n<meta property=\"og:description\" content=\"Odkrijte brez\u010dasno eleganco s tem minimalisti\u010dnim mo\u0161kim prstanom iz nerjave\u010dega jekla, ki zdru\u017euje prefinjenost in sodoben dizajn.\" \/>\n<meta property=\"og:url\" content=\"http:\/\/staging.leboxi.eu\/sl\/izdelek\/moski-prstan-ivox\/\" \/>\n<meta property=\"og:site_name\" content=\"Le Boxi | Unikatna darila za vsakogar\" \/>\n<meta property=\"article:publisher\" content=\"https:\/\/www.facebook.com\/leboxi.eu\" \/>\n<meta property=\"article:modified_time\" content=\"2025-01-26T15:42:18+00:00\" \/>\n<meta property=\"og:image\" content=\"http:\/\/staging.leboxi.eu\/wp-content\/uploads\/2024\/08\/Moski-prstan-1.jpg\" \/>\n\t<meta property=\"og:image:width\" content=\"750\" \/>\n\t<meta property=\"og:image:height\" content=\"750\" \/>\n\t<meta property=\"og:image:type\" content=\"image\/jpeg\" \/>\n<meta name=\"twitter:card\" content=\"summary_large_image\" \/>\n<meta name=\"twitter:label1\" content=\"Est. reading time\" \/>\n\t<meta name=\"twitter:data1\" content=\"2 minuti\" \/>\n<script type=\"application\/ld+json\" class=\"yoast-schema-graph\">{\"@context\":\"https:\/\/schema.org\",\"@graph\":[{\"@type\":\"WebPage\",\"@id\":\"http:\/\/staging.leboxi.eu\/sl\/izdelek\/moski-prstan-ivox\/\",\"url\":\"http:\/\/staging.leboxi.eu\/sl\/izdelek\/moski-prstan-ivox\/\",\"name\":\"Mo\u0161ki prstan | Le Boxi\",\"isPartOf\":{\"@id\":\"http:\/\/staging.leboxi.eu\/sl\/#website\"},\"primaryImageOfPage\":{\"@id\":\"http:\/\/staging.leboxi.eu\/sl\/izdelek\/moski-prstan-ivox\/#primaryimage\"},\"image\":{\"@id\":\"http:\/\/staging.leboxi.eu\/sl\/izdelek\/moski-prstan-ivox\/#primaryimage\"},\"thumbnailUrl\":\"http:\/\/staging.leboxi.eu\/wp-content\/uploads\/2024\/08\/Moski-prstan-1.jpg\",\"datePublished\":\"2024-08-30T19:12:30+00:00\",\"dateModified\":\"2025-01-26T15:42:18+00:00\",\"description\":\"Odkrijte brez\u010dasno eleganco s tem minimalisti\u010dnim mo\u0161kim prstanom iz nerjave\u010dega jekla, ki zdru\u017euje prefinjenost in sodoben dizajn.\",\"breadcrumb\":{\"@id\":\"http:\/\/staging.leboxi.eu\/sl\/izdelek\/moski-prstan-ivox\/#breadcrumb\"},\"inLanguage\":\"sl-SI\",\"potentialAction\":[{\"@type\":\"ReadAction\",\"target\":[\"http:\/\/staging.leboxi.eu\/sl\/izdelek\/moski-prstan-ivox\/\"]}]},{\"@type\":\"ImageObject\",\"inLanguage\":\"sl-SI\",\"@id\":\"http:\/\/staging.leboxi.eu\/sl\/izdelek\/moski-prstan-ivox\/#primaryimage\",\"url\":\"http:\/\/staging.leboxi.eu\/wp-content\/uploads\/2024\/08\/Moski-prstan-1.jpg\",\"contentUrl\":\"http:\/\/staging.leboxi.eu\/wp-content\/uploads\/2024\/08\/Moski-prstan-1.jpg\",\"width\":750,\"height\":750},{\"@type\":\"BreadcrumbList\",\"@id\":\"http:\/\/staging.leboxi.eu\/sl\/izdelek\/moski-prstan-ivox\/#breadcrumb\",\"itemListElement\":[{\"@type\":\"ListItem\",\"position\":1,\"name\":\"Doma\",\"item\":\"http:\/\/staging.leboxi.eu\/sl\/\"},{\"@type\":\"ListItem\",\"position\":2,\"name\":\"Trgovina\",\"item\":\"http:\/\/staging.leboxi.eu\/sl\/trgovina\/\"},{\"@type\":\"ListItem\",\"position\":3,\"name\":\"Mo\u0161ki prstan Ivox\"}]},{\"@type\":\"WebSite\",\"@id\":\"http:\/\/staging.leboxi.eu\/sl\/#website\",\"url\":\"http:\/\/staging.leboxi.eu\/sl\/\",\"name\":\"Le Boxi | Unikatna darila za vsakogar\",\"description\":\"Unikatna darila in darilne \u0161katle za vse prilo\u017enosti.\",\"publisher\":{\"@id\":\"http:\/\/staging.leboxi.eu\/sl\/#organization\"},\"potentialAction\":[{\"@type\":\"SearchAction\",\"target\":{\"@type\":\"EntryPoint\",\"urlTemplate\":\"http:\/\/staging.leboxi.eu\/sl\/?s={search_term_string}\"},\"query-input\":{\"@type\":\"PropertyValueSpecification\",\"valueRequired\":true,\"valueName\":\"search_term_string\"}}],\"inLanguage\":\"sl-SI\"},{\"@type\":\"Organization\",\"@id\":\"http:\/\/staging.leboxi.eu\/sl\/#organization\",\"name\":\"LE BOXI\",\"url\":\"http:\/\/staging.leboxi.eu\/sl\/\",\"logo\":{\"@type\":\"ImageObject\",\"inLanguage\":\"sl-SI\",\"@id\":\"http:\/\/staging.leboxi.eu\/sl\/#\/schema\/logo\/image\/\",\"url\":\"http:\/\/staging.leboxi.eu\/wp-content\/uploads\/2021\/02\/LeBoxi-manjsi-png.png\",\"contentUrl\":\"http:\/\/staging.leboxi.eu\/wp-content\/uploads\/2021\/02\/LeBoxi-manjsi-png.png\",\"width\":389,\"height\":164,\"caption\":\"LE BOXI\"},\"image\":{\"@id\":\"http:\/\/staging.leboxi.eu\/sl\/#\/schema\/logo\/image\/\"},\"sameAs\":[\"https:\/\/www.facebook.com\/leboxi.eu\",\"https:\/\/www.instagram.com\/le.boxi\/\"]}]}<\/script>\n<!-- \/ Yoast SEO plugin. -->","yoast_head_json":{"title":"Mo\u0161ki prstan | Le Boxi","description":"Odkrijte brez\u010dasno eleganco s tem minimalisti\u010dnim mo\u0161kim prstanom iz nerjave\u010dega jekla, ki zdru\u017euje prefinjenost in sodoben dizajn.","robots":{"index":"index","follow":"follow","max-snippet":"max-snippet:-1","max-image-preview":"max-image-preview:large","max-video-preview":"max-video-preview:-1"},"canonical":"http:\/\/staging.leboxi.eu\/sl\/izdelek\/moski-prstan-ivox\/","og_locale":"sl_SI","og_type":"article","og_title":"Mo\u0161ki prstan | Le Boxi","og_description":"Odkrijte brez\u010dasno eleganco s tem minimalisti\u010dnim mo\u0161kim prstanom iz nerjave\u010dega jekla, ki zdru\u017euje prefinjenost in sodoben dizajn.","og_url":"http:\/\/staging.leboxi.eu\/sl\/izdelek\/moski-prstan-ivox\/","og_site_name":"Le Boxi | Unikatna darila za vsakogar","article_publisher":"https:\/\/www.facebook.com\/leboxi.eu","article_modified_time":"2025-01-26T15:42:18+00:00","og_image":[{"width":750,"height":750,"url":"http:\/\/staging.leboxi.eu\/wp-content\/uploads\/2024\/08\/Moski-prstan-1.jpg","type":"image\/jpeg"}],"twitter_card":"summary_large_image","twitter_misc":{"Est. reading time":"2 minuti"},"schema":{"@context":"https:\/\/schema.org","@graph":[{"@type":"WebPage","@id":"http:\/\/staging.leboxi.eu\/sl\/izdelek\/moski-prstan-ivox\/","url":"http:\/\/staging.leboxi.eu\/sl\/izdelek\/moski-prstan-ivox\/","name":"Mo\u0161ki prstan | Le Boxi","isPartOf":{"@id":"http:\/\/staging.leboxi.eu\/sl\/#website"},"primaryImageOfPage":{"@id":"http:\/\/staging.leboxi.eu\/sl\/izdelek\/moski-prstan-ivox\/#primaryimage"},"image":{"@id":"http:\/\/staging.leboxi.eu\/sl\/izdelek\/moski-prstan-ivox\/#primaryimage"},"thumbnailUrl":"http:\/\/staging.leboxi.eu\/wp-content\/uploads\/2024\/08\/Moski-prstan-1.jpg","datePublished":"2024-08-30T19:12:30+00:00","dateModified":"2025-01-26T15:42:18+00:00","description":"Odkrijte brez\u010dasno eleganco s tem minimalisti\u010dnim mo\u0161kim prstanom iz nerjave\u010dega jekla, ki zdru\u017euje prefinjenost in sodoben dizajn.","breadcrumb":{"@id":"http:\/\/staging.leboxi.eu\/sl\/izdelek\/moski-prstan-ivox\/#breadcrumb"},"inLanguage":"sl-SI","potentialAction":[{"@type":"ReadAction","target":["http:\/\/staging.leboxi.eu\/sl\/izdelek\/moski-prstan-ivox\/"]}]},{"@type":"ImageObject","inLanguage":"sl-SI","@id":"http:\/\/staging.leboxi.eu\/sl\/izdelek\/moski-prstan-ivox\/#primaryimage","url":"http:\/\/staging.leboxi.eu\/wp-content\/uploads\/2024\/08\/Moski-prstan-1.jpg","contentUrl":"http:\/\/staging.leboxi.eu\/wp-content\/uploads\/2024\/08\/Moski-prstan-1.jpg","width":750,"height":750},{"@type":"BreadcrumbList","@id":"http:\/\/staging.leboxi.eu\/sl\/izdelek\/moski-prstan-ivox\/#breadcrumb","itemListElement":[{"@type":"ListItem","position":1,"name":"Doma","item":"http:\/\/staging.leboxi.eu\/sl\/"},{"@type":"ListItem","position":2,"name":"Trgovina","item":"http:\/\/staging.leboxi.eu\/sl\/trgovina\/"},{"@type":"ListItem","position":3,"name":"Mo\u0161ki prstan Ivox"}]},{"@type":"WebSite","@id":"http:\/\/staging.leboxi.eu\/sl\/#website","url":"http:\/\/staging.leboxi.eu\/sl\/","name":"Le Boxi | Unikatna darila za vsakogar","description":"Unikatna darila in darilne \u0161katle za vse prilo\u017enosti.","publisher":{"@id":"http:\/\/staging.leboxi.eu\/sl\/#organization"},"potentialAction":[{"@type":"SearchAction","target":{"@type":"EntryPoint","urlTemplate":"http:\/\/staging.leboxi.eu\/sl\/?s={search_term_string}"},"query-input":{"@type":"PropertyValueSpecification","valueRequired":true,"valueName":"search_term_string"}}],"inLanguage":"sl-SI"},{"@type":"Organization","@id":"http:\/\/staging.leboxi.eu\/sl\/#organization","name":"LE BOXI","url":"http:\/\/staging.leboxi.eu\/sl\/","logo":{"@type":"ImageObject","inLanguage":"sl-SI","@id":"http:\/\/staging.leboxi.eu\/sl\/#\/schema\/logo\/image\/","url":"http:\/\/staging.leboxi.eu\/wp-content\/uploads\/2021\/02\/LeBoxi-manjsi-png.png","contentUrl":"http:\/\/staging.leboxi.eu\/wp-content\/uploads\/2021\/02\/LeBoxi-manjsi-png.png","width":389,"height":164,"caption":"LE BOXI"},"image":{"@id":"http:\/\/staging.leboxi.eu\/sl\/#\/schema\/logo\/image\/"},"sameAs":["https:\/\/www.facebook.com\/leboxi.eu","https:\/\/www.instagram.com\/le.boxi\/"]}]}},"_links":{"self":[{"href":"http:\/\/staging.leboxi.eu\/sl\/wp-json\/wp\/v2\/product\/19710","targetHints":{"allow":["GET"]}}],"collection":[{"href":"http:\/\/staging.leboxi.eu\/sl\/wp-json\/wp\/v2\/product"}],"about":[{"href":"http:\/\/staging.leboxi.eu\/sl\/wp-json\/wp\/v2\/types\/product"}],"replies":[{"embeddable":true,"href":"http:\/\/staging.leboxi.eu\/sl\/wp-json\/wp\/v2\/comments?post=19710"}],"version-history":[{"count":2,"href":"http:\/\/staging.leboxi.eu\/sl\/wp-json\/wp\/v2\/product\/19710\/revisions"}],"predecessor-version":[{"id":20549,"href":"http:\/\/staging.leboxi.eu\/sl\/wp-json\/wp\/v2\/product\/19710\/revisions\/20549"}],"wp:featuredmedia":[{"embeddable":true,"href":"http:\/\/staging.leboxi.eu\/sl\/wp-json\/wp\/v2\/media\/20531"}],"wp:attachment":[{"href":"http:\/\/staging.leboxi.eu\/sl\/wp-json\/wp\/v2\/media?parent=19710"}],"wp:term":[{"taxonomy":"product_brand","embeddable":true,"href":"http:\/\/staging.leboxi.eu\/sl\/wp-json\/wp\/v2\/product_brand?post=19710"},{"taxonomy":"product_cat","embeddable":true,"href":"http:\/\/staging.leboxi.eu\/sl\/wp-json\/wp\/v2\/product_cat?post=19710"},{"taxonomy":"product_tag","embeddable":true,"href":"http:\/\/staging.leboxi.eu\/sl\/wp-json\/wp\/v2\/product_tag?post=19710"}],"curies":[{"name":"wp","href":"https:\/\/api.w.org\/{rel}","templated":true}]}}