{"id":19546,"date":"2024-08-25T20:28:00","date_gmt":"2024-08-25T19:28:00","guid":{"rendered":"http:\/\/staging.leboxi.eu\/?post_type=product&#038;p=19546"},"modified":"2025-01-26T16:41:42","modified_gmt":"2025-01-26T15:41:42","slug":"moska-verizica-z-obeskom","status":"publish","type":"product","link":"http:\/\/staging.leboxi.eu\/sl\/izdelek\/moska-verizica-z-obeskom\/","title":{"rendered":"Mo\u0161ka veri\u017eica z obeskom"},"content":{"rendered":"<p>I\u0161\u010dete eleganten, hkrati pa vzdr\u017eljiv modni dodatek? Ta mo\u0161ka veri\u017eica z obeskom je popolna izbira za tiste, ki cenite stil in kakovost.<\/p>\n<h4>Lastnosti:<\/h4>\n<ul>\n<li><strong>Dol\u017eina<\/strong>: 58 cm \u2013 idealna dol\u017eina, ki se udobno prilega in dopolni vsak slog.<\/li>\n<li><strong>Barva<\/strong>: Srebrna \u2013 brez\u010dasna eleganca poliranega jekla, ki ustreza vsakemu videzu \/ zlata.<\/li>\n<li><strong>Material<\/strong>: Nerjave\u010de jeklo (316L), kirur\u0161ka kakovost. Izjemno trpe\u017enej\u0161i od srebra, zlata ali platine. Ne bo zarjavel, korodiral, potemnel, obarval ko\u017ee ali zbledel.<\/li>\n<li><strong>\u0160irina veri\u017eice<\/strong>: 1 mm \u2013 tanka, a hkrati vzdr\u017eljiva in estetsko dovr\u0161ena.<\/li>\n<li><strong>Velikost obeska<\/strong>: 13 x 3,5 mm \u2013 minimalisti\u010den obesek, ki poudari osebnost nosilca.<\/li>\n<\/ul>\n<p><a href=\"http:\/\/staging.leboxi.eu\/wp-content\/uploads\/2024\/08\/Moska-verizica-srebrna.jpg\"><img fetchpriority=\"high\" decoding=\"async\" class=\"alignnone wp-image-19608\" src=\"http:\/\/staging.leboxi.eu\/wp-content\/uploads\/2024\/08\/Moska-verizica-srebrna.jpg\" alt=\"\" width=\"399\" height=\"532\" srcset=\"http:\/\/staging.leboxi.eu\/wp-content\/uploads\/2024\/08\/Moska-verizica-srebrna.jpg 750w, http:\/\/staging.leboxi.eu\/wp-content\/uploads\/2024\/08\/Moska-verizica-srebrna-600x800.jpg 600w, http:\/\/staging.leboxi.eu\/wp-content\/uploads\/2024\/08\/Moska-verizica-srebrna-225x300.jpg 225w\" sizes=\"(max-width: 399px) 100vw, 399px\" \/>\u00a0 \u00a0<\/a><a href=\"http:\/\/staging.leboxi.eu\/wp-content\/uploads\/2024\/08\/Moska-verizica-box-zlata-3.jpg\"><img decoding=\"async\" class=\"alignnone wp-image-19578\" src=\"http:\/\/staging.leboxi.eu\/wp-content\/uploads\/2024\/08\/Moska-verizica-box-zlata-3.jpg\" alt=\"\" width=\"396\" height=\"528\" srcset=\"http:\/\/staging.leboxi.eu\/wp-content\/uploads\/2024\/08\/Moska-verizica-box-zlata-3.jpg 750w, http:\/\/staging.leboxi.eu\/wp-content\/uploads\/2024\/08\/Moska-verizica-box-zlata-3-600x800.jpg 600w, http:\/\/staging.leboxi.eu\/wp-content\/uploads\/2024\/08\/Moska-verizica-box-zlata-3-225x300.jpg 225w\" sizes=\"(max-width: 396px) 100vw, 396px\" \/><\/a><\/p>\n<p>Zakaj izbrati to veri\u017eico? Ker zdru\u017euje brez\u010dasno eleganco s prakti\u010dnostjo in dolgo \u017eivljenjsko dobo. Odli\u010dna izbira za vsakega mo\u0161kega, bodisi kot darilo bodisi kot modni dodatek za vsak dan. Dodajte jo v svojo zbirko \u0161e danes!<\/p>\n<p><a href=\"http:\/\/staging.leboxi.eu\/wp-content\/uploads\/2024\/08\/Moska-verizica-wire-srebrna-3.jpg\"><img decoding=\"async\" class=\"alignnone wp-image-19551\" src=\"http:\/\/staging.leboxi.eu\/wp-content\/uploads\/2024\/08\/Moska-verizica-wire-srebrna-3.jpg\" alt=\"\" width=\"378\" height=\"504\" srcset=\"http:\/\/staging.leboxi.eu\/wp-content\/uploads\/2024\/08\/Moska-verizica-wire-srebrna-3.jpg 750w, http:\/\/staging.leboxi.eu\/wp-content\/uploads\/2024\/08\/Moska-verizica-wire-srebrna-3-600x800.jpg 600w, http:\/\/staging.leboxi.eu\/wp-content\/uploads\/2024\/08\/Moska-verizica-wire-srebrna-3-225x300.jpg 225w\" sizes=\"(max-width: 378px) 100vw, 378px\" \/><\/a> <a href=\"http:\/\/staging.leboxi.eu\/wp-content\/uploads\/2024\/08\/Moska-verizica-square-srebrna-4.jpg\"><img loading=\"lazy\" decoding=\"async\" class=\"alignnone wp-image-19614\" src=\"http:\/\/staging.leboxi.eu\/wp-content\/uploads\/2024\/08\/Moska-verizica-square-srebrna-4.jpg\" alt=\"\" width=\"377\" height=\"502\" srcset=\"http:\/\/staging.leboxi.eu\/wp-content\/uploads\/2024\/08\/Moska-verizica-square-srebrna-4.jpg 750w, http:\/\/staging.leboxi.eu\/wp-content\/uploads\/2024\/08\/Moska-verizica-square-srebrna-4-600x800.jpg 600w, http:\/\/staging.leboxi.eu\/wp-content\/uploads\/2024\/08\/Moska-verizica-square-srebrna-4-225x300.jpg 225w\" sizes=\"(max-width: 377px) 100vw, 377px\" \/><\/a> <a href=\"http:\/\/staging.leboxi.eu\/wp-content\/uploads\/2024\/08\/Moska-verizica-box-srebrna.jpg\"><img loading=\"lazy\" decoding=\"async\" class=\"alignnone wp-image-19572\" src=\"http:\/\/staging.leboxi.eu\/wp-content\/uploads\/2024\/08\/Moska-verizica-box-srebrna.jpg\" alt=\"\" width=\"376\" height=\"501\" srcset=\"http:\/\/staging.leboxi.eu\/wp-content\/uploads\/2024\/08\/Moska-verizica-box-srebrna.jpg 750w, http:\/\/staging.leboxi.eu\/wp-content\/uploads\/2024\/08\/Moska-verizica-box-srebrna-600x800.jpg 600w, http:\/\/staging.leboxi.eu\/wp-content\/uploads\/2024\/08\/Moska-verizica-box-srebrna-225x300.jpg 225w\" sizes=\"(max-width: 376px) 100vw, 376px\" \/><\/a><\/p>\n<p>&nbsp;<\/p>\n<p>&nbsp;<\/p>\n","protected":false},"excerpt":{"rendered":"<p>Ta veri\u017eica je nepogre\u0161ljiv kos za mo\u0161kega, saj ne predstavlja le modnega dodatka, temve\u010d izra\u017ea njegov osebni slog, samozavest in prefinjenost. To je veri\u017eica, ki jo lahko nosi vsak dan, saj s svojo minimalisti\u010dno obliko ne le dopolnjuje razli\u010dne stile, ampak poudarja tudi osebnost tistega, ki jo nosi.<\/p>\n<p>Izdelana iz visokokakovostnega nerjave\u010dega jekla, je ta veri\u017eica simbol vzdr\u017eljivosti in zanesljivosti \u2013 lastnosti, ki jih cenimo pri pravem mo\u0161kem. Je izjemno odporna, zato ni treba skrbeti za rjavenje, obarvanje ko\u017ee ali zbledelost. Z dol\u017eino 58 cm popolnoma pristaja vsakemu mo\u0161kemu in daje ob\u010dutek mo\u010di ter urejenosti, ne da bi bila preve\u010d vpadljiva.<\/p>\n<p>Potrebuje jo, ker izra\u017ea eleganco in funkcionalnost, hkrati pa predstavlja kos nakita, ki mu ne bo treba skrbeti za vzdr\u017eevanje. Je popolna za tistega, ki i\u0161\u010de preprost, a hkrati sofisticiran dodatek, ki bo trajal leta.<\/p>\n<p>&nbsp;<\/p>\n<p>\u010ce \u017eelite bomo va\u0161e darilo obdarovancu dostavili mi, seveda pa ob dostavi ne bomo prilo\u017eili ra\u010duna. Le-tega boste prejeli vi.<\/p>\n","protected":false},"featured_media":19548,"comment_status":"open","ping_status":"closed","template":"","meta":{"site-sidebar-layout":"default","site-content-layout":"default","ast-site-content-layout":"default","site-content-style":"default","site-sidebar-style":"default","ast-global-header-display":"","ast-banner-title-visibility":"","ast-main-header-display":"","ast-hfb-above-header-display":"","ast-hfb-below-header-display":"","ast-hfb-mobile-header-display":"","site-post-title":"","ast-breadcrumbs-content":"","ast-featured-img":"","footer-sml-layout":"","theme-transparent-header-meta":"default","adv-header-id-meta":"","stick-header-meta":"","header-above-stick-meta":"","header-main-stick-meta":"","header-below-stick-meta":"","astra-migrate-meta-layouts":"set","ast-page-background-enabled":"default","ast-page-background-meta":{"desktop":{"background-color":"","background-image":"","background-repeat":"repeat","background-position":"center center","background-size":"auto","background-attachment":"scroll","background-type":"","background-media":"","overlay-type":"","overlay-color":"","overlay-opacity":"","overlay-gradient":""},"tablet":{"background-color":"","background-image":"","background-repeat":"repeat","background-position":"center center","background-size":"auto","background-attachment":"scroll","background-type":"","background-media":"","overlay-type":"","overlay-color":"","overlay-opacity":"","overlay-gradient":""},"mobile":{"background-color":"","background-image":"","background-repeat":"repeat","background-position":"center center","background-size":"auto","background-attachment":"scroll","background-type":"","background-media":"","overlay-type":"","overlay-color":"","overlay-opacity":"","overlay-gradient":""}},"ast-content-background-meta":{"desktop":{"background-color":"var(--ast-global-color-5)","background-image":"","background-repeat":"repeat","background-position":"center center","background-size":"auto","background-attachment":"scroll","background-type":"","background-media":"","overlay-type":"","overlay-color":"","overlay-opacity":"","overlay-gradient":""},"tablet":{"background-color":"var(--ast-global-color-5)","background-image":"","background-repeat":"repeat","background-position":"center center","background-size":"auto","background-attachment":"scroll","background-type":"","background-media":"","overlay-type":"","overlay-color":"","overlay-opacity":"","overlay-gradient":""},"mobile":{"background-color":"var(--ast-global-color-5)","background-image":"","background-repeat":"repeat","background-position":"center center","background-size":"auto","background-attachment":"scroll","background-type":"","background-media":"","overlay-type":"","overlay-color":"","overlay-opacity":"","overlay-gradient":""}}},"product_brand":[],"product_cat":[184,176,180,15,24,116,118,172,146,164,162,160,150],"product_tag":[],"class_list":{"0":"post-19546","1":"product","2":"type-product","3":"status-publish","4":"has-post-thumbnail","6":"product_cat-darila-za-bozic-za-moske","7":"product_cat-za-moske","8":"product_cat-darila-za-valentinovo-za-moske","9":"product_cat-splosna","10":"product_cat-moski","11":"product_cat-darila-za-moske","12":"product_cat-darila-za-fanta","13":"product_cat-verizice","14":"product_cat-priloznosti","15":"product_cat-darila-za-rojstni-dan","16":"product_cat-darila-za-valentinovo","17":"product_cat-darila-za-bozic","18":"product_cat-darila-ob-rojstvu","19":"desktop-align-left","20":"tablet-align-left","21":"mobile-align-left","23":"first","24":"instock","25":"sale","26":"taxable","27":"shipping-taxable","28":"purchasable","29":"product-type-variable"},"yoast_head":"<!-- This site is optimized with the Yoast SEO plugin v25.2 - https:\/\/yoast.com\/wordpress\/plugins\/seo\/ -->\n<title>Veri\u017eica za mo\u0161ke | Le Boxi<\/title>\n<meta name=\"description\" content=\"Veri\u017eica za mo\u0161ke z obeskom je ve\u010d kot le kos nakita \u2013 je izjava o stilu in samozavesti\" \/>\n<meta name=\"robots\" content=\"index, follow, max-snippet:-1, max-image-preview:large, max-video-preview:-1\" \/>\n<link rel=\"canonical\" href=\"http:\/\/staging.leboxi.eu\/sl\/izdelek\/moska-verizica-z-obeskom\/\" \/>\n<meta property=\"og:locale\" content=\"sl_SI\" \/>\n<meta property=\"og:type\" content=\"article\" \/>\n<meta property=\"og:title\" content=\"Veri\u017eica za mo\u0161ke | Le Boxi\" \/>\n<meta property=\"og:description\" content=\"Veri\u017eica za mo\u0161ke z obeskom je ve\u010d kot le kos nakita \u2013 je izjava o stilu in samozavesti\" \/>\n<meta property=\"og:url\" content=\"http:\/\/staging.leboxi.eu\/sl\/izdelek\/moska-verizica-z-obeskom\/\" \/>\n<meta property=\"og:site_name\" content=\"Le Boxi | Unikatna darila za vsakogar\" \/>\n<meta property=\"article:publisher\" content=\"https:\/\/www.facebook.com\/leboxi.eu\" \/>\n<meta property=\"article:modified_time\" content=\"2025-01-26T15:41:42+00:00\" \/>\n<meta property=\"og:image\" content=\"http:\/\/staging.leboxi.eu\/wp-content\/uploads\/2024\/08\/Moska-verizica-square-srebrna-2.jpg\" \/>\n\t<meta property=\"og:image:width\" content=\"1000\" \/>\n\t<meta property=\"og:image:height\" content=\"1000\" \/>\n\t<meta property=\"og:image:type\" content=\"image\/jpeg\" \/>\n<meta name=\"twitter:card\" content=\"summary_large_image\" \/>\n<meta name=\"twitter:label1\" content=\"Est. reading time\" \/>\n\t<meta name=\"twitter:data1\" content=\"2 minuti\" \/>\n<script type=\"application\/ld+json\" class=\"yoast-schema-graph\">{\"@context\":\"https:\/\/schema.org\",\"@graph\":[{\"@type\":\"WebPage\",\"@id\":\"http:\/\/staging.leboxi.eu\/sl\/izdelek\/moska-verizica-z-obeskom\/\",\"url\":\"http:\/\/staging.leboxi.eu\/sl\/izdelek\/moska-verizica-z-obeskom\/\",\"name\":\"Veri\u017eica za mo\u0161ke | Le Boxi\",\"isPartOf\":{\"@id\":\"http:\/\/staging.leboxi.eu\/sl\/#website\"},\"primaryImageOfPage\":{\"@id\":\"http:\/\/staging.leboxi.eu\/sl\/izdelek\/moska-verizica-z-obeskom\/#primaryimage\"},\"image\":{\"@id\":\"http:\/\/staging.leboxi.eu\/sl\/izdelek\/moska-verizica-z-obeskom\/#primaryimage\"},\"thumbnailUrl\":\"http:\/\/staging.leboxi.eu\/wp-content\/uploads\/2024\/08\/Moska-verizica-square-srebrna-2.jpg\",\"datePublished\":\"2024-08-25T19:28:00+00:00\",\"dateModified\":\"2025-01-26T15:41:42+00:00\",\"description\":\"Veri\u017eica za mo\u0161ke z obeskom je ve\u010d kot le kos nakita \u2013 je izjava o stilu in samozavesti\",\"breadcrumb\":{\"@id\":\"http:\/\/staging.leboxi.eu\/sl\/izdelek\/moska-verizica-z-obeskom\/#breadcrumb\"},\"inLanguage\":\"sl-SI\",\"potentialAction\":[{\"@type\":\"ReadAction\",\"target\":[\"http:\/\/staging.leboxi.eu\/sl\/izdelek\/moska-verizica-z-obeskom\/\"]}]},{\"@type\":\"ImageObject\",\"inLanguage\":\"sl-SI\",\"@id\":\"http:\/\/staging.leboxi.eu\/sl\/izdelek\/moska-verizica-z-obeskom\/#primaryimage\",\"url\":\"http:\/\/staging.leboxi.eu\/wp-content\/uploads\/2024\/08\/Moska-verizica-square-srebrna-2.jpg\",\"contentUrl\":\"http:\/\/staging.leboxi.eu\/wp-content\/uploads\/2024\/08\/Moska-verizica-square-srebrna-2.jpg\",\"width\":1000,\"height\":1000},{\"@type\":\"BreadcrumbList\",\"@id\":\"http:\/\/staging.leboxi.eu\/sl\/izdelek\/moska-verizica-z-obeskom\/#breadcrumb\",\"itemListElement\":[{\"@type\":\"ListItem\",\"position\":1,\"name\":\"Doma\",\"item\":\"http:\/\/staging.leboxi.eu\/sl\/\"},{\"@type\":\"ListItem\",\"position\":2,\"name\":\"Trgovina\",\"item\":\"http:\/\/staging.leboxi.eu\/sl\/trgovina\/\"},{\"@type\":\"ListItem\",\"position\":3,\"name\":\"Mo\u0161ka veri\u017eica z obeskom\"}]},{\"@type\":\"WebSite\",\"@id\":\"http:\/\/staging.leboxi.eu\/sl\/#website\",\"url\":\"http:\/\/staging.leboxi.eu\/sl\/\",\"name\":\"Le Boxi | Unikatna darila za vsakogar\",\"description\":\"Unikatna darila in darilne \u0161katle za vse prilo\u017enosti.\",\"publisher\":{\"@id\":\"http:\/\/staging.leboxi.eu\/sl\/#organization\"},\"potentialAction\":[{\"@type\":\"SearchAction\",\"target\":{\"@type\":\"EntryPoint\",\"urlTemplate\":\"http:\/\/staging.leboxi.eu\/sl\/?s={search_term_string}\"},\"query-input\":{\"@type\":\"PropertyValueSpecification\",\"valueRequired\":true,\"valueName\":\"search_term_string\"}}],\"inLanguage\":\"sl-SI\"},{\"@type\":\"Organization\",\"@id\":\"http:\/\/staging.leboxi.eu\/sl\/#organization\",\"name\":\"LE BOXI\",\"url\":\"http:\/\/staging.leboxi.eu\/sl\/\",\"logo\":{\"@type\":\"ImageObject\",\"inLanguage\":\"sl-SI\",\"@id\":\"http:\/\/staging.leboxi.eu\/sl\/#\/schema\/logo\/image\/\",\"url\":\"http:\/\/staging.leboxi.eu\/wp-content\/uploads\/2021\/02\/LeBoxi-manjsi-png.png\",\"contentUrl\":\"http:\/\/staging.leboxi.eu\/wp-content\/uploads\/2021\/02\/LeBoxi-manjsi-png.png\",\"width\":389,\"height\":164,\"caption\":\"LE BOXI\"},\"image\":{\"@id\":\"http:\/\/staging.leboxi.eu\/sl\/#\/schema\/logo\/image\/\"},\"sameAs\":[\"https:\/\/www.facebook.com\/leboxi.eu\",\"https:\/\/www.instagram.com\/le.boxi\/\"]}]}<\/script>\n<!-- \/ Yoast SEO plugin. -->","yoast_head_json":{"title":"Veri\u017eica za mo\u0161ke | Le Boxi","description":"Veri\u017eica za mo\u0161ke z obeskom je ve\u010d kot le kos nakita \u2013 je izjava o stilu in samozavesti","robots":{"index":"index","follow":"follow","max-snippet":"max-snippet:-1","max-image-preview":"max-image-preview:large","max-video-preview":"max-video-preview:-1"},"canonical":"http:\/\/staging.leboxi.eu\/sl\/izdelek\/moska-verizica-z-obeskom\/","og_locale":"sl_SI","og_type":"article","og_title":"Veri\u017eica za mo\u0161ke | Le Boxi","og_description":"Veri\u017eica za mo\u0161ke z obeskom je ve\u010d kot le kos nakita \u2013 je izjava o stilu in samozavesti","og_url":"http:\/\/staging.leboxi.eu\/sl\/izdelek\/moska-verizica-z-obeskom\/","og_site_name":"Le Boxi | Unikatna darila za vsakogar","article_publisher":"https:\/\/www.facebook.com\/leboxi.eu","article_modified_time":"2025-01-26T15:41:42+00:00","og_image":[{"width":1000,"height":1000,"url":"http:\/\/staging.leboxi.eu\/wp-content\/uploads\/2024\/08\/Moska-verizica-square-srebrna-2.jpg","type":"image\/jpeg"}],"twitter_card":"summary_large_image","twitter_misc":{"Est. reading time":"2 minuti"},"schema":{"@context":"https:\/\/schema.org","@graph":[{"@type":"WebPage","@id":"http:\/\/staging.leboxi.eu\/sl\/izdelek\/moska-verizica-z-obeskom\/","url":"http:\/\/staging.leboxi.eu\/sl\/izdelek\/moska-verizica-z-obeskom\/","name":"Veri\u017eica za mo\u0161ke | Le Boxi","isPartOf":{"@id":"http:\/\/staging.leboxi.eu\/sl\/#website"},"primaryImageOfPage":{"@id":"http:\/\/staging.leboxi.eu\/sl\/izdelek\/moska-verizica-z-obeskom\/#primaryimage"},"image":{"@id":"http:\/\/staging.leboxi.eu\/sl\/izdelek\/moska-verizica-z-obeskom\/#primaryimage"},"thumbnailUrl":"http:\/\/staging.leboxi.eu\/wp-content\/uploads\/2024\/08\/Moska-verizica-square-srebrna-2.jpg","datePublished":"2024-08-25T19:28:00+00:00","dateModified":"2025-01-26T15:41:42+00:00","description":"Veri\u017eica za mo\u0161ke z obeskom je ve\u010d kot le kos nakita \u2013 je izjava o stilu in samozavesti","breadcrumb":{"@id":"http:\/\/staging.leboxi.eu\/sl\/izdelek\/moska-verizica-z-obeskom\/#breadcrumb"},"inLanguage":"sl-SI","potentialAction":[{"@type":"ReadAction","target":["http:\/\/staging.leboxi.eu\/sl\/izdelek\/moska-verizica-z-obeskom\/"]}]},{"@type":"ImageObject","inLanguage":"sl-SI","@id":"http:\/\/staging.leboxi.eu\/sl\/izdelek\/moska-verizica-z-obeskom\/#primaryimage","url":"http:\/\/staging.leboxi.eu\/wp-content\/uploads\/2024\/08\/Moska-verizica-square-srebrna-2.jpg","contentUrl":"http:\/\/staging.leboxi.eu\/wp-content\/uploads\/2024\/08\/Moska-verizica-square-srebrna-2.jpg","width":1000,"height":1000},{"@type":"BreadcrumbList","@id":"http:\/\/staging.leboxi.eu\/sl\/izdelek\/moska-verizica-z-obeskom\/#breadcrumb","itemListElement":[{"@type":"ListItem","position":1,"name":"Doma","item":"http:\/\/staging.leboxi.eu\/sl\/"},{"@type":"ListItem","position":2,"name":"Trgovina","item":"http:\/\/staging.leboxi.eu\/sl\/trgovina\/"},{"@type":"ListItem","position":3,"name":"Mo\u0161ka veri\u017eica z obeskom"}]},{"@type":"WebSite","@id":"http:\/\/staging.leboxi.eu\/sl\/#website","url":"http:\/\/staging.leboxi.eu\/sl\/","name":"Le Boxi | Unikatna darila za vsakogar","description":"Unikatna darila in darilne \u0161katle za vse prilo\u017enosti.","publisher":{"@id":"http:\/\/staging.leboxi.eu\/sl\/#organization"},"potentialAction":[{"@type":"SearchAction","target":{"@type":"EntryPoint","urlTemplate":"http:\/\/staging.leboxi.eu\/sl\/?s={search_term_string}"},"query-input":{"@type":"PropertyValueSpecification","valueRequired":true,"valueName":"search_term_string"}}],"inLanguage":"sl-SI"},{"@type":"Organization","@id":"http:\/\/staging.leboxi.eu\/sl\/#organization","name":"LE BOXI","url":"http:\/\/staging.leboxi.eu\/sl\/","logo":{"@type":"ImageObject","inLanguage":"sl-SI","@id":"http:\/\/staging.leboxi.eu\/sl\/#\/schema\/logo\/image\/","url":"http:\/\/staging.leboxi.eu\/wp-content\/uploads\/2021\/02\/LeBoxi-manjsi-png.png","contentUrl":"http:\/\/staging.leboxi.eu\/wp-content\/uploads\/2021\/02\/LeBoxi-manjsi-png.png","width":389,"height":164,"caption":"LE BOXI"},"image":{"@id":"http:\/\/staging.leboxi.eu\/sl\/#\/schema\/logo\/image\/"},"sameAs":["https:\/\/www.facebook.com\/leboxi.eu","https:\/\/www.instagram.com\/le.boxi\/"]}]}},"_links":{"self":[{"href":"http:\/\/staging.leboxi.eu\/sl\/wp-json\/wp\/v2\/product\/19546","targetHints":{"allow":["GET"]}}],"collection":[{"href":"http:\/\/staging.leboxi.eu\/sl\/wp-json\/wp\/v2\/product"}],"about":[{"href":"http:\/\/staging.leboxi.eu\/sl\/wp-json\/wp\/v2\/types\/product"}],"replies":[{"embeddable":true,"href":"http:\/\/staging.leboxi.eu\/sl\/wp-json\/wp\/v2\/comments?post=19546"}],"version-history":[{"count":6,"href":"http:\/\/staging.leboxi.eu\/sl\/wp-json\/wp\/v2\/product\/19546\/revisions"}],"predecessor-version":[{"id":20968,"href":"http:\/\/staging.leboxi.eu\/sl\/wp-json\/wp\/v2\/product\/19546\/revisions\/20968"}],"wp:featuredmedia":[{"embeddable":true,"href":"http:\/\/staging.leboxi.eu\/sl\/wp-json\/wp\/v2\/media\/19548"}],"wp:attachment":[{"href":"http:\/\/staging.leboxi.eu\/sl\/wp-json\/wp\/v2\/media?parent=19546"}],"wp:term":[{"taxonomy":"product_brand","embeddable":true,"href":"http:\/\/staging.leboxi.eu\/sl\/wp-json\/wp\/v2\/product_brand?post=19546"},{"taxonomy":"product_cat","embeddable":true,"href":"http:\/\/staging.leboxi.eu\/sl\/wp-json\/wp\/v2\/product_cat?post=19546"},{"taxonomy":"product_tag","embeddable":true,"href":"http:\/\/staging.leboxi.eu\/sl\/wp-json\/wp\/v2\/product_tag?post=19546"}],"curies":[{"name":"wp","href":"https:\/\/api.w.org\/{rel}","templated":true}]}}