{"id":19342,"date":"2024-08-12T18:56:35","date_gmt":"2024-08-12T17:56:35","guid":{"rendered":"http:\/\/staging.leboxi.eu\/?post_type=product&#038;p=19342"},"modified":"2025-05-03T18:12:13","modified_gmt":"2025-05-03T17:12:13","slug":"set-za-viski","status":"publish","type":"product","link":"http:\/\/staging.leboxi.eu\/sl\/izdelek\/set-za-viski\/","title":{"rendered":"Set za viski &#038; cigaro"},"content":{"rendered":"<p>Set za viski in cigare je popolno darilo za posebne prilo\u017enosti, kot so rojstni dnevi, obletnice, praznovanja ob napredovanju ali upokojitvi, in druge pomembne mejnike v \u017eivljenju. Prav tako je odli\u010den izbor za poslovna darila, ko \u017eelite pustiti eleganten vtis na sodelavce ali poslovne partnerje. Poleg tega je darilo primerno za praznike, kot sta bo\u017ei\u010d in novo leto, ko \u017eelite svojim najdra\u017ejim podariti nekaj resni\u010dno prefinjenega in edinstvenega.<\/p>\n<p>&nbsp;<\/p>\n<p>Vsebuje: 1 podstavek za kozarec, 1 pepelnik, 1 rezalnik za cigare, 9 kamnov za viski v \u017eametni vre\u010dki, 1 kozarec<br \/>\nMaterial: Les, steklo, nerjave\u010de jeklo<br \/>\nDimenzije izdelka: 28 x 2 x 12,5 cm<br \/>\nNeto te\u017ea: 1,2 kg<br \/>\nBruto te\u017ea: 1,4 kg<\/p>\n<h6><\/h6>\n<h6>Dodatno:<\/h6>\n<p>Darilu lahko prilo\u017eite tudi <a href=\"http:\/\/staging.leboxi.eu\/izdelki\/cestitka-za-rojstni-dan\/\" target=\"_blank\" rel=\"noopener\">personalizirano \u010destitko<\/a>, ki bo dalo darilu piko na i.<\/p>\n<p>\u010ce \u017eelite bomo va\u0161e darilo obdarovancu dostavili mi, seveda pa ob dostavi ne bomo prilo\u017eili ra\u010duna. Le-tega boste prejeli vi.<\/p>\n<p>&nbsp;<\/p>\n","protected":false},"excerpt":{"rendered":"<p>Set za\u00a0 viski in cigaro je namenjen ljubiteljem viskija in cigar, ki cenijo vrhunske izdelke in prefinjeno izku\u0161njo. Idealen je za posameznike, ki u\u017eivajo v razko\u0161ju ob posebnih prilo\u017enostih ali se radi sprostijo v udobju svojega doma. Prav tako je odli\u010dno darilo za vse, ki \u017eelijo nadgraditi svojo zbirko ali obogatiti trenutke ob pitju viskija in kajenju cigare z dodatnim pridihom elegance.<\/p>\n<p>Izdelan iz visokokakovostnih materialov, ta eleganten set odlikuje priro\u010den dizajn, ki zagotovo pusti vtis. Set vklju\u010duje vse bistvene dodatke, kot so podstavek za kozarec, pepelnik, rezalnik za cigare, kamne za hlajenje viskija in kozarec, kar vam omogo\u010da, da svoj najljub\u0161i viski in cigaro u\u017eivate s stilom.<\/p>\n<p>Darilu lahko prilo\u017eite tudi <a href=\"http:\/\/staging.leboxi.eu\/izdelki\/cestitka-za-rojstni-dan\/\" target=\"_blank\" rel=\"noopener\">personalizirano \u010destitko<\/a>.<\/p>\n<p>&nbsp;<\/p>\n<p>\u010ce \u017eelite bomo va\u0161e darilo obdarovancu dostavili mi, seveda pa ob dostavi ne bomo prilo\u017eili ra\u010duna. Le-tega boste prejeli vi.<\/p>\n<p>Podroben opis si lahko preberete spodaj.<\/p>\n","protected":false},"featured_media":19344,"comment_status":"open","ping_status":"closed","template":"","meta":{"site-sidebar-layout":"default","site-content-layout":"default","ast-site-content-layout":"default","site-content-style":"default","site-sidebar-style":"default","ast-global-header-display":"","ast-banner-title-visibility":"","ast-main-header-display":"","ast-hfb-above-header-display":"","ast-hfb-below-header-display":"","ast-hfb-mobile-header-display":"","site-post-title":"","ast-breadcrumbs-content":"","ast-featured-img":"","footer-sml-layout":"","theme-transparent-header-meta":"default","adv-header-id-meta":"","stick-header-meta":"","header-above-stick-meta":"","header-main-stick-meta":"","header-below-stick-meta":"","astra-migrate-meta-layouts":"set","ast-page-background-enabled":"default","ast-page-background-meta":{"desktop":{"background-color":"","background-image":"","background-repeat":"repeat","background-position":"center center","background-size":"auto","background-attachment":"scroll","background-type":"","background-media":"","overlay-type":"","overlay-color":"","overlay-opacity":"","overlay-gradient":""},"tablet":{"background-color":"","background-image":"","background-repeat":"repeat","background-position":"center center","background-size":"auto","background-attachment":"scroll","background-type":"","background-media":"","overlay-type":"","overlay-color":"","overlay-opacity":"","overlay-gradient":""},"mobile":{"background-color":"","background-image":"","background-repeat":"repeat","background-position":"center center","background-size":"auto","background-attachment":"scroll","background-type":"","background-media":"","overlay-type":"","overlay-color":"","overlay-opacity":"","overlay-gradient":""}},"ast-content-background-meta":{"desktop":{"background-color":"var(--ast-global-color-5)","background-image":"","background-repeat":"repeat","background-position":"center center","background-size":"auto","background-attachment":"scroll","background-type":"","background-media":"","overlay-type":"","overlay-color":"","overlay-opacity":"","overlay-gradient":""},"tablet":{"background-color":"var(--ast-global-color-5)","background-image":"","background-repeat":"repeat","background-position":"center center","background-size":"auto","background-attachment":"scroll","background-type":"","background-media":"","overlay-type":"","overlay-color":"","overlay-opacity":"","overlay-gradient":""},"mobile":{"background-color":"var(--ast-global-color-5)","background-image":"","background-repeat":"repeat","background-position":"center center","background-size":"auto","background-attachment":"scroll","background-type":"","background-media":"","overlay-type":"","overlay-color":"","overlay-opacity":"","overlay-gradient":""}}},"product_brand":[],"product_cat":[184,176,24,116,118,146,164,160],"product_tag":[],"class_list":{"0":"post-19342","1":"product","2":"type-product","3":"status-publish","4":"has-post-thumbnail","6":"product_cat-darila-za-bozic-za-moske","7":"product_cat-za-moske","8":"product_cat-moski","9":"product_cat-darila-za-moske","10":"product_cat-darila-za-fanta","11":"product_cat-priloznosti","12":"product_cat-darila-za-rojstni-dan","13":"product_cat-darila-za-bozic","14":"desktop-align-left","15":"tablet-align-left","16":"mobile-align-left","18":"first","19":"instock","20":"featured","21":"taxable","22":"shipping-taxable","23":"purchasable","24":"product-type-simple"},"yoast_head":"<!-- This site is optimized with the Yoast SEO plugin v25.2 - https:\/\/yoast.com\/wordpress\/plugins\/seo\/ -->\n<title>Set za viski in cigare | Le Boxi<\/title>\n<meta name=\"description\" content=\"Set za viski je odli\u010dno darilo za vse, ki si radi privo\u0161\u010dijo kozarec viskija in obenenem pokadijo pravo kubansko cigaro.\" \/>\n<meta name=\"robots\" content=\"index, follow, max-snippet:-1, max-image-preview:large, max-video-preview:-1\" \/>\n<link rel=\"canonical\" href=\"http:\/\/staging.leboxi.eu\/sl\/izdelek\/set-za-viski\/\" \/>\n<meta property=\"og:locale\" content=\"sl_SI\" \/>\n<meta property=\"og:type\" content=\"article\" \/>\n<meta property=\"og:title\" content=\"Set za viski in cigare | Le Boxi\" \/>\n<meta property=\"og:description\" content=\"Set za viski je odli\u010dno darilo za vse, ki si radi privo\u0161\u010dijo kozarec viskija in obenenem pokadijo pravo kubansko cigaro.\" \/>\n<meta property=\"og:url\" content=\"http:\/\/staging.leboxi.eu\/sl\/izdelek\/set-za-viski\/\" \/>\n<meta property=\"og:site_name\" content=\"Le Boxi | Unikatna darila za vsakogar\" \/>\n<meta property=\"article:publisher\" content=\"https:\/\/www.facebook.com\/leboxi.eu\" \/>\n<meta property=\"article:modified_time\" content=\"2025-05-03T17:12:13+00:00\" \/>\n<meta property=\"og:image\" content=\"http:\/\/staging.leboxi.eu\/wp-content\/uploads\/2024\/08\/whisky-cigar-tray_1.jpg\" \/>\n\t<meta property=\"og:image:width\" content=\"1000\" \/>\n\t<meta property=\"og:image:height\" content=\"1000\" \/>\n\t<meta property=\"og:image:type\" content=\"image\/jpeg\" \/>\n<meta name=\"twitter:card\" content=\"summary_large_image\" \/>\n<meta name=\"twitter:label1\" content=\"Est. reading time\" \/>\n\t<meta name=\"twitter:data1\" content=\"2 minuti\" \/>\n<script type=\"application\/ld+json\" class=\"yoast-schema-graph\">{\"@context\":\"https:\/\/schema.org\",\"@graph\":[{\"@type\":\"WebPage\",\"@id\":\"http:\/\/staging.leboxi.eu\/sl\/izdelek\/set-za-viski\/\",\"url\":\"http:\/\/staging.leboxi.eu\/sl\/izdelek\/set-za-viski\/\",\"name\":\"Set za viski in cigare | Le Boxi\",\"isPartOf\":{\"@id\":\"http:\/\/staging.leboxi.eu\/sl\/#website\"},\"primaryImageOfPage\":{\"@id\":\"http:\/\/staging.leboxi.eu\/sl\/izdelek\/set-za-viski\/#primaryimage\"},\"image\":{\"@id\":\"http:\/\/staging.leboxi.eu\/sl\/izdelek\/set-za-viski\/#primaryimage\"},\"thumbnailUrl\":\"http:\/\/staging.leboxi.eu\/wp-content\/uploads\/2024\/08\/whisky-cigar-tray_1.jpg\",\"datePublished\":\"2024-08-12T17:56:35+00:00\",\"dateModified\":\"2025-05-03T17:12:13+00:00\",\"description\":\"Set za viski je odli\u010dno darilo za vse, ki si radi privo\u0161\u010dijo kozarec viskija in obenenem pokadijo pravo kubansko cigaro.\",\"breadcrumb\":{\"@id\":\"http:\/\/staging.leboxi.eu\/sl\/izdelek\/set-za-viski\/#breadcrumb\"},\"inLanguage\":\"sl-SI\",\"potentialAction\":[{\"@type\":\"ReadAction\",\"target\":[\"http:\/\/staging.leboxi.eu\/sl\/izdelek\/set-za-viski\/\"]}]},{\"@type\":\"ImageObject\",\"inLanguage\":\"sl-SI\",\"@id\":\"http:\/\/staging.leboxi.eu\/sl\/izdelek\/set-za-viski\/#primaryimage\",\"url\":\"http:\/\/staging.leboxi.eu\/wp-content\/uploads\/2024\/08\/whisky-cigar-tray_1.jpg\",\"contentUrl\":\"http:\/\/staging.leboxi.eu\/wp-content\/uploads\/2024\/08\/whisky-cigar-tray_1.jpg\",\"width\":1000,\"height\":1000},{\"@type\":\"BreadcrumbList\",\"@id\":\"http:\/\/staging.leboxi.eu\/sl\/izdelek\/set-za-viski\/#breadcrumb\",\"itemListElement\":[{\"@type\":\"ListItem\",\"position\":1,\"name\":\"Doma\",\"item\":\"http:\/\/staging.leboxi.eu\/sl\/\"},{\"@type\":\"ListItem\",\"position\":2,\"name\":\"Trgovina\",\"item\":\"http:\/\/staging.leboxi.eu\/sl\/trgovina\/\"},{\"@type\":\"ListItem\",\"position\":3,\"name\":\"Set za viski &#038; cigaro\"}]},{\"@type\":\"WebSite\",\"@id\":\"http:\/\/staging.leboxi.eu\/sl\/#website\",\"url\":\"http:\/\/staging.leboxi.eu\/sl\/\",\"name\":\"Le Boxi | Unikatna darila za vsakogar\",\"description\":\"Unikatna darila in darilne \u0161katle za vse prilo\u017enosti.\",\"publisher\":{\"@id\":\"http:\/\/staging.leboxi.eu\/sl\/#organization\"},\"potentialAction\":[{\"@type\":\"SearchAction\",\"target\":{\"@type\":\"EntryPoint\",\"urlTemplate\":\"http:\/\/staging.leboxi.eu\/sl\/?s={search_term_string}\"},\"query-input\":{\"@type\":\"PropertyValueSpecification\",\"valueRequired\":true,\"valueName\":\"search_term_string\"}}],\"inLanguage\":\"sl-SI\"},{\"@type\":\"Organization\",\"@id\":\"http:\/\/staging.leboxi.eu\/sl\/#organization\",\"name\":\"LE BOXI\",\"url\":\"http:\/\/staging.leboxi.eu\/sl\/\",\"logo\":{\"@type\":\"ImageObject\",\"inLanguage\":\"sl-SI\",\"@id\":\"http:\/\/staging.leboxi.eu\/sl\/#\/schema\/logo\/image\/\",\"url\":\"http:\/\/staging.leboxi.eu\/wp-content\/uploads\/2021\/02\/LeBoxi-manjsi-png.png\",\"contentUrl\":\"http:\/\/staging.leboxi.eu\/wp-content\/uploads\/2021\/02\/LeBoxi-manjsi-png.png\",\"width\":389,\"height\":164,\"caption\":\"LE BOXI\"},\"image\":{\"@id\":\"http:\/\/staging.leboxi.eu\/sl\/#\/schema\/logo\/image\/\"},\"sameAs\":[\"https:\/\/www.facebook.com\/leboxi.eu\",\"https:\/\/www.instagram.com\/le.boxi\/\"]}]}<\/script>\n<!-- \/ Yoast SEO plugin. -->","yoast_head_json":{"title":"Set za viski in cigare | Le Boxi","description":"Set za viski je odli\u010dno darilo za vse, ki si radi privo\u0161\u010dijo kozarec viskija in obenenem pokadijo pravo kubansko cigaro.","robots":{"index":"index","follow":"follow","max-snippet":"max-snippet:-1","max-image-preview":"max-image-preview:large","max-video-preview":"max-video-preview:-1"},"canonical":"http:\/\/staging.leboxi.eu\/sl\/izdelek\/set-za-viski\/","og_locale":"sl_SI","og_type":"article","og_title":"Set za viski in cigare | Le Boxi","og_description":"Set za viski je odli\u010dno darilo za vse, ki si radi privo\u0161\u010dijo kozarec viskija in obenenem pokadijo pravo kubansko cigaro.","og_url":"http:\/\/staging.leboxi.eu\/sl\/izdelek\/set-za-viski\/","og_site_name":"Le Boxi | Unikatna darila za vsakogar","article_publisher":"https:\/\/www.facebook.com\/leboxi.eu","article_modified_time":"2025-05-03T17:12:13+00:00","og_image":[{"width":1000,"height":1000,"url":"http:\/\/staging.leboxi.eu\/wp-content\/uploads\/2024\/08\/whisky-cigar-tray_1.jpg","type":"image\/jpeg"}],"twitter_card":"summary_large_image","twitter_misc":{"Est. reading time":"2 minuti"},"schema":{"@context":"https:\/\/schema.org","@graph":[{"@type":"WebPage","@id":"http:\/\/staging.leboxi.eu\/sl\/izdelek\/set-za-viski\/","url":"http:\/\/staging.leboxi.eu\/sl\/izdelek\/set-za-viski\/","name":"Set za viski in cigare | Le Boxi","isPartOf":{"@id":"http:\/\/staging.leboxi.eu\/sl\/#website"},"primaryImageOfPage":{"@id":"http:\/\/staging.leboxi.eu\/sl\/izdelek\/set-za-viski\/#primaryimage"},"image":{"@id":"http:\/\/staging.leboxi.eu\/sl\/izdelek\/set-za-viski\/#primaryimage"},"thumbnailUrl":"http:\/\/staging.leboxi.eu\/wp-content\/uploads\/2024\/08\/whisky-cigar-tray_1.jpg","datePublished":"2024-08-12T17:56:35+00:00","dateModified":"2025-05-03T17:12:13+00:00","description":"Set za viski je odli\u010dno darilo za vse, ki si radi privo\u0161\u010dijo kozarec viskija in obenenem pokadijo pravo kubansko cigaro.","breadcrumb":{"@id":"http:\/\/staging.leboxi.eu\/sl\/izdelek\/set-za-viski\/#breadcrumb"},"inLanguage":"sl-SI","potentialAction":[{"@type":"ReadAction","target":["http:\/\/staging.leboxi.eu\/sl\/izdelek\/set-za-viski\/"]}]},{"@type":"ImageObject","inLanguage":"sl-SI","@id":"http:\/\/staging.leboxi.eu\/sl\/izdelek\/set-za-viski\/#primaryimage","url":"http:\/\/staging.leboxi.eu\/wp-content\/uploads\/2024\/08\/whisky-cigar-tray_1.jpg","contentUrl":"http:\/\/staging.leboxi.eu\/wp-content\/uploads\/2024\/08\/whisky-cigar-tray_1.jpg","width":1000,"height":1000},{"@type":"BreadcrumbList","@id":"http:\/\/staging.leboxi.eu\/sl\/izdelek\/set-za-viski\/#breadcrumb","itemListElement":[{"@type":"ListItem","position":1,"name":"Doma","item":"http:\/\/staging.leboxi.eu\/sl\/"},{"@type":"ListItem","position":2,"name":"Trgovina","item":"http:\/\/staging.leboxi.eu\/sl\/trgovina\/"},{"@type":"ListItem","position":3,"name":"Set za viski &#038; cigaro"}]},{"@type":"WebSite","@id":"http:\/\/staging.leboxi.eu\/sl\/#website","url":"http:\/\/staging.leboxi.eu\/sl\/","name":"Le Boxi | Unikatna darila za vsakogar","description":"Unikatna darila in darilne \u0161katle za vse prilo\u017enosti.","publisher":{"@id":"http:\/\/staging.leboxi.eu\/sl\/#organization"},"potentialAction":[{"@type":"SearchAction","target":{"@type":"EntryPoint","urlTemplate":"http:\/\/staging.leboxi.eu\/sl\/?s={search_term_string}"},"query-input":{"@type":"PropertyValueSpecification","valueRequired":true,"valueName":"search_term_string"}}],"inLanguage":"sl-SI"},{"@type":"Organization","@id":"http:\/\/staging.leboxi.eu\/sl\/#organization","name":"LE BOXI","url":"http:\/\/staging.leboxi.eu\/sl\/","logo":{"@type":"ImageObject","inLanguage":"sl-SI","@id":"http:\/\/staging.leboxi.eu\/sl\/#\/schema\/logo\/image\/","url":"http:\/\/staging.leboxi.eu\/wp-content\/uploads\/2021\/02\/LeBoxi-manjsi-png.png","contentUrl":"http:\/\/staging.leboxi.eu\/wp-content\/uploads\/2021\/02\/LeBoxi-manjsi-png.png","width":389,"height":164,"caption":"LE BOXI"},"image":{"@id":"http:\/\/staging.leboxi.eu\/sl\/#\/schema\/logo\/image\/"},"sameAs":["https:\/\/www.facebook.com\/leboxi.eu","https:\/\/www.instagram.com\/le.boxi\/"]}]}},"_links":{"self":[{"href":"http:\/\/staging.leboxi.eu\/sl\/wp-json\/wp\/v2\/product\/19342","targetHints":{"allow":["GET"]}}],"collection":[{"href":"http:\/\/staging.leboxi.eu\/sl\/wp-json\/wp\/v2\/product"}],"about":[{"href":"http:\/\/staging.leboxi.eu\/sl\/wp-json\/wp\/v2\/types\/product"}],"replies":[{"embeddable":true,"href":"http:\/\/staging.leboxi.eu\/sl\/wp-json\/wp\/v2\/comments?post=19342"}],"version-history":[{"count":1,"href":"http:\/\/staging.leboxi.eu\/sl\/wp-json\/wp\/v2\/product\/19342\/revisions"}],"predecessor-version":[{"id":19359,"href":"http:\/\/staging.leboxi.eu\/sl\/wp-json\/wp\/v2\/product\/19342\/revisions\/19359"}],"wp:featuredmedia":[{"embeddable":true,"href":"http:\/\/staging.leboxi.eu\/sl\/wp-json\/wp\/v2\/media\/19344"}],"wp:attachment":[{"href":"http:\/\/staging.leboxi.eu\/sl\/wp-json\/wp\/v2\/media?parent=19342"}],"wp:term":[{"taxonomy":"product_brand","embeddable":true,"href":"http:\/\/staging.leboxi.eu\/sl\/wp-json\/wp\/v2\/product_brand?post=19342"},{"taxonomy":"product_cat","embeddable":true,"href":"http:\/\/staging.leboxi.eu\/sl\/wp-json\/wp\/v2\/product_cat?post=19342"},{"taxonomy":"product_tag","embeddable":true,"href":"http:\/\/staging.leboxi.eu\/sl\/wp-json\/wp\/v2\/product_tag?post=19342"}],"curies":[{"name":"wp","href":"https:\/\/api.w.org\/{rel}","templated":true}]}}