{"id":18565,"date":"2024-06-10T21:07:25","date_gmt":"2024-06-10T20:07:25","guid":{"rendered":"http:\/\/staging.leboxi.eu\/?post_type=product&#038;p=18565"},"modified":"2025-04-13T10:08:46","modified_gmt":"2025-04-13T09:08:46","slug":"verizica-infinity","status":"publish","type":"product","link":"http:\/\/staging.leboxi.eu\/sl\/izdelek\/verizica-infinity\/","title":{"rendered":"Veri\u017eica INFINITY"},"content":{"rendered":"<p><strong>Veri\u017eica z imenom otrok ali drugih ljubljenih oseb.<\/strong><\/p>\n<p>Barva: zlata 14K\/srebrna\/roza zlata<\/p>\n<p>Material: srebro 925<\/p>\n<p>Dol\u017eina veri\u017eice: 50 cm<\/p>\n<p>Dimenzija obeska: \/<\/p>\n<p>Najve\u010dja dol\u017eina imen: 6 \u010drk<\/p>\n<p>Ni mo\u017ena personalizacija imen s \u0161umniki.<\/p>\n<p>Veri\u017eica z imenom otrok ali drugih ljubljenih oseb je odli\u010dno presene\u010denje ali darilo vsakogar. Veri\u017eica je iz pravega srebra 925. \u010ce bi radi veri\u017eico podarili kot darilo vam jo lahko zapakiramo v li\u010dno darilno \u0161katlico<\/p>\n<p>Priporo\u010dila za uporabo: Priporo\u010damo, da nakit odstranite pred kopanjem\/tu\u0161iranjem, med spanjem ter pri \u0161portnih dejavnostih, da se ne bo po\u0161kodovalo in ostalo \u010dim bolj sijajno dalj \u010dasa. Nakit ne pu\u0161\u010da made\u017eev, se ne razbarva, ne obarva ko\u017ee zeleno ter je vodoodporno.<\/p>\n<p><strong>Celoten proces izdelave personalizirane veri\u017eice ter dostave na va\u0161 naslov traja 20 &#8211; 30 dni. Veri\u017eica ne bo dostavljena pred tem obdobjem. V primeru, da naro\u010dite \u0161e druge izdelke bodo dostavljeni v lo\u010deni po\u0161iljki. Zaradi trenutnih izrednih razmer na trgu so mo\u017ene zamude pri dostavi.<\/strong><\/p>\n<p>&nbsp;<\/p>\n<h6>Dodatno:<\/h6>\n<p>Za piko na i lahko svoj darilni set nadgradite z\u00a0<a href=\"http:\/\/staging.leboxi.eu\/blog\/posvetilo-darilni-listki\/\">darilnimi listi\u010di<\/a>\u00a0za izdelavo katerih navodila najdete na na\u0161em blogu.<\/p>\n<p>\u010ce \u017eelite bomo va\u0161e darilo obdarovancu dostavili mi, seveda pa ob dostavi ne bomo prilo\u017eili ra\u010duna. Le-tega boste prejeli vi.<\/p>\n<p>Pri personaliziranih izdelkih kupec <strong>nima pravice<\/strong> do odstopa od nakupne pogodbe. V praksi to pomeni, da za vse izdelke, ki so narejeni po \u017eelji kupca, potro\u0161nik ne vra\u010da izdelka, je pa zavezan k pla\u010dilu po sklenjeni pogodbi. Ponudnik ne odgovarja za nepravilno izbrane mo\u017enosti (npr. napa\u010dno izbranega tipa personaliziranega izdelka, napa\u010dna izbira vzorca personalizacije, napake \u010drkovanja, napake datuma ipd.) personalizacije pri nakupu.<\/p>\n","protected":false},"excerpt":{"rendered":"<p>Elegantna veri\u017eica INFINITY s personaliziranim imenom je unikat. Izdelana je iz srebra. Izberete lahko med zlato, srebrno in roza zlato barvo ter nanjo napi\u0161ete ime va\u0161ih treh ljubljenih oseb.<\/p>\n<p>Dodatne informacije:<\/p>\n<ul>\n<li>Dol\u017eina veri\u017eice: 50 cm (mo\u017enost regulacije dol\u017eine)<\/li>\n<li>Material: srebro 925<\/li>\n<li>Zunanji sloj je dodatno pozla\u010den 14K oz. posrebren (odvisno od izbire)<\/li>\n<li>100% hipoalergena, 100% ne pu\u0161\u010da made\u017eev na ko\u017ei<\/li>\n<li><strong>\u010cas dostave: 20 &#8211; 30 dni (\u010das izdelave + dostava)<\/strong><\/li>\n<\/ul>\n<p>\u010ce bi radi veri\u017eico podarili kot darilo vam jo lahko zapakiramo v li\u010dno darilno \u0161katlico. Va\u0161e darilo lahko obdarovancu dostavimo mi, seveda pa ob dostavi ne bomo prilo\u017eili ra\u010duna. Le-tega boste prejeli vi.<\/p>\n","protected":false},"featured_media":18582,"comment_status":"open","ping_status":"closed","template":"","meta":{"site-sidebar-layout":"default","site-content-layout":"default","ast-site-content-layout":"default","site-content-style":"default","site-sidebar-style":"default","ast-global-header-display":"","ast-banner-title-visibility":"","ast-main-header-display":"","ast-hfb-above-header-display":"","ast-hfb-below-header-display":"","ast-hfb-mobile-header-display":"","site-post-title":"","ast-breadcrumbs-content":"","ast-featured-img":"","footer-sml-layout":"","theme-transparent-header-meta":"default","adv-header-id-meta":"","stick-header-meta":"","header-above-stick-meta":"","header-main-stick-meta":"","header-below-stick-meta":"","astra-migrate-meta-layouts":"set","ast-page-background-enabled":"default","ast-page-background-meta":{"desktop":{"background-color":"","background-image":"","background-repeat":"repeat","background-position":"center center","background-size":"auto","background-attachment":"scroll","background-type":"","background-media":"","overlay-type":"","overlay-color":"","overlay-opacity":"","overlay-gradient":""},"tablet":{"background-color":"","background-image":"","background-repeat":"repeat","background-position":"center center","background-size":"auto","background-attachment":"scroll","background-type":"","background-media":"","overlay-type":"","overlay-color":"","overlay-opacity":"","overlay-gradient":""},"mobile":{"background-color":"","background-image":"","background-repeat":"repeat","background-position":"center center","background-size":"auto","background-attachment":"scroll","background-type":"","background-media":"","overlay-type":"","overlay-color":"","overlay-opacity":"","overlay-gradient":""}},"ast-content-background-meta":{"desktop":{"background-color":"var(--ast-global-color-5)","background-image":"","background-repeat":"repeat","background-position":"center center","background-size":"auto","background-attachment":"scroll","background-type":"","background-media":"","overlay-type":"","overlay-color":"","overlay-opacity":"","overlay-gradient":""},"tablet":{"background-color":"var(--ast-global-color-5)","background-image":"","background-repeat":"repeat","background-position":"center center","background-size":"auto","background-attachment":"scroll","background-type":"","background-media":"","overlay-type":"","overlay-color":"","overlay-opacity":"","overlay-gradient":""},"mobile":{"background-color":"var(--ast-global-color-5)","background-image":"","background-repeat":"repeat","background-position":"center center","background-size":"auto","background-attachment":"scroll","background-type":"","background-media":"","overlay-type":"","overlay-color":"","overlay-opacity":"","overlay-gradient":""}}},"product_brand":[],"product_cat":[186,178,182,174,27,122,126,130,148,170,172,146,164,162,156,154,150],"product_tag":[],"class_list":{"0":"post-18565","1":"product","2":"type-product","3":"status-publish","4":"has-post-thumbnail","6":"product_cat-darila-za-bozic-za-zenske","7":"product_cat-za-zenske","8":"product_cat-darila-za-valentinovo-za-zenske","9":"product_cat-verizice-z-imenom","10":"product_cat-zenske","11":"product_cat-darila-za-zenske","12":"product_cat-darila-za-mamo","13":"product_cat-darila-za-punco","14":"product_cat-darila-za-prijateljico","15":"product_cat-nakit","16":"product_cat-verizice","17":"product_cat-priloznosti","18":"product_cat-darila-za-rojstni-dan","19":"product_cat-darila-za-valentinovo","20":"product_cat-darila-za-dan-zena","21":"product_cat-darila-za-materinski-dan","22":"product_cat-darila-ob-rojstvu","23":"pa_nakit-roza-zlato","24":"pa_nakit-roza-zlato-darilno","25":"pa_nakit-srebrno","26":"pa_nakit-srebrno-darilno","27":"pa_nakit-zlato","28":"pa_nakit-zlato-darilno","29":"desktop-align-left","30":"tablet-align-left","31":"mobile-align-left","33":"first","34":"instock","35":"taxable","36":"shipping-taxable","37":"purchasable","38":"product-type-variable"},"yoast_head":"<!-- This site is optimized with the Yoast SEO plugin v25.2 - https:\/\/yoast.com\/wordpress\/plugins\/seo\/ -->\n<title>Veri\u017eica z imenom ljubljene osebe | Personalizirana veri\u017eica<\/title>\n<meta name=\"description\" content=\"Elegantna veri\u017eica z imenom ljubljene osebe. Mo\u017enost zlate, srebrne oz. roza zlate barve. Odli\u010dno darilo zase oz. na\u0161e najbli\u017eje.\" \/>\n<meta name=\"robots\" content=\"index, follow, max-snippet:-1, max-image-preview:large, max-video-preview:-1\" \/>\n<link rel=\"canonical\" href=\"http:\/\/staging.leboxi.eu\/sl\/izdelek\/verizica-infinity\/\" \/>\n<meta property=\"og:locale\" content=\"sl_SI\" \/>\n<meta property=\"og:type\" content=\"article\" \/>\n<meta property=\"og:title\" content=\"Veri\u017eica z imenom ljubljene osebe | Personalizirana veri\u017eica\" \/>\n<meta property=\"og:description\" content=\"Elegantna veri\u017eica z imenom ljubljene osebe. Mo\u017enost zlate, srebrne oz. roza zlate barve. Odli\u010dno darilo zase oz. na\u0161e najbli\u017eje.\" \/>\n<meta property=\"og:url\" content=\"http:\/\/staging.leboxi.eu\/sl\/izdelek\/verizica-infinity\/\" \/>\n<meta property=\"og:site_name\" content=\"Le Boxi | Unikatna darila za vsakogar\" \/>\n<meta property=\"article:publisher\" content=\"https:\/\/www.facebook.com\/leboxi.eu\" \/>\n<meta property=\"article:modified_time\" content=\"2025-04-13T09:08:46+00:00\" \/>\n<meta property=\"og:image\" content=\"http:\/\/staging.leboxi.eu\/wp-content\/uploads\/2024\/06\/Verizica-infinity-zlata.webp\" \/>\n\t<meta property=\"og:image:width\" content=\"1000\" \/>\n\t<meta property=\"og:image:height\" content=\"1000\" \/>\n\t<meta property=\"og:image:type\" content=\"image\/webp\" \/>\n<meta name=\"twitter:card\" content=\"summary_large_image\" \/>\n<meta name=\"twitter:label1\" content=\"Est. reading time\" \/>\n\t<meta name=\"twitter:data1\" content=\"2 minuti\" \/>\n<script type=\"application\/ld+json\" class=\"yoast-schema-graph\">{\"@context\":\"https:\/\/schema.org\",\"@graph\":[{\"@type\":\"WebPage\",\"@id\":\"http:\/\/staging.leboxi.eu\/sl\/izdelek\/verizica-infinity\/\",\"url\":\"http:\/\/staging.leboxi.eu\/sl\/izdelek\/verizica-infinity\/\",\"name\":\"Veri\u017eica z imenom ljubljene osebe | Personalizirana veri\u017eica\",\"isPartOf\":{\"@id\":\"http:\/\/staging.leboxi.eu\/sl\/#website\"},\"primaryImageOfPage\":{\"@id\":\"http:\/\/staging.leboxi.eu\/sl\/izdelek\/verizica-infinity\/#primaryimage\"},\"image\":{\"@id\":\"http:\/\/staging.leboxi.eu\/sl\/izdelek\/verizica-infinity\/#primaryimage\"},\"thumbnailUrl\":\"http:\/\/staging.leboxi.eu\/wp-content\/uploads\/2024\/06\/Verizica-infinity-zlata.webp\",\"datePublished\":\"2024-06-10T20:07:25+00:00\",\"dateModified\":\"2025-04-13T09:08:46+00:00\",\"description\":\"Elegantna veri\u017eica z imenom ljubljene osebe. Mo\u017enost zlate, srebrne oz. roza zlate barve. Odli\u010dno darilo zase oz. na\u0161e najbli\u017eje.\",\"breadcrumb\":{\"@id\":\"http:\/\/staging.leboxi.eu\/sl\/izdelek\/verizica-infinity\/#breadcrumb\"},\"inLanguage\":\"sl-SI\",\"potentialAction\":[{\"@type\":\"ReadAction\",\"target\":[\"http:\/\/staging.leboxi.eu\/sl\/izdelek\/verizica-infinity\/\"]}]},{\"@type\":\"ImageObject\",\"inLanguage\":\"sl-SI\",\"@id\":\"http:\/\/staging.leboxi.eu\/sl\/izdelek\/verizica-infinity\/#primaryimage\",\"url\":\"http:\/\/staging.leboxi.eu\/wp-content\/uploads\/2024\/06\/Verizica-infinity-zlata.webp\",\"contentUrl\":\"http:\/\/staging.leboxi.eu\/wp-content\/uploads\/2024\/06\/Verizica-infinity-zlata.webp\",\"width\":1000,\"height\":1000},{\"@type\":\"BreadcrumbList\",\"@id\":\"http:\/\/staging.leboxi.eu\/sl\/izdelek\/verizica-infinity\/#breadcrumb\",\"itemListElement\":[{\"@type\":\"ListItem\",\"position\":1,\"name\":\"Doma\",\"item\":\"http:\/\/staging.leboxi.eu\/sl\/\"},{\"@type\":\"ListItem\",\"position\":2,\"name\":\"Trgovina\",\"item\":\"http:\/\/staging.leboxi.eu\/sl\/trgovina\/\"},{\"@type\":\"ListItem\",\"position\":3,\"name\":\"Veri\u017eica INFINITY\"}]},{\"@type\":\"WebSite\",\"@id\":\"http:\/\/staging.leboxi.eu\/sl\/#website\",\"url\":\"http:\/\/staging.leboxi.eu\/sl\/\",\"name\":\"Le Boxi | Unikatna darila za vsakogar\",\"description\":\"Unikatna darila in darilne \u0161katle za vse prilo\u017enosti.\",\"publisher\":{\"@id\":\"http:\/\/staging.leboxi.eu\/sl\/#organization\"},\"potentialAction\":[{\"@type\":\"SearchAction\",\"target\":{\"@type\":\"EntryPoint\",\"urlTemplate\":\"http:\/\/staging.leboxi.eu\/sl\/?s={search_term_string}\"},\"query-input\":{\"@type\":\"PropertyValueSpecification\",\"valueRequired\":true,\"valueName\":\"search_term_string\"}}],\"inLanguage\":\"sl-SI\"},{\"@type\":\"Organization\",\"@id\":\"http:\/\/staging.leboxi.eu\/sl\/#organization\",\"name\":\"LE BOXI\",\"url\":\"http:\/\/staging.leboxi.eu\/sl\/\",\"logo\":{\"@type\":\"ImageObject\",\"inLanguage\":\"sl-SI\",\"@id\":\"http:\/\/staging.leboxi.eu\/sl\/#\/schema\/logo\/image\/\",\"url\":\"http:\/\/staging.leboxi.eu\/wp-content\/uploads\/2021\/02\/LeBoxi-manjsi-png.png\",\"contentUrl\":\"http:\/\/staging.leboxi.eu\/wp-content\/uploads\/2021\/02\/LeBoxi-manjsi-png.png\",\"width\":389,\"height\":164,\"caption\":\"LE BOXI\"},\"image\":{\"@id\":\"http:\/\/staging.leboxi.eu\/sl\/#\/schema\/logo\/image\/\"},\"sameAs\":[\"https:\/\/www.facebook.com\/leboxi.eu\",\"https:\/\/www.instagram.com\/le.boxi\/\"]}]}<\/script>\n<!-- \/ Yoast SEO plugin. -->","yoast_head_json":{"title":"Veri\u017eica z imenom ljubljene osebe | Personalizirana veri\u017eica","description":"Elegantna veri\u017eica z imenom ljubljene osebe. Mo\u017enost zlate, srebrne oz. roza zlate barve. Odli\u010dno darilo zase oz. na\u0161e najbli\u017eje.","robots":{"index":"index","follow":"follow","max-snippet":"max-snippet:-1","max-image-preview":"max-image-preview:large","max-video-preview":"max-video-preview:-1"},"canonical":"http:\/\/staging.leboxi.eu\/sl\/izdelek\/verizica-infinity\/","og_locale":"sl_SI","og_type":"article","og_title":"Veri\u017eica z imenom ljubljene osebe | Personalizirana veri\u017eica","og_description":"Elegantna veri\u017eica z imenom ljubljene osebe. Mo\u017enost zlate, srebrne oz. roza zlate barve. Odli\u010dno darilo zase oz. na\u0161e najbli\u017eje.","og_url":"http:\/\/staging.leboxi.eu\/sl\/izdelek\/verizica-infinity\/","og_site_name":"Le Boxi | Unikatna darila za vsakogar","article_publisher":"https:\/\/www.facebook.com\/leboxi.eu","article_modified_time":"2025-04-13T09:08:46+00:00","og_image":[{"width":1000,"height":1000,"url":"http:\/\/staging.leboxi.eu\/wp-content\/uploads\/2024\/06\/Verizica-infinity-zlata.webp","type":"image\/webp"}],"twitter_card":"summary_large_image","twitter_misc":{"Est. reading time":"2 minuti"},"schema":{"@context":"https:\/\/schema.org","@graph":[{"@type":"WebPage","@id":"http:\/\/staging.leboxi.eu\/sl\/izdelek\/verizica-infinity\/","url":"http:\/\/staging.leboxi.eu\/sl\/izdelek\/verizica-infinity\/","name":"Veri\u017eica z imenom ljubljene osebe | Personalizirana veri\u017eica","isPartOf":{"@id":"http:\/\/staging.leboxi.eu\/sl\/#website"},"primaryImageOfPage":{"@id":"http:\/\/staging.leboxi.eu\/sl\/izdelek\/verizica-infinity\/#primaryimage"},"image":{"@id":"http:\/\/staging.leboxi.eu\/sl\/izdelek\/verizica-infinity\/#primaryimage"},"thumbnailUrl":"http:\/\/staging.leboxi.eu\/wp-content\/uploads\/2024\/06\/Verizica-infinity-zlata.webp","datePublished":"2024-06-10T20:07:25+00:00","dateModified":"2025-04-13T09:08:46+00:00","description":"Elegantna veri\u017eica z imenom ljubljene osebe. Mo\u017enost zlate, srebrne oz. roza zlate barve. Odli\u010dno darilo zase oz. na\u0161e najbli\u017eje.","breadcrumb":{"@id":"http:\/\/staging.leboxi.eu\/sl\/izdelek\/verizica-infinity\/#breadcrumb"},"inLanguage":"sl-SI","potentialAction":[{"@type":"ReadAction","target":["http:\/\/staging.leboxi.eu\/sl\/izdelek\/verizica-infinity\/"]}]},{"@type":"ImageObject","inLanguage":"sl-SI","@id":"http:\/\/staging.leboxi.eu\/sl\/izdelek\/verizica-infinity\/#primaryimage","url":"http:\/\/staging.leboxi.eu\/wp-content\/uploads\/2024\/06\/Verizica-infinity-zlata.webp","contentUrl":"http:\/\/staging.leboxi.eu\/wp-content\/uploads\/2024\/06\/Verizica-infinity-zlata.webp","width":1000,"height":1000},{"@type":"BreadcrumbList","@id":"http:\/\/staging.leboxi.eu\/sl\/izdelek\/verizica-infinity\/#breadcrumb","itemListElement":[{"@type":"ListItem","position":1,"name":"Doma","item":"http:\/\/staging.leboxi.eu\/sl\/"},{"@type":"ListItem","position":2,"name":"Trgovina","item":"http:\/\/staging.leboxi.eu\/sl\/trgovina\/"},{"@type":"ListItem","position":3,"name":"Veri\u017eica INFINITY"}]},{"@type":"WebSite","@id":"http:\/\/staging.leboxi.eu\/sl\/#website","url":"http:\/\/staging.leboxi.eu\/sl\/","name":"Le Boxi | Unikatna darila za vsakogar","description":"Unikatna darila in darilne \u0161katle za vse prilo\u017enosti.","publisher":{"@id":"http:\/\/staging.leboxi.eu\/sl\/#organization"},"potentialAction":[{"@type":"SearchAction","target":{"@type":"EntryPoint","urlTemplate":"http:\/\/staging.leboxi.eu\/sl\/?s={search_term_string}"},"query-input":{"@type":"PropertyValueSpecification","valueRequired":true,"valueName":"search_term_string"}}],"inLanguage":"sl-SI"},{"@type":"Organization","@id":"http:\/\/staging.leboxi.eu\/sl\/#organization","name":"LE BOXI","url":"http:\/\/staging.leboxi.eu\/sl\/","logo":{"@type":"ImageObject","inLanguage":"sl-SI","@id":"http:\/\/staging.leboxi.eu\/sl\/#\/schema\/logo\/image\/","url":"http:\/\/staging.leboxi.eu\/wp-content\/uploads\/2021\/02\/LeBoxi-manjsi-png.png","contentUrl":"http:\/\/staging.leboxi.eu\/wp-content\/uploads\/2021\/02\/LeBoxi-manjsi-png.png","width":389,"height":164,"caption":"LE BOXI"},"image":{"@id":"http:\/\/staging.leboxi.eu\/sl\/#\/schema\/logo\/image\/"},"sameAs":["https:\/\/www.facebook.com\/leboxi.eu","https:\/\/www.instagram.com\/le.boxi\/"]}]}},"_links":{"self":[{"href":"http:\/\/staging.leboxi.eu\/sl\/wp-json\/wp\/v2\/product\/18565","targetHints":{"allow":["GET"]}}],"collection":[{"href":"http:\/\/staging.leboxi.eu\/sl\/wp-json\/wp\/v2\/product"}],"about":[{"href":"http:\/\/staging.leboxi.eu\/sl\/wp-json\/wp\/v2\/types\/product"}],"replies":[{"embeddable":true,"href":"http:\/\/staging.leboxi.eu\/sl\/wp-json\/wp\/v2\/comments?post=18565"}],"version-history":[{"count":1,"href":"http:\/\/staging.leboxi.eu\/sl\/wp-json\/wp\/v2\/product\/18565\/revisions"}],"predecessor-version":[{"id":18594,"href":"http:\/\/staging.leboxi.eu\/sl\/wp-json\/wp\/v2\/product\/18565\/revisions\/18594"}],"wp:featuredmedia":[{"embeddable":true,"href":"http:\/\/staging.leboxi.eu\/sl\/wp-json\/wp\/v2\/media\/18582"}],"wp:attachment":[{"href":"http:\/\/staging.leboxi.eu\/sl\/wp-json\/wp\/v2\/media?parent=18565"}],"wp:term":[{"taxonomy":"product_brand","embeddable":true,"href":"http:\/\/staging.leboxi.eu\/sl\/wp-json\/wp\/v2\/product_brand?post=18565"},{"taxonomy":"product_cat","embeddable":true,"href":"http:\/\/staging.leboxi.eu\/sl\/wp-json\/wp\/v2\/product_cat?post=18565"},{"taxonomy":"product_tag","embeddable":true,"href":"http:\/\/staging.leboxi.eu\/sl\/wp-json\/wp\/v2\/product_tag?post=18565"}],"curies":[{"name":"wp","href":"https:\/\/api.w.org\/{rel}","templated":true}]}}