{"id":17623,"date":"2024-03-10T20:55:18","date_gmt":"2024-03-10T19:55:18","guid":{"rendered":"http:\/\/staging.leboxi.eu\/?post_type=product&#038;p=17623"},"modified":"2024-08-18T19:18:29","modified_gmt":"2024-08-18T18:18:29","slug":"darilna-skatla-notranja-sreca","status":"publish","type":"product","link":"http:\/\/staging.leboxi.eu\/sl\/izdelek\/darilna-skatla-notranja-sreca\/","title":{"rendered":"Darilna \u0161katla \u2013 notranja sre\u010da"},"content":{"rendered":"<p><strong>Darilno \u0161katla se lahko podari kot darilo za valentinovo ali drugo prilo\u017enost, kjer \u017eelite podariti unikatno darilo. Bo\u017eanski komplet za notranje zadovoljstvo in sre\u010do vsebuje:<\/strong><strong>\u00a0 \u00a0 \u00a0 \u00a0 \u00a0 \u00a0 <\/strong><\/p>\n<h5><strong>\u00a0 \u00a0 \u00a0 \u00a0 \u00a0 \u00a0 \u00a0 \u00a0 \u00a0 \u00a0 \u00a0 \u00a0 \u00a0 \u00a0 \u00a0\u00a0<\/strong><\/h5>\n<h6><strong>1. Naravno, ro\u010dno izdelano milo VANILIJA IN ZVEZDASTI JANE\u017d (120g)<\/strong><\/h6>\n<p>Vegansko naravno milo za roke in telo. Opojna mo\u0161usna di\u0161ava eteri\u010dnega olja zvezdastega jane\u017ea in vanilije. Milo vsebuje aktivno oglje, ki je odli\u010dno za izlo\u010danje toksinov iz ko\u017ee. V kombinaciji z eteri\u010dnim oljem jane\u017ea, bo va\u0161a ko\u017ea po uporabi tega mila mehka, gladka in sijo\u010da, pa tudi neverjetno di\u0161e\u010da.<\/p>\n<p>Sestavine: Olea Europea (Olive) Oil, Cocos Nucifera (Coconut) Oil, Butyrospermum Parkii (Shea) butter, Apricot Kernel Oil Prunus Armeniaca (Apricot) Kernel Oil Persea Gratissima, Castor Oil Ricinus Communis (Castor) Seed Oil, charcoal, Anise Essential Oil Pimpinella Ansium (Anise) Oil, Parfum, Poppyseed Papaver Orientale (Poppy) Seed, Himalayan pink salt.<\/p>\n<p>Di\u0161ava: eteri\u010dno olje zvezdastega jane\u017ea, parfum<\/p>\n<p>&nbsp;<\/p>\n<h6><strong>2. Naravno, ro\u010dno izdelano milo KAKAVOVO MASLO (120g)<\/strong><\/h6>\n<p>Milo za lase, obraz in telo iz kombinacije izvrstnih, hranljivih masel in olj, je odli\u010dno za ob\u010dutljivo ko\u017eo. Va\u0161o ko\u017eo in lase bo pustilo popolnoma mehko in navla\u017eeno. Milo iz kakavovega masla proizvaja tako bogato, kremasto peno, da se boste le ste\u017eka umaknili izpod tu\u0161a. Izdelano je iz organskega kakavovega masla, ki je odli\u010den za ob\u010dutljivo ko\u017eo. To milo je odli\u010dno tudi za umivanje obraza, hkrati pa je popolno darilo za vse \u00bb\u010dokoholike\u00ab. Ko\u017eo bo pustilo mehko, gladko, navla\u017eeno in popolnoma \u010dudovito.<\/p>\n<p>Sestavine: Sodium olivate, sodium cocoate, sodium sheabutterate, sodium sweet almondate, sodium castorate, sodium cocoa butterate, Cocoa Powder (bio)<\/p>\n<p>Di\u0161ava: brez di\u0161av<\/p>\n<h6><strong>3. Naravno, ro\u010dno izdelano milo KOZJE MLEKO IN KOREN\u010cEK (120g)<\/strong><\/h6>\n<p>Ne\u017eno in kremasto milo za obraz in telo z le kan\u010dkom eteri\u010dnega olja sivke, je odli\u010dno za ob\u010dutljivo ko\u017eo. Milo iz kozjega mleka, ki je naravni vla\u017eilec, je primerno za ljudi s suho ali ob\u010dutljivo ko\u017eo ali boleznimi kot sta ekcem in luskavica. Beta karoten v korenju je odli\u010den dodatek k va\u0161i negi ko\u017ee, korenje pa deluje tudi antisepti\u010dno in bo pomagalo tonirati ter pomladiti va\u0161o ko\u017eo. Pri izdelavi se uporablja nepredelano, surovo kozje mleko z lokalne ekolo\u0161ke kmetije.<\/p>\n<p>Sestavine: Olive oil, coconut oil, Organic, unrefined virgin shea butter, apricot kernel oil, castor oil, pureed carrots and organic goat milk, Lavender essential oil.<\/p>\n<p>Di\u0161ava: Eteri\u010dna olja prave sivke<\/p>\n<p><strong>Opombe:<\/strong><\/p>\n<p>\u27a4 Zaradi ro\u010dne izdelave, se lahko videz mila nekoliko razlikuje od tistega na sliki.<\/p>\n<p>\u27a4 Mila so pakirana v ve\u010djih koli\u010dinah, kot je obi\u010dajno za naravna, ro\u010dno izdelana mila \u2013 120g.<\/p>\n<p>&nbsp;<\/p>\n<h6><strong>4. Himalajska kopalna sol (35g)\/ \u010cUTNOST: eteri\u010dna olja Ylang Ylang + kokosovo olje <\/strong><\/h6>\n<p>Himalajska sol bogata z minerali, pre\u017eeta s 100% eteri\u010dnimi olji, kokosovim oljem in suhimi cvetnimi listi vrtnic. Ker je himalajska sol tako bogata z minerali (natan\u010dneje 84 minerali), namakanje v slani vodi pomirja in obnavlja po\u0161kodovano ko\u017eo ter spodbuja obnovo celic. Dodana olja pa ko\u017eo \u0161e dodatno nahranijo in navla\u017eijo. Ko si za\u017eelite razvajanja le dodajte 2-3 \u010dajne \u017eli\u010dke kopalne soli v toplo vodo v va\u0161i kadi in u\u017eivajte v aromateri\u010dni kopeli.<\/p>\n<p>SESTAVINE: Sodium Chloride, Rose Centifolia Flowers, Cananga Odorata Oil, Cocos Nucifera oil, *Linalool, *Benzyl Benzoate, Farnesol. *Naravne sestavine eteri\u010dnih olj<\/p>\n<p>&nbsp;<\/p>\n<h6><strong>5. Aromati\u010dna sojina di\u0161e\u010da sve\u010dka<\/strong><\/h6>\n<p>z vonjem vijolic, narejena iz sojinega voska, ki je obnovljiv vir in kar 3% di\u0161e\u010dega olja, ki bo priklicala v spomin pomladne vonjave cveto\u010dih vijolic. Sojina sve\u010dka omogo\u010da ne\u017enej\u0161i plamen, \u010distej\u0161i vonj in dolgotrajnej\u0161e gorenje. Izdelane so iz visokokakovostnega \u010distega voska in olja hidrirane soje.<\/p>\n<p>NASVET: Ob prvi uporabi pustite sve\u010do goreti pribli\u017eno 2 uri, da bo va\u0161a sve\u010da ustvarila prvotni izgorevalni spomin. To bo pove\u010dalo vonj in celovitej\u0161e topljenje voska. Stenj naj bo vedno v sredini.<\/p>\n<p>&nbsp;<\/p>\n<h6><strong>6. V\u017eigalice.<\/strong><\/h6>\n<p>&nbsp;<\/p>\n<h6><strong>7. Vre\u010dka iz jute.<\/strong><\/h6>\n<p>&nbsp;<\/p>\n<h6>Dodatno:<\/h6>\n<p>Darilnemu setu lahko prilo\u017eite tudi\u00a0<strong>personalizirano \u010destitko<\/strong> (+2,95 eur). Darila \u0161katla je odli\u010dno darilo za valentinovo ali drugo prilo\u017enost.<\/p>\n<p>\u010ce \u017eelite bomo va\u0161e darilo obdarovancu dostavili mi, seveda pa ob dostavi ne bomo prilo\u017eili ra\u010duna. Le-tega boste prejeli vi.<\/p>\n<p>&nbsp;<\/p>\n<p>Za piko na i lahko svoj darilni set nadgradite z\u00a0<a href=\"http:\/\/staging.leboxi.eu\/blog\/posvetilo-darilni-listki\/\">darilnimi listi\u010di<\/a> za izdelavo katerih navodila najdete na na\u0161em blogu.<\/p>\n<p><script type=\"application\/ld+json\">\n{\n  \"@context\": \"https:\/\/schema.org\/\", \n  \"@type\": \"Product\", \n  \"name\": \"Darilna \u0161katla - notranja sre\u010da\",\n  \"image\": \"http:\/\/staging.leboxi.eu\/wp-content\/uploads\/2021\/04\/Izdelek-108-of-339.jpg\",\n  \"description\": \"Pri\u010dnite svoje potovanje v svet naravne nege ko\u017ee! Ta komplet 3 ro\u010dno izdelanih naravnih negovalnih mil iz najbolj\u0161ih sestavin pode\u017eelja ju\u017ene Francije, bo va\u0161o ko\u017eo pustil izredno mehko, negovano in di\u0161e\u010do. V ne\u017eni slami boste na\u0161li tudi epruveto hranljive himalajske kopalne soli, s katerimi bodo va\u0161e kopeli \u0161e bolj negovalne in spro\u0161\u010dujo\u010de ter aromati\u010dno sve\u010dko z opojnim vonjem. Prilo\u017eene so tudi v\u017eigalice v dekorativni vre\u010dki iz jute. Privo\u0161\u010dite svoji ko\u017ei le najbolj\u0161e! Odli\u010dno darilo za va\u0161o najdra\u017ejo za prilo\u017enost kot je valentinovo.<\/p>\n<p>Na\u0161a naravna mila so pakirana v ve\u010djih koli\u010dinah, kot je obi\u010dajno za naravna, ro\u010dno izdelana mila \u2013 120g. V \u0161katlo lahko prilo\u017eite tudi personalizirano \u010destitko (za dopla\u010dilo). Unikatno darilo za valentinovo, obletnico ali rojstni dan.<\/p>\n<p>Darilna \u0161katla vsebuje:<\/p>\n<p>3x naravno ro\u010dno izdelano milo (3x 120g)\n1x himalajska kopalna sol v epruveti (35g),\n1x aromati\u010dna sojina sve\u010dka,\nv\u017eigalice,\n1x dekorativna vre\u010dka iz jute.\",\n  \"brand\": \"Le Boxi\",\n  \"sku\": \"K-11\",\n  \"offers\": {\n    \"@type\": \"Offer\",\n    \"url\": \"http:\/\/staging.leboxi.eu\/izdelki\/darilo-za-valentinovo\/\",\n    \"priceCurrency\": \"EUR\",\n    \"price\": \"40.2\",\n    \"priceValidUntil\": \"2023-12-31\",\n    \"availability\": \"https:\/\/schema.org\/InStock\",\n    \"itemCondition\": \"https:\/\/schema.org\/NewCondition\"\n  },\n  \"aggregateRating\": {\n    \"@type\": \"AggregateRating\",\n    \"ratingValue\": \"4.8\",\n    \"bestRating\": \"5\",\n    \"worstRating\": \"1\",\n    \"ratingCount\": \"4\"\n  }\n}\n<\/script><\/p>\n<p>&nbsp;<\/p>\n","protected":false},"excerpt":{"rendered":"<p>Pri\u010dnite svoje potovanje v svet naravne nege ko\u017ee! Ta komplet 3 ro\u010dno izdelanih naravnih negovalnih mil iz najbolj\u0161ih sestavin pode\u017eelja ju\u017ene Francije, bo va\u0161o ko\u017eo pustil izredno mehko, negovano in di\u0161e\u010do. V ne\u017eni slami boste na\u0161li tudi epruveto hranljive himalajske kopalne soli, s katerimi bodo va\u0161e kopeli \u0161e bolj negovalne in spro\u0161\u010dujo\u010de ter aromati\u010dno sve\u010dko z opojnim vonjem. Prilo\u017eene so tudi v\u017eigalice v dekorativni vre\u010dki iz jute. Privo\u0161\u010dite svoji ko\u017ei le najbolj\u0161e! Odli\u010dno darilo za va\u0161o najdra\u017ejo za prilo\u017enost kot je valentinovo.<\/p>\n<p>Na\u0161a naravna mila so pakirana v ve\u010djih koli\u010dinah, kot je obi\u010dajno za naravna, ro\u010dno izdelana mila \u2013 120g. V \u0161katlo lahko prilo\u017eite tudi personalizirano \u010destitko (za dopla\u010dilo). Unikatno darilo za valentinovo, obletnico ali rojstni dan.<\/p>\n<p>Darilna \u0161katla vsebuje:<\/p>\n<ul>\n<li>3x naravno ro\u010dno izdelano milo (3x 120g)<\/li>\n<li>1x himalajska kopalna sol v epruveti (35g),<\/li>\n<li>1x aromati\u010dna sojina sve\u010dka,<\/li>\n<li>v\u017eigalice,<\/li>\n<li>1x dekorativna vre\u010dka iz jute.<\/li>\n<\/ul>\n<p>&nbsp;<\/p>\n<p>\u010ce \u017eelite bomo va\u0161e darilo obdarovancu dostavili mi, seveda pa ob dostavi ne bomo prilo\u017eili ra\u010duna. Le-tega boste prejeli vi.<\/p>\n<p>Podroben opis si lahko preberete spodaj.<\/p>\n","protected":false},"featured_media":2634,"comment_status":"open","ping_status":"closed","template":"","meta":{"site-sidebar-layout":"default","site-content-layout":"default","ast-site-content-layout":"default","site-content-style":"default","site-sidebar-style":"default","ast-global-header-display":"","ast-banner-title-visibility":"","ast-main-header-display":"","ast-hfb-above-header-display":"","ast-hfb-below-header-display":"","ast-hfb-mobile-header-display":"","site-post-title":"","ast-breadcrumbs-content":"","ast-featured-img":"","footer-sml-layout":"","theme-transparent-header-meta":"default","adv-header-id-meta":"","stick-header-meta":"","header-above-stick-meta":"","header-main-stick-meta":"","header-below-stick-meta":"","astra-migrate-meta-layouts":"set","ast-page-background-enabled":"default","ast-page-background-meta":{"desktop":{"background-color":"","background-image":"","background-repeat":"repeat","background-position":"center center","background-size":"auto","background-attachment":"scroll","background-type":"","background-media":"","overlay-type":"","overlay-color":"","overlay-opacity":"","overlay-gradient":""},"tablet":{"background-color":"","background-image":"","background-repeat":"repeat","background-position":"center center","background-size":"auto","background-attachment":"scroll","background-type":"","background-media":"","overlay-type":"","overlay-color":"","overlay-opacity":"","overlay-gradient":""},"mobile":{"background-color":"","background-image":"","background-repeat":"repeat","background-position":"center center","background-size":"auto","background-attachment":"scroll","background-type":"","background-media":"","overlay-type":"","overlay-color":"","overlay-opacity":"","overlay-gradient":""}},"ast-content-background-meta":{"desktop":{"background-color":"var(--ast-global-color-5)","background-image":"","background-repeat":"repeat","background-position":"center center","background-size":"auto","background-attachment":"scroll","background-type":"","background-media":"","overlay-type":"","overlay-color":"","overlay-opacity":"","overlay-gradient":""},"tablet":{"background-color":"var(--ast-global-color-5)","background-image":"","background-repeat":"repeat","background-position":"center center","background-size":"auto","background-attachment":"scroll","background-type":"","background-media":"","overlay-type":"","overlay-color":"","overlay-opacity":"","overlay-gradient":""},"mobile":{"background-color":"var(--ast-global-color-5)","background-image":"","background-repeat":"repeat","background-position":"center center","background-size":"auto","background-attachment":"scroll","background-type":"","background-media":"","overlay-type":"","overlay-color":"","overlay-opacity":"","overlay-gradient":""}}},"product_brand":[],"product_cat":[357],"product_tag":[],"class_list":{"0":"post-17623","1":"product","2":"type-product","3":"status-publish","4":"has-post-thumbnail","6":"product_cat-ni-na-zalogi","7":"desktop-align-left","8":"tablet-align-left","9":"mobile-align-left","11":"first","12":"outofstock","13":"taxable","14":"shipping-taxable","15":"purchasable","16":"product-type-simple"},"yoast_head":"<!-- This site is optimized with the Yoast SEO plugin v25.2 - https:\/\/yoast.com\/wordpress\/plugins\/seo\/ -->\n<title>Darilo za valentinovo | Darilna \u0161katla - Notranja sre\u010da | Le Boxi<\/title>\n<meta name=\"description\" content=\"Set vsebuje 3 naravna mila iz najbolj\u0161ih sestavin pode\u017eelja ju\u017ene Francije, epruveto hranljive himalajske kopalne soli ter di\u0161e\u010do sve\u010dko z opojnim vonjem. Odli\u010dno darilo za valentinovo.\" \/>\n<meta name=\"robots\" content=\"index, follow, max-snippet:-1, max-image-preview:large, max-video-preview:-1\" \/>\n<link rel=\"canonical\" href=\"http:\/\/staging.leboxi.eu\/sl\/izdelek\/darilna-skatla-notranja-sreca\/\" \/>\n<meta property=\"og:locale\" content=\"sl_SI\" \/>\n<meta property=\"og:type\" content=\"article\" \/>\n<meta property=\"og:title\" content=\"Darilo za valentinovo | Darilna \u0161katla - Notranja sre\u010da | Le Boxi\" \/>\n<meta property=\"og:description\" content=\"Set vsebuje 3 naravna mila iz najbolj\u0161ih sestavin pode\u017eelja ju\u017ene Francije, epruveto hranljive himalajske kopalne soli ter di\u0161e\u010do sve\u010dko z opojnim vonjem. Odli\u010dno darilo za valentinovo.\" \/>\n<meta property=\"og:url\" content=\"http:\/\/staging.leboxi.eu\/sl\/izdelek\/darilna-skatla-notranja-sreca\/\" \/>\n<meta property=\"og:site_name\" content=\"Le Boxi | Unikatna darila za vsakogar\" \/>\n<meta property=\"article:publisher\" content=\"https:\/\/www.facebook.com\/leboxi.eu\" \/>\n<meta property=\"article:modified_time\" content=\"2024-08-18T18:18:29+00:00\" \/>\n<meta property=\"og:image\" content=\"http:\/\/staging.leboxi.eu\/wp-content\/uploads\/2021\/04\/Izdelek-108-of-339.jpg\" \/>\n\t<meta property=\"og:image:width\" content=\"1000\" \/>\n\t<meta property=\"og:image:height\" content=\"1000\" \/>\n\t<meta property=\"og:image:type\" content=\"image\/jpeg\" \/>\n<meta name=\"twitter:card\" content=\"summary_large_image\" \/>\n<meta name=\"twitter:label1\" content=\"Est. reading time\" \/>\n\t<meta name=\"twitter:data1\" content=\"3 minute\" \/>\n<script type=\"application\/ld+json\" class=\"yoast-schema-graph\">{\"@context\":\"https:\/\/schema.org\",\"@graph\":[{\"@type\":\"WebPage\",\"@id\":\"http:\/\/staging.leboxi.eu\/sl\/izdelek\/darilna-skatla-notranja-sreca\/\",\"url\":\"http:\/\/staging.leboxi.eu\/sl\/izdelek\/darilna-skatla-notranja-sreca\/\",\"name\":\"Darilo za valentinovo | Darilna \u0161katla - Notranja sre\u010da | Le Boxi\",\"isPartOf\":{\"@id\":\"http:\/\/staging.leboxi.eu\/sl\/#website\"},\"primaryImageOfPage\":{\"@id\":\"http:\/\/staging.leboxi.eu\/sl\/izdelek\/darilna-skatla-notranja-sreca\/#primaryimage\"},\"image\":{\"@id\":\"http:\/\/staging.leboxi.eu\/sl\/izdelek\/darilna-skatla-notranja-sreca\/#primaryimage\"},\"thumbnailUrl\":\"http:\/\/staging.leboxi.eu\/wp-content\/uploads\/2021\/04\/Izdelek-108-of-339.jpg\",\"datePublished\":\"2024-03-10T19:55:18+00:00\",\"dateModified\":\"2024-08-18T18:18:29+00:00\",\"description\":\"Set vsebuje 3 naravna mila iz najbolj\u0161ih sestavin pode\u017eelja ju\u017ene Francije, epruveto hranljive himalajske kopalne soli ter di\u0161e\u010do sve\u010dko z opojnim vonjem. Odli\u010dno darilo za valentinovo.\",\"breadcrumb\":{\"@id\":\"http:\/\/staging.leboxi.eu\/sl\/izdelek\/darilna-skatla-notranja-sreca\/#breadcrumb\"},\"inLanguage\":\"sl-SI\",\"potentialAction\":[{\"@type\":\"ReadAction\",\"target\":[\"http:\/\/staging.leboxi.eu\/sl\/izdelek\/darilna-skatla-notranja-sreca\/\"]}]},{\"@type\":\"ImageObject\",\"inLanguage\":\"sl-SI\",\"@id\":\"http:\/\/staging.leboxi.eu\/sl\/izdelek\/darilna-skatla-notranja-sreca\/#primaryimage\",\"url\":\"http:\/\/staging.leboxi.eu\/wp-content\/uploads\/2021\/04\/Izdelek-108-of-339.jpg\",\"contentUrl\":\"http:\/\/staging.leboxi.eu\/wp-content\/uploads\/2021\/04\/Izdelek-108-of-339.jpg\",\"width\":1000,\"height\":1000,\"caption\":\"Darilna \u0161katla s tremi naravnimi ro\u010dno izdelanimi mili, di\u0161e\u010do sve\u010do z vonjem vijolic, kopalno soljo v epriceti\"},{\"@type\":\"BreadcrumbList\",\"@id\":\"http:\/\/staging.leboxi.eu\/sl\/izdelek\/darilna-skatla-notranja-sreca\/#breadcrumb\",\"itemListElement\":[{\"@type\":\"ListItem\",\"position\":1,\"name\":\"Doma\",\"item\":\"http:\/\/staging.leboxi.eu\/sl\/\"},{\"@type\":\"ListItem\",\"position\":2,\"name\":\"Trgovina\",\"item\":\"http:\/\/staging.leboxi.eu\/sl\/trgovina\/\"},{\"@type\":\"ListItem\",\"position\":3,\"name\":\"Darilna \u0161katla \u2013 notranja sre\u010da\"}]},{\"@type\":\"WebSite\",\"@id\":\"http:\/\/staging.leboxi.eu\/sl\/#website\",\"url\":\"http:\/\/staging.leboxi.eu\/sl\/\",\"name\":\"Le Boxi | Unikatna darila za vsakogar\",\"description\":\"Unikatna darila in darilne \u0161katle za vse prilo\u017enosti.\",\"publisher\":{\"@id\":\"http:\/\/staging.leboxi.eu\/sl\/#organization\"},\"potentialAction\":[{\"@type\":\"SearchAction\",\"target\":{\"@type\":\"EntryPoint\",\"urlTemplate\":\"http:\/\/staging.leboxi.eu\/sl\/?s={search_term_string}\"},\"query-input\":{\"@type\":\"PropertyValueSpecification\",\"valueRequired\":true,\"valueName\":\"search_term_string\"}}],\"inLanguage\":\"sl-SI\"},{\"@type\":\"Organization\",\"@id\":\"http:\/\/staging.leboxi.eu\/sl\/#organization\",\"name\":\"LE BOXI\",\"url\":\"http:\/\/staging.leboxi.eu\/sl\/\",\"logo\":{\"@type\":\"ImageObject\",\"inLanguage\":\"sl-SI\",\"@id\":\"http:\/\/staging.leboxi.eu\/sl\/#\/schema\/logo\/image\/\",\"url\":\"http:\/\/staging.leboxi.eu\/wp-content\/uploads\/2021\/02\/LeBoxi-manjsi-png.png\",\"contentUrl\":\"http:\/\/staging.leboxi.eu\/wp-content\/uploads\/2021\/02\/LeBoxi-manjsi-png.png\",\"width\":389,\"height\":164,\"caption\":\"LE BOXI\"},\"image\":{\"@id\":\"http:\/\/staging.leboxi.eu\/sl\/#\/schema\/logo\/image\/\"},\"sameAs\":[\"https:\/\/www.facebook.com\/leboxi.eu\",\"https:\/\/www.instagram.com\/le.boxi\/\"]}]}<\/script>\n<!-- \/ Yoast SEO plugin. -->","yoast_head_json":{"title":"Darilo za valentinovo | Darilna \u0161katla - Notranja sre\u010da | Le Boxi","description":"Set vsebuje 3 naravna mila iz najbolj\u0161ih sestavin pode\u017eelja ju\u017ene Francije, epruveto hranljive himalajske kopalne soli ter di\u0161e\u010do sve\u010dko z opojnim vonjem. Odli\u010dno darilo za valentinovo.","robots":{"index":"index","follow":"follow","max-snippet":"max-snippet:-1","max-image-preview":"max-image-preview:large","max-video-preview":"max-video-preview:-1"},"canonical":"http:\/\/staging.leboxi.eu\/sl\/izdelek\/darilna-skatla-notranja-sreca\/","og_locale":"sl_SI","og_type":"article","og_title":"Darilo za valentinovo | Darilna \u0161katla - Notranja sre\u010da | Le Boxi","og_description":"Set vsebuje 3 naravna mila iz najbolj\u0161ih sestavin pode\u017eelja ju\u017ene Francije, epruveto hranljive himalajske kopalne soli ter di\u0161e\u010do sve\u010dko z opojnim vonjem. Odli\u010dno darilo za valentinovo.","og_url":"http:\/\/staging.leboxi.eu\/sl\/izdelek\/darilna-skatla-notranja-sreca\/","og_site_name":"Le Boxi | Unikatna darila za vsakogar","article_publisher":"https:\/\/www.facebook.com\/leboxi.eu","article_modified_time":"2024-08-18T18:18:29+00:00","og_image":[{"width":1000,"height":1000,"url":"http:\/\/staging.leboxi.eu\/wp-content\/uploads\/2021\/04\/Izdelek-108-of-339.jpg","type":"image\/jpeg"}],"twitter_card":"summary_large_image","twitter_misc":{"Est. reading time":"3 minute"},"schema":{"@context":"https:\/\/schema.org","@graph":[{"@type":"WebPage","@id":"http:\/\/staging.leboxi.eu\/sl\/izdelek\/darilna-skatla-notranja-sreca\/","url":"http:\/\/staging.leboxi.eu\/sl\/izdelek\/darilna-skatla-notranja-sreca\/","name":"Darilo za valentinovo | Darilna \u0161katla - Notranja sre\u010da | Le Boxi","isPartOf":{"@id":"http:\/\/staging.leboxi.eu\/sl\/#website"},"primaryImageOfPage":{"@id":"http:\/\/staging.leboxi.eu\/sl\/izdelek\/darilna-skatla-notranja-sreca\/#primaryimage"},"image":{"@id":"http:\/\/staging.leboxi.eu\/sl\/izdelek\/darilna-skatla-notranja-sreca\/#primaryimage"},"thumbnailUrl":"http:\/\/staging.leboxi.eu\/wp-content\/uploads\/2021\/04\/Izdelek-108-of-339.jpg","datePublished":"2024-03-10T19:55:18+00:00","dateModified":"2024-08-18T18:18:29+00:00","description":"Set vsebuje 3 naravna mila iz najbolj\u0161ih sestavin pode\u017eelja ju\u017ene Francije, epruveto hranljive himalajske kopalne soli ter di\u0161e\u010do sve\u010dko z opojnim vonjem. Odli\u010dno darilo za valentinovo.","breadcrumb":{"@id":"http:\/\/staging.leboxi.eu\/sl\/izdelek\/darilna-skatla-notranja-sreca\/#breadcrumb"},"inLanguage":"sl-SI","potentialAction":[{"@type":"ReadAction","target":["http:\/\/staging.leboxi.eu\/sl\/izdelek\/darilna-skatla-notranja-sreca\/"]}]},{"@type":"ImageObject","inLanguage":"sl-SI","@id":"http:\/\/staging.leboxi.eu\/sl\/izdelek\/darilna-skatla-notranja-sreca\/#primaryimage","url":"http:\/\/staging.leboxi.eu\/wp-content\/uploads\/2021\/04\/Izdelek-108-of-339.jpg","contentUrl":"http:\/\/staging.leboxi.eu\/wp-content\/uploads\/2021\/04\/Izdelek-108-of-339.jpg","width":1000,"height":1000,"caption":"Darilna \u0161katla s tremi naravnimi ro\u010dno izdelanimi mili, di\u0161e\u010do sve\u010do z vonjem vijolic, kopalno soljo v epriceti"},{"@type":"BreadcrumbList","@id":"http:\/\/staging.leboxi.eu\/sl\/izdelek\/darilna-skatla-notranja-sreca\/#breadcrumb","itemListElement":[{"@type":"ListItem","position":1,"name":"Doma","item":"http:\/\/staging.leboxi.eu\/sl\/"},{"@type":"ListItem","position":2,"name":"Trgovina","item":"http:\/\/staging.leboxi.eu\/sl\/trgovina\/"},{"@type":"ListItem","position":3,"name":"Darilna \u0161katla \u2013 notranja sre\u010da"}]},{"@type":"WebSite","@id":"http:\/\/staging.leboxi.eu\/sl\/#website","url":"http:\/\/staging.leboxi.eu\/sl\/","name":"Le Boxi | Unikatna darila za vsakogar","description":"Unikatna darila in darilne \u0161katle za vse prilo\u017enosti.","publisher":{"@id":"http:\/\/staging.leboxi.eu\/sl\/#organization"},"potentialAction":[{"@type":"SearchAction","target":{"@type":"EntryPoint","urlTemplate":"http:\/\/staging.leboxi.eu\/sl\/?s={search_term_string}"},"query-input":{"@type":"PropertyValueSpecification","valueRequired":true,"valueName":"search_term_string"}}],"inLanguage":"sl-SI"},{"@type":"Organization","@id":"http:\/\/staging.leboxi.eu\/sl\/#organization","name":"LE BOXI","url":"http:\/\/staging.leboxi.eu\/sl\/","logo":{"@type":"ImageObject","inLanguage":"sl-SI","@id":"http:\/\/staging.leboxi.eu\/sl\/#\/schema\/logo\/image\/","url":"http:\/\/staging.leboxi.eu\/wp-content\/uploads\/2021\/02\/LeBoxi-manjsi-png.png","contentUrl":"http:\/\/staging.leboxi.eu\/wp-content\/uploads\/2021\/02\/LeBoxi-manjsi-png.png","width":389,"height":164,"caption":"LE BOXI"},"image":{"@id":"http:\/\/staging.leboxi.eu\/sl\/#\/schema\/logo\/image\/"},"sameAs":["https:\/\/www.facebook.com\/leboxi.eu","https:\/\/www.instagram.com\/le.boxi\/"]}]}},"_links":{"self":[{"href":"http:\/\/staging.leboxi.eu\/sl\/wp-json\/wp\/v2\/product\/17623","targetHints":{"allow":["GET"]}}],"collection":[{"href":"http:\/\/staging.leboxi.eu\/sl\/wp-json\/wp\/v2\/product"}],"about":[{"href":"http:\/\/staging.leboxi.eu\/sl\/wp-json\/wp\/v2\/types\/product"}],"replies":[{"embeddable":true,"href":"http:\/\/staging.leboxi.eu\/sl\/wp-json\/wp\/v2\/comments?post=17623"}],"version-history":[{"count":1,"href":"http:\/\/staging.leboxi.eu\/sl\/wp-json\/wp\/v2\/product\/17623\/revisions"}],"predecessor-version":[{"id":19445,"href":"http:\/\/staging.leboxi.eu\/sl\/wp-json\/wp\/v2\/product\/17623\/revisions\/19445"}],"wp:featuredmedia":[{"embeddable":true,"href":"http:\/\/staging.leboxi.eu\/sl\/wp-json\/wp\/v2\/media\/2634"}],"wp:attachment":[{"href":"http:\/\/staging.leboxi.eu\/sl\/wp-json\/wp\/v2\/media?parent=17623"}],"wp:term":[{"taxonomy":"product_brand","embeddable":true,"href":"http:\/\/staging.leboxi.eu\/sl\/wp-json\/wp\/v2\/product_brand?post=17623"},{"taxonomy":"product_cat","embeddable":true,"href":"http:\/\/staging.leboxi.eu\/sl\/wp-json\/wp\/v2\/product_cat?post=17623"},{"taxonomy":"product_tag","embeddable":true,"href":"http:\/\/staging.leboxi.eu\/sl\/wp-json\/wp\/v2\/product_tag?post=17623"}],"curies":[{"name":"wp","href":"https:\/\/api.w.org\/{rel}","templated":true}]}}