{"id":17606,"date":"2024-03-10T20:36:32","date_gmt":"2024-03-10T19:36:32","guid":{"rendered":"http:\/\/staging.leboxi.eu\/?post_type=product&#038;p=17606"},"modified":"2024-08-18T19:18:58","modified_gmt":"2024-08-18T18:18:58","slug":"darilna-skatla-5-minut-zame","status":"publish","type":"product","link":"http:\/\/staging.leboxi.eu\/sl\/izdelek\/darilna-skatla-5-minut-zame\/","title":{"rendered":"Darilna \u0161katla \u2013 5 minut zame"},"content":{"rendered":"<p><strong>Le Boxi-jeva darila za mame, punce in vse \u017eenske bodo razveselila \u0161e najbolj zahtevne prejemnice. Set\u00a0 5 minut zame ki vsebuje:<\/strong><\/p>\n<p>&nbsp;<\/p>\n<ol>\n<li>\n<h6><strong>Naravno, ro\u010dno izdelano milo VANILIJA IN ZVEZDASTI JANE\u017d (120g)<\/strong><\/h6>\n<\/li>\n<\/ol>\n<p>Vegansko milo za roke in telo. Opojna mo\u0161usna di\u0161ava eteri\u010dnega olja zvezdastega jane\u017ea in vanilije. Milo vsebuje aktivno oglje, ki je odli\u010dno za izlo\u010danje toksinov iz ko\u017ee. V kombinaciji z eteri\u010dnim oljem jane\u017ea, bo va\u0161a ko\u017ea po uporabi tega mila mehka, gladka in sijo\u010da, pa tudi neverjetno di\u0161e\u010da.<\/p>\n<p>Sestavine: Olea Europea (Olive) Oil, Cocos Nucifera (Coconut) Oil, Butyrospermum Parkii (Shea) butter, Apricot Kernel Oil Prunus Armeniaca (Apricot) Kernel Oil Persea Gratissima, Castor Oil Ricinus Communis (Castor) Seed Oil, charcoal, Anise Essential Oil Pimpinella Ansium (Anise) Oil, Parfum, Poppyseed Papaver Orientale (Poppy) Seed, Himalayan pink salt.<\/p>\n<p>Di\u0161ava: eteri\u010dno olje zvezdastega jane\u017ea, parfum<\/p>\n<p>&nbsp;<\/p>\n<ol start=\"2\">\n<li>\n<h6><strong>Naravno, ro\u010dno izdelano milo KURKUMA S POMARAN\u010cO, NAGELJNOVE \u017dBICE IN PA\u010cULI (120g) -&gt;<\/strong><\/h6>\n<p><strong>Zaradi pomanjkanja zalog je v \u0161katli prilo\u017eeno ro\u010dno narejeno milo v Franciji (kozje mleko in koren\u010dek)<\/strong><\/li>\n<\/ol>\n<p>Di\u0161e\u010de milo za obraz in telo. Kurkuma ima mo\u010dne antioksidativne in zdravilne lastnosti in je zelo u\u010dinkovita pri zdravljenju \u0161tevilnih ko\u017enih te\u017eav. Znanstveno je dokazano, da je u\u010dinkovita pri zdravljenju aken, ekcemov, izpu\u0161\u010dajev, vnetij in podplutb. Kurkuma ima tudi antibakterijske lastnosti, ki pomagajo zdraviti rane in pospe\u0161ijo celjenje, zato prepre\u010dujejo \u0161irjenje oku\u017ebe. \u010cudovita aroma mila vas bo na ko\u017ei spremljala \u0161e ure po kopanju.<\/p>\n<p>Sestavine: Sodium olivate, sodium cocoate, sodium sheabutterate, sodium sweet almondate, sodium castorate, sodium hempate, Turmeric\/Tumeric\/Haldi Curcuma Longa (Turmeric), Citrus Sinesis (Orange) Peel Oil, Pogostemon Cablin (Patchuli) Oil, Eugenia Caryophyllus (Clove) Flower Oil, Cinnamomum Cassia (Cinnamon) Bark, Citrus Aurantium Dulcis (Orange) Peel, Pimpinella Anisum<\/p>\n<p>Di\u0161ava: Eteri\u010dna olja pomaran\u010de, nageljnovih \u017ebic in pa\u010dulija<\/p>\n<p><strong>Opombe:<\/strong><\/p>\n<p>\u27a4 Zaradi ro\u010dne izdelave, se lahko videz mila nekoliko razlikuje od tistega na sliki.<\/p>\n<p>\u27a4 Mila so pakirana v ve\u010djih koli\u010dinah, kot je obi\u010dajno za naravna, ro\u010dno izdelana mila \u2013 120g.<\/p>\n<p>&nbsp;<\/p>\n<ol start=\"3\">\n<li>\n<h6><strong>Himalajska kopalna sol (35g) \/ PO\u017dIVITEV: eteri\u010dna olja limone, ingverja in pomaran\u010de + olje avokada<\/strong><\/h6>\n<\/li>\n<\/ol>\n<p>je bogata z minerali, pre\u017eeta s 100% eteri\u010dnimi olji, avokadovim oljem in cvetovi ognji\u010da. Ker je himalajska sol tako bogata z minerali (natan\u010dneje 84 minerali), namakanje v slani vodi pomirja in obnavlja po\u0161kodovano ko\u017eo ter spodbuja obnovo celic. Dodana olja pa ko\u017eo \u0161e dodatno nahranijo in navla\u017eijo. Ko si za\u017eelite razvajanja le dodajte 2-3 \u010dajne \u017eli\u010dke kopalne soli v toplo vodo v va\u0161i kadi in u\u017eivajte v aromateri\u010dni kopeli.<\/p>\n<p>SESTAVINE: Sodium Chloride, Persea Gratissima Oil, Calendula Officinalis Flowers, Citrus Limon Oil, Citrus Sinensis Oil, Zingiber Officinale, *Limonene. *Geraniol. *Naravne sestavine eteri\u010dnih olj<\/p>\n<p>&nbsp;<\/p>\n<ol start=\"4\">\n<li>\n<h6><strong>Himalajska kopalna sol (35g)\/ \u010cUTNOST: eteri\u010dna olja Ylang Ylang + kokosovo olje <\/strong><\/h6>\n<\/li>\n<\/ol>\n<p>Himalajska sol bogata z minerali, pre\u017eeta s 100% eteri\u010dnimi olji, kokosovim oljem in suhimi cvetnimi listi vrtnic. Ker je himalajska sol tako bogata z minerali (natan\u010dneje 84 minerali), namakanje v slani vodi pomirja in obnavlja po\u0161kodovano ko\u017eo ter spodbuja obnovo celic. Dodana olja pa ko\u017eo \u0161e dodatno nahranijo in navla\u017eijo. Ko si za\u017eelite razvajanja le dodajte 2-3 \u010dajne \u017eli\u010dke kopalne soli v toplo vodo v va\u0161i kadi in u\u017eivajte v aromateri\u010dni kopeli.<\/p>\n<p>SESTAVINE: Sodium Chloride, Rose Centifolia Flowers, Cananga Odorata Oil, Cocos Nucifera oil, *Linalool, *Benzyl Benzoate, Farnesol. *Naravne sestavine eteri\u010dnih olj<\/p>\n<p>&nbsp;<\/p>\n<ol start=\"5\">\n<li>\n<h6><strong>Himalajska Kopalna sol (35g)\/ REVITALIZACIJA KO\u017dE: Eteri\u010dna olja krvomo\u010dnice in grenivke + olje vitamina E <\/strong><\/h6>\n<\/li>\n<\/ol>\n<p>Himalajska sol bogata z minerali, pre\u017eeta s 100% eteri\u010dnimi olji, oljem vitamina E in cvetovi kamilice. Ker je himalajska sol tako bogata z minerali (natan\u010dneje 84 minerali), namakanje v slani vodi pomirja in obnavlja po\u0161kodovano ko\u017eo ter spodbuja obnovo celic. Dodana olja pa ko\u017eo \u0161e dodatno nahranijo in navla\u017eijo. Ko si za\u017eelite razvajanja le dodajte 2-3 \u010dajne \u017eli\u010dke kopalne soli v toplo vodo v va\u0161i kadi in u\u017eivajte v aromateri\u010dni kopeli.<\/p>\n<p>SESTAVINE: Sodium Chloride, Citrus Paradisi Oil, Pelargonium Graveolens Oil, Matricaria Recutita Flowers, Triticum Vulgare Oil, Tocopherol, *Limonene, *Citronellol, *Geraniol, *Linalool . *Naravne sestavine eteri\u010dnih olje<\/p>\n<h6><\/h6>\n<h6>Dodatno:<\/h6>\n<p>Darilnemu setu lahko prilo\u017eite tudi\u00a0<strong>personalizirano \u010destitko<\/strong>\u00a0(+2,95 eur).<\/p>\n<p>\u010ce \u017eelite bomo va\u0161e darilo obdarovancu dostavili mi, seveda pa ob dostavi ne bomo prilo\u017eili ra\u010duna. Le-tega boste prejeli vi.<\/p>\n<p>&nbsp;<\/p>\n<p>Za piko na i lahko svoj darilni set nadgradite z\u00a0<a href=\"http:\/\/staging.leboxi.eu\/blog\/posvetilo-darilni-listki\/\">darilnimi listi\u010di<\/a> za izdelavo katerih navodila najdete na na\u0161em blogu. Darilni seti so odli\u010dna darila za mame, prijateljice ali punce.<\/p>\n<p><script type=\"application\/ld+json\">\n{\n  \"@context\": \"https:\/\/schema.org\/\", \n  \"@type\": \"Product\", \n  \"name\": \"Darilna \u0161katla \u2013 5 minut zame\",\n  \"image\": \"http:\/\/staging.leboxi.eu\/wp-content\/uploads\/2021\/04\/Izdelek-104-of-339.jpg\",\n  \"description\": \"Pri\u010dnite svoje potovanje v svet naravne nege ko\u017ee! Ta komplet 2 ro\u010dno izdelanih naravnih negovalnih mil iz najbolj\u0161ih sestavin pode\u017eelja ju\u017ene Francije, bo va\u0161o ko\u017eo pustil izredno mehko, negovano in di\u0161e\u010do. V ne\u017eni slami boste na\u0161li tudi kar 3 epruvete himalajske kopalne soli bogate z minerali, s katerimi bodo va\u0161e kopeli \u0161e bolj negovalne in spro\u0161\u010dujo\u010de. Darilna \u0161katla je lahko odli\u010dno darilo za mamo, babico ali drugo pomembno \u017eensko v va\u0161em \u017eivljenju.<\/p>\n<p>Na\u0161a mila so pakirana v ve\u010djih koli\u010dinah, kot je obi\u010dajno za naravna, ro\u010dno izdelana mila \u2013 120g.<\/p>\n<p>V darilno \u0161katlo lahko prilo\u017eite tudi personalizirano \u010destitko (za dopla\u010dilo). Darilna \u0161katla je odli\u010dni primerek darila za mame, punce ali prijateljice.<\/p>\n<p>Darilna \u0161katla vsebuje:<\/p>\n<p>2x naravno ro\u010dno izdelano milo (120g)\n3x himalajska kopalna sol v epruveti (3x 35g)<\/p>\n<p>\u010ce \u017eelite bomo va\u0161e darilo obdarovancu dostavili mi, seveda pa ob dostavi ne bomo prilo\u017eili ra\u010duna. Le-tega boste prejeli vi.\",\n  \"brand\": \"Le Boxi\",\n  \"sku\": \"K-9\",\n  \"offers\": {\n    \"@type\": \"Offer\",\n    \"url\": \"http:\/\/staging.leboxi.eu\/izdelki\/darila-za-mame\/\",\n    \"priceCurrency\": \"EUR\",\n    \"price\": \"33.2\",\n    \"priceValidUntil\": \"2023-12-31\",\n    \"availability\": \"https:\/\/schema.org\/InStock\",\n    \"itemCondition\": \"https:\/\/schema.org\/NewCondition\"\n  },\n  \"aggregateRating\": {\n    \"@type\": \"AggregateRating\",\n    \"ratingValue\": \"4.6\",\n    \"bestRating\": \"5\",\n    \"worstRating\": \"1\",\n    \"ratingCount\": \"6\"\n  }\n}\n<\/script><\/p>\n<p>&nbsp;<\/p>\n","protected":false},"excerpt":{"rendered":"<p>Pri\u010dnite svoje potovanje v svet naravne nege ko\u017ee! Ta komplet 2 ro\u010dno izdelanih naravnih negovalnih mil iz najbolj\u0161ih sestavin pode\u017eelja ju\u017ene Francije, bo va\u0161o ko\u017eo pustil izredno mehko, negovano in di\u0161e\u010do. V ne\u017eni slami boste na\u0161li tudi kar 3 epruvete himalajske kopalne soli bogate z minerali, s katerimi bodo va\u0161e kopeli \u0161e bolj negovalne in spro\u0161\u010dujo\u010de. Darilna \u0161katla je lahko odli\u010dno darilo za mamo, babico ali drugo pomembno \u017eensko v va\u0161em \u017eivljenju.<\/p>\n<p>Na\u0161a mila so pakirana v ve\u010djih koli\u010dinah, kot je obi\u010dajno za naravna, ro\u010dno izdelana mila \u2013 120g.<\/p>\n<p>V darilno \u0161katlo lahko prilo\u017eite tudi personalizirano \u010destitko (za dopla\u010dilo). Darilna \u0161katla je odli\u010den primerek darila za mame, punce ali prijateljice.<\/p>\n<p>Darilna \u0161katla vsebuje:<\/p>\n<ul>\n<li>2x naravno ro\u010dno izdelano milo (120g)<\/li>\n<li>3x himalajska kopalna sol v epruveti (3x 35g)<\/li>\n<\/ul>\n<p>&nbsp;<\/p>\n<p>\u010ce \u017eelite bomo va\u0161e darilo obdarovancu dostavili mi, seveda pa ob dostavi ne bomo prilo\u017eili ra\u010duna. Le-tega boste prejeli vi.<\/p>\n<p>Podroben opis si lahko preberete spodaj.<\/p>\n","protected":false},"featured_media":2402,"comment_status":"open","ping_status":"closed","template":"","meta":{"site-sidebar-layout":"default","site-content-layout":"default","ast-site-content-layout":"default","site-content-style":"default","site-sidebar-style":"default","ast-global-header-display":"","ast-banner-title-visibility":"","ast-main-header-display":"","ast-hfb-above-header-display":"","ast-hfb-below-header-display":"","ast-hfb-mobile-header-display":"","site-post-title":"","ast-breadcrumbs-content":"","ast-featured-img":"","footer-sml-layout":"","theme-transparent-header-meta":"default","adv-header-id-meta":"","stick-header-meta":"","header-above-stick-meta":"","header-main-stick-meta":"","header-below-stick-meta":"","astra-migrate-meta-layouts":"set","ast-page-background-enabled":"default","ast-page-background-meta":{"desktop":{"background-color":"","background-image":"","background-repeat":"repeat","background-position":"center center","background-size":"auto","background-attachment":"scroll","background-type":"","background-media":"","overlay-type":"","overlay-color":"","overlay-opacity":"","overlay-gradient":""},"tablet":{"background-color":"","background-image":"","background-repeat":"repeat","background-position":"center center","background-size":"auto","background-attachment":"scroll","background-type":"","background-media":"","overlay-type":"","overlay-color":"","overlay-opacity":"","overlay-gradient":""},"mobile":{"background-color":"","background-image":"","background-repeat":"repeat","background-position":"center center","background-size":"auto","background-attachment":"scroll","background-type":"","background-media":"","overlay-type":"","overlay-color":"","overlay-opacity":"","overlay-gradient":""}},"ast-content-background-meta":{"desktop":{"background-color":"var(--ast-global-color-5)","background-image":"","background-repeat":"repeat","background-position":"center center","background-size":"auto","background-attachment":"scroll","background-type":"","background-media":"","overlay-type":"","overlay-color":"","overlay-opacity":"","overlay-gradient":""},"tablet":{"background-color":"var(--ast-global-color-5)","background-image":"","background-repeat":"repeat","background-position":"center center","background-size":"auto","background-attachment":"scroll","background-type":"","background-media":"","overlay-type":"","overlay-color":"","overlay-opacity":"","overlay-gradient":""},"mobile":{"background-color":"var(--ast-global-color-5)","background-image":"","background-repeat":"repeat","background-position":"center center","background-size":"auto","background-attachment":"scroll","background-type":"","background-media":"","overlay-type":"","overlay-color":"","overlay-opacity":"","overlay-gradient":""}}},"product_brand":[],"product_cat":[357],"product_tag":[],"class_list":{"0":"post-17606","1":"product","2":"type-product","3":"status-publish","4":"has-post-thumbnail","6":"product_cat-ni-na-zalogi","7":"desktop-align-left","8":"tablet-align-left","9":"mobile-align-left","11":"first","12":"outofstock","13":"taxable","14":"shipping-taxable","15":"purchasable","16":"product-type-simple"},"yoast_head":"<!-- This site is optimized with the Yoast SEO plugin v25.2 - https:\/\/yoast.com\/wordpress\/plugins\/seo\/ -->\n<title>Darila za mame | Darilna \u0161katla - 5 minut zame | Le Boxi<\/title>\n<meta name=\"description\" content=\"Pri\u010dnite svoje potovanje v svet naravne nege ko\u017ee! Ta set 2 ro\u010dno izdelanih naravnih negovalnih mil iz najbolj\u0161ih sestavin pode\u017eelja ju\u017ene Francije. \u010cudovita darila za mame.\" \/>\n<meta name=\"robots\" content=\"index, follow, max-snippet:-1, max-image-preview:large, max-video-preview:-1\" \/>\n<link rel=\"canonical\" href=\"http:\/\/staging.leboxi.eu\/sl\/izdelek\/darilna-skatla-5-minut-zame\/\" \/>\n<meta property=\"og:locale\" content=\"sl_SI\" \/>\n<meta property=\"og:type\" content=\"article\" \/>\n<meta property=\"og:title\" content=\"Darila za mame | Darilna \u0161katla - 5 minut zame | Le Boxi\" \/>\n<meta property=\"og:description\" content=\"Pri\u010dnite svoje potovanje v svet naravne nege ko\u017ee! Ta set 2 ro\u010dno izdelanih naravnih negovalnih mil iz najbolj\u0161ih sestavin pode\u017eelja ju\u017ene Francije. \u010cudovita darila za mame.\" \/>\n<meta property=\"og:url\" content=\"http:\/\/staging.leboxi.eu\/sl\/izdelek\/darilna-skatla-5-minut-zame\/\" \/>\n<meta property=\"og:site_name\" content=\"Le Boxi | Unikatna darila za vsakogar\" \/>\n<meta property=\"article:publisher\" content=\"https:\/\/www.facebook.com\/leboxi.eu\" \/>\n<meta property=\"article:modified_time\" content=\"2024-08-18T18:18:58+00:00\" \/>\n<meta property=\"og:image\" content=\"http:\/\/staging.leboxi.eu\/wp-content\/uploads\/2021\/04\/Izdelek-104-of-339.jpg\" \/>\n\t<meta property=\"og:image:width\" content=\"1000\" \/>\n\t<meta property=\"og:image:height\" content=\"1000\" \/>\n\t<meta property=\"og:image:type\" content=\"image\/jpeg\" \/>\n<meta name=\"twitter:card\" content=\"summary_large_image\" \/>\n<meta name=\"twitter:label1\" content=\"Est. reading time\" \/>\n\t<meta name=\"twitter:data1\" content=\"5 minut\" \/>\n<script type=\"application\/ld+json\" class=\"yoast-schema-graph\">{\"@context\":\"https:\/\/schema.org\",\"@graph\":[{\"@type\":\"WebPage\",\"@id\":\"http:\/\/staging.leboxi.eu\/sl\/izdelek\/darilna-skatla-5-minut-zame\/\",\"url\":\"http:\/\/staging.leboxi.eu\/sl\/izdelek\/darilna-skatla-5-minut-zame\/\",\"name\":\"Darila za mame | Darilna \u0161katla - 5 minut zame | Le Boxi\",\"isPartOf\":{\"@id\":\"http:\/\/staging.leboxi.eu\/sl\/#website\"},\"primaryImageOfPage\":{\"@id\":\"http:\/\/staging.leboxi.eu\/sl\/izdelek\/darilna-skatla-5-minut-zame\/#primaryimage\"},\"image\":{\"@id\":\"http:\/\/staging.leboxi.eu\/sl\/izdelek\/darilna-skatla-5-minut-zame\/#primaryimage\"},\"thumbnailUrl\":\"http:\/\/staging.leboxi.eu\/wp-content\/uploads\/2021\/04\/Izdelek-104-of-339.jpg\",\"datePublished\":\"2024-03-10T19:36:32+00:00\",\"dateModified\":\"2024-08-18T18:18:58+00:00\",\"description\":\"Pri\u010dnite svoje potovanje v svet naravne nege ko\u017ee! Ta set 2 ro\u010dno izdelanih naravnih negovalnih mil iz najbolj\u0161ih sestavin pode\u017eelja ju\u017ene Francije. \u010cudovita darila za mame.\",\"breadcrumb\":{\"@id\":\"http:\/\/staging.leboxi.eu\/sl\/izdelek\/darilna-skatla-5-minut-zame\/#breadcrumb\"},\"inLanguage\":\"sl-SI\",\"potentialAction\":[{\"@type\":\"ReadAction\",\"target\":[\"http:\/\/staging.leboxi.eu\/sl\/izdelek\/darilna-skatla-5-minut-zame\/\"]}]},{\"@type\":\"ImageObject\",\"inLanguage\":\"sl-SI\",\"@id\":\"http:\/\/staging.leboxi.eu\/sl\/izdelek\/darilna-skatla-5-minut-zame\/#primaryimage\",\"url\":\"http:\/\/staging.leboxi.eu\/wp-content\/uploads\/2021\/04\/Izdelek-104-of-339.jpg\",\"contentUrl\":\"http:\/\/staging.leboxi.eu\/wp-content\/uploads\/2021\/04\/Izdelek-104-of-339.jpg\",\"width\":1000,\"height\":1000,\"caption\":\"Darilna \u0161katla z dvema naravnima miloma vanilja in kurkuma ter tri vrste kopalne soli\"},{\"@type\":\"BreadcrumbList\",\"@id\":\"http:\/\/staging.leboxi.eu\/sl\/izdelek\/darilna-skatla-5-minut-zame\/#breadcrumb\",\"itemListElement\":[{\"@type\":\"ListItem\",\"position\":1,\"name\":\"Doma\",\"item\":\"http:\/\/staging.leboxi.eu\/sl\/\"},{\"@type\":\"ListItem\",\"position\":2,\"name\":\"Trgovina\",\"item\":\"http:\/\/staging.leboxi.eu\/sl\/trgovina\/\"},{\"@type\":\"ListItem\",\"position\":3,\"name\":\"Darilna \u0161katla \u2013 5 minut zame\"}]},{\"@type\":\"WebSite\",\"@id\":\"http:\/\/staging.leboxi.eu\/sl\/#website\",\"url\":\"http:\/\/staging.leboxi.eu\/sl\/\",\"name\":\"Le Boxi | Unikatna darila za vsakogar\",\"description\":\"Unikatna darila in darilne \u0161katle za vse prilo\u017enosti.\",\"publisher\":{\"@id\":\"http:\/\/staging.leboxi.eu\/sl\/#organization\"},\"potentialAction\":[{\"@type\":\"SearchAction\",\"target\":{\"@type\":\"EntryPoint\",\"urlTemplate\":\"http:\/\/staging.leboxi.eu\/sl\/?s={search_term_string}\"},\"query-input\":{\"@type\":\"PropertyValueSpecification\",\"valueRequired\":true,\"valueName\":\"search_term_string\"}}],\"inLanguage\":\"sl-SI\"},{\"@type\":\"Organization\",\"@id\":\"http:\/\/staging.leboxi.eu\/sl\/#organization\",\"name\":\"LE BOXI\",\"url\":\"http:\/\/staging.leboxi.eu\/sl\/\",\"logo\":{\"@type\":\"ImageObject\",\"inLanguage\":\"sl-SI\",\"@id\":\"http:\/\/staging.leboxi.eu\/sl\/#\/schema\/logo\/image\/\",\"url\":\"http:\/\/staging.leboxi.eu\/wp-content\/uploads\/2021\/02\/LeBoxi-manjsi-png.png\",\"contentUrl\":\"http:\/\/staging.leboxi.eu\/wp-content\/uploads\/2021\/02\/LeBoxi-manjsi-png.png\",\"width\":389,\"height\":164,\"caption\":\"LE BOXI\"},\"image\":{\"@id\":\"http:\/\/staging.leboxi.eu\/sl\/#\/schema\/logo\/image\/\"},\"sameAs\":[\"https:\/\/www.facebook.com\/leboxi.eu\",\"https:\/\/www.instagram.com\/le.boxi\/\"]}]}<\/script>\n<!-- \/ Yoast SEO plugin. -->","yoast_head_json":{"title":"Darila za mame | Darilna \u0161katla - 5 minut zame | Le Boxi","description":"Pri\u010dnite svoje potovanje v svet naravne nege ko\u017ee! Ta set 2 ro\u010dno izdelanih naravnih negovalnih mil iz najbolj\u0161ih sestavin pode\u017eelja ju\u017ene Francije. \u010cudovita darila za mame.","robots":{"index":"index","follow":"follow","max-snippet":"max-snippet:-1","max-image-preview":"max-image-preview:large","max-video-preview":"max-video-preview:-1"},"canonical":"http:\/\/staging.leboxi.eu\/sl\/izdelek\/darilna-skatla-5-minut-zame\/","og_locale":"sl_SI","og_type":"article","og_title":"Darila za mame | Darilna \u0161katla - 5 minut zame | Le Boxi","og_description":"Pri\u010dnite svoje potovanje v svet naravne nege ko\u017ee! Ta set 2 ro\u010dno izdelanih naravnih negovalnih mil iz najbolj\u0161ih sestavin pode\u017eelja ju\u017ene Francije. \u010cudovita darila za mame.","og_url":"http:\/\/staging.leboxi.eu\/sl\/izdelek\/darilna-skatla-5-minut-zame\/","og_site_name":"Le Boxi | Unikatna darila za vsakogar","article_publisher":"https:\/\/www.facebook.com\/leboxi.eu","article_modified_time":"2024-08-18T18:18:58+00:00","og_image":[{"width":1000,"height":1000,"url":"http:\/\/staging.leboxi.eu\/wp-content\/uploads\/2021\/04\/Izdelek-104-of-339.jpg","type":"image\/jpeg"}],"twitter_card":"summary_large_image","twitter_misc":{"Est. reading time":"5 minut"},"schema":{"@context":"https:\/\/schema.org","@graph":[{"@type":"WebPage","@id":"http:\/\/staging.leboxi.eu\/sl\/izdelek\/darilna-skatla-5-minut-zame\/","url":"http:\/\/staging.leboxi.eu\/sl\/izdelek\/darilna-skatla-5-minut-zame\/","name":"Darila za mame | Darilna \u0161katla - 5 minut zame | Le Boxi","isPartOf":{"@id":"http:\/\/staging.leboxi.eu\/sl\/#website"},"primaryImageOfPage":{"@id":"http:\/\/staging.leboxi.eu\/sl\/izdelek\/darilna-skatla-5-minut-zame\/#primaryimage"},"image":{"@id":"http:\/\/staging.leboxi.eu\/sl\/izdelek\/darilna-skatla-5-minut-zame\/#primaryimage"},"thumbnailUrl":"http:\/\/staging.leboxi.eu\/wp-content\/uploads\/2021\/04\/Izdelek-104-of-339.jpg","datePublished":"2024-03-10T19:36:32+00:00","dateModified":"2024-08-18T18:18:58+00:00","description":"Pri\u010dnite svoje potovanje v svet naravne nege ko\u017ee! Ta set 2 ro\u010dno izdelanih naravnih negovalnih mil iz najbolj\u0161ih sestavin pode\u017eelja ju\u017ene Francije. \u010cudovita darila za mame.","breadcrumb":{"@id":"http:\/\/staging.leboxi.eu\/sl\/izdelek\/darilna-skatla-5-minut-zame\/#breadcrumb"},"inLanguage":"sl-SI","potentialAction":[{"@type":"ReadAction","target":["http:\/\/staging.leboxi.eu\/sl\/izdelek\/darilna-skatla-5-minut-zame\/"]}]},{"@type":"ImageObject","inLanguage":"sl-SI","@id":"http:\/\/staging.leboxi.eu\/sl\/izdelek\/darilna-skatla-5-minut-zame\/#primaryimage","url":"http:\/\/staging.leboxi.eu\/wp-content\/uploads\/2021\/04\/Izdelek-104-of-339.jpg","contentUrl":"http:\/\/staging.leboxi.eu\/wp-content\/uploads\/2021\/04\/Izdelek-104-of-339.jpg","width":1000,"height":1000,"caption":"Darilna \u0161katla z dvema naravnima miloma vanilja in kurkuma ter tri vrste kopalne soli"},{"@type":"BreadcrumbList","@id":"http:\/\/staging.leboxi.eu\/sl\/izdelek\/darilna-skatla-5-minut-zame\/#breadcrumb","itemListElement":[{"@type":"ListItem","position":1,"name":"Doma","item":"http:\/\/staging.leboxi.eu\/sl\/"},{"@type":"ListItem","position":2,"name":"Trgovina","item":"http:\/\/staging.leboxi.eu\/sl\/trgovina\/"},{"@type":"ListItem","position":3,"name":"Darilna \u0161katla \u2013 5 minut zame"}]},{"@type":"WebSite","@id":"http:\/\/staging.leboxi.eu\/sl\/#website","url":"http:\/\/staging.leboxi.eu\/sl\/","name":"Le Boxi | Unikatna darila za vsakogar","description":"Unikatna darila in darilne \u0161katle za vse prilo\u017enosti.","publisher":{"@id":"http:\/\/staging.leboxi.eu\/sl\/#organization"},"potentialAction":[{"@type":"SearchAction","target":{"@type":"EntryPoint","urlTemplate":"http:\/\/staging.leboxi.eu\/sl\/?s={search_term_string}"},"query-input":{"@type":"PropertyValueSpecification","valueRequired":true,"valueName":"search_term_string"}}],"inLanguage":"sl-SI"},{"@type":"Organization","@id":"http:\/\/staging.leboxi.eu\/sl\/#organization","name":"LE BOXI","url":"http:\/\/staging.leboxi.eu\/sl\/","logo":{"@type":"ImageObject","inLanguage":"sl-SI","@id":"http:\/\/staging.leboxi.eu\/sl\/#\/schema\/logo\/image\/","url":"http:\/\/staging.leboxi.eu\/wp-content\/uploads\/2021\/02\/LeBoxi-manjsi-png.png","contentUrl":"http:\/\/staging.leboxi.eu\/wp-content\/uploads\/2021\/02\/LeBoxi-manjsi-png.png","width":389,"height":164,"caption":"LE BOXI"},"image":{"@id":"http:\/\/staging.leboxi.eu\/sl\/#\/schema\/logo\/image\/"},"sameAs":["https:\/\/www.facebook.com\/leboxi.eu","https:\/\/www.instagram.com\/le.boxi\/"]}]}},"_links":{"self":[{"href":"http:\/\/staging.leboxi.eu\/sl\/wp-json\/wp\/v2\/product\/17606","targetHints":{"allow":["GET"]}}],"collection":[{"href":"http:\/\/staging.leboxi.eu\/sl\/wp-json\/wp\/v2\/product"}],"about":[{"href":"http:\/\/staging.leboxi.eu\/sl\/wp-json\/wp\/v2\/types\/product"}],"replies":[{"embeddable":true,"href":"http:\/\/staging.leboxi.eu\/sl\/wp-json\/wp\/v2\/comments?post=17606"}],"version-history":[{"count":1,"href":"http:\/\/staging.leboxi.eu\/sl\/wp-json\/wp\/v2\/product\/17606\/revisions"}],"predecessor-version":[{"id":19446,"href":"http:\/\/staging.leboxi.eu\/sl\/wp-json\/wp\/v2\/product\/17606\/revisions\/19446"}],"wp:featuredmedia":[{"embeddable":true,"href":"http:\/\/staging.leboxi.eu\/sl\/wp-json\/wp\/v2\/media\/2402"}],"wp:attachment":[{"href":"http:\/\/staging.leboxi.eu\/sl\/wp-json\/wp\/v2\/media?parent=17606"}],"wp:term":[{"taxonomy":"product_brand","embeddable":true,"href":"http:\/\/staging.leboxi.eu\/sl\/wp-json\/wp\/v2\/product_brand?post=17606"},{"taxonomy":"product_cat","embeddable":true,"href":"http:\/\/staging.leboxi.eu\/sl\/wp-json\/wp\/v2\/product_cat?post=17606"},{"taxonomy":"product_tag","embeddable":true,"href":"http:\/\/staging.leboxi.eu\/sl\/wp-json\/wp\/v2\/product_tag?post=17606"}],"curies":[{"name":"wp","href":"https:\/\/api.w.org\/{rel}","templated":true}]}}