{"id":16275,"date":"2023-12-24T11:24:04","date_gmt":"2023-12-24T10:24:04","guid":{"rendered":"http:\/\/staging.leboxi.eu\/?post_type=product&#038;p=16275"},"modified":"2025-05-14T08:25:46","modified_gmt":"2025-05-14T07:25:46","slug":"moska-denarnica","status":"publish","type":"product","link":"http:\/\/staging.leboxi.eu\/sl\/izdelek\/moska-denarnica\/","title":{"rendered":"Usnjena denarnica POP UP | RFID"},"content":{"rendered":"<p>Odkrijte vrhunsko udobje in brez\u010dasno eleganco z na\u0161o mo\u0161ko denarnico iz visokokakovostnega usnja. Ta prefinjenost zdru\u017euje funkcionalnost, stil in vzdr\u017eljivost, kar bo o\u010daralo tako mo\u0161ke kot \u017eenske, ki si \u017eelijo le najbolj\u0161e.<\/p>\n<h5><strong>Veliko shranjevalnega prostora<\/strong><\/h5>\n<ul>\n<li>V predelu za kartice z izsko\u010dnim mehanizmom lahko hranite 5-6 kartic, vidno okno za osebno izkaznico ter 4 dodatne notranje re\u017ee za kartice<\/li>\n<li>V sredini ima denarnica prostor za razli\u010dne bankovce<\/li>\n<li>Dodan je spodnji \u017eep z zadrgo za shranjevanje kovancev.<\/li>\n<\/ul>\n<h5><strong>Material<\/strong><\/h5>\n<p>Mo\u0161ka denarnica je izdelana iz ekolo\u0161ko strojenega pravega usnja, ki je enako razko\u0161no kot vzdr\u017eljivo. S\u010dasoma se bo va\u0161a denarnica zmeh\u010dala, popolnoma prilagodila va\u0161emu \u017eepu in razvijala karakter s staranjem.<\/p>\n<p>&nbsp;<\/p>\n<h5><strong>Natan\u010dna izdelava<\/strong><\/h5>\n<p>Usnjena denarnica je izdelana z natan\u010dnim \u0161ivanjem, v &#8220;vintage&#8221; slogu, ki je prijeten na dotik, obenem pa zagotavlja vzdr\u017eljivost.<\/p>\n<p><a href=\"http:\/\/staging.leboxi.eu\/wp-content\/uploads\/2023\/11\/denarinica-crna-11.jpg\"><img fetchpriority=\"high\" decoding=\"async\" class=\"alignnone wp-image-15473 size-full\" src=\"http:\/\/staging.leboxi.eu\/wp-content\/uploads\/2023\/11\/denarinica-crna-11.jpg\" alt=\"\" width=\"900\" height=\"900\" srcset=\"http:\/\/staging.leboxi.eu\/wp-content\/uploads\/2023\/11\/denarinica-crna-11.jpg 900w, http:\/\/staging.leboxi.eu\/wp-content\/uploads\/2023\/11\/denarinica-crna-11-300x300.jpg 300w, http:\/\/staging.leboxi.eu\/wp-content\/uploads\/2023\/11\/denarinica-crna-11-100x100.jpg 100w, http:\/\/staging.leboxi.eu\/wp-content\/uploads\/2023\/11\/elementor\/thumbs\/denarinica-crna-11-r035zlens3nekm1yks8tjog1un4y054x7vdykb0d4g.jpg 600w, http:\/\/staging.leboxi.eu\/wp-content\/uploads\/2023\/11\/denarinica-crna-11-150x150.jpg 150w, http:\/\/staging.leboxi.eu\/wp-content\/uploads\/2023\/11\/denarinica-crna-11-768x768.jpg 768w\" sizes=\"(max-width: 900px) 100vw, 900px\" \/><\/a><\/p>\n<h5>Debelo pravo usnje<\/h5>\n<p>Pore na njegovi povr\u0161ini so drobne in gladke, njegova tekstura pa jasna in elegantna, kar denarnici daje stilsko in lepo podobo, hkrati pa ohranja svojo trdnost. S\u010dasoma se bo va\u0161a denarnica zmeh\u010dala, popolnoma prilagodila va\u0161emu \u017eepu in razvijala karakter s staranjem.<\/p>\n<p><a href=\"http:\/\/staging.leboxi.eu\/wp-content\/uploads\/2023\/11\/denarinica-crna-12.jpg\"><img decoding=\"async\" class=\"alignnone wp-image-15475 size-full\" src=\"http:\/\/staging.leboxi.eu\/wp-content\/uploads\/2023\/11\/denarinica-crna-12.jpg\" alt=\"\" width=\"900\" height=\"900\" srcset=\"http:\/\/staging.leboxi.eu\/wp-content\/uploads\/2023\/11\/denarinica-crna-12.jpg 900w, http:\/\/staging.leboxi.eu\/wp-content\/uploads\/2023\/11\/denarinica-crna-12-300x300.jpg 300w, http:\/\/staging.leboxi.eu\/wp-content\/uploads\/2023\/11\/denarinica-crna-12-100x100.jpg 100w, http:\/\/staging.leboxi.eu\/wp-content\/uploads\/2023\/11\/denarinica-crna-12-600x600.jpg 600w, http:\/\/staging.leboxi.eu\/wp-content\/uploads\/2023\/11\/denarinica-crna-12-150x150.jpg 150w, http:\/\/staging.leboxi.eu\/wp-content\/uploads\/2023\/11\/denarinica-crna-12-768x768.jpg 768w\" sizes=\"(max-width: 900px) 100vw, 900px\" \/><\/a><\/p>\n<h5>Prostorni \u017eep za bankovce<\/h5>\n<p>Do 10 kartic in 8 bankovcev<\/p>\n<ul>\n<li>4 dodatne re\u017ee za kartice<\/li>\n<li>Okno za osebno izkaznico ali vozni\u0161ko dovoljenje<\/li>\n<li>Prostorna predala za bankovce in izsko\u010dni dr\u017ealo za kartice<\/li>\n<\/ul>\n<p><a href=\"http:\/\/staging.leboxi.eu\/wp-content\/uploads\/2023\/11\/denarinica-9.jpg\"><img decoding=\"async\" class=\"alignnone wp-image-15469 size-full\" src=\"http:\/\/staging.leboxi.eu\/wp-content\/uploads\/2023\/11\/denarinica-9.jpg\" alt=\"\" width=\"900\" height=\"900\" srcset=\"http:\/\/staging.leboxi.eu\/wp-content\/uploads\/2023\/11\/denarinica-9.jpg 900w, http:\/\/staging.leboxi.eu\/wp-content\/uploads\/2023\/11\/denarinica-9-300x300.jpg 300w, http:\/\/staging.leboxi.eu\/wp-content\/uploads\/2023\/11\/denarinica-9-100x100.jpg 100w, http:\/\/staging.leboxi.eu\/wp-content\/uploads\/2023\/11\/denarinica-9-600x600.jpg 600w, http:\/\/staging.leboxi.eu\/wp-content\/uploads\/2023\/11\/denarinica-9-150x150.jpg 150w, http:\/\/staging.leboxi.eu\/wp-content\/uploads\/2023\/11\/denarinica-9-768x768.jpg 768w\" sizes=\"(max-width: 900px) 100vw, 900px\" \/><\/a><\/p>\n<h5>Magnetno zapiranje<\/h5>\n<p>Odpri in zapri svojo denarnico na udoben na\u010din, s hitrim dostopom do kartic s stranskim drsnim gumbom.<\/p>\n<p><a href=\"http:\/\/staging.leboxi.eu\/wp-content\/uploads\/2023\/11\/denarnica-crna-6.jpg\"><img loading=\"lazy\" decoding=\"async\" class=\"alignnone wp-image-15491 size-full\" src=\"http:\/\/staging.leboxi.eu\/wp-content\/uploads\/2023\/11\/denarnica-crna-6.jpg\" alt=\"\" width=\"900\" height=\"900\" srcset=\"http:\/\/staging.leboxi.eu\/wp-content\/uploads\/2023\/11\/denarnica-crna-6.jpg 900w, http:\/\/staging.leboxi.eu\/wp-content\/uploads\/2023\/11\/denarnica-crna-6-300x300.jpg 300w, http:\/\/staging.leboxi.eu\/wp-content\/uploads\/2023\/11\/denarnica-crna-6-100x100.jpg 100w, http:\/\/staging.leboxi.eu\/wp-content\/uploads\/2023\/11\/denarnica-crna-6-600x600.jpg 600w, http:\/\/staging.leboxi.eu\/wp-content\/uploads\/2023\/11\/denarnica-crna-6-150x150.jpg 150w, http:\/\/staging.leboxi.eu\/wp-content\/uploads\/2023\/11\/denarnica-crna-6-768x768.jpg 768w\" sizes=\"(max-width: 900px) 100vw, 900px\" \/><\/a><\/p>\n<h5>\u017dep z zadrgo<\/h5>\n<p>Za nekaj kovancev ali prepognjenih bankovcev ter tudi za shranjevanje va\u0161ega AirTaga, s katerim lahko sledite denarnici.<\/p>\n<p><a href=\"http:\/\/staging.leboxi.eu\/wp-content\/uploads\/2023\/11\/denarnica-crna-5.png\"><img loading=\"lazy\" decoding=\"async\" class=\"alignnone wp-image-15481 size-full\" src=\"http:\/\/staging.leboxi.eu\/wp-content\/uploads\/2023\/11\/denarnica-crna-5.png\" alt=\"\" width=\"460\" height=\"460\" srcset=\"http:\/\/staging.leboxi.eu\/wp-content\/uploads\/2023\/11\/denarnica-crna-5.png 460w, http:\/\/staging.leboxi.eu\/wp-content\/uploads\/2023\/11\/denarnica-crna-5-300x300.png 300w, http:\/\/staging.leboxi.eu\/wp-content\/uploads\/2023\/11\/denarnica-crna-5-100x100.png 100w, http:\/\/staging.leboxi.eu\/wp-content\/uploads\/2023\/11\/denarnica-crna-5-150x150.png 150w\" sizes=\"(max-width: 460px) 100vw, 460px\" \/><\/a> <a href=\"http:\/\/staging.leboxi.eu\/wp-content\/uploads\/2023\/11\/denarnica-crna-7.jpg\"><img loading=\"lazy\" decoding=\"async\" class=\"alignnone wp-image-15485 size-full\" src=\"http:\/\/staging.leboxi.eu\/wp-content\/uploads\/2023\/11\/denarnica-crna-7.jpg\" alt=\"\" width=\"460\" height=\"460\" srcset=\"http:\/\/staging.leboxi.eu\/wp-content\/uploads\/2023\/11\/denarnica-crna-7.jpg 460w, http:\/\/staging.leboxi.eu\/wp-content\/uploads\/2023\/11\/denarnica-crna-7-300x300.jpg 300w, http:\/\/staging.leboxi.eu\/wp-content\/uploads\/2023\/11\/denarnica-crna-7-100x100.jpg 100w, http:\/\/staging.leboxi.eu\/wp-content\/uploads\/2023\/11\/denarnica-crna-7-150x150.jpg 150w\" sizes=\"(max-width: 460px) 100vw, 460px\" \/><\/a><\/p>\n<h5>RFID BLOKADA<\/h5>\n<p>\u0160\u010diti pred neza\u017eeleno brez\u017ei\u010dno komunikacijo in zagotavlja varnost va\u0161e zasebne lastnine.<\/p>\n<p><a href=\"http:\/\/staging.leboxi.eu\/wp-content\/uploads\/2023\/11\/denarinica-crna-10.jpg\"><img loading=\"lazy\" decoding=\"async\" class=\"alignnone wp-image-15471 size-full\" src=\"http:\/\/staging.leboxi.eu\/wp-content\/uploads\/2023\/11\/denarinica-crna-10.jpg\" alt=\"\" width=\"900\" height=\"900\" srcset=\"http:\/\/staging.leboxi.eu\/wp-content\/uploads\/2023\/11\/denarinica-crna-10.jpg 900w, http:\/\/staging.leboxi.eu\/wp-content\/uploads\/2023\/11\/denarinica-crna-10-300x300.jpg 300w, http:\/\/staging.leboxi.eu\/wp-content\/uploads\/2023\/11\/denarinica-crna-10-100x100.jpg 100w, http:\/\/staging.leboxi.eu\/wp-content\/uploads\/2023\/11\/denarinica-crna-10-600x600.jpg 600w, http:\/\/staging.leboxi.eu\/wp-content\/uploads\/2023\/11\/denarinica-crna-10-150x150.jpg 150w, http:\/\/staging.leboxi.eu\/wp-content\/uploads\/2023\/11\/denarinica-crna-10-768x768.jpg 768w\" sizes=\"(max-width: 900px) 100vw, 900px\" \/><\/a><\/p>\n<p>\u010ce \u017eelite bomo va\u0161e darilo obdarovancu dostavili mi, seveda pa ob dostavi ne bomo prilo\u017eili ra\u010duna. Le-tega boste prejeli vi.<\/p>\n<p>&nbsp;<\/p>\n<p>&nbsp;<\/p>\n","protected":false},"excerpt":{"rendered":"<p>Odkrijte nepozabno udobje in izrazito eleganco z na\u0161o mo\u0161ko denarnico iz visokokakovostnega usnja. Ta mojstrovina zdru\u017euje funkcionalnost, stil in trajnost v enem izdelku, ki bo navdu\u0161il tako mo\u0161ke kot tudi \u017eenske, ki cenijo vrhunsko kakovost.<\/p>\n<p>Z izjemno natan\u010dnostjo izdelana iz prvovrstnega usnja, na\u0161a mo\u0161ka denarnica ne predstavlja zgolj prakti\u010dnega pripomo\u010dka, temve\u010d tudi modni dodatek, ki bo poudaril va\u0161 edinstven slog. Z RFID za\u0161\u010dito boste imeli popolno varnost za svoje kartice, medtem ko bo sodoben dizajn privla\u010den za vsakogar, ki i\u0161\u010de prefinjenost in vrhunsko izdelavo. Inovativna uporaba tehnologije <strong>popup<\/strong>\u00a0omogo\u010da enostaven dostop do kreditnih kartic, hkrati pa ohranja \u010diste linije in eleganten videz denarnice. Z vgrajenimi prostori za kartice, gotovino in druge pomembne dokumente bo ta denarnica postala va\u0161 zvesti sopotnik v vsakdanjem \u017eivljenju. Izberite najbolj\u0161e in do\u017eivite popolnost s pristno mo\u0161ko denarnico, ki se ne samo odli\u010dno obnese, temve\u010d tudi iz\u017eareva brez\u010dasno eleganco.<\/p>\n<p>Denarnica je oblikovana iz anodiziranega aluminija ter razko\u0161no strojenega usnja, ki presega obi\u010dajne standarde. Denarnica imat RFID blokado za za\u0161\u010dito va\u0161ih kartic, saj blokira elektromagnetne signale. V mo\u0161ki denarnici je vgrajeno magnetni zapiralo, ki\u00a0 prepre\u010duje, da bi kartice in denar padli iz denarnice. Njeno kompaktno telo je la\u017eje nositi in spraviti v vsak \u017eep.<\/p>\n<p>Lastnosti denarnice:<\/p>\n<ul>\n<li>Material: <strong>Eko strojeno pravo usnje<\/strong> zelo visoke kvalitete in vzdr\u017eljivosti, <strong>ohi\u0161je iz anodiziranega aluminija<\/strong>, ki skrbi za trdnost in lahko<\/li>\n<li>Mehanizem hitrega dostopa do kartic<\/li>\n<li>Stranski drsni gumb<\/li>\n<li>Sprejme 1-12 kartic<\/li>\n<li>Tehnologija blokiranja RFID<\/li>\n<li>Pakirano v izvrstni darilni \u0161katli<\/li>\n<\/ul>\n<p><iframe title=\"YouTube video player\" src=\"https:\/\/www.youtube.com\/embed\/a3RV5fovIVw?si=99Q89arPcqfWBcty\" width=\"560\" height=\"315\" frameborder=\"0\" allowfullscreen=\"allowfullscreen\"><\/iframe><br \/>\n\u010ce \u017eelite bomo va\u0161e darilo obdarovancu dostavili mi, seveda pa ob dostavi ne bomo prilo\u017eili ra\u010duna. Le-tega boste prejeli vi.<\/p>\n<p>&nbsp;<\/p>\n","protected":false},"featured_media":18788,"comment_status":"open","ping_status":"closed","template":"","meta":{"site-sidebar-layout":"default","site-content-layout":"default","ast-site-content-layout":"default","site-content-style":"default","site-sidebar-style":"default","ast-global-header-display":"","ast-banner-title-visibility":"","ast-main-header-display":"","ast-hfb-above-header-display":"","ast-hfb-below-header-display":"","ast-hfb-mobile-header-display":"","site-post-title":"","ast-breadcrumbs-content":"","ast-featured-img":"","footer-sml-layout":"","theme-transparent-header-meta":"default","adv-header-id-meta":"","stick-header-meta":"","header-above-stick-meta":"","header-main-stick-meta":"","header-below-stick-meta":"","astra-migrate-meta-layouts":"set","ast-page-background-enabled":"default","ast-page-background-meta":{"desktop":{"background-color":"","background-image":"","background-repeat":"repeat","background-position":"center center","background-size":"auto","background-attachment":"scroll","background-type":"","background-media":"","overlay-type":"","overlay-color":"","overlay-opacity":"","overlay-gradient":""},"tablet":{"background-color":"","background-image":"","background-repeat":"repeat","background-position":"center center","background-size":"auto","background-attachment":"scroll","background-type":"","background-media":"","overlay-type":"","overlay-color":"","overlay-opacity":"","overlay-gradient":""},"mobile":{"background-color":"","background-image":"","background-repeat":"repeat","background-position":"center center","background-size":"auto","background-attachment":"scroll","background-type":"","background-media":"","overlay-type":"","overlay-color":"","overlay-opacity":"","overlay-gradient":""}},"ast-content-background-meta":{"desktop":{"background-color":"var(--ast-global-color-5)","background-image":"","background-repeat":"repeat","background-position":"center center","background-size":"auto","background-attachment":"scroll","background-type":"","background-media":"","overlay-type":"","overlay-color":"","overlay-opacity":"","overlay-gradient":""},"tablet":{"background-color":"var(--ast-global-color-5)","background-image":"","background-repeat":"repeat","background-position":"center center","background-size":"auto","background-attachment":"scroll","background-type":"","background-media":"","overlay-type":"","overlay-color":"","overlay-opacity":"","overlay-gradient":""},"mobile":{"background-color":"var(--ast-global-color-5)","background-image":"","background-repeat":"repeat","background-position":"center center","background-size":"auto","background-attachment":"scroll","background-type":"","background-media":"","overlay-type":"","overlay-color":"","overlay-opacity":"","overlay-gradient":""}}},"product_brand":[],"product_cat":[309,184,176,180,297,319,313,15,24,116,118,146,164,162,160],"product_tag":[],"class_list":{"0":"post-16275","1":"product","2":"type-product","3":"status-publish","4":"has-post-thumbnail","6":"product_cat-black-friday","7":"product_cat-darila-za-bozic-za-moske","8":"product_cat-za-moske","9":"product_cat-darila-za-valentinovo-za-moske","10":"product_cat-najbolj-prodajano","11":"product_cat-spomladanska-razprodaja","12":"product_cat-zimska-razprodaja","13":"product_cat-splosna","14":"product_cat-moski","15":"product_cat-darila-za-moske","16":"product_cat-darila-za-fanta","17":"product_cat-priloznosti","18":"product_cat-darila-za-rojstni-dan","19":"product_cat-darila-za-valentinovo","20":"product_cat-darila-za-bozic","21":"desktop-align-left","22":"tablet-align-left","23":"mobile-align-left","25":"first","26":"instock","27":"sale","28":"featured","29":"taxable","30":"shipping-taxable","31":"purchasable","32":"product-type-simple"},"yoast_head":"<!-- This site is optimized with the Yoast SEO plugin v25.2 - https:\/\/yoast.com\/wordpress\/plugins\/seo\/ -->\n<title>Mo\u0161ka denarnica | POP UP tehnologija | Le Boxi<\/title>\n<meta name=\"description\" content=\"Odkrijte nepozabno udobje in izrazito eleganco z na\u0161o mo\u0161ko denarnico iz visokokakovostnega usnja. Mo\u0161ka denarnica s POP UP tehnologijo shranjevanja kartic.\" \/>\n<meta name=\"robots\" content=\"index, follow, max-snippet:-1, max-image-preview:large, max-video-preview:-1\" \/>\n<link rel=\"canonical\" href=\"http:\/\/staging.leboxi.eu\/sl\/izdelek\/moska-denarnica\/\" \/>\n<meta property=\"og:locale\" content=\"sl_SI\" \/>\n<meta property=\"og:type\" content=\"article\" \/>\n<meta property=\"og:title\" content=\"Mo\u0161ka denarnica | POP UP tehnologija | Le Boxi\" \/>\n<meta property=\"og:description\" content=\"Odkrijte nepozabno udobje in izrazito eleganco z na\u0161o mo\u0161ko denarnico iz visokokakovostnega usnja. Mo\u0161ka denarnica s POP UP tehnologijo shranjevanja kartic.\" \/>\n<meta property=\"og:url\" content=\"http:\/\/staging.leboxi.eu\/sl\/izdelek\/moska-denarnica\/\" \/>\n<meta property=\"og:site_name\" content=\"Le Boxi | Unikatna darila za vsakogar\" \/>\n<meta property=\"article:publisher\" content=\"https:\/\/www.facebook.com\/leboxi.eu\" \/>\n<meta property=\"article:modified_time\" content=\"2025-05-14T07:25:46+00:00\" \/>\n<meta property=\"og:image\" content=\"http:\/\/staging.leboxi.eu\/wp-content\/uploads\/2023\/12\/denarnica-kartice-1.jpg\" \/>\n\t<meta property=\"og:image:width\" content=\"900\" \/>\n\t<meta property=\"og:image:height\" content=\"900\" \/>\n\t<meta property=\"og:image:type\" content=\"image\/jpeg\" \/>\n<meta name=\"twitter:card\" content=\"summary_large_image\" \/>\n<meta name=\"twitter:label1\" content=\"Est. reading time\" \/>\n\t<meta name=\"twitter:data1\" content=\"1 minuta\" \/>\n<script type=\"application\/ld+json\" class=\"yoast-schema-graph\">{\"@context\":\"https:\/\/schema.org\",\"@graph\":[{\"@type\":\"WebPage\",\"@id\":\"http:\/\/staging.leboxi.eu\/sl\/izdelek\/moska-denarnica\/\",\"url\":\"http:\/\/staging.leboxi.eu\/sl\/izdelek\/moska-denarnica\/\",\"name\":\"Mo\u0161ka denarnica | POP UP tehnologija | Le Boxi\",\"isPartOf\":{\"@id\":\"http:\/\/staging.leboxi.eu\/sl\/#website\"},\"primaryImageOfPage\":{\"@id\":\"http:\/\/staging.leboxi.eu\/sl\/izdelek\/moska-denarnica\/#primaryimage\"},\"image\":{\"@id\":\"http:\/\/staging.leboxi.eu\/sl\/izdelek\/moska-denarnica\/#primaryimage\"},\"thumbnailUrl\":\"http:\/\/staging.leboxi.eu\/wp-content\/uploads\/2023\/12\/denarnica-kartice-1.jpg\",\"datePublished\":\"2023-12-24T10:24:04+00:00\",\"dateModified\":\"2025-05-14T07:25:46+00:00\",\"description\":\"Odkrijte nepozabno udobje in izrazito eleganco z na\u0161o mo\u0161ko denarnico iz visokokakovostnega usnja. Mo\u0161ka denarnica s POP UP tehnologijo shranjevanja kartic.\",\"breadcrumb\":{\"@id\":\"http:\/\/staging.leboxi.eu\/sl\/izdelek\/moska-denarnica\/#breadcrumb\"},\"inLanguage\":\"sl-SI\",\"potentialAction\":[{\"@type\":\"ReadAction\",\"target\":[\"http:\/\/staging.leboxi.eu\/sl\/izdelek\/moska-denarnica\/\"]}]},{\"@type\":\"ImageObject\",\"inLanguage\":\"sl-SI\",\"@id\":\"http:\/\/staging.leboxi.eu\/sl\/izdelek\/moska-denarnica\/#primaryimage\",\"url\":\"http:\/\/staging.leboxi.eu\/wp-content\/uploads\/2023\/12\/denarnica-kartice-1.jpg\",\"contentUrl\":\"http:\/\/staging.leboxi.eu\/wp-content\/uploads\/2023\/12\/denarnica-kartice-1.jpg\",\"width\":900,\"height\":900},{\"@type\":\"BreadcrumbList\",\"@id\":\"http:\/\/staging.leboxi.eu\/sl\/izdelek\/moska-denarnica\/#breadcrumb\",\"itemListElement\":[{\"@type\":\"ListItem\",\"position\":1,\"name\":\"Doma\",\"item\":\"http:\/\/staging.leboxi.eu\/sl\/\"},{\"@type\":\"ListItem\",\"position\":2,\"name\":\"Trgovina\",\"item\":\"http:\/\/staging.leboxi.eu\/sl\/trgovina\/\"},{\"@type\":\"ListItem\",\"position\":3,\"name\":\"Usnjena denarnica POP UP | RFID\"}]},{\"@type\":\"WebSite\",\"@id\":\"http:\/\/staging.leboxi.eu\/sl\/#website\",\"url\":\"http:\/\/staging.leboxi.eu\/sl\/\",\"name\":\"Le Boxi | Unikatna darila za vsakogar\",\"description\":\"Unikatna darila in darilne \u0161katle za vse prilo\u017enosti.\",\"publisher\":{\"@id\":\"http:\/\/staging.leboxi.eu\/sl\/#organization\"},\"potentialAction\":[{\"@type\":\"SearchAction\",\"target\":{\"@type\":\"EntryPoint\",\"urlTemplate\":\"http:\/\/staging.leboxi.eu\/sl\/?s={search_term_string}\"},\"query-input\":{\"@type\":\"PropertyValueSpecification\",\"valueRequired\":true,\"valueName\":\"search_term_string\"}}],\"inLanguage\":\"sl-SI\"},{\"@type\":\"Organization\",\"@id\":\"http:\/\/staging.leboxi.eu\/sl\/#organization\",\"name\":\"LE BOXI\",\"url\":\"http:\/\/staging.leboxi.eu\/sl\/\",\"logo\":{\"@type\":\"ImageObject\",\"inLanguage\":\"sl-SI\",\"@id\":\"http:\/\/staging.leboxi.eu\/sl\/#\/schema\/logo\/image\/\",\"url\":\"http:\/\/staging.leboxi.eu\/wp-content\/uploads\/2021\/02\/LeBoxi-manjsi-png.png\",\"contentUrl\":\"http:\/\/staging.leboxi.eu\/wp-content\/uploads\/2021\/02\/LeBoxi-manjsi-png.png\",\"width\":389,\"height\":164,\"caption\":\"LE BOXI\"},\"image\":{\"@id\":\"http:\/\/staging.leboxi.eu\/sl\/#\/schema\/logo\/image\/\"},\"sameAs\":[\"https:\/\/www.facebook.com\/leboxi.eu\",\"https:\/\/www.instagram.com\/le.boxi\/\"]}]}<\/script>\n<!-- \/ Yoast SEO plugin. -->","yoast_head_json":{"title":"Mo\u0161ka denarnica | POP UP tehnologija | Le Boxi","description":"Odkrijte nepozabno udobje in izrazito eleganco z na\u0161o mo\u0161ko denarnico iz visokokakovostnega usnja. Mo\u0161ka denarnica s POP UP tehnologijo shranjevanja kartic.","robots":{"index":"index","follow":"follow","max-snippet":"max-snippet:-1","max-image-preview":"max-image-preview:large","max-video-preview":"max-video-preview:-1"},"canonical":"http:\/\/staging.leboxi.eu\/sl\/izdelek\/moska-denarnica\/","og_locale":"sl_SI","og_type":"article","og_title":"Mo\u0161ka denarnica | POP UP tehnologija | Le Boxi","og_description":"Odkrijte nepozabno udobje in izrazito eleganco z na\u0161o mo\u0161ko denarnico iz visokokakovostnega usnja. Mo\u0161ka denarnica s POP UP tehnologijo shranjevanja kartic.","og_url":"http:\/\/staging.leboxi.eu\/sl\/izdelek\/moska-denarnica\/","og_site_name":"Le Boxi | Unikatna darila za vsakogar","article_publisher":"https:\/\/www.facebook.com\/leboxi.eu","article_modified_time":"2025-05-14T07:25:46+00:00","og_image":[{"width":900,"height":900,"url":"http:\/\/staging.leboxi.eu\/wp-content\/uploads\/2023\/12\/denarnica-kartice-1.jpg","type":"image\/jpeg"}],"twitter_card":"summary_large_image","twitter_misc":{"Est. reading time":"1 minuta"},"schema":{"@context":"https:\/\/schema.org","@graph":[{"@type":"WebPage","@id":"http:\/\/staging.leboxi.eu\/sl\/izdelek\/moska-denarnica\/","url":"http:\/\/staging.leboxi.eu\/sl\/izdelek\/moska-denarnica\/","name":"Mo\u0161ka denarnica | POP UP tehnologija | Le Boxi","isPartOf":{"@id":"http:\/\/staging.leboxi.eu\/sl\/#website"},"primaryImageOfPage":{"@id":"http:\/\/staging.leboxi.eu\/sl\/izdelek\/moska-denarnica\/#primaryimage"},"image":{"@id":"http:\/\/staging.leboxi.eu\/sl\/izdelek\/moska-denarnica\/#primaryimage"},"thumbnailUrl":"http:\/\/staging.leboxi.eu\/wp-content\/uploads\/2023\/12\/denarnica-kartice-1.jpg","datePublished":"2023-12-24T10:24:04+00:00","dateModified":"2025-05-14T07:25:46+00:00","description":"Odkrijte nepozabno udobje in izrazito eleganco z na\u0161o mo\u0161ko denarnico iz visokokakovostnega usnja. Mo\u0161ka denarnica s POP UP tehnologijo shranjevanja kartic.","breadcrumb":{"@id":"http:\/\/staging.leboxi.eu\/sl\/izdelek\/moska-denarnica\/#breadcrumb"},"inLanguage":"sl-SI","potentialAction":[{"@type":"ReadAction","target":["http:\/\/staging.leboxi.eu\/sl\/izdelek\/moska-denarnica\/"]}]},{"@type":"ImageObject","inLanguage":"sl-SI","@id":"http:\/\/staging.leboxi.eu\/sl\/izdelek\/moska-denarnica\/#primaryimage","url":"http:\/\/staging.leboxi.eu\/wp-content\/uploads\/2023\/12\/denarnica-kartice-1.jpg","contentUrl":"http:\/\/staging.leboxi.eu\/wp-content\/uploads\/2023\/12\/denarnica-kartice-1.jpg","width":900,"height":900},{"@type":"BreadcrumbList","@id":"http:\/\/staging.leboxi.eu\/sl\/izdelek\/moska-denarnica\/#breadcrumb","itemListElement":[{"@type":"ListItem","position":1,"name":"Doma","item":"http:\/\/staging.leboxi.eu\/sl\/"},{"@type":"ListItem","position":2,"name":"Trgovina","item":"http:\/\/staging.leboxi.eu\/sl\/trgovina\/"},{"@type":"ListItem","position":3,"name":"Usnjena denarnica POP UP | RFID"}]},{"@type":"WebSite","@id":"http:\/\/staging.leboxi.eu\/sl\/#website","url":"http:\/\/staging.leboxi.eu\/sl\/","name":"Le Boxi | Unikatna darila za vsakogar","description":"Unikatna darila in darilne \u0161katle za vse prilo\u017enosti.","publisher":{"@id":"http:\/\/staging.leboxi.eu\/sl\/#organization"},"potentialAction":[{"@type":"SearchAction","target":{"@type":"EntryPoint","urlTemplate":"http:\/\/staging.leboxi.eu\/sl\/?s={search_term_string}"},"query-input":{"@type":"PropertyValueSpecification","valueRequired":true,"valueName":"search_term_string"}}],"inLanguage":"sl-SI"},{"@type":"Organization","@id":"http:\/\/staging.leboxi.eu\/sl\/#organization","name":"LE BOXI","url":"http:\/\/staging.leboxi.eu\/sl\/","logo":{"@type":"ImageObject","inLanguage":"sl-SI","@id":"http:\/\/staging.leboxi.eu\/sl\/#\/schema\/logo\/image\/","url":"http:\/\/staging.leboxi.eu\/wp-content\/uploads\/2021\/02\/LeBoxi-manjsi-png.png","contentUrl":"http:\/\/staging.leboxi.eu\/wp-content\/uploads\/2021\/02\/LeBoxi-manjsi-png.png","width":389,"height":164,"caption":"LE BOXI"},"image":{"@id":"http:\/\/staging.leboxi.eu\/sl\/#\/schema\/logo\/image\/"},"sameAs":["https:\/\/www.facebook.com\/leboxi.eu","https:\/\/www.instagram.com\/le.boxi\/"]}]}},"_links":{"self":[{"href":"http:\/\/staging.leboxi.eu\/sl\/wp-json\/wp\/v2\/product\/16275","targetHints":{"allow":["GET"]}}],"collection":[{"href":"http:\/\/staging.leboxi.eu\/sl\/wp-json\/wp\/v2\/product"}],"about":[{"href":"http:\/\/staging.leboxi.eu\/sl\/wp-json\/wp\/v2\/types\/product"}],"replies":[{"embeddable":true,"href":"http:\/\/staging.leboxi.eu\/sl\/wp-json\/wp\/v2\/comments?post=16275"}],"version-history":[{"count":2,"href":"http:\/\/staging.leboxi.eu\/sl\/wp-json\/wp\/v2\/product\/16275\/revisions"}],"predecessor-version":[{"id":16280,"href":"http:\/\/staging.leboxi.eu\/sl\/wp-json\/wp\/v2\/product\/16275\/revisions\/16280"}],"wp:featuredmedia":[{"embeddable":true,"href":"http:\/\/staging.leboxi.eu\/sl\/wp-json\/wp\/v2\/media\/18788"}],"wp:attachment":[{"href":"http:\/\/staging.leboxi.eu\/sl\/wp-json\/wp\/v2\/media?parent=16275"}],"wp:term":[{"taxonomy":"product_brand","embeddable":true,"href":"http:\/\/staging.leboxi.eu\/sl\/wp-json\/wp\/v2\/product_brand?post=16275"},{"taxonomy":"product_cat","embeddable":true,"href":"http:\/\/staging.leboxi.eu\/sl\/wp-json\/wp\/v2\/product_cat?post=16275"},{"taxonomy":"product_tag","embeddable":true,"href":"http:\/\/staging.leboxi.eu\/sl\/wp-json\/wp\/v2\/product_tag?post=16275"}],"curies":[{"name":"wp","href":"https:\/\/api.w.org\/{rel}","templated":true}]}}