{"id":15325,"date":"2023-11-21T14:12:52","date_gmt":"2023-11-21T13:12:52","guid":{"rendered":"http:\/\/staging.leboxi.eu\/?post_type=product&#038;p=15325"},"modified":"2024-12-09T21:58:07","modified_gmt":"2024-12-09T20:58:07","slug":"praznicna-cestitka-podrgni-me-cestitka","status":"publish","type":"product","link":"http:\/\/staging.leboxi.eu\/sl\/izdelek\/praznicna-cestitka-podrgni-me-cestitka\/","title":{"rendered":"Prazni\u010dna \u010destitka!- podrgni me \u010destitka."},"content":{"rendered":"<p>Ta \u010destitka za bo\u017ei\u010d bo zagotovo darilo, ki ga \u0161e dolgo ne bo pozabil\/a <img decoding=\"async\" class=\"emoji\" role=\"img\" src=\"https:\/\/s.w.org\/images\/core\/emoji\/13.1.0\/svg\/1f609.svg\" alt=\"????\" \/>.<\/p>\n","protected":false},"excerpt":{"rendered":"<p style=\"font-weight: 400;\">Ta \u201cpodrgni me\u201d neprimerna prazni\u010dna \u010destitka je zabavna, unikatna in seksi popestritev bo\u017ei\u010dnega ve\u010dera!<\/p>\n<p style=\"font-weight: 400;\">Podarite jo kot samostojno darilo ali kot piko na i va\u0161emu bo\u017ei\u010dnemu darilu. Zagotovo je to bo\u017ei\u010dno darilo, ki ga \u0161e dolgo ne bosta pozabila. Kartica je velikost 148 x 105 mm in prilo\u017eena v kuverti. Na zadnji (prazni) strani lahko pripi\u0161ete \u0161e svoje vro\u010de sporo\u010dilo. 100% seksi, 100% zabavno in 100% nepozabno darilo za oba!<\/p>\n<p style=\"font-weight: 400;\">\u010ce \u017eelite bomo va\u0161e darilo obdarovancu dostavili mi, seveda pa ob dostavi ne bomo prilo\u017eili ra\u010duna. Le-tega boste prejeli vi.<\/p>\n<p>&nbsp;<\/p>\n<p>&nbsp;<\/p>\n","protected":false},"featured_media":4676,"comment_status":"open","ping_status":"closed","template":"","meta":{"site-sidebar-layout":"default","site-content-layout":"default","ast-site-content-layout":"default","site-content-style":"default","site-sidebar-style":"default","ast-global-header-display":"","ast-banner-title-visibility":"","ast-main-header-display":"","ast-hfb-above-header-display":"","ast-hfb-below-header-display":"","ast-hfb-mobile-header-display":"","site-post-title":"","ast-breadcrumbs-content":"","ast-featured-img":"","footer-sml-layout":"","theme-transparent-header-meta":"default","adv-header-id-meta":"","stick-header-meta":"","header-above-stick-meta":"","header-main-stick-meta":"","header-below-stick-meta":"","astra-migrate-meta-layouts":"set","ast-page-background-enabled":"default","ast-page-background-meta":{"desktop":{"background-color":"","background-image":"","background-repeat":"repeat","background-position":"center center","background-size":"auto","background-attachment":"scroll","background-type":"","background-media":"","overlay-type":"","overlay-color":"","overlay-opacity":"","overlay-gradient":""},"tablet":{"background-color":"","background-image":"","background-repeat":"repeat","background-position":"center center","background-size":"auto","background-attachment":"scroll","background-type":"","background-media":"","overlay-type":"","overlay-color":"","overlay-opacity":"","overlay-gradient":""},"mobile":{"background-color":"","background-image":"","background-repeat":"repeat","background-position":"center center","background-size":"auto","background-attachment":"scroll","background-type":"","background-media":"","overlay-type":"","overlay-color":"","overlay-opacity":"","overlay-gradient":""}},"ast-content-background-meta":{"desktop":{"background-color":"var(--ast-global-color-5)","background-image":"","background-repeat":"repeat","background-position":"center center","background-size":"auto","background-attachment":"scroll","background-type":"","background-media":"","overlay-type":"","overlay-color":"","overlay-opacity":"","overlay-gradient":""},"tablet":{"background-color":"var(--ast-global-color-5)","background-image":"","background-repeat":"repeat","background-position":"center center","background-size":"auto","background-attachment":"scroll","background-type":"","background-media":"","overlay-type":"","overlay-color":"","overlay-opacity":"","overlay-gradient":""},"mobile":{"background-color":"var(--ast-global-color-5)","background-image":"","background-repeat":"repeat","background-position":"center center","background-size":"auto","background-attachment":"scroll","background-type":"","background-media":"","overlay-type":"","overlay-color":"","overlay-opacity":"","overlay-gradient":""}}},"product_brand":[],"product_cat":[186,178,187,15,118,49,132,27,122,130,146,160,142,166],"product_tag":[],"class_list":{"0":"post-15325","1":"product","2":"type-product","3":"status-publish","4":"has-post-thumbnail","6":"product_cat-darila-za-bozic-za-zenske","7":"product_cat-za-zenske","8":"product_cat-neprimerne-cestitke","9":"product_cat-splosna","10":"product_cat-darila-za-fanta","11":"product_cat-neprimerna","12":"product_cat-smesna-darila","13":"product_cat-zenske","14":"product_cat-darila-za-zenske","15":"product_cat-darila-za-punco","16":"product_cat-priloznosti","17":"product_cat-darila-za-bozic","18":"product_cat-smesna-darila-za-bozic","19":"product_cat-cestitke","20":"desktop-align-left","21":"tablet-align-left","22":"mobile-align-left","24":"first","25":"instock","26":"taxable","27":"shipping-taxable","28":"purchasable","29":"product-type-simple"},"yoast_head":"<!-- This site is optimized with the Yoast SEO plugin v25.2 - https:\/\/yoast.com\/wordpress\/plugins\/seo\/ -->\n<title>Podrgni me prazni\u010dna \u010destitka - Vesel bo\u017ei\u010d<\/title>\n<meta name=\"description\" content=\"Ta \u201cpodrgni me\u201d neprimerna prazni\u010dna \u010destitka je zabavna, unikatna in seksi popestritev bo\u017ei\u010dnega ve\u010dera!\" \/>\n<meta name=\"robots\" content=\"index, follow, max-snippet:-1, max-image-preview:large, max-video-preview:-1\" \/>\n<link rel=\"canonical\" href=\"http:\/\/staging.leboxi.eu\/sl\/izdelek\/praznicna-cestitka-podrgni-me-cestitka\/\" \/>\n<meta property=\"og:locale\" content=\"sl_SI\" \/>\n<meta property=\"og:type\" content=\"article\" \/>\n<meta property=\"og:title\" content=\"Podrgni me prazni\u010dna \u010destitka - Vesel bo\u017ei\u010d\" \/>\n<meta property=\"og:description\" content=\"Ta \u201cpodrgni me\u201d neprimerna prazni\u010dna \u010destitka je zabavna, unikatna in seksi popestritev bo\u017ei\u010dnega ve\u010dera!\" \/>\n<meta property=\"og:url\" content=\"http:\/\/staging.leboxi.eu\/sl\/izdelek\/praznicna-cestitka-podrgni-me-cestitka\/\" \/>\n<meta property=\"og:site_name\" content=\"Le Boxi | Unikatna darila za vsakogar\" \/>\n<meta property=\"article:publisher\" content=\"https:\/\/www.facebook.com\/leboxi.eu\" \/>\n<meta property=\"article:modified_time\" content=\"2024-12-09T20:58:07+00:00\" \/>\n<meta property=\"og:image\" content=\"http:\/\/staging.leboxi.eu\/wp-content\/uploads\/2021\/12\/vesel-bozic-cestitka.jpg\" \/>\n\t<meta property=\"og:image:width\" content=\"1000\" \/>\n\t<meta property=\"og:image:height\" content=\"1000\" \/>\n\t<meta property=\"og:image:type\" content=\"image\/jpeg\" \/>\n<meta name=\"twitter:card\" content=\"summary_large_image\" \/>\n<meta name=\"twitter:label1\" content=\"Est. reading time\" \/>\n\t<meta name=\"twitter:data1\" content=\"1 minuta\" \/>\n<script type=\"application\/ld+json\" class=\"yoast-schema-graph\">{\"@context\":\"https:\/\/schema.org\",\"@graph\":[{\"@type\":\"WebPage\",\"@id\":\"http:\/\/staging.leboxi.eu\/sl\/izdelek\/praznicna-cestitka-podrgni-me-cestitka\/\",\"url\":\"http:\/\/staging.leboxi.eu\/sl\/izdelek\/praznicna-cestitka-podrgni-me-cestitka\/\",\"name\":\"Podrgni me prazni\u010dna \u010destitka - Vesel bo\u017ei\u010d\",\"isPartOf\":{\"@id\":\"http:\/\/staging.leboxi.eu\/sl\/#website\"},\"primaryImageOfPage\":{\"@id\":\"http:\/\/staging.leboxi.eu\/sl\/izdelek\/praznicna-cestitka-podrgni-me-cestitka\/#primaryimage\"},\"image\":{\"@id\":\"http:\/\/staging.leboxi.eu\/sl\/izdelek\/praznicna-cestitka-podrgni-me-cestitka\/#primaryimage\"},\"thumbnailUrl\":\"http:\/\/staging.leboxi.eu\/wp-content\/uploads\/2021\/12\/vesel-bozic-cestitka.jpg\",\"datePublished\":\"2023-11-21T13:12:52+00:00\",\"dateModified\":\"2024-12-09T20:58:07+00:00\",\"description\":\"Ta \u201cpodrgni me\u201d neprimerna prazni\u010dna \u010destitka je zabavna, unikatna in seksi popestritev bo\u017ei\u010dnega ve\u010dera!\",\"breadcrumb\":{\"@id\":\"http:\/\/staging.leboxi.eu\/sl\/izdelek\/praznicna-cestitka-podrgni-me-cestitka\/#breadcrumb\"},\"inLanguage\":\"sl-SI\",\"potentialAction\":[{\"@type\":\"ReadAction\",\"target\":[\"http:\/\/staging.leboxi.eu\/sl\/izdelek\/praznicna-cestitka-podrgni-me-cestitka\/\"]}]},{\"@type\":\"ImageObject\",\"inLanguage\":\"sl-SI\",\"@id\":\"http:\/\/staging.leboxi.eu\/sl\/izdelek\/praznicna-cestitka-podrgni-me-cestitka\/#primaryimage\",\"url\":\"http:\/\/staging.leboxi.eu\/wp-content\/uploads\/2021\/12\/vesel-bozic-cestitka.jpg\",\"contentUrl\":\"http:\/\/staging.leboxi.eu\/wp-content\/uploads\/2021\/12\/vesel-bozic-cestitka.jpg\",\"width\":1000,\"height\":1000,\"caption\":\"vesel bo\u017ei\u010d sexy \u010destitka\"},{\"@type\":\"BreadcrumbList\",\"@id\":\"http:\/\/staging.leboxi.eu\/sl\/izdelek\/praznicna-cestitka-podrgni-me-cestitka\/#breadcrumb\",\"itemListElement\":[{\"@type\":\"ListItem\",\"position\":1,\"name\":\"Doma\",\"item\":\"http:\/\/staging.leboxi.eu\/sl\/\"},{\"@type\":\"ListItem\",\"position\":2,\"name\":\"Trgovina\",\"item\":\"http:\/\/staging.leboxi.eu\/sl\/trgovina\/\"},{\"@type\":\"ListItem\",\"position\":3,\"name\":\"Prazni\u010dna \u010destitka!- podrgni me \u010destitka.\"}]},{\"@type\":\"WebSite\",\"@id\":\"http:\/\/staging.leboxi.eu\/sl\/#website\",\"url\":\"http:\/\/staging.leboxi.eu\/sl\/\",\"name\":\"Le Boxi | Unikatna darila za vsakogar\",\"description\":\"Unikatna darila in darilne \u0161katle za vse prilo\u017enosti.\",\"publisher\":{\"@id\":\"http:\/\/staging.leboxi.eu\/sl\/#organization\"},\"potentialAction\":[{\"@type\":\"SearchAction\",\"target\":{\"@type\":\"EntryPoint\",\"urlTemplate\":\"http:\/\/staging.leboxi.eu\/sl\/?s={search_term_string}\"},\"query-input\":{\"@type\":\"PropertyValueSpecification\",\"valueRequired\":true,\"valueName\":\"search_term_string\"}}],\"inLanguage\":\"sl-SI\"},{\"@type\":\"Organization\",\"@id\":\"http:\/\/staging.leboxi.eu\/sl\/#organization\",\"name\":\"LE BOXI\",\"url\":\"http:\/\/staging.leboxi.eu\/sl\/\",\"logo\":{\"@type\":\"ImageObject\",\"inLanguage\":\"sl-SI\",\"@id\":\"http:\/\/staging.leboxi.eu\/sl\/#\/schema\/logo\/image\/\",\"url\":\"http:\/\/staging.leboxi.eu\/wp-content\/uploads\/2021\/02\/LeBoxi-manjsi-png.png\",\"contentUrl\":\"http:\/\/staging.leboxi.eu\/wp-content\/uploads\/2021\/02\/LeBoxi-manjsi-png.png\",\"width\":389,\"height\":164,\"caption\":\"LE BOXI\"},\"image\":{\"@id\":\"http:\/\/staging.leboxi.eu\/sl\/#\/schema\/logo\/image\/\"},\"sameAs\":[\"https:\/\/www.facebook.com\/leboxi.eu\",\"https:\/\/www.instagram.com\/le.boxi\/\"]}]}<\/script>\n<!-- \/ Yoast SEO plugin. -->","yoast_head_json":{"title":"Podrgni me prazni\u010dna \u010destitka - Vesel bo\u017ei\u010d","description":"Ta \u201cpodrgni me\u201d neprimerna prazni\u010dna \u010destitka je zabavna, unikatna in seksi popestritev bo\u017ei\u010dnega ve\u010dera!","robots":{"index":"index","follow":"follow","max-snippet":"max-snippet:-1","max-image-preview":"max-image-preview:large","max-video-preview":"max-video-preview:-1"},"canonical":"http:\/\/staging.leboxi.eu\/sl\/izdelek\/praznicna-cestitka-podrgni-me-cestitka\/","og_locale":"sl_SI","og_type":"article","og_title":"Podrgni me prazni\u010dna \u010destitka - Vesel bo\u017ei\u010d","og_description":"Ta \u201cpodrgni me\u201d neprimerna prazni\u010dna \u010destitka je zabavna, unikatna in seksi popestritev bo\u017ei\u010dnega ve\u010dera!","og_url":"http:\/\/staging.leboxi.eu\/sl\/izdelek\/praznicna-cestitka-podrgni-me-cestitka\/","og_site_name":"Le Boxi | Unikatna darila za vsakogar","article_publisher":"https:\/\/www.facebook.com\/leboxi.eu","article_modified_time":"2024-12-09T20:58:07+00:00","og_image":[{"width":1000,"height":1000,"url":"http:\/\/staging.leboxi.eu\/wp-content\/uploads\/2021\/12\/vesel-bozic-cestitka.jpg","type":"image\/jpeg"}],"twitter_card":"summary_large_image","twitter_misc":{"Est. reading time":"1 minuta"},"schema":{"@context":"https:\/\/schema.org","@graph":[{"@type":"WebPage","@id":"http:\/\/staging.leboxi.eu\/sl\/izdelek\/praznicna-cestitka-podrgni-me-cestitka\/","url":"http:\/\/staging.leboxi.eu\/sl\/izdelek\/praznicna-cestitka-podrgni-me-cestitka\/","name":"Podrgni me prazni\u010dna \u010destitka - Vesel bo\u017ei\u010d","isPartOf":{"@id":"http:\/\/staging.leboxi.eu\/sl\/#website"},"primaryImageOfPage":{"@id":"http:\/\/staging.leboxi.eu\/sl\/izdelek\/praznicna-cestitka-podrgni-me-cestitka\/#primaryimage"},"image":{"@id":"http:\/\/staging.leboxi.eu\/sl\/izdelek\/praznicna-cestitka-podrgni-me-cestitka\/#primaryimage"},"thumbnailUrl":"http:\/\/staging.leboxi.eu\/wp-content\/uploads\/2021\/12\/vesel-bozic-cestitka.jpg","datePublished":"2023-11-21T13:12:52+00:00","dateModified":"2024-12-09T20:58:07+00:00","description":"Ta \u201cpodrgni me\u201d neprimerna prazni\u010dna \u010destitka je zabavna, unikatna in seksi popestritev bo\u017ei\u010dnega ve\u010dera!","breadcrumb":{"@id":"http:\/\/staging.leboxi.eu\/sl\/izdelek\/praznicna-cestitka-podrgni-me-cestitka\/#breadcrumb"},"inLanguage":"sl-SI","potentialAction":[{"@type":"ReadAction","target":["http:\/\/staging.leboxi.eu\/sl\/izdelek\/praznicna-cestitka-podrgni-me-cestitka\/"]}]},{"@type":"ImageObject","inLanguage":"sl-SI","@id":"http:\/\/staging.leboxi.eu\/sl\/izdelek\/praznicna-cestitka-podrgni-me-cestitka\/#primaryimage","url":"http:\/\/staging.leboxi.eu\/wp-content\/uploads\/2021\/12\/vesel-bozic-cestitka.jpg","contentUrl":"http:\/\/staging.leboxi.eu\/wp-content\/uploads\/2021\/12\/vesel-bozic-cestitka.jpg","width":1000,"height":1000,"caption":"vesel bo\u017ei\u010d sexy \u010destitka"},{"@type":"BreadcrumbList","@id":"http:\/\/staging.leboxi.eu\/sl\/izdelek\/praznicna-cestitka-podrgni-me-cestitka\/#breadcrumb","itemListElement":[{"@type":"ListItem","position":1,"name":"Doma","item":"http:\/\/staging.leboxi.eu\/sl\/"},{"@type":"ListItem","position":2,"name":"Trgovina","item":"http:\/\/staging.leboxi.eu\/sl\/trgovina\/"},{"@type":"ListItem","position":3,"name":"Prazni\u010dna \u010destitka!- podrgni me \u010destitka."}]},{"@type":"WebSite","@id":"http:\/\/staging.leboxi.eu\/sl\/#website","url":"http:\/\/staging.leboxi.eu\/sl\/","name":"Le Boxi | Unikatna darila za vsakogar","description":"Unikatna darila in darilne \u0161katle za vse prilo\u017enosti.","publisher":{"@id":"http:\/\/staging.leboxi.eu\/sl\/#organization"},"potentialAction":[{"@type":"SearchAction","target":{"@type":"EntryPoint","urlTemplate":"http:\/\/staging.leboxi.eu\/sl\/?s={search_term_string}"},"query-input":{"@type":"PropertyValueSpecification","valueRequired":true,"valueName":"search_term_string"}}],"inLanguage":"sl-SI"},{"@type":"Organization","@id":"http:\/\/staging.leboxi.eu\/sl\/#organization","name":"LE BOXI","url":"http:\/\/staging.leboxi.eu\/sl\/","logo":{"@type":"ImageObject","inLanguage":"sl-SI","@id":"http:\/\/staging.leboxi.eu\/sl\/#\/schema\/logo\/image\/","url":"http:\/\/staging.leboxi.eu\/wp-content\/uploads\/2021\/02\/LeBoxi-manjsi-png.png","contentUrl":"http:\/\/staging.leboxi.eu\/wp-content\/uploads\/2021\/02\/LeBoxi-manjsi-png.png","width":389,"height":164,"caption":"LE BOXI"},"image":{"@id":"http:\/\/staging.leboxi.eu\/sl\/#\/schema\/logo\/image\/"},"sameAs":["https:\/\/www.facebook.com\/leboxi.eu","https:\/\/www.instagram.com\/le.boxi\/"]}]}},"_links":{"self":[{"href":"http:\/\/staging.leboxi.eu\/sl\/wp-json\/wp\/v2\/product\/15325","targetHints":{"allow":["GET"]}}],"collection":[{"href":"http:\/\/staging.leboxi.eu\/sl\/wp-json\/wp\/v2\/product"}],"about":[{"href":"http:\/\/staging.leboxi.eu\/sl\/wp-json\/wp\/v2\/types\/product"}],"replies":[{"embeddable":true,"href":"http:\/\/staging.leboxi.eu\/sl\/wp-json\/wp\/v2\/comments?post=15325"}],"version-history":[{"count":1,"href":"http:\/\/staging.leboxi.eu\/sl\/wp-json\/wp\/v2\/product\/15325\/revisions"}],"predecessor-version":[{"id":15327,"href":"http:\/\/staging.leboxi.eu\/sl\/wp-json\/wp\/v2\/product\/15325\/revisions\/15327"}],"wp:featuredmedia":[{"embeddable":true,"href":"http:\/\/staging.leboxi.eu\/sl\/wp-json\/wp\/v2\/media\/4676"}],"wp:attachment":[{"href":"http:\/\/staging.leboxi.eu\/sl\/wp-json\/wp\/v2\/media?parent=15325"}],"wp:term":[{"taxonomy":"product_brand","embeddable":true,"href":"http:\/\/staging.leboxi.eu\/sl\/wp-json\/wp\/v2\/product_brand?post=15325"},{"taxonomy":"product_cat","embeddable":true,"href":"http:\/\/staging.leboxi.eu\/sl\/wp-json\/wp\/v2\/product_cat?post=15325"},{"taxonomy":"product_tag","embeddable":true,"href":"http:\/\/staging.leboxi.eu\/sl\/wp-json\/wp\/v2\/product_tag?post=15325"}],"curies":[{"name":"wp","href":"https:\/\/api.w.org\/{rel}","templated":true}]}}