{"id":12683,"date":"2023-03-26T19:57:37","date_gmt":"2023-03-26T18:57:37","guid":{"rendered":"http:\/\/staging.leboxi.eu\/?post_type=product&#038;p=12683"},"modified":"2024-03-21T13:44:05","modified_gmt":"2024-03-21T12:44:05","slug":"verizica-srce-kopija","status":"publish","type":"product","link":"http:\/\/staging.leboxi.eu\/sl\/izdelek\/verizica-srce-kopija\/","title":{"rendered":"Veri\u017eica ELLE s sliko"},"content":{"rendered":"<p><strong>Veri\u017eica ELLE<\/strong><\/p>\n<p>Barva: srebrna, roza zlata, zlata<\/p>\n<p>Material: nerjave\u010de kirur\u0161ko jeklo<\/p>\n<p>Dol\u017eina veri\u017eice: 50 cm + 5 cm<\/p>\n<p>Velikost obeska: 2 cm x 1,35 cm<\/p>\n<p>Veri\u017eica ELLE je odli\u010dno presene\u010denje za va\u0161o najdra\u017ejo. Veri\u017eica\u00a0 je iz nerjave\u010dega kirur\u0161kega jekla. Zaradi svoje sestave je zelo odporna na zunanje vplive. \u010ce bi radi veri\u017eico podarili kot darilo vam jo lahko zapakiramo v li\u010dno darilno \u0161katlico. \u010ce bi radi veri\u017eico podarili kot darilo vam jo lahko zapakiramo v li\u010dno darilno \u0161katlico.<\/p>\n<p>Priporo\u010dila za uporabo: Priporo\u010damo, da nakit odstranite pred kopanjem\/tu\u0161iranjem, med spanjem ter pri \u0161portnih dejavnostih, da se ne bo po\u0161kodovalo in ostalo \u010dim bolj sijajno dalj \u010dasa. Nakit ne pu\u0161\u010da made\u017eev, se ne razbarva, ne obarva ko\u017ee zeleno ter je vodoodporno.<\/p>\n<h6><strong>Celoten proces izdelave personalizirane veri\u017eice ter dostave na va\u0161 naslov traja 20 \u2013 30 dni. Veri\u017eica ne bo dostavljena pred tem obdobjem. V primeru, da naro\u010dite \u0161e druge izdelke bodo dostavljeni v lo\u010deni po\u0161iljki. Zaradi trenutnih izrednih razmer na trgu so mo\u017ene zamude pri dostavi.<\/strong><\/h6>\n<p>&nbsp;<\/p>\n<h6>Dodatno:<\/h6>\n<p>Za piko na i lahko svoj darilni set nadgradite z\u00a0<a href=\"http:\/\/staging.leboxi.eu\/blog\/posvetilo-darilni-listki\/\">darilnimi listi\u010di<\/a>\u00a0za izdelavo katerih navodila najdete na na\u0161em blogu.<\/p>\n<p>\u010ce \u017eelite bomo va\u0161e darilo obdarovancu dostavili mi, seveda pa ob dostavi ne bomo prilo\u017eili ra\u010duna. Le-tega boste prejeli vi.<\/p>\n<p>&nbsp;<\/p>\n<p>Pri personaliziranih izdelkih kupec\u00a0<strong>nima pravice<\/strong>\u00a0do odstopa od nakupne pogodbe. V praksi to pomeni, da za vse izdelke, ki so narejeni po \u017eelji kupca, potro\u0161nik ne vra\u010da izdelka, je pa zavezan k pla\u010dilu po sklenjeni pogodbi. Ponudnik ne odgovarja za nepravilno izbrane mo\u017enosti (npr. napa\u010dno izbranega tipa personaliziranega izdelka, napa\u010dna izbira vzorca personalizacije, napake \u010drkovanja, napake datuma ipd.) personalizacije pri nakupu.<\/p>\n","protected":false},"excerpt":{"rendered":"<p>Elegantna veri\u017eica ELLE je unikatno darilo za vsako \u017eensko. Izdelana je iz nerjave\u010dega kirur\u0161kega jekla. \u010ce bi radi veri\u017eico podarili kot darilo vam jo lahko zapakiramo v li\u010dno darilno \u0161katlico.<\/p>\n<ul>\n<li>Dol\u017eina veri\u017eice: 50 cm + 5 cm<\/li>\n<li>Velikost obeska: 2 cm x 1,35 cm<\/li>\n<li>Material: nerjave\u010de jeklo<\/li>\n<li>100% hipoalergena, 100% ne pu\u0161\u010da made\u017eev na ko\u017ei<\/li>\n<li><strong>\u010cas dostave: 20 \u2013 30 dni (\u010das izdelave + dostava)<\/strong><\/li>\n<\/ul>\n<p>Va\u0161e darilo lahko obdarovancu dostavimo mi, seveda pa ob dostavi ne bomo prilo\u017eili ra\u010duna. Le-tega boste prejeli vi.<\/p>\n<p>Darilu lahko prilo\u017eite tudi <a href=\"http:\/\/staging.leboxi.eu\/izdelki\/personalizirana-cestitka\/\"><strong>personalizirano \u010destitko<\/strong><\/a>.<\/p>\n<p>&nbsp;<\/p>\n","protected":false},"featured_media":12708,"comment_status":"open","ping_status":"closed","template":"","meta":{"site-sidebar-layout":"default","site-content-layout":"default","ast-site-content-layout":"","site-content-style":"default","site-sidebar-style":"default","ast-global-header-display":"","ast-banner-title-visibility":"","ast-main-header-display":"","ast-hfb-above-header-display":"","ast-hfb-below-header-display":"","ast-hfb-mobile-header-display":"","site-post-title":"","ast-breadcrumbs-content":"","ast-featured-img":"","footer-sml-layout":"","theme-transparent-header-meta":"default","adv-header-id-meta":"","stick-header-meta":"","header-above-stick-meta":"","header-main-stick-meta":"","header-below-stick-meta":"","astra-migrate-meta-layouts":"default","ast-page-background-enabled":"default","ast-page-background-meta":{"desktop":{"background-color":"","background-image":"","background-repeat":"repeat","background-position":"center center","background-size":"auto","background-attachment":"scroll","background-type":"","background-media":"","overlay-type":"","overlay-color":"","overlay-opacity":"","overlay-gradient":""},"tablet":{"background-color":"","background-image":"","background-repeat":"repeat","background-position":"center center","background-size":"auto","background-attachment":"scroll","background-type":"","background-media":"","overlay-type":"","overlay-color":"","overlay-opacity":"","overlay-gradient":""},"mobile":{"background-color":"","background-image":"","background-repeat":"repeat","background-position":"center center","background-size":"auto","background-attachment":"scroll","background-type":"","background-media":"","overlay-type":"","overlay-color":"","overlay-opacity":"","overlay-gradient":""}},"ast-content-background-meta":{"desktop":{"background-color":"var(--ast-global-color-5)","background-image":"","background-repeat":"repeat","background-position":"center center","background-size":"auto","background-attachment":"scroll","background-type":"","background-media":"","overlay-type":"","overlay-color":"","overlay-opacity":"","overlay-gradient":""},"tablet":{"background-color":"var(--ast-global-color-5)","background-image":"","background-repeat":"repeat","background-position":"center center","background-size":"auto","background-attachment":"scroll","background-type":"","background-media":"","overlay-type":"","overlay-color":"","overlay-opacity":"","overlay-gradient":""},"mobile":{"background-color":"var(--ast-global-color-5)","background-image":"","background-repeat":"repeat","background-position":"center center","background-size":"auto","background-attachment":"scroll","background-type":"","background-media":"","overlay-type":"","overlay-color":"","overlay-opacity":"","overlay-gradient":""}}},"product_brand":[],"product_cat":[186,178,182,293,296,15,27,122,126,130,148,170,172,146,164,162,160,156,154],"product_tag":[],"class_list":{"0":"post-12683","1":"product","2":"type-product","3":"status-publish","4":"has-post-thumbnail","6":"product_cat-darila-za-bozic-za-zenske","7":"product_cat-za-zenske","8":"product_cat-darila-za-valentinovo-za-zenske","9":"product_cat-najbolj-prodajano-dan-zena","10":"product_cat-s-sliko","11":"product_cat-splosna","12":"product_cat-zenske","13":"product_cat-darila-za-zenske","14":"product_cat-darila-za-mamo","15":"product_cat-darila-za-punco","16":"product_cat-darila-za-prijateljico","17":"product_cat-nakit","18":"product_cat-verizice","19":"product_cat-priloznosti","20":"product_cat-darila-za-rojstni-dan","21":"product_cat-darila-za-valentinovo","22":"product_cat-darila-za-bozic","23":"product_cat-darila-za-dan-zena","24":"product_cat-darila-za-materinski-dan","25":"pa_nakit-roza-zlato","26":"pa_nakit-roza-zlato-darilno","27":"pa_nakit-srebrno","28":"pa_nakit-srebrno-darilno","29":"pa_nakit-zlato","30":"pa_nakit-zlato-darilno","31":"desktop-align-left","32":"tablet-align-left","33":"mobile-align-left","35":"first","36":"instock","37":"featured","38":"taxable","39":"shipping-taxable","40":"purchasable","41":"product-type-variable"},"yoast_head":"<!-- This site is optimized with the Yoast SEO plugin v25.2 - https:\/\/yoast.com\/wordpress\/plugins\/seo\/ -->\n<title>Veri\u017eica ELLE | Unikatna darila za vsakogar | Le Boxi<\/title>\n<meta name=\"description\" content=\"Veri\u017eica ELLE je odli\u010dno presene\u010denje za va\u0161o najdra\u017ejo. Veri\u017eica je iz nerjave\u010dega jekla.\" \/>\n<meta name=\"robots\" content=\"index, follow, max-snippet:-1, max-image-preview:large, max-video-preview:-1\" \/>\n<link rel=\"canonical\" href=\"http:\/\/staging.leboxi.eu\/sl\/izdelek\/verizica-srce-kopija\/\" \/>\n<meta property=\"og:locale\" content=\"sl_SI\" \/>\n<meta property=\"og:type\" content=\"article\" \/>\n<meta property=\"og:title\" content=\"Veri\u017eica ELLE | Unikatna darila za vsakogar | Le Boxi\" \/>\n<meta property=\"og:description\" content=\"Veri\u017eica ELLE je odli\u010dno presene\u010denje za va\u0161o najdra\u017ejo. Veri\u017eica je iz nerjave\u010dega jekla.\" \/>\n<meta property=\"og:url\" content=\"http:\/\/staging.leboxi.eu\/sl\/izdelek\/verizica-srce-kopija\/\" \/>\n<meta property=\"og:site_name\" content=\"Le Boxi | Unikatna darila za vsakogar\" \/>\n<meta property=\"article:publisher\" content=\"https:\/\/www.facebook.com\/leboxi.eu\" \/>\n<meta property=\"article:modified_time\" content=\"2024-03-21T12:44:05+00:00\" \/>\n<meta property=\"og:image\" content=\"http:\/\/staging.leboxi.eu\/wp-content\/uploads\/2023\/03\/Verizica-ELLE-2.webp\" \/>\n\t<meta property=\"og:image:width\" content=\"1000\" \/>\n\t<meta property=\"og:image:height\" content=\"1000\" \/>\n\t<meta property=\"og:image:type\" content=\"image\/webp\" \/>\n<meta name=\"twitter:card\" content=\"summary_large_image\" \/>\n<meta name=\"twitter:label1\" content=\"Est. reading time\" \/>\n\t<meta name=\"twitter:data1\" content=\"1 minuta\" \/>\n<script type=\"application\/ld+json\" class=\"yoast-schema-graph\">{\"@context\":\"https:\/\/schema.org\",\"@graph\":[{\"@type\":\"WebPage\",\"@id\":\"http:\/\/staging.leboxi.eu\/sl\/izdelek\/verizica-srce-kopija\/\",\"url\":\"http:\/\/staging.leboxi.eu\/sl\/izdelek\/verizica-srce-kopija\/\",\"name\":\"Veri\u017eica ELLE | Unikatna darila za vsakogar | Le Boxi\",\"isPartOf\":{\"@id\":\"http:\/\/staging.leboxi.eu\/sl\/#website\"},\"primaryImageOfPage\":{\"@id\":\"http:\/\/staging.leboxi.eu\/sl\/izdelek\/verizica-srce-kopija\/#primaryimage\"},\"image\":{\"@id\":\"http:\/\/staging.leboxi.eu\/sl\/izdelek\/verizica-srce-kopija\/#primaryimage\"},\"thumbnailUrl\":\"http:\/\/staging.leboxi.eu\/wp-content\/uploads\/2023\/03\/Verizica-ELLE-2.webp\",\"datePublished\":\"2023-03-26T18:57:37+00:00\",\"dateModified\":\"2024-03-21T12:44:05+00:00\",\"description\":\"Veri\u017eica ELLE je odli\u010dno presene\u010denje za va\u0161o najdra\u017ejo. Veri\u017eica je iz nerjave\u010dega jekla.\",\"breadcrumb\":{\"@id\":\"http:\/\/staging.leboxi.eu\/sl\/izdelek\/verizica-srce-kopija\/#breadcrumb\"},\"inLanguage\":\"sl-SI\",\"potentialAction\":[{\"@type\":\"ReadAction\",\"target\":[\"http:\/\/staging.leboxi.eu\/sl\/izdelek\/verizica-srce-kopija\/\"]}]},{\"@type\":\"ImageObject\",\"inLanguage\":\"sl-SI\",\"@id\":\"http:\/\/staging.leboxi.eu\/sl\/izdelek\/verizica-srce-kopija\/#primaryimage\",\"url\":\"http:\/\/staging.leboxi.eu\/wp-content\/uploads\/2023\/03\/Verizica-ELLE-2.webp\",\"contentUrl\":\"http:\/\/staging.leboxi.eu\/wp-content\/uploads\/2023\/03\/Verizica-ELLE-2.webp\",\"width\":1000,\"height\":1000,\"caption\":\"veri\u017eica v obliki \u010destitke\"},{\"@type\":\"BreadcrumbList\",\"@id\":\"http:\/\/staging.leboxi.eu\/sl\/izdelek\/verizica-srce-kopija\/#breadcrumb\",\"itemListElement\":[{\"@type\":\"ListItem\",\"position\":1,\"name\":\"Doma\",\"item\":\"http:\/\/staging.leboxi.eu\/sl\/\"},{\"@type\":\"ListItem\",\"position\":2,\"name\":\"Trgovina\",\"item\":\"http:\/\/staging.leboxi.eu\/sl\/trgovina\/\"},{\"@type\":\"ListItem\",\"position\":3,\"name\":\"Veri\u017eica ELLE s sliko\"}]},{\"@type\":\"WebSite\",\"@id\":\"http:\/\/staging.leboxi.eu\/sl\/#website\",\"url\":\"http:\/\/staging.leboxi.eu\/sl\/\",\"name\":\"Le Boxi | Unikatna darila za vsakogar\",\"description\":\"Unikatna darila in darilne \u0161katle za vse prilo\u017enosti.\",\"publisher\":{\"@id\":\"http:\/\/staging.leboxi.eu\/sl\/#organization\"},\"potentialAction\":[{\"@type\":\"SearchAction\",\"target\":{\"@type\":\"EntryPoint\",\"urlTemplate\":\"http:\/\/staging.leboxi.eu\/sl\/?s={search_term_string}\"},\"query-input\":{\"@type\":\"PropertyValueSpecification\",\"valueRequired\":true,\"valueName\":\"search_term_string\"}}],\"inLanguage\":\"sl-SI\"},{\"@type\":\"Organization\",\"@id\":\"http:\/\/staging.leboxi.eu\/sl\/#organization\",\"name\":\"LE BOXI\",\"url\":\"http:\/\/staging.leboxi.eu\/sl\/\",\"logo\":{\"@type\":\"ImageObject\",\"inLanguage\":\"sl-SI\",\"@id\":\"http:\/\/staging.leboxi.eu\/sl\/#\/schema\/logo\/image\/\",\"url\":\"http:\/\/staging.leboxi.eu\/wp-content\/uploads\/2021\/02\/LeBoxi-manjsi-png.png\",\"contentUrl\":\"http:\/\/staging.leboxi.eu\/wp-content\/uploads\/2021\/02\/LeBoxi-manjsi-png.png\",\"width\":389,\"height\":164,\"caption\":\"LE BOXI\"},\"image\":{\"@id\":\"http:\/\/staging.leboxi.eu\/sl\/#\/schema\/logo\/image\/\"},\"sameAs\":[\"https:\/\/www.facebook.com\/leboxi.eu\",\"https:\/\/www.instagram.com\/le.boxi\/\"]}]}<\/script>\n<!-- \/ Yoast SEO plugin. -->","yoast_head_json":{"title":"Veri\u017eica ELLE | Unikatna darila za vsakogar | Le Boxi","description":"Veri\u017eica ELLE je odli\u010dno presene\u010denje za va\u0161o najdra\u017ejo. Veri\u017eica je iz nerjave\u010dega jekla.","robots":{"index":"index","follow":"follow","max-snippet":"max-snippet:-1","max-image-preview":"max-image-preview:large","max-video-preview":"max-video-preview:-1"},"canonical":"http:\/\/staging.leboxi.eu\/sl\/izdelek\/verizica-srce-kopija\/","og_locale":"sl_SI","og_type":"article","og_title":"Veri\u017eica ELLE | Unikatna darila za vsakogar | Le Boxi","og_description":"Veri\u017eica ELLE je odli\u010dno presene\u010denje za va\u0161o najdra\u017ejo. Veri\u017eica je iz nerjave\u010dega jekla.","og_url":"http:\/\/staging.leboxi.eu\/sl\/izdelek\/verizica-srce-kopija\/","og_site_name":"Le Boxi | Unikatna darila za vsakogar","article_publisher":"https:\/\/www.facebook.com\/leboxi.eu","article_modified_time":"2024-03-21T12:44:05+00:00","og_image":[{"width":1000,"height":1000,"url":"http:\/\/staging.leboxi.eu\/wp-content\/uploads\/2023\/03\/Verizica-ELLE-2.webp","type":"image\/webp"}],"twitter_card":"summary_large_image","twitter_misc":{"Est. reading time":"1 minuta"},"schema":{"@context":"https:\/\/schema.org","@graph":[{"@type":"WebPage","@id":"http:\/\/staging.leboxi.eu\/sl\/izdelek\/verizica-srce-kopija\/","url":"http:\/\/staging.leboxi.eu\/sl\/izdelek\/verizica-srce-kopija\/","name":"Veri\u017eica ELLE | Unikatna darila za vsakogar | Le Boxi","isPartOf":{"@id":"http:\/\/staging.leboxi.eu\/sl\/#website"},"primaryImageOfPage":{"@id":"http:\/\/staging.leboxi.eu\/sl\/izdelek\/verizica-srce-kopija\/#primaryimage"},"image":{"@id":"http:\/\/staging.leboxi.eu\/sl\/izdelek\/verizica-srce-kopija\/#primaryimage"},"thumbnailUrl":"http:\/\/staging.leboxi.eu\/wp-content\/uploads\/2023\/03\/Verizica-ELLE-2.webp","datePublished":"2023-03-26T18:57:37+00:00","dateModified":"2024-03-21T12:44:05+00:00","description":"Veri\u017eica ELLE je odli\u010dno presene\u010denje za va\u0161o najdra\u017ejo. Veri\u017eica je iz nerjave\u010dega jekla.","breadcrumb":{"@id":"http:\/\/staging.leboxi.eu\/sl\/izdelek\/verizica-srce-kopija\/#breadcrumb"},"inLanguage":"sl-SI","potentialAction":[{"@type":"ReadAction","target":["http:\/\/staging.leboxi.eu\/sl\/izdelek\/verizica-srce-kopija\/"]}]},{"@type":"ImageObject","inLanguage":"sl-SI","@id":"http:\/\/staging.leboxi.eu\/sl\/izdelek\/verizica-srce-kopija\/#primaryimage","url":"http:\/\/staging.leboxi.eu\/wp-content\/uploads\/2023\/03\/Verizica-ELLE-2.webp","contentUrl":"http:\/\/staging.leboxi.eu\/wp-content\/uploads\/2023\/03\/Verizica-ELLE-2.webp","width":1000,"height":1000,"caption":"veri\u017eica v obliki \u010destitke"},{"@type":"BreadcrumbList","@id":"http:\/\/staging.leboxi.eu\/sl\/izdelek\/verizica-srce-kopija\/#breadcrumb","itemListElement":[{"@type":"ListItem","position":1,"name":"Doma","item":"http:\/\/staging.leboxi.eu\/sl\/"},{"@type":"ListItem","position":2,"name":"Trgovina","item":"http:\/\/staging.leboxi.eu\/sl\/trgovina\/"},{"@type":"ListItem","position":3,"name":"Veri\u017eica ELLE s sliko"}]},{"@type":"WebSite","@id":"http:\/\/staging.leboxi.eu\/sl\/#website","url":"http:\/\/staging.leboxi.eu\/sl\/","name":"Le Boxi | Unikatna darila za vsakogar","description":"Unikatna darila in darilne \u0161katle za vse prilo\u017enosti.","publisher":{"@id":"http:\/\/staging.leboxi.eu\/sl\/#organization"},"potentialAction":[{"@type":"SearchAction","target":{"@type":"EntryPoint","urlTemplate":"http:\/\/staging.leboxi.eu\/sl\/?s={search_term_string}"},"query-input":{"@type":"PropertyValueSpecification","valueRequired":true,"valueName":"search_term_string"}}],"inLanguage":"sl-SI"},{"@type":"Organization","@id":"http:\/\/staging.leboxi.eu\/sl\/#organization","name":"LE BOXI","url":"http:\/\/staging.leboxi.eu\/sl\/","logo":{"@type":"ImageObject","inLanguage":"sl-SI","@id":"http:\/\/staging.leboxi.eu\/sl\/#\/schema\/logo\/image\/","url":"http:\/\/staging.leboxi.eu\/wp-content\/uploads\/2021\/02\/LeBoxi-manjsi-png.png","contentUrl":"http:\/\/staging.leboxi.eu\/wp-content\/uploads\/2021\/02\/LeBoxi-manjsi-png.png","width":389,"height":164,"caption":"LE BOXI"},"image":{"@id":"http:\/\/staging.leboxi.eu\/sl\/#\/schema\/logo\/image\/"},"sameAs":["https:\/\/www.facebook.com\/leboxi.eu","https:\/\/www.instagram.com\/le.boxi\/"]}]}},"_links":{"self":[{"href":"http:\/\/staging.leboxi.eu\/sl\/wp-json\/wp\/v2\/product\/12683","targetHints":{"allow":["GET"]}}],"collection":[{"href":"http:\/\/staging.leboxi.eu\/sl\/wp-json\/wp\/v2\/product"}],"about":[{"href":"http:\/\/staging.leboxi.eu\/sl\/wp-json\/wp\/v2\/types\/product"}],"replies":[{"embeddable":true,"href":"http:\/\/staging.leboxi.eu\/sl\/wp-json\/wp\/v2\/comments?post=12683"}],"version-history":[{"count":4,"href":"http:\/\/staging.leboxi.eu\/sl\/wp-json\/wp\/v2\/product\/12683\/revisions"}],"predecessor-version":[{"id":12814,"href":"http:\/\/staging.leboxi.eu\/sl\/wp-json\/wp\/v2\/product\/12683\/revisions\/12814"}],"wp:featuredmedia":[{"embeddable":true,"href":"http:\/\/staging.leboxi.eu\/sl\/wp-json\/wp\/v2\/media\/12708"}],"wp:attachment":[{"href":"http:\/\/staging.leboxi.eu\/sl\/wp-json\/wp\/v2\/media?parent=12683"}],"wp:term":[{"taxonomy":"product_brand","embeddable":true,"href":"http:\/\/staging.leboxi.eu\/sl\/wp-json\/wp\/v2\/product_brand?post=12683"},{"taxonomy":"product_cat","embeddable":true,"href":"http:\/\/staging.leboxi.eu\/sl\/wp-json\/wp\/v2\/product_cat?post=12683"},{"taxonomy":"product_tag","embeddable":true,"href":"http:\/\/staging.leboxi.eu\/sl\/wp-json\/wp\/v2\/product_tag?post=12683"}],"curies":[{"name":"wp","href":"https:\/\/api.w.org\/{rel}","templated":true}]}}