{"id":10431,"date":"2022-11-10T18:21:03","date_gmt":"2022-11-10T17:21:03","guid":{"rendered":"http:\/\/staging.leboxi.eu\/?post_type=product&#038;p=10431"},"modified":"2025-03-24T01:08:07","modified_gmt":"2025-03-24T00:08:07","slug":"minibar-posoda-za-gorivo-10l-za-vino","status":"publish","type":"product","link":"http:\/\/staging.leboxi.eu\/sl\/izdelek\/minibar-posoda-za-gorivo-10l-za-vino\/","title":{"rendered":"Minibar posoda za gorivo 10 L \u2013 za vino"},"content":{"rendered":"<p>Minibar v obliki 10 L posode za gorivo iz nerjave\u010dega jekla in lesa s prilo\u017eenima steklenima kozarcema. Zaradi udobno narejenega ro\u010daja je enostaven za prena\u0161anje, kvalitetno narejeno ohi\u0161je pa nudi varnost njegovi vsebini.<\/p>\n<ul>\n<li>Vsebuje dva kozarca za alkoholno pija\u010do (pija\u010da ni vklju\u010dena!)<\/li>\n<li>Barva: \u010drna<\/li>\n<li>Volumen: 10 l<\/li>\n<li>Material: jeklo\/ nerjave\u010de jeklo in les<\/li>\n<li>Dimenzije: 39 x 29 x 13 cm<\/li>\n<li>Primerno za velikost steklenice za vino (ustreza ve\u010dina steklenic cca. 0,75 l).<\/li>\n<\/ul>\n<p>Darilu lahko prilo\u017eite tudi <a href=\"http:\/\/staging.leboxi.eu\/izdelki\/personalizirana-cestitka\/\"><strong>personalizirano \u010destitko<\/strong><\/a>. \u010ce \u017eelite bomo va\u0161e darilo obdarovancu dostavili mi, seveda pa ob dostavi ne bomo prilo\u017eili ra\u010duna. Le-tega boste prejeli vi.<\/p>\n<p>Za piko na i lahko svojo minibar posodo nadgradite z <a href=\"http:\/\/staging.leboxi.eu\/blog\/posvetilo-darilni-listki\/\">darilnimi listi\u010di<\/a>\u00a0za izdelavo katerih navodila najdete na na\u0161em blogu.<\/p>\n<p>&nbsp;<\/p>\n","protected":false},"excerpt":{"rendered":"<p>Minibar v obliki 20 L posode za gorivo iz nerjave\u010dega jekla in lesa s prilo\u017eenima steklenima kozarcema za vino. Idealno darilo za va\u0161ega prijatelja, fanta, brata ali sodelavca&#8230;za katerega je vedno nemogo\u010de izbrati izvirno darilo. Minibar je ro\u010dno narejen na Nizozemskem in je primeren za \u0161tevilne prilo\u017enosti, kot so pikniki, dru\u017eenja in zabave. Zaradi svojega videza bo vedno v sredi\u0161\u010du pozornosti, hkrati pa zaradi svoje funkcionalnosti in prostornine nepogre\u0161ljiv spremljevalec povsod, kjer je zabava.<\/p>\n<p>Vanj lahko spravite:<\/p>\n<ul>\n<li>dva kozarca za vino (prilo\u017eena),<\/li>\n<li>steklenico za vino<\/li>\n<\/ul>\n<p>Izdelku ni prilo\u017eena pija\u010da prikazana na fotografijah. Zaradi ro\u010dne izdelave izdelkov je vsak izdelek unikat in lahko pride do manj\u0161ih odstopanj pri izgledu. Ve\u010d o izdelku si lahko preberete spodaj.<\/p>\n<p>\u010ce \u017eelite bomo va\u0161e darilo obdarovancu dostavili mi, seveda pa ob dostavi ne bomo prilo\u017eili ra\u010duna. Le-tega boste prejeli vi.<\/p>\n","protected":false},"featured_media":10428,"comment_status":"open","ping_status":"closed","template":"","meta":{"site-sidebar-layout":"default","site-content-layout":"default","ast-site-content-layout":"default","site-content-style":"default","site-sidebar-style":"default","ast-global-header-display":"","ast-banner-title-visibility":"","ast-main-header-display":"","ast-hfb-above-header-display":"","ast-hfb-below-header-display":"","ast-hfb-mobile-header-display":"","site-post-title":"","ast-breadcrumbs-content":"","ast-featured-img":"","footer-sml-layout":"","theme-transparent-header-meta":"default","adv-header-id-meta":"","stick-header-meta":"","header-above-stick-meta":"","header-main-stick-meta":"","header-below-stick-meta":"","astra-migrate-meta-layouts":"set","ast-page-background-enabled":"default","ast-page-background-meta":{"desktop":{"background-color":"","background-image":"","background-repeat":"repeat","background-position":"center center","background-size":"auto","background-attachment":"scroll","background-type":"","background-media":"","overlay-type":"","overlay-color":"","overlay-opacity":"","overlay-gradient":""},"tablet":{"background-color":"","background-image":"","background-repeat":"repeat","background-position":"center center","background-size":"auto","background-attachment":"scroll","background-type":"","background-media":"","overlay-type":"","overlay-color":"","overlay-opacity":"","overlay-gradient":""},"mobile":{"background-color":"","background-image":"","background-repeat":"repeat","background-position":"center center","background-size":"auto","background-attachment":"scroll","background-type":"","background-media":"","overlay-type":"","overlay-color":"","overlay-opacity":"","overlay-gradient":""}},"ast-content-background-meta":{"desktop":{"background-color":"var(--ast-global-color-5)","background-image":"","background-repeat":"repeat","background-position":"center center","background-size":"auto","background-attachment":"scroll","background-type":"","background-media":"","overlay-type":"","overlay-color":"","overlay-opacity":"","overlay-gradient":""},"tablet":{"background-color":"var(--ast-global-color-5)","background-image":"","background-repeat":"repeat","background-position":"center center","background-size":"auto","background-attachment":"scroll","background-type":"","background-media":"","overlay-type":"","overlay-color":"","overlay-opacity":"","overlay-gradient":""},"mobile":{"background-color":"var(--ast-global-color-5)","background-image":"","background-repeat":"repeat","background-position":"center center","background-size":"auto","background-attachment":"scroll","background-type":"","background-media":"","overlay-type":"","overlay-color":"","overlay-opacity":"","overlay-gradient":""}}},"product_brand":[],"product_cat":[273,309,184,176,24,116,118,164,160],"product_tag":[],"class_list":{"0":"post-10431","1":"product","2":"type-product","3":"status-publish","4":"has-post-thumbnail","6":"product_cat-akcija","7":"product_cat-black-friday","8":"product_cat-darila-za-bozic-za-moske","9":"product_cat-za-moske","10":"product_cat-moski","11":"product_cat-darila-za-moske","12":"product_cat-darila-za-fanta","13":"product_cat-darila-za-rojstni-dan","14":"product_cat-darila-za-bozic","15":"desktop-align-left","16":"tablet-align-left","17":"mobile-align-left","19":"first","20":"outofstock","21":"sale","22":"taxable","23":"shipping-taxable","24":"purchasable","25":"product-type-simple"},"yoast_head":"<!-- This site is optimized with the Yoast SEO plugin v25.2 - https:\/\/yoast.com\/wordpress\/plugins\/seo\/ -->\n<title>Le Boxi | Unikatna darila za vsakogar<\/title>\n<meta name=\"description\" content=\"Minibar v obliki 10 L posode za gorivo iz nerjave\u010dega jekla s prilo\u017eenima steklenima kozarcema. Enostavno prena\u0161anje in kvalitetno ohi\u0161je.\" \/>\n<meta name=\"robots\" content=\"index, follow, max-snippet:-1, max-image-preview:large, max-video-preview:-1\" \/>\n<link rel=\"canonical\" href=\"http:\/\/staging.leboxi.eu\/sl\/izdelek\/minibar-posoda-za-gorivo-10l-za-vino\/\" \/>\n<meta property=\"og:locale\" content=\"sl_SI\" \/>\n<meta property=\"og:type\" content=\"article\" \/>\n<meta property=\"og:title\" content=\"Le Boxi | Unikatna darila za vsakogar\" \/>\n<meta property=\"og:description\" content=\"Minibar v obliki 10 L posode za gorivo iz nerjave\u010dega jekla s prilo\u017eenima steklenima kozarcema. Enostavno prena\u0161anje in kvalitetno ohi\u0161je.\" \/>\n<meta property=\"og:url\" content=\"http:\/\/staging.leboxi.eu\/sl\/izdelek\/minibar-posoda-za-gorivo-10l-za-vino\/\" \/>\n<meta property=\"og:site_name\" content=\"Le Boxi | Unikatna darila za vsakogar\" \/>\n<meta property=\"article:publisher\" content=\"https:\/\/www.facebook.com\/leboxi.eu\" \/>\n<meta property=\"article:modified_time\" content=\"2025-03-24T00:08:07+00:00\" \/>\n<meta property=\"og:image\" content=\"http:\/\/staging.leboxi.eu\/wp-content\/uploads\/2022\/11\/399752-Jerrycan-mini-wijn-bar-zwart-voorkant-open.jpg\" \/>\n\t<meta property=\"og:image:width\" content=\"800\" \/>\n\t<meta property=\"og:image:height\" content=\"800\" \/>\n\t<meta property=\"og:image:type\" content=\"image\/jpeg\" \/>\n<meta name=\"twitter:card\" content=\"summary_large_image\" \/>\n<meta name=\"twitter:label1\" content=\"Est. reading time\" \/>\n\t<meta name=\"twitter:data1\" content=\"1 minuta\" \/>\n<script type=\"application\/ld+json\" class=\"yoast-schema-graph\">{\"@context\":\"https:\/\/schema.org\",\"@graph\":[{\"@type\":\"WebPage\",\"@id\":\"http:\/\/staging.leboxi.eu\/sl\/izdelek\/minibar-posoda-za-gorivo-10l-za-vino\/\",\"url\":\"http:\/\/staging.leboxi.eu\/sl\/izdelek\/minibar-posoda-za-gorivo-10l-za-vino\/\",\"name\":\"Le Boxi | Unikatna darila za vsakogar\",\"isPartOf\":{\"@id\":\"http:\/\/staging.leboxi.eu\/sl\/#website\"},\"primaryImageOfPage\":{\"@id\":\"http:\/\/staging.leboxi.eu\/sl\/izdelek\/minibar-posoda-za-gorivo-10l-za-vino\/#primaryimage\"},\"image\":{\"@id\":\"http:\/\/staging.leboxi.eu\/sl\/izdelek\/minibar-posoda-za-gorivo-10l-za-vino\/#primaryimage\"},\"thumbnailUrl\":\"http:\/\/staging.leboxi.eu\/wp-content\/uploads\/2022\/11\/399752-Jerrycan-mini-wijn-bar-zwart-voorkant-open.jpg\",\"datePublished\":\"2022-11-10T17:21:03+00:00\",\"dateModified\":\"2025-03-24T00:08:07+00:00\",\"description\":\"Minibar v obliki 10 L posode za gorivo iz nerjave\u010dega jekla s prilo\u017eenima steklenima kozarcema. Enostavno prena\u0161anje in kvalitetno ohi\u0161je.\",\"breadcrumb\":{\"@id\":\"http:\/\/staging.leboxi.eu\/sl\/izdelek\/minibar-posoda-za-gorivo-10l-za-vino\/#breadcrumb\"},\"inLanguage\":\"sl-SI\",\"potentialAction\":[{\"@type\":\"ReadAction\",\"target\":[\"http:\/\/staging.leboxi.eu\/sl\/izdelek\/minibar-posoda-za-gorivo-10l-za-vino\/\"]}]},{\"@type\":\"ImageObject\",\"inLanguage\":\"sl-SI\",\"@id\":\"http:\/\/staging.leboxi.eu\/sl\/izdelek\/minibar-posoda-za-gorivo-10l-za-vino\/#primaryimage\",\"url\":\"http:\/\/staging.leboxi.eu\/wp-content\/uploads\/2022\/11\/399752-Jerrycan-mini-wijn-bar-zwart-voorkant-open.jpg\",\"contentUrl\":\"http:\/\/staging.leboxi.eu\/wp-content\/uploads\/2022\/11\/399752-Jerrycan-mini-wijn-bar-zwart-voorkant-open.jpg\",\"width\":800,\"height\":800},{\"@type\":\"BreadcrumbList\",\"@id\":\"http:\/\/staging.leboxi.eu\/sl\/izdelek\/minibar-posoda-za-gorivo-10l-za-vino\/#breadcrumb\",\"itemListElement\":[{\"@type\":\"ListItem\",\"position\":1,\"name\":\"Doma\",\"item\":\"http:\/\/staging.leboxi.eu\/sl\/\"},{\"@type\":\"ListItem\",\"position\":2,\"name\":\"Trgovina\",\"item\":\"http:\/\/staging.leboxi.eu\/sl\/trgovina\/\"},{\"@type\":\"ListItem\",\"position\":3,\"name\":\"Minibar posoda za gorivo 10 L \u2013 za vino\"}]},{\"@type\":\"WebSite\",\"@id\":\"http:\/\/staging.leboxi.eu\/sl\/#website\",\"url\":\"http:\/\/staging.leboxi.eu\/sl\/\",\"name\":\"Le Boxi | Unikatna darila za vsakogar\",\"description\":\"Unikatna darila in darilne \u0161katle za vse prilo\u017enosti.\",\"publisher\":{\"@id\":\"http:\/\/staging.leboxi.eu\/sl\/#organization\"},\"potentialAction\":[{\"@type\":\"SearchAction\",\"target\":{\"@type\":\"EntryPoint\",\"urlTemplate\":\"http:\/\/staging.leboxi.eu\/sl\/?s={search_term_string}\"},\"query-input\":{\"@type\":\"PropertyValueSpecification\",\"valueRequired\":true,\"valueName\":\"search_term_string\"}}],\"inLanguage\":\"sl-SI\"},{\"@type\":\"Organization\",\"@id\":\"http:\/\/staging.leboxi.eu\/sl\/#organization\",\"name\":\"LE BOXI\",\"url\":\"http:\/\/staging.leboxi.eu\/sl\/\",\"logo\":{\"@type\":\"ImageObject\",\"inLanguage\":\"sl-SI\",\"@id\":\"http:\/\/staging.leboxi.eu\/sl\/#\/schema\/logo\/image\/\",\"url\":\"http:\/\/staging.leboxi.eu\/wp-content\/uploads\/2021\/02\/LeBoxi-manjsi-png.png\",\"contentUrl\":\"http:\/\/staging.leboxi.eu\/wp-content\/uploads\/2021\/02\/LeBoxi-manjsi-png.png\",\"width\":389,\"height\":164,\"caption\":\"LE BOXI\"},\"image\":{\"@id\":\"http:\/\/staging.leboxi.eu\/sl\/#\/schema\/logo\/image\/\"},\"sameAs\":[\"https:\/\/www.facebook.com\/leboxi.eu\",\"https:\/\/www.instagram.com\/le.boxi\/\"]}]}<\/script>\n<!-- \/ Yoast SEO plugin. -->","yoast_head_json":{"title":"Le Boxi | Unikatna darila za vsakogar","description":"Minibar v obliki 10 L posode za gorivo iz nerjave\u010dega jekla s prilo\u017eenima steklenima kozarcema. Enostavno prena\u0161anje in kvalitetno ohi\u0161je.","robots":{"index":"index","follow":"follow","max-snippet":"max-snippet:-1","max-image-preview":"max-image-preview:large","max-video-preview":"max-video-preview:-1"},"canonical":"http:\/\/staging.leboxi.eu\/sl\/izdelek\/minibar-posoda-za-gorivo-10l-za-vino\/","og_locale":"sl_SI","og_type":"article","og_title":"Le Boxi | Unikatna darila za vsakogar","og_description":"Minibar v obliki 10 L posode za gorivo iz nerjave\u010dega jekla s prilo\u017eenima steklenima kozarcema. Enostavno prena\u0161anje in kvalitetno ohi\u0161je.","og_url":"http:\/\/staging.leboxi.eu\/sl\/izdelek\/minibar-posoda-za-gorivo-10l-za-vino\/","og_site_name":"Le Boxi | Unikatna darila za vsakogar","article_publisher":"https:\/\/www.facebook.com\/leboxi.eu","article_modified_time":"2025-03-24T00:08:07+00:00","og_image":[{"width":800,"height":800,"url":"http:\/\/staging.leboxi.eu\/wp-content\/uploads\/2022\/11\/399752-Jerrycan-mini-wijn-bar-zwart-voorkant-open.jpg","type":"image\/jpeg"}],"twitter_card":"summary_large_image","twitter_misc":{"Est. reading time":"1 minuta"},"schema":{"@context":"https:\/\/schema.org","@graph":[{"@type":"WebPage","@id":"http:\/\/staging.leboxi.eu\/sl\/izdelek\/minibar-posoda-za-gorivo-10l-za-vino\/","url":"http:\/\/staging.leboxi.eu\/sl\/izdelek\/minibar-posoda-za-gorivo-10l-za-vino\/","name":"Le Boxi | Unikatna darila za vsakogar","isPartOf":{"@id":"http:\/\/staging.leboxi.eu\/sl\/#website"},"primaryImageOfPage":{"@id":"http:\/\/staging.leboxi.eu\/sl\/izdelek\/minibar-posoda-za-gorivo-10l-za-vino\/#primaryimage"},"image":{"@id":"http:\/\/staging.leboxi.eu\/sl\/izdelek\/minibar-posoda-za-gorivo-10l-za-vino\/#primaryimage"},"thumbnailUrl":"http:\/\/staging.leboxi.eu\/wp-content\/uploads\/2022\/11\/399752-Jerrycan-mini-wijn-bar-zwart-voorkant-open.jpg","datePublished":"2022-11-10T17:21:03+00:00","dateModified":"2025-03-24T00:08:07+00:00","description":"Minibar v obliki 10 L posode za gorivo iz nerjave\u010dega jekla s prilo\u017eenima steklenima kozarcema. Enostavno prena\u0161anje in kvalitetno ohi\u0161je.","breadcrumb":{"@id":"http:\/\/staging.leboxi.eu\/sl\/izdelek\/minibar-posoda-za-gorivo-10l-za-vino\/#breadcrumb"},"inLanguage":"sl-SI","potentialAction":[{"@type":"ReadAction","target":["http:\/\/staging.leboxi.eu\/sl\/izdelek\/minibar-posoda-za-gorivo-10l-za-vino\/"]}]},{"@type":"ImageObject","inLanguage":"sl-SI","@id":"http:\/\/staging.leboxi.eu\/sl\/izdelek\/minibar-posoda-za-gorivo-10l-za-vino\/#primaryimage","url":"http:\/\/staging.leboxi.eu\/wp-content\/uploads\/2022\/11\/399752-Jerrycan-mini-wijn-bar-zwart-voorkant-open.jpg","contentUrl":"http:\/\/staging.leboxi.eu\/wp-content\/uploads\/2022\/11\/399752-Jerrycan-mini-wijn-bar-zwart-voorkant-open.jpg","width":800,"height":800},{"@type":"BreadcrumbList","@id":"http:\/\/staging.leboxi.eu\/sl\/izdelek\/minibar-posoda-za-gorivo-10l-za-vino\/#breadcrumb","itemListElement":[{"@type":"ListItem","position":1,"name":"Doma","item":"http:\/\/staging.leboxi.eu\/sl\/"},{"@type":"ListItem","position":2,"name":"Trgovina","item":"http:\/\/staging.leboxi.eu\/sl\/trgovina\/"},{"@type":"ListItem","position":3,"name":"Minibar posoda za gorivo 10 L \u2013 za vino"}]},{"@type":"WebSite","@id":"http:\/\/staging.leboxi.eu\/sl\/#website","url":"http:\/\/staging.leboxi.eu\/sl\/","name":"Le Boxi | Unikatna darila za vsakogar","description":"Unikatna darila in darilne \u0161katle za vse prilo\u017enosti.","publisher":{"@id":"http:\/\/staging.leboxi.eu\/sl\/#organization"},"potentialAction":[{"@type":"SearchAction","target":{"@type":"EntryPoint","urlTemplate":"http:\/\/staging.leboxi.eu\/sl\/?s={search_term_string}"},"query-input":{"@type":"PropertyValueSpecification","valueRequired":true,"valueName":"search_term_string"}}],"inLanguage":"sl-SI"},{"@type":"Organization","@id":"http:\/\/staging.leboxi.eu\/sl\/#organization","name":"LE BOXI","url":"http:\/\/staging.leboxi.eu\/sl\/","logo":{"@type":"ImageObject","inLanguage":"sl-SI","@id":"http:\/\/staging.leboxi.eu\/sl\/#\/schema\/logo\/image\/","url":"http:\/\/staging.leboxi.eu\/wp-content\/uploads\/2021\/02\/LeBoxi-manjsi-png.png","contentUrl":"http:\/\/staging.leboxi.eu\/wp-content\/uploads\/2021\/02\/LeBoxi-manjsi-png.png","width":389,"height":164,"caption":"LE BOXI"},"image":{"@id":"http:\/\/staging.leboxi.eu\/sl\/#\/schema\/logo\/image\/"},"sameAs":["https:\/\/www.facebook.com\/leboxi.eu","https:\/\/www.instagram.com\/le.boxi\/"]}]}},"_links":{"self":[{"href":"http:\/\/staging.leboxi.eu\/sl\/wp-json\/wp\/v2\/product\/10431","targetHints":{"allow":["GET"]}}],"collection":[{"href":"http:\/\/staging.leboxi.eu\/sl\/wp-json\/wp\/v2\/product"}],"about":[{"href":"http:\/\/staging.leboxi.eu\/sl\/wp-json\/wp\/v2\/types\/product"}],"replies":[{"embeddable":true,"href":"http:\/\/staging.leboxi.eu\/sl\/wp-json\/wp\/v2\/comments?post=10431"}],"version-history":[{"count":1,"href":"http:\/\/staging.leboxi.eu\/sl\/wp-json\/wp\/v2\/product\/10431\/revisions"}],"predecessor-version":[{"id":10433,"href":"http:\/\/staging.leboxi.eu\/sl\/wp-json\/wp\/v2\/product\/10431\/revisions\/10433"}],"wp:featuredmedia":[{"embeddable":true,"href":"http:\/\/staging.leboxi.eu\/sl\/wp-json\/wp\/v2\/media\/10428"}],"wp:attachment":[{"href":"http:\/\/staging.leboxi.eu\/sl\/wp-json\/wp\/v2\/media?parent=10431"}],"wp:term":[{"taxonomy":"product_brand","embeddable":true,"href":"http:\/\/staging.leboxi.eu\/sl\/wp-json\/wp\/v2\/product_brand?post=10431"},{"taxonomy":"product_cat","embeddable":true,"href":"http:\/\/staging.leboxi.eu\/sl\/wp-json\/wp\/v2\/product_cat?post=10431"},{"taxonomy":"product_tag","embeddable":true,"href":"http:\/\/staging.leboxi.eu\/sl\/wp-json\/wp\/v2\/product_tag?post=10431"}],"curies":[{"name":"wp","href":"https:\/\/api.w.org\/{rel}","templated":true}]}}