{"id":1965,"date":"2021-02-07T10:54:42","date_gmt":"2021-02-07T10:54:42","guid":{"rendered":"http:\/\/staging.leboxi.eu\/?page_id=1965"},"modified":"2024-04-24T22:06:09","modified_gmt":"2024-04-24T21:06:09","slug":"dostava-in-placila","status":"publish","type":"page","link":"http:\/\/staging.leboxi.eu\/sl\/dostava-in-placila\/","title":{"rendered":"Dostava in pla\u010dila"},"content":{"rendered":"\t\t<div data-elementor-type=\"wp-page\" data-elementor-id=\"1965\" class=\"elementor elementor-1965\" data-elementor-post-type=\"page\">\n\t\t\t\t\t\t<section class=\"elementor-section elementor-top-section elementor-element elementor-element-cbff03f elementor-section-boxed elementor-section-height-default elementor-section-height-default\" data-id=\"cbff03f\" data-element_type=\"section\" data-settings=\"{&quot;background_background&quot;:&quot;classic&quot;}\">\n\t\t\t\t\t\t<div class=\"elementor-container elementor-column-gap-default\">\n\t\t\t\t\t<div class=\"elementor-column elementor-col-100 elementor-top-column elementor-element elementor-element-a04f73e\" data-id=\"a04f73e\" data-element_type=\"column\">\n\t\t\t<div class=\"elementor-widget-wrap elementor-element-populated\">\n\t\t\t\t\t\t<div class=\"elementor-element elementor-element-dec0636 elementor-widget elementor-widget-text-editor\" data-id=\"dec0636\" data-element_type=\"widget\" data-widget_type=\"text-editor.default\">\n\t\t\t\t<div class=\"elementor-widget-container\">\n\t\t\t\t\t\t\t\t\t<p>Dostava in pla\u010dila<\/p>\t\t\t\t\t\t\t\t<\/div>\n\t\t\t\t<\/div>\n\t\t\t\t\t<\/div>\n\t\t<\/div>\n\t\t\t\t\t<\/div>\n\t\t<\/section>\n\t\t\t\t<section class=\"elementor-section elementor-top-section elementor-element elementor-element-ef3ba09 elementor-section-boxed elementor-section-height-default elementor-section-height-default\" data-id=\"ef3ba09\" data-element_type=\"section\">\n\t\t\t\t\t\t<div class=\"elementor-container elementor-column-gap-default\">\n\t\t\t\t\t<div class=\"elementor-column elementor-col-100 elementor-top-column elementor-element elementor-element-524a540\" data-id=\"524a540\" data-element_type=\"column\">\n\t\t\t<div class=\"elementor-widget-wrap elementor-element-populated\">\n\t\t\t\t\t\t<div class=\"elementor-element elementor-element-39548f0 elementor-widget elementor-widget-text-editor\" data-id=\"39548f0\" data-element_type=\"widget\" data-widget_type=\"text-editor.default\">\n\t\t\t\t<div class=\"elementor-widget-container\">\n\t\t\t\t\t\t\t\t\t<p><strong>Dostava znotraj Slovenije<\/strong><\/p><p>Cena po\u0161tnine z dostavno slu\u017ebo\u00a0GLS zna\u0161a <strong>4,5 EUR<\/strong>\u00a0(nad 50\u20ac skupnega naro\u010dila je po\u0161tnina brezpla\u010dna), pri izbiri\u00a0<strong>pla\u010dila po povzetju<\/strong>\u00a0s zara\u010duna \u0161e dodaten<strong>\u00a0stro\u0161ek provizije<\/strong>, ki\u00a0<strong>zna\u0161a 1,7 EUR<\/strong>. Stro\u0161ki dostave so zara\u010dunani in navedeni na naro\u010dilu in ra\u010dunu za izdano blago in jih poravnate skupaj z zneskom naro\u010dila.<\/p><p>\u010ce je artikle na zalogi, se odpremi najkasneje v dveh (2) delovnih dneh od dneva pla\u010dila predra\u010duna v primeru pla\u010dila po predra\u010dunu oz. od dneva pla\u010dila preko Paypala oz. od oddaje naro\u010dila v primeru pla\u010dila po povzetju oz. pla\u010dila s pla\u010dilnimi karticami. Personalizirane artikle se odpremi najkasneje v petih (5) delovnih dneh od dneva pla\u010dila predra\u010duna oz. dneva pla\u010dila preko Paypala oz. od oddaje naro\u010dila v primeru pla\u010dila po povzetju oz. pla\u010dila s pla\u010dilnimi karticami.<\/p><p>Dobavni rok v Sloveniji za artikle\u00a0<strong>na zalogi je obi\u010dajno 2-5\u00a0delovnih dni.<\/strong> V primeru, da izdelka ni na zalogi, se rok dobave celotnega naro\u010dila podalj\u0161a. V primeru, da \u017eelite naro\u010dilo prejeti v dveh lo\u010denih po\u0161iljkah, se vam obra\u010duna dodaten stro\u0161ek dostave 4,50 EUR in dodatna 1,7 EUR v primeru pla\u010dila po povzetju.<\/p><p>\u00a0<\/p><p><strong>Dostava v tujino<\/strong><\/p><p>\u010ce je blago na zalogi, se odpremi najkasneje v dveh (2) delovnih dneh od dneva pla\u010dila preko Paypala oz. pla\u010dila s pla\u010dilnimi karticami.\u00a0V primeru, da izdelek ni dobavljiv, se rok dobave podalj\u0161a, o \u010demer ponudnik obvesti uporabnika v roku dveh (2) delovnih dni. Personalizirane artikle se odpremi najkasneje v petih (5) delovnih dneh od dneva pla\u010dila predra\u010duna oz. dneva pla\u010dila preko Paypala oz. od oddaje naro\u010dila v primeru pla\u010dila po povzetju oz. pla\u010dila s pla\u010dilnimi karticami.<\/p><p>Mednarodni dobavni rok za artikle na zalogi je obi\u010dajno 2-10 delovnih dni.\u00a0V primeru, da izdelka ni na zalogi se o tem obvesti kupca. V primeru, da \u017eelite naro\u010dilo prejeti v dveh lo\u010denih po\u0161iljkah, se vam obra\u010duna dodaten stro\u0161ek dostave.<\/p><p>Dobavni rok je lahko dalj\u0161i v dr\u017eavah s carinsko upravo.<\/p><table><tbody><tr><td width=\"227\"><p><strong>Dr\u017eava<\/strong><\/p><\/td><td width=\"142\"><p><strong>Cena dostave<\/strong><\/p><\/td><\/tr><tr><td width=\"227\"><p>Avstrija<\/p><\/td><td width=\"142\"><p>15 EUR<\/p><\/td><\/tr><tr><td width=\"227\"><p>Hrva\u0161ka<\/p><\/td><td width=\"142\"><p>4,9 EUR<\/p><\/td><\/tr><tr><td width=\"227\"><p>Italija<\/p><\/td><td width=\"142\"><p>10 EUR<\/p><\/td><\/tr><\/tbody><\/table><p><strong>Na\u010din pla\u010dila<\/strong><\/p><p>V spletni prodajalni so omogo\u010deni naslednji na\u010dini pla\u010dila:<\/p><p>*Ne velja za mednarodne nakupe.<\/p><p>Podjetje Le Boxi (Pabicom d.o.o.) si prislu\u017euje pravico, da pri ve\u010djih vrednostih naro\u010dila od kupca zahteva pla\u010dilo blaga pred odpremo.<\/p><p><strong>Pla\u010dilo po povzetju<\/strong><\/p><p>z gotovino ali kartico ob prevzemu (za pla\u010dilo ob prevzemu se zara\u010duna dodaten stro\u0161ek v vi\u0161ini 1,7 EUR).<\/p><p>\u00a0<\/p><p><strong>Pla\u010dilo po predra\u010dunu<\/strong><\/p><p>(predra\u010dun boste prejeli po e-po\u0161ti), rok pla\u010dila predra\u010duna je pet (5) dni. Po poteku roka za pla\u010dilo, ponudnik ve\u010d ne jam\u010di rezervacije za naro\u010dene izdelke.<\/p><p><strong>Pabicom d.o.o., Ulica Vinka Vodopivca 2, 5000 Nova Gorica<\/strong><\/p><p><strong>IBAN: SI56 6100 0002 8870 845\u00a0 \u00a0 BIC: HDELSI22\u00a0 \u00a0\u00a0Delavska hranilnica d.d.<\/strong><\/p><p><strong>\u00a0<\/strong><\/p><p><strong>Pla\u010dilo s pla\u010dilnimi karticami<\/strong><\/p><p>poteka preko pla\u010dilnega sistema Stripe.<\/p><p>Podatki o karticah se ne bele\u017eijo na stre\u017eniku podjetja, tako da je va\u0161a varnost 100% zagotovljena. Stripe zagotavlja maksimalno varnost transakcije. Avtorizacije kreditnih kartic se vr\u0161ijo v realnem \u010dasu s takoj\u0161njim preverjanjem podatkov pri bankah. Pla\u010devanje je mogo\u010de z naslednjimi karticami:\u00a0Mastercard, Visa, America Express, Discover, Diners, CUP, JCB\u00a0in\u00a0Maestro\u00a0(\u010de pla\u010dnikova pla\u010dilna kartica Maestro to omogo\u010da).<\/p><p>\u00a0<\/p><p><strong>Preko Paypal-a<\/strong><\/p><p>Pla\u010dilo s PayPal-om ali pla\u010dilo s kreditnimi karticami preko PayPal spletnega sistema, ki omogo\u010da varno pla\u010devanje s kreditnimi karticami (Mastercard, Visa, Maestro in American Express). Kupcu za uporabo kreditnih kartic ni potrebno ustvariti svoj PayPal uporabni\u0161ki ra\u010dun. Pla\u010dilni sistem PayPal velja za enega najbolj varnih pla\u010dilnih sistemov na svetu.<\/p>\t\t\t\t\t\t\t\t<\/div>\n\t\t\t\t<\/div>\n\t\t\t\t\t<\/div>\n\t\t<\/div>\n\t\t\t\t\t<\/div>\n\t\t<\/section>\n\t\t\t\t<\/div>\n\t\t","protected":false},"excerpt":{"rendered":"<p>Dostava in pla\u010dila Dostava znotraj Slovenije Cena po\u0161tnine z dostavno slu\u017ebo\u00a0GLS zna\u0161a 4,5 EUR\u00a0(nad 50\u20ac skupnega naro\u010dila je po\u0161tnina brezpla\u010dna), pri izbiri\u00a0pla\u010dila po povzetju\u00a0s zara\u010duna \u0161e dodaten\u00a0stro\u0161ek provizije, ki\u00a0zna\u0161a 1,7 EUR. Stro\u0161ki dostave so zara\u010dunani in navedeni na naro\u010dilu in ra\u010dunu za izdano blago in jih poravnate skupaj z zneskom naro\u010dila. \u010ce je artikle na [&hellip;]<\/p>\n","protected":false},"author":2,"featured_media":0,"parent":0,"menu_order":0,"comment_status":"closed","ping_status":"closed","template":"","meta":{"site-sidebar-layout":"no-sidebar","site-content-layout":"page-builder","ast-site-content-layout":"","site-content-style":"default","site-sidebar-style":"default","ast-global-header-display":"","ast-banner-title-visibility":"","ast-main-header-display":"","ast-hfb-above-header-display":"","ast-hfb-below-header-display":"","ast-hfb-mobile-header-display":"","site-post-title":"disabled","ast-breadcrumbs-content":"","ast-featured-img":"disabled","footer-sml-layout":"","theme-transparent-header-meta":"default","adv-header-id-meta":"","stick-header-meta":"","header-above-stick-meta":"","header-main-stick-meta":"","header-below-stick-meta":"","astra-migrate-meta-layouts":"default","ast-page-background-enabled":"default","ast-page-background-meta":{"desktop":{"background-color":"","background-image":"","background-repeat":"repeat","background-position":"center center","background-size":"auto","background-attachment":"scroll","background-type":"","background-media":"","overlay-type":"","overlay-color":"","overlay-opacity":"","overlay-gradient":""},"tablet":{"background-color":"","background-image":"","background-repeat":"repeat","background-position":"center center","background-size":"auto","background-attachment":"scroll","background-type":"","background-media":"","overlay-type":"","overlay-color":"","overlay-opacity":"","overlay-gradient":""},"mobile":{"background-color":"","background-image":"","background-repeat":"repeat","background-position":"center center","background-size":"auto","background-attachment":"scroll","background-type":"","background-media":"","overlay-type":"","overlay-color":"","overlay-opacity":"","overlay-gradient":""}},"ast-content-background-meta":{"desktop":{"background-color":"var(--ast-global-color-5)","background-image":"","background-repeat":"repeat","background-position":"center center","background-size":"auto","background-attachment":"scroll","background-type":"","background-media":"","overlay-type":"","overlay-color":"","overlay-opacity":"","overlay-gradient":""},"tablet":{"background-color":"var(--ast-global-color-5)","background-image":"","background-repeat":"repeat","background-position":"center center","background-size":"auto","background-attachment":"scroll","background-type":"","background-media":"","overlay-type":"","overlay-color":"","overlay-opacity":"","overlay-gradient":""},"mobile":{"background-color":"var(--ast-global-color-5)","background-image":"","background-repeat":"repeat","background-position":"center center","background-size":"auto","background-attachment":"scroll","background-type":"","background-media":"","overlay-type":"","overlay-color":"","overlay-opacity":"","overlay-gradient":""}},"footnotes":""},"class_list":["post-1965","page","type-page","status-publish","hentry"],"yoast_head":"<!-- This site is optimized with the Yoast SEO plugin v25.2 - https:\/\/yoast.com\/wordpress\/plugins\/seo\/ -->\n<title>Dostava in pla\u010dila | Le Boxi | Unikatna darila za vsakogar<\/title>\n<meta name=\"robots\" content=\"index, follow, max-snippet:-1, max-image-preview:large, max-video-preview:-1\" \/>\n<link rel=\"canonical\" href=\"http:\/\/staging.leboxi.eu\/sl\/dostava-in-placila\/\" \/>\n<meta property=\"og:locale\" content=\"sl_SI\" \/>\n<meta property=\"og:type\" content=\"article\" \/>\n<meta property=\"og:title\" content=\"Dostava in pla\u010dila | Le Boxi | Unikatna darila za vsakogar\" \/>\n<meta property=\"og:description\" content=\"Dostava in pla\u010dila Dostava znotraj Slovenije Cena po\u0161tnine z dostavno slu\u017ebo\u00a0GLS zna\u0161a 4,5 EUR\u00a0(nad 50\u20ac skupnega naro\u010dila je po\u0161tnina brezpla\u010dna), pri izbiri\u00a0pla\u010dila po povzetju\u00a0s zara\u010duna \u0161e dodaten\u00a0stro\u0161ek provizije, ki\u00a0zna\u0161a 1,7 EUR. Stro\u0161ki dostave so zara\u010dunani in navedeni na naro\u010dilu in ra\u010dunu za izdano blago in jih poravnate skupaj z zneskom naro\u010dila. \u010ce je artikle na [&hellip;]\" \/>\n<meta property=\"og:url\" content=\"http:\/\/staging.leboxi.eu\/sl\/dostava-in-placila\/\" \/>\n<meta property=\"og:site_name\" content=\"Le Boxi | Unikatna darila za vsakogar\" \/>\n<meta property=\"article:publisher\" content=\"https:\/\/www.facebook.com\/leboxi.eu\" \/>\n<meta property=\"article:modified_time\" content=\"2024-04-24T21:06:09+00:00\" \/>\n<meta name=\"twitter:card\" content=\"summary_large_image\" \/>\n<meta name=\"twitter:label1\" content=\"Est. reading time\" \/>\n\t<meta name=\"twitter:data1\" content=\"3 minute\" \/>\n<script type=\"application\/ld+json\" class=\"yoast-schema-graph\">{\"@context\":\"https:\/\/schema.org\",\"@graph\":[{\"@type\":\"WebPage\",\"@id\":\"http:\/\/staging.leboxi.eu\/sl\/dostava-in-placila\/\",\"url\":\"http:\/\/staging.leboxi.eu\/sl\/dostava-in-placila\/\",\"name\":\"Dostava in pla\u010dila | Le Boxi | Unikatna darila za vsakogar\",\"isPartOf\":{\"@id\":\"http:\/\/staging.leboxi.eu\/sl\/#website\"},\"datePublished\":\"2021-02-07T10:54:42+00:00\",\"dateModified\":\"2024-04-24T21:06:09+00:00\",\"breadcrumb\":{\"@id\":\"http:\/\/staging.leboxi.eu\/sl\/dostava-in-placila\/#breadcrumb\"},\"inLanguage\":\"sl-SI\",\"potentialAction\":[{\"@type\":\"ReadAction\",\"target\":[\"http:\/\/staging.leboxi.eu\/sl\/dostava-in-placila\/\"]}]},{\"@type\":\"BreadcrumbList\",\"@id\":\"http:\/\/staging.leboxi.eu\/sl\/dostava-in-placila\/#breadcrumb\",\"itemListElement\":[{\"@type\":\"ListItem\",\"position\":1,\"name\":\"Doma\",\"item\":\"http:\/\/staging.leboxi.eu\/sl\/\"},{\"@type\":\"ListItem\",\"position\":2,\"name\":\"Dostava in pla\u010dila\"}]},{\"@type\":\"WebSite\",\"@id\":\"http:\/\/staging.leboxi.eu\/sl\/#website\",\"url\":\"http:\/\/staging.leboxi.eu\/sl\/\",\"name\":\"Le Boxi | Unikatna darila za vsakogar\",\"description\":\"Unikatna darila in darilne \u0161katle za vse prilo\u017enosti.\",\"publisher\":{\"@id\":\"http:\/\/staging.leboxi.eu\/sl\/#organization\"},\"potentialAction\":[{\"@type\":\"SearchAction\",\"target\":{\"@type\":\"EntryPoint\",\"urlTemplate\":\"http:\/\/staging.leboxi.eu\/sl\/?s={search_term_string}\"},\"query-input\":{\"@type\":\"PropertyValueSpecification\",\"valueRequired\":true,\"valueName\":\"search_term_string\"}}],\"inLanguage\":\"sl-SI\"},{\"@type\":\"Organization\",\"@id\":\"http:\/\/staging.leboxi.eu\/sl\/#organization\",\"name\":\"LE BOXI\",\"url\":\"http:\/\/staging.leboxi.eu\/sl\/\",\"logo\":{\"@type\":\"ImageObject\",\"inLanguage\":\"sl-SI\",\"@id\":\"http:\/\/staging.leboxi.eu\/sl\/#\/schema\/logo\/image\/\",\"url\":\"http:\/\/staging.leboxi.eu\/wp-content\/uploads\/2021\/02\/LeBoxi-manjsi-png.png\",\"contentUrl\":\"http:\/\/staging.leboxi.eu\/wp-content\/uploads\/2021\/02\/LeBoxi-manjsi-png.png\",\"width\":389,\"height\":164,\"caption\":\"LE BOXI\"},\"image\":{\"@id\":\"http:\/\/staging.leboxi.eu\/sl\/#\/schema\/logo\/image\/\"},\"sameAs\":[\"https:\/\/www.facebook.com\/leboxi.eu\",\"https:\/\/www.instagram.com\/le.boxi\/\"]}]}<\/script>\n<!-- \/ Yoast SEO plugin. -->","yoast_head_json":{"title":"Dostava in pla\u010dila | Le Boxi | Unikatna darila za vsakogar","robots":{"index":"index","follow":"follow","max-snippet":"max-snippet:-1","max-image-preview":"max-image-preview:large","max-video-preview":"max-video-preview:-1"},"canonical":"http:\/\/staging.leboxi.eu\/sl\/dostava-in-placila\/","og_locale":"sl_SI","og_type":"article","og_title":"Dostava in pla\u010dila | Le Boxi | Unikatna darila za vsakogar","og_description":"Dostava in pla\u010dila Dostava znotraj Slovenije Cena po\u0161tnine z dostavno slu\u017ebo\u00a0GLS zna\u0161a 4,5 EUR\u00a0(nad 50\u20ac skupnega naro\u010dila je po\u0161tnina brezpla\u010dna), pri izbiri\u00a0pla\u010dila po povzetju\u00a0s zara\u010duna \u0161e dodaten\u00a0stro\u0161ek provizije, ki\u00a0zna\u0161a 1,7 EUR. Stro\u0161ki dostave so zara\u010dunani in navedeni na naro\u010dilu in ra\u010dunu za izdano blago in jih poravnate skupaj z zneskom naro\u010dila. \u010ce je artikle na [&hellip;]","og_url":"http:\/\/staging.leboxi.eu\/sl\/dostava-in-placila\/","og_site_name":"Le Boxi | Unikatna darila za vsakogar","article_publisher":"https:\/\/www.facebook.com\/leboxi.eu","article_modified_time":"2024-04-24T21:06:09+00:00","twitter_card":"summary_large_image","twitter_misc":{"Est. reading time":"3 minute"},"schema":{"@context":"https:\/\/schema.org","@graph":[{"@type":"WebPage","@id":"http:\/\/staging.leboxi.eu\/sl\/dostava-in-placila\/","url":"http:\/\/staging.leboxi.eu\/sl\/dostava-in-placila\/","name":"Dostava in pla\u010dila | Le Boxi | Unikatna darila za vsakogar","isPartOf":{"@id":"http:\/\/staging.leboxi.eu\/sl\/#website"},"datePublished":"2021-02-07T10:54:42+00:00","dateModified":"2024-04-24T21:06:09+00:00","breadcrumb":{"@id":"http:\/\/staging.leboxi.eu\/sl\/dostava-in-placila\/#breadcrumb"},"inLanguage":"sl-SI","potentialAction":[{"@type":"ReadAction","target":["http:\/\/staging.leboxi.eu\/sl\/dostava-in-placila\/"]}]},{"@type":"BreadcrumbList","@id":"http:\/\/staging.leboxi.eu\/sl\/dostava-in-placila\/#breadcrumb","itemListElement":[{"@type":"ListItem","position":1,"name":"Doma","item":"http:\/\/staging.leboxi.eu\/sl\/"},{"@type":"ListItem","position":2,"name":"Dostava in pla\u010dila"}]},{"@type":"WebSite","@id":"http:\/\/staging.leboxi.eu\/sl\/#website","url":"http:\/\/staging.leboxi.eu\/sl\/","name":"Le Boxi | Unikatna darila za vsakogar","description":"Unikatna darila in darilne \u0161katle za vse prilo\u017enosti.","publisher":{"@id":"http:\/\/staging.leboxi.eu\/sl\/#organization"},"potentialAction":[{"@type":"SearchAction","target":{"@type":"EntryPoint","urlTemplate":"http:\/\/staging.leboxi.eu\/sl\/?s={search_term_string}"},"query-input":{"@type":"PropertyValueSpecification","valueRequired":true,"valueName":"search_term_string"}}],"inLanguage":"sl-SI"},{"@type":"Organization","@id":"http:\/\/staging.leboxi.eu\/sl\/#organization","name":"LE BOXI","url":"http:\/\/staging.leboxi.eu\/sl\/","logo":{"@type":"ImageObject","inLanguage":"sl-SI","@id":"http:\/\/staging.leboxi.eu\/sl\/#\/schema\/logo\/image\/","url":"http:\/\/staging.leboxi.eu\/wp-content\/uploads\/2021\/02\/LeBoxi-manjsi-png.png","contentUrl":"http:\/\/staging.leboxi.eu\/wp-content\/uploads\/2021\/02\/LeBoxi-manjsi-png.png","width":389,"height":164,"caption":"LE BOXI"},"image":{"@id":"http:\/\/staging.leboxi.eu\/sl\/#\/schema\/logo\/image\/"},"sameAs":["https:\/\/www.facebook.com\/leboxi.eu","https:\/\/www.instagram.com\/le.boxi\/"]}]}},"_links":{"self":[{"href":"http:\/\/staging.leboxi.eu\/sl\/wp-json\/wp\/v2\/pages\/1965","targetHints":{"allow":["GET"]}}],"collection":[{"href":"http:\/\/staging.leboxi.eu\/sl\/wp-json\/wp\/v2\/pages"}],"about":[{"href":"http:\/\/staging.leboxi.eu\/sl\/wp-json\/wp\/v2\/types\/page"}],"author":[{"embeddable":true,"href":"http:\/\/staging.leboxi.eu\/sl\/wp-json\/wp\/v2\/users\/2"}],"replies":[{"embeddable":true,"href":"http:\/\/staging.leboxi.eu\/sl\/wp-json\/wp\/v2\/comments?post=1965"}],"version-history":[{"count":21,"href":"http:\/\/staging.leboxi.eu\/sl\/wp-json\/wp\/v2\/pages\/1965\/revisions"}],"predecessor-version":[{"id":18168,"href":"http:\/\/staging.leboxi.eu\/sl\/wp-json\/wp\/v2\/pages\/1965\/revisions\/18168"}],"wp:attachment":[{"href":"http:\/\/staging.leboxi.eu\/sl\/wp-json\/wp\/v2\/media?parent=1965"}],"curies":[{"name":"wp","href":"https:\/\/api.w.org\/{rel}","templated":true}]}}