{"id":20838,"date":"2021-05-19T20:03:32","date_gmt":"2024-10-08T07:29:13","guid":{"rendered":"http:\/\/staging.leboxi.eu\/izdelki\/bevasarlotaska-100-recycled-fuck\/"},"modified":"2025-02-23T16:43:32","modified_gmt":"2025-02-23T15:43:32","slug":"bevasarlotaska-100-recycled-fuck","status":"publish","type":"product","link":"http:\/\/staging.leboxi.eu\/hu\/termekek\/bevasarlotaska-100-recycled-fuck\/","title":{"rendered":"Bev\u00e1s\u00e1rl\u00f3t\u00e1ska \u2013 100% Recycled Fuck"},"content":{"rendered":"<p>Humoros bev\u00e1s\u00e1rl\u00f3t\u00e1ska t\u00f6bbsz\u00f6r\u00f6s haszn\u00e1latra.<\/p>\n<p>Anyag: Sz\u00f6vet-pamut<\/p>\n<p>M\u00e9retek: 38 cm x 42 cm<\/p>\n<p>&nbsp;<\/p>\n<p>Ha szeretn\u00e9, az aj\u00e1nd\u00e9kot mi k\u00e9zbes\u00edtj\u00fck a c\u00edmzettnek, de term\u00e9szetesen nem mell\u00e9kelj\u00fck a sz\u00e1ml\u00e1t a k\u00e9zbes\u00edt\u00e9skor. A sz\u00e1ml\u00e1t \u00f6n kapja meg.<\/p>\n<p>&nbsp;<\/p>\n","protected":false},"excerpt":{"rendered":"<p>Ink\u00e1bb egy unalmas bev\u00e1s\u00e1rl\u00f3t\u00e1sk\u00e1t szeretne, vagy valamit, ami kieg\u00e9sz\u00edti a st\u00edlus\u00e1t \u00e9s a szem\u00e9lyis\u00e9g\u00e9t? Mutassa meg val\u00f3di arc\u00e1t egy t\u00e1sk\u00e1val, amely felh\u00edvja mag\u00e1ra a figyelmet, \u00e9s mosolyt csal az arcokra &#8211; az \u00f6n\u00e9re \u00e9s a j\u00e1r\u00f3kel\u0151k\u00e9re. A t\u00e1ska tart\u00f3s anyagb\u00f3l k\u00e9sz\u00fcl, \u00e9s j\u00f3l fog szolg\u00e1lni a mindennapi bev\u00e1s\u00e1rl\u00e1sok sor\u00e1n. Ha bepiszkol\u00f3dik, csak mossa meg k\u00e9zzel, \u00e9s olyan lesz, mint \u00faj kor\u00e1ban.<\/p>\n<p>Ez a humoros bev\u00e1s\u00e1rl\u00f3t\u00e1ska nagyszer\u0171 aj\u00e1nd\u00e9k is lehet.<\/p>\n<p>&nbsp;<\/p>\n<p>Ha szeretn\u00e9, az aj\u00e1nd\u00e9kot mi k\u00e9zbes\u00edtj\u00fck a c\u00edmzettnek, de term\u00e9szetesen nem mell\u00e9kelj\u00fck a sz\u00e1ml\u00e1t a k\u00e9zbes\u00edt\u00e9skor. A sz\u00e1ml\u00e1t \u00f6n kapja meg.<\/p>\n<p>A r\u00e9szletes le\u00edr\u00e1st az al\u00e1bbiakban olvashatja el.<\/p>\n","protected":false},"featured_media":20839,"comment_status":"open","ping_status":"closed","template":"","meta":{"site-sidebar-layout":"default","site-content-layout":"default","ast-site-content-layout":"","site-content-style":"default","site-sidebar-style":"default","ast-global-header-display":"","ast-banner-title-visibility":"","ast-main-header-display":"","ast-hfb-above-header-display":"","ast-hfb-below-header-display":"","ast-hfb-mobile-header-display":"","site-post-title":"","ast-breadcrumbs-content":"","ast-featured-img":"","footer-sml-layout":"","theme-transparent-header-meta":"default","adv-header-id-meta":"","stick-header-meta":"","header-above-stick-meta":"","header-main-stick-meta":"","header-below-stick-meta":"","astra-migrate-meta-layouts":"default","ast-page-background-enabled":"default","ast-page-background-meta":{"desktop":{"background-color":"","background-image":"","background-repeat":"repeat","background-position":"center center","background-size":"auto","background-attachment":"scroll","background-type":"","background-media":"","overlay-type":"","overlay-color":"","overlay-opacity":"","overlay-gradient":""},"tablet":{"background-color":"","background-image":"","background-repeat":"repeat","background-position":"center center","background-size":"auto","background-attachment":"scroll","background-type":"","background-media":"","overlay-type":"","overlay-color":"","overlay-opacity":"","overlay-gradient":""},"mobile":{"background-color":"","background-image":"","background-repeat":"repeat","background-position":"center center","background-size":"auto","background-attachment":"scroll","background-type":"","background-media":"","overlay-type":"","overlay-color":"","overlay-opacity":"","overlay-gradient":""}},"ast-content-background-meta":{"desktop":{"background-color":"var(--ast-global-color-5)","background-image":"","background-repeat":"repeat","background-position":"center center","background-size":"auto","background-attachment":"scroll","background-type":"","background-media":"","overlay-type":"","overlay-color":"","overlay-opacity":"","overlay-gradient":""},"tablet":{"background-color":"var(--ast-global-color-5)","background-image":"","background-repeat":"repeat","background-position":"center center","background-size":"auto","background-attachment":"scroll","background-type":"","background-media":"","overlay-type":"","overlay-color":"","overlay-opacity":"","overlay-gradient":""},"mobile":{"background-color":"var(--ast-global-color-5)","background-image":"","background-repeat":"repeat","background-position":"center center","background-size":"auto","background-attachment":"scroll","background-type":"","background-media":"","overlay-type":"","overlay-color":"","overlay-opacity":"","overlay-gradient":""}}},"product_brand":[],"product_cat":[388,328,327,390,329,368,326,367,339,372,373],"product_tag":[],"class_list":{"0":"post-20838","1":"product","2":"type-product","3":"status-publish","4":"has-post-thumbnail","6":"product_cat-ajandekok-baratnonek","7":"product_cat-ajandekok-ferfi-partnernek","8":"product_cat-ajandekok-ferfiaknak","9":"product_cat-ajandekok-noknek","10":"product_cat-alkalmak","11":"product_cat-bevasarlotaskak","12":"product_cat-ferfi","13":"product_cat-illetlen","14":"product_cat-nok","15":"product_cat-vicces-ajandekok","16":"product_cat-vicces-karacsonyi-ajandekok","17":"desktop-align-left","18":"tablet-align-left","19":"mobile-align-left","21":"first","22":"instock","23":"taxable","24":"shipping-taxable","25":"purchasable","26":"product-type-simple"},"yoast_head":"<!-- This site is optimized with the Yoast SEO plugin v25.2 - https:\/\/yoast.com\/wordpress\/plugins\/seo\/ -->\n<title>Bev\u00e1s\u00e1rl\u00f3t\u00e1ska - This bag is made 100% from recycled fucks<\/title>\n<meta name=\"description\" content=\"Ink\u00e1bb egy unalmas bev\u00e1s\u00e1rl\u00f3t\u00e1sk\u00e1t szeretne, vagy valamit, ami kieg\u00e9sz\u00edti a st\u00edlus\u00e1t \u00e9s a szem\u00e9lyis\u00e9g\u00e9t, \u00e9s mosolyt csal az arc\u00e1ra?\" \/>\n<meta name=\"robots\" content=\"index, follow, max-snippet:-1, max-image-preview:large, max-video-preview:-1\" \/>\n<link rel=\"canonical\" href=\"http:\/\/staging.leboxi.eu\/hu\/termekek\/bevasarlotaska-100-recycled-fuck\/\" \/>\n<meta property=\"og:locale\" content=\"hu_HU\" \/>\n<meta property=\"og:type\" content=\"article\" \/>\n<meta property=\"og:title\" content=\"Bev\u00e1s\u00e1rl\u00f3t\u00e1ska - This bag is made 100% from recycled fucks\" \/>\n<meta property=\"og:description\" content=\"Ink\u00e1bb egy unalmas bev\u00e1s\u00e1rl\u00f3t\u00e1sk\u00e1t szeretne, vagy valamit, ami kieg\u00e9sz\u00edti a st\u00edlus\u00e1t \u00e9s a szem\u00e9lyis\u00e9g\u00e9t, \u00e9s mosolyt csal az arc\u00e1ra?\" \/>\n<meta property=\"og:url\" content=\"http:\/\/staging.leboxi.eu\/hu\/termekek\/bevasarlotaska-100-recycled-fuck\/\" \/>\n<meta property=\"og:site_name\" content=\"Le Boxi | Unikatna darila za vsakogar\" \/>\n<meta property=\"article:publisher\" content=\"https:\/\/www.facebook.com\/leboxi.eu\" \/>\n<meta property=\"article:modified_time\" content=\"2025-02-23T15:43:32+00:00\" \/>\n<meta property=\"og:image\" content=\"http:\/\/staging.leboxi.eu\/wp-content\/uploads\/2021\/05\/nakupovalna-vrecka-recycled-fucks.jpg\" \/>\n\t<meta property=\"og:image:width\" content=\"1000\" \/>\n\t<meta property=\"og:image:height\" content=\"1000\" \/>\n\t<meta property=\"og:image:type\" content=\"image\/jpeg\" \/>\n<meta name=\"twitter:card\" content=\"summary_large_image\" \/>\n<script type=\"application\/ld+json\" class=\"yoast-schema-graph\">{\"@context\":\"https:\/\/schema.org\",\"@graph\":[{\"@type\":\"WebPage\",\"@id\":\"http:\/\/staging.leboxi.eu\/hu\/termekek\/bevasarlotaska-100-recycled-fuck\/\",\"url\":\"http:\/\/staging.leboxi.eu\/hu\/termekek\/bevasarlotaska-100-recycled-fuck\/\",\"name\":\"Bev\u00e1s\u00e1rl\u00f3t\u00e1ska - This bag is made 100% from recycled fucks\",\"isPartOf\":{\"@id\":\"http:\/\/staging.leboxi.eu\/hu\/#website\"},\"primaryImageOfPage\":{\"@id\":\"http:\/\/staging.leboxi.eu\/hu\/termekek\/bevasarlotaska-100-recycled-fuck\/#primaryimage\"},\"image\":{\"@id\":\"http:\/\/staging.leboxi.eu\/hu\/termekek\/bevasarlotaska-100-recycled-fuck\/#primaryimage\"},\"thumbnailUrl\":\"http:\/\/staging.leboxi.eu\/wp-content\/uploads\/2021\/05\/nakupovalna-vrecka-recycled-fucks.jpg\",\"datePublished\":\"2024-10-08T07:29:13+00:00\",\"dateModified\":\"2025-02-23T15:43:32+00:00\",\"description\":\"Ink\u00e1bb egy unalmas bev\u00e1s\u00e1rl\u00f3t\u00e1sk\u00e1t szeretne, vagy valamit, ami kieg\u00e9sz\u00edti a st\u00edlus\u00e1t \u00e9s a szem\u00e9lyis\u00e9g\u00e9t, \u00e9s mosolyt csal az arc\u00e1ra?\",\"breadcrumb\":{\"@id\":\"http:\/\/staging.leboxi.eu\/hu\/termekek\/bevasarlotaska-100-recycled-fuck\/#breadcrumb\"},\"inLanguage\":\"hu\",\"potentialAction\":[{\"@type\":\"ReadAction\",\"target\":[\"http:\/\/staging.leboxi.eu\/hu\/termekek\/bevasarlotaska-100-recycled-fuck\/\"]}]},{\"@type\":\"ImageObject\",\"inLanguage\":\"hu\",\"@id\":\"http:\/\/staging.leboxi.eu\/hu\/termekek\/bevasarlotaska-100-recycled-fuck\/#primaryimage\",\"url\":\"http:\/\/staging.leboxi.eu\/wp-content\/uploads\/2021\/05\/nakupovalna-vrecka-recycled-fucks.jpg\",\"contentUrl\":\"http:\/\/staging.leboxi.eu\/wp-content\/uploads\/2021\/05\/nakupovalna-vrecka-recycled-fucks.jpg\",\"width\":1000,\"height\":1000},{\"@type\":\"BreadcrumbList\",\"@id\":\"http:\/\/staging.leboxi.eu\/hu\/termekek\/bevasarlotaska-100-recycled-fuck\/#breadcrumb\",\"itemListElement\":[{\"@type\":\"ListItem\",\"position\":1,\"name\":\"Doma\",\"item\":\"http:\/\/staging.leboxi.eu\/hu\/\"},{\"@type\":\"ListItem\",\"position\":2,\"name\":\"\u00fczlet\",\"item\":\"http:\/\/staging.leboxi.eu\/hu\/uzlet\/\"},{\"@type\":\"ListItem\",\"position\":3,\"name\":\"Bev\u00e1s\u00e1rl\u00f3t\u00e1ska \u2013 100% Recycled Fuck\"}]},{\"@type\":\"WebSite\",\"@id\":\"http:\/\/staging.leboxi.eu\/hu\/#website\",\"url\":\"http:\/\/staging.leboxi.eu\/hu\/\",\"name\":\"Le Boxi | Unikatna darila za vsakogar\",\"description\":\"Unikatna darila in darilne \u0161katle za vse prilo\u017enosti.\",\"publisher\":{\"@id\":\"http:\/\/staging.leboxi.eu\/hu\/#organization\"},\"potentialAction\":[{\"@type\":\"SearchAction\",\"target\":{\"@type\":\"EntryPoint\",\"urlTemplate\":\"http:\/\/staging.leboxi.eu\/hu\/?s={search_term_string}\"},\"query-input\":{\"@type\":\"PropertyValueSpecification\",\"valueRequired\":true,\"valueName\":\"search_term_string\"}}],\"inLanguage\":\"hu\"},{\"@type\":\"Organization\",\"@id\":\"http:\/\/staging.leboxi.eu\/hu\/#organization\",\"name\":\"LE BOXI\",\"url\":\"http:\/\/staging.leboxi.eu\/hu\/\",\"logo\":{\"@type\":\"ImageObject\",\"inLanguage\":\"hu\",\"@id\":\"http:\/\/staging.leboxi.eu\/hu\/#\/schema\/logo\/image\/\",\"url\":\"http:\/\/staging.leboxi.eu\/wp-content\/uploads\/2021\/02\/LeBoxi-manjsi-png.png\",\"contentUrl\":\"http:\/\/staging.leboxi.eu\/wp-content\/uploads\/2021\/02\/LeBoxi-manjsi-png.png\",\"width\":389,\"height\":164,\"caption\":\"LE BOXI\"},\"image\":{\"@id\":\"http:\/\/staging.leboxi.eu\/hu\/#\/schema\/logo\/image\/\"},\"sameAs\":[\"https:\/\/www.facebook.com\/leboxi.eu\",\"https:\/\/www.instagram.com\/le.boxi\/\"]}]}<\/script>\n<!-- \/ Yoast SEO plugin. -->","yoast_head_json":{"title":"Bev\u00e1s\u00e1rl\u00f3t\u00e1ska - This bag is made 100% from recycled fucks","description":"Ink\u00e1bb egy unalmas bev\u00e1s\u00e1rl\u00f3t\u00e1sk\u00e1t szeretne, vagy valamit, ami kieg\u00e9sz\u00edti a st\u00edlus\u00e1t \u00e9s a szem\u00e9lyis\u00e9g\u00e9t, \u00e9s mosolyt csal az arc\u00e1ra?","robots":{"index":"index","follow":"follow","max-snippet":"max-snippet:-1","max-image-preview":"max-image-preview:large","max-video-preview":"max-video-preview:-1"},"canonical":"http:\/\/staging.leboxi.eu\/hu\/termekek\/bevasarlotaska-100-recycled-fuck\/","og_locale":"hu_HU","og_type":"article","og_title":"Bev\u00e1s\u00e1rl\u00f3t\u00e1ska - This bag is made 100% from recycled fucks","og_description":"Ink\u00e1bb egy unalmas bev\u00e1s\u00e1rl\u00f3t\u00e1sk\u00e1t szeretne, vagy valamit, ami kieg\u00e9sz\u00edti a st\u00edlus\u00e1t \u00e9s a szem\u00e9lyis\u00e9g\u00e9t, \u00e9s mosolyt csal az arc\u00e1ra?","og_url":"http:\/\/staging.leboxi.eu\/hu\/termekek\/bevasarlotaska-100-recycled-fuck\/","og_site_name":"Le Boxi | Unikatna darila za vsakogar","article_publisher":"https:\/\/www.facebook.com\/leboxi.eu","article_modified_time":"2025-02-23T15:43:32+00:00","og_image":[{"width":1000,"height":1000,"url":"http:\/\/staging.leboxi.eu\/wp-content\/uploads\/2021\/05\/nakupovalna-vrecka-recycled-fucks.jpg","type":"image\/jpeg"}],"twitter_card":"summary_large_image","schema":{"@context":"https:\/\/schema.org","@graph":[{"@type":"WebPage","@id":"http:\/\/staging.leboxi.eu\/hu\/termekek\/bevasarlotaska-100-recycled-fuck\/","url":"http:\/\/staging.leboxi.eu\/hu\/termekek\/bevasarlotaska-100-recycled-fuck\/","name":"Bev\u00e1s\u00e1rl\u00f3t\u00e1ska - This bag is made 100% from recycled fucks","isPartOf":{"@id":"http:\/\/staging.leboxi.eu\/hu\/#website"},"primaryImageOfPage":{"@id":"http:\/\/staging.leboxi.eu\/hu\/termekek\/bevasarlotaska-100-recycled-fuck\/#primaryimage"},"image":{"@id":"http:\/\/staging.leboxi.eu\/hu\/termekek\/bevasarlotaska-100-recycled-fuck\/#primaryimage"},"thumbnailUrl":"http:\/\/staging.leboxi.eu\/wp-content\/uploads\/2021\/05\/nakupovalna-vrecka-recycled-fucks.jpg","datePublished":"2024-10-08T07:29:13+00:00","dateModified":"2025-02-23T15:43:32+00:00","description":"Ink\u00e1bb egy unalmas bev\u00e1s\u00e1rl\u00f3t\u00e1sk\u00e1t szeretne, vagy valamit, ami kieg\u00e9sz\u00edti a st\u00edlus\u00e1t \u00e9s a szem\u00e9lyis\u00e9g\u00e9t, \u00e9s mosolyt csal az arc\u00e1ra?","breadcrumb":{"@id":"http:\/\/staging.leboxi.eu\/hu\/termekek\/bevasarlotaska-100-recycled-fuck\/#breadcrumb"},"inLanguage":"hu","potentialAction":[{"@type":"ReadAction","target":["http:\/\/staging.leboxi.eu\/hu\/termekek\/bevasarlotaska-100-recycled-fuck\/"]}]},{"@type":"ImageObject","inLanguage":"hu","@id":"http:\/\/staging.leboxi.eu\/hu\/termekek\/bevasarlotaska-100-recycled-fuck\/#primaryimage","url":"http:\/\/staging.leboxi.eu\/wp-content\/uploads\/2021\/05\/nakupovalna-vrecka-recycled-fucks.jpg","contentUrl":"http:\/\/staging.leboxi.eu\/wp-content\/uploads\/2021\/05\/nakupovalna-vrecka-recycled-fucks.jpg","width":1000,"height":1000},{"@type":"BreadcrumbList","@id":"http:\/\/staging.leboxi.eu\/hu\/termekek\/bevasarlotaska-100-recycled-fuck\/#breadcrumb","itemListElement":[{"@type":"ListItem","position":1,"name":"Doma","item":"http:\/\/staging.leboxi.eu\/hu\/"},{"@type":"ListItem","position":2,"name":"\u00fczlet","item":"http:\/\/staging.leboxi.eu\/hu\/uzlet\/"},{"@type":"ListItem","position":3,"name":"Bev\u00e1s\u00e1rl\u00f3t\u00e1ska \u2013 100% Recycled Fuck"}]},{"@type":"WebSite","@id":"http:\/\/staging.leboxi.eu\/hu\/#website","url":"http:\/\/staging.leboxi.eu\/hu\/","name":"Le Boxi | Unikatna darila za vsakogar","description":"Unikatna darila in darilne \u0161katle za vse prilo\u017enosti.","publisher":{"@id":"http:\/\/staging.leboxi.eu\/hu\/#organization"},"potentialAction":[{"@type":"SearchAction","target":{"@type":"EntryPoint","urlTemplate":"http:\/\/staging.leboxi.eu\/hu\/?s={search_term_string}"},"query-input":{"@type":"PropertyValueSpecification","valueRequired":true,"valueName":"search_term_string"}}],"inLanguage":"hu"},{"@type":"Organization","@id":"http:\/\/staging.leboxi.eu\/hu\/#organization","name":"LE BOXI","url":"http:\/\/staging.leboxi.eu\/hu\/","logo":{"@type":"ImageObject","inLanguage":"hu","@id":"http:\/\/staging.leboxi.eu\/hu\/#\/schema\/logo\/image\/","url":"http:\/\/staging.leboxi.eu\/wp-content\/uploads\/2021\/02\/LeBoxi-manjsi-png.png","contentUrl":"http:\/\/staging.leboxi.eu\/wp-content\/uploads\/2021\/02\/LeBoxi-manjsi-png.png","width":389,"height":164,"caption":"LE BOXI"},"image":{"@id":"http:\/\/staging.leboxi.eu\/hu\/#\/schema\/logo\/image\/"},"sameAs":["https:\/\/www.facebook.com\/leboxi.eu","https:\/\/www.instagram.com\/le.boxi\/"]}]}},"_links":{"self":[{"href":"http:\/\/staging.leboxi.eu\/hu\/wp-json\/wp\/v2\/product\/20838","targetHints":{"allow":["GET"]}}],"collection":[{"href":"http:\/\/staging.leboxi.eu\/hu\/wp-json\/wp\/v2\/product"}],"about":[{"href":"http:\/\/staging.leboxi.eu\/hu\/wp-json\/wp\/v2\/types\/product"}],"replies":[{"embeddable":true,"href":"http:\/\/staging.leboxi.eu\/hu\/wp-json\/wp\/v2\/comments?post=20838"}],"version-history":[{"count":1,"href":"http:\/\/staging.leboxi.eu\/hu\/wp-json\/wp\/v2\/product\/20838\/revisions"}],"predecessor-version":[{"id":24060,"href":"http:\/\/staging.leboxi.eu\/hu\/wp-json\/wp\/v2\/product\/20838\/revisions\/24060"}],"wp:featuredmedia":[{"embeddable":true,"href":"http:\/\/staging.leboxi.eu\/hu\/wp-json\/wp\/v2\/media\/20839"}],"wp:attachment":[{"href":"http:\/\/staging.leboxi.eu\/hu\/wp-json\/wp\/v2\/media?parent=20838"}],"wp:term":[{"taxonomy":"product_brand","embeddable":true,"href":"http:\/\/staging.leboxi.eu\/hu\/wp-json\/wp\/v2\/product_brand?post=20838"},{"taxonomy":"product_cat","embeddable":true,"href":"http:\/\/staging.leboxi.eu\/hu\/wp-json\/wp\/v2\/product_cat?post=20838"},{"taxonomy":"product_tag","embeddable":true,"href":"http:\/\/staging.leboxi.eu\/hu\/wp-json\/wp\/v2\/product_tag?post=20838"}],"curies":[{"name":"wp","href":"https:\/\/api.w.org\/{rel}","templated":true}]}}