{"id":20088,"date":"2021-03-13T11:32:16","date_gmt":"2024-09-03T19:29:38","guid":{"rendered":"http:\/\/staging.leboxi.eu\/izdelki\/retro-mintas-tanyeralatetek\/"},"modified":"2025-02-23T16:36:33","modified_gmt":"2025-02-23T15:36:33","slug":"retro-mintas-tanyeralatetek","status":"publish","type":"product","link":"http:\/\/staging.leboxi.eu\/hu\/termekek\/retro-mintas-tanyeralatetek\/","title":{"rendered":"Retr\u00f3 mint\u00e1s t\u00e1ny\u00e9ral\u00e1t\u00e9tek"},"content":{"rendered":"<p>4 k\u00fcl\u00f6nb\u00f6z\u0151 t\u00e1ny\u00e9ral\u00e1t\u00e9t retr\u00f3 mot\u00edvummal.<\/p>\n<p>Anyag: polipropil\u00e9n<\/p>\n<p>T\u00e1ny\u00e9ral\u00e1t\u00e9t m\u00e9rete: 45 x 28 x 0,1 cm<\/p>\n<p>S\u00faly: 64 g<br \/>\n<a href=\"http:\/\/staging.leboxi.eu\/izdelki\/personalizirana-cestitka\/\"><strong>Szem\u00e9lyre szabott \u00fcdv\u00f6zl\u0151lapot is mell\u00e9kelhet<br \/>\n<\/strong><\/a><br \/>\naz aj\u00e1nd\u00e9khoz (+ 2,95 \u20ac).<\/p>\n<p>Ha szeretn\u00e9, az aj\u00e1nd\u00e9k\u00e1t mi k\u00e9zbes\u00edtj\u00fck a c\u00edmzettnek, de a sz\u00e1ml\u00e1t term\u00e9szetesen nem mell\u00e9kelj\u00fck a sz\u00e1ll\u00edt\u00e1skor. A sz\u00e1ml\u00e1t \u00f6n kapja meg.<\/p>\n<p>&nbsp;<\/p>\n<p>Utols\u00f3 sim\u00edt\u00e1sk\u00e9nt <a href=\"http:\/\/staging.leboxi.eu\/blog\/posvetilo-darilni-listki\/\"> aj\u00e1nd\u00e9kos c\u00edmk\u00e9kkel <\/a>is feldobhatja az aj\u00e1nd\u00e9kcsomagj\u00e1t, melyek elk\u00e9sz\u00edt\u00e9s\u00e9hez a blogunkon tal\u00e1l \u00fatmutat\u00f3t.<\/p>\n<p>&nbsp;<\/p>\n","protected":false},"excerpt":{"rendered":"<p>Hagyja, hogy asztala visszarep\u00edtse az id\u0151ben a kazett\u00e1k \u00e9s a r\u00e9gi lemezek kor\u00e1ba! N\u00e9gy retr\u00f3 t\u00e1ny\u00e9ral\u00e1t\u00e9tb\u0151l \u00e1ll\u00f3 k\u00e9szlet, mindegyik al\u00e1t\u00e9tnek megvan a maga egyedi megjelen\u00e9se. Kiv\u00e9teles aj\u00e1nd\u00e9k a 70-es \u00e9vek szerelmeseinek, valamint azoknak, akik valami &#8222;retr\u00f3ra&#8221; v\u00e1gynak egy modern lak\u00e1sban. A t\u00e1ny\u00e9ral\u00e1t\u00e9teket k\u00f6nny\u0171 let\u00f6r\u00f6lni, \u00edgy nem kell agg\u00f3dnia akkor sem, ha le\u00f6nti \u0151ket. Hallja m\u00e1r a gramofonos lemezek csikorg\u00e1s\u00e1t?<\/p>\n<p>&nbsp;<\/p>\n<p>Ha szeretn\u00e9, az aj\u00e1nd\u00e9k\u00e1t mi k\u00e9zbes\u00edtj\u00fck a c\u00edmzettnek, de a sz\u00e1ml\u00e1t term\u00e9szetesen nem mell\u00e9kelj\u00fck a sz\u00e1ll\u00edt\u00e1skor. A sz\u00e1ml\u00e1t \u00f6n kapja meg.<\/p>\n<p>A r\u00e9szletes le\u00edr\u00e1st az al\u00e1bbiakban olvashatja el.<\/p>\n","protected":false},"featured_media":20089,"comment_status":"open","ping_status":"closed","template":"","meta":{"site-sidebar-layout":"default","site-content-layout":"default","ast-site-content-layout":"","site-content-style":"default","site-sidebar-style":"default","ast-global-header-display":"","ast-banner-title-visibility":"","ast-main-header-display":"","ast-hfb-above-header-display":"","ast-hfb-below-header-display":"","ast-hfb-mobile-header-display":"","site-post-title":"","ast-breadcrumbs-content":"","ast-featured-img":"","footer-sml-layout":"","theme-transparent-header-meta":"default","adv-header-id-meta":"","stick-header-meta":"","header-above-stick-meta":"","header-main-stick-meta":"","header-below-stick-meta":"","astra-migrate-meta-layouts":"default","ast-page-background-enabled":"default","ast-page-background-meta":{"desktop":{"background-color":"","background-image":"","background-repeat":"repeat","background-position":"center center","background-size":"auto","background-attachment":"scroll","background-type":"","background-media":"","overlay-type":"","overlay-color":"","overlay-opacity":"","overlay-gradient":""},"tablet":{"background-color":"","background-image":"","background-repeat":"repeat","background-position":"center center","background-size":"auto","background-attachment":"scroll","background-type":"","background-media":"","overlay-type":"","overlay-color":"","overlay-opacity":"","overlay-gradient":""},"mobile":{"background-color":"","background-image":"","background-repeat":"repeat","background-position":"center center","background-size":"auto","background-attachment":"scroll","background-type":"","background-media":"","overlay-type":"","overlay-color":"","overlay-opacity":"","overlay-gradient":""}},"ast-content-background-meta":{"desktop":{"background-color":"var(--ast-global-color-5)","background-image":"","background-repeat":"repeat","background-position":"center center","background-size":"auto","background-attachment":"scroll","background-type":"","background-media":"","overlay-type":"","overlay-color":"","overlay-opacity":"","overlay-gradient":""},"tablet":{"background-color":"var(--ast-global-color-5)","background-image":"","background-repeat":"repeat","background-position":"center center","background-size":"auto","background-attachment":"scroll","background-type":"","background-media":"","overlay-type":"","overlay-color":"","overlay-opacity":"","overlay-gradient":""},"mobile":{"background-color":"var(--ast-global-color-5)","background-image":"","background-repeat":"repeat","background-position":"center center","background-size":"auto","background-attachment":"scroll","background-type":"","background-media":"","overlay-type":"","overlay-color":"","overlay-opacity":"","overlay-gradient":""}}},"product_brand":[],"product_cat":[325,333,388,328,327,389,390,329,326,330,335,379,339,332,383],"product_tag":[],"class_list":{"0":"post-20088","1":"product","2":"type-product","3":"status-publish","4":"has-post-thumbnail","6":"product_cat-tabornok","7":"product_cat-szuletesnapi-ajandekok-ferfiaknak","8":"product_cat-ajandekok-baratnonek","9":"product_cat-ajandekok-ferfi-partnernek","10":"product_cat-ajandekok-ferfiaknak","11":"product_cat-ajandekok-noi-partnernek","12":"product_cat-ajandekok-noknek","13":"product_cat-alkalmak","14":"product_cat-ferfi","15":"product_cat-karacsonyi-ajandekok","16":"product_cat-karacsonyi-ajandekok-ferfiaknak","17":"product_cat-karacsonyi-ajandekok-noknek","18":"product_cat-nok","19":"product_cat-szuletesnapi-ajandekok-hu","20":"product_cat-szuletesnapi-ajandekok-noknek","21":"desktop-align-left","22":"tablet-align-left","23":"mobile-align-left","25":"first","26":"instock","27":"taxable","28":"shipping-taxable","29":"purchasable","30":"product-type-simple"},"yoast_head":"<!-- This site is optimized with the Yoast SEO plugin v25.2 - https:\/\/yoast.com\/wordpress\/plugins\/seo\/ -->\n<title>Retr\u00f3 mint\u00e1s t\u00e1ny\u00e9ral\u00e1t\u00e9tek | Le Boxi<\/title>\n<meta name=\"description\" content=\"Hagyja, hogy asztala visszarep\u00edtse az id\u0151ben a kazett\u00e1k \u00e9s a r\u00e9gi lemezek kor\u00e1ba! N\u00e9gy retr\u00f3 t\u00e1ny\u00e9ral\u00e1t\u00e9tb\u0151l \u00e1ll\u00f3 k\u00e9szlet, mindegyik al\u00e1t\u00e9tnek megvan a maga egyedi megjelen\u00e9se.\" \/>\n<meta name=\"robots\" content=\"index, follow, max-snippet:-1, max-image-preview:large, max-video-preview:-1\" \/>\n<link rel=\"canonical\" href=\"http:\/\/staging.leboxi.eu\/hu\/termekek\/retro-mintas-tanyeralatetek\/\" \/>\n<meta property=\"og:locale\" content=\"hu_HU\" \/>\n<meta property=\"og:type\" content=\"article\" \/>\n<meta property=\"og:title\" content=\"Retr\u00f3 mint\u00e1s t\u00e1ny\u00e9ral\u00e1t\u00e9tek | Le Boxi\" \/>\n<meta property=\"og:description\" content=\"Hagyja, hogy asztala visszarep\u00edtse az id\u0151ben a kazett\u00e1k \u00e9s a r\u00e9gi lemezek kor\u00e1ba! N\u00e9gy retr\u00f3 t\u00e1ny\u00e9ral\u00e1t\u00e9tb\u0151l \u00e1ll\u00f3 k\u00e9szlet, mindegyik al\u00e1t\u00e9tnek megvan a maga egyedi megjelen\u00e9se.\" \/>\n<meta property=\"og:url\" content=\"http:\/\/staging.leboxi.eu\/hu\/termekek\/retro-mintas-tanyeralatetek\/\" \/>\n<meta property=\"og:site_name\" content=\"Le Boxi | Unikatna darila za vsakogar\" \/>\n<meta property=\"article:publisher\" content=\"https:\/\/www.facebook.com\/leboxi.eu\" \/>\n<meta property=\"article:modified_time\" content=\"2025-02-23T15:36:33+00:00\" \/>\n<meta property=\"og:image\" content=\"http:\/\/staging.leboxi.eu\/wp-content\/uploads\/2021\/03\/Pogrinjek-retro.jpg\" \/>\n\t<meta property=\"og:image:width\" content=\"1000\" \/>\n\t<meta property=\"og:image:height\" content=\"1000\" \/>\n\t<meta property=\"og:image:type\" content=\"image\/jpeg\" \/>\n<meta name=\"twitter:card\" content=\"summary_large_image\" \/>\n<meta name=\"twitter:label1\" content=\"Becs\u00fclt olvas\u00e1si id\u0151\" \/>\n\t<meta name=\"twitter:data1\" content=\"1 perc\" \/>\n<script type=\"application\/ld+json\" class=\"yoast-schema-graph\">{\"@context\":\"https:\/\/schema.org\",\"@graph\":[{\"@type\":\"WebPage\",\"@id\":\"http:\/\/staging.leboxi.eu\/hu\/termekek\/retro-mintas-tanyeralatetek\/\",\"url\":\"http:\/\/staging.leboxi.eu\/hu\/termekek\/retro-mintas-tanyeralatetek\/\",\"name\":\"Retr\u00f3 mint\u00e1s t\u00e1ny\u00e9ral\u00e1t\u00e9tek | Le Boxi\",\"isPartOf\":{\"@id\":\"http:\/\/staging.leboxi.eu\/hu\/#website\"},\"primaryImageOfPage\":{\"@id\":\"http:\/\/staging.leboxi.eu\/hu\/termekek\/retro-mintas-tanyeralatetek\/#primaryimage\"},\"image\":{\"@id\":\"http:\/\/staging.leboxi.eu\/hu\/termekek\/retro-mintas-tanyeralatetek\/#primaryimage\"},\"thumbnailUrl\":\"http:\/\/staging.leboxi.eu\/wp-content\/uploads\/2021\/03\/Pogrinjek-retro.jpg\",\"datePublished\":\"2024-09-03T19:29:38+00:00\",\"dateModified\":\"2025-02-23T15:36:33+00:00\",\"description\":\"Hagyja, hogy asztala visszarep\u00edtse az id\u0151ben a kazett\u00e1k \u00e9s a r\u00e9gi lemezek kor\u00e1ba! N\u00e9gy retr\u00f3 t\u00e1ny\u00e9ral\u00e1t\u00e9tb\u0151l \u00e1ll\u00f3 k\u00e9szlet, mindegyik al\u00e1t\u00e9tnek megvan a maga egyedi megjelen\u00e9se.\",\"breadcrumb\":{\"@id\":\"http:\/\/staging.leboxi.eu\/hu\/termekek\/retro-mintas-tanyeralatetek\/#breadcrumb\"},\"inLanguage\":\"hu\",\"potentialAction\":[{\"@type\":\"ReadAction\",\"target\":[\"http:\/\/staging.leboxi.eu\/hu\/termekek\/retro-mintas-tanyeralatetek\/\"]}]},{\"@type\":\"ImageObject\",\"inLanguage\":\"hu\",\"@id\":\"http:\/\/staging.leboxi.eu\/hu\/termekek\/retro-mintas-tanyeralatetek\/#primaryimage\",\"url\":\"http:\/\/staging.leboxi.eu\/wp-content\/uploads\/2021\/03\/Pogrinjek-retro.jpg\",\"contentUrl\":\"http:\/\/staging.leboxi.eu\/wp-content\/uploads\/2021\/03\/Pogrinjek-retro.jpg\",\"width\":1000,\"height\":1000},{\"@type\":\"BreadcrumbList\",\"@id\":\"http:\/\/staging.leboxi.eu\/hu\/termekek\/retro-mintas-tanyeralatetek\/#breadcrumb\",\"itemListElement\":[{\"@type\":\"ListItem\",\"position\":1,\"name\":\"Doma\",\"item\":\"http:\/\/staging.leboxi.eu\/hu\/\"},{\"@type\":\"ListItem\",\"position\":2,\"name\":\"\u00fczlet\",\"item\":\"http:\/\/staging.leboxi.eu\/hu\/uzlet\/\"},{\"@type\":\"ListItem\",\"position\":3,\"name\":\"Retr\u00f3 mint\u00e1s t\u00e1ny\u00e9ral\u00e1t\u00e9tek\"}]},{\"@type\":\"WebSite\",\"@id\":\"http:\/\/staging.leboxi.eu\/hu\/#website\",\"url\":\"http:\/\/staging.leboxi.eu\/hu\/\",\"name\":\"Le Boxi | Unikatna darila za vsakogar\",\"description\":\"Unikatna darila in darilne \u0161katle za vse prilo\u017enosti.\",\"publisher\":{\"@id\":\"http:\/\/staging.leboxi.eu\/hu\/#organization\"},\"potentialAction\":[{\"@type\":\"SearchAction\",\"target\":{\"@type\":\"EntryPoint\",\"urlTemplate\":\"http:\/\/staging.leboxi.eu\/hu\/?s={search_term_string}\"},\"query-input\":{\"@type\":\"PropertyValueSpecification\",\"valueRequired\":true,\"valueName\":\"search_term_string\"}}],\"inLanguage\":\"hu\"},{\"@type\":\"Organization\",\"@id\":\"http:\/\/staging.leboxi.eu\/hu\/#organization\",\"name\":\"LE BOXI\",\"url\":\"http:\/\/staging.leboxi.eu\/hu\/\",\"logo\":{\"@type\":\"ImageObject\",\"inLanguage\":\"hu\",\"@id\":\"http:\/\/staging.leboxi.eu\/hu\/#\/schema\/logo\/image\/\",\"url\":\"http:\/\/staging.leboxi.eu\/wp-content\/uploads\/2021\/02\/LeBoxi-manjsi-png.png\",\"contentUrl\":\"http:\/\/staging.leboxi.eu\/wp-content\/uploads\/2021\/02\/LeBoxi-manjsi-png.png\",\"width\":389,\"height\":164,\"caption\":\"LE BOXI\"},\"image\":{\"@id\":\"http:\/\/staging.leboxi.eu\/hu\/#\/schema\/logo\/image\/\"},\"sameAs\":[\"https:\/\/www.facebook.com\/leboxi.eu\",\"https:\/\/www.instagram.com\/le.boxi\/\"]}]}<\/script>\n<!-- \/ Yoast SEO plugin. -->","yoast_head_json":{"title":"Retr\u00f3 mint\u00e1s t\u00e1ny\u00e9ral\u00e1t\u00e9tek | Le Boxi","description":"Hagyja, hogy asztala visszarep\u00edtse az id\u0151ben a kazett\u00e1k \u00e9s a r\u00e9gi lemezek kor\u00e1ba! N\u00e9gy retr\u00f3 t\u00e1ny\u00e9ral\u00e1t\u00e9tb\u0151l \u00e1ll\u00f3 k\u00e9szlet, mindegyik al\u00e1t\u00e9tnek megvan a maga egyedi megjelen\u00e9se.","robots":{"index":"index","follow":"follow","max-snippet":"max-snippet:-1","max-image-preview":"max-image-preview:large","max-video-preview":"max-video-preview:-1"},"canonical":"http:\/\/staging.leboxi.eu\/hu\/termekek\/retro-mintas-tanyeralatetek\/","og_locale":"hu_HU","og_type":"article","og_title":"Retr\u00f3 mint\u00e1s t\u00e1ny\u00e9ral\u00e1t\u00e9tek | Le Boxi","og_description":"Hagyja, hogy asztala visszarep\u00edtse az id\u0151ben a kazett\u00e1k \u00e9s a r\u00e9gi lemezek kor\u00e1ba! N\u00e9gy retr\u00f3 t\u00e1ny\u00e9ral\u00e1t\u00e9tb\u0151l \u00e1ll\u00f3 k\u00e9szlet, mindegyik al\u00e1t\u00e9tnek megvan a maga egyedi megjelen\u00e9se.","og_url":"http:\/\/staging.leboxi.eu\/hu\/termekek\/retro-mintas-tanyeralatetek\/","og_site_name":"Le Boxi | Unikatna darila za vsakogar","article_publisher":"https:\/\/www.facebook.com\/leboxi.eu","article_modified_time":"2025-02-23T15:36:33+00:00","og_image":[{"width":1000,"height":1000,"url":"http:\/\/staging.leboxi.eu\/wp-content\/uploads\/2021\/03\/Pogrinjek-retro.jpg","type":"image\/jpeg"}],"twitter_card":"summary_large_image","twitter_misc":{"Becs\u00fclt olvas\u00e1si id\u0151":"1 perc"},"schema":{"@context":"https:\/\/schema.org","@graph":[{"@type":"WebPage","@id":"http:\/\/staging.leboxi.eu\/hu\/termekek\/retro-mintas-tanyeralatetek\/","url":"http:\/\/staging.leboxi.eu\/hu\/termekek\/retro-mintas-tanyeralatetek\/","name":"Retr\u00f3 mint\u00e1s t\u00e1ny\u00e9ral\u00e1t\u00e9tek | Le Boxi","isPartOf":{"@id":"http:\/\/staging.leboxi.eu\/hu\/#website"},"primaryImageOfPage":{"@id":"http:\/\/staging.leboxi.eu\/hu\/termekek\/retro-mintas-tanyeralatetek\/#primaryimage"},"image":{"@id":"http:\/\/staging.leboxi.eu\/hu\/termekek\/retro-mintas-tanyeralatetek\/#primaryimage"},"thumbnailUrl":"http:\/\/staging.leboxi.eu\/wp-content\/uploads\/2021\/03\/Pogrinjek-retro.jpg","datePublished":"2024-09-03T19:29:38+00:00","dateModified":"2025-02-23T15:36:33+00:00","description":"Hagyja, hogy asztala visszarep\u00edtse az id\u0151ben a kazett\u00e1k \u00e9s a r\u00e9gi lemezek kor\u00e1ba! N\u00e9gy retr\u00f3 t\u00e1ny\u00e9ral\u00e1t\u00e9tb\u0151l \u00e1ll\u00f3 k\u00e9szlet, mindegyik al\u00e1t\u00e9tnek megvan a maga egyedi megjelen\u00e9se.","breadcrumb":{"@id":"http:\/\/staging.leboxi.eu\/hu\/termekek\/retro-mintas-tanyeralatetek\/#breadcrumb"},"inLanguage":"hu","potentialAction":[{"@type":"ReadAction","target":["http:\/\/staging.leboxi.eu\/hu\/termekek\/retro-mintas-tanyeralatetek\/"]}]},{"@type":"ImageObject","inLanguage":"hu","@id":"http:\/\/staging.leboxi.eu\/hu\/termekek\/retro-mintas-tanyeralatetek\/#primaryimage","url":"http:\/\/staging.leboxi.eu\/wp-content\/uploads\/2021\/03\/Pogrinjek-retro.jpg","contentUrl":"http:\/\/staging.leboxi.eu\/wp-content\/uploads\/2021\/03\/Pogrinjek-retro.jpg","width":1000,"height":1000},{"@type":"BreadcrumbList","@id":"http:\/\/staging.leboxi.eu\/hu\/termekek\/retro-mintas-tanyeralatetek\/#breadcrumb","itemListElement":[{"@type":"ListItem","position":1,"name":"Doma","item":"http:\/\/staging.leboxi.eu\/hu\/"},{"@type":"ListItem","position":2,"name":"\u00fczlet","item":"http:\/\/staging.leboxi.eu\/hu\/uzlet\/"},{"@type":"ListItem","position":3,"name":"Retr\u00f3 mint\u00e1s t\u00e1ny\u00e9ral\u00e1t\u00e9tek"}]},{"@type":"WebSite","@id":"http:\/\/staging.leboxi.eu\/hu\/#website","url":"http:\/\/staging.leboxi.eu\/hu\/","name":"Le Boxi | Unikatna darila za vsakogar","description":"Unikatna darila in darilne \u0161katle za vse prilo\u017enosti.","publisher":{"@id":"http:\/\/staging.leboxi.eu\/hu\/#organization"},"potentialAction":[{"@type":"SearchAction","target":{"@type":"EntryPoint","urlTemplate":"http:\/\/staging.leboxi.eu\/hu\/?s={search_term_string}"},"query-input":{"@type":"PropertyValueSpecification","valueRequired":true,"valueName":"search_term_string"}}],"inLanguage":"hu"},{"@type":"Organization","@id":"http:\/\/staging.leboxi.eu\/hu\/#organization","name":"LE BOXI","url":"http:\/\/staging.leboxi.eu\/hu\/","logo":{"@type":"ImageObject","inLanguage":"hu","@id":"http:\/\/staging.leboxi.eu\/hu\/#\/schema\/logo\/image\/","url":"http:\/\/staging.leboxi.eu\/wp-content\/uploads\/2021\/02\/LeBoxi-manjsi-png.png","contentUrl":"http:\/\/staging.leboxi.eu\/wp-content\/uploads\/2021\/02\/LeBoxi-manjsi-png.png","width":389,"height":164,"caption":"LE BOXI"},"image":{"@id":"http:\/\/staging.leboxi.eu\/hu\/#\/schema\/logo\/image\/"},"sameAs":["https:\/\/www.facebook.com\/leboxi.eu","https:\/\/www.instagram.com\/le.boxi\/"]}]}},"_links":{"self":[{"href":"http:\/\/staging.leboxi.eu\/hu\/wp-json\/wp\/v2\/product\/20088","targetHints":{"allow":["GET"]}}],"collection":[{"href":"http:\/\/staging.leboxi.eu\/hu\/wp-json\/wp\/v2\/product"}],"about":[{"href":"http:\/\/staging.leboxi.eu\/hu\/wp-json\/wp\/v2\/types\/product"}],"replies":[{"embeddable":true,"href":"http:\/\/staging.leboxi.eu\/hu\/wp-json\/wp\/v2\/comments?post=20088"}],"version-history":[{"count":1,"href":"http:\/\/staging.leboxi.eu\/hu\/wp-json\/wp\/v2\/product\/20088\/revisions"}],"predecessor-version":[{"id":24033,"href":"http:\/\/staging.leboxi.eu\/hu\/wp-json\/wp\/v2\/product\/20088\/revisions\/24033"}],"wp:featuredmedia":[{"embeddable":true,"href":"http:\/\/staging.leboxi.eu\/hu\/wp-json\/wp\/v2\/media\/20089"}],"wp:attachment":[{"href":"http:\/\/staging.leboxi.eu\/hu\/wp-json\/wp\/v2\/media?parent=20088"}],"wp:term":[{"taxonomy":"product_brand","embeddable":true,"href":"http:\/\/staging.leboxi.eu\/hu\/wp-json\/wp\/v2\/product_brand?post=20088"},{"taxonomy":"product_cat","embeddable":true,"href":"http:\/\/staging.leboxi.eu\/hu\/wp-json\/wp\/v2\/product_cat?post=20088"},{"taxonomy":"product_tag","embeddable":true,"href":"http:\/\/staging.leboxi.eu\/hu\/wp-json\/wp\/v2\/product_tag?post=20088"}],"curies":[{"name":"wp","href":"https:\/\/api.w.org\/{rel}","templated":true}]}}