{"id":20019,"date":"2021-06-07T17:07:31","date_gmt":"2024-09-03T19:25:13","guid":{"rendered":"http:\/\/staging.leboxi.eu\/izdelki\/minibar-uzemanyagtartaly-10-l-fekete\/"},"modified":"2025-02-23T16:35:12","modified_gmt":"2025-02-23T15:35:12","slug":"minibar-uzemanyagtartaly-10-l-fekete","status":"publish","type":"product","link":"http:\/\/staging.leboxi.eu\/hu\/termekek\/minibar-uzemanyagtartaly-10-l-fekete\/","title":{"rendered":"Minib\u00e1r \u00fczemanyagtart\u00e1ly 10 L \u2013 fekete"},"content":{"rendered":"<p>Minib\u00e1r k\u00e9t \u00fcvegpoh\u00e1rral rozsdamentes ac\u00e9lb\u00f3l \u00e9s f\u00e1b\u00f3l 10 literes \u00fczemanyagtart\u00e1ly kialak\u00edt\u00e1ssal. A k\u00e9nyelmesen elk\u00e9sz\u00edtett foganty\u00fa megk\u00f6nny\u00edti a hordoz\u00e1st, a min\u0151s\u00e9gi v\u00e1z pedig biztons\u00e1got ny\u00fajt a tartalm\u00e1nak.<\/p>\n<ul>\n<li>K\u00e9t poharat tartalmaz alkoholos italhoz (a term\u00e9k italt nem tartalmazza!)<\/li>\n<li>Sz\u00edn: fekete\n<\/li>\n<li>Kapacit\u00e1s: 10 l\n<\/li>\n<li>Anyag: ac\u00e9l \/ rozsdamentes ac\u00e9l \u00e9s fa\n<\/li>\n<li>M\u00e9retek: 39 x 29 x 13 cm\n<\/li>\n<li>Hozz\u00e1vet\u0151leges s\u00faly: 4 kg\n<\/li>\n<li>Alkalmas boros\u00fcveg m\u00e9ret: \u00e1tm\u00e9r\u0151 80 mm, hossz 340 mm (a legt\u00f6bb kb. 0,7 l palackhoz).\n<\/li>\n<\/ul>\n<p>Az aj\u00e1nd\u00e9khoz <a href=\"http:\/\/staging.leboxi.eu\/izdelki\/personalizirana-cestitka\/\"> <strong>szem\u00e9lyre szabott \u00fcdv\u00f6zl\u0151lapot is<br \/>\nmell\u00e9kelhet<\/strong><\/a> (+2,95 EUR). Ha szeretn\u00e9, az aj\u00e1nd\u00e9k\u00e1t mi k\u00e9zbes\u00edtj\u00fck a c\u00edmzettnek, de a sz\u00e1ml\u00e1t term\u00e9szetesen nem mell\u00e9kelj\u00fck a sz\u00e1ll\u00edt\u00e1skor. A sz\u00e1ml\u00e1t \u00f6n kapja meg.<\/p>\n<p>Utols\u00f3 sim\u00edt\u00e1sk\u00e9nt <a href=\"http:\/\/staging.leboxi.eu\/blog\/posvetilo-darilni-listki\/\"> aj\u00e1nd\u00e9kos c\u00edmk\u00e9kkel <\/a>is feldobhatja az aj\u00e1nd\u00e9kot, melyek elk\u00e9sz\u00edt\u00e9s\u00e9hez a blogunkon tal\u00e1l \u00fatmutat\u00f3t.<\/p>\n","protected":false},"excerpt":{"rendered":"<p>Minib\u00e1r k\u00e9t \u00fcvegpoh\u00e1rral rozsdamentes ac\u00e9lb\u00f3l \u00e9s f\u00e1b\u00f3l 10 literes \u00fczemanyagtart\u00e1ly kialak\u00edt\u00e1ssal. Ide\u00e1lis aj\u00e1nd\u00e9k partner\u00e9nek, bar\u00e1tj\u00e1nak, testv\u00e9r\u00e9nek vagy koll\u00e9g\u00e1j\u00e1nak&#8230; akinek mindig lehetetlen egyedi aj\u00e1nd\u00e9kot v\u00e1lasztani. A minib\u00e1r k\u00e9zzel k\u00e9sz\u00fclt Hollandi\u00e1ban, \u00e9s sz\u00e1mos alkalomra alkalmas, p\u00e9ld\u00e1ul piknikekre, \u00f6sszej\u00f6vetelekre \u00e9s partikra. Megjelen\u00e9s\u00e9nek k\u00f6sz\u00f6nhet\u0151en mindig a figyelem k\u00f6z\u00e9ppontj\u00e1ban lesz, ugyanakkor funkcionalit\u00e1s\u00e1nak \u00e9s kapacit\u00e1s\u00e1nak k\u00f6sz\u00f6nhet\u0151en n\u00e9lk\u00fcl\u00f6zhetetlen t\u00e1rsa lesz mindenhol, ahol sz\u00f3rakoz\u00e1s van.<\/p>\n<p>Az al\u00e1bbiakat tudja befogadni:<\/p>\n<ul>\n<li>k\u00e9t poh\u00e1r,\n<\/li>\n<li>egy \u00fcveg alkoholos ital (whiskey, gin stb.) \u00e9s\n<\/li>\n<li>k\u00e9t doboz s\u00f6r.\n<\/li>\n<\/ul>\n<p>A term\u00e9khez nem j\u00e1r a f\u00e9nyk\u00e9peken l\u00e1that\u00f3 ital. A term\u00e9k k\u00e9zi gy\u00e1rt\u00e1sa miatt minden darab egyedi, \u00e9s kisebb elt\u00e9r\u00e9sek lehetnek a megjelen\u00e9sben. Az al\u00e1bbiakban tov\u00e1bbi inform\u00e1ci\u00f3kat olvashat a term\u00e9kr\u0151l.<\/p>\n<p><iframe title=\"YouTube video player\" src=\"https:\/\/www.youtube.com\/embed\/E9xEd_NApVc?si=TPxG3XRv53hFUj9w&amp;start=3\" width=\"560\" height=\"315\" frameborder=\"0\" allowfullscreen=\"allowfullscreen\"><\/iframe><\/p>\n<p>Ha szeretn\u00e9, az aj\u00e1nd\u00e9k\u00e1t mi k\u00e9zbes\u00edtj\u00fck a c\u00edmzettnek, de term\u00e9szetesen nem csatoljuk a sz\u00e1ml\u00e1t a sz\u00e1ll\u00edt\u00e1skor. A sz\u00e1ml\u00e1t \u00f6n kapja meg.<\/p>\n","protected":false},"featured_media":20020,"comment_status":"open","ping_status":"closed","template":"","meta":{"site-sidebar-layout":"default","site-content-layout":"default","ast-site-content-layout":"default","site-content-style":"default","site-sidebar-style":"default","ast-global-header-display":"","ast-banner-title-visibility":"","ast-main-header-display":"","ast-hfb-above-header-display":"","ast-hfb-below-header-display":"","ast-hfb-mobile-header-display":"","site-post-title":"","ast-breadcrumbs-content":"","ast-featured-img":"","footer-sml-layout":"","theme-transparent-header-meta":"default","adv-header-id-meta":"","stick-header-meta":"","header-above-stick-meta":"","header-main-stick-meta":"","header-below-stick-meta":"","astra-migrate-meta-layouts":"default","ast-page-background-enabled":"default","ast-page-background-meta":{"desktop":{"background-color":"","background-image":"","background-repeat":"repeat","background-position":"center center","background-size":"auto","background-attachment":"scroll","background-type":"","background-media":"","overlay-type":"","overlay-color":"","overlay-opacity":"","overlay-gradient":""},"tablet":{"background-color":"","background-image":"","background-repeat":"repeat","background-position":"center center","background-size":"auto","background-attachment":"scroll","background-type":"","background-media":"","overlay-type":"","overlay-color":"","overlay-opacity":"","overlay-gradient":""},"mobile":{"background-color":"","background-image":"","background-repeat":"repeat","background-position":"center center","background-size":"auto","background-attachment":"scroll","background-type":"","background-media":"","overlay-type":"","overlay-color":"","overlay-opacity":"","overlay-gradient":""}},"ast-content-background-meta":{"desktop":{"background-color":"var(--ast-global-color-5)","background-image":"","background-repeat":"repeat","background-position":"center center","background-size":"auto","background-attachment":"scroll","background-type":"","background-media":"","overlay-type":"","overlay-color":"","overlay-opacity":"","overlay-gradient":""},"tablet":{"background-color":"var(--ast-global-color-5)","background-image":"","background-repeat":"repeat","background-position":"center center","background-size":"auto","background-attachment":"scroll","background-type":"","background-media":"","overlay-type":"","overlay-color":"","overlay-opacity":"","overlay-gradient":""},"mobile":{"background-color":"var(--ast-global-color-5)","background-image":"","background-repeat":"repeat","background-position":"center center","background-size":"auto","background-attachment":"scroll","background-type":"","background-media":"","overlay-type":"","overlay-color":"","overlay-opacity":"","overlay-gradient":""}}},"product_brand":[],"product_cat":[325,333,328,327,329,326,330,335,332,338,337],"product_tag":[],"class_list":{"0":"post-20019","1":"product","2":"type-product","3":"status-publish","4":"has-post-thumbnail","6":"product_cat-tabornok","7":"product_cat-szuletesnapi-ajandekok-ferfiaknak","8":"product_cat-ajandekok-ferfi-partnernek","9":"product_cat-ajandekok-ferfiaknak","10":"product_cat-alkalmak","11":"product_cat-ferfi","12":"product_cat-karacsonyi-ajandekok","13":"product_cat-karacsonyi-ajandekok-ferfiaknak","14":"product_cat-szuletesnapi-ajandekok-hu","15":"product_cat-tavaszi-kiarusitas","16":"product_cat-teli-kiarusitas","17":"desktop-align-left","18":"tablet-align-left","19":"mobile-align-left","21":"first","22":"instock","23":"sale","24":"taxable","25":"shipping-taxable","26":"purchasable","27":"product-type-simple"},"yoast_head":"<!-- This site is optimized with the Yoast SEO plugin v25.2 - https:\/\/yoast.com\/wordpress\/plugins\/seo\/ -->\n<title>Minib\u00e1r \u00fczemanyagtart\u00e1ly 10L | Le Boxi | Egyedi aj\u00e1nd\u00e9kok mindenkinek<\/title>\n<meta name=\"description\" content=\"Minib\u00e1r k\u00e9t \u00fcvegpoh\u00e1rral rozsdamentes ac\u00e9l 10 literes \u00fczemanyagtart\u00e1ly kialak\u00edt\u00e1ssal. K\u00f6nnyen hordozhat\u00f3 \u00e9s kiv\u00e1l\u00f3 min\u0151s\u00e9g\u0171 v\u00e1z.\" \/>\n<meta name=\"robots\" content=\"index, follow, max-snippet:-1, max-image-preview:large, max-video-preview:-1\" \/>\n<link rel=\"canonical\" href=\"http:\/\/staging.leboxi.eu\/hu\/termekek\/minibar-uzemanyagtartaly-10-l-fekete\/\" \/>\n<meta property=\"og:locale\" content=\"hu_HU\" \/>\n<meta property=\"og:type\" content=\"article\" \/>\n<meta property=\"og:title\" content=\"Minib\u00e1r \u00fczemanyagtart\u00e1ly 10L | Le Boxi | Egyedi aj\u00e1nd\u00e9kok mindenkinek\" \/>\n<meta property=\"og:description\" content=\"Minib\u00e1r k\u00e9t \u00fcvegpoh\u00e1rral rozsdamentes ac\u00e9l 10 literes \u00fczemanyagtart\u00e1ly kialak\u00edt\u00e1ssal. K\u00f6nnyen hordozhat\u00f3 \u00e9s kiv\u00e1l\u00f3 min\u0151s\u00e9g\u0171 v\u00e1z.\" \/>\n<meta property=\"og:url\" content=\"http:\/\/staging.leboxi.eu\/hu\/termekek\/minibar-uzemanyagtartaly-10-l-fekete\/\" \/>\n<meta property=\"og:site_name\" content=\"Le Boxi | Unikatna darila za vsakogar\" \/>\n<meta property=\"article:publisher\" content=\"https:\/\/www.facebook.com\/leboxi.eu\" \/>\n<meta property=\"article:modified_time\" content=\"2025-02-23T15:35:12+00:00\" \/>\n<meta property=\"og:image\" content=\"http:\/\/staging.leboxi.eu\/wp-content\/uploads\/2021\/03\/Minibar-posoda-4.jpg\" \/>\n\t<meta property=\"og:image:width\" content=\"1000\" \/>\n\t<meta property=\"og:image:height\" content=\"1000\" \/>\n\t<meta property=\"og:image:type\" content=\"image\/jpeg\" \/>\n<meta name=\"twitter:card\" content=\"summary_large_image\" \/>\n<meta name=\"twitter:label1\" content=\"Becs\u00fclt olvas\u00e1si id\u0151\" \/>\n\t<meta name=\"twitter:data1\" content=\"1 perc\" \/>\n<script type=\"application\/ld+json\" class=\"yoast-schema-graph\">{\"@context\":\"https:\/\/schema.org\",\"@graph\":[{\"@type\":\"WebPage\",\"@id\":\"http:\/\/staging.leboxi.eu\/hu\/termekek\/minibar-uzemanyagtartaly-10-l-fekete\/\",\"url\":\"http:\/\/staging.leboxi.eu\/hu\/termekek\/minibar-uzemanyagtartaly-10-l-fekete\/\",\"name\":\"Minib\u00e1r \u00fczemanyagtart\u00e1ly 10L | Le Boxi | Egyedi aj\u00e1nd\u00e9kok mindenkinek\",\"isPartOf\":{\"@id\":\"http:\/\/staging.leboxi.eu\/hu\/#website\"},\"primaryImageOfPage\":{\"@id\":\"http:\/\/staging.leboxi.eu\/hu\/termekek\/minibar-uzemanyagtartaly-10-l-fekete\/#primaryimage\"},\"image\":{\"@id\":\"http:\/\/staging.leboxi.eu\/hu\/termekek\/minibar-uzemanyagtartaly-10-l-fekete\/#primaryimage\"},\"thumbnailUrl\":\"http:\/\/staging.leboxi.eu\/wp-content\/uploads\/2021\/03\/Minibar-posoda-4.jpg\",\"datePublished\":\"2024-09-03T19:25:13+00:00\",\"dateModified\":\"2025-02-23T15:35:12+00:00\",\"description\":\"Minib\u00e1r k\u00e9t \u00fcvegpoh\u00e1rral rozsdamentes ac\u00e9l 10 literes \u00fczemanyagtart\u00e1ly kialak\u00edt\u00e1ssal. K\u00f6nnyen hordozhat\u00f3 \u00e9s kiv\u00e1l\u00f3 min\u0151s\u00e9g\u0171 v\u00e1z.\",\"breadcrumb\":{\"@id\":\"http:\/\/staging.leboxi.eu\/hu\/termekek\/minibar-uzemanyagtartaly-10-l-fekete\/#breadcrumb\"},\"inLanguage\":\"hu\",\"potentialAction\":[{\"@type\":\"ReadAction\",\"target\":[\"http:\/\/staging.leboxi.eu\/hu\/termekek\/minibar-uzemanyagtartaly-10-l-fekete\/\"]}]},{\"@type\":\"ImageObject\",\"inLanguage\":\"hu\",\"@id\":\"http:\/\/staging.leboxi.eu\/hu\/termekek\/minibar-uzemanyagtartaly-10-l-fekete\/#primaryimage\",\"url\":\"http:\/\/staging.leboxi.eu\/wp-content\/uploads\/2021\/03\/Minibar-posoda-4.jpg\",\"contentUrl\":\"http:\/\/staging.leboxi.eu\/wp-content\/uploads\/2021\/03\/Minibar-posoda-4.jpg\",\"width\":1000,\"height\":1000},{\"@type\":\"BreadcrumbList\",\"@id\":\"http:\/\/staging.leboxi.eu\/hu\/termekek\/minibar-uzemanyagtartaly-10-l-fekete\/#breadcrumb\",\"itemListElement\":[{\"@type\":\"ListItem\",\"position\":1,\"name\":\"Doma\",\"item\":\"http:\/\/staging.leboxi.eu\/hu\/\"},{\"@type\":\"ListItem\",\"position\":2,\"name\":\"\u00fczlet\",\"item\":\"http:\/\/staging.leboxi.eu\/hu\/uzlet\/\"},{\"@type\":\"ListItem\",\"position\":3,\"name\":\"Minib\u00e1r \u00fczemanyagtart\u00e1ly 10 L \u2013 fekete\"}]},{\"@type\":\"WebSite\",\"@id\":\"http:\/\/staging.leboxi.eu\/hu\/#website\",\"url\":\"http:\/\/staging.leboxi.eu\/hu\/\",\"name\":\"Le Boxi | Unikatna darila za vsakogar\",\"description\":\"Unikatna darila in darilne \u0161katle za vse prilo\u017enosti.\",\"publisher\":{\"@id\":\"http:\/\/staging.leboxi.eu\/hu\/#organization\"},\"potentialAction\":[{\"@type\":\"SearchAction\",\"target\":{\"@type\":\"EntryPoint\",\"urlTemplate\":\"http:\/\/staging.leboxi.eu\/hu\/?s={search_term_string}\"},\"query-input\":{\"@type\":\"PropertyValueSpecification\",\"valueRequired\":true,\"valueName\":\"search_term_string\"}}],\"inLanguage\":\"hu\"},{\"@type\":\"Organization\",\"@id\":\"http:\/\/staging.leboxi.eu\/hu\/#organization\",\"name\":\"LE BOXI\",\"url\":\"http:\/\/staging.leboxi.eu\/hu\/\",\"logo\":{\"@type\":\"ImageObject\",\"inLanguage\":\"hu\",\"@id\":\"http:\/\/staging.leboxi.eu\/hu\/#\/schema\/logo\/image\/\",\"url\":\"http:\/\/staging.leboxi.eu\/wp-content\/uploads\/2021\/02\/LeBoxi-manjsi-png.png\",\"contentUrl\":\"http:\/\/staging.leboxi.eu\/wp-content\/uploads\/2021\/02\/LeBoxi-manjsi-png.png\",\"width\":389,\"height\":164,\"caption\":\"LE BOXI\"},\"image\":{\"@id\":\"http:\/\/staging.leboxi.eu\/hu\/#\/schema\/logo\/image\/\"},\"sameAs\":[\"https:\/\/www.facebook.com\/leboxi.eu\",\"https:\/\/www.instagram.com\/le.boxi\/\"]}]}<\/script>\n<!-- \/ Yoast SEO plugin. -->","yoast_head_json":{"title":"Minib\u00e1r \u00fczemanyagtart\u00e1ly 10L | Le Boxi | Egyedi aj\u00e1nd\u00e9kok mindenkinek","description":"Minib\u00e1r k\u00e9t \u00fcvegpoh\u00e1rral rozsdamentes ac\u00e9l 10 literes \u00fczemanyagtart\u00e1ly kialak\u00edt\u00e1ssal. K\u00f6nnyen hordozhat\u00f3 \u00e9s kiv\u00e1l\u00f3 min\u0151s\u00e9g\u0171 v\u00e1z.","robots":{"index":"index","follow":"follow","max-snippet":"max-snippet:-1","max-image-preview":"max-image-preview:large","max-video-preview":"max-video-preview:-1"},"canonical":"http:\/\/staging.leboxi.eu\/hu\/termekek\/minibar-uzemanyagtartaly-10-l-fekete\/","og_locale":"hu_HU","og_type":"article","og_title":"Minib\u00e1r \u00fczemanyagtart\u00e1ly 10L | Le Boxi | Egyedi aj\u00e1nd\u00e9kok mindenkinek","og_description":"Minib\u00e1r k\u00e9t \u00fcvegpoh\u00e1rral rozsdamentes ac\u00e9l 10 literes \u00fczemanyagtart\u00e1ly kialak\u00edt\u00e1ssal. K\u00f6nnyen hordozhat\u00f3 \u00e9s kiv\u00e1l\u00f3 min\u0151s\u00e9g\u0171 v\u00e1z.","og_url":"http:\/\/staging.leboxi.eu\/hu\/termekek\/minibar-uzemanyagtartaly-10-l-fekete\/","og_site_name":"Le Boxi | Unikatna darila za vsakogar","article_publisher":"https:\/\/www.facebook.com\/leboxi.eu","article_modified_time":"2025-02-23T15:35:12+00:00","og_image":[{"width":1000,"height":1000,"url":"http:\/\/staging.leboxi.eu\/wp-content\/uploads\/2021\/03\/Minibar-posoda-4.jpg","type":"image\/jpeg"}],"twitter_card":"summary_large_image","twitter_misc":{"Becs\u00fclt olvas\u00e1si id\u0151":"1 perc"},"schema":{"@context":"https:\/\/schema.org","@graph":[{"@type":"WebPage","@id":"http:\/\/staging.leboxi.eu\/hu\/termekek\/minibar-uzemanyagtartaly-10-l-fekete\/","url":"http:\/\/staging.leboxi.eu\/hu\/termekek\/minibar-uzemanyagtartaly-10-l-fekete\/","name":"Minib\u00e1r \u00fczemanyagtart\u00e1ly 10L | Le Boxi | Egyedi aj\u00e1nd\u00e9kok mindenkinek","isPartOf":{"@id":"http:\/\/staging.leboxi.eu\/hu\/#website"},"primaryImageOfPage":{"@id":"http:\/\/staging.leboxi.eu\/hu\/termekek\/minibar-uzemanyagtartaly-10-l-fekete\/#primaryimage"},"image":{"@id":"http:\/\/staging.leboxi.eu\/hu\/termekek\/minibar-uzemanyagtartaly-10-l-fekete\/#primaryimage"},"thumbnailUrl":"http:\/\/staging.leboxi.eu\/wp-content\/uploads\/2021\/03\/Minibar-posoda-4.jpg","datePublished":"2024-09-03T19:25:13+00:00","dateModified":"2025-02-23T15:35:12+00:00","description":"Minib\u00e1r k\u00e9t \u00fcvegpoh\u00e1rral rozsdamentes ac\u00e9l 10 literes \u00fczemanyagtart\u00e1ly kialak\u00edt\u00e1ssal. K\u00f6nnyen hordozhat\u00f3 \u00e9s kiv\u00e1l\u00f3 min\u0151s\u00e9g\u0171 v\u00e1z.","breadcrumb":{"@id":"http:\/\/staging.leboxi.eu\/hu\/termekek\/minibar-uzemanyagtartaly-10-l-fekete\/#breadcrumb"},"inLanguage":"hu","potentialAction":[{"@type":"ReadAction","target":["http:\/\/staging.leboxi.eu\/hu\/termekek\/minibar-uzemanyagtartaly-10-l-fekete\/"]}]},{"@type":"ImageObject","inLanguage":"hu","@id":"http:\/\/staging.leboxi.eu\/hu\/termekek\/minibar-uzemanyagtartaly-10-l-fekete\/#primaryimage","url":"http:\/\/staging.leboxi.eu\/wp-content\/uploads\/2021\/03\/Minibar-posoda-4.jpg","contentUrl":"http:\/\/staging.leboxi.eu\/wp-content\/uploads\/2021\/03\/Minibar-posoda-4.jpg","width":1000,"height":1000},{"@type":"BreadcrumbList","@id":"http:\/\/staging.leboxi.eu\/hu\/termekek\/minibar-uzemanyagtartaly-10-l-fekete\/#breadcrumb","itemListElement":[{"@type":"ListItem","position":1,"name":"Doma","item":"http:\/\/staging.leboxi.eu\/hu\/"},{"@type":"ListItem","position":2,"name":"\u00fczlet","item":"http:\/\/staging.leboxi.eu\/hu\/uzlet\/"},{"@type":"ListItem","position":3,"name":"Minib\u00e1r \u00fczemanyagtart\u00e1ly 10 L \u2013 fekete"}]},{"@type":"WebSite","@id":"http:\/\/staging.leboxi.eu\/hu\/#website","url":"http:\/\/staging.leboxi.eu\/hu\/","name":"Le Boxi | Unikatna darila za vsakogar","description":"Unikatna darila in darilne \u0161katle za vse prilo\u017enosti.","publisher":{"@id":"http:\/\/staging.leboxi.eu\/hu\/#organization"},"potentialAction":[{"@type":"SearchAction","target":{"@type":"EntryPoint","urlTemplate":"http:\/\/staging.leboxi.eu\/hu\/?s={search_term_string}"},"query-input":{"@type":"PropertyValueSpecification","valueRequired":true,"valueName":"search_term_string"}}],"inLanguage":"hu"},{"@type":"Organization","@id":"http:\/\/staging.leboxi.eu\/hu\/#organization","name":"LE BOXI","url":"http:\/\/staging.leboxi.eu\/hu\/","logo":{"@type":"ImageObject","inLanguage":"hu","@id":"http:\/\/staging.leboxi.eu\/hu\/#\/schema\/logo\/image\/","url":"http:\/\/staging.leboxi.eu\/wp-content\/uploads\/2021\/02\/LeBoxi-manjsi-png.png","contentUrl":"http:\/\/staging.leboxi.eu\/wp-content\/uploads\/2021\/02\/LeBoxi-manjsi-png.png","width":389,"height":164,"caption":"LE BOXI"},"image":{"@id":"http:\/\/staging.leboxi.eu\/hu\/#\/schema\/logo\/image\/"},"sameAs":["https:\/\/www.facebook.com\/leboxi.eu","https:\/\/www.instagram.com\/le.boxi\/"]}]}},"_links":{"self":[{"href":"http:\/\/staging.leboxi.eu\/hu\/wp-json\/wp\/v2\/product\/20019","targetHints":{"allow":["GET"]}}],"collection":[{"href":"http:\/\/staging.leboxi.eu\/hu\/wp-json\/wp\/v2\/product"}],"about":[{"href":"http:\/\/staging.leboxi.eu\/hu\/wp-json\/wp\/v2\/types\/product"}],"replies":[{"embeddable":true,"href":"http:\/\/staging.leboxi.eu\/hu\/wp-json\/wp\/v2\/comments?post=20019"}],"version-history":[{"count":1,"href":"http:\/\/staging.leboxi.eu\/hu\/wp-json\/wp\/v2\/product\/20019\/revisions"}],"predecessor-version":[{"id":24028,"href":"http:\/\/staging.leboxi.eu\/hu\/wp-json\/wp\/v2\/product\/20019\/revisions\/24028"}],"wp:featuredmedia":[{"embeddable":true,"href":"http:\/\/staging.leboxi.eu\/hu\/wp-json\/wp\/v2\/media\/20020"}],"wp:attachment":[{"href":"http:\/\/staging.leboxi.eu\/hu\/wp-json\/wp\/v2\/media?parent=20019"}],"wp:term":[{"taxonomy":"product_brand","embeddable":true,"href":"http:\/\/staging.leboxi.eu\/hu\/wp-json\/wp\/v2\/product_brand?post=20019"},{"taxonomy":"product_cat","embeddable":true,"href":"http:\/\/staging.leboxi.eu\/hu\/wp-json\/wp\/v2\/product_cat?post=20019"},{"taxonomy":"product_tag","embeddable":true,"href":"http:\/\/staging.leboxi.eu\/hu\/wp-json\/wp\/v2\/product_tag?post=20019"}],"curies":[{"name":"wp","href":"https:\/\/api.w.org\/{rel}","templated":true}]}}