{"id":20010,"date":"2021-08-19T19:27:56","date_gmt":"2024-09-03T19:24:22","guid":{"rendered":"http:\/\/staging.leboxi.eu\/izdelki\/asztali-szervezo-fa\/"},"modified":"2025-03-21T19:43:11","modified_gmt":"2025-03-21T18:43:11","slug":"asztali-szervezo-fa","status":"publish","type":"product","link":"http:\/\/staging.leboxi.eu\/hu\/termekek\/asztali-szervezo-fa\/","title":{"rendered":"Asztali szervez\u0151 &#8211; fa"},"content":{"rendered":"<p>Az asztali szervez\u0151 vagy univerz\u00e1lis gy\u0171jt\u0151\u00e1llom\u00e1s (docking station) mindenki sz\u00e1m\u00e1ra alkalmas, akinek rendezett helyre van sz\u00fcks\u00e9ge szem\u00e9lyes t\u00e1rgyai t\u00e1rol\u00e1s\u00e1hoz. Ez a szem\u00e9lyes t\u00e1rgyakhoz val\u00f3 asztali szervez\u0151 min\u0151s\u00e9gi f\u00e1b\u00f3l k\u00e9sz\u00fcl, \u00e9s kompatibilis mind az iPhone, mind az Android telefonokkal. A t\u00e1rol\u00f3ter\u00fcletekre b\u0151r van helyezve, amely gondoskodik, hogy a term\u00e9kek puh\u00e1n fek\u00fcdjenek a t\u00e1rol\u00f3ter\u00fcleteken. Az asztali szervez\u0151 szem\u00e9lyes t\u00e1rgyak, p\u00e9ld\u00e1ul kulcsok, szem\u00fcvegek, \u00f3r\u00e1k, mobiltelefonok, p\u00e9nzt\u00e1rc\u00e1k, k\u00e1rty\u00e1k, tollak \u00e9s egy\u00e9b apr\u00f3 t\u00e1rgyak t\u00e1rol\u00e1s\u00e1ra szolg\u00e1l, amelyek k\u00fcl\u00f6n fi\u00f3kokban t\u00e1rolhat\u00f3k.<\/p>\n<p>A szem\u00e9lyes t\u00e1rgyak t\u00e1rol\u00e1s\u00e1ra szolg\u00e1l\u00f3 asztali szervez\u0151 nagyszer\u0171 aj\u00e1nd\u00e9k egy f\u00e9rfi, bar\u00e1t, nagyapa, nagyb\u00e1csi vagy b\u00e1rki m\u00e1s sz\u00e1m\u00e1ra, akinek sz\u00fcks\u00e9ge van egy helyre, ahol rendezetten t\u00e1rolhatja szem\u00e9lyes t\u00e1rgyait.<\/p>\n<h6>\n<\/h6>\n<p>Az aj\u00e1nd\u00e9khoz utols\u00f3 sim\u00edt\u00e1sk\u00e9nt<a href=\"http:\/\/staging.leboxi.eu\/izdelki\/cestitka-za-rojstni-dan\/\" target=\"_blank\" rel=\"noopener\">szem\u00e9lyre szabott levelet is mell\u00e9kelhet<\/a>.<\/p>\n<p>Ha szeretn\u00e9, az aj\u00e1nd\u00e9k\u00e1t mi k\u00e9zbes\u00edtj\u00fck a c\u00edmzettnek, de term\u00e9szetesen a kisz\u00e1ll\u00edt\u00e1skor nem mell\u00e9kelj\u00fck a sz\u00e1ml\u00e1t. A sz\u00e1ml\u00e1t \u00f6nnek adjuk \u00e1t.<\/p>\n<p>&nbsp;<\/p>\n","protected":false},"excerpt":{"rendered":"<p>A f\u00e1b\u00f3l k\u00e9sz\u00fclt asztali szervez\u0151 \u00e9s t\u00f6lt\u0151\u00e1llom\u00e1s mindazok sz\u00e1m\u00e1ra k\u00e9sz\u00fclt, akiknek szem\u00e9lyes t\u00e1rgyaik t\u00e1rol\u00e1s\u00e1ra van sz\u00fcks\u00e9g\u00fck, \u00e9s a megl\u00e9v\u0151 b\u00fatorok vizu\u00e1lisan t\u00f6k\u00e9letes kieg\u00e9sz\u00edt\u0151je is lesz.<\/p>\n<p>Nagyszer\u0171 v\u00e1laszt\u00e1s a mindennapi t\u00e1rol\u00e1shoz:<\/p>\n<ul>\n<li>kulcsok,\n<\/li>\n<li>telefon (t\u00f6lt\u0151k\u00e1bel csatlakoztat\u00e1s\u00e1ra kialak\u00edtott r\u00e9s),\n<\/li>\n<li>p\u00e9nzt\u00e1rca,\n<\/li>\n<li>szem\u00fcveg,\n<\/li>\n<li>kar\u00f3r\u00e1k,\n<\/li>\n<li>p\u00e9nz,\n<\/li>\n<li>tollak,\n<\/li>\n<li>stb.\n<\/li>\n<\/ul>\n<p>Az aj\u00e1nd\u00e9khoz <a href=\"http:\/\/staging.leboxi.eu\/izdelki\/cestitka-za-rojstni-dan\/\" target=\"_blank\" rel=\"noopener\">szem\u00e9lyre sz\u00f3l\u00f3 \u00fcdv\u00f6zl\u0151lapot<\/a> is mell\u00e9kelhet.<\/p>\n<p>&nbsp;<\/p>\n<p>Ha szeretn\u00e9, az aj\u00e1nd\u00e9kot mi k\u00e9zbes\u00edtj\u00fck a c\u00edmzettnek, de term\u00e9szetesen nem mell\u00e9kelj\u00fck a sz\u00e1ml\u00e1t a k\u00e9zbes\u00edt\u00e9skor. A sz\u00e1ml\u00e1t \u00f6n kapja meg.<\/p>\n<p>A r\u00e9szletes le\u00edr\u00e1st az al\u00e1bbiakban olvashatja el.<\/p>\n","protected":false},"featured_media":20011,"comment_status":"open","ping_status":"closed","template":"","meta":{"site-sidebar-layout":"default","site-content-layout":"default","ast-site-content-layout":"default","site-content-style":"default","site-sidebar-style":"default","ast-global-header-display":"","ast-banner-title-visibility":"","ast-main-header-display":"","ast-hfb-above-header-display":"","ast-hfb-below-header-display":"","ast-hfb-mobile-header-display":"","site-post-title":"","ast-breadcrumbs-content":"","ast-featured-img":"","footer-sml-layout":"","theme-transparent-header-meta":"default","adv-header-id-meta":"","stick-header-meta":"","header-above-stick-meta":"","header-main-stick-meta":"","header-below-stick-meta":"","astra-migrate-meta-layouts":"default","ast-page-background-enabled":"default","ast-page-background-meta":{"desktop":{"background-color":"","background-image":"","background-repeat":"repeat","background-position":"center center","background-size":"auto","background-attachment":"scroll","background-type":"","background-media":"","overlay-type":"","overlay-color":"","overlay-opacity":"","overlay-gradient":""},"tablet":{"background-color":"","background-image":"","background-repeat":"repeat","background-position":"center center","background-size":"auto","background-attachment":"scroll","background-type":"","background-media":"","overlay-type":"","overlay-color":"","overlay-opacity":"","overlay-gradient":""},"mobile":{"background-color":"","background-image":"","background-repeat":"repeat","background-position":"center center","background-size":"auto","background-attachment":"scroll","background-type":"","background-media":"","overlay-type":"","overlay-color":"","overlay-opacity":"","overlay-gradient":""}},"ast-content-background-meta":{"desktop":{"background-color":"var(--ast-global-color-5)","background-image":"","background-repeat":"repeat","background-position":"center center","background-size":"auto","background-attachment":"scroll","background-type":"","background-media":"","overlay-type":"","overlay-color":"","overlay-opacity":"","overlay-gradient":""},"tablet":{"background-color":"var(--ast-global-color-5)","background-image":"","background-repeat":"repeat","background-position":"center center","background-size":"auto","background-attachment":"scroll","background-type":"","background-media":"","overlay-type":"","overlay-color":"","overlay-opacity":"","overlay-gradient":""},"mobile":{"background-color":"var(--ast-global-color-5)","background-image":"","background-repeat":"repeat","background-position":"center center","background-size":"auto","background-attachment":"scroll","background-type":"","background-media":"","overlay-type":"","overlay-color":"","overlay-opacity":"","overlay-gradient":""}}},"product_brand":[],"product_cat":[333,328,327,359,329,326,330,335,332,338],"product_tag":[],"class_list":{"0":"post-20010","1":"product","2":"type-product","3":"status-publish","4":"has-post-thumbnail","6":"product_cat-szuletesnapi-ajandekok-ferfiaknak","7":"product_cat-ajandekok-ferfi-partnernek","8":"product_cat-ajandekok-ferfiaknak","9":"product_cat-akcio","10":"product_cat-alkalmak","11":"product_cat-ferfi","12":"product_cat-karacsonyi-ajandekok","13":"product_cat-karacsonyi-ajandekok-ferfiaknak","14":"product_cat-szuletesnapi-ajandekok-hu","15":"product_cat-tavaszi-kiarusitas","16":"desktop-align-left","17":"tablet-align-left","18":"mobile-align-left","20":"first","21":"instock","22":"sale","23":"taxable","24":"shipping-taxable","25":"purchasable","26":"product-type-simple"},"yoast_head":"<!-- This site is optimized with the Yoast SEO plugin v25.2 - https:\/\/yoast.com\/wordpress\/plugins\/seo\/ -->\n<title>Asztali szervez\u0151 | Aj\u00e1nd\u00e9kok f\u00e9rfiaknak | Le Boxi<\/title>\n<meta name=\"description\" content=\"A f\u00e1b\u00f3l k\u00e9sz\u00fclt asztalszervez\u0151 nagyszer\u0171 aj\u00e1nd\u00e9k mindazoknak, akiknek elegend\u0151 helyre van sz\u00fcks\u00e9g\u00fck a szem\u00e9lyes t\u00e1rgyak t\u00e1rol\u00e1s\u00e1hoz.\" \/>\n<meta name=\"robots\" content=\"index, follow, max-snippet:-1, max-image-preview:large, max-video-preview:-1\" \/>\n<link rel=\"canonical\" href=\"http:\/\/staging.leboxi.eu\/hu\/termekek\/asztali-szervezo-fa\/\" \/>\n<meta property=\"og:locale\" content=\"hu_HU\" \/>\n<meta property=\"og:type\" content=\"article\" \/>\n<meta property=\"og:title\" content=\"Asztali szervez\u0151 | Aj\u00e1nd\u00e9kok f\u00e9rfiaknak | Le Boxi\" \/>\n<meta property=\"og:description\" content=\"A f\u00e1b\u00f3l k\u00e9sz\u00fclt asztalszervez\u0151 nagyszer\u0171 aj\u00e1nd\u00e9k mindazoknak, akiknek elegend\u0151 helyre van sz\u00fcks\u00e9g\u00fck a szem\u00e9lyes t\u00e1rgyak t\u00e1rol\u00e1s\u00e1hoz.\" \/>\n<meta property=\"og:url\" content=\"http:\/\/staging.leboxi.eu\/hu\/termekek\/asztali-szervezo-fa\/\" \/>\n<meta property=\"og:site_name\" content=\"Le Boxi | Unikatna darila za vsakogar\" \/>\n<meta property=\"article:publisher\" content=\"https:\/\/www.facebook.com\/leboxi.eu\" \/>\n<meta property=\"article:modified_time\" content=\"2025-03-21T18:43:11+00:00\" \/>\n<meta property=\"og:image\" content=\"http:\/\/staging.leboxi.eu\/wp-content\/uploads\/2021\/08\/DSC0803-1.jpg\" \/>\n\t<meta property=\"og:image:width\" content=\"1000\" \/>\n\t<meta property=\"og:image:height\" content=\"1000\" \/>\n\t<meta property=\"og:image:type\" content=\"image\/jpeg\" \/>\n<meta name=\"twitter:card\" content=\"summary_large_image\" \/>\n<meta name=\"twitter:label1\" content=\"Becs\u00fclt olvas\u00e1si id\u0151\" \/>\n\t<meta name=\"twitter:data1\" content=\"1 perc\" \/>\n<script type=\"application\/ld+json\" class=\"yoast-schema-graph\">{\"@context\":\"https:\/\/schema.org\",\"@graph\":[{\"@type\":\"WebPage\",\"@id\":\"http:\/\/staging.leboxi.eu\/hu\/termekek\/asztali-szervezo-fa\/\",\"url\":\"http:\/\/staging.leboxi.eu\/hu\/termekek\/asztali-szervezo-fa\/\",\"name\":\"Asztali szervez\u0151 | Aj\u00e1nd\u00e9kok f\u00e9rfiaknak | Le Boxi\",\"isPartOf\":{\"@id\":\"http:\/\/staging.leboxi.eu\/hu\/#website\"},\"primaryImageOfPage\":{\"@id\":\"http:\/\/staging.leboxi.eu\/hu\/termekek\/asztali-szervezo-fa\/#primaryimage\"},\"image\":{\"@id\":\"http:\/\/staging.leboxi.eu\/hu\/termekek\/asztali-szervezo-fa\/#primaryimage\"},\"thumbnailUrl\":\"http:\/\/staging.leboxi.eu\/wp-content\/uploads\/2021\/08\/DSC0803-1.jpg\",\"datePublished\":\"2024-09-03T19:24:22+00:00\",\"dateModified\":\"2025-03-21T18:43:11+00:00\",\"description\":\"A f\u00e1b\u00f3l k\u00e9sz\u00fclt asztalszervez\u0151 nagyszer\u0171 aj\u00e1nd\u00e9k mindazoknak, akiknek elegend\u0151 helyre van sz\u00fcks\u00e9g\u00fck a szem\u00e9lyes t\u00e1rgyak t\u00e1rol\u00e1s\u00e1hoz.\",\"breadcrumb\":{\"@id\":\"http:\/\/staging.leboxi.eu\/hu\/termekek\/asztali-szervezo-fa\/#breadcrumb\"},\"inLanguage\":\"hu\",\"potentialAction\":[{\"@type\":\"ReadAction\",\"target\":[\"http:\/\/staging.leboxi.eu\/hu\/termekek\/asztali-szervezo-fa\/\"]}]},{\"@type\":\"ImageObject\",\"inLanguage\":\"hu\",\"@id\":\"http:\/\/staging.leboxi.eu\/hu\/termekek\/asztali-szervezo-fa\/#primaryimage\",\"url\":\"http:\/\/staging.leboxi.eu\/wp-content\/uploads\/2021\/08\/DSC0803-1.jpg\",\"contentUrl\":\"http:\/\/staging.leboxi.eu\/wp-content\/uploads\/2021\/08\/DSC0803-1.jpg\",\"width\":1000,\"height\":1000},{\"@type\":\"BreadcrumbList\",\"@id\":\"http:\/\/staging.leboxi.eu\/hu\/termekek\/asztali-szervezo-fa\/#breadcrumb\",\"itemListElement\":[{\"@type\":\"ListItem\",\"position\":1,\"name\":\"Doma\",\"item\":\"http:\/\/staging.leboxi.eu\/hu\/\"},{\"@type\":\"ListItem\",\"position\":2,\"name\":\"\u00fczlet\",\"item\":\"http:\/\/staging.leboxi.eu\/hu\/uzlet\/\"},{\"@type\":\"ListItem\",\"position\":3,\"name\":\"Asztali szervez\u0151 &#8211; fa\"}]},{\"@type\":\"WebSite\",\"@id\":\"http:\/\/staging.leboxi.eu\/hu\/#website\",\"url\":\"http:\/\/staging.leboxi.eu\/hu\/\",\"name\":\"Le Boxi | Unikatna darila za vsakogar\",\"description\":\"Unikatna darila in darilne \u0161katle za vse prilo\u017enosti.\",\"publisher\":{\"@id\":\"http:\/\/staging.leboxi.eu\/hu\/#organization\"},\"potentialAction\":[{\"@type\":\"SearchAction\",\"target\":{\"@type\":\"EntryPoint\",\"urlTemplate\":\"http:\/\/staging.leboxi.eu\/hu\/?s={search_term_string}\"},\"query-input\":{\"@type\":\"PropertyValueSpecification\",\"valueRequired\":true,\"valueName\":\"search_term_string\"}}],\"inLanguage\":\"hu\"},{\"@type\":\"Organization\",\"@id\":\"http:\/\/staging.leboxi.eu\/hu\/#organization\",\"name\":\"LE BOXI\",\"url\":\"http:\/\/staging.leboxi.eu\/hu\/\",\"logo\":{\"@type\":\"ImageObject\",\"inLanguage\":\"hu\",\"@id\":\"http:\/\/staging.leboxi.eu\/hu\/#\/schema\/logo\/image\/\",\"url\":\"http:\/\/staging.leboxi.eu\/wp-content\/uploads\/2021\/02\/LeBoxi-manjsi-png.png\",\"contentUrl\":\"http:\/\/staging.leboxi.eu\/wp-content\/uploads\/2021\/02\/LeBoxi-manjsi-png.png\",\"width\":389,\"height\":164,\"caption\":\"LE BOXI\"},\"image\":{\"@id\":\"http:\/\/staging.leboxi.eu\/hu\/#\/schema\/logo\/image\/\"},\"sameAs\":[\"https:\/\/www.facebook.com\/leboxi.eu\",\"https:\/\/www.instagram.com\/le.boxi\/\"]}]}<\/script>\n<!-- \/ Yoast SEO plugin. -->","yoast_head_json":{"title":"Asztali szervez\u0151 | Aj\u00e1nd\u00e9kok f\u00e9rfiaknak | Le Boxi","description":"A f\u00e1b\u00f3l k\u00e9sz\u00fclt asztalszervez\u0151 nagyszer\u0171 aj\u00e1nd\u00e9k mindazoknak, akiknek elegend\u0151 helyre van sz\u00fcks\u00e9g\u00fck a szem\u00e9lyes t\u00e1rgyak t\u00e1rol\u00e1s\u00e1hoz.","robots":{"index":"index","follow":"follow","max-snippet":"max-snippet:-1","max-image-preview":"max-image-preview:large","max-video-preview":"max-video-preview:-1"},"canonical":"http:\/\/staging.leboxi.eu\/hu\/termekek\/asztali-szervezo-fa\/","og_locale":"hu_HU","og_type":"article","og_title":"Asztali szervez\u0151 | Aj\u00e1nd\u00e9kok f\u00e9rfiaknak | Le Boxi","og_description":"A f\u00e1b\u00f3l k\u00e9sz\u00fclt asztalszervez\u0151 nagyszer\u0171 aj\u00e1nd\u00e9k mindazoknak, akiknek elegend\u0151 helyre van sz\u00fcks\u00e9g\u00fck a szem\u00e9lyes t\u00e1rgyak t\u00e1rol\u00e1s\u00e1hoz.","og_url":"http:\/\/staging.leboxi.eu\/hu\/termekek\/asztali-szervezo-fa\/","og_site_name":"Le Boxi | Unikatna darila za vsakogar","article_publisher":"https:\/\/www.facebook.com\/leboxi.eu","article_modified_time":"2025-03-21T18:43:11+00:00","og_image":[{"width":1000,"height":1000,"url":"http:\/\/staging.leboxi.eu\/wp-content\/uploads\/2021\/08\/DSC0803-1.jpg","type":"image\/jpeg"}],"twitter_card":"summary_large_image","twitter_misc":{"Becs\u00fclt olvas\u00e1si id\u0151":"1 perc"},"schema":{"@context":"https:\/\/schema.org","@graph":[{"@type":"WebPage","@id":"http:\/\/staging.leboxi.eu\/hu\/termekek\/asztali-szervezo-fa\/","url":"http:\/\/staging.leboxi.eu\/hu\/termekek\/asztali-szervezo-fa\/","name":"Asztali szervez\u0151 | Aj\u00e1nd\u00e9kok f\u00e9rfiaknak | Le Boxi","isPartOf":{"@id":"http:\/\/staging.leboxi.eu\/hu\/#website"},"primaryImageOfPage":{"@id":"http:\/\/staging.leboxi.eu\/hu\/termekek\/asztali-szervezo-fa\/#primaryimage"},"image":{"@id":"http:\/\/staging.leboxi.eu\/hu\/termekek\/asztali-szervezo-fa\/#primaryimage"},"thumbnailUrl":"http:\/\/staging.leboxi.eu\/wp-content\/uploads\/2021\/08\/DSC0803-1.jpg","datePublished":"2024-09-03T19:24:22+00:00","dateModified":"2025-03-21T18:43:11+00:00","description":"A f\u00e1b\u00f3l k\u00e9sz\u00fclt asztalszervez\u0151 nagyszer\u0171 aj\u00e1nd\u00e9k mindazoknak, akiknek elegend\u0151 helyre van sz\u00fcks\u00e9g\u00fck a szem\u00e9lyes t\u00e1rgyak t\u00e1rol\u00e1s\u00e1hoz.","breadcrumb":{"@id":"http:\/\/staging.leboxi.eu\/hu\/termekek\/asztali-szervezo-fa\/#breadcrumb"},"inLanguage":"hu","potentialAction":[{"@type":"ReadAction","target":["http:\/\/staging.leboxi.eu\/hu\/termekek\/asztali-szervezo-fa\/"]}]},{"@type":"ImageObject","inLanguage":"hu","@id":"http:\/\/staging.leboxi.eu\/hu\/termekek\/asztali-szervezo-fa\/#primaryimage","url":"http:\/\/staging.leboxi.eu\/wp-content\/uploads\/2021\/08\/DSC0803-1.jpg","contentUrl":"http:\/\/staging.leboxi.eu\/wp-content\/uploads\/2021\/08\/DSC0803-1.jpg","width":1000,"height":1000},{"@type":"BreadcrumbList","@id":"http:\/\/staging.leboxi.eu\/hu\/termekek\/asztali-szervezo-fa\/#breadcrumb","itemListElement":[{"@type":"ListItem","position":1,"name":"Doma","item":"http:\/\/staging.leboxi.eu\/hu\/"},{"@type":"ListItem","position":2,"name":"\u00fczlet","item":"http:\/\/staging.leboxi.eu\/hu\/uzlet\/"},{"@type":"ListItem","position":3,"name":"Asztali szervez\u0151 &#8211; fa"}]},{"@type":"WebSite","@id":"http:\/\/staging.leboxi.eu\/hu\/#website","url":"http:\/\/staging.leboxi.eu\/hu\/","name":"Le Boxi | Unikatna darila za vsakogar","description":"Unikatna darila in darilne \u0161katle za vse prilo\u017enosti.","publisher":{"@id":"http:\/\/staging.leboxi.eu\/hu\/#organization"},"potentialAction":[{"@type":"SearchAction","target":{"@type":"EntryPoint","urlTemplate":"http:\/\/staging.leboxi.eu\/hu\/?s={search_term_string}"},"query-input":{"@type":"PropertyValueSpecification","valueRequired":true,"valueName":"search_term_string"}}],"inLanguage":"hu"},{"@type":"Organization","@id":"http:\/\/staging.leboxi.eu\/hu\/#organization","name":"LE BOXI","url":"http:\/\/staging.leboxi.eu\/hu\/","logo":{"@type":"ImageObject","inLanguage":"hu","@id":"http:\/\/staging.leboxi.eu\/hu\/#\/schema\/logo\/image\/","url":"http:\/\/staging.leboxi.eu\/wp-content\/uploads\/2021\/02\/LeBoxi-manjsi-png.png","contentUrl":"http:\/\/staging.leboxi.eu\/wp-content\/uploads\/2021\/02\/LeBoxi-manjsi-png.png","width":389,"height":164,"caption":"LE BOXI"},"image":{"@id":"http:\/\/staging.leboxi.eu\/hu\/#\/schema\/logo\/image\/"},"sameAs":["https:\/\/www.facebook.com\/leboxi.eu","https:\/\/www.instagram.com\/le.boxi\/"]}]}},"_links":{"self":[{"href":"http:\/\/staging.leboxi.eu\/hu\/wp-json\/wp\/v2\/product\/20010","targetHints":{"allow":["GET"]}}],"collection":[{"href":"http:\/\/staging.leboxi.eu\/hu\/wp-json\/wp\/v2\/product"}],"about":[{"href":"http:\/\/staging.leboxi.eu\/hu\/wp-json\/wp\/v2\/types\/product"}],"replies":[{"embeddable":true,"href":"http:\/\/staging.leboxi.eu\/hu\/wp-json\/wp\/v2\/comments?post=20010"}],"version-history":[{"count":1,"href":"http:\/\/staging.leboxi.eu\/hu\/wp-json\/wp\/v2\/product\/20010\/revisions"}],"predecessor-version":[{"id":24027,"href":"http:\/\/staging.leboxi.eu\/hu\/wp-json\/wp\/v2\/product\/20010\/revisions\/24027"}],"wp:featuredmedia":[{"embeddable":true,"href":"http:\/\/staging.leboxi.eu\/hu\/wp-json\/wp\/v2\/media\/20011"}],"wp:attachment":[{"href":"http:\/\/staging.leboxi.eu\/hu\/wp-json\/wp\/v2\/media?parent=20010"}],"wp:term":[{"taxonomy":"product_brand","embeddable":true,"href":"http:\/\/staging.leboxi.eu\/hu\/wp-json\/wp\/v2\/product_brand?post=20010"},{"taxonomy":"product_cat","embeddable":true,"href":"http:\/\/staging.leboxi.eu\/hu\/wp-json\/wp\/v2\/product_cat?post=20010"},{"taxonomy":"product_tag","embeddable":true,"href":"http:\/\/staging.leboxi.eu\/hu\/wp-json\/wp\/v2\/product_tag?post=20010"}],"curies":[{"name":"wp","href":"https:\/\/api.w.org\/{rel}","templated":true}]}}