{"id":19976,"date":"2021-10-27T19:36:48","date_gmt":"2024-09-03T19:21:46","guid":{"rendered":"http:\/\/staging.leboxi.eu\/izdelki\/fem-flaska-uzemanyagtartaly\/"},"modified":"2025-02-23T16:34:33","modified_gmt":"2025-02-23T15:34:33","slug":"fem-flaska-uzemanyagtartaly","status":"publish","type":"product","link":"http:\/\/staging.leboxi.eu\/hu\/termekek\/fem-flaska-uzemanyagtartaly\/","title":{"rendered":"F\u00e9m flaska &#8211; \u00fczemanyagtart\u00e1ly"},"content":{"rendered":"<p><strong>F\u00e9m flaska &#8211; \u00fczemanyagtart\u00e1ly<\/p>\n<p><\/strong>Sz\u00edn: fekete<\/p>\n<p>Anyag: Rozsdamentes ac\u00e9l<\/p>\n<p>Kapacit\u00e1s: 120 ml<\/p>\n<p>Sz\u00e9less\u00e9g: 6,7 cm<\/p>\n<p>Magass\u00e1g: 9,5 cm<\/p>\n<p>Vastags\u00e1g: 2,5 cm<\/p>\n<p>S\u00faly: 88g<\/p>\n<p>Ez az egyedi f\u00e9m flaska nagyszer\u0171 aj\u00e1nd\u00e9k munkat\u00e1rsnak, bar\u00e1tnak, f\u00e9rjnek vagy bar\u00e1tnak.<\/p>\n<h6><\/h6>\n<h6>Kieg\u00e9sz\u00edt\u0151 szolg\u00e1ltat\u00e1s:<br \/>\n<\/h6>\n<p>Az aj\u00e1nd\u00e9khoz <a href=\"http:\/\/staging.leboxi.eu\/izdelki\/personalizirana-cestitka\/\"><strong>szem\u00e9lyre sz\u00f3l\u00f3 \u00fcdv\u00f6zl\u0151lapot<\/strong><\/a>\u00a0(+ 2,95 \u20ac) is mell\u00e9kelhet.<\/p>\n<p>Utols\u00f3 sim\u00edt\u00e1sk\u00e9nt<a href=\"http:\/\/staging.leboxi.eu\/blog\/posvetilo-darilni-listki\/\">aj\u00e1nd\u00e9kos c\u00edmk\u00e9kkel<\/a> is feldobhatja az aj\u00e1nd\u00e9kcsomagj\u00e1t, melyek elk\u00e9sz\u00edt\u00e9s\u00e9hez a blogunkon tal\u00e1l \u00fatmutat\u00f3t.<\/p>\n<p>Ha szeretn\u00e9, az aj\u00e1nd\u00e9k\u00e1t mi k\u00e9zbes\u00edtj\u00fck a c\u00edmzettnek, de a sz\u00e1ml\u00e1t term\u00e9szetesen nem mell\u00e9kelj\u00fck a sz\u00e1ll\u00edt\u00e1skor. A sz\u00e1ml\u00e1t \u00f6n kapja meg.<\/p>\n<p>Szem\u00e9lyre sz\u00f3l\u00f3 term\u00e9kek eset\u00e9ben a vev\u0151nek <strong>nem \u00e1ll jog\u00e1nak<\/strong> el\u00e1llni az ad\u00e1sv\u00e9teli szerz\u0151d\u00e9st\u0151l. A gyakorlatban ez azt jelenti, hogy a fogyaszt\u00f3 a megrendel\u0151 k\u00edv\u00e1ns\u00e1ga szerint k\u00e9sz\u00fclt valamennyi term\u00e9k eset\u00e9ben nem k\u00fcldheti vissza a term\u00e9ket, \u00e9s k\u00f6teles a megk\u00f6t\u00f6tt szerz\u0151d\u00e9s szerint fizetni. A szolg\u00e1ltat\u00f3 nem v\u00e1llal felel\u0151ss\u00e9get a v\u00e1s\u00e1rl\u00e1skor helytelen\u00fcl kiv\u00e1lasztott szem\u00e9lyre szab\u00e1si opci\u00f3k\u00e9rt (pl. helytelen\u00fcl kiv\u00e1lasztott szem\u00e9lyre sz\u00f3l\u00f3 term\u00e9kt\u00edpus, szem\u00e9lyre szab\u00e1si minta helytelen kiv\u00e1laszt\u00e1sa, helyes\u00edr\u00e1si hib\u00e1k, d\u00e1tumhib\u00e1k stb.).<\/p>\n","protected":false},"excerpt":{"rendered":"<p>A fekete matt \u00fczemanyagtart\u00e1ly alak\u00fa f\u00e9m kulacs minden bizonnyal nagyon figyelmet kelt\u0151 darab, b\u00e1rhov\u00e1 is viszik. A f\u00e9m flaska tart\u00f3s rozsdamentes ac\u00e9lb\u00f3l k\u00e9sz\u00fcl, \u00e9s ak\u00e1r 120 ml-t is bele\u00f6nthet kedvenc ital\u00e1b\u00f3l, \u00edgy azt b\u00e1rhov\u00e1 mag\u00e1val viheti. Az ac\u00e9lkupak biztos\u00edtja, hogy az ital soha ne folyjon ki. \u00c9rdekes kialak\u00edt\u00e1s\u00e1val \u00e9s k\u00e9nyelm\u00e9vel t\u00f6k\u00e9letes aj\u00e1nd\u00e9k minden igazi f\u00e9rfi sz\u00e1m\u00e1ra.<\/p>\n<p>\u00a0<a href=\"http:\/\/staging.leboxi.eu\/izdelki\/personalizirana-cestitka\/\">Szem\u00e9lyre sz\u00f3l\u00f3 aj\u00e1nd\u00e9kk\u00e1rty\u00e1t<\/a>\u00a0(fel\u00e1ras) is csatolhat az aj\u00e1nd\u00e9khoz.<\/p>\n<p>&nbsp;<\/p>\n<p>Ha szeretn\u00e9, az aj\u00e1nd\u00e9kot mi k\u00e9zbes\u00edtj\u00fck a c\u00edmzettnek, de a sz\u00e1ml\u00e1t term\u00e9szetesen nem mell\u00e9kelj\u00fck a k\u00e9zbes\u00edt\u00e9skor. A sz\u00e1ml\u00e1t \u00f6n kapja meg.<\/p>\n","protected":false},"featured_media":19977,"comment_status":"open","ping_status":"closed","template":"","meta":{"site-sidebar-layout":"default","site-content-layout":"default","ast-site-content-layout":"","site-content-style":"default","site-sidebar-style":"default","ast-global-header-display":"","ast-banner-title-visibility":"","ast-main-header-display":"","ast-hfb-above-header-display":"","ast-hfb-below-header-display":"","ast-hfb-mobile-header-display":"","site-post-title":"","ast-breadcrumbs-content":"","ast-featured-img":"","footer-sml-layout":"","theme-transparent-header-meta":"default","adv-header-id-meta":"","stick-header-meta":"","header-above-stick-meta":"","header-main-stick-meta":"","header-below-stick-meta":"","astra-migrate-meta-layouts":"default","ast-page-background-enabled":"default","ast-page-background-meta":{"desktop":{"background-color":"","background-image":"","background-repeat":"repeat","background-position":"center center","background-size":"auto","background-attachment":"scroll","background-type":"","background-media":"","overlay-type":"","overlay-color":"","overlay-opacity":"","overlay-gradient":""},"tablet":{"background-color":"","background-image":"","background-repeat":"repeat","background-position":"center center","background-size":"auto","background-attachment":"scroll","background-type":"","background-media":"","overlay-type":"","overlay-color":"","overlay-opacity":"","overlay-gradient":""},"mobile":{"background-color":"","background-image":"","background-repeat":"repeat","background-position":"center center","background-size":"auto","background-attachment":"scroll","background-type":"","background-media":"","overlay-type":"","overlay-color":"","overlay-opacity":"","overlay-gradient":""}},"ast-content-background-meta":{"desktop":{"background-color":"var(--ast-global-color-5)","background-image":"","background-repeat":"repeat","background-position":"center center","background-size":"auto","background-attachment":"scroll","background-type":"","background-media":"","overlay-type":"","overlay-color":"","overlay-opacity":"","overlay-gradient":""},"tablet":{"background-color":"var(--ast-global-color-5)","background-image":"","background-repeat":"repeat","background-position":"center center","background-size":"auto","background-attachment":"scroll","background-type":"","background-media":"","overlay-type":"","overlay-color":"","overlay-opacity":"","overlay-gradient":""},"mobile":{"background-color":"var(--ast-global-color-5)","background-image":"","background-repeat":"repeat","background-position":"center center","background-size":"auto","background-attachment":"scroll","background-type":"","background-media":"","overlay-type":"","overlay-color":"","overlay-opacity":"","overlay-gradient":""}}},"product_brand":[],"product_cat":[325,333,328,327,329,326,361,330,335,332,331,334],"product_tag":[],"class_list":{"0":"post-19976","1":"product","2":"type-product","3":"status-publish","4":"has-post-thumbnail","6":"product_cat-tabornok","7":"product_cat-szuletesnapi-ajandekok-ferfiaknak","8":"product_cat-ajandekok-ferfi-partnernek","9":"product_cat-ajandekok-ferfiaknak","10":"product_cat-alkalmak","11":"product_cat-ferfi","12":"product_cat-flaska","13":"product_cat-karacsonyi-ajandekok","14":"product_cat-karacsonyi-ajandekok-ferfiaknak","15":"product_cat-szuletesnapi-ajandekok-hu","16":"product_cat-valentin-napi-ajandekok","17":"product_cat-valentin-napi-ajandekok-ferfiaknak","18":"desktop-align-left","19":"tablet-align-left","20":"mobile-align-left","22":"first","23":"instock","24":"taxable","25":"shipping-taxable","26":"purchasable","27":"product-type-simple"},"yoast_head":"<!-- This site is optimized with the Yoast SEO plugin v25.2 - https:\/\/yoast.com\/wordpress\/plugins\/seo\/ -->\n<title>F\u00e9m flaska | F\u00e9rfi flaska | Le Boxi<\/title>\n<meta name=\"description\" content=\"Ez a fekete f\u00e9mb\u0151l k\u00e9sz\u00fclt, \u00fczemanyagtart\u00e1ly alak\u00fa kulacs nagyszer\u0171 aj\u00e1nd\u00e9k egy igazi f\u00e9rfi sz\u00e1m\u00e1ra.\" \/>\n<meta name=\"robots\" content=\"index, follow, max-snippet:-1, max-image-preview:large, max-video-preview:-1\" \/>\n<link rel=\"canonical\" href=\"http:\/\/staging.leboxi.eu\/hu\/termekek\/fem-flaska-uzemanyagtartaly\/\" \/>\n<meta property=\"og:locale\" content=\"hu_HU\" \/>\n<meta property=\"og:type\" content=\"article\" \/>\n<meta property=\"og:title\" content=\"F\u00e9m flaska | F\u00e9rfi flaska | Le Boxi\" \/>\n<meta property=\"og:description\" content=\"Ez a fekete f\u00e9mb\u0151l k\u00e9sz\u00fclt, \u00fczemanyagtart\u00e1ly alak\u00fa kulacs nagyszer\u0171 aj\u00e1nd\u00e9k egy igazi f\u00e9rfi sz\u00e1m\u00e1ra.\" \/>\n<meta property=\"og:url\" content=\"http:\/\/staging.leboxi.eu\/hu\/termekek\/fem-flaska-uzemanyagtartaly\/\" \/>\n<meta property=\"og:site_name\" content=\"Le Boxi | Unikatna darila za vsakogar\" \/>\n<meta property=\"article:publisher\" content=\"https:\/\/www.facebook.com\/leboxi.eu\" \/>\n<meta property=\"article:modified_time\" content=\"2025-02-23T15:34:33+00:00\" \/>\n<meta property=\"og:image\" content=\"http:\/\/staging.leboxi.eu\/wp-content\/uploads\/2021\/10\/DSC0348.jpg\" \/>\n\t<meta property=\"og:image:width\" content=\"1000\" \/>\n\t<meta property=\"og:image:height\" content=\"1000\" \/>\n\t<meta property=\"og:image:type\" content=\"image\/jpeg\" \/>\n<meta name=\"twitter:card\" content=\"summary_large_image\" \/>\n<meta name=\"twitter:label1\" content=\"Becs\u00fclt olvas\u00e1si id\u0151\" \/>\n\t<meta name=\"twitter:data1\" content=\"1 perc\" \/>\n<script type=\"application\/ld+json\" class=\"yoast-schema-graph\">{\"@context\":\"https:\/\/schema.org\",\"@graph\":[{\"@type\":\"WebPage\",\"@id\":\"http:\/\/staging.leboxi.eu\/hu\/termekek\/fem-flaska-uzemanyagtartaly\/\",\"url\":\"http:\/\/staging.leboxi.eu\/hu\/termekek\/fem-flaska-uzemanyagtartaly\/\",\"name\":\"F\u00e9m flaska | F\u00e9rfi flaska | Le Boxi\",\"isPartOf\":{\"@id\":\"http:\/\/staging.leboxi.eu\/hu\/#website\"},\"primaryImageOfPage\":{\"@id\":\"http:\/\/staging.leboxi.eu\/hu\/termekek\/fem-flaska-uzemanyagtartaly\/#primaryimage\"},\"image\":{\"@id\":\"http:\/\/staging.leboxi.eu\/hu\/termekek\/fem-flaska-uzemanyagtartaly\/#primaryimage\"},\"thumbnailUrl\":\"http:\/\/staging.leboxi.eu\/wp-content\/uploads\/2021\/10\/DSC0348.jpg\",\"datePublished\":\"2024-09-03T19:21:46+00:00\",\"dateModified\":\"2025-02-23T15:34:33+00:00\",\"description\":\"Ez a fekete f\u00e9mb\u0151l k\u00e9sz\u00fclt, \u00fczemanyagtart\u00e1ly alak\u00fa kulacs nagyszer\u0171 aj\u00e1nd\u00e9k egy igazi f\u00e9rfi sz\u00e1m\u00e1ra.\",\"breadcrumb\":{\"@id\":\"http:\/\/staging.leboxi.eu\/hu\/termekek\/fem-flaska-uzemanyagtartaly\/#breadcrumb\"},\"inLanguage\":\"hu\",\"potentialAction\":[{\"@type\":\"ReadAction\",\"target\":[\"http:\/\/staging.leboxi.eu\/hu\/termekek\/fem-flaska-uzemanyagtartaly\/\"]}]},{\"@type\":\"ImageObject\",\"inLanguage\":\"hu\",\"@id\":\"http:\/\/staging.leboxi.eu\/hu\/termekek\/fem-flaska-uzemanyagtartaly\/#primaryimage\",\"url\":\"http:\/\/staging.leboxi.eu\/wp-content\/uploads\/2021\/10\/DSC0348.jpg\",\"contentUrl\":\"http:\/\/staging.leboxi.eu\/wp-content\/uploads\/2021\/10\/DSC0348.jpg\",\"width\":1000,\"height\":1000},{\"@type\":\"BreadcrumbList\",\"@id\":\"http:\/\/staging.leboxi.eu\/hu\/termekek\/fem-flaska-uzemanyagtartaly\/#breadcrumb\",\"itemListElement\":[{\"@type\":\"ListItem\",\"position\":1,\"name\":\"Doma\",\"item\":\"http:\/\/staging.leboxi.eu\/hu\/\"},{\"@type\":\"ListItem\",\"position\":2,\"name\":\"\u00fczlet\",\"item\":\"http:\/\/staging.leboxi.eu\/hu\/uzlet\/\"},{\"@type\":\"ListItem\",\"position\":3,\"name\":\"F\u00e9m flaska &#8211; \u00fczemanyagtart\u00e1ly\"}]},{\"@type\":\"WebSite\",\"@id\":\"http:\/\/staging.leboxi.eu\/hu\/#website\",\"url\":\"http:\/\/staging.leboxi.eu\/hu\/\",\"name\":\"Le Boxi | Unikatna darila za vsakogar\",\"description\":\"Unikatna darila in darilne \u0161katle za vse prilo\u017enosti.\",\"publisher\":{\"@id\":\"http:\/\/staging.leboxi.eu\/hu\/#organization\"},\"potentialAction\":[{\"@type\":\"SearchAction\",\"target\":{\"@type\":\"EntryPoint\",\"urlTemplate\":\"http:\/\/staging.leboxi.eu\/hu\/?s={search_term_string}\"},\"query-input\":{\"@type\":\"PropertyValueSpecification\",\"valueRequired\":true,\"valueName\":\"search_term_string\"}}],\"inLanguage\":\"hu\"},{\"@type\":\"Organization\",\"@id\":\"http:\/\/staging.leboxi.eu\/hu\/#organization\",\"name\":\"LE BOXI\",\"url\":\"http:\/\/staging.leboxi.eu\/hu\/\",\"logo\":{\"@type\":\"ImageObject\",\"inLanguage\":\"hu\",\"@id\":\"http:\/\/staging.leboxi.eu\/hu\/#\/schema\/logo\/image\/\",\"url\":\"http:\/\/staging.leboxi.eu\/wp-content\/uploads\/2021\/02\/LeBoxi-manjsi-png.png\",\"contentUrl\":\"http:\/\/staging.leboxi.eu\/wp-content\/uploads\/2021\/02\/LeBoxi-manjsi-png.png\",\"width\":389,\"height\":164,\"caption\":\"LE BOXI\"},\"image\":{\"@id\":\"http:\/\/staging.leboxi.eu\/hu\/#\/schema\/logo\/image\/\"},\"sameAs\":[\"https:\/\/www.facebook.com\/leboxi.eu\",\"https:\/\/www.instagram.com\/le.boxi\/\"]}]}<\/script>\n<!-- \/ Yoast SEO plugin. -->","yoast_head_json":{"title":"F\u00e9m flaska | F\u00e9rfi flaska | Le Boxi","description":"Ez a fekete f\u00e9mb\u0151l k\u00e9sz\u00fclt, \u00fczemanyagtart\u00e1ly alak\u00fa kulacs nagyszer\u0171 aj\u00e1nd\u00e9k egy igazi f\u00e9rfi sz\u00e1m\u00e1ra.","robots":{"index":"index","follow":"follow","max-snippet":"max-snippet:-1","max-image-preview":"max-image-preview:large","max-video-preview":"max-video-preview:-1"},"canonical":"http:\/\/staging.leboxi.eu\/hu\/termekek\/fem-flaska-uzemanyagtartaly\/","og_locale":"hu_HU","og_type":"article","og_title":"F\u00e9m flaska | F\u00e9rfi flaska | Le Boxi","og_description":"Ez a fekete f\u00e9mb\u0151l k\u00e9sz\u00fclt, \u00fczemanyagtart\u00e1ly alak\u00fa kulacs nagyszer\u0171 aj\u00e1nd\u00e9k egy igazi f\u00e9rfi sz\u00e1m\u00e1ra.","og_url":"http:\/\/staging.leboxi.eu\/hu\/termekek\/fem-flaska-uzemanyagtartaly\/","og_site_name":"Le Boxi | Unikatna darila za vsakogar","article_publisher":"https:\/\/www.facebook.com\/leboxi.eu","article_modified_time":"2025-02-23T15:34:33+00:00","og_image":[{"width":1000,"height":1000,"url":"http:\/\/staging.leboxi.eu\/wp-content\/uploads\/2021\/10\/DSC0348.jpg","type":"image\/jpeg"}],"twitter_card":"summary_large_image","twitter_misc":{"Becs\u00fclt olvas\u00e1si id\u0151":"1 perc"},"schema":{"@context":"https:\/\/schema.org","@graph":[{"@type":"WebPage","@id":"http:\/\/staging.leboxi.eu\/hu\/termekek\/fem-flaska-uzemanyagtartaly\/","url":"http:\/\/staging.leboxi.eu\/hu\/termekek\/fem-flaska-uzemanyagtartaly\/","name":"F\u00e9m flaska | F\u00e9rfi flaska | Le Boxi","isPartOf":{"@id":"http:\/\/staging.leboxi.eu\/hu\/#website"},"primaryImageOfPage":{"@id":"http:\/\/staging.leboxi.eu\/hu\/termekek\/fem-flaska-uzemanyagtartaly\/#primaryimage"},"image":{"@id":"http:\/\/staging.leboxi.eu\/hu\/termekek\/fem-flaska-uzemanyagtartaly\/#primaryimage"},"thumbnailUrl":"http:\/\/staging.leboxi.eu\/wp-content\/uploads\/2021\/10\/DSC0348.jpg","datePublished":"2024-09-03T19:21:46+00:00","dateModified":"2025-02-23T15:34:33+00:00","description":"Ez a fekete f\u00e9mb\u0151l k\u00e9sz\u00fclt, \u00fczemanyagtart\u00e1ly alak\u00fa kulacs nagyszer\u0171 aj\u00e1nd\u00e9k egy igazi f\u00e9rfi sz\u00e1m\u00e1ra.","breadcrumb":{"@id":"http:\/\/staging.leboxi.eu\/hu\/termekek\/fem-flaska-uzemanyagtartaly\/#breadcrumb"},"inLanguage":"hu","potentialAction":[{"@type":"ReadAction","target":["http:\/\/staging.leboxi.eu\/hu\/termekek\/fem-flaska-uzemanyagtartaly\/"]}]},{"@type":"ImageObject","inLanguage":"hu","@id":"http:\/\/staging.leboxi.eu\/hu\/termekek\/fem-flaska-uzemanyagtartaly\/#primaryimage","url":"http:\/\/staging.leboxi.eu\/wp-content\/uploads\/2021\/10\/DSC0348.jpg","contentUrl":"http:\/\/staging.leboxi.eu\/wp-content\/uploads\/2021\/10\/DSC0348.jpg","width":1000,"height":1000},{"@type":"BreadcrumbList","@id":"http:\/\/staging.leboxi.eu\/hu\/termekek\/fem-flaska-uzemanyagtartaly\/#breadcrumb","itemListElement":[{"@type":"ListItem","position":1,"name":"Doma","item":"http:\/\/staging.leboxi.eu\/hu\/"},{"@type":"ListItem","position":2,"name":"\u00fczlet","item":"http:\/\/staging.leboxi.eu\/hu\/uzlet\/"},{"@type":"ListItem","position":3,"name":"F\u00e9m flaska &#8211; \u00fczemanyagtart\u00e1ly"}]},{"@type":"WebSite","@id":"http:\/\/staging.leboxi.eu\/hu\/#website","url":"http:\/\/staging.leboxi.eu\/hu\/","name":"Le Boxi | Unikatna darila za vsakogar","description":"Unikatna darila in darilne \u0161katle za vse prilo\u017enosti.","publisher":{"@id":"http:\/\/staging.leboxi.eu\/hu\/#organization"},"potentialAction":[{"@type":"SearchAction","target":{"@type":"EntryPoint","urlTemplate":"http:\/\/staging.leboxi.eu\/hu\/?s={search_term_string}"},"query-input":{"@type":"PropertyValueSpecification","valueRequired":true,"valueName":"search_term_string"}}],"inLanguage":"hu"},{"@type":"Organization","@id":"http:\/\/staging.leboxi.eu\/hu\/#organization","name":"LE BOXI","url":"http:\/\/staging.leboxi.eu\/hu\/","logo":{"@type":"ImageObject","inLanguage":"hu","@id":"http:\/\/staging.leboxi.eu\/hu\/#\/schema\/logo\/image\/","url":"http:\/\/staging.leboxi.eu\/wp-content\/uploads\/2021\/02\/LeBoxi-manjsi-png.png","contentUrl":"http:\/\/staging.leboxi.eu\/wp-content\/uploads\/2021\/02\/LeBoxi-manjsi-png.png","width":389,"height":164,"caption":"LE BOXI"},"image":{"@id":"http:\/\/staging.leboxi.eu\/hu\/#\/schema\/logo\/image\/"},"sameAs":["https:\/\/www.facebook.com\/leboxi.eu","https:\/\/www.instagram.com\/le.boxi\/"]}]}},"_links":{"self":[{"href":"http:\/\/staging.leboxi.eu\/hu\/wp-json\/wp\/v2\/product\/19976","targetHints":{"allow":["GET"]}}],"collection":[{"href":"http:\/\/staging.leboxi.eu\/hu\/wp-json\/wp\/v2\/product"}],"about":[{"href":"http:\/\/staging.leboxi.eu\/hu\/wp-json\/wp\/v2\/types\/product"}],"replies":[{"embeddable":true,"href":"http:\/\/staging.leboxi.eu\/hu\/wp-json\/wp\/v2\/comments?post=19976"}],"version-history":[{"count":1,"href":"http:\/\/staging.leboxi.eu\/hu\/wp-json\/wp\/v2\/product\/19976\/revisions"}],"predecessor-version":[{"id":24024,"href":"http:\/\/staging.leboxi.eu\/hu\/wp-json\/wp\/v2\/product\/19976\/revisions\/24024"}],"wp:featuredmedia":[{"embeddable":true,"href":"http:\/\/staging.leboxi.eu\/hu\/wp-json\/wp\/v2\/media\/19977"}],"wp:attachment":[{"href":"http:\/\/staging.leboxi.eu\/hu\/wp-json\/wp\/v2\/media?parent=19976"}],"wp:term":[{"taxonomy":"product_brand","embeddable":true,"href":"http:\/\/staging.leboxi.eu\/hu\/wp-json\/wp\/v2\/product_brand?post=19976"},{"taxonomy":"product_cat","embeddable":true,"href":"http:\/\/staging.leboxi.eu\/hu\/wp-json\/wp\/v2\/product_cat?post=19976"},{"taxonomy":"product_tag","embeddable":true,"href":"http:\/\/staging.leboxi.eu\/hu\/wp-json\/wp\/v2\/product_tag?post=19976"}],"curies":[{"name":"wp","href":"https:\/\/api.w.org\/{rel}","templated":true}]}}