{"id":19908,"date":"2022-08-20T14:03:30","date_gmt":"2024-09-03T19:12:42","guid":{"rendered":"http:\/\/staging.leboxi.eu\/izdelki\/dekanter-keszlet-premium\/"},"modified":"2025-02-23T16:32:37","modified_gmt":"2025-02-23T15:32:37","slug":"dekanter-keszlet-premium","status":"publish","type":"product","link":"http:\/\/staging.leboxi.eu\/hu\/termekek\/dekanter-keszlet-premium\/","title":{"rendered":"Dekanter k\u00e9szlet \u2013 PR\u00c9MIUM"},"content":{"rendered":"<p>Ez a dekanter k\u00e9szlet nagyszer\u0171 aj\u00e1nd\u00e9k mindazok sz\u00e1m\u00e1ra, akik szeretik egy poh\u00e1r szeszes itallal k\u00e9nyeztetni magukat, ugyanakkor \u00e9rt\u00e9kelik a term\u00e9k kifinomult kialak\u00edt\u00e1s\u00e1t. A k\u00e9szlet mindent tartalmaz, ami a t\u00f6k\u00e9letes italfogyaszt\u00e1shoz sz\u00fcks\u00e9ges. A k\u00e9szlet egy gy\u00f6ny\u00f6r\u0171 fadobozban \u00e9rkezik, ami m\u00e9g luxusosabb megjelen\u00e9st k\u00f6lcs\u00f6n\u00f6z a k\u00e9szletnek. H\u0171t\u00f6kock\u00e1k is vannak mell\u00e9kelve a dobozban, amelyek h\u0171tenek, de nem h\u00edg\u00edtanak.<\/p>\n<p>Ez az egyedi k\u00e9szlet a k\u00f6vetkez\u0151ket tartalmazza:<\/p>\n<ul>\n<li>fa d\u00edszdoboz,\n<\/li>\n<li>egyedi kialak\u00edt\u00e1s\u00fa italos \u00fcveg fed\u00e9llel\n<\/li>\n<li>2 azonos poh\u00e1r,\n<\/li>\n<p>\tj\u00e9gfog\u00f3<\/p>\n<li>,\n<\/li>\n<li>rozsdamentes ac\u00e9l ki\u00f6nt\u0151 dug\u00f3,\n<\/li>\n<li>b\u00e1rsony t\u00e1ska h\u0171t\u0151k\u00f6vekkel.\n<\/li>\n<\/ul>\n<p>Anyag: \u00fcveg, fa<\/p>\n<p>Poh\u00e1rm\u00e9retek: 9,5 x 9,5 x 9,5 cm<\/p>\n<p>Dekanter m\u00e9retei: 10x10x27 cm<\/p>\n<h6><\/h6>\n<h6>Kieg\u00e9sz\u00edt\u0151 szolg\u00e1ltat\u00e1s:<br \/>\n<\/h6>\n<p>Az aj\u00e1nd\u00e9khoz utols\u00f3 sim\u00edt\u00e1sk\u00e9nt<a href=\"http:\/\/staging.leboxi.eu\/izdelki\/cestitka-za-rojstni-dan\/\" target=\"_blank\" rel=\"noopener\">szem\u00e9lyre szabott levelet is mell\u00e9kelhet<\/a>.<\/p>\n<p>Ha szeretn\u00e9, az aj\u00e1nd\u00e9k\u00e1t mi k\u00e9zbes\u00edtj\u00fck a c\u00edmzettnek, de term\u00e9szetesen a kisz\u00e1ll\u00edt\u00e1skor nem mell\u00e9kelj\u00fck a sz\u00e1ml\u00e1t. A sz\u00e1ml\u00e1t \u00f6nnek adjuk \u00e1t.<\/p>\n<p>&nbsp;<\/p>\n","protected":false},"excerpt":{"rendered":"<p>Ez a dekanter k\u00e9szlet nagyszer\u0171 aj\u00e1nd\u00e9k mindazok sz\u00e1m\u00e1ra, akik szeretik egy poh\u00e1r szeszes itallal k\u00e9nyeztetni magukat, ugyanakkor \u00e9rt\u00e9kelik a term\u00e9k kifinomult kialak\u00edt\u00e1s\u00e1t. A k\u00e9szlet mindent tartalmaz, amire sz\u00fcks\u00e9ge van a t\u00f6k\u00e9letes italfogyaszt\u00e1shoz egyed\u00fcl vagy bar\u00e1tokkal. A k\u00e9szlet egy gy\u00f6ny\u00f6r\u0171 fadobozban \u00e9rkezik, ami m\u00e9g luxusosabb megjelen\u00e9st k\u00f6lcs\u00f6n\u00f6z a k\u00e9szletnek. H\u0171t\u00f6kock\u00e1k is vannak mell\u00e9kelve a dobozban, amelyek h\u0171tenek, de nem h\u00edg\u00edtanak.<\/p>\n<p>Az aj\u00e1nd\u00e9k dekanterk\u00e9szlet tartalma:<\/p>\n<ul>\n<li>fa d\u00edszdoboz,\n<\/li>\n<li>egyedi kialak\u00edt\u00e1s\u00fa italos \u00fcveg fed\u00e9llel\n<\/li>\n<li>2 azonos poh\u00e1r,\n<\/li>\n<p>\tj\u00e9gfog\u00f3<\/p>\n<li>,\n<\/li>\n<li>rozsdamentes ac\u00e9l ki\u00f6nt\u0151 dug\u00f3,\n<\/li>\n<li>b\u00e1rsony t\u00e1ska h\u0171t\u0151k\u00f6vekkel.\n<\/li>\n<\/ul>\n<p>Az aj\u00e1nd\u00e9khoz <a href=\"http:\/\/staging.leboxi.eu\/izdelki\/cestitka-za-rojstni-dan\/\" target=\"_blank\" rel=\"noopener\">szem\u00e9lyre sz\u00f3l\u00f3 \u00fcdv\u00f6zl\u0151lapot<\/a> is mell\u00e9kelhet.<\/p>\n<p>&nbsp;<\/p>\n<p>Ha szeretn\u00e9, az aj\u00e1nd\u00e9kot mi k\u00e9zbes\u00edtj\u00fck a c\u00edmzettnek, de term\u00e9szetesen nem mell\u00e9kelj\u00fck a sz\u00e1ml\u00e1t a k\u00e9zbes\u00edt\u00e9skor. A sz\u00e1ml\u00e1t \u00f6n kapja meg.<\/p>\n<p>A r\u00e9szletes le\u00edr\u00e1st az al\u00e1bbiakban olvashatja el.<\/p>\n","protected":false},"featured_media":19909,"comment_status":"open","ping_status":"closed","template":"","meta":{"site-sidebar-layout":"default","site-content-layout":"default","ast-site-content-layout":"","site-content-style":"default","site-sidebar-style":"default","ast-global-header-display":"","ast-banner-title-visibility":"","ast-main-header-display":"","ast-hfb-above-header-display":"","ast-hfb-below-header-display":"","ast-hfb-mobile-header-display":"","site-post-title":"","ast-breadcrumbs-content":"","ast-featured-img":"","footer-sml-layout":"","theme-transparent-header-meta":"default","adv-header-id-meta":"","stick-header-meta":"","header-above-stick-meta":"","header-main-stick-meta":"","header-below-stick-meta":"","astra-migrate-meta-layouts":"default","ast-page-background-enabled":"default","ast-page-background-meta":{"desktop":{"background-color":"","background-image":"","background-repeat":"repeat","background-position":"center center","background-size":"auto","background-attachment":"scroll","background-type":"","background-media":"","overlay-type":"","overlay-color":"","overlay-opacity":"","overlay-gradient":""},"tablet":{"background-color":"","background-image":"","background-repeat":"repeat","background-position":"center center","background-size":"auto","background-attachment":"scroll","background-type":"","background-media":"","overlay-type":"","overlay-color":"","overlay-opacity":"","overlay-gradient":""},"mobile":{"background-color":"","background-image":"","background-repeat":"repeat","background-position":"center center","background-size":"auto","background-attachment":"scroll","background-type":"","background-media":"","overlay-type":"","overlay-color":"","overlay-opacity":"","overlay-gradient":""}},"ast-content-background-meta":{"desktop":{"background-color":"var(--ast-global-color-5)","background-image":"","background-repeat":"repeat","background-position":"center center","background-size":"auto","background-attachment":"scroll","background-type":"","background-media":"","overlay-type":"","overlay-color":"","overlay-opacity":"","overlay-gradient":""},"tablet":{"background-color":"var(--ast-global-color-5)","background-image":"","background-repeat":"repeat","background-position":"center center","background-size":"auto","background-attachment":"scroll","background-type":"","background-media":"","overlay-type":"","overlay-color":"","overlay-opacity":"","overlay-gradient":""},"mobile":{"background-color":"var(--ast-global-color-5)","background-image":"","background-repeat":"repeat","background-position":"center center","background-size":"auto","background-attachment":"scroll","background-type":"","background-media":"","overlay-type":"","overlay-color":"","overlay-opacity":"","overlay-gradient":""}}},"product_brand":[],"product_cat":[333,328,327,329,326,330,335,339,332],"product_tag":[],"class_list":{"0":"post-19908","1":"product","2":"type-product","3":"status-publish","4":"has-post-thumbnail","6":"product_cat-szuletesnapi-ajandekok-ferfiaknak","7":"product_cat-ajandekok-ferfi-partnernek","8":"product_cat-ajandekok-ferfiaknak","9":"product_cat-alkalmak","10":"product_cat-ferfi","11":"product_cat-karacsonyi-ajandekok","12":"product_cat-karacsonyi-ajandekok-ferfiaknak","13":"product_cat-nok","14":"product_cat-szuletesnapi-ajandekok-hu","15":"desktop-align-left","16":"tablet-align-left","17":"mobile-align-left","19":"first","20":"instock","21":"featured","22":"taxable","23":"shipping-taxable","24":"purchasable","25":"product-type-simple"},"yoast_head":"<!-- This site is optimized with the Yoast SEO plugin v25.2 - https:\/\/yoast.com\/wordpress\/plugins\/seo\/ -->\n<title>Dekanter | Le Boxi<\/title>\n<meta name=\"description\" content=\"Ez a dekanter k\u00e9szlet nagyszer\u0171 aj\u00e1nd\u00e9k mindazok sz\u00e1m\u00e1ra, akik szeretik egy poh\u00e1r szeszes itallal k\u00e9nyeztetni magukat, ugyanakkor \u00e9rt\u00e9kelik a term\u00e9k kifinomult kialak\u00edt\u00e1s\u00e1t.\" \/>\n<meta name=\"robots\" content=\"index, follow, max-snippet:-1, max-image-preview:large, max-video-preview:-1\" \/>\n<link rel=\"canonical\" href=\"http:\/\/staging.leboxi.eu\/hu\/termekek\/dekanter-keszlet-premium\/\" \/>\n<meta property=\"og:locale\" content=\"hu_HU\" \/>\n<meta property=\"og:type\" content=\"article\" \/>\n<meta property=\"og:title\" content=\"Dekanter | Le Boxi\" \/>\n<meta property=\"og:description\" content=\"Ez a dekanter k\u00e9szlet nagyszer\u0171 aj\u00e1nd\u00e9k mindazok sz\u00e1m\u00e1ra, akik szeretik egy poh\u00e1r szeszes itallal k\u00e9nyeztetni magukat, ugyanakkor \u00e9rt\u00e9kelik a term\u00e9k kifinomult kialak\u00edt\u00e1s\u00e1t.\" \/>\n<meta property=\"og:url\" content=\"http:\/\/staging.leboxi.eu\/hu\/termekek\/dekanter-keszlet-premium\/\" \/>\n<meta property=\"og:site_name\" content=\"Le Boxi | Unikatna darila za vsakogar\" \/>\n<meta property=\"article:publisher\" content=\"https:\/\/www.facebook.com\/leboxi.eu\" \/>\n<meta property=\"article:modified_time\" content=\"2025-02-23T15:32:37+00:00\" \/>\n<meta property=\"og:image\" content=\"http:\/\/staging.leboxi.eu\/wp-content\/uploads\/2022\/08\/dekanter-set.jpg\" \/>\n\t<meta property=\"og:image:width\" content=\"1000\" \/>\n\t<meta property=\"og:image:height\" content=\"1000\" \/>\n\t<meta property=\"og:image:type\" content=\"image\/jpeg\" \/>\n<meta name=\"twitter:card\" content=\"summary_large_image\" \/>\n<meta name=\"twitter:label1\" content=\"Becs\u00fclt olvas\u00e1si id\u0151\" \/>\n\t<meta name=\"twitter:data1\" content=\"1 perc\" \/>\n<script type=\"application\/ld+json\" class=\"yoast-schema-graph\">{\"@context\":\"https:\/\/schema.org\",\"@graph\":[{\"@type\":\"WebPage\",\"@id\":\"http:\/\/staging.leboxi.eu\/hu\/termekek\/dekanter-keszlet-premium\/\",\"url\":\"http:\/\/staging.leboxi.eu\/hu\/termekek\/dekanter-keszlet-premium\/\",\"name\":\"Dekanter | Le Boxi\",\"isPartOf\":{\"@id\":\"http:\/\/staging.leboxi.eu\/hu\/#website\"},\"primaryImageOfPage\":{\"@id\":\"http:\/\/staging.leboxi.eu\/hu\/termekek\/dekanter-keszlet-premium\/#primaryimage\"},\"image\":{\"@id\":\"http:\/\/staging.leboxi.eu\/hu\/termekek\/dekanter-keszlet-premium\/#primaryimage\"},\"thumbnailUrl\":\"http:\/\/staging.leboxi.eu\/wp-content\/uploads\/2022\/08\/dekanter-set.jpg\",\"datePublished\":\"2024-09-03T19:12:42+00:00\",\"dateModified\":\"2025-02-23T15:32:37+00:00\",\"description\":\"Ez a dekanter k\u00e9szlet nagyszer\u0171 aj\u00e1nd\u00e9k mindazok sz\u00e1m\u00e1ra, akik szeretik egy poh\u00e1r szeszes itallal k\u00e9nyeztetni magukat, ugyanakkor \u00e9rt\u00e9kelik a term\u00e9k kifinomult kialak\u00edt\u00e1s\u00e1t.\",\"breadcrumb\":{\"@id\":\"http:\/\/staging.leboxi.eu\/hu\/termekek\/dekanter-keszlet-premium\/#breadcrumb\"},\"inLanguage\":\"hu\",\"potentialAction\":[{\"@type\":\"ReadAction\",\"target\":[\"http:\/\/staging.leboxi.eu\/hu\/termekek\/dekanter-keszlet-premium\/\"]}]},{\"@type\":\"ImageObject\",\"inLanguage\":\"hu\",\"@id\":\"http:\/\/staging.leboxi.eu\/hu\/termekek\/dekanter-keszlet-premium\/#primaryimage\",\"url\":\"http:\/\/staging.leboxi.eu\/wp-content\/uploads\/2022\/08\/dekanter-set.jpg\",\"contentUrl\":\"http:\/\/staging.leboxi.eu\/wp-content\/uploads\/2022\/08\/dekanter-set.jpg\",\"width\":1000,\"height\":1000},{\"@type\":\"BreadcrumbList\",\"@id\":\"http:\/\/staging.leboxi.eu\/hu\/termekek\/dekanter-keszlet-premium\/#breadcrumb\",\"itemListElement\":[{\"@type\":\"ListItem\",\"position\":1,\"name\":\"Doma\",\"item\":\"http:\/\/staging.leboxi.eu\/hu\/\"},{\"@type\":\"ListItem\",\"position\":2,\"name\":\"\u00fczlet\",\"item\":\"http:\/\/staging.leboxi.eu\/hu\/uzlet\/\"},{\"@type\":\"ListItem\",\"position\":3,\"name\":\"Dekanter k\u00e9szlet \u2013 PR\u00c9MIUM\"}]},{\"@type\":\"WebSite\",\"@id\":\"http:\/\/staging.leboxi.eu\/hu\/#website\",\"url\":\"http:\/\/staging.leboxi.eu\/hu\/\",\"name\":\"Le Boxi | Unikatna darila za vsakogar\",\"description\":\"Unikatna darila in darilne \u0161katle za vse prilo\u017enosti.\",\"publisher\":{\"@id\":\"http:\/\/staging.leboxi.eu\/hu\/#organization\"},\"potentialAction\":[{\"@type\":\"SearchAction\",\"target\":{\"@type\":\"EntryPoint\",\"urlTemplate\":\"http:\/\/staging.leboxi.eu\/hu\/?s={search_term_string}\"},\"query-input\":{\"@type\":\"PropertyValueSpecification\",\"valueRequired\":true,\"valueName\":\"search_term_string\"}}],\"inLanguage\":\"hu\"},{\"@type\":\"Organization\",\"@id\":\"http:\/\/staging.leboxi.eu\/hu\/#organization\",\"name\":\"LE BOXI\",\"url\":\"http:\/\/staging.leboxi.eu\/hu\/\",\"logo\":{\"@type\":\"ImageObject\",\"inLanguage\":\"hu\",\"@id\":\"http:\/\/staging.leboxi.eu\/hu\/#\/schema\/logo\/image\/\",\"url\":\"http:\/\/staging.leboxi.eu\/wp-content\/uploads\/2021\/02\/LeBoxi-manjsi-png.png\",\"contentUrl\":\"http:\/\/staging.leboxi.eu\/wp-content\/uploads\/2021\/02\/LeBoxi-manjsi-png.png\",\"width\":389,\"height\":164,\"caption\":\"LE BOXI\"},\"image\":{\"@id\":\"http:\/\/staging.leboxi.eu\/hu\/#\/schema\/logo\/image\/\"},\"sameAs\":[\"https:\/\/www.facebook.com\/leboxi.eu\",\"https:\/\/www.instagram.com\/le.boxi\/\"]}]}<\/script>\n<!-- \/ Yoast SEO plugin. -->","yoast_head_json":{"title":"Dekanter | Le Boxi","description":"Ez a dekanter k\u00e9szlet nagyszer\u0171 aj\u00e1nd\u00e9k mindazok sz\u00e1m\u00e1ra, akik szeretik egy poh\u00e1r szeszes itallal k\u00e9nyeztetni magukat, ugyanakkor \u00e9rt\u00e9kelik a term\u00e9k kifinomult kialak\u00edt\u00e1s\u00e1t.","robots":{"index":"index","follow":"follow","max-snippet":"max-snippet:-1","max-image-preview":"max-image-preview:large","max-video-preview":"max-video-preview:-1"},"canonical":"http:\/\/staging.leboxi.eu\/hu\/termekek\/dekanter-keszlet-premium\/","og_locale":"hu_HU","og_type":"article","og_title":"Dekanter | Le Boxi","og_description":"Ez a dekanter k\u00e9szlet nagyszer\u0171 aj\u00e1nd\u00e9k mindazok sz\u00e1m\u00e1ra, akik szeretik egy poh\u00e1r szeszes itallal k\u00e9nyeztetni magukat, ugyanakkor \u00e9rt\u00e9kelik a term\u00e9k kifinomult kialak\u00edt\u00e1s\u00e1t.","og_url":"http:\/\/staging.leboxi.eu\/hu\/termekek\/dekanter-keszlet-premium\/","og_site_name":"Le Boxi | Unikatna darila za vsakogar","article_publisher":"https:\/\/www.facebook.com\/leboxi.eu","article_modified_time":"2025-02-23T15:32:37+00:00","og_image":[{"width":1000,"height":1000,"url":"http:\/\/staging.leboxi.eu\/wp-content\/uploads\/2022\/08\/dekanter-set.jpg","type":"image\/jpeg"}],"twitter_card":"summary_large_image","twitter_misc":{"Becs\u00fclt olvas\u00e1si id\u0151":"1 perc"},"schema":{"@context":"https:\/\/schema.org","@graph":[{"@type":"WebPage","@id":"http:\/\/staging.leboxi.eu\/hu\/termekek\/dekanter-keszlet-premium\/","url":"http:\/\/staging.leboxi.eu\/hu\/termekek\/dekanter-keszlet-premium\/","name":"Dekanter | Le Boxi","isPartOf":{"@id":"http:\/\/staging.leboxi.eu\/hu\/#website"},"primaryImageOfPage":{"@id":"http:\/\/staging.leboxi.eu\/hu\/termekek\/dekanter-keszlet-premium\/#primaryimage"},"image":{"@id":"http:\/\/staging.leboxi.eu\/hu\/termekek\/dekanter-keszlet-premium\/#primaryimage"},"thumbnailUrl":"http:\/\/staging.leboxi.eu\/wp-content\/uploads\/2022\/08\/dekanter-set.jpg","datePublished":"2024-09-03T19:12:42+00:00","dateModified":"2025-02-23T15:32:37+00:00","description":"Ez a dekanter k\u00e9szlet nagyszer\u0171 aj\u00e1nd\u00e9k mindazok sz\u00e1m\u00e1ra, akik szeretik egy poh\u00e1r szeszes itallal k\u00e9nyeztetni magukat, ugyanakkor \u00e9rt\u00e9kelik a term\u00e9k kifinomult kialak\u00edt\u00e1s\u00e1t.","breadcrumb":{"@id":"http:\/\/staging.leboxi.eu\/hu\/termekek\/dekanter-keszlet-premium\/#breadcrumb"},"inLanguage":"hu","potentialAction":[{"@type":"ReadAction","target":["http:\/\/staging.leboxi.eu\/hu\/termekek\/dekanter-keszlet-premium\/"]}]},{"@type":"ImageObject","inLanguage":"hu","@id":"http:\/\/staging.leboxi.eu\/hu\/termekek\/dekanter-keszlet-premium\/#primaryimage","url":"http:\/\/staging.leboxi.eu\/wp-content\/uploads\/2022\/08\/dekanter-set.jpg","contentUrl":"http:\/\/staging.leboxi.eu\/wp-content\/uploads\/2022\/08\/dekanter-set.jpg","width":1000,"height":1000},{"@type":"BreadcrumbList","@id":"http:\/\/staging.leboxi.eu\/hu\/termekek\/dekanter-keszlet-premium\/#breadcrumb","itemListElement":[{"@type":"ListItem","position":1,"name":"Doma","item":"http:\/\/staging.leboxi.eu\/hu\/"},{"@type":"ListItem","position":2,"name":"\u00fczlet","item":"http:\/\/staging.leboxi.eu\/hu\/uzlet\/"},{"@type":"ListItem","position":3,"name":"Dekanter k\u00e9szlet \u2013 PR\u00c9MIUM"}]},{"@type":"WebSite","@id":"http:\/\/staging.leboxi.eu\/hu\/#website","url":"http:\/\/staging.leboxi.eu\/hu\/","name":"Le Boxi | Unikatna darila za vsakogar","description":"Unikatna darila in darilne \u0161katle za vse prilo\u017enosti.","publisher":{"@id":"http:\/\/staging.leboxi.eu\/hu\/#organization"},"potentialAction":[{"@type":"SearchAction","target":{"@type":"EntryPoint","urlTemplate":"http:\/\/staging.leboxi.eu\/hu\/?s={search_term_string}"},"query-input":{"@type":"PropertyValueSpecification","valueRequired":true,"valueName":"search_term_string"}}],"inLanguage":"hu"},{"@type":"Organization","@id":"http:\/\/staging.leboxi.eu\/hu\/#organization","name":"LE BOXI","url":"http:\/\/staging.leboxi.eu\/hu\/","logo":{"@type":"ImageObject","inLanguage":"hu","@id":"http:\/\/staging.leboxi.eu\/hu\/#\/schema\/logo\/image\/","url":"http:\/\/staging.leboxi.eu\/wp-content\/uploads\/2021\/02\/LeBoxi-manjsi-png.png","contentUrl":"http:\/\/staging.leboxi.eu\/wp-content\/uploads\/2021\/02\/LeBoxi-manjsi-png.png","width":389,"height":164,"caption":"LE BOXI"},"image":{"@id":"http:\/\/staging.leboxi.eu\/hu\/#\/schema\/logo\/image\/"},"sameAs":["https:\/\/www.facebook.com\/leboxi.eu","https:\/\/www.instagram.com\/le.boxi\/"]}]}},"_links":{"self":[{"href":"http:\/\/staging.leboxi.eu\/hu\/wp-json\/wp\/v2\/product\/19908","targetHints":{"allow":["GET"]}}],"collection":[{"href":"http:\/\/staging.leboxi.eu\/hu\/wp-json\/wp\/v2\/product"}],"about":[{"href":"http:\/\/staging.leboxi.eu\/hu\/wp-json\/wp\/v2\/types\/product"}],"replies":[{"embeddable":true,"href":"http:\/\/staging.leboxi.eu\/hu\/wp-json\/wp\/v2\/comments?post=19908"}],"version-history":[{"count":1,"href":"http:\/\/staging.leboxi.eu\/hu\/wp-json\/wp\/v2\/product\/19908\/revisions"}],"predecessor-version":[{"id":24015,"href":"http:\/\/staging.leboxi.eu\/hu\/wp-json\/wp\/v2\/product\/19908\/revisions\/24015"}],"wp:featuredmedia":[{"embeddable":true,"href":"http:\/\/staging.leboxi.eu\/hu\/wp-json\/wp\/v2\/media\/19909"}],"wp:attachment":[{"href":"http:\/\/staging.leboxi.eu\/hu\/wp-json\/wp\/v2\/media?parent=19908"}],"wp:term":[{"taxonomy":"product_brand","embeddable":true,"href":"http:\/\/staging.leboxi.eu\/hu\/wp-json\/wp\/v2\/product_brand?post=19908"},{"taxonomy":"product_cat","embeddable":true,"href":"http:\/\/staging.leboxi.eu\/hu\/wp-json\/wp\/v2\/product_cat?post=19908"},{"taxonomy":"product_tag","embeddable":true,"href":"http:\/\/staging.leboxi.eu\/hu\/wp-json\/wp\/v2\/product_tag?post=19908"}],"curies":[{"name":"wp","href":"https:\/\/api.w.org\/{rel}","templated":true}]}}