{"id":19894,"date":"2022-08-20T15:15:15","date_gmt":"2024-09-03T19:09:58","guid":{"rendered":"http:\/\/staging.leboxi.eu\/izdelki\/ivos-rulett\/"},"modified":"2025-03-22T20:42:20","modified_gmt":"2025-03-22T19:42:20","slug":"ivos-rulett","status":"publish","type":"product","link":"http:\/\/staging.leboxi.eu\/hu\/termekek\/ivos-rulett\/","title":{"rendered":"Iv\u00f3s rulett"},"content":{"rendered":"<p>Az iv\u00f3s rulett egy nagyszer\u0171 sz\u00fclet\u00e9snapi aj\u00e1nd\u00e9k. A j\u00e1t\u00e9k minden buli mozgat\u00f3erej\u00e9v\u00e9 v\u00e1lik.<\/p>\n<p>M\u00e9retek: 29 x 5 29 cm<\/p>\n<p>Anyag: kem\u00e9ny m\u0171anyag \u00e9s \u00fcveg<\/p>\n<p>&nbsp;<\/p>\n<p>Ha szeretn\u00e9, az aj\u00e1nd\u00e9kot mi k\u00e9zbes\u00edtj\u00fck a c\u00edmzettnek, de term\u00e9szetesen nem mell\u00e9kelj\u00fck a sz\u00e1ml\u00e1t a k\u00e9zbes\u00edt\u00e9skor. A sz\u00e1ml\u00e1t \u00f6nnek adjuk \u00e1t.<\/p>\n<p>&nbsp;<\/p>\n<p>&nbsp;<\/p>\n","protected":false},"excerpt":{"rendered":"<p>Ez az iv\u00f3s rulett elengedhetetlen kell\u00e9k minden j\u00f3 bulihoz! A j\u00e1t\u00e9khoz nincs sz\u00fcks\u00e9g tud\u00e1sra, csak szerencs\u00e9re. K\u00f6nnyen hordozhat\u00f3, \u00edgy otthon \u00e9s nyaral\u00e1s k\u00f6zben is sz\u00f3rakozhat vele. \u00d6ntse a kedvenc ital\u00e1t a feles poharakba, \u00e9s kezd\u0151dj\u00f6n a m\u00f3ka.<\/p>\n<p>A term\u00e9k tartalma:<\/p>\n<ul>\n<li>16 poh\u00e1r \u00e9s k\u00e9t goly\u00f3\n<\/li>\n<li>Rulett ker\u00e9k (30 cm \u00e1tm\u00e9r\u0151j\u0171)\n<\/li>\n<\/ul>\n<p>Ha szeretn\u00e9, az aj\u00e1nd\u00e9k\u00e1t mi k\u00e9zbes\u00edtj\u00fck a c\u00edmzettnek, de a sz\u00e1ml\u00e1t term\u00e9szetesen nem mell\u00e9kelj\u00fck a sz\u00e1ll\u00edt\u00e1skor. A sz\u00e1ml\u00e1t \u00f6nnek adjuk \u00e1t.<\/p>\n<p>&nbsp;<\/p>\n","protected":false},"featured_media":19895,"comment_status":"open","ping_status":"closed","template":"","meta":{"site-sidebar-layout":"default","site-content-layout":"default","ast-site-content-layout":"default","site-content-style":"default","site-sidebar-style":"default","ast-global-header-display":"","ast-banner-title-visibility":"","ast-main-header-display":"","ast-hfb-above-header-display":"","ast-hfb-below-header-display":"","ast-hfb-mobile-header-display":"","site-post-title":"","ast-breadcrumbs-content":"","ast-featured-img":"","footer-sml-layout":"","theme-transparent-header-meta":"default","adv-header-id-meta":"","stick-header-meta":"","header-above-stick-meta":"","header-main-stick-meta":"","header-below-stick-meta":"","astra-migrate-meta-layouts":"default","ast-page-background-enabled":"default","ast-page-background-meta":{"desktop":{"background-color":"","background-image":"","background-repeat":"repeat","background-position":"center center","background-size":"auto","background-attachment":"scroll","background-type":"","background-media":"","overlay-type":"","overlay-color":"","overlay-opacity":"","overlay-gradient":""},"tablet":{"background-color":"","background-image":"","background-repeat":"repeat","background-position":"center center","background-size":"auto","background-attachment":"scroll","background-type":"","background-media":"","overlay-type":"","overlay-color":"","overlay-opacity":"","overlay-gradient":""},"mobile":{"background-color":"","background-image":"","background-repeat":"repeat","background-position":"center center","background-size":"auto","background-attachment":"scroll","background-type":"","background-media":"","overlay-type":"","overlay-color":"","overlay-opacity":"","overlay-gradient":""}},"ast-content-background-meta":{"desktop":{"background-color":"var(--ast-global-color-5)","background-image":"","background-repeat":"repeat","background-position":"center center","background-size":"auto","background-attachment":"scroll","background-type":"","background-media":"","overlay-type":"","overlay-color":"","overlay-opacity":"","overlay-gradient":""},"tablet":{"background-color":"var(--ast-global-color-5)","background-image":"","background-repeat":"repeat","background-position":"center center","background-size":"auto","background-attachment":"scroll","background-type":"","background-media":"","overlay-type":"","overlay-color":"","overlay-opacity":"","overlay-gradient":""},"mobile":{"background-color":"var(--ast-global-color-5)","background-image":"","background-repeat":"repeat","background-position":"center center","background-size":"auto","background-attachment":"scroll","background-type":"","background-media":"","overlay-type":"","overlay-color":"","overlay-opacity":"","overlay-gradient":""}}},"product_brand":[],"product_cat":[333,388,328,327,389,390,359,329,326,367,330,335,339,332,331,334,372,373],"product_tag":[],"class_list":{"0":"post-19894","1":"product","2":"type-product","3":"status-publish","4":"has-post-thumbnail","6":"product_cat-szuletesnapi-ajandekok-ferfiaknak","7":"product_cat-ajandekok-baratnonek","8":"product_cat-ajandekok-ferfi-partnernek","9":"product_cat-ajandekok-ferfiaknak","10":"product_cat-ajandekok-noi-partnernek","11":"product_cat-ajandekok-noknek","12":"product_cat-akcio","13":"product_cat-alkalmak","14":"product_cat-ferfi","15":"product_cat-illetlen","16":"product_cat-karacsonyi-ajandekok","17":"product_cat-karacsonyi-ajandekok-ferfiaknak","18":"product_cat-nok","19":"product_cat-szuletesnapi-ajandekok-hu","20":"product_cat-valentin-napi-ajandekok","21":"product_cat-valentin-napi-ajandekok-ferfiaknak","22":"product_cat-vicces-ajandekok","23":"product_cat-vicces-karacsonyi-ajandekok","24":"desktop-align-left","25":"tablet-align-left","26":"mobile-align-left","28":"first","29":"instock","30":"sale","31":"taxable","32":"shipping-taxable","33":"purchasable","34":"product-type-simple"},"yoast_head":"<!-- This site is optimized with the Yoast SEO plugin v25.2 - https:\/\/yoast.com\/wordpress\/plugins\/seo\/ -->\n<title>Iv\u00f3s rulett | Le Boxi<\/title>\n<meta name=\"description\" content=\"Ez az iv\u00f3s rulett elengedhetetlen kell\u00e9k minden j\u00f3 bulihoz! A j\u00e1t\u00e9khoz nincs sz\u00fcks\u00e9g tud\u00e1sra, csak szerencs\u00e9re.\" \/>\n<meta name=\"robots\" content=\"index, follow, max-snippet:-1, max-image-preview:large, max-video-preview:-1\" \/>\n<link rel=\"canonical\" href=\"http:\/\/staging.leboxi.eu\/hu\/termekek\/ivos-rulett\/\" \/>\n<meta property=\"og:locale\" content=\"hu_HU\" \/>\n<meta property=\"og:type\" content=\"article\" \/>\n<meta property=\"og:title\" content=\"Iv\u00f3s rulett | Le Boxi\" \/>\n<meta property=\"og:description\" content=\"Ez az iv\u00f3s rulett elengedhetetlen kell\u00e9k minden j\u00f3 bulihoz! A j\u00e1t\u00e9khoz nincs sz\u00fcks\u00e9g tud\u00e1sra, csak szerencs\u00e9re.\" \/>\n<meta property=\"og:url\" content=\"http:\/\/staging.leboxi.eu\/hu\/termekek\/ivos-rulett\/\" \/>\n<meta property=\"og:site_name\" content=\"Le Boxi | Unikatna darila za vsakogar\" \/>\n<meta property=\"article:publisher\" content=\"https:\/\/www.facebook.com\/leboxi.eu\" \/>\n<meta property=\"article:modified_time\" content=\"2025-03-22T19:42:20+00:00\" \/>\n<meta property=\"og:image\" content=\"http:\/\/staging.leboxi.eu\/wp-content\/uploads\/2022\/08\/Pivska-ruleta-2.jpg\" \/>\n\t<meta property=\"og:image:width\" content=\"1000\" \/>\n\t<meta property=\"og:image:height\" content=\"1000\" \/>\n\t<meta property=\"og:image:type\" content=\"image\/jpeg\" \/>\n<meta name=\"twitter:card\" content=\"summary_large_image\" \/>\n<script type=\"application\/ld+json\" class=\"yoast-schema-graph\">{\"@context\":\"https:\/\/schema.org\",\"@graph\":[{\"@type\":\"WebPage\",\"@id\":\"http:\/\/staging.leboxi.eu\/hu\/termekek\/ivos-rulett\/\",\"url\":\"http:\/\/staging.leboxi.eu\/hu\/termekek\/ivos-rulett\/\",\"name\":\"Iv\u00f3s rulett | Le Boxi\",\"isPartOf\":{\"@id\":\"http:\/\/staging.leboxi.eu\/hu\/#website\"},\"primaryImageOfPage\":{\"@id\":\"http:\/\/staging.leboxi.eu\/hu\/termekek\/ivos-rulett\/#primaryimage\"},\"image\":{\"@id\":\"http:\/\/staging.leboxi.eu\/hu\/termekek\/ivos-rulett\/#primaryimage\"},\"thumbnailUrl\":\"http:\/\/staging.leboxi.eu\/wp-content\/uploads\/2022\/08\/Pivska-ruleta-2.jpg\",\"datePublished\":\"2024-09-03T19:09:58+00:00\",\"dateModified\":\"2025-03-22T19:42:20+00:00\",\"description\":\"Ez az iv\u00f3s rulett elengedhetetlen kell\u00e9k minden j\u00f3 bulihoz! A j\u00e1t\u00e9khoz nincs sz\u00fcks\u00e9g tud\u00e1sra, csak szerencs\u00e9re.\",\"breadcrumb\":{\"@id\":\"http:\/\/staging.leboxi.eu\/hu\/termekek\/ivos-rulett\/#breadcrumb\"},\"inLanguage\":\"hu\",\"potentialAction\":[{\"@type\":\"ReadAction\",\"target\":[\"http:\/\/staging.leboxi.eu\/hu\/termekek\/ivos-rulett\/\"]}]},{\"@type\":\"ImageObject\",\"inLanguage\":\"hu\",\"@id\":\"http:\/\/staging.leboxi.eu\/hu\/termekek\/ivos-rulett\/#primaryimage\",\"url\":\"http:\/\/staging.leboxi.eu\/wp-content\/uploads\/2022\/08\/Pivska-ruleta-2.jpg\",\"contentUrl\":\"http:\/\/staging.leboxi.eu\/wp-content\/uploads\/2022\/08\/Pivska-ruleta-2.jpg\",\"width\":1000,\"height\":1000},{\"@type\":\"BreadcrumbList\",\"@id\":\"http:\/\/staging.leboxi.eu\/hu\/termekek\/ivos-rulett\/#breadcrumb\",\"itemListElement\":[{\"@type\":\"ListItem\",\"position\":1,\"name\":\"Doma\",\"item\":\"http:\/\/staging.leboxi.eu\/hu\/\"},{\"@type\":\"ListItem\",\"position\":2,\"name\":\"\u00fczlet\",\"item\":\"http:\/\/staging.leboxi.eu\/hu\/uzlet\/\"},{\"@type\":\"ListItem\",\"position\":3,\"name\":\"Iv\u00f3s rulett\"}]},{\"@type\":\"WebSite\",\"@id\":\"http:\/\/staging.leboxi.eu\/hu\/#website\",\"url\":\"http:\/\/staging.leboxi.eu\/hu\/\",\"name\":\"Le Boxi | Unikatna darila za vsakogar\",\"description\":\"Unikatna darila in darilne \u0161katle za vse prilo\u017enosti.\",\"publisher\":{\"@id\":\"http:\/\/staging.leboxi.eu\/hu\/#organization\"},\"potentialAction\":[{\"@type\":\"SearchAction\",\"target\":{\"@type\":\"EntryPoint\",\"urlTemplate\":\"http:\/\/staging.leboxi.eu\/hu\/?s={search_term_string}\"},\"query-input\":{\"@type\":\"PropertyValueSpecification\",\"valueRequired\":true,\"valueName\":\"search_term_string\"}}],\"inLanguage\":\"hu\"},{\"@type\":\"Organization\",\"@id\":\"http:\/\/staging.leboxi.eu\/hu\/#organization\",\"name\":\"LE BOXI\",\"url\":\"http:\/\/staging.leboxi.eu\/hu\/\",\"logo\":{\"@type\":\"ImageObject\",\"inLanguage\":\"hu\",\"@id\":\"http:\/\/staging.leboxi.eu\/hu\/#\/schema\/logo\/image\/\",\"url\":\"http:\/\/staging.leboxi.eu\/wp-content\/uploads\/2021\/02\/LeBoxi-manjsi-png.png\",\"contentUrl\":\"http:\/\/staging.leboxi.eu\/wp-content\/uploads\/2021\/02\/LeBoxi-manjsi-png.png\",\"width\":389,\"height\":164,\"caption\":\"LE BOXI\"},\"image\":{\"@id\":\"http:\/\/staging.leboxi.eu\/hu\/#\/schema\/logo\/image\/\"},\"sameAs\":[\"https:\/\/www.facebook.com\/leboxi.eu\",\"https:\/\/www.instagram.com\/le.boxi\/\"]}]}<\/script>\n<!-- \/ Yoast SEO plugin. -->","yoast_head_json":{"title":"Iv\u00f3s rulett | Le Boxi","description":"Ez az iv\u00f3s rulett elengedhetetlen kell\u00e9k minden j\u00f3 bulihoz! A j\u00e1t\u00e9khoz nincs sz\u00fcks\u00e9g tud\u00e1sra, csak szerencs\u00e9re.","robots":{"index":"index","follow":"follow","max-snippet":"max-snippet:-1","max-image-preview":"max-image-preview:large","max-video-preview":"max-video-preview:-1"},"canonical":"http:\/\/staging.leboxi.eu\/hu\/termekek\/ivos-rulett\/","og_locale":"hu_HU","og_type":"article","og_title":"Iv\u00f3s rulett | Le Boxi","og_description":"Ez az iv\u00f3s rulett elengedhetetlen kell\u00e9k minden j\u00f3 bulihoz! A j\u00e1t\u00e9khoz nincs sz\u00fcks\u00e9g tud\u00e1sra, csak szerencs\u00e9re.","og_url":"http:\/\/staging.leboxi.eu\/hu\/termekek\/ivos-rulett\/","og_site_name":"Le Boxi | Unikatna darila za vsakogar","article_publisher":"https:\/\/www.facebook.com\/leboxi.eu","article_modified_time":"2025-03-22T19:42:20+00:00","og_image":[{"width":1000,"height":1000,"url":"http:\/\/staging.leboxi.eu\/wp-content\/uploads\/2022\/08\/Pivska-ruleta-2.jpg","type":"image\/jpeg"}],"twitter_card":"summary_large_image","schema":{"@context":"https:\/\/schema.org","@graph":[{"@type":"WebPage","@id":"http:\/\/staging.leboxi.eu\/hu\/termekek\/ivos-rulett\/","url":"http:\/\/staging.leboxi.eu\/hu\/termekek\/ivos-rulett\/","name":"Iv\u00f3s rulett | Le Boxi","isPartOf":{"@id":"http:\/\/staging.leboxi.eu\/hu\/#website"},"primaryImageOfPage":{"@id":"http:\/\/staging.leboxi.eu\/hu\/termekek\/ivos-rulett\/#primaryimage"},"image":{"@id":"http:\/\/staging.leboxi.eu\/hu\/termekek\/ivos-rulett\/#primaryimage"},"thumbnailUrl":"http:\/\/staging.leboxi.eu\/wp-content\/uploads\/2022\/08\/Pivska-ruleta-2.jpg","datePublished":"2024-09-03T19:09:58+00:00","dateModified":"2025-03-22T19:42:20+00:00","description":"Ez az iv\u00f3s rulett elengedhetetlen kell\u00e9k minden j\u00f3 bulihoz! A j\u00e1t\u00e9khoz nincs sz\u00fcks\u00e9g tud\u00e1sra, csak szerencs\u00e9re.","breadcrumb":{"@id":"http:\/\/staging.leboxi.eu\/hu\/termekek\/ivos-rulett\/#breadcrumb"},"inLanguage":"hu","potentialAction":[{"@type":"ReadAction","target":["http:\/\/staging.leboxi.eu\/hu\/termekek\/ivos-rulett\/"]}]},{"@type":"ImageObject","inLanguage":"hu","@id":"http:\/\/staging.leboxi.eu\/hu\/termekek\/ivos-rulett\/#primaryimage","url":"http:\/\/staging.leboxi.eu\/wp-content\/uploads\/2022\/08\/Pivska-ruleta-2.jpg","contentUrl":"http:\/\/staging.leboxi.eu\/wp-content\/uploads\/2022\/08\/Pivska-ruleta-2.jpg","width":1000,"height":1000},{"@type":"BreadcrumbList","@id":"http:\/\/staging.leboxi.eu\/hu\/termekek\/ivos-rulett\/#breadcrumb","itemListElement":[{"@type":"ListItem","position":1,"name":"Doma","item":"http:\/\/staging.leboxi.eu\/hu\/"},{"@type":"ListItem","position":2,"name":"\u00fczlet","item":"http:\/\/staging.leboxi.eu\/hu\/uzlet\/"},{"@type":"ListItem","position":3,"name":"Iv\u00f3s rulett"}]},{"@type":"WebSite","@id":"http:\/\/staging.leboxi.eu\/hu\/#website","url":"http:\/\/staging.leboxi.eu\/hu\/","name":"Le Boxi | Unikatna darila za vsakogar","description":"Unikatna darila in darilne \u0161katle za vse prilo\u017enosti.","publisher":{"@id":"http:\/\/staging.leboxi.eu\/hu\/#organization"},"potentialAction":[{"@type":"SearchAction","target":{"@type":"EntryPoint","urlTemplate":"http:\/\/staging.leboxi.eu\/hu\/?s={search_term_string}"},"query-input":{"@type":"PropertyValueSpecification","valueRequired":true,"valueName":"search_term_string"}}],"inLanguage":"hu"},{"@type":"Organization","@id":"http:\/\/staging.leboxi.eu\/hu\/#organization","name":"LE BOXI","url":"http:\/\/staging.leboxi.eu\/hu\/","logo":{"@type":"ImageObject","inLanguage":"hu","@id":"http:\/\/staging.leboxi.eu\/hu\/#\/schema\/logo\/image\/","url":"http:\/\/staging.leboxi.eu\/wp-content\/uploads\/2021\/02\/LeBoxi-manjsi-png.png","contentUrl":"http:\/\/staging.leboxi.eu\/wp-content\/uploads\/2021\/02\/LeBoxi-manjsi-png.png","width":389,"height":164,"caption":"LE BOXI"},"image":{"@id":"http:\/\/staging.leboxi.eu\/hu\/#\/schema\/logo\/image\/"},"sameAs":["https:\/\/www.facebook.com\/leboxi.eu","https:\/\/www.instagram.com\/le.boxi\/"]}]}},"_links":{"self":[{"href":"http:\/\/staging.leboxi.eu\/hu\/wp-json\/wp\/v2\/product\/19894","targetHints":{"allow":["GET"]}}],"collection":[{"href":"http:\/\/staging.leboxi.eu\/hu\/wp-json\/wp\/v2\/product"}],"about":[{"href":"http:\/\/staging.leboxi.eu\/hu\/wp-json\/wp\/v2\/types\/product"}],"replies":[{"embeddable":true,"href":"http:\/\/staging.leboxi.eu\/hu\/wp-json\/wp\/v2\/comments?post=19894"}],"version-history":[{"count":1,"href":"http:\/\/staging.leboxi.eu\/hu\/wp-json\/wp\/v2\/product\/19894\/revisions"}],"predecessor-version":[{"id":24013,"href":"http:\/\/staging.leboxi.eu\/hu\/wp-json\/wp\/v2\/product\/19894\/revisions\/24013"}],"wp:featuredmedia":[{"embeddable":true,"href":"http:\/\/staging.leboxi.eu\/hu\/wp-json\/wp\/v2\/media\/19895"}],"wp:attachment":[{"href":"http:\/\/staging.leboxi.eu\/hu\/wp-json\/wp\/v2\/media?parent=19894"}],"wp:term":[{"taxonomy":"product_brand","embeddable":true,"href":"http:\/\/staging.leboxi.eu\/hu\/wp-json\/wp\/v2\/product_brand?post=19894"},{"taxonomy":"product_cat","embeddable":true,"href":"http:\/\/staging.leboxi.eu\/hu\/wp-json\/wp\/v2\/product_cat?post=19894"},{"taxonomy":"product_tag","embeddable":true,"href":"http:\/\/staging.leboxi.eu\/hu\/wp-json\/wp\/v2\/product_tag?post=19894"}],"curies":[{"name":"wp","href":"https:\/\/api.w.org\/{rel}","templated":true}]}}