{"id":24087,"date":"2025-02-23T16:48:06","date_gmt":"2025-02-23T15:48:06","guid":{"rendered":"http:\/\/staging.leboxi.eu\/kiszallitas-es-fizetes\/"},"modified":"2025-02-23T16:48:07","modified_gmt":"2025-02-23T15:48:07","slug":"kiszallitas-es-fizetes","status":"publish","type":"page","link":"http:\/\/staging.leboxi.eu\/hu\/kiszallitas-es-fizetes\/","title":{"rendered":"Kisz\u00e1ll\u00edt\u00e1s \u00e9s fizet\u00e9s"},"content":{"rendered":"\t\t<div data-elementor-type=\"wp-page\" data-elementor-id=\"24087\" class=\"elementor elementor-24087 elementor-1965\" data-elementor-post-type=\"page\">\n\t\t\t\t\t\t<section class=\"elementor-section elementor-top-section elementor-element elementor-element-cbff03f elementor-section-boxed elementor-section-height-default elementor-section-height-default\" data-id=\"cbff03f\" data-element_type=\"section\" data-settings=\"{&quot;background_background&quot;:&quot;classic&quot;}\">\n\t\t\t\t\t\t<div class=\"elementor-container elementor-column-gap-default\">\n\t\t\t\t\t<div class=\"elementor-column elementor-col-100 elementor-top-column elementor-element elementor-element-a04f73e\" data-id=\"a04f73e\" data-element_type=\"column\">\n\t\t\t<div class=\"elementor-widget-wrap elementor-element-populated\">\n\t\t\t\t\t\t<div class=\"elementor-element elementor-element-dec0636 elementor-widget elementor-widget-text-editor\" data-id=\"dec0636\" data-element_type=\"widget\" data-widget_type=\"text-editor.default\">\n\t\t\t\t<div class=\"elementor-widget-container\">\n\t\t\t\t\t\t\t\t\t<p>Kisz\u00e1ll\u00edt\u00e1s \u00e9s fizet\u00e9s<\/p>\n\t\t\t\t\t\t\t\t<\/div>\n\t\t\t\t<\/div>\n\t\t\t\t\t<\/div>\n\t\t<\/div>\n\t\t\t\t\t<\/div>\n\t\t<\/section>\n\t\t\t\t<section class=\"elementor-section elementor-top-section elementor-element elementor-element-ef3ba09 elementor-section-boxed elementor-section-height-default elementor-section-height-default\" data-id=\"ef3ba09\" data-element_type=\"section\">\n\t\t\t\t\t\t<div class=\"elementor-container elementor-column-gap-default\">\n\t\t\t\t\t<div class=\"elementor-column elementor-col-100 elementor-top-column elementor-element elementor-element-524a540\" data-id=\"524a540\" data-element_type=\"column\">\n\t\t\t<div class=\"elementor-widget-wrap elementor-element-populated\">\n\t\t\t\t\t\t<div class=\"elementor-element elementor-element-39548f0 elementor-widget elementor-widget-text-editor\" data-id=\"39548f0\" data-element_type=\"widget\" data-widget_type=\"text-editor.default\">\n\t\t\t\t<div class=\"elementor-widget-container\">\n\t\t\t\t\t\t\t\t\t<p><strong>Sz\u00e1ll\u00edt\u00e1s Szlov\u00e9ni\u00e1n bel\u00fcl<\/strong><\/p>\n<p>A GLS fut\u00e1rszolg\u00e1lattal t\u00f6rt\u00e9n\u0151 sz\u00e1ll\u00edt\u00e1s d\u00edja<strong> 4,5 EUR <\/strong>(50 EUR felett a sz\u00e1ll\u00edt\u00e1si d\u00edj ingyenes ingyenes), <strong>ut\u00e1nv\u00e9t<\/strong> v\u00e1laszt\u00e1sa eset\u00e9n tov\u00e1bbi <strong>1,7 EUR <\/strong><strong>kezel\u00e9si d\u00edjat sz\u00e1m\u00edtunk fel<\/strong>. A sz\u00e1ll\u00edt\u00e1si k\u00f6lts\u00e9gek a vev\u0151t terhelik, \u00e9s szerepelnek a megrendel\u00e9sen \u00e9s a ki\u00e1ll\u00edtott sz\u00e1ml\u00e1n. A sz\u00e1ll\u00edt\u00e1si k\u00f6lts\u00e9geket a megrendel\u00e9s \u00f6sszeg\u00e9vel egy\u00fctt tudja kifizetni.<\/p>\n<p>Ha a t\u00e9telek k\u00e9szleten vannak, azokat legk\u00e9s\u0151bb k\u00e9t (2) munkanapon bel\u00fcl el kell k\u00fcldeni a d\u00edjbek\u00e9r\u0151 (proforma sz\u00e1mla) kifizet\u00e9s\u00e9nek napj\u00e1t\u00f3l, a Paypalon kereszt\u00fcl t\u00f6rt\u00e9n\u0151 fizet\u00e9s napj\u00e1t\u00f3l vagy a megrendel\u00e9s beny\u00fajt\u00e1s\u00e1t\u00f3l ut\u00e1nv\u00e9tes fizet\u00e9s vagy k\u00e1rty\u00e1val t\u00f6rt\u00e9n\u0151 fizet\u00e9s eset\u00e9n. A szem\u00e9lyre szabott t\u00e9teleket legk\u00e9s\u0151bb a proforma sz\u00e1mla kifizet\u00e9s\u00e9t\u0151l vagy a Paypalon kereszt\u00fcl t\u00f6rt\u00e9n\u0151 fizet\u00e9s napj\u00e1t\u00f3l sz\u00e1m\u00edtott \u00f6t (5) munkanapon bel\u00fcl, illetve ut\u00e1nv\u00e9tes fizet\u00e9s vagy bankk\u00e1rty\u00e1s fizet\u00e9s eset\u00e9n a megrendel\u00e9s beny\u00fajt\u00e1s\u00e1t\u00f3l sz\u00e1m\u00edtott \u00f6t (5) munkanapon bel\u00fcl kell elk\u00fcldeni.<\/p>\n<p><strong>A k\u00e9szleten l\u00e9v\u0151 term\u00e9kek sz\u00e1ll\u00edt\u00e1si ideje\u00a0Szlov\u00e9ni\u00e1ban \u00e1ltal\u00e1ban 2-5\u00a0munkanap.<\/strong> Abban az esetben, ha a term\u00e9k nincs rakt\u00e1ron, a teljes megrendel\u00e9s sz\u00e1ll\u00edt\u00e1si ideje meghosszabbodik. Abban az esetben, ha a megrendel\u00e9st k\u00e9t k\u00fcl\u00f6n\u00e1ll\u00f3 sz\u00e1ll\u00edtm\u00e1nyban szeretn\u00e9 megkapni, tov\u00e1bbi 4,50 EUR sz\u00e1ll\u00edt\u00e1si d\u00edjat sz\u00e1m\u00edtunk fel, illetve tov\u00e1bbi 1,7 EUR kezel\u00e9si d\u00edjat ut\u00e1nv\u00e9tes fizet\u00e9s eset\u00e9n.<\/p>\n<p>\u00a0<\/p>\n<p><strong>Sz\u00e1ll\u00edt\u00e1s k\u00fclf\u00f6ldre<\/strong><\/p>\n<p>Ha az \u00e1ruk k\u00e9szleten vannak, azokat legk\u00e9s\u0151bb a Paypalon vagy a bankk\u00e1rty\u00e1kon kereszt\u00fcl t\u00f6rt\u00e9n\u0151 fizet\u00e9s napj\u00e1t\u00f3l sz\u00e1m\u00edtott k\u00e9t (2) munkanapon bel\u00fcl el kell k\u00fcldeni.\u00a0Abban az esetben, ha a term\u00e9k nem beszerezhet\u0151, a sz\u00e1ll\u00edt\u00e1si hat\u00e1rid\u0151 meghosszabbodik, amelyr\u0151l a szolg\u00e1ltat\u00f3 k\u00e9t (2) munkanapon bel\u00fcl t\u00e1j\u00e9koztatja a felhaszn\u00e1l\u00f3t. A szem\u00e9lyre szabott t\u00e9teleket legk\u00e9s\u0151bb a proforma sz\u00e1mla kifizet\u00e9s\u00e9t\u0151l vagy a Paypalon kereszt\u00fcl t\u00f6rt\u00e9n\u0151 fizet\u00e9s napj\u00e1t\u00f3l sz\u00e1m\u00edtott \u00f6t (5) munkanapon bel\u00fcl, illetve ut\u00e1nv\u00e9tes fizet\u00e9s vagy bankk\u00e1rty\u00e1s fizet\u00e9s eset\u00e9n a megrendel\u00e9s beny\u00fajt\u00e1s\u00e1t\u00f3l sz\u00e1m\u00edtott \u00f6t (5) munkanapon bel\u00fcl kell elk\u00fcldeni.<\/p>\n<p>A k\u00e9szleten l\u00e9v\u0151 term\u00e9kek nemzetk\u00f6zi sz\u00e1ll\u00edt\u00e1si ideje \u00e1ltal\u00e1ban 2-10 munkanap.\u00a0Abban az esetben, ha a term\u00e9k nincs k\u00e9szleten, err\u0151l t\u00e1j\u00e9koztatni kell a vev\u0151t. Abban az esetben, ha a rendel\u00e9st k\u00e9t k\u00fcl\u00f6n csomagban szeretn\u00e9 megkapni, tov\u00e1bbi sz\u00e1ll\u00edt\u00e1si d\u00edjat sz\u00e1m\u00edtunk fel.<\/p>\n<p>A sz\u00e1ll\u00edt\u00e1si id\u0151 hosszabb lehet a v\u00e1migazgat\u00e1ssal rendelkez\u0151 orsz\u00e1gokban.<\/p>\n<table>\n<tbody>\n<tr>\n<td width=\"227\">\n<p><strong>Orsz\u00e1g<\/strong><\/p>\n<\/td>\n<td width=\"142\">\n<p><strong>Sz\u00e1ll\u00edt\u00e1si d\u00edj<\/strong><\/p>\n<\/td>\n<\/tr>\n<tr>\n<td width=\"227\">\n<p>Ausztria<\/p>\n<\/td>\n<td width=\"142\">\n<p>15 EUR<\/p>\n<\/td>\n<\/tr>\n<tr>\n<td width=\"227\">\n<p>Horv\u00e1torsz\u00e1g<\/p>\n<\/td>\n<td width=\"142\">\n<p>4,9 EUR<\/p>\n<\/td>\n<\/tr>\n<tr>\n<td width=\"227\">\n<p>Olaszorsz\u00e1g<\/p>\n<\/td>\n<td width=\"142\">\n<p>10 EUR<\/p>\n<\/td>\n<\/tr>\n<\/tbody>\n<\/table>\n<p><strong>Fizet\u00e9si m\u00f3d<\/strong><\/p>\n<p>A web\u00e1ruh\u00e1zban a k\u00f6vetkez\u0151 fizet\u00e9si m\u00f3dok k\u00f6z\u00fcl v\u00e1laszthat:<\/p>\n<p>*Nem vonatkozik a nemzetk\u00f6zi v\u00e1s\u00e1rl\u00e1sokra.<\/p>\n<p>A Le Boxi (Pabicom d.o.o.) c\u00e9g fenntartja a jogot, hogy magasabb rendel\u00e9si \u00e9rt\u00e9k eset\u00e9n megk\u00f6vetelje a vev\u0151t\u0151l az \u00e1ru sz\u00e1ll\u00edt\u00e1s el\u0151tti kifizet\u00e9s\u00e9t.<\/p>\n<p><strong>Ut\u00e1nv\u00e9tes fizet\u00e9s<\/strong><\/p>\n<p>k\u00e9szp\u00e9nzzel vagy k\u00e1rty\u00e1val a csomag \u00e1tv\u00e9telekor (tov\u00e1bbi 1,7 EUR d\u00edjat sz\u00e1m\u00edtunk fel ut\u00e1nv\u00e9tes fizet\u00e9sn\u00e9l).<\/p>\n<p>\u00a0<\/p>\n<p><strong>El\u0151reutal\u00e1sos fizet\u00e9s<\/strong><\/p>\n<p>(e-mailben fog kapni d\u00edjbek\u00e9r\u0151s sz\u00e1ml\u00e1t), a d\u00edjbek\u00e9r\u0151 fizet\u00e9si hat\u00e1rideje \u00f6t (5) nap. A fizet\u00e9si hat\u00e1rid\u0151 lej\u00e1rta ut\u00e1n a szolg\u00e1ltat\u00f3 m\u00e1r nem garant\u00e1lja a megrendelt term\u00e9kek rezerv\u00e1l\u00e1s\u00e1t.<\/p>\n<p><strong>Pabicom d.o.o., Ulica Vinka Vodopivca 2, 5000 Nova Gorica<\/strong><\/p>\n<p><strong>IBAN: SI56 6100 0002 8870 845\u00a0 \u00a0 BIC: HDELSI22\u00a0 \u00a0\u00a0Delavska hranilnica d.d.<\/strong><\/p>\n<p><strong>\u00a0<\/strong><\/p>\n<p><strong>Bankk\u00e1rty\u00e1s fizet\u00e9s<\/strong><\/p>\n<p>a Stripe fizet\u00e9si rendszeren kereszt\u00fcl.<\/p>\n<p>A k\u00e1rtyaadatok nem ker\u00fclnek r\u00f6gz\u00edt\u00e9sre a c\u00e9g szerver\u00e9n, \u00edgy az \u00f6n biztons\u00e1ga 100%-ban garant\u00e1lt. A Stripe maxim\u00e1lis biztons\u00e1got ny\u00fajt a fizet\u00e9s sor\u00e1n. A bankk\u00e1rty\u00e1k enged\u00e9lyez\u00e9se val\u00f3s id\u0151ben t\u00f6rt\u00e9nik az adatok azonnali ellen\u0151rz\u00e9s\u00e9vel a bankokn\u00e1l. A fizet\u00e9s a k\u00f6vetkez\u0151 k\u00e1rty\u00e1kkal lehets\u00e9ges:\u00a0Mastercard, Visa, America Express, Discover, Diners, CUP, JCB\u00a0\u00e9s\u00a0Maestro\u00a0(ha a fizet\u0151 f\u00e9l Maestro bankk\u00e1rty\u00e1ja lehet\u0151v\u00e9 teszi ezt).<\/p>\n<p>\u00a0<\/p>\n<p><strong>Fizet\u00e9s Paypalon kereszt\u00fcl<\/strong><\/p>\n<p>Fizessen k\u00f6zvetlen\u00fcl a PayPal fizet\u00e9si szolg\u00e1ltat\u00f3n kereszt\u00fcl, vagy fizessen hitelk\u00e1rty\u00e1val a PayPal online rendszer\u00e9n kereszt\u00fcl, amely lehet\u0151v\u00e9 teszi a biztons\u00e1gos fizet\u00e9st bankk\u00e1rty\u00e1val (Mastercard, Visa, Maestro \u00e9s American Express). A vev\u0151nek nem kell l\u00e9trehoznia saj\u00e1t PayPal felhaszn\u00e1l\u00f3i fi\u00f3kot a bankk\u00e1rty\u00e1s fizet\u00e9shez. A PayPal fizet\u00e9si rendszere a vil\u00e1g egyik legbiztons\u00e1gosabb fizet\u00e9si rendszerek\u00e9nt ismert.<\/p>\n\t\t\t\t\t\t\t\t<\/div>\n\t\t\t\t<\/div>\n\t\t\t\t\t<\/div>\n\t\t<\/div>\n\t\t\t\t\t<\/div>\n\t\t<\/section>\n\t\t\t\t<\/div>\n\t\t","protected":false},"excerpt":{"rendered":"<p>Kisz\u00e1ll\u00edt\u00e1s \u00e9s fizet\u00e9s Sz\u00e1ll\u00edt\u00e1s Szlov\u00e9ni\u00e1n bel\u00fcl A GLS fut\u00e1rszolg\u00e1lattal t\u00f6rt\u00e9n\u0151 sz\u00e1ll\u00edt\u00e1s d\u00edja 4,5 EUR (50 EUR felett a sz\u00e1ll\u00edt\u00e1si d\u00edj ingyenes ingyenes), ut\u00e1nv\u00e9t v\u00e1laszt\u00e1sa eset\u00e9n tov\u00e1bbi 1,7 EUR kezel\u00e9si d\u00edjat sz\u00e1m\u00edtunk fel. A sz\u00e1ll\u00edt\u00e1si k\u00f6lts\u00e9gek a vev\u0151t terhelik, \u00e9s szerepelnek a megrendel\u00e9sen \u00e9s a ki\u00e1ll\u00edtott sz\u00e1ml\u00e1n. A sz\u00e1ll\u00edt\u00e1si k\u00f6lts\u00e9geket a megrendel\u00e9s \u00f6sszeg\u00e9vel egy\u00fctt tudja kifizetni. [&hellip;]<\/p>\n","protected":false},"author":2,"featured_media":0,"parent":0,"menu_order":0,"comment_status":"closed","ping_status":"closed","template":"","meta":{"site-sidebar-layout":"no-sidebar","site-content-layout":"page-builder","ast-site-content-layout":"","site-content-style":"default","site-sidebar-style":"default","ast-global-header-display":"","ast-banner-title-visibility":"","ast-main-header-display":"","ast-hfb-above-header-display":"","ast-hfb-below-header-display":"","ast-hfb-mobile-header-display":"","site-post-title":"disabled","ast-breadcrumbs-content":"","ast-featured-img":"disabled","footer-sml-layout":"","theme-transparent-header-meta":"default","adv-header-id-meta":"","stick-header-meta":"","header-above-stick-meta":"","header-main-stick-meta":"","header-below-stick-meta":"","astra-migrate-meta-layouts":"default","ast-page-background-enabled":"default","ast-page-background-meta":{"desktop":{"background-color":"","background-image":"","background-repeat":"repeat","background-position":"center center","background-size":"auto","background-attachment":"scroll","background-type":"","background-media":"","overlay-type":"","overlay-color":"","overlay-opacity":"","overlay-gradient":""},"tablet":{"background-color":"","background-image":"","background-repeat":"repeat","background-position":"center center","background-size":"auto","background-attachment":"scroll","background-type":"","background-media":"","overlay-type":"","overlay-color":"","overlay-opacity":"","overlay-gradient":""},"mobile":{"background-color":"","background-image":"","background-repeat":"repeat","background-position":"center center","background-size":"auto","background-attachment":"scroll","background-type":"","background-media":"","overlay-type":"","overlay-color":"","overlay-opacity":"","overlay-gradient":""}},"ast-content-background-meta":{"desktop":{"background-color":"var(--ast-global-color-5)","background-image":"","background-repeat":"repeat","background-position":"center center","background-size":"auto","background-attachment":"scroll","background-type":"","background-media":"","overlay-type":"","overlay-color":"","overlay-opacity":"","overlay-gradient":""},"tablet":{"background-color":"var(--ast-global-color-5)","background-image":"","background-repeat":"repeat","background-position":"center center","background-size":"auto","background-attachment":"scroll","background-type":"","background-media":"","overlay-type":"","overlay-color":"","overlay-opacity":"","overlay-gradient":""},"mobile":{"background-color":"var(--ast-global-color-5)","background-image":"","background-repeat":"repeat","background-position":"center center","background-size":"auto","background-attachment":"scroll","background-type":"","background-media":"","overlay-type":"","overlay-color":"","overlay-opacity":"","overlay-gradient":""}},"footnotes":""},"class_list":["post-24087","page","type-page","status-publish","hentry"],"yoast_head":"<!-- This site is optimized with the Yoast SEO plugin v25.2 - https:\/\/yoast.com\/wordpress\/plugins\/seo\/ -->\n<title>Kisz\u00e1ll\u00edt\u00e1s \u00e9s fizet\u00e9s | Le Boxi | Unikatna darila za vsakogar<\/title>\n<meta name=\"robots\" content=\"index, follow, max-snippet:-1, max-image-preview:large, max-video-preview:-1\" \/>\n<link rel=\"canonical\" href=\"http:\/\/staging.leboxi.eu\/hu\/kiszallitas-es-fizetes\/\" \/>\n<meta property=\"og:locale\" content=\"hu_HU\" \/>\n<meta property=\"og:type\" content=\"article\" \/>\n<meta property=\"og:title\" content=\"Kisz\u00e1ll\u00edt\u00e1s \u00e9s fizet\u00e9s | Le Boxi | Unikatna darila za vsakogar\" \/>\n<meta property=\"og:description\" content=\"Kisz\u00e1ll\u00edt\u00e1s \u00e9s fizet\u00e9s Sz\u00e1ll\u00edt\u00e1s Szlov\u00e9ni\u00e1n bel\u00fcl A GLS fut\u00e1rszolg\u00e1lattal t\u00f6rt\u00e9n\u0151 sz\u00e1ll\u00edt\u00e1s d\u00edja 4,5 EUR (50 EUR felett a sz\u00e1ll\u00edt\u00e1si d\u00edj ingyenes ingyenes), ut\u00e1nv\u00e9t v\u00e1laszt\u00e1sa eset\u00e9n tov\u00e1bbi 1,7 EUR kezel\u00e9si d\u00edjat sz\u00e1m\u00edtunk fel. A sz\u00e1ll\u00edt\u00e1si k\u00f6lts\u00e9gek a vev\u0151t terhelik, \u00e9s szerepelnek a megrendel\u00e9sen \u00e9s a ki\u00e1ll\u00edtott sz\u00e1ml\u00e1n. A sz\u00e1ll\u00edt\u00e1si k\u00f6lts\u00e9geket a megrendel\u00e9s \u00f6sszeg\u00e9vel egy\u00fctt tudja kifizetni. [&hellip;]\" \/>\n<meta property=\"og:url\" content=\"http:\/\/staging.leboxi.eu\/hu\/kiszallitas-es-fizetes\/\" \/>\n<meta property=\"og:site_name\" content=\"Le Boxi | Unikatna darila za vsakogar\" \/>\n<meta property=\"article:publisher\" content=\"https:\/\/www.facebook.com\/leboxi.eu\" \/>\n<meta property=\"article:modified_time\" content=\"2025-02-23T15:48:07+00:00\" \/>\n<meta name=\"twitter:card\" content=\"summary_large_image\" \/>\n<meta name=\"twitter:label1\" content=\"Becs\u00fclt olvas\u00e1si id\u0151\" \/>\n\t<meta name=\"twitter:data1\" content=\"5 perc\" \/>\n<script type=\"application\/ld+json\" class=\"yoast-schema-graph\">{\"@context\":\"https:\/\/schema.org\",\"@graph\":[{\"@type\":\"WebPage\",\"@id\":\"http:\/\/staging.leboxi.eu\/hu\/kiszallitas-es-fizetes\/\",\"url\":\"http:\/\/staging.leboxi.eu\/hu\/kiszallitas-es-fizetes\/\",\"name\":\"Kisz\u00e1ll\u00edt\u00e1s \u00e9s fizet\u00e9s | Le Boxi | Unikatna darila za vsakogar\",\"isPartOf\":{\"@id\":\"http:\/\/staging.leboxi.eu\/hu\/#website\"},\"datePublished\":\"2025-02-23T15:48:06+00:00\",\"dateModified\":\"2025-02-23T15:48:07+00:00\",\"breadcrumb\":{\"@id\":\"http:\/\/staging.leboxi.eu\/hu\/kiszallitas-es-fizetes\/#breadcrumb\"},\"inLanguage\":\"hu\",\"potentialAction\":[{\"@type\":\"ReadAction\",\"target\":[\"http:\/\/staging.leboxi.eu\/hu\/kiszallitas-es-fizetes\/\"]}]},{\"@type\":\"BreadcrumbList\",\"@id\":\"http:\/\/staging.leboxi.eu\/hu\/kiszallitas-es-fizetes\/#breadcrumb\",\"itemListElement\":[{\"@type\":\"ListItem\",\"position\":1,\"name\":\"Doma\",\"item\":\"http:\/\/staging.leboxi.eu\/hu\/\"},{\"@type\":\"ListItem\",\"position\":2,\"name\":\"Kisz\u00e1ll\u00edt\u00e1s \u00e9s fizet\u00e9s\"}]},{\"@type\":\"WebSite\",\"@id\":\"http:\/\/staging.leboxi.eu\/hu\/#website\",\"url\":\"http:\/\/staging.leboxi.eu\/hu\/\",\"name\":\"Le Boxi | Unikatna darila za vsakogar\",\"description\":\"Unikatna darila in darilne \u0161katle za vse prilo\u017enosti.\",\"publisher\":{\"@id\":\"http:\/\/staging.leboxi.eu\/hu\/#organization\"},\"potentialAction\":[{\"@type\":\"SearchAction\",\"target\":{\"@type\":\"EntryPoint\",\"urlTemplate\":\"http:\/\/staging.leboxi.eu\/hu\/?s={search_term_string}\"},\"query-input\":{\"@type\":\"PropertyValueSpecification\",\"valueRequired\":true,\"valueName\":\"search_term_string\"}}],\"inLanguage\":\"hu\"},{\"@type\":\"Organization\",\"@id\":\"http:\/\/staging.leboxi.eu\/hu\/#organization\",\"name\":\"LE BOXI\",\"url\":\"http:\/\/staging.leboxi.eu\/hu\/\",\"logo\":{\"@type\":\"ImageObject\",\"inLanguage\":\"hu\",\"@id\":\"http:\/\/staging.leboxi.eu\/hu\/#\/schema\/logo\/image\/\",\"url\":\"http:\/\/staging.leboxi.eu\/wp-content\/uploads\/2021\/02\/LeBoxi-manjsi-png.png\",\"contentUrl\":\"http:\/\/staging.leboxi.eu\/wp-content\/uploads\/2021\/02\/LeBoxi-manjsi-png.png\",\"width\":389,\"height\":164,\"caption\":\"LE BOXI\"},\"image\":{\"@id\":\"http:\/\/staging.leboxi.eu\/hu\/#\/schema\/logo\/image\/\"},\"sameAs\":[\"https:\/\/www.facebook.com\/leboxi.eu\",\"https:\/\/www.instagram.com\/le.boxi\/\"]}]}<\/script>\n<!-- \/ Yoast SEO plugin. -->","yoast_head_json":{"title":"Kisz\u00e1ll\u00edt\u00e1s \u00e9s fizet\u00e9s | Le Boxi | Unikatna darila za vsakogar","robots":{"index":"index","follow":"follow","max-snippet":"max-snippet:-1","max-image-preview":"max-image-preview:large","max-video-preview":"max-video-preview:-1"},"canonical":"http:\/\/staging.leboxi.eu\/hu\/kiszallitas-es-fizetes\/","og_locale":"hu_HU","og_type":"article","og_title":"Kisz\u00e1ll\u00edt\u00e1s \u00e9s fizet\u00e9s | Le Boxi | Unikatna darila za vsakogar","og_description":"Kisz\u00e1ll\u00edt\u00e1s \u00e9s fizet\u00e9s Sz\u00e1ll\u00edt\u00e1s Szlov\u00e9ni\u00e1n bel\u00fcl A GLS fut\u00e1rszolg\u00e1lattal t\u00f6rt\u00e9n\u0151 sz\u00e1ll\u00edt\u00e1s d\u00edja 4,5 EUR (50 EUR felett a sz\u00e1ll\u00edt\u00e1si d\u00edj ingyenes ingyenes), ut\u00e1nv\u00e9t v\u00e1laszt\u00e1sa eset\u00e9n tov\u00e1bbi 1,7 EUR kezel\u00e9si d\u00edjat sz\u00e1m\u00edtunk fel. A sz\u00e1ll\u00edt\u00e1si k\u00f6lts\u00e9gek a vev\u0151t terhelik, \u00e9s szerepelnek a megrendel\u00e9sen \u00e9s a ki\u00e1ll\u00edtott sz\u00e1ml\u00e1n. A sz\u00e1ll\u00edt\u00e1si k\u00f6lts\u00e9geket a megrendel\u00e9s \u00f6sszeg\u00e9vel egy\u00fctt tudja kifizetni. [&hellip;]","og_url":"http:\/\/staging.leboxi.eu\/hu\/kiszallitas-es-fizetes\/","og_site_name":"Le Boxi | Unikatna darila za vsakogar","article_publisher":"https:\/\/www.facebook.com\/leboxi.eu","article_modified_time":"2025-02-23T15:48:07+00:00","twitter_card":"summary_large_image","twitter_misc":{"Becs\u00fclt olvas\u00e1si id\u0151":"5 perc"},"schema":{"@context":"https:\/\/schema.org","@graph":[{"@type":"WebPage","@id":"http:\/\/staging.leboxi.eu\/hu\/kiszallitas-es-fizetes\/","url":"http:\/\/staging.leboxi.eu\/hu\/kiszallitas-es-fizetes\/","name":"Kisz\u00e1ll\u00edt\u00e1s \u00e9s fizet\u00e9s | Le Boxi | Unikatna darila za vsakogar","isPartOf":{"@id":"http:\/\/staging.leboxi.eu\/hu\/#website"},"datePublished":"2025-02-23T15:48:06+00:00","dateModified":"2025-02-23T15:48:07+00:00","breadcrumb":{"@id":"http:\/\/staging.leboxi.eu\/hu\/kiszallitas-es-fizetes\/#breadcrumb"},"inLanguage":"hu","potentialAction":[{"@type":"ReadAction","target":["http:\/\/staging.leboxi.eu\/hu\/kiszallitas-es-fizetes\/"]}]},{"@type":"BreadcrumbList","@id":"http:\/\/staging.leboxi.eu\/hu\/kiszallitas-es-fizetes\/#breadcrumb","itemListElement":[{"@type":"ListItem","position":1,"name":"Doma","item":"http:\/\/staging.leboxi.eu\/hu\/"},{"@type":"ListItem","position":2,"name":"Kisz\u00e1ll\u00edt\u00e1s \u00e9s fizet\u00e9s"}]},{"@type":"WebSite","@id":"http:\/\/staging.leboxi.eu\/hu\/#website","url":"http:\/\/staging.leboxi.eu\/hu\/","name":"Le Boxi | Unikatna darila za vsakogar","description":"Unikatna darila in darilne \u0161katle za vse prilo\u017enosti.","publisher":{"@id":"http:\/\/staging.leboxi.eu\/hu\/#organization"},"potentialAction":[{"@type":"SearchAction","target":{"@type":"EntryPoint","urlTemplate":"http:\/\/staging.leboxi.eu\/hu\/?s={search_term_string}"},"query-input":{"@type":"PropertyValueSpecification","valueRequired":true,"valueName":"search_term_string"}}],"inLanguage":"hu"},{"@type":"Organization","@id":"http:\/\/staging.leboxi.eu\/hu\/#organization","name":"LE BOXI","url":"http:\/\/staging.leboxi.eu\/hu\/","logo":{"@type":"ImageObject","inLanguage":"hu","@id":"http:\/\/staging.leboxi.eu\/hu\/#\/schema\/logo\/image\/","url":"http:\/\/staging.leboxi.eu\/wp-content\/uploads\/2021\/02\/LeBoxi-manjsi-png.png","contentUrl":"http:\/\/staging.leboxi.eu\/wp-content\/uploads\/2021\/02\/LeBoxi-manjsi-png.png","width":389,"height":164,"caption":"LE BOXI"},"image":{"@id":"http:\/\/staging.leboxi.eu\/hu\/#\/schema\/logo\/image\/"},"sameAs":["https:\/\/www.facebook.com\/leboxi.eu","https:\/\/www.instagram.com\/le.boxi\/"]}]}},"_links":{"self":[{"href":"http:\/\/staging.leboxi.eu\/hu\/wp-json\/wp\/v2\/pages\/24087","targetHints":{"allow":["GET"]}}],"collection":[{"href":"http:\/\/staging.leboxi.eu\/hu\/wp-json\/wp\/v2\/pages"}],"about":[{"href":"http:\/\/staging.leboxi.eu\/hu\/wp-json\/wp\/v2\/types\/page"}],"author":[{"embeddable":true,"href":"http:\/\/staging.leboxi.eu\/hu\/wp-json\/wp\/v2\/users\/2"}],"replies":[{"embeddable":true,"href":"http:\/\/staging.leboxi.eu\/hu\/wp-json\/wp\/v2\/comments?post=24087"}],"version-history":[{"count":1,"href":"http:\/\/staging.leboxi.eu\/hu\/wp-json\/wp\/v2\/pages\/24087\/revisions"}],"predecessor-version":[{"id":24088,"href":"http:\/\/staging.leboxi.eu\/hu\/wp-json\/wp\/v2\/pages\/24087\/revisions\/24088"}],"wp:attachment":[{"href":"http:\/\/staging.leboxi.eu\/hu\/wp-json\/wp\/v2\/media?parent=24087"}],"curies":[{"name":"wp","href":"https:\/\/api.w.org\/{rel}","templated":true}]}}