{"id":9806,"date":"2022-10-15T19:35:53","date_gmt":"2022-10-15T18:35:53","guid":{"rendered":"http:\/\/staging.leboxi.eu\/?post_type=product&#038;p=9806"},"modified":"2024-09-03T21:32:48","modified_gmt":"2024-09-03T20:32:48","slug":"set-za-njegu-brade","status":"publish","type":"product","link":"http:\/\/staging.leboxi.eu\/hr\/proizvodi\/set-za-njegu-brade\/","title":{"rendered":"Set za njegu brade"},"content":{"rendered":"<p>Personalizirana ko\u017ena toaletna torbica prave je veli\u010dine za sve va\u0161e kozmeti\u010dke potrep\u0161tine u pokretu. Ko\u017ea je mekana i ugodna na dodir, a dizajn joj je napravljen s ciljem prakti\u010dnosti. Visokokvalitetni patentni zatvara\u010d otvara sredi\u0161nji pretinac u koji mo\u017eete pohraniti \u0161ampon, pribor za njegu, dezodorans i jo\u0161 mnogo toga, dok vam bo\u010dna ru\u010dka omogu\u0107uje jednostavno premje\u0161tanje torbe iz kov\u010dega ili na policu.<\/p>\n<p>Ko\u017ena toaletna torbica izvrstan je poklon za de\u010dka, mu\u017ea ili prijatelja. Kako biste torbu u\u010dinili jo\u0161 jedinstvenijom, mo\u017eete je personalizirati imenom ili inicijalima primatelja. Poklon koji \u0107e se sigurno pamtiti i odu\u0161eviti svojom prakti\u010dno\u0161\u0107u na svakom putovanju.<\/p>\n<p>&nbsp;<\/p>\n<p>Materijal: Ko\u017ea<\/p>\n<p>Boja: Sme\u0111a<\/p>\n<p>Veli\u010dina: 24 x 12 x 12 cm<\/p>\n<p>U svoju toaletnu torbicu mo\u017eete dodati i set za njegu brade ili <a href=\"http:\/\/staging.leboxi.eu\/sl\/izdelki\/ogrinjalo-za-britje-brade\/\">prega\u010da za brijanje brade i kose<\/a>.<\/p>\n<h6><\/h6>\n<p>Uz toaletnu torbicu dobivate set za njegu brade koji je neophodan svakom mu\u0161karcu koji \u017eeli imati njegovanu bradu.<\/p>\n<p>&nbsp;<\/p>\n<p>Set za ure\u0111ivanje brade sadr\u017ei sve \u0161to vam je potrebno za ure\u0111ivanje brade:<\/p>\n<p>&#8211; dvostrani drveni \u010de\u0161alj<\/p>\n<p>&#8211; metalni \u010de\u0161alj<\/p>\n<p>&#8211; kist<\/p>\n<p>&#8211; o\u0161tre \u0161kare<\/p>\n<h6>Dodatno:<\/h6>\n<p>Na poklon set mo\u017eete prilo\u017eiti i <strong>personaliziranu \u010destitku<\/strong> (+2,95 eura).<\/p>\n<p>Po \u017eelji \u0107emo dostaviti va\u0161 poklon primatelju, a podrazumijeva se da u paket ne\u0107emo prilo\u017eiti ra\u010dun tijekom isporuke. Ra\u010dun \u0107emo poslati vama.<\/p>\n<p>Povrh svega, svoj poklon set mo\u017eete nadograditi <a href=\"http:\/\/staging.leboxi.eu\/blog\/posvetilo-darilni-listki\/\">poklon listi\u0107ima<\/a> za izradu \u010dije upute mo\u017eete prona\u0107i na na\u0161em blogu.<\/p>\n<p>U slu\u010daju personaliziranih proizvoda kupac <strong>nema pravo<\/strong> odustati od kupoprodajnog ugovora. U praksi to zna\u010di da za sve proizvode izra\u0111ene na zahtjev kupca potro\u0161a\u010d ne mo\u017ee vratiti proizvod, ve\u0107 je obavezan platiti prema ugovoru. Ponu\u0111a\u010d ne odgovara za nepravilno odabrane zna\u010dajke prilagodbe (npr. pogre\u0161no odabrana vrsta prilago\u0111enog proizvoda, pogre\u0161no odabran obrazac prilagodbe, pravopisne podr\u0161ke, pogre\u0161an datum itd.) pri naru\u010divanju.<\/p>\n","protected":false},"excerpt":{"rendered":"<p>Set za njegu brade sastoji se od ko\u017ene toaletne torbice i seta za njegu brade. Kompaktna i minimalisti\u010dna ko\u017ena toaletna torbica izra\u0111ena je od prave ko\u017ee, prave veli\u010dine za sve bitne kozmeti\u010dke artikle koje trebate u pokretu. Bo\u010dna ru\u010dka omogu\u0107uje vam jednostavno izvla\u010denje iz kofera. Zavr\u0161ni touch je, naravno, mogu\u0107nost personalizacije, \u0161to torbu \u010dini uistinu ne\u010dim posebnim.<\/p>\n<p>U torbici se nalazi visokokvalitetni set za njegu brade koji \u0107e impresionirati sve \u010dlanove &#8220;bradonosnog&#8221; kluba. Njegovanje brade bit \u0107e lak\u0161e uz kvalitetan pribor. Set sadr\u017ei sve \u0161to svakoj bradi treba za lijep izgled i njegovan u\u010dinak &#8211; dva \u010de\u0161lja, \u010detku i o\u0161tre \u0161kare te torbicu.<\/p>\n<p>U poklon kutiju mo\u017eete uklju\u010diti i personaliziranu <a href=\"http:\/\/staging.leboxi.eu\/izdelki\/personalizirana-cestitka\/\">darilnu karticu<\/a> (uz nadoplatu) Za mu\u0161karce s bradom prikladan je set za njegu brade koji uklju\u010duje torbu i set za njegu brade.<\/p>\n<p>&nbsp;<\/p>\n<p>Po \u017eelji \u0107emo dostaviti va\u0161 poklon primatelju, a podrazumijeva se da u paket ne\u0107emo prilo\u017eiti ra\u010dun tijekom isporuke. Ra\u010dun \u0107emo poslati vama.<\/p>\n","protected":false},"featured_media":9779,"comment_status":"open","ping_status":"closed","template":"","meta":{"site-sidebar-layout":"default","site-content-layout":"default","ast-site-content-layout":"default","site-content-style":"default","site-sidebar-style":"default","ast-global-header-display":"","ast-banner-title-visibility":"","ast-main-header-display":"","ast-hfb-above-header-display":"","ast-hfb-below-header-display":"","ast-hfb-mobile-header-display":"","site-post-title":"","ast-breadcrumbs-content":"","ast-featured-img":"","footer-sml-layout":"","theme-transparent-header-meta":"default","adv-header-id-meta":"","stick-header-meta":"","header-above-stick-meta":"","header-main-stick-meta":"","header-below-stick-meta":"","astra-migrate-meta-layouts":"set","ast-page-background-enabled":"default","ast-page-background-meta":{"desktop":{"background-color":"","background-image":"","background-repeat":"repeat","background-position":"center center","background-size":"auto","background-attachment":"scroll","background-type":"","background-media":"","overlay-type":"","overlay-color":"","overlay-opacity":"","overlay-gradient":""},"tablet":{"background-color":"","background-image":"","background-repeat":"repeat","background-position":"center center","background-size":"auto","background-attachment":"scroll","background-type":"","background-media":"","overlay-type":"","overlay-color":"","overlay-opacity":"","overlay-gradient":""},"mobile":{"background-color":"","background-image":"","background-repeat":"repeat","background-position":"center center","background-size":"auto","background-attachment":"scroll","background-type":"","background-media":"","overlay-type":"","overlay-color":"","overlay-opacity":"","overlay-gradient":""}},"ast-content-background-meta":{"desktop":{"background-color":"var(--ast-global-color-5)","background-image":"","background-repeat":"repeat","background-position":"center center","background-size":"auto","background-attachment":"scroll","background-type":"","background-media":"","overlay-type":"","overlay-color":"","overlay-opacity":"","overlay-gradient":""},"tablet":{"background-color":"var(--ast-global-color-5)","background-image":"","background-repeat":"repeat","background-position":"center center","background-size":"auto","background-attachment":"scroll","background-type":"","background-media":"","overlay-type":"","overlay-color":"","overlay-opacity":"","overlay-gradient":""},"mobile":{"background-color":"var(--ast-global-color-5)","background-image":"","background-repeat":"repeat","background-position":"center center","background-size":"auto","background-attachment":"scroll","background-type":"","background-media":"","overlay-type":"","overlay-color":"","overlay-opacity":"","overlay-gradient":""}}},"product_brand":[],"product_cat":[207,209,208,202,225,227,213,214,226,73,75],"product_tag":[],"class_list":{"0":"post-9806","1":"product","2":"type-product","3":"status-publish","4":"has-post-thumbnail","6":"product_cat-pokloni-za-bozic","7":"product_cat-pokloni-za-rodendan-hr","8":"product_cat-pokloni-za-valentinovo","9":"product_cat-prilike","10":"product_cat-bozicni-pokloni-za-muskarce","11":"product_cat-poklon-za-valentinovo-za-njega","12":"product_cat-pokloni-za-decka","13":"product_cat-pokloni-za-muskarce","14":"product_cat-pokloni-za-rodendan-za-muskarce","15":"product_cat-opcenito","16":"product_cat-muski","17":"desktop-align-left","18":"tablet-align-left","19":"mobile-align-left","21":"first","22":"instock","23":"featured","24":"taxable","25":"shipping-taxable","26":"purchasable","27":"product-type-variable"},"yoast_head":"<!-- This site is optimized with the Yoast SEO plugin v25.2 - https:\/\/yoast.com\/wordpress\/plugins\/seo\/ -->\n<title>Set za njegu brade | Ko\u017ena torba | Le Boxi<\/title>\n<meta name=\"description\" content=\"Ovaj set za njegu brade uklju\u010duje kvalitetnu ko\u017enu torbicu i kompletan set za njegu brade. Kako bi dar bio savr\u0161en, torbu mo\u017eete i personalizirati.\" \/>\n<meta name=\"robots\" content=\"index, follow, max-snippet:-1, max-image-preview:large, max-video-preview:-1\" \/>\n<link rel=\"canonical\" href=\"http:\/\/staging.leboxi.eu\/hr\/proizvodi\/set-za-njegu-brade\/\" \/>\n<meta property=\"og:locale\" content=\"hr_HR\" \/>\n<meta property=\"og:type\" content=\"article\" \/>\n<meta property=\"og:title\" content=\"Set za njegu brade | Ko\u017ena torba | Le Boxi\" \/>\n<meta property=\"og:description\" content=\"Ovaj set za njegu brade uklju\u010duje kvalitetnu ko\u017enu torbicu i kompletan set za njegu brade. Kako bi dar bio savr\u0161en, torbu mo\u017eete i personalizirati.\" \/>\n<meta property=\"og:url\" content=\"http:\/\/staging.leboxi.eu\/hr\/proizvodi\/set-za-njegu-brade\/\" \/>\n<meta property=\"og:site_name\" content=\"Le Boxi | Unikatna darila za vsakogar\" \/>\n<meta property=\"article:publisher\" content=\"https:\/\/www.facebook.com\/leboxi.eu\" \/>\n<meta property=\"article:modified_time\" content=\"2024-09-03T20:32:48+00:00\" \/>\n<meta property=\"og:image\" content=\"http:\/\/staging.leboxi.eu\/wp-content\/uploads\/2022\/10\/DSC0282.jpg\" \/>\n\t<meta property=\"og:image:width\" content=\"1000\" \/>\n\t<meta property=\"og:image:height\" content=\"1000\" \/>\n\t<meta property=\"og:image:type\" content=\"image\/jpeg\" \/>\n<meta name=\"twitter:card\" content=\"summary_large_image\" \/>\n<meta name=\"twitter:label1\" content=\"Procijenjeno vrijeme \u010ditanja\" \/>\n\t<meta name=\"twitter:data1\" content=\"2 minute\" \/>\n<script type=\"application\/ld+json\" class=\"yoast-schema-graph\">{\"@context\":\"https:\/\/schema.org\",\"@graph\":[{\"@type\":\"WebPage\",\"@id\":\"http:\/\/staging.leboxi.eu\/hr\/proizvodi\/set-za-njegu-brade\/\",\"url\":\"http:\/\/staging.leboxi.eu\/hr\/proizvodi\/set-za-njegu-brade\/\",\"name\":\"Set za njegu brade | Ko\u017ena torba | Le Boxi\",\"isPartOf\":{\"@id\":\"http:\/\/staging.leboxi.eu\/hr\/#website\"},\"primaryImageOfPage\":{\"@id\":\"http:\/\/staging.leboxi.eu\/hr\/proizvodi\/set-za-njegu-brade\/#primaryimage\"},\"image\":{\"@id\":\"http:\/\/staging.leboxi.eu\/hr\/proizvodi\/set-za-njegu-brade\/#primaryimage\"},\"thumbnailUrl\":\"http:\/\/staging.leboxi.eu\/wp-content\/uploads\/2022\/10\/DSC0282.jpg\",\"datePublished\":\"2022-10-15T18:35:53+00:00\",\"dateModified\":\"2024-09-03T20:32:48+00:00\",\"description\":\"Ovaj set za njegu brade uklju\u010duje kvalitetnu ko\u017enu torbicu i kompletan set za njegu brade. Kako bi dar bio savr\u0161en, torbu mo\u017eete i personalizirati.\",\"breadcrumb\":{\"@id\":\"http:\/\/staging.leboxi.eu\/hr\/proizvodi\/set-za-njegu-brade\/#breadcrumb\"},\"inLanguage\":\"hr\",\"potentialAction\":[{\"@type\":\"ReadAction\",\"target\":[\"http:\/\/staging.leboxi.eu\/hr\/proizvodi\/set-za-njegu-brade\/\"]}]},{\"@type\":\"ImageObject\",\"inLanguage\":\"hr\",\"@id\":\"http:\/\/staging.leboxi.eu\/hr\/proizvodi\/set-za-njegu-brade\/#primaryimage\",\"url\":\"http:\/\/staging.leboxi.eu\/wp-content\/uploads\/2022\/10\/DSC0282.jpg\",\"contentUrl\":\"http:\/\/staging.leboxi.eu\/wp-content\/uploads\/2022\/10\/DSC0282.jpg\",\"width\":1000,\"height\":1000,\"caption\":\"usnjena toaletna torbica in set za nego brade\"},{\"@type\":\"BreadcrumbList\",\"@id\":\"http:\/\/staging.leboxi.eu\/hr\/proizvodi\/set-za-njegu-brade\/#breadcrumb\",\"itemListElement\":[{\"@type\":\"ListItem\",\"position\":1,\"name\":\"Doma\",\"item\":\"http:\/\/staging.leboxi.eu\/hr\/\"},{\"@type\":\"ListItem\",\"position\":2,\"name\":\"Trgovina\",\"item\":\"http:\/\/staging.leboxi.eu\/hr\/trgovina\/\"},{\"@type\":\"ListItem\",\"position\":3,\"name\":\"Set za njegu brade\"}]},{\"@type\":\"WebSite\",\"@id\":\"http:\/\/staging.leboxi.eu\/hr\/#website\",\"url\":\"http:\/\/staging.leboxi.eu\/hr\/\",\"name\":\"Le Boxi | Unikatna darila za vsakogar\",\"description\":\"Unikatna darila in darilne \u0161katle za vse prilo\u017enosti.\",\"publisher\":{\"@id\":\"http:\/\/staging.leboxi.eu\/hr\/#organization\"},\"potentialAction\":[{\"@type\":\"SearchAction\",\"target\":{\"@type\":\"EntryPoint\",\"urlTemplate\":\"http:\/\/staging.leboxi.eu\/hr\/?s={search_term_string}\"},\"query-input\":{\"@type\":\"PropertyValueSpecification\",\"valueRequired\":true,\"valueName\":\"search_term_string\"}}],\"inLanguage\":\"hr\"},{\"@type\":\"Organization\",\"@id\":\"http:\/\/staging.leboxi.eu\/hr\/#organization\",\"name\":\"LE BOXI\",\"url\":\"http:\/\/staging.leboxi.eu\/hr\/\",\"logo\":{\"@type\":\"ImageObject\",\"inLanguage\":\"hr\",\"@id\":\"http:\/\/staging.leboxi.eu\/hr\/#\/schema\/logo\/image\/\",\"url\":\"http:\/\/staging.leboxi.eu\/wp-content\/uploads\/2021\/02\/LeBoxi-manjsi-png.png\",\"contentUrl\":\"http:\/\/staging.leboxi.eu\/wp-content\/uploads\/2021\/02\/LeBoxi-manjsi-png.png\",\"width\":389,\"height\":164,\"caption\":\"LE BOXI\"},\"image\":{\"@id\":\"http:\/\/staging.leboxi.eu\/hr\/#\/schema\/logo\/image\/\"},\"sameAs\":[\"https:\/\/www.facebook.com\/leboxi.eu\",\"https:\/\/www.instagram.com\/le.boxi\/\"]}]}<\/script>\n<!-- \/ Yoast SEO plugin. -->","yoast_head_json":{"title":"Set za njegu brade | Ko\u017ena torba | Le Boxi","description":"Ovaj set za njegu brade uklju\u010duje kvalitetnu ko\u017enu torbicu i kompletan set za njegu brade. Kako bi dar bio savr\u0161en, torbu mo\u017eete i personalizirati.","robots":{"index":"index","follow":"follow","max-snippet":"max-snippet:-1","max-image-preview":"max-image-preview:large","max-video-preview":"max-video-preview:-1"},"canonical":"http:\/\/staging.leboxi.eu\/hr\/proizvodi\/set-za-njegu-brade\/","og_locale":"hr_HR","og_type":"article","og_title":"Set za njegu brade | Ko\u017ena torba | Le Boxi","og_description":"Ovaj set za njegu brade uklju\u010duje kvalitetnu ko\u017enu torbicu i kompletan set za njegu brade. Kako bi dar bio savr\u0161en, torbu mo\u017eete i personalizirati.","og_url":"http:\/\/staging.leboxi.eu\/hr\/proizvodi\/set-za-njegu-brade\/","og_site_name":"Le Boxi | Unikatna darila za vsakogar","article_publisher":"https:\/\/www.facebook.com\/leboxi.eu","article_modified_time":"2024-09-03T20:32:48+00:00","og_image":[{"width":1000,"height":1000,"url":"http:\/\/staging.leboxi.eu\/wp-content\/uploads\/2022\/10\/DSC0282.jpg","type":"image\/jpeg"}],"twitter_card":"summary_large_image","twitter_misc":{"Procijenjeno vrijeme \u010ditanja":"2 minute"},"schema":{"@context":"https:\/\/schema.org","@graph":[{"@type":"WebPage","@id":"http:\/\/staging.leboxi.eu\/hr\/proizvodi\/set-za-njegu-brade\/","url":"http:\/\/staging.leboxi.eu\/hr\/proizvodi\/set-za-njegu-brade\/","name":"Set za njegu brade | Ko\u017ena torba | Le Boxi","isPartOf":{"@id":"http:\/\/staging.leboxi.eu\/hr\/#website"},"primaryImageOfPage":{"@id":"http:\/\/staging.leboxi.eu\/hr\/proizvodi\/set-za-njegu-brade\/#primaryimage"},"image":{"@id":"http:\/\/staging.leboxi.eu\/hr\/proizvodi\/set-za-njegu-brade\/#primaryimage"},"thumbnailUrl":"http:\/\/staging.leboxi.eu\/wp-content\/uploads\/2022\/10\/DSC0282.jpg","datePublished":"2022-10-15T18:35:53+00:00","dateModified":"2024-09-03T20:32:48+00:00","description":"Ovaj set za njegu brade uklju\u010duje kvalitetnu ko\u017enu torbicu i kompletan set za njegu brade. Kako bi dar bio savr\u0161en, torbu mo\u017eete i personalizirati.","breadcrumb":{"@id":"http:\/\/staging.leboxi.eu\/hr\/proizvodi\/set-za-njegu-brade\/#breadcrumb"},"inLanguage":"hr","potentialAction":[{"@type":"ReadAction","target":["http:\/\/staging.leboxi.eu\/hr\/proizvodi\/set-za-njegu-brade\/"]}]},{"@type":"ImageObject","inLanguage":"hr","@id":"http:\/\/staging.leboxi.eu\/hr\/proizvodi\/set-za-njegu-brade\/#primaryimage","url":"http:\/\/staging.leboxi.eu\/wp-content\/uploads\/2022\/10\/DSC0282.jpg","contentUrl":"http:\/\/staging.leboxi.eu\/wp-content\/uploads\/2022\/10\/DSC0282.jpg","width":1000,"height":1000,"caption":"usnjena toaletna torbica in set za nego brade"},{"@type":"BreadcrumbList","@id":"http:\/\/staging.leboxi.eu\/hr\/proizvodi\/set-za-njegu-brade\/#breadcrumb","itemListElement":[{"@type":"ListItem","position":1,"name":"Doma","item":"http:\/\/staging.leboxi.eu\/hr\/"},{"@type":"ListItem","position":2,"name":"Trgovina","item":"http:\/\/staging.leboxi.eu\/hr\/trgovina\/"},{"@type":"ListItem","position":3,"name":"Set za njegu brade"}]},{"@type":"WebSite","@id":"http:\/\/staging.leboxi.eu\/hr\/#website","url":"http:\/\/staging.leboxi.eu\/hr\/","name":"Le Boxi | Unikatna darila za vsakogar","description":"Unikatna darila in darilne \u0161katle za vse prilo\u017enosti.","publisher":{"@id":"http:\/\/staging.leboxi.eu\/hr\/#organization"},"potentialAction":[{"@type":"SearchAction","target":{"@type":"EntryPoint","urlTemplate":"http:\/\/staging.leboxi.eu\/hr\/?s={search_term_string}"},"query-input":{"@type":"PropertyValueSpecification","valueRequired":true,"valueName":"search_term_string"}}],"inLanguage":"hr"},{"@type":"Organization","@id":"http:\/\/staging.leboxi.eu\/hr\/#organization","name":"LE BOXI","url":"http:\/\/staging.leboxi.eu\/hr\/","logo":{"@type":"ImageObject","inLanguage":"hr","@id":"http:\/\/staging.leboxi.eu\/hr\/#\/schema\/logo\/image\/","url":"http:\/\/staging.leboxi.eu\/wp-content\/uploads\/2021\/02\/LeBoxi-manjsi-png.png","contentUrl":"http:\/\/staging.leboxi.eu\/wp-content\/uploads\/2021\/02\/LeBoxi-manjsi-png.png","width":389,"height":164,"caption":"LE BOXI"},"image":{"@id":"http:\/\/staging.leboxi.eu\/hr\/#\/schema\/logo\/image\/"},"sameAs":["https:\/\/www.facebook.com\/leboxi.eu","https:\/\/www.instagram.com\/le.boxi\/"]}]}},"_links":{"self":[{"href":"http:\/\/staging.leboxi.eu\/hr\/wp-json\/wp\/v2\/product\/9806","targetHints":{"allow":["GET"]}}],"collection":[{"href":"http:\/\/staging.leboxi.eu\/hr\/wp-json\/wp\/v2\/product"}],"about":[{"href":"http:\/\/staging.leboxi.eu\/hr\/wp-json\/wp\/v2\/types\/product"}],"replies":[{"embeddable":true,"href":"http:\/\/staging.leboxi.eu\/hr\/wp-json\/wp\/v2\/comments?post=9806"}],"version-history":[{"count":4,"href":"http:\/\/staging.leboxi.eu\/hr\/wp-json\/wp\/v2\/product\/9806\/revisions"}],"predecessor-version":[{"id":14190,"href":"http:\/\/staging.leboxi.eu\/hr\/wp-json\/wp\/v2\/product\/9806\/revisions\/14190"}],"wp:featuredmedia":[{"embeddable":true,"href":"http:\/\/staging.leboxi.eu\/hr\/wp-json\/wp\/v2\/media\/9779"}],"wp:attachment":[{"href":"http:\/\/staging.leboxi.eu\/hr\/wp-json\/wp\/v2\/media?parent=9806"}],"wp:term":[{"taxonomy":"product_brand","embeddable":true,"href":"http:\/\/staging.leboxi.eu\/hr\/wp-json\/wp\/v2\/product_brand?post=9806"},{"taxonomy":"product_cat","embeddable":true,"href":"http:\/\/staging.leboxi.eu\/hr\/wp-json\/wp\/v2\/product_cat?post=9806"},{"taxonomy":"product_tag","embeddable":true,"href":"http:\/\/staging.leboxi.eu\/hr\/wp-json\/wp\/v2\/product_tag?post=9806"}],"curies":[{"name":"wp","href":"https:\/\/api.w.org\/{rel}","templated":true}]}}