{"id":8552,"date":"2022-06-24T14:57:53","date_gmt":"2022-06-24T13:57:54","guid":{"rendered":"http:\/\/staging.leboxi.eu\/?post_type=product&#038;p=8552"},"modified":"2024-04-01T21:34:44","modified_gmt":"2024-04-01T20:34:44","slug":"prstan-s-imenom-kopija","status":"publish","type":"product","link":"http:\/\/staging.leboxi.eu\/hr\/proizvodi\/prstan-s-imenom-kopija\/","title":{"rendered":"Prsten s imenom QUEEN"},"content":{"rendered":"<p><strong>Prsten s imenom QUEEN<\/strong><\/p>\n<p>Prsten s imenom jedinstven je poklon koji nikada ne stari. Mo\u017eete odabrati i druge boje.<\/p>\n<p>Boja: 14K zlato \/ srebro \/ ru\u017ei\u010dasto zlato<\/p>\n<p>Materijal: nehr\u0111aju\u0107i kirur\u0161ki \u010delik<\/p>\n<p>Opseg: 17 mm (mogu\u0107nost regulacije opsega)<\/p>\n<p>Nije mogu\u0107a personalizacija imena koja sadr\u017ee dijakriti\u010dne znakove (\u010d, \u0107, \u017e, \u0111).<\/p>\n<p>Prsten s imenom je veliko iznena\u0111enje za va\u0161u voljenu osobu. Prsten je izra\u0111en od nehr\u0111aju\u0107eg kirur\u0161kog \u010delika. Ukoliko prsten \u017eelite pokloniti, mo\u017eemo ga zapakirati u lijepu poklon kutiju<\/p>\n<p>Preporuke za upotrebu: Preporu\u010dujemo da nakit skinete prije kupanja\/tu\u0161iranja, prije spavanja te prije sportskih aktivnosti kako se ne bi o\u0161tetio te kako bi \u0161to dulje ostao sjajan. Nakit ne ostavlja mrlje, ne gubi boju, ne ostavlja zelene tragove na ko\u017ei i vodootporan je.<\/p>\n<p><strong>Cijeli postupak izrade personalizirane ogrlice i dostave na va\u0161u adresu traje 20 \u2013 30 dana. Ogrlicu ne mo\u017eemo isporu\u010diti prije tog roka. Ako naru\u010dite i druge proizvode, njih \u0107emo dostaviti u zasebnoj po\u0161iljci. Zbog trenutne vanredne situacije na tr\u017ei\u0161tu mogu\u0107a su ka\u0161njenja isporuke.<\/strong><\/p>\n<h6><\/h6>\n<h6>Dodatno:<\/h6>\n<p>Povrh svega, svoj poklon set mo\u017eete nadograditi <a href=\"http:\/\/staging.leboxi.eu\/blog\/posvetilo-darilni-listki\/\">poklon listi\u0107ima<\/a> za izradu \u010dije upute mo\u017eete prona\u0107i na na\u0161em blogu.<\/p>\n<p>Po \u017eelji \u0107emo dostaviti va\u0161 poklon primatelju, a podrazumijeva se da u paket ne\u0107emo prilo\u017eiti ra\u010dun tijekom isporuke. Ra\u010dun \u0107emo poslati vama.<\/p>\n<p>U slu\u010daju personaliziranih proizvoda kupac <strong>nema pravo<\/strong> odustati od kupoprodajnog ugovora. U praksi to zna\u010di da za sve proizvode izra\u0111ene na zahtjev kupca potro\u0161a\u010d ne mo\u017ee vratiti proizvod, ve\u0107 je obavezan platiti prema ugovoru. Ponu\u0111a\u010d ne odgovara za nepravilno odabrane zna\u010dajke prilagodbe (npr. pogre\u0161no odabrana vrsta prilago\u0111enog proizvoda, pogre\u0161no odabran obrazac prilagodbe, pravopisne podr\u0161ke, pogre\u0161an datum itd.) pri naru\u010divanju.<\/p>\n<p>&nbsp;<\/p>\n","protected":false},"excerpt":{"rendered":"<p>Elegantan QUEEN prsten s personaliziranim imenom je jedinstven. Prsten je izra\u0111en od kirur\u0161kog nehr\u0111aju\u0107eg \u010delika. Dostupne su boje zlata, srebra i ru\u017ei\u010dastog zlata.<\/p>\n<p>Ve\u010d info:<\/p>\n<ul>\n<li>Promjer: 17 mm (mogu\u0107nost regulacije promjera)<\/li>\n<li>Materijal: nehr\u0111aju\u0107i kirur\u0161ki \u010delik<\/li>\n<li>Vanjski sloj dodatno je pozla\u0107en s 14K ili posrebren (ovisno o odabiru)<\/li>\n<li>100 % hipoalergena, 100 % ne ostavlja mrlje na ko\u017ei,<\/li>\n<li><strong>Vrijeme dostave: 20 \u2013 30 dana (vrijeme izrade + dostava)<\/strong><\/li>\n<\/ul>\n<p>Ukoliko prsten \u017eelite pokloniti, mo\u017eemo ga zapakirati u lijepu poklon kutiju. Po \u017eelji \u0107emo dostaviti va\u0161 poklon primatelju, a podrazumijeva se da u paket ne\u0107emo prilo\u017eiti ra\u010dun tijekom isporuke. Ra\u010dun \u0107emo poslati vama.<\/p>\n","protected":false},"featured_media":8566,"comment_status":"open","ping_status":"closed","template":"","meta":{"site-sidebar-layout":"default","site-content-layout":"default","ast-site-content-layout":"default","site-content-style":"default","site-sidebar-style":"default","ast-global-header-display":"","ast-banner-title-visibility":"","ast-main-header-display":"","ast-hfb-above-header-display":"","ast-hfb-below-header-display":"","ast-hfb-mobile-header-display":"","site-post-title":"","ast-breadcrumbs-content":"","ast-featured-img":"","footer-sml-layout":"","theme-transparent-header-meta":"default","adv-header-id-meta":"","stick-header-meta":"","header-above-stick-meta":"","header-main-stick-meta":"","header-below-stick-meta":"","astra-migrate-meta-layouts":"set","ast-page-background-enabled":"default","ast-page-background-meta":{"desktop":{"background-color":"","background-image":"","background-repeat":"repeat","background-position":"center center","background-size":"auto","background-attachment":"scroll","background-type":"","background-media":"","overlay-type":"","overlay-color":"","overlay-opacity":"","overlay-gradient":""},"tablet":{"background-color":"","background-image":"","background-repeat":"repeat","background-position":"center center","background-size":"auto","background-attachment":"scroll","background-type":"","background-media":"","overlay-type":"","overlay-color":"","overlay-opacity":"","overlay-gradient":""},"mobile":{"background-color":"","background-image":"","background-repeat":"repeat","background-position":"center center","background-size":"auto","background-attachment":"scroll","background-type":"","background-media":"","overlay-type":"","overlay-color":"","overlay-opacity":"","overlay-gradient":""}},"ast-content-background-meta":{"desktop":{"background-color":"var(--ast-global-color-5)","background-image":"","background-repeat":"repeat","background-position":"center center","background-size":"auto","background-attachment":"scroll","background-type":"","background-media":"","overlay-type":"","overlay-color":"","overlay-opacity":"","overlay-gradient":""},"tablet":{"background-color":"var(--ast-global-color-5)","background-image":"","background-repeat":"repeat","background-position":"center center","background-size":"auto","background-attachment":"scroll","background-type":"","background-media":"","overlay-type":"","overlay-color":"","overlay-opacity":"","overlay-gradient":""},"mobile":{"background-color":"var(--ast-global-color-5)","background-image":"","background-repeat":"repeat","background-position":"center center","background-size":"auto","background-attachment":"scroll","background-type":"","background-media":"","overlay-type":"","overlay-color":"","overlay-opacity":"","overlay-gradient":""}}},"product_brand":[],"product_cat":[212,207,206,201,205,199,203,209,210,208,211,198,202,216,320,314,73,87],"product_tag":[],"class_list":{"0":"post-8552","1":"product","2":"type-product","3":"status-publish","4":"has-post-thumbnail","6":"product_cat-bozicni-pokloni-za-zene","7":"product_cat-pokloni-za-bozic","8":"product_cat-pokloni-za-dan-zena","9":"product_cat-pokloni-za-djevojku","10":"product_cat-pokloni-za-majcin-dan","11":"product_cat-pokloni-za-mamu","12":"product_cat-pokloni-za-prijateljicu","13":"product_cat-pokloni-za-rodendan-hr","14":"product_cat-pokloni-za-rodendan-za-zene","15":"product_cat-pokloni-za-valentinovo","16":"product_cat-pokloni-za-valentinovo-za-nju","17":"product_cat-pokloni-za-zene","18":"product_cat-prilike","19":"product_cat-nakit-hr","20":"product_cat-proljetna-rasprodaja","21":"product_cat-zimska-rasprodaja","22":"product_cat-opcenito","23":"product_cat-zene","24":"pa_nakit-roza-zlato-hr","25":"pa_nakit-roza-zlato-darilno-hr","26":"pa_nakit-srebrno-hr","27":"pa_nakit-srebrno-darilno-hr","28":"pa_nakit-zlato-hr","29":"pa_nakit-zlato-darilno-hr","30":"desktop-align-left","31":"tablet-align-left","32":"mobile-align-left","34":"first","35":"instock","36":"sale","37":"featured","38":"taxable","39":"shipping-taxable","40":"purchasable","41":"product-type-variable"},"yoast_head":"<!-- This site is optimized with the Yoast SEO plugin v25.2 - https:\/\/yoast.com\/wordpress\/plugins\/seo\/ -->\n<title>Prsten s imenom | Personalizirani prsten | Le Boxi<\/title>\n<meta name=\"description\" content=\"Elegantan prsten s imenom. Mo\u017eete birati izme\u0111u zlata, srebra ru\u017ei\u010dasto zlatne boje. Izvrstan poklon za sebe ili. na\u0161i najbli\u017ei.\" \/>\n<meta name=\"robots\" content=\"index, follow, max-snippet:-1, max-image-preview:large, max-video-preview:-1\" \/>\n<link rel=\"canonical\" href=\"http:\/\/staging.leboxi.eu\/hr\/proizvodi\/prstan-s-imenom-kopija\/\" \/>\n<meta property=\"og:locale\" content=\"hr_HR\" \/>\n<meta property=\"og:type\" content=\"article\" \/>\n<meta property=\"og:title\" content=\"Prsten s imenom | Personalizirani prsten | Le Boxi\" \/>\n<meta property=\"og:description\" content=\"Elegantan prsten s imenom. Mo\u017eete birati izme\u0111u zlata, srebra ru\u017ei\u010dasto zlatne boje. Izvrstan poklon za sebe ili. na\u0161i najbli\u017ei.\" \/>\n<meta property=\"og:url\" content=\"http:\/\/staging.leboxi.eu\/hr\/proizvodi\/prstan-s-imenom-kopija\/\" \/>\n<meta property=\"og:site_name\" content=\"Le Boxi | Unikatna darila za vsakogar\" \/>\n<meta property=\"article:publisher\" content=\"https:\/\/www.facebook.com\/leboxi.eu\" \/>\n<meta property=\"article:modified_time\" content=\"2024-04-01T20:34:44+00:00\" \/>\n<meta property=\"og:image\" content=\"http:\/\/staging.leboxi.eu\/wp-content\/uploads\/2022\/06\/prstan-z-imenom-zlato-min.png\" \/>\n\t<meta property=\"og:image:width\" content=\"790\" \/>\n\t<meta property=\"og:image:height\" content=\"788\" \/>\n\t<meta property=\"og:image:type\" content=\"image\/png\" \/>\n<meta name=\"twitter:card\" content=\"summary_large_image\" \/>\n<meta name=\"twitter:label1\" content=\"Procijenjeno vrijeme \u010ditanja\" \/>\n\t<meta name=\"twitter:data1\" content=\"2 minute\" \/>\n<script type=\"application\/ld+json\" class=\"yoast-schema-graph\">{\"@context\":\"https:\/\/schema.org\",\"@graph\":[{\"@type\":\"WebPage\",\"@id\":\"http:\/\/staging.leboxi.eu\/hr\/proizvodi\/prstan-s-imenom-kopija\/\",\"url\":\"http:\/\/staging.leboxi.eu\/hr\/proizvodi\/prstan-s-imenom-kopija\/\",\"name\":\"Prsten s imenom | Personalizirani prsten | Le Boxi\",\"isPartOf\":{\"@id\":\"http:\/\/staging.leboxi.eu\/hr\/#website\"},\"primaryImageOfPage\":{\"@id\":\"http:\/\/staging.leboxi.eu\/hr\/proizvodi\/prstan-s-imenom-kopija\/#primaryimage\"},\"image\":{\"@id\":\"http:\/\/staging.leboxi.eu\/hr\/proizvodi\/prstan-s-imenom-kopija\/#primaryimage\"},\"thumbnailUrl\":\"http:\/\/staging.leboxi.eu\/wp-content\/uploads\/2022\/06\/prstan-z-imenom-zlato-min.png\",\"datePublished\":\"2022-06-24T13:57:54+00:00\",\"dateModified\":\"2024-04-01T20:34:44+00:00\",\"description\":\"Elegantan prsten s imenom. Mo\u017eete birati izme\u0111u zlata, srebra ru\u017ei\u010dasto zlatne boje. Izvrstan poklon za sebe ili. na\u0161i najbli\u017ei.\",\"breadcrumb\":{\"@id\":\"http:\/\/staging.leboxi.eu\/hr\/proizvodi\/prstan-s-imenom-kopija\/#breadcrumb\"},\"inLanguage\":\"hr\",\"potentialAction\":[{\"@type\":\"ReadAction\",\"target\":[\"http:\/\/staging.leboxi.eu\/hr\/proizvodi\/prstan-s-imenom-kopija\/\"]}]},{\"@type\":\"ImageObject\",\"inLanguage\":\"hr\",\"@id\":\"http:\/\/staging.leboxi.eu\/hr\/proizvodi\/prstan-s-imenom-kopija\/#primaryimage\",\"url\":\"http:\/\/staging.leboxi.eu\/wp-content\/uploads\/2022\/06\/prstan-z-imenom-zlato-min.png\",\"contentUrl\":\"http:\/\/staging.leboxi.eu\/wp-content\/uploads\/2022\/06\/prstan-z-imenom-zlato-min.png\",\"width\":790,\"height\":788,\"caption\":\"prsten zlatne boje s personaliziranim imenom\"},{\"@type\":\"BreadcrumbList\",\"@id\":\"http:\/\/staging.leboxi.eu\/hr\/proizvodi\/prstan-s-imenom-kopija\/#breadcrumb\",\"itemListElement\":[{\"@type\":\"ListItem\",\"position\":1,\"name\":\"Doma\",\"item\":\"http:\/\/staging.leboxi.eu\/hr\/\"},{\"@type\":\"ListItem\",\"position\":2,\"name\":\"Trgovina\",\"item\":\"http:\/\/staging.leboxi.eu\/hr\/trgovina\/\"},{\"@type\":\"ListItem\",\"position\":3,\"name\":\"Prsten s imenom QUEEN\"}]},{\"@type\":\"WebSite\",\"@id\":\"http:\/\/staging.leboxi.eu\/hr\/#website\",\"url\":\"http:\/\/staging.leboxi.eu\/hr\/\",\"name\":\"Le Boxi | Unikatna darila za vsakogar\",\"description\":\"Unikatna darila in darilne \u0161katle za vse prilo\u017enosti.\",\"publisher\":{\"@id\":\"http:\/\/staging.leboxi.eu\/hr\/#organization\"},\"potentialAction\":[{\"@type\":\"SearchAction\",\"target\":{\"@type\":\"EntryPoint\",\"urlTemplate\":\"http:\/\/staging.leboxi.eu\/hr\/?s={search_term_string}\"},\"query-input\":{\"@type\":\"PropertyValueSpecification\",\"valueRequired\":true,\"valueName\":\"search_term_string\"}}],\"inLanguage\":\"hr\"},{\"@type\":\"Organization\",\"@id\":\"http:\/\/staging.leboxi.eu\/hr\/#organization\",\"name\":\"LE BOXI\",\"url\":\"http:\/\/staging.leboxi.eu\/hr\/\",\"logo\":{\"@type\":\"ImageObject\",\"inLanguage\":\"hr\",\"@id\":\"http:\/\/staging.leboxi.eu\/hr\/#\/schema\/logo\/image\/\",\"url\":\"http:\/\/staging.leboxi.eu\/wp-content\/uploads\/2021\/02\/LeBoxi-manjsi-png.png\",\"contentUrl\":\"http:\/\/staging.leboxi.eu\/wp-content\/uploads\/2021\/02\/LeBoxi-manjsi-png.png\",\"width\":389,\"height\":164,\"caption\":\"LE BOXI\"},\"image\":{\"@id\":\"http:\/\/staging.leboxi.eu\/hr\/#\/schema\/logo\/image\/\"},\"sameAs\":[\"https:\/\/www.facebook.com\/leboxi.eu\",\"https:\/\/www.instagram.com\/le.boxi\/\"]}]}<\/script>\n<!-- \/ Yoast SEO plugin. -->","yoast_head_json":{"title":"Prsten s imenom | Personalizirani prsten | Le Boxi","description":"Elegantan prsten s imenom. Mo\u017eete birati izme\u0111u zlata, srebra ru\u017ei\u010dasto zlatne boje. Izvrstan poklon za sebe ili. na\u0161i najbli\u017ei.","robots":{"index":"index","follow":"follow","max-snippet":"max-snippet:-1","max-image-preview":"max-image-preview:large","max-video-preview":"max-video-preview:-1"},"canonical":"http:\/\/staging.leboxi.eu\/hr\/proizvodi\/prstan-s-imenom-kopija\/","og_locale":"hr_HR","og_type":"article","og_title":"Prsten s imenom | Personalizirani prsten | Le Boxi","og_description":"Elegantan prsten s imenom. Mo\u017eete birati izme\u0111u zlata, srebra ru\u017ei\u010dasto zlatne boje. Izvrstan poklon za sebe ili. na\u0161i najbli\u017ei.","og_url":"http:\/\/staging.leboxi.eu\/hr\/proizvodi\/prstan-s-imenom-kopija\/","og_site_name":"Le Boxi | Unikatna darila za vsakogar","article_publisher":"https:\/\/www.facebook.com\/leboxi.eu","article_modified_time":"2024-04-01T20:34:44+00:00","og_image":[{"width":790,"height":788,"url":"http:\/\/staging.leboxi.eu\/wp-content\/uploads\/2022\/06\/prstan-z-imenom-zlato-min.png","type":"image\/png"}],"twitter_card":"summary_large_image","twitter_misc":{"Procijenjeno vrijeme \u010ditanja":"2 minute"},"schema":{"@context":"https:\/\/schema.org","@graph":[{"@type":"WebPage","@id":"http:\/\/staging.leboxi.eu\/hr\/proizvodi\/prstan-s-imenom-kopija\/","url":"http:\/\/staging.leboxi.eu\/hr\/proizvodi\/prstan-s-imenom-kopija\/","name":"Prsten s imenom | Personalizirani prsten | Le Boxi","isPartOf":{"@id":"http:\/\/staging.leboxi.eu\/hr\/#website"},"primaryImageOfPage":{"@id":"http:\/\/staging.leboxi.eu\/hr\/proizvodi\/prstan-s-imenom-kopija\/#primaryimage"},"image":{"@id":"http:\/\/staging.leboxi.eu\/hr\/proizvodi\/prstan-s-imenom-kopija\/#primaryimage"},"thumbnailUrl":"http:\/\/staging.leboxi.eu\/wp-content\/uploads\/2022\/06\/prstan-z-imenom-zlato-min.png","datePublished":"2022-06-24T13:57:54+00:00","dateModified":"2024-04-01T20:34:44+00:00","description":"Elegantan prsten s imenom. Mo\u017eete birati izme\u0111u zlata, srebra ru\u017ei\u010dasto zlatne boje. Izvrstan poklon za sebe ili. na\u0161i najbli\u017ei.","breadcrumb":{"@id":"http:\/\/staging.leboxi.eu\/hr\/proizvodi\/prstan-s-imenom-kopija\/#breadcrumb"},"inLanguage":"hr","potentialAction":[{"@type":"ReadAction","target":["http:\/\/staging.leboxi.eu\/hr\/proizvodi\/prstan-s-imenom-kopija\/"]}]},{"@type":"ImageObject","inLanguage":"hr","@id":"http:\/\/staging.leboxi.eu\/hr\/proizvodi\/prstan-s-imenom-kopija\/#primaryimage","url":"http:\/\/staging.leboxi.eu\/wp-content\/uploads\/2022\/06\/prstan-z-imenom-zlato-min.png","contentUrl":"http:\/\/staging.leboxi.eu\/wp-content\/uploads\/2022\/06\/prstan-z-imenom-zlato-min.png","width":790,"height":788,"caption":"prsten zlatne boje s personaliziranim imenom"},{"@type":"BreadcrumbList","@id":"http:\/\/staging.leboxi.eu\/hr\/proizvodi\/prstan-s-imenom-kopija\/#breadcrumb","itemListElement":[{"@type":"ListItem","position":1,"name":"Doma","item":"http:\/\/staging.leboxi.eu\/hr\/"},{"@type":"ListItem","position":2,"name":"Trgovina","item":"http:\/\/staging.leboxi.eu\/hr\/trgovina\/"},{"@type":"ListItem","position":3,"name":"Prsten s imenom QUEEN"}]},{"@type":"WebSite","@id":"http:\/\/staging.leboxi.eu\/hr\/#website","url":"http:\/\/staging.leboxi.eu\/hr\/","name":"Le Boxi | Unikatna darila za vsakogar","description":"Unikatna darila in darilne \u0161katle za vse prilo\u017enosti.","publisher":{"@id":"http:\/\/staging.leboxi.eu\/hr\/#organization"},"potentialAction":[{"@type":"SearchAction","target":{"@type":"EntryPoint","urlTemplate":"http:\/\/staging.leboxi.eu\/hr\/?s={search_term_string}"},"query-input":{"@type":"PropertyValueSpecification","valueRequired":true,"valueName":"search_term_string"}}],"inLanguage":"hr"},{"@type":"Organization","@id":"http:\/\/staging.leboxi.eu\/hr\/#organization","name":"LE BOXI","url":"http:\/\/staging.leboxi.eu\/hr\/","logo":{"@type":"ImageObject","inLanguage":"hr","@id":"http:\/\/staging.leboxi.eu\/hr\/#\/schema\/logo\/image\/","url":"http:\/\/staging.leboxi.eu\/wp-content\/uploads\/2021\/02\/LeBoxi-manjsi-png.png","contentUrl":"http:\/\/staging.leboxi.eu\/wp-content\/uploads\/2021\/02\/LeBoxi-manjsi-png.png","width":389,"height":164,"caption":"LE BOXI"},"image":{"@id":"http:\/\/staging.leboxi.eu\/hr\/#\/schema\/logo\/image\/"},"sameAs":["https:\/\/www.facebook.com\/leboxi.eu","https:\/\/www.instagram.com\/le.boxi\/"]}]}},"_links":{"self":[{"href":"http:\/\/staging.leboxi.eu\/hr\/wp-json\/wp\/v2\/product\/8552","targetHints":{"allow":["GET"]}}],"collection":[{"href":"http:\/\/staging.leboxi.eu\/hr\/wp-json\/wp\/v2\/product"}],"about":[{"href":"http:\/\/staging.leboxi.eu\/hr\/wp-json\/wp\/v2\/types\/product"}],"replies":[{"embeddable":true,"href":"http:\/\/staging.leboxi.eu\/hr\/wp-json\/wp\/v2\/comments?post=8552"}],"version-history":[{"count":3,"href":"http:\/\/staging.leboxi.eu\/hr\/wp-json\/wp\/v2\/product\/8552\/revisions"}],"predecessor-version":[{"id":17905,"href":"http:\/\/staging.leboxi.eu\/hr\/wp-json\/wp\/v2\/product\/8552\/revisions\/17905"}],"wp:featuredmedia":[{"embeddable":true,"href":"http:\/\/staging.leboxi.eu\/hr\/wp-json\/wp\/v2\/media\/8566"}],"wp:attachment":[{"href":"http:\/\/staging.leboxi.eu\/hr\/wp-json\/wp\/v2\/media?parent=8552"}],"wp:term":[{"taxonomy":"product_brand","embeddable":true,"href":"http:\/\/staging.leboxi.eu\/hr\/wp-json\/wp\/v2\/product_brand?post=8552"},{"taxonomy":"product_cat","embeddable":true,"href":"http:\/\/staging.leboxi.eu\/hr\/wp-json\/wp\/v2\/product_cat?post=8552"},{"taxonomy":"product_tag","embeddable":true,"href":"http:\/\/staging.leboxi.eu\/hr\/wp-json\/wp\/v2\/product_tag?post=8552"}],"curies":[{"name":"wp","href":"https:\/\/api.w.org\/{rel}","templated":true}]}}