{"id":7133,"date":"2021-04-08T17:42:53","date_gmt":"2022-04-04T19:08:53","guid":{"rendered":"http:\/\/staging.leboxi.eu\/izdelki\/dobro-dosla-na-svijet\/"},"modified":"2023-08-01T18:42:41","modified_gmt":"2023-08-01T17:42:41","slug":"dobro-dosla-na-svijet","status":"publish","type":"product","link":"http:\/\/staging.leboxi.eu\/hr\/proizvodi\/dobro-dosla-na-svijet\/","title":{"rendered":"Dobro do\u0161la na svijet"},"content":{"rendered":"<p>U poklon kompletu nalaze se:<\/p>\n<ul>\n<li><strong>Ru\u017ei\u010dasti pamu\u010dni komplet za novoro\u0111en\u010de s izvezenim motivom ma\u010dke i pli\u0161ani medvjedi\u0107-<\/strong>prekrasan komplet sadr\u017ei bodi, podbradnjak i \u010darapice od mekanog pamuka te medvjedi\u0107a. Prikladno za dob od 0 do 3 mjeseca. Sastav: odje\u0107a: 100 % pamuk i igra\u010dka: 100 % poliester<\/li>\n<\/ul>\n<ul>\n<li><strong>Kvalitetan mekani dje\u010dji pamu\u010dni ru\u010dnik s kapulja\u010dom i motivom duge<\/strong> napravljen kako bi djeci bilo ugodno. Najmla\u0111e \u0107e odu\u0161eviti izvezeni motiv duge. Dimenzije: 70 x 70 cm. Sastav: 90 % pamuk, 10 % poliester<\/li>\n<\/ul>\n<ul>\n<li><strong>Kov\u010deg<\/strong> sive boje s bijelim zvjezdicama, koji slu\u017ei kao kutija u kojoj se sla\u017eu proizvodi. Roditelji ga kasnije mogu iskoristiti kao kutiju za spremanje dje\u010djih uspomena. Dimenzije: (D x \u0160 x V) 29cm x 9,5 cm x20 cm.<\/li>\n<li>Dodatno: Poklonu mo\u017eete prilo\u017eiti i <strong>personaliziranu \u010destitku<\/strong> (+ 2,95\u20ac).<\/li>\n<\/ul>\n<p>Po \u017eelji \u0107emo dostaviti va\u0161 poklon primatelju, a podrazumijeva se da u paket ne\u0107emo prilo\u017eiti ra\u010dun tijekom isporuke. Ra\u010dun \u0107emo poslati vama.<\/p>\n","protected":false},"excerpt":{"rendered":"<p>Poklonite ru\u017ei\u010dasti pamu\u010dni komplet za novoro\u0111en\u010de s motivom ma\u010dke (bodi, podbradnjak i \u010darapice), pli\u0161anog medvjedi\u0107a i mekani upijaju\u0107i ru\u010dnik s kapulja\u010dom i motivom duge. Sve skupa lijepo je zapakirano u prekrasnu kutiju u obliku kov\u010dega koju obitelj kasnije mo\u017ee iskoristiti za spremanje dragocjenih uspomena.<\/p>\n<p>U kutiju mo\u017eete prilo\u017eiti i personaliziranu \u010destitku (uz nadoplatu)<\/p>\n<p>U nastavku pogledajte detaljan opis poklon kutije.<\/p>\n<p>&nbsp;<\/p>\n<p>Po \u017eelji \u0107emo dostaviti va\u0161 poklon primatelju, a podrazumijeva se da u paket ne\u0107emo prilo\u017eiti ra\u010dun tijekom isporuke. Ra\u010dun \u0107emo poslati vama.<\/p>\n","protected":false},"featured_media":5357,"comment_status":"open","ping_status":"closed","template":"","meta":{"site-sidebar-layout":"default","site-content-layout":"default","ast-site-content-layout":"default","site-content-style":"default","site-sidebar-style":"default","ast-global-header-display":"","ast-banner-title-visibility":"","ast-main-header-display":"","ast-hfb-above-header-display":"","ast-hfb-below-header-display":"","ast-hfb-mobile-header-display":"","site-post-title":"","ast-breadcrumbs-content":"","ast-featured-img":"","footer-sml-layout":"","theme-transparent-header-meta":"default","adv-header-id-meta":"","stick-header-meta":"","header-above-stick-meta":"","header-main-stick-meta":"","header-below-stick-meta":"","astra-migrate-meta-layouts":"default","ast-page-background-enabled":"default","ast-page-background-meta":{"desktop":{"background-color":"","background-image":"","background-repeat":"repeat","background-position":"center center","background-size":"auto","background-attachment":"scroll","background-type":"","background-media":"","overlay-type":"","overlay-color":"","overlay-opacity":"","overlay-gradient":""},"tablet":{"background-color":"","background-image":"","background-repeat":"repeat","background-position":"center center","background-size":"auto","background-attachment":"scroll","background-type":"","background-media":"","overlay-type":"","overlay-color":"","overlay-opacity":"","overlay-gradient":""},"mobile":{"background-color":"","background-image":"","background-repeat":"repeat","background-position":"center center","background-size":"auto","background-attachment":"scroll","background-type":"","background-media":"","overlay-type":"","overlay-color":"","overlay-opacity":"","overlay-gradient":""}},"ast-content-background-meta":{"desktop":{"background-color":"var(--ast-global-color-5)","background-image":"","background-repeat":"repeat","background-position":"center center","background-size":"auto","background-attachment":"scroll","background-type":"","background-media":"","overlay-type":"","overlay-color":"","overlay-opacity":"","overlay-gradient":""},"tablet":{"background-color":"var(--ast-global-color-5)","background-image":"","background-repeat":"repeat","background-position":"center center","background-size":"auto","background-attachment":"scroll","background-type":"","background-media":"","overlay-type":"","overlay-color":"","overlay-opacity":"","overlay-gradient":""},"mobile":{"background-color":"var(--ast-global-color-5)","background-image":"","background-repeat":"repeat","background-position":"center center","background-size":"auto","background-attachment":"scroll","background-type":"","background-media":"","overlay-type":"","overlay-color":"","overlay-opacity":"","overlay-gradient":""}}},"product_brand":[],"product_cat":[15],"product_tag":[],"class_list":{"0":"post-7133","1":"product","2":"type-product","3":"status-publish","4":"has-post-thumbnail","6":"product_cat-splosna","7":"desktop-align-left","8":"tablet-align-left","9":"mobile-align-left","11":"first","12":"outofstock","13":"taxable","14":"shipping-taxable","15":"purchasable","16":"product-type-simple"},"yoast_head":"<!-- This site is optimized with the Yoast SEO plugin v25.2 - https:\/\/yoast.com\/wordpress\/plugins\/seo\/ -->\n<title>Le Boxi | Unikatna darila za vsakogar<\/title>\n<meta name=\"description\" content=\"Poklonite ru\u017ei\u010dasti pamu\u010dni komplet za novoro\u0111en\u010de s motivom ma\u010dke (bodi, podbradnjak i \u010darapice), pli\u0161anog medvjedi\u0107a i mekani upijaju\u0107i ru\u010dnik s kapulja\u010dom i motivom duge. Sve skupa lijepo je zapakirano u prekrasnu kutiju u obliku kov\u010dega koju obitelj kasnije mo\u017ee iskoristiti za spremanje dragocjenih uspomena.\" \/>\n<meta name=\"robots\" content=\"index, follow, max-snippet:-1, max-image-preview:large, max-video-preview:-1\" \/>\n<link rel=\"canonical\" href=\"http:\/\/staging.leboxi.eu\/hr\/proizvodi\/dobro-dosla-na-svijet\/\" \/>\n<meta property=\"og:locale\" content=\"hr_HR\" \/>\n<meta property=\"og:type\" content=\"article\" \/>\n<meta property=\"og:title\" content=\"Le Boxi | Unikatna darila za vsakogar\" \/>\n<meta property=\"og:description\" content=\"Poklonite ru\u017ei\u010dasti pamu\u010dni komplet za novoro\u0111en\u010de s motivom ma\u010dke (bodi, podbradnjak i \u010darapice), pli\u0161anog medvjedi\u0107a i mekani upijaju\u0107i ru\u010dnik s kapulja\u010dom i motivom duge. Sve skupa lijepo je zapakirano u prekrasnu kutiju u obliku kov\u010dega koju obitelj kasnije mo\u017ee iskoristiti za spremanje dragocjenih uspomena.\" \/>\n<meta property=\"og:url\" content=\"http:\/\/staging.leboxi.eu\/hr\/proizvodi\/dobro-dosla-na-svijet\/\" \/>\n<meta property=\"og:site_name\" content=\"Le Boxi | Unikatna darila za vsakogar\" \/>\n<meta property=\"article:publisher\" content=\"https:\/\/www.facebook.com\/leboxi.eu\" \/>\n<meta property=\"article:modified_time\" content=\"2023-08-01T17:42:41+00:00\" \/>\n<meta property=\"og:image\" content=\"http:\/\/staging.leboxi.eu\/wp-content\/uploads\/2021\/04\/Izdelek-214-of-339.jpg\" \/>\n\t<meta property=\"og:image:width\" content=\"1000\" \/>\n\t<meta property=\"og:image:height\" content=\"1000\" \/>\n\t<meta property=\"og:image:type\" content=\"image\/jpeg\" \/>\n<meta name=\"twitter:card\" content=\"summary_large_image\" \/>\n<meta name=\"twitter:label1\" content=\"Procijenjeno vrijeme \u010ditanja\" \/>\n\t<meta name=\"twitter:data1\" content=\"1 minuta\" \/>\n<script type=\"application\/ld+json\" class=\"yoast-schema-graph\">{\"@context\":\"https:\/\/schema.org\",\"@graph\":[{\"@type\":\"WebPage\",\"@id\":\"http:\/\/staging.leboxi.eu\/hr\/proizvodi\/dobro-dosla-na-svijet\/\",\"url\":\"http:\/\/staging.leboxi.eu\/hr\/proizvodi\/dobro-dosla-na-svijet\/\",\"name\":\"Le Boxi | Unikatna darila za vsakogar\",\"isPartOf\":{\"@id\":\"http:\/\/staging.leboxi.eu\/hr\/#website\"},\"primaryImageOfPage\":{\"@id\":\"http:\/\/staging.leboxi.eu\/hr\/proizvodi\/dobro-dosla-na-svijet\/#primaryimage\"},\"image\":{\"@id\":\"http:\/\/staging.leboxi.eu\/hr\/proizvodi\/dobro-dosla-na-svijet\/#primaryimage\"},\"thumbnailUrl\":\"http:\/\/staging.leboxi.eu\/wp-content\/uploads\/2021\/04\/Izdelek-214-of-339.jpg\",\"datePublished\":\"2022-04-04T19:08:53+00:00\",\"dateModified\":\"2023-08-01T17:42:41+00:00\",\"description\":\"Poklonite ru\u017ei\u010dasti pamu\u010dni komplet za novoro\u0111en\u010de s motivom ma\u010dke (bodi, podbradnjak i \u010darapice), pli\u0161anog medvjedi\u0107a i mekani upijaju\u0107i ru\u010dnik s kapulja\u010dom i motivom duge. Sve skupa lijepo je zapakirano u prekrasnu kutiju u obliku kov\u010dega koju obitelj kasnije mo\u017ee iskoristiti za spremanje dragocjenih uspomena.\",\"breadcrumb\":{\"@id\":\"http:\/\/staging.leboxi.eu\/hr\/proizvodi\/dobro-dosla-na-svijet\/#breadcrumb\"},\"inLanguage\":\"hr\",\"potentialAction\":[{\"@type\":\"ReadAction\",\"target\":[\"http:\/\/staging.leboxi.eu\/hr\/proizvodi\/dobro-dosla-na-svijet\/\"]}]},{\"@type\":\"ImageObject\",\"inLanguage\":\"hr\",\"@id\":\"http:\/\/staging.leboxi.eu\/hr\/proizvodi\/dobro-dosla-na-svijet\/#primaryimage\",\"url\":\"http:\/\/staging.leboxi.eu\/wp-content\/uploads\/2021\/04\/Izdelek-214-of-339.jpg\",\"contentUrl\":\"http:\/\/staging.leboxi.eu\/wp-content\/uploads\/2021\/04\/Izdelek-214-of-339.jpg\",\"width\":1000,\"height\":1000,\"caption\":\"Siva poklon kutija s bijelim zvjezdicama sadr\u017ei pamu\u010dno ru\u017ei\u010dasti komplet s motivom ma\u010di\u0107a s bodijem, oprsnikom i \u010darapama od mekog pamuka, medvjedi\u0107a i pamu\u010dnim ru\u010dnikom s kapulja\u010dom s motivom duge\"},{\"@type\":\"BreadcrumbList\",\"@id\":\"http:\/\/staging.leboxi.eu\/hr\/proizvodi\/dobro-dosla-na-svijet\/#breadcrumb\",\"itemListElement\":[{\"@type\":\"ListItem\",\"position\":1,\"name\":\"Doma\",\"item\":\"http:\/\/staging.leboxi.eu\/hr\/\"},{\"@type\":\"ListItem\",\"position\":2,\"name\":\"Trgovina\",\"item\":\"http:\/\/staging.leboxi.eu\/hr\/trgovina\/\"},{\"@type\":\"ListItem\",\"position\":3,\"name\":\"Dobro do\u0161la na svijet\"}]},{\"@type\":\"WebSite\",\"@id\":\"http:\/\/staging.leboxi.eu\/hr\/#website\",\"url\":\"http:\/\/staging.leboxi.eu\/hr\/\",\"name\":\"Le Boxi | Unikatna darila za vsakogar\",\"description\":\"Unikatna darila in darilne \u0161katle za vse prilo\u017enosti.\",\"publisher\":{\"@id\":\"http:\/\/staging.leboxi.eu\/hr\/#organization\"},\"potentialAction\":[{\"@type\":\"SearchAction\",\"target\":{\"@type\":\"EntryPoint\",\"urlTemplate\":\"http:\/\/staging.leboxi.eu\/hr\/?s={search_term_string}\"},\"query-input\":{\"@type\":\"PropertyValueSpecification\",\"valueRequired\":true,\"valueName\":\"search_term_string\"}}],\"inLanguage\":\"hr\"},{\"@type\":\"Organization\",\"@id\":\"http:\/\/staging.leboxi.eu\/hr\/#organization\",\"name\":\"LE BOXI\",\"url\":\"http:\/\/staging.leboxi.eu\/hr\/\",\"logo\":{\"@type\":\"ImageObject\",\"inLanguage\":\"hr\",\"@id\":\"http:\/\/staging.leboxi.eu\/hr\/#\/schema\/logo\/image\/\",\"url\":\"http:\/\/staging.leboxi.eu\/wp-content\/uploads\/2021\/02\/LeBoxi-manjsi-png.png\",\"contentUrl\":\"http:\/\/staging.leboxi.eu\/wp-content\/uploads\/2021\/02\/LeBoxi-manjsi-png.png\",\"width\":389,\"height\":164,\"caption\":\"LE BOXI\"},\"image\":{\"@id\":\"http:\/\/staging.leboxi.eu\/hr\/#\/schema\/logo\/image\/\"},\"sameAs\":[\"https:\/\/www.facebook.com\/leboxi.eu\",\"https:\/\/www.instagram.com\/le.boxi\/\"]}]}<\/script>\n<!-- \/ Yoast SEO plugin. -->","yoast_head_json":{"title":"Le Boxi | Unikatna darila za vsakogar","description":"Poklonite ru\u017ei\u010dasti pamu\u010dni komplet za novoro\u0111en\u010de s motivom ma\u010dke (bodi, podbradnjak i \u010darapice), pli\u0161anog medvjedi\u0107a i mekani upijaju\u0107i ru\u010dnik s kapulja\u010dom i motivom duge. Sve skupa lijepo je zapakirano u prekrasnu kutiju u obliku kov\u010dega koju obitelj kasnije mo\u017ee iskoristiti za spremanje dragocjenih uspomena.","robots":{"index":"index","follow":"follow","max-snippet":"max-snippet:-1","max-image-preview":"max-image-preview:large","max-video-preview":"max-video-preview:-1"},"canonical":"http:\/\/staging.leboxi.eu\/hr\/proizvodi\/dobro-dosla-na-svijet\/","og_locale":"hr_HR","og_type":"article","og_title":"Le Boxi | Unikatna darila za vsakogar","og_description":"Poklonite ru\u017ei\u010dasti pamu\u010dni komplet za novoro\u0111en\u010de s motivom ma\u010dke (bodi, podbradnjak i \u010darapice), pli\u0161anog medvjedi\u0107a i mekani upijaju\u0107i ru\u010dnik s kapulja\u010dom i motivom duge. Sve skupa lijepo je zapakirano u prekrasnu kutiju u obliku kov\u010dega koju obitelj kasnije mo\u017ee iskoristiti za spremanje dragocjenih uspomena.","og_url":"http:\/\/staging.leboxi.eu\/hr\/proizvodi\/dobro-dosla-na-svijet\/","og_site_name":"Le Boxi | Unikatna darila za vsakogar","article_publisher":"https:\/\/www.facebook.com\/leboxi.eu","article_modified_time":"2023-08-01T17:42:41+00:00","og_image":[{"width":1000,"height":1000,"url":"http:\/\/staging.leboxi.eu\/wp-content\/uploads\/2021\/04\/Izdelek-214-of-339.jpg","type":"image\/jpeg"}],"twitter_card":"summary_large_image","twitter_misc":{"Procijenjeno vrijeme \u010ditanja":"1 minuta"},"schema":{"@context":"https:\/\/schema.org","@graph":[{"@type":"WebPage","@id":"http:\/\/staging.leboxi.eu\/hr\/proizvodi\/dobro-dosla-na-svijet\/","url":"http:\/\/staging.leboxi.eu\/hr\/proizvodi\/dobro-dosla-na-svijet\/","name":"Le Boxi | Unikatna darila za vsakogar","isPartOf":{"@id":"http:\/\/staging.leboxi.eu\/hr\/#website"},"primaryImageOfPage":{"@id":"http:\/\/staging.leboxi.eu\/hr\/proizvodi\/dobro-dosla-na-svijet\/#primaryimage"},"image":{"@id":"http:\/\/staging.leboxi.eu\/hr\/proizvodi\/dobro-dosla-na-svijet\/#primaryimage"},"thumbnailUrl":"http:\/\/staging.leboxi.eu\/wp-content\/uploads\/2021\/04\/Izdelek-214-of-339.jpg","datePublished":"2022-04-04T19:08:53+00:00","dateModified":"2023-08-01T17:42:41+00:00","description":"Poklonite ru\u017ei\u010dasti pamu\u010dni komplet za novoro\u0111en\u010de s motivom ma\u010dke (bodi, podbradnjak i \u010darapice), pli\u0161anog medvjedi\u0107a i mekani upijaju\u0107i ru\u010dnik s kapulja\u010dom i motivom duge. Sve skupa lijepo je zapakirano u prekrasnu kutiju u obliku kov\u010dega koju obitelj kasnije mo\u017ee iskoristiti za spremanje dragocjenih uspomena.","breadcrumb":{"@id":"http:\/\/staging.leboxi.eu\/hr\/proizvodi\/dobro-dosla-na-svijet\/#breadcrumb"},"inLanguage":"hr","potentialAction":[{"@type":"ReadAction","target":["http:\/\/staging.leboxi.eu\/hr\/proizvodi\/dobro-dosla-na-svijet\/"]}]},{"@type":"ImageObject","inLanguage":"hr","@id":"http:\/\/staging.leboxi.eu\/hr\/proizvodi\/dobro-dosla-na-svijet\/#primaryimage","url":"http:\/\/staging.leboxi.eu\/wp-content\/uploads\/2021\/04\/Izdelek-214-of-339.jpg","contentUrl":"http:\/\/staging.leboxi.eu\/wp-content\/uploads\/2021\/04\/Izdelek-214-of-339.jpg","width":1000,"height":1000,"caption":"Siva poklon kutija s bijelim zvjezdicama sadr\u017ei pamu\u010dno ru\u017ei\u010dasti komplet s motivom ma\u010di\u0107a s bodijem, oprsnikom i \u010darapama od mekog pamuka, medvjedi\u0107a i pamu\u010dnim ru\u010dnikom s kapulja\u010dom s motivom duge"},{"@type":"BreadcrumbList","@id":"http:\/\/staging.leboxi.eu\/hr\/proizvodi\/dobro-dosla-na-svijet\/#breadcrumb","itemListElement":[{"@type":"ListItem","position":1,"name":"Doma","item":"http:\/\/staging.leboxi.eu\/hr\/"},{"@type":"ListItem","position":2,"name":"Trgovina","item":"http:\/\/staging.leboxi.eu\/hr\/trgovina\/"},{"@type":"ListItem","position":3,"name":"Dobro do\u0161la na svijet"}]},{"@type":"WebSite","@id":"http:\/\/staging.leboxi.eu\/hr\/#website","url":"http:\/\/staging.leboxi.eu\/hr\/","name":"Le Boxi | Unikatna darila za vsakogar","description":"Unikatna darila in darilne \u0161katle za vse prilo\u017enosti.","publisher":{"@id":"http:\/\/staging.leboxi.eu\/hr\/#organization"},"potentialAction":[{"@type":"SearchAction","target":{"@type":"EntryPoint","urlTemplate":"http:\/\/staging.leboxi.eu\/hr\/?s={search_term_string}"},"query-input":{"@type":"PropertyValueSpecification","valueRequired":true,"valueName":"search_term_string"}}],"inLanguage":"hr"},{"@type":"Organization","@id":"http:\/\/staging.leboxi.eu\/hr\/#organization","name":"LE BOXI","url":"http:\/\/staging.leboxi.eu\/hr\/","logo":{"@type":"ImageObject","inLanguage":"hr","@id":"http:\/\/staging.leboxi.eu\/hr\/#\/schema\/logo\/image\/","url":"http:\/\/staging.leboxi.eu\/wp-content\/uploads\/2021\/02\/LeBoxi-manjsi-png.png","contentUrl":"http:\/\/staging.leboxi.eu\/wp-content\/uploads\/2021\/02\/LeBoxi-manjsi-png.png","width":389,"height":164,"caption":"LE BOXI"},"image":{"@id":"http:\/\/staging.leboxi.eu\/hr\/#\/schema\/logo\/image\/"},"sameAs":["https:\/\/www.facebook.com\/leboxi.eu","https:\/\/www.instagram.com\/le.boxi\/"]}]}},"_links":{"self":[{"href":"http:\/\/staging.leboxi.eu\/hr\/wp-json\/wp\/v2\/product\/7133","targetHints":{"allow":["GET"]}}],"collection":[{"href":"http:\/\/staging.leboxi.eu\/hr\/wp-json\/wp\/v2\/product"}],"about":[{"href":"http:\/\/staging.leboxi.eu\/hr\/wp-json\/wp\/v2\/types\/product"}],"replies":[{"embeddable":true,"href":"http:\/\/staging.leboxi.eu\/hr\/wp-json\/wp\/v2\/comments?post=7133"}],"version-history":[{"count":1,"href":"http:\/\/staging.leboxi.eu\/hr\/wp-json\/wp\/v2\/product\/7133\/revisions"}],"predecessor-version":[{"id":7134,"href":"http:\/\/staging.leboxi.eu\/hr\/wp-json\/wp\/v2\/product\/7133\/revisions\/7134"}],"wp:featuredmedia":[{"embeddable":true,"href":"http:\/\/staging.leboxi.eu\/hr\/wp-json\/wp\/v2\/media\/5357"}],"wp:attachment":[{"href":"http:\/\/staging.leboxi.eu\/hr\/wp-json\/wp\/v2\/media?parent=7133"}],"wp:term":[{"taxonomy":"product_brand","embeddable":true,"href":"http:\/\/staging.leboxi.eu\/hr\/wp-json\/wp\/v2\/product_brand?post=7133"},{"taxonomy":"product_cat","embeddable":true,"href":"http:\/\/staging.leboxi.eu\/hr\/wp-json\/wp\/v2\/product_cat?post=7133"},{"taxonomy":"product_tag","embeddable":true,"href":"http:\/\/staging.leboxi.eu\/hr\/wp-json\/wp\/v2\/product_tag?post=7133"}],"curies":[{"name":"wp","href":"https:\/\/api.w.org\/{rel}","templated":true}]}}