{"id":7124,"date":"2021-04-08T17:58:31","date_gmt":"2022-04-03T14:39:43","guid":{"rendered":"http:\/\/staging.leboxi.eu\/izdelki\/poklon-kutija-sivi-jezic\/"},"modified":"2022-04-03T15:44:17","modified_gmt":"2022-04-03T14:44:17","slug":"poklon-za-bebu-i-mamu","status":"publish","type":"product","link":"http:\/\/staging.leboxi.eu\/hr\/proizvodi\/poklon-za-bebu-i-mamu\/","title":{"rendered":"Poklon kutija &#8211; Sivi je\u017ei\u0107"},"content":{"rendered":"<p>Prekrasan poklon za bebu i mamu koji \u0107e odu\u0161eviti oboje ???? Novoro\u0111en\u010de \u0107e divno izgledati u mekanom pamu\u010dnom kompleti\u0107u, a mama \u0107e mo\u0107i u\u017eivati u spremanju djetetovih uspomena u prakti\u010dan sivi kov\u010deg koji \u0107e s vremenom mo\u0107i pokazati svojem mali\u0161anu.<\/p>\n<p>U poklon kompletu nalaze se:<\/p>\n<ul>\n<li>4-dijelni sivi pamu\u010dni komplet za novoro\u0111en\u010de s izvezenim motivom je\u017ei\u0107a. U kompletu se nalaze bodi, podbradnjak i \u010darapice od mekanog pamuka te medvjedi\u0107. Prikladno za dob od 0 do 3 mjeseca. Sastav: odje\u0107a: 100 % pamuk i igra\u010dka: 100 % poliester<\/li>\n<\/ul>\n<ul>\n<li><strong>Kov\u010deg<\/strong> sive boje s bijelim zvjezdicama, koji slu\u017ei kao kutija u kojoj se sla\u017eu proizvodi. Roditelji ga kasnije mogu iskoristiti kao kutiju za spremanje dje\u010djih uspomena. Dimenzije: (D x \u0160 x V) 20cm x 8 cm x14,5 cm.<\/li>\n<li>Dodatno: Poklonu mo\u017eete prilo\u017eiti i <strong>personaliziranu \u010destitku<\/strong> koju mo\u017eete odabrati na stranici s odabranom poklon kutijom (+2,95 eur).<\/li>\n<\/ul>\n<p>Kao to\u010dku na i svojem poklonu mo\u017eete dodati i <a href=\"http:\/\/staging.leboxi.eu\/hr\/blog\/le-boxi-proljetne-poklon-kartice-i-rodendanske-posvete\/\">poklon kartice<\/a>, a upute za njihovu izradu mo\u017eete prona\u0107i na na\u0161em blogu. Tra\u017eenje poklona za bebu i mamu vi\u0161e ne\u0107e biti problem. Po \u017eelji \u0107emo dostaviti va\u0161 poklon primatelju, a podrazumijeva se da u paket ne\u0107emo prilo\u017eiti ra\u010dun tijekom isporuke. Ra\u010dun \u0107emo poslati vama.<\/p>\n","protected":false},"excerpt":{"rendered":"<p>Ovaj prekrasni 4-dijelni komplet u neutralnoj sivoj boji i s motivom je\u017ei\u0107a savr\u0161en je poklon za bebu i mamu jer sadr\u017ei sve ono najnu\u017enije. U poklon kompletu nalazi se djetetov prvi pli\u0161ani medvjedi\u0107 te bodi, podbradnjak i \u010darapice od mekanog pamuka, s jedinstvenim motivom slatkog je\u017ei\u0107a. Poklon kutija idealan je poklon za bebu i mamu.<\/p>\n<p>U kutiju mo\u017eete prilo\u017eiti i personaliziranu \u010destitku (uz nadoplatu).<\/p>\n<p>U nastavku pogledajte detaljan opis poklon kutije.<\/p>\n<p>&nbsp;<\/p>\n<p>Po \u017eelji \u0107emo dostaviti va\u0161 poklon primatelju, a podrazumijeva se da u paket ne\u0107emo prilo\u017eiti ra\u010dun tijekom isporuke. Ra\u010dun \u0107emo poslati vama.<\/p>\n","protected":false},"featured_media":5369,"comment_status":"open","ping_status":"closed","template":"","meta":{"site-sidebar-layout":"default","site-content-layout":"default","ast-site-content-layout":"default","site-content-style":"default","site-sidebar-style":"default","ast-global-header-display":"","ast-banner-title-visibility":"","ast-main-header-display":"","ast-hfb-above-header-display":"","ast-hfb-below-header-display":"","ast-hfb-mobile-header-display":"","site-post-title":"","ast-breadcrumbs-content":"","ast-featured-img":"","footer-sml-layout":"","theme-transparent-header-meta":"default","adv-header-id-meta":"","stick-header-meta":"","header-above-stick-meta":"","header-main-stick-meta":"","header-below-stick-meta":"","astra-migrate-meta-layouts":"default","ast-page-background-enabled":"default","ast-page-background-meta":{"desktop":{"background-color":"","background-image":"","background-repeat":"repeat","background-position":"center center","background-size":"auto","background-attachment":"scroll","background-type":"","background-media":"","overlay-type":"","overlay-color":"","overlay-opacity":"","overlay-gradient":""},"tablet":{"background-color":"","background-image":"","background-repeat":"repeat","background-position":"center center","background-size":"auto","background-attachment":"scroll","background-type":"","background-media":"","overlay-type":"","overlay-color":"","overlay-opacity":"","overlay-gradient":""},"mobile":{"background-color":"","background-image":"","background-repeat":"repeat","background-position":"center center","background-size":"auto","background-attachment":"scroll","background-type":"","background-media":"","overlay-type":"","overlay-color":"","overlay-opacity":"","overlay-gradient":""}},"ast-content-background-meta":{"desktop":{"background-color":"var(--ast-global-color-5)","background-image":"","background-repeat":"repeat","background-position":"center center","background-size":"auto","background-attachment":"scroll","background-type":"","background-media":"","overlay-type":"","overlay-color":"","overlay-opacity":"","overlay-gradient":""},"tablet":{"background-color":"var(--ast-global-color-5)","background-image":"","background-repeat":"repeat","background-position":"center center","background-size":"auto","background-attachment":"scroll","background-type":"","background-media":"","overlay-type":"","overlay-color":"","overlay-opacity":"","overlay-gradient":""},"mobile":{"background-color":"var(--ast-global-color-5)","background-image":"","background-repeat":"repeat","background-position":"center center","background-size":"auto","background-attachment":"scroll","background-type":"","background-media":"","overlay-type":"","overlay-color":"","overlay-opacity":"","overlay-gradient":""}}},"product_brand":[],"product_cat":[15],"product_tag":[],"class_list":{"0":"post-7124","1":"product","2":"type-product","3":"status-publish","4":"has-post-thumbnail","6":"product_cat-splosna","7":"desktop-align-left","8":"tablet-align-left","9":"mobile-align-left","11":"first","12":"outofstock","13":"taxable","14":"shipping-taxable","15":"purchasable","16":"product-type-simple"},"yoast_head":"<!-- This site is optimized with the Yoast SEO plugin v25.2 - https:\/\/yoast.com\/wordpress\/plugins\/seo\/ -->\n<title>Poklon za bebu i mamu | Poklon kutija - Sivi je\u017ei\u0107 | Le Boxi<\/title>\n<meta name=\"description\" content=\"Ovaj 4-dijelni komplet u neutralnoj sivoj boji i s motivom je\u017ei\u0107a savr\u0161en je poklon za bebu i mamu.\" \/>\n<meta name=\"robots\" content=\"index, follow, max-snippet:-1, max-image-preview:large, max-video-preview:-1\" \/>\n<link rel=\"canonical\" href=\"http:\/\/staging.leboxi.eu\/hr\/proizvodi\/poklon-za-bebu-i-mamu\/\" \/>\n<meta property=\"og:locale\" content=\"hr_HR\" \/>\n<meta property=\"og:type\" content=\"article\" \/>\n<meta property=\"og:title\" content=\"Poklon za bebu i mamu | Poklon kutija - Sivi je\u017ei\u0107 | Le Boxi\" \/>\n<meta property=\"og:description\" content=\"Ovaj 4-dijelni komplet u neutralnoj sivoj boji i s motivom je\u017ei\u0107a savr\u0161en je poklon za bebu i mamu.\" \/>\n<meta property=\"og:url\" content=\"http:\/\/staging.leboxi.eu\/hr\/proizvodi\/poklon-za-bebu-i-mamu\/\" \/>\n<meta property=\"og:site_name\" content=\"Le Boxi | Unikatna darila za vsakogar\" \/>\n<meta property=\"article:publisher\" content=\"https:\/\/www.facebook.com\/leboxi.eu\" \/>\n<meta property=\"article:modified_time\" content=\"2022-04-03T14:44:17+00:00\" \/>\n<meta property=\"og:image\" content=\"http:\/\/staging.leboxi.eu\/wp-content\/uploads\/2021\/04\/Izdelek-250-of-339.jpg\" \/>\n\t<meta property=\"og:image:width\" content=\"1000\" \/>\n\t<meta property=\"og:image:height\" content=\"1000\" \/>\n\t<meta property=\"og:image:type\" content=\"image\/jpeg\" \/>\n<meta name=\"twitter:card\" content=\"summary_large_image\" \/>\n<meta name=\"twitter:label1\" content=\"Procijenjeno vrijeme \u010ditanja\" \/>\n\t<meta name=\"twitter:data1\" content=\"2 minute\" \/>\n<script type=\"application\/ld+json\" class=\"yoast-schema-graph\">{\"@context\":\"https:\/\/schema.org\",\"@graph\":[{\"@type\":\"WebPage\",\"@id\":\"http:\/\/staging.leboxi.eu\/hr\/proizvodi\/poklon-za-bebu-i-mamu\/\",\"url\":\"http:\/\/staging.leboxi.eu\/hr\/proizvodi\/poklon-za-bebu-i-mamu\/\",\"name\":\"Poklon za bebu i mamu | Poklon kutija - Sivi je\u017ei\u0107 | Le Boxi\",\"isPartOf\":{\"@id\":\"http:\/\/staging.leboxi.eu\/hr\/#website\"},\"primaryImageOfPage\":{\"@id\":\"http:\/\/staging.leboxi.eu\/hr\/proizvodi\/poklon-za-bebu-i-mamu\/#primaryimage\"},\"image\":{\"@id\":\"http:\/\/staging.leboxi.eu\/hr\/proizvodi\/poklon-za-bebu-i-mamu\/#primaryimage\"},\"thumbnailUrl\":\"http:\/\/staging.leboxi.eu\/wp-content\/uploads\/2021\/04\/Izdelek-250-of-339.jpg\",\"datePublished\":\"2022-04-03T14:39:43+00:00\",\"dateModified\":\"2022-04-03T14:44:17+00:00\",\"description\":\"Ovaj 4-dijelni komplet u neutralnoj sivoj boji i s motivom je\u017ei\u0107a savr\u0161en je poklon za bebu i mamu.\",\"breadcrumb\":{\"@id\":\"http:\/\/staging.leboxi.eu\/hr\/proizvodi\/poklon-za-bebu-i-mamu\/#breadcrumb\"},\"inLanguage\":\"hr\",\"potentialAction\":[{\"@type\":\"ReadAction\",\"target\":[\"http:\/\/staging.leboxi.eu\/hr\/proizvodi\/poklon-za-bebu-i-mamu\/\"]}]},{\"@type\":\"ImageObject\",\"inLanguage\":\"hr\",\"@id\":\"http:\/\/staging.leboxi.eu\/hr\/proizvodi\/poklon-za-bebu-i-mamu\/#primaryimage\",\"url\":\"http:\/\/staging.leboxi.eu\/wp-content\/uploads\/2021\/04\/Izdelek-250-of-339.jpg\",\"contentUrl\":\"http:\/\/staging.leboxi.eu\/wp-content\/uploads\/2021\/04\/Izdelek-250-of-339.jpg\",\"width\":1000,\"height\":1000,\"caption\":\"Poklon za bebu i mamu . Siva poklon kutija s bijelim zvjezdicama sadr\u017ei pamu\u010dno sivi set s motivom je\u017ea s bodijem, naprtnja\u010dom i \u010darapama od mekog pamuka i medvjedi\u0107a\"},{\"@type\":\"BreadcrumbList\",\"@id\":\"http:\/\/staging.leboxi.eu\/hr\/proizvodi\/poklon-za-bebu-i-mamu\/#breadcrumb\",\"itemListElement\":[{\"@type\":\"ListItem\",\"position\":1,\"name\":\"Doma\",\"item\":\"http:\/\/staging.leboxi.eu\/hr\/\"},{\"@type\":\"ListItem\",\"position\":2,\"name\":\"Trgovina\",\"item\":\"http:\/\/staging.leboxi.eu\/hr\/trgovina\/\"},{\"@type\":\"ListItem\",\"position\":3,\"name\":\"Poklon kutija &#8211; Sivi je\u017ei\u0107\"}]},{\"@type\":\"WebSite\",\"@id\":\"http:\/\/staging.leboxi.eu\/hr\/#website\",\"url\":\"http:\/\/staging.leboxi.eu\/hr\/\",\"name\":\"Le Boxi | Unikatna darila za vsakogar\",\"description\":\"Unikatna darila in darilne \u0161katle za vse prilo\u017enosti.\",\"publisher\":{\"@id\":\"http:\/\/staging.leboxi.eu\/hr\/#organization\"},\"potentialAction\":[{\"@type\":\"SearchAction\",\"target\":{\"@type\":\"EntryPoint\",\"urlTemplate\":\"http:\/\/staging.leboxi.eu\/hr\/?s={search_term_string}\"},\"query-input\":{\"@type\":\"PropertyValueSpecification\",\"valueRequired\":true,\"valueName\":\"search_term_string\"}}],\"inLanguage\":\"hr\"},{\"@type\":\"Organization\",\"@id\":\"http:\/\/staging.leboxi.eu\/hr\/#organization\",\"name\":\"LE BOXI\",\"url\":\"http:\/\/staging.leboxi.eu\/hr\/\",\"logo\":{\"@type\":\"ImageObject\",\"inLanguage\":\"hr\",\"@id\":\"http:\/\/staging.leboxi.eu\/hr\/#\/schema\/logo\/image\/\",\"url\":\"http:\/\/staging.leboxi.eu\/wp-content\/uploads\/2021\/02\/LeBoxi-manjsi-png.png\",\"contentUrl\":\"http:\/\/staging.leboxi.eu\/wp-content\/uploads\/2021\/02\/LeBoxi-manjsi-png.png\",\"width\":389,\"height\":164,\"caption\":\"LE BOXI\"},\"image\":{\"@id\":\"http:\/\/staging.leboxi.eu\/hr\/#\/schema\/logo\/image\/\"},\"sameAs\":[\"https:\/\/www.facebook.com\/leboxi.eu\",\"https:\/\/www.instagram.com\/le.boxi\/\"]}]}<\/script>\n<!-- \/ Yoast SEO plugin. -->","yoast_head_json":{"title":"Poklon za bebu i mamu | Poklon kutija - Sivi je\u017ei\u0107 | Le Boxi","description":"Ovaj 4-dijelni komplet u neutralnoj sivoj boji i s motivom je\u017ei\u0107a savr\u0161en je poklon za bebu i mamu.","robots":{"index":"index","follow":"follow","max-snippet":"max-snippet:-1","max-image-preview":"max-image-preview:large","max-video-preview":"max-video-preview:-1"},"canonical":"http:\/\/staging.leboxi.eu\/hr\/proizvodi\/poklon-za-bebu-i-mamu\/","og_locale":"hr_HR","og_type":"article","og_title":"Poklon za bebu i mamu | Poklon kutija - Sivi je\u017ei\u0107 | Le Boxi","og_description":"Ovaj 4-dijelni komplet u neutralnoj sivoj boji i s motivom je\u017ei\u0107a savr\u0161en je poklon za bebu i mamu.","og_url":"http:\/\/staging.leboxi.eu\/hr\/proizvodi\/poklon-za-bebu-i-mamu\/","og_site_name":"Le Boxi | Unikatna darila za vsakogar","article_publisher":"https:\/\/www.facebook.com\/leboxi.eu","article_modified_time":"2022-04-03T14:44:17+00:00","og_image":[{"width":1000,"height":1000,"url":"http:\/\/staging.leboxi.eu\/wp-content\/uploads\/2021\/04\/Izdelek-250-of-339.jpg","type":"image\/jpeg"}],"twitter_card":"summary_large_image","twitter_misc":{"Procijenjeno vrijeme \u010ditanja":"2 minute"},"schema":{"@context":"https:\/\/schema.org","@graph":[{"@type":"WebPage","@id":"http:\/\/staging.leboxi.eu\/hr\/proizvodi\/poklon-za-bebu-i-mamu\/","url":"http:\/\/staging.leboxi.eu\/hr\/proizvodi\/poklon-za-bebu-i-mamu\/","name":"Poklon za bebu i mamu | Poklon kutija - Sivi je\u017ei\u0107 | Le Boxi","isPartOf":{"@id":"http:\/\/staging.leboxi.eu\/hr\/#website"},"primaryImageOfPage":{"@id":"http:\/\/staging.leboxi.eu\/hr\/proizvodi\/poklon-za-bebu-i-mamu\/#primaryimage"},"image":{"@id":"http:\/\/staging.leboxi.eu\/hr\/proizvodi\/poklon-za-bebu-i-mamu\/#primaryimage"},"thumbnailUrl":"http:\/\/staging.leboxi.eu\/wp-content\/uploads\/2021\/04\/Izdelek-250-of-339.jpg","datePublished":"2022-04-03T14:39:43+00:00","dateModified":"2022-04-03T14:44:17+00:00","description":"Ovaj 4-dijelni komplet u neutralnoj sivoj boji i s motivom je\u017ei\u0107a savr\u0161en je poklon za bebu i mamu.","breadcrumb":{"@id":"http:\/\/staging.leboxi.eu\/hr\/proizvodi\/poklon-za-bebu-i-mamu\/#breadcrumb"},"inLanguage":"hr","potentialAction":[{"@type":"ReadAction","target":["http:\/\/staging.leboxi.eu\/hr\/proizvodi\/poklon-za-bebu-i-mamu\/"]}]},{"@type":"ImageObject","inLanguage":"hr","@id":"http:\/\/staging.leboxi.eu\/hr\/proizvodi\/poklon-za-bebu-i-mamu\/#primaryimage","url":"http:\/\/staging.leboxi.eu\/wp-content\/uploads\/2021\/04\/Izdelek-250-of-339.jpg","contentUrl":"http:\/\/staging.leboxi.eu\/wp-content\/uploads\/2021\/04\/Izdelek-250-of-339.jpg","width":1000,"height":1000,"caption":"Poklon za bebu i mamu . Siva poklon kutija s bijelim zvjezdicama sadr\u017ei pamu\u010dno sivi set s motivom je\u017ea s bodijem, naprtnja\u010dom i \u010darapama od mekog pamuka i medvjedi\u0107a"},{"@type":"BreadcrumbList","@id":"http:\/\/staging.leboxi.eu\/hr\/proizvodi\/poklon-za-bebu-i-mamu\/#breadcrumb","itemListElement":[{"@type":"ListItem","position":1,"name":"Doma","item":"http:\/\/staging.leboxi.eu\/hr\/"},{"@type":"ListItem","position":2,"name":"Trgovina","item":"http:\/\/staging.leboxi.eu\/hr\/trgovina\/"},{"@type":"ListItem","position":3,"name":"Poklon kutija &#8211; Sivi je\u017ei\u0107"}]},{"@type":"WebSite","@id":"http:\/\/staging.leboxi.eu\/hr\/#website","url":"http:\/\/staging.leboxi.eu\/hr\/","name":"Le Boxi | Unikatna darila za vsakogar","description":"Unikatna darila in darilne \u0161katle za vse prilo\u017enosti.","publisher":{"@id":"http:\/\/staging.leboxi.eu\/hr\/#organization"},"potentialAction":[{"@type":"SearchAction","target":{"@type":"EntryPoint","urlTemplate":"http:\/\/staging.leboxi.eu\/hr\/?s={search_term_string}"},"query-input":{"@type":"PropertyValueSpecification","valueRequired":true,"valueName":"search_term_string"}}],"inLanguage":"hr"},{"@type":"Organization","@id":"http:\/\/staging.leboxi.eu\/hr\/#organization","name":"LE BOXI","url":"http:\/\/staging.leboxi.eu\/hr\/","logo":{"@type":"ImageObject","inLanguage":"hr","@id":"http:\/\/staging.leboxi.eu\/hr\/#\/schema\/logo\/image\/","url":"http:\/\/staging.leboxi.eu\/wp-content\/uploads\/2021\/02\/LeBoxi-manjsi-png.png","contentUrl":"http:\/\/staging.leboxi.eu\/wp-content\/uploads\/2021\/02\/LeBoxi-manjsi-png.png","width":389,"height":164,"caption":"LE BOXI"},"image":{"@id":"http:\/\/staging.leboxi.eu\/hr\/#\/schema\/logo\/image\/"},"sameAs":["https:\/\/www.facebook.com\/leboxi.eu","https:\/\/www.instagram.com\/le.boxi\/"]}]}},"_links":{"self":[{"href":"http:\/\/staging.leboxi.eu\/hr\/wp-json\/wp\/v2\/product\/7124","targetHints":{"allow":["GET"]}}],"collection":[{"href":"http:\/\/staging.leboxi.eu\/hr\/wp-json\/wp\/v2\/product"}],"about":[{"href":"http:\/\/staging.leboxi.eu\/hr\/wp-json\/wp\/v2\/types\/product"}],"replies":[{"embeddable":true,"href":"http:\/\/staging.leboxi.eu\/hr\/wp-json\/wp\/v2\/comments?post=7124"}],"version-history":[{"count":1,"href":"http:\/\/staging.leboxi.eu\/hr\/wp-json\/wp\/v2\/product\/7124\/revisions"}],"predecessor-version":[{"id":7125,"href":"http:\/\/staging.leboxi.eu\/hr\/wp-json\/wp\/v2\/product\/7124\/revisions\/7125"}],"wp:featuredmedia":[{"embeddable":true,"href":"http:\/\/staging.leboxi.eu\/hr\/wp-json\/wp\/v2\/media\/5369"}],"wp:attachment":[{"href":"http:\/\/staging.leboxi.eu\/hr\/wp-json\/wp\/v2\/media?parent=7124"}],"wp:term":[{"taxonomy":"product_brand","embeddable":true,"href":"http:\/\/staging.leboxi.eu\/hr\/wp-json\/wp\/v2\/product_brand?post=7124"},{"taxonomy":"product_cat","embeddable":true,"href":"http:\/\/staging.leboxi.eu\/hr\/wp-json\/wp\/v2\/product_cat?post=7124"},{"taxonomy":"product_tag","embeddable":true,"href":"http:\/\/staging.leboxi.eu\/hr\/wp-json\/wp\/v2\/product_tag?post=7124"}],"curies":[{"name":"wp","href":"https:\/\/api.w.org\/{rel}","templated":true}]}}