{"id":7117,"date":"2021-04-08T16:16:45","date_gmt":"2022-04-03T13:40:11","guid":{"rendered":"http:\/\/staging.leboxi.eu\/izdelki\/poklon-kutija-nasa-sreca\/"},"modified":"2024-07-21T13:15:58","modified_gmt":"2024-07-21T12:15:58","slug":"poklon-za-rodenje","status":"publish","type":"product","link":"http:\/\/staging.leboxi.eu\/hr\/proizvodi\/poklon-za-rodenje\/","title":{"rendered":"Poklon kutija &#8211; Na\u0161a sre\u0107a"},"content":{"rendered":"<p>Ova poklon kutija prikladna je kao poklon za ro\u0111enje. U njoj se nalazi:<\/p>\n<ul>\n<li><strong>Mekana i udobna pamu\u010dna pletena dekica<\/strong> u bijeloj boji, izra\u0111ena od 100 % pamuka. Za majke i novoro\u0111en\u010dad pletena dekica neizostavan je pratitelj na putu od rodili\u0161ta do doma. Mo\u017ee se upotrebljavati i u kolicima, dje\u010djem kreveti\u0107u ili ko\u0161ari za novoro\u0111en\u010de.<\/li>\n<li>Sastav: 100 % pamuk<\/li>\n<li><strong>Bijele pamu\u010dne pletene papu\u010dice<\/strong> \u2013 par bijelih pletenih papu\u010dica od 100 % pamuka za novoro\u0111en\u010de, koje \u0107e pomo\u0107i da no\u017eice va\u0161eg djeteta ostanu tople.<\/li>\n<li>Sastav: 100 % pamuk<\/li>\n<li><strong>Kov\u010deg<\/strong> sive boje s bijelim zvjezdicama, koji slu\u017ei kao kutija u kojoj se sla\u017eu proizvodi. Roditelji ga kasnije mogu iskoristiti kao kutiju za spremanje dje\u010djih uspomena.<\/li>\n<li>Dodatno: Poklonu mo\u017eete prilo\u017eiti i <strong>personaliziranu \u010destitku<\/strong> (+2,95\u20ac).<\/li>\n<\/ul>\n<p>Kao to\u010dku na i svojem poklonu mo\u017eete dodati i <a href=\"http:\/\/staging.leboxi.eu\/hr\/blog\/le-boxi-proljetne-poklon-kartice-i-rodendanske-posvete\/\">poklon kartice<\/a>, a upute za njihovu izradu mo\u017eete prona\u0107i na na\u0161em blogu.<\/p>\n<p>Po \u017eelji \u0107emo dostaviti va\u0161 poklon primatelju, a podrazumijeva se da u paket ne\u0107emo prilo\u017eiti ra\u010dun tijekom isporuke. Ra\u010dun \u0107emo poslati vama.<\/p>\n","protected":false},"excerpt":{"rendered":"<p>Komplet mekane pletene dekice od pamuka i pletenih papu\u010dica do pamuka kako bi novoro\u0111en\u010detu bilo udobnije. Poklonite svestranu pletenu dekicu koja \u0107e postati mamina vjerna pratiteljica te mekane pletene papu\u010dice u kojima \u0107e bebine no\u017eice disati, a istovremeno \u0107e biti za\u0161ti\u0107ene od hladno\u0107e. Sve skupa lijepo je zapakirano u prekrasnu kutiju u obliku kov\u010dega koju obitelj kasnije mo\u017ee iskoristiti za spremanje dragocjenih uspomena.<\/p>\n<p>U poklon kutiju mo\u017eete uklju\u010diti i personaliziranu \u010destitku (uz nadoplatu). Jedinstven poklon za ro\u0111enje.<\/p>\n<p>U nastavku pogledajte detaljan opis poklon kutije.<\/p>\n<p>&nbsp;<\/p>\n<p>Po \u017eelji \u0107emo dostaviti va\u0161 poklon primatelju, a podrazumijeva se da u paket ne\u0107emo prilo\u017eiti ra\u010dun tijekom isporuke. Ra\u010dun \u0107emo poslati vama.<\/p>\n","protected":false},"featured_media":5337,"comment_status":"open","ping_status":"closed","template":"","meta":{"site-sidebar-layout":"default","site-content-layout":"default","ast-site-content-layout":"default","site-content-style":"default","site-sidebar-style":"default","ast-global-header-display":"","ast-banner-title-visibility":"","ast-main-header-display":"","ast-hfb-above-header-display":"","ast-hfb-below-header-display":"","ast-hfb-mobile-header-display":"","site-post-title":"","ast-breadcrumbs-content":"","ast-featured-img":"","footer-sml-layout":"","theme-transparent-header-meta":"default","adv-header-id-meta":"","stick-header-meta":"","header-above-stick-meta":"","header-main-stick-meta":"","header-below-stick-meta":"","astra-migrate-meta-layouts":"default","ast-page-background-enabled":"default","ast-page-background-meta":{"desktop":{"background-color":"","background-image":"","background-repeat":"repeat","background-position":"center center","background-size":"auto","background-attachment":"scroll","background-type":"","background-media":"","overlay-type":"","overlay-color":"","overlay-opacity":"","overlay-gradient":""},"tablet":{"background-color":"","background-image":"","background-repeat":"repeat","background-position":"center center","background-size":"auto","background-attachment":"scroll","background-type":"","background-media":"","overlay-type":"","overlay-color":"","overlay-opacity":"","overlay-gradient":""},"mobile":{"background-color":"","background-image":"","background-repeat":"repeat","background-position":"center center","background-size":"auto","background-attachment":"scroll","background-type":"","background-media":"","overlay-type":"","overlay-color":"","overlay-opacity":"","overlay-gradient":""}},"ast-content-background-meta":{"desktop":{"background-color":"var(--ast-global-color-5)","background-image":"","background-repeat":"repeat","background-position":"center center","background-size":"auto","background-attachment":"scroll","background-type":"","background-media":"","overlay-type":"","overlay-color":"","overlay-opacity":"","overlay-gradient":""},"tablet":{"background-color":"var(--ast-global-color-5)","background-image":"","background-repeat":"repeat","background-position":"center center","background-size":"auto","background-attachment":"scroll","background-type":"","background-media":"","overlay-type":"","overlay-color":"","overlay-opacity":"","overlay-gradient":""},"mobile":{"background-color":"var(--ast-global-color-5)","background-image":"","background-repeat":"repeat","background-position":"center center","background-size":"auto","background-attachment":"scroll","background-type":"","background-media":"","overlay-type":"","overlay-color":"","overlay-opacity":"","overlay-gradient":""}}},"product_brand":[],"product_cat":[15],"product_tag":[],"class_list":{"0":"post-7117","1":"product","2":"type-product","3":"status-publish","4":"has-post-thumbnail","6":"product_cat-splosna","7":"desktop-align-left","8":"tablet-align-left","9":"mobile-align-left","11":"first","12":"outofstock","13":"taxable","14":"shipping-taxable","15":"purchasable","16":"product-type-simple"},"yoast_head":"<!-- This site is optimized with the Yoast SEO plugin v25.2 - https:\/\/yoast.com\/wordpress\/plugins\/seo\/ -->\n<title>Poklon za ro\u0111enje | Poklon kutija za novoro\u0111en\u010de | Le Boxi<\/title>\n<meta name=\"description\" content=\"Sjajan poklon za ro\u0111enje. Komplet mekane pletene dekice od pamuka i pletenih papu\u010dica do pamuka kako bi novoro\u0111en\u010detu bilo udobnije.\" \/>\n<meta name=\"robots\" content=\"index, follow, max-snippet:-1, max-image-preview:large, max-video-preview:-1\" \/>\n<link rel=\"canonical\" href=\"http:\/\/staging.leboxi.eu\/hr\/proizvodi\/poklon-za-rodenje\/\" \/>\n<meta property=\"og:locale\" content=\"hr_HR\" \/>\n<meta property=\"og:type\" content=\"article\" \/>\n<meta property=\"og:title\" content=\"Poklon za ro\u0111enje | Poklon kutija za novoro\u0111en\u010de | Le Boxi\" \/>\n<meta property=\"og:description\" content=\"Sjajan poklon za ro\u0111enje. Komplet mekane pletene dekice od pamuka i pletenih papu\u010dica do pamuka kako bi novoro\u0111en\u010detu bilo udobnije.\" \/>\n<meta property=\"og:url\" content=\"http:\/\/staging.leboxi.eu\/hr\/proizvodi\/poklon-za-rodenje\/\" \/>\n<meta property=\"og:site_name\" content=\"Le Boxi | Unikatna darila za vsakogar\" \/>\n<meta property=\"article:publisher\" content=\"https:\/\/www.facebook.com\/leboxi.eu\" \/>\n<meta property=\"article:modified_time\" content=\"2024-07-21T12:15:58+00:00\" \/>\n<meta property=\"og:image\" content=\"http:\/\/staging.leboxi.eu\/wp-content\/uploads\/2021\/04\/Izdelek-163-of-339.jpg\" \/>\n\t<meta property=\"og:image:width\" content=\"1000\" \/>\n\t<meta property=\"og:image:height\" content=\"1000\" \/>\n\t<meta property=\"og:image:type\" content=\"image\/jpeg\" \/>\n<meta name=\"twitter:card\" content=\"summary_large_image\" \/>\n<meta name=\"twitter:label1\" content=\"Procijenjeno vrijeme \u010ditanja\" \/>\n\t<meta name=\"twitter:data1\" content=\"1 minuta\" \/>\n<script type=\"application\/ld+json\" class=\"yoast-schema-graph\">{\"@context\":\"https:\/\/schema.org\",\"@graph\":[{\"@type\":\"WebPage\",\"@id\":\"http:\/\/staging.leboxi.eu\/hr\/proizvodi\/poklon-za-rodenje\/\",\"url\":\"http:\/\/staging.leboxi.eu\/hr\/proizvodi\/poklon-za-rodenje\/\",\"name\":\"Poklon za ro\u0111enje | Poklon kutija za novoro\u0111en\u010de | Le Boxi\",\"isPartOf\":{\"@id\":\"http:\/\/staging.leboxi.eu\/hr\/#website\"},\"primaryImageOfPage\":{\"@id\":\"http:\/\/staging.leboxi.eu\/hr\/proizvodi\/poklon-za-rodenje\/#primaryimage\"},\"image\":{\"@id\":\"http:\/\/staging.leboxi.eu\/hr\/proizvodi\/poklon-za-rodenje\/#primaryimage\"},\"thumbnailUrl\":\"http:\/\/staging.leboxi.eu\/wp-content\/uploads\/2021\/04\/Izdelek-163-of-339.jpg\",\"datePublished\":\"2022-04-03T13:40:11+00:00\",\"dateModified\":\"2024-07-21T12:15:58+00:00\",\"description\":\"Sjajan poklon za ro\u0111enje. Komplet mekane pletene dekice od pamuka i pletenih papu\u010dica do pamuka kako bi novoro\u0111en\u010detu bilo udobnije.\",\"breadcrumb\":{\"@id\":\"http:\/\/staging.leboxi.eu\/hr\/proizvodi\/poklon-za-rodenje\/#breadcrumb\"},\"inLanguage\":\"hr\",\"potentialAction\":[{\"@type\":\"ReadAction\",\"target\":[\"http:\/\/staging.leboxi.eu\/hr\/proizvodi\/poklon-za-rodenje\/\"]}]},{\"@type\":\"ImageObject\",\"inLanguage\":\"hr\",\"@id\":\"http:\/\/staging.leboxi.eu\/hr\/proizvodi\/poklon-za-rodenje\/#primaryimage\",\"url\":\"http:\/\/staging.leboxi.eu\/wp-content\/uploads\/2021\/04\/Izdelek-163-of-339.jpg\",\"contentUrl\":\"http:\/\/staging.leboxi.eu\/wp-content\/uploads\/2021\/04\/Izdelek-163-of-339.jpg\",\"width\":1000,\"height\":1000,\"caption\":\"Poklon za ro\u0111enje: Siva poklon kutija s bijelim zvijezdama sadr\u017ei bijele pletene papu\u010de i bijelu pletenu pamu\u010dnu deku\"},{\"@type\":\"BreadcrumbList\",\"@id\":\"http:\/\/staging.leboxi.eu\/hr\/proizvodi\/poklon-za-rodenje\/#breadcrumb\",\"itemListElement\":[{\"@type\":\"ListItem\",\"position\":1,\"name\":\"Doma\",\"item\":\"http:\/\/staging.leboxi.eu\/hr\/\"},{\"@type\":\"ListItem\",\"position\":2,\"name\":\"Trgovina\",\"item\":\"http:\/\/staging.leboxi.eu\/hr\/trgovina\/\"},{\"@type\":\"ListItem\",\"position\":3,\"name\":\"Poklon kutija &#8211; Na\u0161a sre\u0107a\"}]},{\"@type\":\"WebSite\",\"@id\":\"http:\/\/staging.leboxi.eu\/hr\/#website\",\"url\":\"http:\/\/staging.leboxi.eu\/hr\/\",\"name\":\"Le Boxi | Unikatna darila za vsakogar\",\"description\":\"Unikatna darila in darilne \u0161katle za vse prilo\u017enosti.\",\"publisher\":{\"@id\":\"http:\/\/staging.leboxi.eu\/hr\/#organization\"},\"potentialAction\":[{\"@type\":\"SearchAction\",\"target\":{\"@type\":\"EntryPoint\",\"urlTemplate\":\"http:\/\/staging.leboxi.eu\/hr\/?s={search_term_string}\"},\"query-input\":{\"@type\":\"PropertyValueSpecification\",\"valueRequired\":true,\"valueName\":\"search_term_string\"}}],\"inLanguage\":\"hr\"},{\"@type\":\"Organization\",\"@id\":\"http:\/\/staging.leboxi.eu\/hr\/#organization\",\"name\":\"LE BOXI\",\"url\":\"http:\/\/staging.leboxi.eu\/hr\/\",\"logo\":{\"@type\":\"ImageObject\",\"inLanguage\":\"hr\",\"@id\":\"http:\/\/staging.leboxi.eu\/hr\/#\/schema\/logo\/image\/\",\"url\":\"http:\/\/staging.leboxi.eu\/wp-content\/uploads\/2021\/02\/LeBoxi-manjsi-png.png\",\"contentUrl\":\"http:\/\/staging.leboxi.eu\/wp-content\/uploads\/2021\/02\/LeBoxi-manjsi-png.png\",\"width\":389,\"height\":164,\"caption\":\"LE BOXI\"},\"image\":{\"@id\":\"http:\/\/staging.leboxi.eu\/hr\/#\/schema\/logo\/image\/\"},\"sameAs\":[\"https:\/\/www.facebook.com\/leboxi.eu\",\"https:\/\/www.instagram.com\/le.boxi\/\"]}]}<\/script>\n<!-- \/ Yoast SEO plugin. -->","yoast_head_json":{"title":"Poklon za ro\u0111enje | Poklon kutija za novoro\u0111en\u010de | Le Boxi","description":"Sjajan poklon za ro\u0111enje. Komplet mekane pletene dekice od pamuka i pletenih papu\u010dica do pamuka kako bi novoro\u0111en\u010detu bilo udobnije.","robots":{"index":"index","follow":"follow","max-snippet":"max-snippet:-1","max-image-preview":"max-image-preview:large","max-video-preview":"max-video-preview:-1"},"canonical":"http:\/\/staging.leboxi.eu\/hr\/proizvodi\/poklon-za-rodenje\/","og_locale":"hr_HR","og_type":"article","og_title":"Poklon za ro\u0111enje | Poklon kutija za novoro\u0111en\u010de | Le Boxi","og_description":"Sjajan poklon za ro\u0111enje. Komplet mekane pletene dekice od pamuka i pletenih papu\u010dica do pamuka kako bi novoro\u0111en\u010detu bilo udobnije.","og_url":"http:\/\/staging.leboxi.eu\/hr\/proizvodi\/poklon-za-rodenje\/","og_site_name":"Le Boxi | Unikatna darila za vsakogar","article_publisher":"https:\/\/www.facebook.com\/leboxi.eu","article_modified_time":"2024-07-21T12:15:58+00:00","og_image":[{"width":1000,"height":1000,"url":"http:\/\/staging.leboxi.eu\/wp-content\/uploads\/2021\/04\/Izdelek-163-of-339.jpg","type":"image\/jpeg"}],"twitter_card":"summary_large_image","twitter_misc":{"Procijenjeno vrijeme \u010ditanja":"1 minuta"},"schema":{"@context":"https:\/\/schema.org","@graph":[{"@type":"WebPage","@id":"http:\/\/staging.leboxi.eu\/hr\/proizvodi\/poklon-za-rodenje\/","url":"http:\/\/staging.leboxi.eu\/hr\/proizvodi\/poklon-za-rodenje\/","name":"Poklon za ro\u0111enje | Poklon kutija za novoro\u0111en\u010de | Le Boxi","isPartOf":{"@id":"http:\/\/staging.leboxi.eu\/hr\/#website"},"primaryImageOfPage":{"@id":"http:\/\/staging.leboxi.eu\/hr\/proizvodi\/poklon-za-rodenje\/#primaryimage"},"image":{"@id":"http:\/\/staging.leboxi.eu\/hr\/proizvodi\/poklon-za-rodenje\/#primaryimage"},"thumbnailUrl":"http:\/\/staging.leboxi.eu\/wp-content\/uploads\/2021\/04\/Izdelek-163-of-339.jpg","datePublished":"2022-04-03T13:40:11+00:00","dateModified":"2024-07-21T12:15:58+00:00","description":"Sjajan poklon za ro\u0111enje. Komplet mekane pletene dekice od pamuka i pletenih papu\u010dica do pamuka kako bi novoro\u0111en\u010detu bilo udobnije.","breadcrumb":{"@id":"http:\/\/staging.leboxi.eu\/hr\/proizvodi\/poklon-za-rodenje\/#breadcrumb"},"inLanguage":"hr","potentialAction":[{"@type":"ReadAction","target":["http:\/\/staging.leboxi.eu\/hr\/proizvodi\/poklon-za-rodenje\/"]}]},{"@type":"ImageObject","inLanguage":"hr","@id":"http:\/\/staging.leboxi.eu\/hr\/proizvodi\/poklon-za-rodenje\/#primaryimage","url":"http:\/\/staging.leboxi.eu\/wp-content\/uploads\/2021\/04\/Izdelek-163-of-339.jpg","contentUrl":"http:\/\/staging.leboxi.eu\/wp-content\/uploads\/2021\/04\/Izdelek-163-of-339.jpg","width":1000,"height":1000,"caption":"Poklon za ro\u0111enje: Siva poklon kutija s bijelim zvijezdama sadr\u017ei bijele pletene papu\u010de i bijelu pletenu pamu\u010dnu deku"},{"@type":"BreadcrumbList","@id":"http:\/\/staging.leboxi.eu\/hr\/proizvodi\/poklon-za-rodenje\/#breadcrumb","itemListElement":[{"@type":"ListItem","position":1,"name":"Doma","item":"http:\/\/staging.leboxi.eu\/hr\/"},{"@type":"ListItem","position":2,"name":"Trgovina","item":"http:\/\/staging.leboxi.eu\/hr\/trgovina\/"},{"@type":"ListItem","position":3,"name":"Poklon kutija &#8211; Na\u0161a sre\u0107a"}]},{"@type":"WebSite","@id":"http:\/\/staging.leboxi.eu\/hr\/#website","url":"http:\/\/staging.leboxi.eu\/hr\/","name":"Le Boxi | Unikatna darila za vsakogar","description":"Unikatna darila in darilne \u0161katle za vse prilo\u017enosti.","publisher":{"@id":"http:\/\/staging.leboxi.eu\/hr\/#organization"},"potentialAction":[{"@type":"SearchAction","target":{"@type":"EntryPoint","urlTemplate":"http:\/\/staging.leboxi.eu\/hr\/?s={search_term_string}"},"query-input":{"@type":"PropertyValueSpecification","valueRequired":true,"valueName":"search_term_string"}}],"inLanguage":"hr"},{"@type":"Organization","@id":"http:\/\/staging.leboxi.eu\/hr\/#organization","name":"LE BOXI","url":"http:\/\/staging.leboxi.eu\/hr\/","logo":{"@type":"ImageObject","inLanguage":"hr","@id":"http:\/\/staging.leboxi.eu\/hr\/#\/schema\/logo\/image\/","url":"http:\/\/staging.leboxi.eu\/wp-content\/uploads\/2021\/02\/LeBoxi-manjsi-png.png","contentUrl":"http:\/\/staging.leboxi.eu\/wp-content\/uploads\/2021\/02\/LeBoxi-manjsi-png.png","width":389,"height":164,"caption":"LE BOXI"},"image":{"@id":"http:\/\/staging.leboxi.eu\/hr\/#\/schema\/logo\/image\/"},"sameAs":["https:\/\/www.facebook.com\/leboxi.eu","https:\/\/www.instagram.com\/le.boxi\/"]}]}},"_links":{"self":[{"href":"http:\/\/staging.leboxi.eu\/hr\/wp-json\/wp\/v2\/product\/7117","targetHints":{"allow":["GET"]}}],"collection":[{"href":"http:\/\/staging.leboxi.eu\/hr\/wp-json\/wp\/v2\/product"}],"about":[{"href":"http:\/\/staging.leboxi.eu\/hr\/wp-json\/wp\/v2\/types\/product"}],"replies":[{"embeddable":true,"href":"http:\/\/staging.leboxi.eu\/hr\/wp-json\/wp\/v2\/comments?post=7117"}],"version-history":[{"count":2,"href":"http:\/\/staging.leboxi.eu\/hr\/wp-json\/wp\/v2\/product\/7117\/revisions"}],"predecessor-version":[{"id":7119,"href":"http:\/\/staging.leboxi.eu\/hr\/wp-json\/wp\/v2\/product\/7117\/revisions\/7119"}],"wp:featuredmedia":[{"embeddable":true,"href":"http:\/\/staging.leboxi.eu\/hr\/wp-json\/wp\/v2\/media\/5337"}],"wp:attachment":[{"href":"http:\/\/staging.leboxi.eu\/hr\/wp-json\/wp\/v2\/media?parent=7117"}],"wp:term":[{"taxonomy":"product_brand","embeddable":true,"href":"http:\/\/staging.leboxi.eu\/hr\/wp-json\/wp\/v2\/product_brand?post=7117"},{"taxonomy":"product_cat","embeddable":true,"href":"http:\/\/staging.leboxi.eu\/hr\/wp-json\/wp\/v2\/product_cat?post=7117"},{"taxonomy":"product_tag","embeddable":true,"href":"http:\/\/staging.leboxi.eu\/hr\/wp-json\/wp\/v2\/product_tag?post=7117"}],"curies":[{"name":"wp","href":"https:\/\/api.w.org\/{rel}","templated":true}]}}