{"id":7068,"date":"2022-02-21T18:22:58","date_gmt":"2022-02-21T17:22:58","guid":{"rendered":"http:\/\/staging.leboxi.eu\/izdelki\/valentinovo-darilo-set-verizica-vrtnice\/"},"modified":"2024-10-08T08:26:42","modified_gmt":"2024-10-08T07:26:42","slug":"valentinovo-darilo-set-verizica-vrtnice","status":"publish","type":"product","link":"http:\/\/staging.leboxi.eu\/hr\/proizvodi\/valentinovo-darilo-set-verizica-vrtnice\/","title":{"rendered":"Set \u201coglica srce + ru\u017ee\u201d"},"content":{"rendered":"<p>Ovaj poklon komplet odli\u010dan je poklon za valentinovo ili poklon za Dan \u017eena. Sapuni u obliku ru\u017ea koje izgledaju kao prave. Dodajte jednu ili dvije ru\u017ee u toplu kupku, opustite se i gledajte kako se lijepo cvije\u0107e topi pred va\u0161im o\u010dima. Primatelj \u0107e svakako u\u017eivati \u200b\u200bu \u0161arenoj vodi i nje\u017enom mirisu. Ko\u017eu \u010dini mekanom, svilenkastom i predivno mirisnom.<\/p>\n<p>Poklon komplet se tako\u0111er sastoji od ogrlice s privjeskom kirur\u0161kog srca od nehr\u0111aju\u0107eg \u010delika. Zbog svog sastava vrlo je otporan na vanjske utjecaje. Ogrlica je pohranjena u slatkoj bijeloj tekstilnoj vre\u0107ici. Odabrani poklon komplet za Valentinovo koji \u0107e zasigurno izmamiti osmijeh na lice va\u0161oj voljenoj osobi.<\/p>\n<p>Preporuke za upotrebu: Preporu\u010dujemo da nakit skinete prije kupanja\/tu\u0161iranja, prije spavanja te prije sportskih aktivnosti kako se ne bi o\u0161tetio te kako bi \u0161to dulje ostao sjajan. Nakit ne ostavlja mrlje, ne gubi boju, ne ostavlja zelene tragove na ko\u017ei i vodootporan je.<\/p>\n<p>&nbsp;<\/p>\n<h6>Dodatno:<\/h6>\n<p>U poklon kutiju mo\u017eete uklju\u010diti i <a href=\"http:\/\/staging.leboxi.eu\/izdelki\/personalizirana-cestitka\/\"><strong>personaliziranu \u010destitku<\/strong><\/a> (+2,95 eura).<\/p>\n<p>Po \u017eelji \u0107emo dostaviti va\u0161 poklon primatelju, a podrazumijeva se da u paket ne\u0107emo prilo\u017eiti ra\u010dun tijekom isporuke. Ra\u010dun \u0107emo poslati vama.<\/p>\n<p>Povrh svega, svoj poklon set mo\u017eete nadograditi <a href=\"http:\/\/staging.leboxi.eu\/blog\/posvetilo-darilni-listki\/\">poklon listi\u0107ima<\/a> za izradu \u010dije upute mo\u017eete prona\u0107i na na\u0161em blogu.<\/p>\n","protected":false},"excerpt":{"rendered":"<p>Za vas smo pripremili unikatan poklon komplet koji se sastoji od ogrlice sa privjeskom u obliku srca i ru\u017ea od sapuna. Izgledaju kao ru\u017ee i miri\u0161u kao ru\u017ee, ali nemaju trnje ni pelud te ne venu! Sapuni u obliku ru\u017ee imaju o\u010daravaju\u0107i miris i vrlo su dekorativni. Mo\u017eete ih upotrijebiti u kadi za stvaranje romanti\u010dnog ugo\u0111aja ili ih stavite u posudicu za sapun u kupaonici, gdje \u0107e goste o\u010darati svojom ljepotom. Prekrasan poklon za Valentinovo za nju ili poklon za Dan \u017eena.<\/p>\n<p>Elegantna ogrlica sa privjeskom u obliku srca unikatan je poklon za svaku \u017eenu. Izra\u0111en je od nehr\u0111aju\u0107eg kirur\u0161kog \u010delika. Ogrlica je pohranjena u bijeloj tekstilnoj vre\u0107ici.<\/p>\n<p>Ve\u010d info:<\/p>\n<ul>\n<li>Duljina ogrlice: 42 cm<\/li>\n<li>Materijal: nehr\u0111aju\u0107i \u010delik<\/li>\n<li>100 % hipoalergena, 100 % ne ostavlja mrlje na ko\u017ei<\/li>\n<\/ul>\n<p>U poklon kutiju mo\u017eete uklju\u010diti i <a href=\"http:\/\/staging.leboxi.eu\/izdelki\/personalizirana-cestitka\/\">personaliziranu \u010destitku<\/a> (uz nadoplatu )<\/p>\n<p>Po \u017eelji \u0107emo dostaviti va\u0161 poklon primatelju, a podrazumijeva se da u paket ne\u0107emo prilo\u017eiti ra\u010dun tijekom isporuke. Ra\u010dun \u0107emo poslati vama.<\/p>\n","protected":false},"featured_media":17323,"comment_status":"open","ping_status":"closed","template":"","meta":{"site-sidebar-layout":"default","site-content-layout":"default","ast-site-content-layout":"default","site-content-style":"default","site-sidebar-style":"default","ast-global-header-display":"","ast-banner-title-visibility":"","ast-main-header-display":"","ast-hfb-above-header-display":"","ast-hfb-below-header-display":"","ast-hfb-mobile-header-display":"","site-post-title":"","ast-breadcrumbs-content":"","ast-featured-img":"","footer-sml-layout":"","theme-transparent-header-meta":"default","adv-header-id-meta":"","stick-header-meta":"","header-above-stick-meta":"","header-main-stick-meta":"","header-below-stick-meta":"","astra-migrate-meta-layouts":"set","ast-page-background-enabled":"default","ast-page-background-meta":{"desktop":{"background-color":"","background-image":"","background-repeat":"repeat","background-position":"center center","background-size":"auto","background-attachment":"scroll","background-type":"","background-media":"","overlay-type":"","overlay-color":"","overlay-opacity":"","overlay-gradient":""},"tablet":{"background-color":"","background-image":"","background-repeat":"repeat","background-position":"center center","background-size":"auto","background-attachment":"scroll","background-type":"","background-media":"","overlay-type":"","overlay-color":"","overlay-opacity":"","overlay-gradient":""},"mobile":{"background-color":"","background-image":"","background-repeat":"repeat","background-position":"center center","background-size":"auto","background-attachment":"scroll","background-type":"","background-media":"","overlay-type":"","overlay-color":"","overlay-opacity":"","overlay-gradient":""}},"ast-content-background-meta":{"desktop":{"background-color":"var(--ast-global-color-5)","background-image":"","background-repeat":"repeat","background-position":"center center","background-size":"auto","background-attachment":"scroll","background-type":"","background-media":"","overlay-type":"","overlay-color":"","overlay-opacity":"","overlay-gradient":""},"tablet":{"background-color":"var(--ast-global-color-5)","background-image":"","background-repeat":"repeat","background-position":"center center","background-size":"auto","background-attachment":"scroll","background-type":"","background-media":"","overlay-type":"","overlay-color":"","overlay-opacity":"","overlay-gradient":""},"mobile":{"background-color":"var(--ast-global-color-5)","background-image":"","background-repeat":"repeat","background-position":"center center","background-size":"auto","background-attachment":"scroll","background-type":"","background-media":"","overlay-type":"","overlay-color":"","overlay-opacity":"","overlay-gradient":""}}},"product_brand":[],"product_cat":[301,200,206,201,205,199,209,210,208,211,198,202,274,320,314,73,87],"product_tag":[],"class_list":{"0":"post-7068","1":"product","2":"type-product","3":"status-publish","4":"has-post-thumbnail","6":"product_cat-najprodavanije-za-mjesec-zena","7":"product_cat-poklon-paketi","8":"product_cat-pokloni-za-dan-zena","9":"product_cat-pokloni-za-djevojku","10":"product_cat-pokloni-za-majcin-dan","11":"product_cat-pokloni-za-mamu","12":"product_cat-pokloni-za-rodendan-hr","13":"product_cat-pokloni-za-rodendan-za-zene","14":"product_cat-pokloni-za-valentinovo","15":"product_cat-pokloni-za-valentinovo-za-nju","16":"product_cat-pokloni-za-zene","17":"product_cat-prilike","18":"product_cat-akcija-hr","19":"product_cat-proljetna-rasprodaja","20":"product_cat-zimska-rasprodaja","21":"product_cat-opcenito","22":"product_cat-zene","23":"desktop-align-left","24":"tablet-align-left","25":"mobile-align-left","27":"first","28":"instock","29":"sale","30":"taxable","31":"shipping-taxable","32":"purchasable","33":"product-type-simple"},"yoast_head":"<!-- This site is optimized with the Yoast SEO plugin v25.2 - https:\/\/yoast.com\/wordpress\/plugins\/seo\/ -->\n<title>Poklon za valentinovo | Set za valentinovo | Le Boxi<\/title>\n<meta name=\"description\" content=\"Poklon za valentinovo koji se sastoji od ogrlice i srca od sapuna zasigurno \u0107e izmamiti osmijeh na lice va\u0161e voljene osobe.\" \/>\n<meta name=\"robots\" content=\"index, follow, max-snippet:-1, max-image-preview:large, max-video-preview:-1\" \/>\n<link rel=\"canonical\" href=\"http:\/\/staging.leboxi.eu\/hr\/proizvodi\/valentinovo-darilo-set-verizica-vrtnice\/\" \/>\n<meta property=\"og:locale\" content=\"hr_HR\" \/>\n<meta property=\"og:type\" content=\"article\" \/>\n<meta property=\"og:title\" content=\"Poklon za valentinovo | Set za valentinovo | Le Boxi\" \/>\n<meta property=\"og:description\" content=\"Poklon za valentinovo koji se sastoji od ogrlice i srca od sapuna zasigurno \u0107e izmamiti osmijeh na lice va\u0161e voljene osobe.\" \/>\n<meta property=\"og:url\" content=\"http:\/\/staging.leboxi.eu\/hr\/proizvodi\/valentinovo-darilo-set-verizica-vrtnice\/\" \/>\n<meta property=\"og:site_name\" content=\"Le Boxi | Unikatna darila za vsakogar\" \/>\n<meta property=\"article:publisher\" content=\"https:\/\/www.facebook.com\/leboxi.eu\" \/>\n<meta property=\"article:modified_time\" content=\"2024-10-08T07:26:42+00:00\" \/>\n<meta property=\"og:image\" content=\"http:\/\/staging.leboxi.eu\/wp-content\/uploads\/2024\/02\/verizica-srce.jpg\" \/>\n\t<meta property=\"og:image:width\" content=\"1000\" \/>\n\t<meta property=\"og:image:height\" content=\"1000\" \/>\n\t<meta property=\"og:image:type\" content=\"image\/jpeg\" \/>\n<meta name=\"twitter:card\" content=\"summary_large_image\" \/>\n<meta name=\"twitter:label1\" content=\"Procijenjeno vrijeme \u010ditanja\" \/>\n\t<meta name=\"twitter:data1\" content=\"2 minute\" \/>\n<script type=\"application\/ld+json\" class=\"yoast-schema-graph\">{\"@context\":\"https:\/\/schema.org\",\"@graph\":[{\"@type\":\"WebPage\",\"@id\":\"http:\/\/staging.leboxi.eu\/hr\/proizvodi\/valentinovo-darilo-set-verizica-vrtnice\/\",\"url\":\"http:\/\/staging.leboxi.eu\/hr\/proizvodi\/valentinovo-darilo-set-verizica-vrtnice\/\",\"name\":\"Poklon za valentinovo | Set za valentinovo | Le Boxi\",\"isPartOf\":{\"@id\":\"http:\/\/staging.leboxi.eu\/hr\/#website\"},\"primaryImageOfPage\":{\"@id\":\"http:\/\/staging.leboxi.eu\/hr\/proizvodi\/valentinovo-darilo-set-verizica-vrtnice\/#primaryimage\"},\"image\":{\"@id\":\"http:\/\/staging.leboxi.eu\/hr\/proizvodi\/valentinovo-darilo-set-verizica-vrtnice\/#primaryimage\"},\"thumbnailUrl\":\"http:\/\/staging.leboxi.eu\/wp-content\/uploads\/2024\/02\/verizica-srce.jpg\",\"datePublished\":\"2022-02-21T17:22:58+00:00\",\"dateModified\":\"2024-10-08T07:26:42+00:00\",\"description\":\"Poklon za valentinovo koji se sastoji od ogrlice i srca od sapuna zasigurno \u0107e izmamiti osmijeh na lice va\u0161e voljene osobe.\",\"breadcrumb\":{\"@id\":\"http:\/\/staging.leboxi.eu\/hr\/proizvodi\/valentinovo-darilo-set-verizica-vrtnice\/#breadcrumb\"},\"inLanguage\":\"hr\",\"potentialAction\":[{\"@type\":\"ReadAction\",\"target\":[\"http:\/\/staging.leboxi.eu\/hr\/proizvodi\/valentinovo-darilo-set-verizica-vrtnice\/\"]}]},{\"@type\":\"ImageObject\",\"inLanguage\":\"hr\",\"@id\":\"http:\/\/staging.leboxi.eu\/hr\/proizvodi\/valentinovo-darilo-set-verizica-vrtnice\/#primaryimage\",\"url\":\"http:\/\/staging.leboxi.eu\/wp-content\/uploads\/2024\/02\/verizica-srce.jpg\",\"contentUrl\":\"http:\/\/staging.leboxi.eu\/wp-content\/uploads\/2024\/02\/verizica-srce.jpg\",\"width\":1000,\"height\":1000,\"caption\":\"srebrna veri\u017eica v obliki srca in milne rde\u010de vrtnice\"},{\"@type\":\"BreadcrumbList\",\"@id\":\"http:\/\/staging.leboxi.eu\/hr\/proizvodi\/valentinovo-darilo-set-verizica-vrtnice\/#breadcrumb\",\"itemListElement\":[{\"@type\":\"ListItem\",\"position\":1,\"name\":\"Doma\",\"item\":\"http:\/\/staging.leboxi.eu\/hr\/\"},{\"@type\":\"ListItem\",\"position\":2,\"name\":\"Trgovina\",\"item\":\"http:\/\/staging.leboxi.eu\/hr\/trgovina\/\"},{\"@type\":\"ListItem\",\"position\":3,\"name\":\"Set \u201coglica srce + ru\u017ee\u201d\"}]},{\"@type\":\"WebSite\",\"@id\":\"http:\/\/staging.leboxi.eu\/hr\/#website\",\"url\":\"http:\/\/staging.leboxi.eu\/hr\/\",\"name\":\"Le Boxi | Unikatna darila za vsakogar\",\"description\":\"Unikatna darila in darilne \u0161katle za vse prilo\u017enosti.\",\"publisher\":{\"@id\":\"http:\/\/staging.leboxi.eu\/hr\/#organization\"},\"potentialAction\":[{\"@type\":\"SearchAction\",\"target\":{\"@type\":\"EntryPoint\",\"urlTemplate\":\"http:\/\/staging.leboxi.eu\/hr\/?s={search_term_string}\"},\"query-input\":{\"@type\":\"PropertyValueSpecification\",\"valueRequired\":true,\"valueName\":\"search_term_string\"}}],\"inLanguage\":\"hr\"},{\"@type\":\"Organization\",\"@id\":\"http:\/\/staging.leboxi.eu\/hr\/#organization\",\"name\":\"LE BOXI\",\"url\":\"http:\/\/staging.leboxi.eu\/hr\/\",\"logo\":{\"@type\":\"ImageObject\",\"inLanguage\":\"hr\",\"@id\":\"http:\/\/staging.leboxi.eu\/hr\/#\/schema\/logo\/image\/\",\"url\":\"http:\/\/staging.leboxi.eu\/wp-content\/uploads\/2021\/02\/LeBoxi-manjsi-png.png\",\"contentUrl\":\"http:\/\/staging.leboxi.eu\/wp-content\/uploads\/2021\/02\/LeBoxi-manjsi-png.png\",\"width\":389,\"height\":164,\"caption\":\"LE BOXI\"},\"image\":{\"@id\":\"http:\/\/staging.leboxi.eu\/hr\/#\/schema\/logo\/image\/\"},\"sameAs\":[\"https:\/\/www.facebook.com\/leboxi.eu\",\"https:\/\/www.instagram.com\/le.boxi\/\"]}]}<\/script>\n<!-- \/ Yoast SEO plugin. -->","yoast_head_json":{"title":"Poklon za valentinovo | Set za valentinovo | Le Boxi","description":"Poklon za valentinovo koji se sastoji od ogrlice i srca od sapuna zasigurno \u0107e izmamiti osmijeh na lice va\u0161e voljene osobe.","robots":{"index":"index","follow":"follow","max-snippet":"max-snippet:-1","max-image-preview":"max-image-preview:large","max-video-preview":"max-video-preview:-1"},"canonical":"http:\/\/staging.leboxi.eu\/hr\/proizvodi\/valentinovo-darilo-set-verizica-vrtnice\/","og_locale":"hr_HR","og_type":"article","og_title":"Poklon za valentinovo | Set za valentinovo | Le Boxi","og_description":"Poklon za valentinovo koji se sastoji od ogrlice i srca od sapuna zasigurno \u0107e izmamiti osmijeh na lice va\u0161e voljene osobe.","og_url":"http:\/\/staging.leboxi.eu\/hr\/proizvodi\/valentinovo-darilo-set-verizica-vrtnice\/","og_site_name":"Le Boxi | Unikatna darila za vsakogar","article_publisher":"https:\/\/www.facebook.com\/leboxi.eu","article_modified_time":"2024-10-08T07:26:42+00:00","og_image":[{"width":1000,"height":1000,"url":"http:\/\/staging.leboxi.eu\/wp-content\/uploads\/2024\/02\/verizica-srce.jpg","type":"image\/jpeg"}],"twitter_card":"summary_large_image","twitter_misc":{"Procijenjeno vrijeme \u010ditanja":"2 minute"},"schema":{"@context":"https:\/\/schema.org","@graph":[{"@type":"WebPage","@id":"http:\/\/staging.leboxi.eu\/hr\/proizvodi\/valentinovo-darilo-set-verizica-vrtnice\/","url":"http:\/\/staging.leboxi.eu\/hr\/proizvodi\/valentinovo-darilo-set-verizica-vrtnice\/","name":"Poklon za valentinovo | Set za valentinovo | Le Boxi","isPartOf":{"@id":"http:\/\/staging.leboxi.eu\/hr\/#website"},"primaryImageOfPage":{"@id":"http:\/\/staging.leboxi.eu\/hr\/proizvodi\/valentinovo-darilo-set-verizica-vrtnice\/#primaryimage"},"image":{"@id":"http:\/\/staging.leboxi.eu\/hr\/proizvodi\/valentinovo-darilo-set-verizica-vrtnice\/#primaryimage"},"thumbnailUrl":"http:\/\/staging.leboxi.eu\/wp-content\/uploads\/2024\/02\/verizica-srce.jpg","datePublished":"2022-02-21T17:22:58+00:00","dateModified":"2024-10-08T07:26:42+00:00","description":"Poklon za valentinovo koji se sastoji od ogrlice i srca od sapuna zasigurno \u0107e izmamiti osmijeh na lice va\u0161e voljene osobe.","breadcrumb":{"@id":"http:\/\/staging.leboxi.eu\/hr\/proizvodi\/valentinovo-darilo-set-verizica-vrtnice\/#breadcrumb"},"inLanguage":"hr","potentialAction":[{"@type":"ReadAction","target":["http:\/\/staging.leboxi.eu\/hr\/proizvodi\/valentinovo-darilo-set-verizica-vrtnice\/"]}]},{"@type":"ImageObject","inLanguage":"hr","@id":"http:\/\/staging.leboxi.eu\/hr\/proizvodi\/valentinovo-darilo-set-verizica-vrtnice\/#primaryimage","url":"http:\/\/staging.leboxi.eu\/wp-content\/uploads\/2024\/02\/verizica-srce.jpg","contentUrl":"http:\/\/staging.leboxi.eu\/wp-content\/uploads\/2024\/02\/verizica-srce.jpg","width":1000,"height":1000,"caption":"srebrna veri\u017eica v obliki srca in milne rde\u010de vrtnice"},{"@type":"BreadcrumbList","@id":"http:\/\/staging.leboxi.eu\/hr\/proizvodi\/valentinovo-darilo-set-verizica-vrtnice\/#breadcrumb","itemListElement":[{"@type":"ListItem","position":1,"name":"Doma","item":"http:\/\/staging.leboxi.eu\/hr\/"},{"@type":"ListItem","position":2,"name":"Trgovina","item":"http:\/\/staging.leboxi.eu\/hr\/trgovina\/"},{"@type":"ListItem","position":3,"name":"Set \u201coglica srce + ru\u017ee\u201d"}]},{"@type":"WebSite","@id":"http:\/\/staging.leboxi.eu\/hr\/#website","url":"http:\/\/staging.leboxi.eu\/hr\/","name":"Le Boxi | Unikatna darila za vsakogar","description":"Unikatna darila in darilne \u0161katle za vse prilo\u017enosti.","publisher":{"@id":"http:\/\/staging.leboxi.eu\/hr\/#organization"},"potentialAction":[{"@type":"SearchAction","target":{"@type":"EntryPoint","urlTemplate":"http:\/\/staging.leboxi.eu\/hr\/?s={search_term_string}"},"query-input":{"@type":"PropertyValueSpecification","valueRequired":true,"valueName":"search_term_string"}}],"inLanguage":"hr"},{"@type":"Organization","@id":"http:\/\/staging.leboxi.eu\/hr\/#organization","name":"LE BOXI","url":"http:\/\/staging.leboxi.eu\/hr\/","logo":{"@type":"ImageObject","inLanguage":"hr","@id":"http:\/\/staging.leboxi.eu\/hr\/#\/schema\/logo\/image\/","url":"http:\/\/staging.leboxi.eu\/wp-content\/uploads\/2021\/02\/LeBoxi-manjsi-png.png","contentUrl":"http:\/\/staging.leboxi.eu\/wp-content\/uploads\/2021\/02\/LeBoxi-manjsi-png.png","width":389,"height":164,"caption":"LE BOXI"},"image":{"@id":"http:\/\/staging.leboxi.eu\/hr\/#\/schema\/logo\/image\/"},"sameAs":["https:\/\/www.facebook.com\/leboxi.eu","https:\/\/www.instagram.com\/le.boxi\/"]}]}},"_links":{"self":[{"href":"http:\/\/staging.leboxi.eu\/hr\/wp-json\/wp\/v2\/product\/7068","targetHints":{"allow":["GET"]}}],"collection":[{"href":"http:\/\/staging.leboxi.eu\/hr\/wp-json\/wp\/v2\/product"}],"about":[{"href":"http:\/\/staging.leboxi.eu\/hr\/wp-json\/wp\/v2\/types\/product"}],"replies":[{"embeddable":true,"href":"http:\/\/staging.leboxi.eu\/hr\/wp-json\/wp\/v2\/comments?post=7068"}],"version-history":[{"count":2,"href":"http:\/\/staging.leboxi.eu\/hr\/wp-json\/wp\/v2\/product\/7068\/revisions"}],"predecessor-version":[{"id":10346,"href":"http:\/\/staging.leboxi.eu\/hr\/wp-json\/wp\/v2\/product\/7068\/revisions\/10346"}],"wp:featuredmedia":[{"embeddable":true,"href":"http:\/\/staging.leboxi.eu\/hr\/wp-json\/wp\/v2\/media\/17323"}],"wp:attachment":[{"href":"http:\/\/staging.leboxi.eu\/hr\/wp-json\/wp\/v2\/media?parent=7068"}],"wp:term":[{"taxonomy":"product_brand","embeddable":true,"href":"http:\/\/staging.leboxi.eu\/hr\/wp-json\/wp\/v2\/product_brand?post=7068"},{"taxonomy":"product_cat","embeddable":true,"href":"http:\/\/staging.leboxi.eu\/hr\/wp-json\/wp\/v2\/product_cat?post=7068"},{"taxonomy":"product_tag","embeddable":true,"href":"http:\/\/staging.leboxi.eu\/hr\/wp-json\/wp\/v2\/product_tag?post=7068"}],"curies":[{"name":"wp","href":"https:\/\/api.w.org\/{rel}","templated":true}]}}