{"id":7060,"date":"2021-04-07T20:15:43","date_gmt":"2022-03-29T17:43:52","guid":{"rendered":"http:\/\/staging.leboxi.eu\/izdelki\/poklon-kutija-lagani-korak\/"},"modified":"2022-05-21T21:40:14","modified_gmt":"2022-05-21T20:40:14","slug":"poklon-za-zenu","status":"publish","type":"product","link":"http:\/\/staging.leboxi.eu\/hr\/proizvodi\/poklon-za-zenu\/","title":{"rendered":"Poklon kutija &#8211; Lagani korak"},"content":{"rendered":"<p>Le Boxi poklon kutija s proizvodima za njegu stopala i tijela odli\u010dan je poklon za \u017eenu:<\/p>\n<ol>\n<li>\n<h6><strong>Prirodni, ru\u010dno ra\u0111eni sapun VANILIJA I ZVJEZDASTI ANIS (120 g)<\/strong><\/h6>\n<\/li>\n<\/ol>\n<p>Veganski sapun za ruke i tijelo. Opojni miris zvjezdastog anisa i eteri\u010dnog ulja vanilije. Sapun sadr\u017ei aktivni ugljen, koji je izvrstan za uklanjanje toksina iz ko\u017ee. U kombinaciji s eteri\u010dnim uljem anisa va\u0161a \u0107e ko\u017ea nakon upotrebe ovog sapuna biti meka, glatka i blistava te nevjerojatno mirisna.<\/p>\n<p>Sastojci: Olea Europea (Olive) Oil, Cocos Nucifera (Coconut) Oil, Butyrospermum Parkii (Shea) butter, Apricot Kernel Oil Prunus Armeniaca (Apricot) Kernel Oil Persea Gratissima, Castor Oil Ricinus Communis (Castor) Seed Oil, charcoal, Anise Essential Oil Pimpinella Ansium (Anise) Oil, Parfum, Poppyseed Papaver Orientale (Poppy) Seed, Himalayan pink salt.<\/p>\n<p>Miris: eteri\u010dno ulje zvjezdastog anisa, parfem<\/p>\n<p><strong>Savjet: <\/strong><\/p>\n<p>Dr\u017eite sapun u posudama za sapun tijekom upotrebe, gdje voda mo\u017ee otjecati i sapun se osu\u0161i nakon upotrebe. Neupotrebljeni sapun \u010duvajte na hladnom, suhom i tamnom mjestu.<\/p>\n<p><strong>Bilje\u0161ke:<\/strong><\/p>\n<p>\u27a4 Zbog ru\u010dne izrade, izgled sapuna mo\u017ee se neznatno razlikovati od onog na slici.<\/p>\n<p>\u27a4 Sapuni su pakirani u ve\u0107im koli\u010dinama nego ina\u010de za prirodne, ru\u010dno ra\u0111ene sapune &#8211; 120g.<\/p>\n<p>&nbsp;<\/p>\n<ol start=\"2\">\n<li>\n<h6><strong>\u010cetka i strugalica za petu<\/strong><\/h6>\n<\/li>\n<\/ol>\n<p>2 u 1! Nema vi\u0161e gomile pribora u va\u0161oj kupaonici, s ovim strugalicom i ujedno \u010detkom od prirodnih materijala vratit \u0107ete meko\u0107u svojim petama. S jedne strane je strugalica koja u\u010dinkovito skida keratiniziranu ko\u017eu, a s druge su strane nje\u017ene \u010dekinje kojima \u0107ete zagladiti ko\u017eu i vratiti joj meko\u0107u. <\/p>\n<h6>Dodatno:<\/h6>\n<p>Na poklon set mo\u017eete prilo\u017eiti i <strong>personaliziranu \u010destitku<\/strong> (+2,95 eura).<\/p>\n<p>Po \u017eelji \u0107emo dostaviti va\u0161 poklon primatelju, a podrazumijeva se da u paket ne\u0107emo prilo\u017eiti ra\u010dun tijekom isporuke. Ra\u010dun \u0107emo poslati vama.<\/p>\n<p>Povrh svega, svoj poklon set mo\u017eete nadograditi <a href=\"http:\/\/staging.leboxi.eu\/hr\/blog\/le-boxi-proljetne-poklon-kartice-i-rodendanske-posvete\/\">poklon listi\u0107ima<\/a> za izradu \u010dije upute mo\u017eete prona\u0107i na na\u0161em blogu. Izaberite \u010dudesan poklon za \u017eenu.<\/p>\n<p>&nbsp;<\/p>\n<p><script type=\"application\/ld+json\">\n{\n  \"@context\": \"https:\/\/schema.org\/\", \n  \"@type\": \"Product\", \n  \"name\": \"Darilna \u0161katla \u2013 Lahkih nog naokrog\",\n  \"image\": \"http:\/\/staging.leboxi.eu\/wp-content\/uploads\/2021\/04\/Izdelek-128-of-339.jpg\",\n  \"description\": \"Privo\u0161\u010dite svojim trdo delujo\u010dim nogam nekaj prepotrebnega razvajanja! V li\u010dni darilni \u0161katli, napolnjeni z mehko slamo, boste na\u0161li izredno di\u0161e\u010de naravno ro\u010dno izdelano milo iz pode\u017eelja ju\u017ene Francije, ki bo va\u0161e noge zmeh\u010dalo in prijetno odi\u0161avilo ter strgalo s krta\u010dko iz naravnih materialov, ki bo va\u0161im stopalom povrnilo mehkobo. Odli\u010dno darilo za \u017eensko za vse prilo\u017enosti.<\/p>\n<p>Na\u0161a naravna mila so pakirana v ve\u010djih koli\u010dinah, kot je obi\u010dajno za naravna, ro\u010dno izdelana mila \u2013 120g. V darilno \u0161katlo lahko prilo\u017eite tudi personalizirano \u010destitko (za dopla\u010dilo).\",\n  \"brand\": \"Le Boxi\",\n  \"sku\": \"K-15\",\n  \"offers\": {\n    \"@type\": \"Offer\",\n    \"url\": \"http:\/\/staging.leboxi.eu\/izdelki\/darilo-za-zensko\/\",\n    \"priceCurrency\": \"EUR\",\n    \"price\": \"21.5\",\n    \"priceValidUntil\": \"2023-12-31\",\n    \"availability\": \"https:\/\/schema.org\/InStock\",\n    \"itemCondition\": \"https:\/\/schema.org\/NewCondition\"\n  },\n  \"aggregateRating\": {\n    \"@type\": \"AggregateRating\",\n    \"ratingValue\": \"4.7\",\n    \"bestRating\": \"5\",\n    \"worstRating\": \"1\",\n    \"ratingCount\": \"2\"\n  }\n}\n<\/script><\/p>\n<p>&nbsp;<\/p>\n","protected":false},"excerpt":{"rendered":"<p>Priu\u0161tite svojim vrijednim stopalima prijeko potrebno u\u017eivanje! U lijepoj poklon kutiji punjenoj mekom slamom prona\u0107i \u0107ete izuzetno mirisni prirodni ru\u010dno ra\u0111eni sapun sa sastojcima iz ju\u017ene Francuske koji \u0107e omek\u0161ati va\u0161a stopala i u\u010diniti ih mirisnima te strugalicu s \u010detkom od prirodnih materijala koja \u0107e va\u0161im stopalima vratiti meko\u0107u. Odli\u010dan poklon za \u017eenu za svaku prigodu.<\/p>\n<p>Na\u0161i prirodni sapuni pakirani su u ve\u0107im koli\u010dinama nego ina\u010de za prirodne, ru\u010dno ra\u0111ene sapune &#8211; 120g. U poklon kutiju mo\u017eete uklju\u010diti i personaliziranu \u010destitku (uz nadoplatu).<\/p>\n<p>Poklon kutija sadr\u017ei:<\/p>\n<ul>\n<li>1x prirodni ru\u010dno ra\u0111eni sapun (120g),<\/li>\n<li>1x \u010detka i strugalica za petu<\/li>\n<\/ul>\n<p>Po \u017eelji \u0107emo dostaviti va\u0161 poklon primatelju, a podrazumijeva se da u paket ne\u0107emo prilo\u017eiti ra\u010dun tijekom isporuke. Ra\u010dun \u0107emo poslati vama.<\/p>\n<p>Detaljan opis mo\u017eete pro\u010ditati u nastavku.<\/p>\n","protected":false},"featured_media":5313,"comment_status":"open","ping_status":"closed","template":"","meta":{"site-sidebar-layout":"default","site-content-layout":"default","ast-site-content-layout":"default","site-content-style":"default","site-sidebar-style":"default","ast-global-header-display":"","ast-banner-title-visibility":"","ast-main-header-display":"","ast-hfb-above-header-display":"","ast-hfb-below-header-display":"","ast-hfb-mobile-header-display":"","site-post-title":"","ast-breadcrumbs-content":"","ast-featured-img":"","footer-sml-layout":"","theme-transparent-header-meta":"default","adv-header-id-meta":"","stick-header-meta":"","header-above-stick-meta":"","header-main-stick-meta":"","header-below-stick-meta":"","astra-migrate-meta-layouts":"default","ast-page-background-enabled":"default","ast-page-background-meta":{"desktop":{"background-color":"","background-image":"","background-repeat":"repeat","background-position":"center center","background-size":"auto","background-attachment":"scroll","background-type":"","background-media":"","overlay-type":"","overlay-color":"","overlay-opacity":"","overlay-gradient":""},"tablet":{"background-color":"","background-image":"","background-repeat":"repeat","background-position":"center center","background-size":"auto","background-attachment":"scroll","background-type":"","background-media":"","overlay-type":"","overlay-color":"","overlay-opacity":"","overlay-gradient":""},"mobile":{"background-color":"","background-image":"","background-repeat":"repeat","background-position":"center center","background-size":"auto","background-attachment":"scroll","background-type":"","background-media":"","overlay-type":"","overlay-color":"","overlay-opacity":"","overlay-gradient":""}},"ast-content-background-meta":{"desktop":{"background-color":"var(--ast-global-color-5)","background-image":"","background-repeat":"repeat","background-position":"center center","background-size":"auto","background-attachment":"scroll","background-type":"","background-media":"","overlay-type":"","overlay-color":"","overlay-opacity":"","overlay-gradient":""},"tablet":{"background-color":"var(--ast-global-color-5)","background-image":"","background-repeat":"repeat","background-position":"center center","background-size":"auto","background-attachment":"scroll","background-type":"","background-media":"","overlay-type":"","overlay-color":"","overlay-opacity":"","overlay-gradient":""},"mobile":{"background-color":"var(--ast-global-color-5)","background-image":"","background-repeat":"repeat","background-position":"center center","background-size":"auto","background-attachment":"scroll","background-type":"","background-media":"","overlay-type":"","overlay-color":"","overlay-opacity":"","overlay-gradient":""}}},"product_brand":[],"product_cat":[15],"product_tag":[],"class_list":{"0":"post-7060","1":"product","2":"type-product","3":"status-publish","4":"has-post-thumbnail","6":"product_cat-splosna","7":"desktop-align-left","8":"tablet-align-left","9":"mobile-align-left","11":"first","12":"outofstock","13":"taxable","14":"shipping-taxable","15":"purchasable","16":"product-type-simple"},"yoast_head":"<!-- This site is optimized with the Yoast SEO plugin v25.2 - https:\/\/yoast.com\/wordpress\/plugins\/seo\/ -->\n<title>Poklon za \u017eenu | Poklon kutija - Lagani korak | Le Boxi<\/title>\n<meta name=\"description\" content=\"Priu\u0161tite svojim vrijednim stopalima prijeko potrebno u\u017eivanje! Sadr\u017ei prirodni ru\u010dno ra\u0111eni sapun sa sastojcima iz ju\u017ene Francuske te strugalicu s \u010detkom. Odli\u010dan poklon za \u017eenu.\" \/>\n<meta name=\"robots\" content=\"index, follow, max-snippet:-1, max-image-preview:large, max-video-preview:-1\" \/>\n<link rel=\"canonical\" href=\"http:\/\/staging.leboxi.eu\/hr\/proizvodi\/poklon-za-zenu\/\" \/>\n<meta property=\"og:locale\" content=\"hr_HR\" \/>\n<meta property=\"og:type\" content=\"article\" \/>\n<meta property=\"og:title\" content=\"Poklon za \u017eenu | Poklon kutija - Lagani korak | Le Boxi\" \/>\n<meta property=\"og:description\" content=\"Priu\u0161tite svojim vrijednim stopalima prijeko potrebno u\u017eivanje! Sadr\u017ei prirodni ru\u010dno ra\u0111eni sapun sa sastojcima iz ju\u017ene Francuske te strugalicu s \u010detkom. Odli\u010dan poklon za \u017eenu.\" \/>\n<meta property=\"og:url\" content=\"http:\/\/staging.leboxi.eu\/hr\/proizvodi\/poklon-za-zenu\/\" \/>\n<meta property=\"og:site_name\" content=\"Le Boxi | Unikatna darila za vsakogar\" \/>\n<meta property=\"article:publisher\" content=\"https:\/\/www.facebook.com\/leboxi.eu\" \/>\n<meta property=\"article:modified_time\" content=\"2022-05-21T20:40:14+00:00\" \/>\n<meta property=\"og:image\" content=\"http:\/\/staging.leboxi.eu\/wp-content\/uploads\/2021\/04\/Izdelek-128-of-339.jpg\" \/>\n\t<meta property=\"og:image:width\" content=\"1000\" \/>\n\t<meta property=\"og:image:height\" content=\"1000\" \/>\n\t<meta property=\"og:image:type\" content=\"image\/jpeg\" \/>\n<meta name=\"twitter:card\" content=\"summary_large_image\" \/>\n<meta name=\"twitter:label1\" content=\"Procijenjeno vrijeme \u010ditanja\" \/>\n\t<meta name=\"twitter:data1\" content=\"2 minute\" \/>\n<script type=\"application\/ld+json\" class=\"yoast-schema-graph\">{\"@context\":\"https:\/\/schema.org\",\"@graph\":[{\"@type\":\"WebPage\",\"@id\":\"http:\/\/staging.leboxi.eu\/hr\/proizvodi\/poklon-za-zenu\/\",\"url\":\"http:\/\/staging.leboxi.eu\/hr\/proizvodi\/poklon-za-zenu\/\",\"name\":\"Poklon za \u017eenu | Poklon kutija - Lagani korak | Le Boxi\",\"isPartOf\":{\"@id\":\"http:\/\/staging.leboxi.eu\/hr\/#website\"},\"primaryImageOfPage\":{\"@id\":\"http:\/\/staging.leboxi.eu\/hr\/proizvodi\/poklon-za-zenu\/#primaryimage\"},\"image\":{\"@id\":\"http:\/\/staging.leboxi.eu\/hr\/proizvodi\/poklon-za-zenu\/#primaryimage\"},\"thumbnailUrl\":\"http:\/\/staging.leboxi.eu\/wp-content\/uploads\/2021\/04\/Izdelek-128-of-339.jpg\",\"datePublished\":\"2022-03-29T17:43:52+00:00\",\"dateModified\":\"2022-05-21T20:40:14+00:00\",\"description\":\"Priu\u0161tite svojim vrijednim stopalima prijeko potrebno u\u017eivanje! Sadr\u017ei prirodni ru\u010dno ra\u0111eni sapun sa sastojcima iz ju\u017ene Francuske te strugalicu s \u010detkom. Odli\u010dan poklon za \u017eenu.\",\"breadcrumb\":{\"@id\":\"http:\/\/staging.leboxi.eu\/hr\/proizvodi\/poklon-za-zenu\/#breadcrumb\"},\"inLanguage\":\"hr\",\"potentialAction\":[{\"@type\":\"ReadAction\",\"target\":[\"http:\/\/staging.leboxi.eu\/hr\/proizvodi\/poklon-za-zenu\/\"]}]},{\"@type\":\"ImageObject\",\"inLanguage\":\"hr\",\"@id\":\"http:\/\/staging.leboxi.eu\/hr\/proizvodi\/poklon-za-zenu\/#primaryimage\",\"url\":\"http:\/\/staging.leboxi.eu\/wp-content\/uploads\/2021\/04\/Izdelek-128-of-339.jpg\",\"contentUrl\":\"http:\/\/staging.leboxi.eu\/wp-content\/uploads\/2021\/04\/Izdelek-128-of-339.jpg\",\"width\":1000,\"height\":1000,\"caption\":\"Poklon kutija s \u010detkom i strugalicom za petu i prirodnim sapunom - poklon za \u017eenu\"},{\"@type\":\"BreadcrumbList\",\"@id\":\"http:\/\/staging.leboxi.eu\/hr\/proizvodi\/poklon-za-zenu\/#breadcrumb\",\"itemListElement\":[{\"@type\":\"ListItem\",\"position\":1,\"name\":\"Doma\",\"item\":\"http:\/\/staging.leboxi.eu\/hr\/\"},{\"@type\":\"ListItem\",\"position\":2,\"name\":\"Trgovina\",\"item\":\"http:\/\/staging.leboxi.eu\/hr\/trgovina\/\"},{\"@type\":\"ListItem\",\"position\":3,\"name\":\"Poklon kutija &#8211; Lagani korak\"}]},{\"@type\":\"WebSite\",\"@id\":\"http:\/\/staging.leboxi.eu\/hr\/#website\",\"url\":\"http:\/\/staging.leboxi.eu\/hr\/\",\"name\":\"Le Boxi | Unikatna darila za vsakogar\",\"description\":\"Unikatna darila in darilne \u0161katle za vse prilo\u017enosti.\",\"publisher\":{\"@id\":\"http:\/\/staging.leboxi.eu\/hr\/#organization\"},\"potentialAction\":[{\"@type\":\"SearchAction\",\"target\":{\"@type\":\"EntryPoint\",\"urlTemplate\":\"http:\/\/staging.leboxi.eu\/hr\/?s={search_term_string}\"},\"query-input\":{\"@type\":\"PropertyValueSpecification\",\"valueRequired\":true,\"valueName\":\"search_term_string\"}}],\"inLanguage\":\"hr\"},{\"@type\":\"Organization\",\"@id\":\"http:\/\/staging.leboxi.eu\/hr\/#organization\",\"name\":\"LE BOXI\",\"url\":\"http:\/\/staging.leboxi.eu\/hr\/\",\"logo\":{\"@type\":\"ImageObject\",\"inLanguage\":\"hr\",\"@id\":\"http:\/\/staging.leboxi.eu\/hr\/#\/schema\/logo\/image\/\",\"url\":\"http:\/\/staging.leboxi.eu\/wp-content\/uploads\/2021\/02\/LeBoxi-manjsi-png.png\",\"contentUrl\":\"http:\/\/staging.leboxi.eu\/wp-content\/uploads\/2021\/02\/LeBoxi-manjsi-png.png\",\"width\":389,\"height\":164,\"caption\":\"LE BOXI\"},\"image\":{\"@id\":\"http:\/\/staging.leboxi.eu\/hr\/#\/schema\/logo\/image\/\"},\"sameAs\":[\"https:\/\/www.facebook.com\/leboxi.eu\",\"https:\/\/www.instagram.com\/le.boxi\/\"]}]}<\/script>\n<!-- \/ Yoast SEO plugin. -->","yoast_head_json":{"title":"Poklon za \u017eenu | Poklon kutija - Lagani korak | Le Boxi","description":"Priu\u0161tite svojim vrijednim stopalima prijeko potrebno u\u017eivanje! Sadr\u017ei prirodni ru\u010dno ra\u0111eni sapun sa sastojcima iz ju\u017ene Francuske te strugalicu s \u010detkom. Odli\u010dan poklon za \u017eenu.","robots":{"index":"index","follow":"follow","max-snippet":"max-snippet:-1","max-image-preview":"max-image-preview:large","max-video-preview":"max-video-preview:-1"},"canonical":"http:\/\/staging.leboxi.eu\/hr\/proizvodi\/poklon-za-zenu\/","og_locale":"hr_HR","og_type":"article","og_title":"Poklon za \u017eenu | Poklon kutija - Lagani korak | Le Boxi","og_description":"Priu\u0161tite svojim vrijednim stopalima prijeko potrebno u\u017eivanje! Sadr\u017ei prirodni ru\u010dno ra\u0111eni sapun sa sastojcima iz ju\u017ene Francuske te strugalicu s \u010detkom. Odli\u010dan poklon za \u017eenu.","og_url":"http:\/\/staging.leboxi.eu\/hr\/proizvodi\/poklon-za-zenu\/","og_site_name":"Le Boxi | Unikatna darila za vsakogar","article_publisher":"https:\/\/www.facebook.com\/leboxi.eu","article_modified_time":"2022-05-21T20:40:14+00:00","og_image":[{"width":1000,"height":1000,"url":"http:\/\/staging.leboxi.eu\/wp-content\/uploads\/2021\/04\/Izdelek-128-of-339.jpg","type":"image\/jpeg"}],"twitter_card":"summary_large_image","twitter_misc":{"Procijenjeno vrijeme \u010ditanja":"2 minute"},"schema":{"@context":"https:\/\/schema.org","@graph":[{"@type":"WebPage","@id":"http:\/\/staging.leboxi.eu\/hr\/proizvodi\/poklon-za-zenu\/","url":"http:\/\/staging.leboxi.eu\/hr\/proizvodi\/poklon-za-zenu\/","name":"Poklon za \u017eenu | Poklon kutija - Lagani korak | Le Boxi","isPartOf":{"@id":"http:\/\/staging.leboxi.eu\/hr\/#website"},"primaryImageOfPage":{"@id":"http:\/\/staging.leboxi.eu\/hr\/proizvodi\/poklon-za-zenu\/#primaryimage"},"image":{"@id":"http:\/\/staging.leboxi.eu\/hr\/proizvodi\/poklon-za-zenu\/#primaryimage"},"thumbnailUrl":"http:\/\/staging.leboxi.eu\/wp-content\/uploads\/2021\/04\/Izdelek-128-of-339.jpg","datePublished":"2022-03-29T17:43:52+00:00","dateModified":"2022-05-21T20:40:14+00:00","description":"Priu\u0161tite svojim vrijednim stopalima prijeko potrebno u\u017eivanje! Sadr\u017ei prirodni ru\u010dno ra\u0111eni sapun sa sastojcima iz ju\u017ene Francuske te strugalicu s \u010detkom. Odli\u010dan poklon za \u017eenu.","breadcrumb":{"@id":"http:\/\/staging.leboxi.eu\/hr\/proizvodi\/poklon-za-zenu\/#breadcrumb"},"inLanguage":"hr","potentialAction":[{"@type":"ReadAction","target":["http:\/\/staging.leboxi.eu\/hr\/proizvodi\/poklon-za-zenu\/"]}]},{"@type":"ImageObject","inLanguage":"hr","@id":"http:\/\/staging.leboxi.eu\/hr\/proizvodi\/poklon-za-zenu\/#primaryimage","url":"http:\/\/staging.leboxi.eu\/wp-content\/uploads\/2021\/04\/Izdelek-128-of-339.jpg","contentUrl":"http:\/\/staging.leboxi.eu\/wp-content\/uploads\/2021\/04\/Izdelek-128-of-339.jpg","width":1000,"height":1000,"caption":"Poklon kutija s \u010detkom i strugalicom za petu i prirodnim sapunom - poklon za \u017eenu"},{"@type":"BreadcrumbList","@id":"http:\/\/staging.leboxi.eu\/hr\/proizvodi\/poklon-za-zenu\/#breadcrumb","itemListElement":[{"@type":"ListItem","position":1,"name":"Doma","item":"http:\/\/staging.leboxi.eu\/hr\/"},{"@type":"ListItem","position":2,"name":"Trgovina","item":"http:\/\/staging.leboxi.eu\/hr\/trgovina\/"},{"@type":"ListItem","position":3,"name":"Poklon kutija &#8211; Lagani korak"}]},{"@type":"WebSite","@id":"http:\/\/staging.leboxi.eu\/hr\/#website","url":"http:\/\/staging.leboxi.eu\/hr\/","name":"Le Boxi | Unikatna darila za vsakogar","description":"Unikatna darila in darilne \u0161katle za vse prilo\u017enosti.","publisher":{"@id":"http:\/\/staging.leboxi.eu\/hr\/#organization"},"potentialAction":[{"@type":"SearchAction","target":{"@type":"EntryPoint","urlTemplate":"http:\/\/staging.leboxi.eu\/hr\/?s={search_term_string}"},"query-input":{"@type":"PropertyValueSpecification","valueRequired":true,"valueName":"search_term_string"}}],"inLanguage":"hr"},{"@type":"Organization","@id":"http:\/\/staging.leboxi.eu\/hr\/#organization","name":"LE BOXI","url":"http:\/\/staging.leboxi.eu\/hr\/","logo":{"@type":"ImageObject","inLanguage":"hr","@id":"http:\/\/staging.leboxi.eu\/hr\/#\/schema\/logo\/image\/","url":"http:\/\/staging.leboxi.eu\/wp-content\/uploads\/2021\/02\/LeBoxi-manjsi-png.png","contentUrl":"http:\/\/staging.leboxi.eu\/wp-content\/uploads\/2021\/02\/LeBoxi-manjsi-png.png","width":389,"height":164,"caption":"LE BOXI"},"image":{"@id":"http:\/\/staging.leboxi.eu\/hr\/#\/schema\/logo\/image\/"},"sameAs":["https:\/\/www.facebook.com\/leboxi.eu","https:\/\/www.instagram.com\/le.boxi\/"]}]}},"_links":{"self":[{"href":"http:\/\/staging.leboxi.eu\/hr\/wp-json\/wp\/v2\/product\/7060","targetHints":{"allow":["GET"]}}],"collection":[{"href":"http:\/\/staging.leboxi.eu\/hr\/wp-json\/wp\/v2\/product"}],"about":[{"href":"http:\/\/staging.leboxi.eu\/hr\/wp-json\/wp\/v2\/types\/product"}],"replies":[{"embeddable":true,"href":"http:\/\/staging.leboxi.eu\/hr\/wp-json\/wp\/v2\/comments?post=7060"}],"version-history":[{"count":1,"href":"http:\/\/staging.leboxi.eu\/hr\/wp-json\/wp\/v2\/product\/7060\/revisions"}],"predecessor-version":[{"id":8061,"href":"http:\/\/staging.leboxi.eu\/hr\/wp-json\/wp\/v2\/product\/7060\/revisions\/8061"}],"wp:featuredmedia":[{"embeddable":true,"href":"http:\/\/staging.leboxi.eu\/hr\/wp-json\/wp\/v2\/media\/5313"}],"wp:attachment":[{"href":"http:\/\/staging.leboxi.eu\/hr\/wp-json\/wp\/v2\/media?parent=7060"}],"wp:term":[{"taxonomy":"product_brand","embeddable":true,"href":"http:\/\/staging.leboxi.eu\/hr\/wp-json\/wp\/v2\/product_brand?post=7060"},{"taxonomy":"product_cat","embeddable":true,"href":"http:\/\/staging.leboxi.eu\/hr\/wp-json\/wp\/v2\/product_cat?post=7060"},{"taxonomy":"product_tag","embeddable":true,"href":"http:\/\/staging.leboxi.eu\/hr\/wp-json\/wp\/v2\/product_tag?post=7060"}],"curies":[{"name":"wp","href":"https:\/\/api.w.org\/{rel}","templated":true}]}}