{"id":7034,"date":"2021-04-07T20:21:17","date_gmt":"2022-03-26T15:48:26","guid":{"rendered":"http:\/\/staging.leboxi.eu\/izdelki\/poklon-kutija-super-duo\/"},"modified":"2022-07-23T17:53:47","modified_gmt":"2022-07-23T16:53:47","slug":"rodendanski-poklon-za-suprugu","status":"publish","type":"product","link":"http:\/\/staging.leboxi.eu\/hr\/proizvodi\/rodendanski-poklon-za-suprugu\/","title":{"rendered":"Poklon kutija &#8211; Super duo"},"content":{"rendered":"<p>Poklon kutija jedinstven je ro\u0111endanski dar za \u017eenu, djevojku, mamu, baku ili samo prijateljicu.<\/p>\n<h5><\/h5>\n<h5>Poklon kutija sadr\u017ei:<\/h5>\n<p>&nbsp;<\/p>\n<ol>\n<li>\n<h6><strong>Prirodni, ru\u010dno ra\u0111eni sapun: 100 % KOKOSOVO ULJE (120 g)<\/strong><\/h6>\n<\/li>\n<\/ol>\n<p>Veganski sapun za kosu i tijelo, ru\u010dno izra\u0111en od certificiranog organskog, hladno pre\u0161anog, djevi\u010danskog, nerafiniranog kokosovog ulja i pro\u010di\u0161\u0107ene vode. Mnogi minerali i hranjivi sastojci kokosa izvrsni su za va\u0161u ko\u017eu te poma\u017eu pobolj\u0161ati elasti\u010dnost i hidrataciju ko\u017ee. Ulje mo\u017ee pomo\u0107i u uklanjanju prljav\u0161tine i mrtvih stanica s ko\u017ee, a hranjive tvari koje sadr\u017ei izvrsne su i za vla\u017eenje i pranje kose. Sapun treba \u010duvati u posudi za sapun, iz koje voda mo\u017ee istjecati i u kojoj se sapun mo\u017ee osu\u0161iti nakon upotrebe. Neupotrebljeni sapun \u010duvajte na hladnom, suhom i tamnom mjestu. Sastojci: Sodium cocoate   <\/p>\n<p>Miris: eteri\u010dno ulje zvjezdastog anisa, parfem<\/p>\n<p><strong>Savjet: <\/strong><\/p>\n<p>Dr\u017eite sapun u posudama za sapun tijekom upotrebe, gdje voda mo\u017ee otjecati i sapun se osu\u0161i nakon upotrebe. Neupotrebljeni sapun \u010duvajte na hladnom, suhom i tamnom mjestu.<\/p>\n<p><strong>Bilje\u0161ke:<\/strong><\/p>\n<p>\u27a4 Zbog ru\u010dne izrade, izgled sapuna mo\u017ee se neznatno razlikovati od onog na slici.<\/p>\n<p>\u27a4 Sapuni su pakirani u ve\u0107im koli\u010dinama nego ina\u010de za prirodne, ru\u010dno ra\u0111ene sapune &#8211; 120g.<\/p>\n<p>&nbsp;<\/p>\n<ol start=\"2\">\n<li>\n<h6><strong>Mekana spu\u017eva za piling od sisala<\/strong><\/h6>\n<\/li>\n<\/ol>\n<p>Ova 100 % biorazgradiva spu\u017eva od sisala izvrsna je za piling cijelog tijela, a posebno za uklanjanje uraslih dla\u010dica i borbu protiv celulita, zbog svojih masiraju\u0107ih i osna\u017euju\u0107ih svojstava. Va\u0161a \u0107e ko\u017ea nakon upotrebe biti meka i regenerirana. Prirodna mo\u0107 pilinga spu\u017evicom od sisala pobolj\u0161at \u0107e protok krvi, \u010dime \u0107e se ubrzati uklanjanje toksina iz ko\u017ee i potaknuti osloba\u0111anje energije od glave do pete. Proizvodi od sisala potpuno su prirodni, vrlo odr\u017eivi i ekolo\u0161ki prihvatljivi.<\/p>\n<h6><\/h6>\n<h6>Dodatno:<\/h6>\n<p>Na poklon set mo\u017eete prilo\u017eiti i <strong>personaliziranu \u010destitku<\/strong> (+2,95 eura).<\/p>\n<p>Po \u017eelji \u0107emo dostaviti va\u0161 poklon primatelju, a podrazumijeva se da u paket ne\u0107emo prilo\u017eiti ra\u010dun tijekom isporuke. Ra\u010dun \u0107emo poslati vama.<\/p>\n<p>Povrh svega, svoj poklon set mo\u017eete nadograditi <a href=\"http:\/\/staging.leboxi.eu\/blog\/posvetilo-darilni-listki\/\">poklon listi\u0107ima<\/a> za izradu \u010dije upute mo\u017eete prona\u0107i na na\u0161em blogu. Podarite jedinstven je ro\u0111endanski dar za \u017eenu ili neku drugu posebnu priliku.<\/p>\n<p>&nbsp;<\/p>\n<p><script type=\"application\/ld+json\">\n{\n  \"@context\": \"https:\/\/schema.org\/\", \n  \"@type\": \"Product\", \n  \"name\": \"Darilna \u0161katla \u2013 Super duo\",\n  \"image\": \"http:\/\/staging.leboxi.eu\/wp-content\/uploads\/2021\/04\/Izdelek-135-of-339.jpg\",\n  \"description\": \"Kako \u017ee gre tisti znani izrek:Trije so \u017ee gne\u010da\u2026 \u2013 in to ne velja samo za ljubezenska razmerja. Na\u0161 Super duo izbor predstavlja dva najpomembnej\u0161a izdelka, ki jih bo obdarovanka potebovala za nego svoje ko\u017ee! V posteljici iz ne\u017ene slame bo prejela naravno ro\u010dno izdelano milo iz pode\u017eelja ju\u017ene Francije za mehko in di\u0161e\u010do ko\u017eo ter 100% biolo\u0161ko razgradljivo gobico iz sisala za ne\u017een piling odmrle ko\u017ee. Te\u017eav z izbiro darila za rojstni dan za \u017eeno je konec.<\/p>\n<p>Na\u0161a naravna mila so pakirana v ve\u010djih koli\u010dinah, kot je obi\u010dajno za naravna, ro\u010dno izdelana mila \u2013 120g. V darilno \u0161katlo lahko prilo\u017eite tudi personalizirano darilno kartico (za dopla\u010dilo).\",\n  \"brand\": \"Le Boxi\",\n  \"sku\": \"K-16\",\n  \"offers\": {\n    \"@type\": \"Offer\",\n    \"url\": \"http:\/\/staging.leboxi.eu\/izdelki\/darilo-za-rojstni-dan-za-zeno\/\",\n    \"priceCurrency\": \"EUR\",\n    \"price\": \"22.7\",\n    \"priceValidUntil\": \"2023-12-31\",\n    \"availability\": \"https:\/\/schema.org\/InStock\",\n    \"itemCondition\": \"https:\/\/schema.org\/NewCondition\"\n  },\n  \"aggregateRating\": {\n    \"@type\": \"AggregateRating\",\n    \"ratingValue\": \"4.6\",\n    \"bestRating\": \"5\",\n    \"worstRating\": \"1\",\n    \"ratingCount\": \"2\"\n  }\n}\n<\/script><\/p>\n<p>&nbsp;<\/p>\n","protected":false},"excerpt":{"rendered":"<p>Kako glasi ona poznata izreka: Troje je previ\u0161e\u2026 \u2013 i to ne vrijedi samo za ljubavne odnose. Za Super duo odabrali smo dva najva\u017enija proizvoda koja \u0107e slavljenica trebati za njegu svoje ko\u017ee! Na posteljici od mekane slame dobit \u0107e prirodni ru\u010dno ra\u0111eni sapun iz ju\u017ene Francuske za mekanu i mirisnu ko\u017eu te 100 % biorazgradivu spu\u017evu od sisala za nje\u017eni piling koji \u0107e skinuti mrtve stanice ko\u017ee. Ovo je kraj mukama oko odabira ro\u0111endanskog poklona za suprugu.   <\/p>\n<p>Na\u0161i prirodni sapuni pakirani su u ve\u0107im koli\u010dinama nego ina\u010de za prirodne, ru\u010dno ra\u0111ene sapune &#8211; 120g. Tako\u0111er mo\u017eete uklju\u010diti personaliziranu poklon karticu (uz nadoplatu) u poklon kutiju.<\/p>\n<p>Poklon kutija sadr\u017ei:<\/p>\n<ul>\n<li>1x prirodni ru\u010dno ra\u0111eni sapun (120g),<\/li>\n<li>1x spu\u017eva za piling od sisala<\/li>\n<\/ul>\n<p>Po \u017eelji \u0107emo dostaviti va\u0161 poklon primatelju, a podrazumijeva se da u paket ne\u0107emo prilo\u017eiti ra\u010dun tijekom isporuke. Ra\u010dun \u0107emo poslati vama.<\/p>\n<p>Detaljan opis mo\u017eete pro\u010ditati u nastavku.<\/p>\n","protected":false},"featured_media":5316,"comment_status":"open","ping_status":"closed","template":"","meta":{"site-sidebar-layout":"default","site-content-layout":"default","ast-site-content-layout":"default","site-content-style":"default","site-sidebar-style":"default","ast-global-header-display":"","ast-banner-title-visibility":"","ast-main-header-display":"","ast-hfb-above-header-display":"","ast-hfb-below-header-display":"","ast-hfb-mobile-header-display":"","site-post-title":"","ast-breadcrumbs-content":"","ast-featured-img":"","footer-sml-layout":"","theme-transparent-header-meta":"default","adv-header-id-meta":"","stick-header-meta":"","header-above-stick-meta":"","header-main-stick-meta":"","header-below-stick-meta":"","astra-migrate-meta-layouts":"default","ast-page-background-enabled":"default","ast-page-background-meta":{"desktop":{"background-color":"","background-image":"","background-repeat":"repeat","background-position":"center center","background-size":"auto","background-attachment":"scroll","background-type":"","background-media":"","overlay-type":"","overlay-color":"","overlay-opacity":"","overlay-gradient":""},"tablet":{"background-color":"","background-image":"","background-repeat":"repeat","background-position":"center center","background-size":"auto","background-attachment":"scroll","background-type":"","background-media":"","overlay-type":"","overlay-color":"","overlay-opacity":"","overlay-gradient":""},"mobile":{"background-color":"","background-image":"","background-repeat":"repeat","background-position":"center center","background-size":"auto","background-attachment":"scroll","background-type":"","background-media":"","overlay-type":"","overlay-color":"","overlay-opacity":"","overlay-gradient":""}},"ast-content-background-meta":{"desktop":{"background-color":"var(--ast-global-color-5)","background-image":"","background-repeat":"repeat","background-position":"center center","background-size":"auto","background-attachment":"scroll","background-type":"","background-media":"","overlay-type":"","overlay-color":"","overlay-opacity":"","overlay-gradient":""},"tablet":{"background-color":"var(--ast-global-color-5)","background-image":"","background-repeat":"repeat","background-position":"center center","background-size":"auto","background-attachment":"scroll","background-type":"","background-media":"","overlay-type":"","overlay-color":"","overlay-opacity":"","overlay-gradient":""},"mobile":{"background-color":"var(--ast-global-color-5)","background-image":"","background-repeat":"repeat","background-position":"center center","background-size":"auto","background-attachment":"scroll","background-type":"","background-media":"","overlay-type":"","overlay-color":"","overlay-opacity":"","overlay-gradient":""}}},"product_brand":[],"product_cat":[15],"product_tag":[],"class_list":{"0":"post-7034","1":"product","2":"type-product","3":"status-publish","4":"has-post-thumbnail","6":"product_cat-splosna","7":"desktop-align-left","8":"tablet-align-left","9":"mobile-align-left","11":"first","12":"outofstock","13":"taxable","14":"shipping-taxable","15":"purchasable","16":"product-type-simple"},"yoast_head":"<!-- This site is optimized with the Yoast SEO plugin v25.2 - https:\/\/yoast.com\/wordpress\/plugins\/seo\/ -->\n<title>Ro\u0111endanski poklon za suprugu | Poklon kutija - Super duo | Le Boxi<\/title>\n<meta name=\"description\" content=\"Set sadr\u017ei prirodni ru\u010dno ra\u0111eni sapun s juga Francuske i 100 % biorazgradivu spu\u017evu od sisala. Prekrasan ro\u0111endanski poklon za suprugu.\" \/>\n<meta name=\"robots\" content=\"index, follow, max-snippet:-1, max-image-preview:large, max-video-preview:-1\" \/>\n<link rel=\"canonical\" href=\"http:\/\/staging.leboxi.eu\/hr\/proizvodi\/rodendanski-poklon-za-suprugu\/\" \/>\n<meta property=\"og:locale\" content=\"hr_HR\" \/>\n<meta property=\"og:type\" content=\"article\" \/>\n<meta property=\"og:title\" content=\"Ro\u0111endanski poklon za suprugu | Poklon kutija - Super duo | Le Boxi\" \/>\n<meta property=\"og:description\" content=\"Set sadr\u017ei prirodni ru\u010dno ra\u0111eni sapun s juga Francuske i 100 % biorazgradivu spu\u017evu od sisala. Prekrasan ro\u0111endanski poklon za suprugu.\" \/>\n<meta property=\"og:url\" content=\"http:\/\/staging.leboxi.eu\/hr\/proizvodi\/rodendanski-poklon-za-suprugu\/\" \/>\n<meta property=\"og:site_name\" content=\"Le Boxi | Unikatna darila za vsakogar\" \/>\n<meta property=\"article:publisher\" content=\"https:\/\/www.facebook.com\/leboxi.eu\" \/>\n<meta property=\"article:modified_time\" content=\"2022-07-23T16:53:47+00:00\" \/>\n<meta property=\"og:image\" content=\"https:\/\/staging.leboxi.eu\/wp-content\/uploads\/2021\/04\/Izdelek-135-of-339.jpg\" \/>\n\t<meta property=\"og:image:width\" content=\"1000\" \/>\n\t<meta property=\"og:image:height\" content=\"1000\" \/>\n\t<meta property=\"og:image:type\" content=\"image\/jpeg\" \/>\n<meta name=\"twitter:card\" content=\"summary_large_image\" \/>\n<meta name=\"twitter:label1\" content=\"Procijenjeno vrijeme \u010ditanja\" \/>\n\t<meta name=\"twitter:data1\" content=\"2 minute\" \/>\n<script type=\"application\/ld+json\" class=\"yoast-schema-graph\">{\"@context\":\"https:\/\/schema.org\",\"@graph\":[{\"@type\":\"WebPage\",\"@id\":\"http:\/\/staging.leboxi.eu\/hr\/proizvodi\/rodendanski-poklon-za-suprugu\/\",\"url\":\"http:\/\/staging.leboxi.eu\/hr\/proizvodi\/rodendanski-poklon-za-suprugu\/\",\"name\":\"Ro\u0111endanski poklon za suprugu | Poklon kutija - Super duo | Le Boxi\",\"isPartOf\":{\"@id\":\"http:\/\/staging.leboxi.eu\/hr\/#website\"},\"primaryImageOfPage\":{\"@id\":\"http:\/\/staging.leboxi.eu\/hr\/proizvodi\/rodendanski-poklon-za-suprugu\/#primaryimage\"},\"image\":{\"@id\":\"http:\/\/staging.leboxi.eu\/hr\/proizvodi\/rodendanski-poklon-za-suprugu\/#primaryimage\"},\"thumbnailUrl\":\"http:\/\/staging.leboxi.eu\/wp-content\/uploads\/2021\/04\/Izdelek-135-of-339.jpg\",\"datePublished\":\"2022-03-26T15:48:26+00:00\",\"dateModified\":\"2022-07-23T16:53:47+00:00\",\"description\":\"Set sadr\u017ei prirodni ru\u010dno ra\u0111eni sapun s juga Francuske i 100 % biorazgradivu spu\u017evu od sisala. Prekrasan ro\u0111endanski poklon za suprugu.\",\"breadcrumb\":{\"@id\":\"http:\/\/staging.leboxi.eu\/hr\/proizvodi\/rodendanski-poklon-za-suprugu\/#breadcrumb\"},\"inLanguage\":\"hr\",\"potentialAction\":[{\"@type\":\"ReadAction\",\"target\":[\"http:\/\/staging.leboxi.eu\/hr\/proizvodi\/rodendanski-poklon-za-suprugu\/\"]}]},{\"@type\":\"ImageObject\",\"inLanguage\":\"hr\",\"@id\":\"http:\/\/staging.leboxi.eu\/hr\/proizvodi\/rodendanski-poklon-za-suprugu\/#primaryimage\",\"url\":\"http:\/\/staging.leboxi.eu\/wp-content\/uploads\/2021\/04\/Izdelek-135-of-339.jpg\",\"contentUrl\":\"http:\/\/staging.leboxi.eu\/wp-content\/uploads\/2021\/04\/Izdelek-135-of-339.jpg\",\"width\":1000,\"height\":1000,\"caption\":\"Poklon kutija sa spu\u017evom za pranje od sisala i prirodnim ru\u010dno ra\u0111enim sapunom - ro\u0111endanski poklon za suprugu\"},{\"@type\":\"BreadcrumbList\",\"@id\":\"http:\/\/staging.leboxi.eu\/hr\/proizvodi\/rodendanski-poklon-za-suprugu\/#breadcrumb\",\"itemListElement\":[{\"@type\":\"ListItem\",\"position\":1,\"name\":\"Doma\",\"item\":\"http:\/\/staging.leboxi.eu\/hr\/\"},{\"@type\":\"ListItem\",\"position\":2,\"name\":\"Trgovina\",\"item\":\"http:\/\/staging.leboxi.eu\/hr\/trgovina\/\"},{\"@type\":\"ListItem\",\"position\":3,\"name\":\"Poklon kutija &#8211; Super duo\"}]},{\"@type\":\"WebSite\",\"@id\":\"http:\/\/staging.leboxi.eu\/hr\/#website\",\"url\":\"http:\/\/staging.leboxi.eu\/hr\/\",\"name\":\"Le Boxi | Unikatna darila za vsakogar\",\"description\":\"Unikatna darila in darilne \u0161katle za vse prilo\u017enosti.\",\"publisher\":{\"@id\":\"http:\/\/staging.leboxi.eu\/hr\/#organization\"},\"potentialAction\":[{\"@type\":\"SearchAction\",\"target\":{\"@type\":\"EntryPoint\",\"urlTemplate\":\"http:\/\/staging.leboxi.eu\/hr\/?s={search_term_string}\"},\"query-input\":{\"@type\":\"PropertyValueSpecification\",\"valueRequired\":true,\"valueName\":\"search_term_string\"}}],\"inLanguage\":\"hr\"},{\"@type\":\"Organization\",\"@id\":\"http:\/\/staging.leboxi.eu\/hr\/#organization\",\"name\":\"LE BOXI\",\"url\":\"http:\/\/staging.leboxi.eu\/hr\/\",\"logo\":{\"@type\":\"ImageObject\",\"inLanguage\":\"hr\",\"@id\":\"http:\/\/staging.leboxi.eu\/hr\/#\/schema\/logo\/image\/\",\"url\":\"http:\/\/staging.leboxi.eu\/wp-content\/uploads\/2021\/02\/LeBoxi-manjsi-png.png\",\"contentUrl\":\"http:\/\/staging.leboxi.eu\/wp-content\/uploads\/2021\/02\/LeBoxi-manjsi-png.png\",\"width\":389,\"height\":164,\"caption\":\"LE BOXI\"},\"image\":{\"@id\":\"http:\/\/staging.leboxi.eu\/hr\/#\/schema\/logo\/image\/\"},\"sameAs\":[\"https:\/\/www.facebook.com\/leboxi.eu\",\"https:\/\/www.instagram.com\/le.boxi\/\"]}]}<\/script>\n<!-- \/ Yoast SEO plugin. -->","yoast_head_json":{"title":"Ro\u0111endanski poklon za suprugu | Poklon kutija - Super duo | Le Boxi","description":"Set sadr\u017ei prirodni ru\u010dno ra\u0111eni sapun s juga Francuske i 100 % biorazgradivu spu\u017evu od sisala. Prekrasan ro\u0111endanski poklon za suprugu.","robots":{"index":"index","follow":"follow","max-snippet":"max-snippet:-1","max-image-preview":"max-image-preview:large","max-video-preview":"max-video-preview:-1"},"canonical":"http:\/\/staging.leboxi.eu\/hr\/proizvodi\/rodendanski-poklon-za-suprugu\/","og_locale":"hr_HR","og_type":"article","og_title":"Ro\u0111endanski poklon za suprugu | Poklon kutija - Super duo | Le Boxi","og_description":"Set sadr\u017ei prirodni ru\u010dno ra\u0111eni sapun s juga Francuske i 100 % biorazgradivu spu\u017evu od sisala. Prekrasan ro\u0111endanski poklon za suprugu.","og_url":"http:\/\/staging.leboxi.eu\/hr\/proizvodi\/rodendanski-poklon-za-suprugu\/","og_site_name":"Le Boxi | Unikatna darila za vsakogar","article_publisher":"https:\/\/www.facebook.com\/leboxi.eu","article_modified_time":"2022-07-23T16:53:47+00:00","og_image":[{"width":1000,"height":1000,"url":"https:\/\/staging.leboxi.eu\/wp-content\/uploads\/2021\/04\/Izdelek-135-of-339.jpg","type":"image\/jpeg"}],"twitter_card":"summary_large_image","twitter_misc":{"Procijenjeno vrijeme \u010ditanja":"2 minute"},"schema":{"@context":"https:\/\/schema.org","@graph":[{"@type":"WebPage","@id":"http:\/\/staging.leboxi.eu\/hr\/proizvodi\/rodendanski-poklon-za-suprugu\/","url":"http:\/\/staging.leboxi.eu\/hr\/proizvodi\/rodendanski-poklon-za-suprugu\/","name":"Ro\u0111endanski poklon za suprugu | Poklon kutija - Super duo | Le Boxi","isPartOf":{"@id":"http:\/\/staging.leboxi.eu\/hr\/#website"},"primaryImageOfPage":{"@id":"http:\/\/staging.leboxi.eu\/hr\/proizvodi\/rodendanski-poklon-za-suprugu\/#primaryimage"},"image":{"@id":"http:\/\/staging.leboxi.eu\/hr\/proizvodi\/rodendanski-poklon-za-suprugu\/#primaryimage"},"thumbnailUrl":"http:\/\/staging.leboxi.eu\/wp-content\/uploads\/2021\/04\/Izdelek-135-of-339.jpg","datePublished":"2022-03-26T15:48:26+00:00","dateModified":"2022-07-23T16:53:47+00:00","description":"Set sadr\u017ei prirodni ru\u010dno ra\u0111eni sapun s juga Francuske i 100 % biorazgradivu spu\u017evu od sisala. Prekrasan ro\u0111endanski poklon za suprugu.","breadcrumb":{"@id":"http:\/\/staging.leboxi.eu\/hr\/proizvodi\/rodendanski-poklon-za-suprugu\/#breadcrumb"},"inLanguage":"hr","potentialAction":[{"@type":"ReadAction","target":["http:\/\/staging.leboxi.eu\/hr\/proizvodi\/rodendanski-poklon-za-suprugu\/"]}]},{"@type":"ImageObject","inLanguage":"hr","@id":"http:\/\/staging.leboxi.eu\/hr\/proizvodi\/rodendanski-poklon-za-suprugu\/#primaryimage","url":"http:\/\/staging.leboxi.eu\/wp-content\/uploads\/2021\/04\/Izdelek-135-of-339.jpg","contentUrl":"http:\/\/staging.leboxi.eu\/wp-content\/uploads\/2021\/04\/Izdelek-135-of-339.jpg","width":1000,"height":1000,"caption":"Poklon kutija sa spu\u017evom za pranje od sisala i prirodnim ru\u010dno ra\u0111enim sapunom - ro\u0111endanski poklon za suprugu"},{"@type":"BreadcrumbList","@id":"http:\/\/staging.leboxi.eu\/hr\/proizvodi\/rodendanski-poklon-za-suprugu\/#breadcrumb","itemListElement":[{"@type":"ListItem","position":1,"name":"Doma","item":"http:\/\/staging.leboxi.eu\/hr\/"},{"@type":"ListItem","position":2,"name":"Trgovina","item":"http:\/\/staging.leboxi.eu\/hr\/trgovina\/"},{"@type":"ListItem","position":3,"name":"Poklon kutija &#8211; Super duo"}]},{"@type":"WebSite","@id":"http:\/\/staging.leboxi.eu\/hr\/#website","url":"http:\/\/staging.leboxi.eu\/hr\/","name":"Le Boxi | Unikatna darila za vsakogar","description":"Unikatna darila in darilne \u0161katle za vse prilo\u017enosti.","publisher":{"@id":"http:\/\/staging.leboxi.eu\/hr\/#organization"},"potentialAction":[{"@type":"SearchAction","target":{"@type":"EntryPoint","urlTemplate":"http:\/\/staging.leboxi.eu\/hr\/?s={search_term_string}"},"query-input":{"@type":"PropertyValueSpecification","valueRequired":true,"valueName":"search_term_string"}}],"inLanguage":"hr"},{"@type":"Organization","@id":"http:\/\/staging.leboxi.eu\/hr\/#organization","name":"LE BOXI","url":"http:\/\/staging.leboxi.eu\/hr\/","logo":{"@type":"ImageObject","inLanguage":"hr","@id":"http:\/\/staging.leboxi.eu\/hr\/#\/schema\/logo\/image\/","url":"http:\/\/staging.leboxi.eu\/wp-content\/uploads\/2021\/02\/LeBoxi-manjsi-png.png","contentUrl":"http:\/\/staging.leboxi.eu\/wp-content\/uploads\/2021\/02\/LeBoxi-manjsi-png.png","width":389,"height":164,"caption":"LE BOXI"},"image":{"@id":"http:\/\/staging.leboxi.eu\/hr\/#\/schema\/logo\/image\/"},"sameAs":["https:\/\/www.facebook.com\/leboxi.eu","https:\/\/www.instagram.com\/le.boxi\/"]}]}},"_links":{"self":[{"href":"http:\/\/staging.leboxi.eu\/hr\/wp-json\/wp\/v2\/product\/7034","targetHints":{"allow":["GET"]}}],"collection":[{"href":"http:\/\/staging.leboxi.eu\/hr\/wp-json\/wp\/v2\/product"}],"about":[{"href":"http:\/\/staging.leboxi.eu\/hr\/wp-json\/wp\/v2\/types\/product"}],"replies":[{"embeddable":true,"href":"http:\/\/staging.leboxi.eu\/hr\/wp-json\/wp\/v2\/comments?post=7034"}],"version-history":[{"count":3,"href":"http:\/\/staging.leboxi.eu\/hr\/wp-json\/wp\/v2\/product\/7034\/revisions"}],"predecessor-version":[{"id":8987,"href":"http:\/\/staging.leboxi.eu\/hr\/wp-json\/wp\/v2\/product\/7034\/revisions\/8987"}],"wp:featuredmedia":[{"embeddable":true,"href":"http:\/\/staging.leboxi.eu\/hr\/wp-json\/wp\/v2\/media\/5316"}],"wp:attachment":[{"href":"http:\/\/staging.leboxi.eu\/hr\/wp-json\/wp\/v2\/media?parent=7034"}],"wp:term":[{"taxonomy":"product_brand","embeddable":true,"href":"http:\/\/staging.leboxi.eu\/hr\/wp-json\/wp\/v2\/product_brand?post=7034"},{"taxonomy":"product_cat","embeddable":true,"href":"http:\/\/staging.leboxi.eu\/hr\/wp-json\/wp\/v2\/product_cat?post=7034"},{"taxonomy":"product_tag","embeddable":true,"href":"http:\/\/staging.leboxi.eu\/hr\/wp-json\/wp\/v2\/product_tag?post=7034"}],"curies":[{"name":"wp","href":"https:\/\/api.w.org\/{rel}","templated":true}]}}