{"id":6888,"date":"2022-01-27T18:01:52","date_gmt":"2022-03-20T17:36:34","guid":{"rendered":"http:\/\/staging.leboxi.eu\/izdelki\/case-od-himalajske-soli\/"},"modified":"2024-09-03T20:14:34","modified_gmt":"2024-09-03T19:14:34","slug":"case-od-himalajske-soli","status":"publish","type":"product","link":"http:\/\/staging.leboxi.eu\/hr\/proizvodi\/case-od-himalajske-soli\/","title":{"rendered":"\u010ca\u0161e od himalajske soli"},"content":{"rendered":"<h4>Set \u010da\u0161a od himalajske soli, za sve ljubitelje tekile i drugih \u017eestokih pi\u0107a.<\/h4>\n<p>Ove jedinstvene \u010da\u0161e od himalajske soli nalaze se na prekrasnom drvenom postolju.<\/p>\n<p>Svaki put kad popijete sadr\u017eaj, okrenite \u010da\u0161u ili je posu\u0161ite papirnatim ru\u010dnikom kako sol ne bi erodirala. \u010ci\u0161\u0107enje: Brzo isperite pod hladnom vodom i osu\u0161ite papirnatim ru\u010dnikom. \u010ca\u0161e \u010duvajte na hladnom i suhom mjestu. PA\u017dNJA: \u010ca\u0161e od himalajske soli nisu prikladne za pranje u perilici posu\u0111a.   <\/p>\n<p>Dimenzija \u010da\u0161e: visina:7.5cm, \u00f8 3cm<\/p>\n<p>Po \u017eelji \u0107emo dostaviti va\u0161 poklon primatelju, a podrazumijeva se da u paket ne\u0107emo prilo\u017eiti ra\u010dun tijekom isporuke. Ra\u010dun \u0107emo poslati vama. <\/p>\n<p>&nbsp;<\/p>\n","protected":false},"excerpt":{"rendered":"<p>Jeste li i vi ljubitelj tekile ili drugih \u017eestokih pi\u0107a? Ove ru\u010dno ra\u0111ene party \u010da\u0161e od prirodne himalajske soli ostavit \u0107e ugodan slan okus u ustima tijekom ispijanja. Ovaj set \u010da\u0161a od himalajske soli isporu\u010duje se u kompletu s drvenim postoljem. Trebate samo nato\u010diti si \u010da\u0161u tekile, na rub nataknuti limun i nazdraviti. \u017divjeli!    <\/p>\n<p>Po \u017eelji \u0107emo dostaviti va\u0161 poklon primatelju, a podrazumijeva se da u paket ne\u0107emo prilo\u017eiti ra\u010dun tijekom isporuke. Ra\u010dun \u0107emo poslati vama. <\/p>\n<p>Detaljan opis mo\u017eete pro\u010ditati u nastavku.<\/p>\n","protected":false},"featured_media":6005,"comment_status":"open","ping_status":"closed","template":"","meta":{"site-sidebar-layout":"default","site-content-layout":"default","ast-site-content-layout":"default","site-content-style":"default","site-sidebar-style":"default","ast-global-header-display":"","ast-banner-title-visibility":"","ast-main-header-display":"","ast-hfb-above-header-display":"","ast-hfb-below-header-display":"","ast-hfb-mobile-header-display":"","site-post-title":"","ast-breadcrumbs-content":"","ast-featured-img":"","footer-sml-layout":"","theme-transparent-header-meta":"default","adv-header-id-meta":"","stick-header-meta":"","header-above-stick-meta":"","header-main-stick-meta":"","header-below-stick-meta":"","astra-migrate-meta-layouts":"default","ast-page-background-enabled":"default","ast-page-background-meta":{"desktop":{"background-color":"","background-image":"","background-repeat":"repeat","background-position":"center center","background-size":"auto","background-attachment":"scroll","background-type":"","background-media":"","overlay-type":"","overlay-color":"","overlay-opacity":"","overlay-gradient":""},"tablet":{"background-color":"","background-image":"","background-repeat":"repeat","background-position":"center center","background-size":"auto","background-attachment":"scroll","background-type":"","background-media":"","overlay-type":"","overlay-color":"","overlay-opacity":"","overlay-gradient":""},"mobile":{"background-color":"","background-image":"","background-repeat":"repeat","background-position":"center center","background-size":"auto","background-attachment":"scroll","background-type":"","background-media":"","overlay-type":"","overlay-color":"","overlay-opacity":"","overlay-gradient":""}},"ast-content-background-meta":{"desktop":{"background-color":"var(--ast-global-color-5)","background-image":"","background-repeat":"repeat","background-position":"center center","background-size":"auto","background-attachment":"scroll","background-type":"","background-media":"","overlay-type":"","overlay-color":"","overlay-opacity":"","overlay-gradient":""},"tablet":{"background-color":"var(--ast-global-color-5)","background-image":"","background-repeat":"repeat","background-position":"center center","background-size":"auto","background-attachment":"scroll","background-type":"","background-media":"","overlay-type":"","overlay-color":"","overlay-opacity":"","overlay-gradient":""},"mobile":{"background-color":"var(--ast-global-color-5)","background-image":"","background-repeat":"repeat","background-position":"center center","background-size":"auto","background-attachment":"scroll","background-type":"","background-media":"","overlay-type":"","overlay-color":"","overlay-opacity":"","overlay-gradient":""}}},"product_brand":[],"product_cat":[212,207,203,209,210,198,202,225,213,214,226,75,87],"product_tag":[],"class_list":{"0":"post-6888","1":"product","2":"type-product","3":"status-publish","4":"has-post-thumbnail","6":"product_cat-bozicni-pokloni-za-zene","7":"product_cat-pokloni-za-bozic","8":"product_cat-pokloni-za-prijateljicu","9":"product_cat-pokloni-za-rodendan-hr","10":"product_cat-pokloni-za-rodendan-za-zene","11":"product_cat-pokloni-za-zene","12":"product_cat-prilike","13":"product_cat-bozicni-pokloni-za-muskarce","14":"product_cat-pokloni-za-decka","15":"product_cat-pokloni-za-muskarce","16":"product_cat-pokloni-za-rodendan-za-muskarce","17":"product_cat-muski","18":"product_cat-zene","19":"desktop-align-left","20":"tablet-align-left","21":"mobile-align-left","23":"first","24":"instock","25":"taxable","26":"shipping-taxable","27":"purchasable","28":"product-type-simple"},"yoast_head":"<!-- This site is optimized with the Yoast SEO plugin v25.2 - https:\/\/yoast.com\/wordpress\/plugins\/seo\/ -->\n<title>\u010ca\u0161e od himalajske soli | Jedinstveni pokloni | Le Boxi<\/title>\n<meta name=\"description\" content=\"Jeste li i vi ljubitelj tekile ili drugih \u017eestokih pi\u0107a? Ove ru\u010dno ra\u0111ene party \u010da\u0161e od prirodne himalajske soli ostavit \u0107e ugodan slan okus u ustima.\" \/>\n<meta name=\"robots\" content=\"index, follow, max-snippet:-1, max-image-preview:large, max-video-preview:-1\" \/>\n<link rel=\"canonical\" href=\"http:\/\/staging.leboxi.eu\/hr\/proizvodi\/case-od-himalajske-soli\/\" \/>\n<meta property=\"og:locale\" content=\"hr_HR\" \/>\n<meta property=\"og:type\" content=\"article\" \/>\n<meta property=\"og:title\" content=\"\u010ca\u0161e od himalajske soli | Jedinstveni pokloni | Le Boxi\" \/>\n<meta property=\"og:description\" content=\"Jeste li i vi ljubitelj tekile ili drugih \u017eestokih pi\u0107a? Ove ru\u010dno ra\u0111ene party \u010da\u0161e od prirodne himalajske soli ostavit \u0107e ugodan slan okus u ustima.\" \/>\n<meta property=\"og:url\" content=\"http:\/\/staging.leboxi.eu\/hr\/proizvodi\/case-od-himalajske-soli\/\" \/>\n<meta property=\"og:site_name\" content=\"Le Boxi | Unikatna darila za vsakogar\" \/>\n<meta property=\"article:publisher\" content=\"https:\/\/www.facebook.com\/leboxi.eu\" \/>\n<meta property=\"article:modified_time\" content=\"2024-09-03T19:14:34+00:00\" \/>\n<meta property=\"og:image\" content=\"http:\/\/staging.leboxi.eu\/wp-content\/uploads\/2022\/01\/kozarec-himalajska-sol.jpg\" \/>\n\t<meta property=\"og:image:width\" content=\"1022\" \/>\n\t<meta property=\"og:image:height\" content=\"1024\" \/>\n\t<meta property=\"og:image:type\" content=\"image\/jpeg\" \/>\n<meta name=\"twitter:card\" content=\"summary_large_image\" \/>\n<meta name=\"twitter:label1\" content=\"Procijenjeno vrijeme \u010ditanja\" \/>\n\t<meta name=\"twitter:data1\" content=\"1 minuta\" \/>\n<script type=\"application\/ld+json\" class=\"yoast-schema-graph\">{\"@context\":\"https:\/\/schema.org\",\"@graph\":[{\"@type\":\"WebPage\",\"@id\":\"http:\/\/staging.leboxi.eu\/hr\/proizvodi\/case-od-himalajske-soli\/\",\"url\":\"http:\/\/staging.leboxi.eu\/hr\/proizvodi\/case-od-himalajske-soli\/\",\"name\":\"\u010ca\u0161e od himalajske soli | Jedinstveni pokloni | Le Boxi\",\"isPartOf\":{\"@id\":\"http:\/\/staging.leboxi.eu\/hr\/#website\"},\"primaryImageOfPage\":{\"@id\":\"http:\/\/staging.leboxi.eu\/hr\/proizvodi\/case-od-himalajske-soli\/#primaryimage\"},\"image\":{\"@id\":\"http:\/\/staging.leboxi.eu\/hr\/proizvodi\/case-od-himalajske-soli\/#primaryimage\"},\"thumbnailUrl\":\"http:\/\/staging.leboxi.eu\/wp-content\/uploads\/2022\/01\/kozarec-himalajska-sol.jpg\",\"datePublished\":\"2022-03-20T17:36:34+00:00\",\"dateModified\":\"2024-09-03T19:14:34+00:00\",\"description\":\"Jeste li i vi ljubitelj tekile ili drugih \u017eestokih pi\u0107a? Ove ru\u010dno ra\u0111ene party \u010da\u0161e od prirodne himalajske soli ostavit \u0107e ugodan slan okus u ustima.\",\"breadcrumb\":{\"@id\":\"http:\/\/staging.leboxi.eu\/hr\/proizvodi\/case-od-himalajske-soli\/#breadcrumb\"},\"inLanguage\":\"hr\",\"potentialAction\":[{\"@type\":\"ReadAction\",\"target\":[\"http:\/\/staging.leboxi.eu\/hr\/proizvodi\/case-od-himalajske-soli\/\"]}]},{\"@type\":\"ImageObject\",\"inLanguage\":\"hr\",\"@id\":\"http:\/\/staging.leboxi.eu\/hr\/proizvodi\/case-od-himalajske-soli\/#primaryimage\",\"url\":\"http:\/\/staging.leboxi.eu\/wp-content\/uploads\/2022\/01\/kozarec-himalajska-sol.jpg\",\"contentUrl\":\"http:\/\/staging.leboxi.eu\/wp-content\/uploads\/2022\/01\/kozarec-himalajska-sol.jpg\",\"width\":1022,\"height\":1024,\"caption\":\"\u010ca\u0161e od himalajske soli\"},{\"@type\":\"BreadcrumbList\",\"@id\":\"http:\/\/staging.leboxi.eu\/hr\/proizvodi\/case-od-himalajske-soli\/#breadcrumb\",\"itemListElement\":[{\"@type\":\"ListItem\",\"position\":1,\"name\":\"Doma\",\"item\":\"http:\/\/staging.leboxi.eu\/hr\/\"},{\"@type\":\"ListItem\",\"position\":2,\"name\":\"Trgovina\",\"item\":\"http:\/\/staging.leboxi.eu\/hr\/trgovina\/\"},{\"@type\":\"ListItem\",\"position\":3,\"name\":\"\u010ca\u0161e od himalajske soli\"}]},{\"@type\":\"WebSite\",\"@id\":\"http:\/\/staging.leboxi.eu\/hr\/#website\",\"url\":\"http:\/\/staging.leboxi.eu\/hr\/\",\"name\":\"Le Boxi | Unikatna darila za vsakogar\",\"description\":\"Unikatna darila in darilne \u0161katle za vse prilo\u017enosti.\",\"publisher\":{\"@id\":\"http:\/\/staging.leboxi.eu\/hr\/#organization\"},\"potentialAction\":[{\"@type\":\"SearchAction\",\"target\":{\"@type\":\"EntryPoint\",\"urlTemplate\":\"http:\/\/staging.leboxi.eu\/hr\/?s={search_term_string}\"},\"query-input\":{\"@type\":\"PropertyValueSpecification\",\"valueRequired\":true,\"valueName\":\"search_term_string\"}}],\"inLanguage\":\"hr\"},{\"@type\":\"Organization\",\"@id\":\"http:\/\/staging.leboxi.eu\/hr\/#organization\",\"name\":\"LE BOXI\",\"url\":\"http:\/\/staging.leboxi.eu\/hr\/\",\"logo\":{\"@type\":\"ImageObject\",\"inLanguage\":\"hr\",\"@id\":\"http:\/\/staging.leboxi.eu\/hr\/#\/schema\/logo\/image\/\",\"url\":\"http:\/\/staging.leboxi.eu\/wp-content\/uploads\/2021\/02\/LeBoxi-manjsi-png.png\",\"contentUrl\":\"http:\/\/staging.leboxi.eu\/wp-content\/uploads\/2021\/02\/LeBoxi-manjsi-png.png\",\"width\":389,\"height\":164,\"caption\":\"LE BOXI\"},\"image\":{\"@id\":\"http:\/\/staging.leboxi.eu\/hr\/#\/schema\/logo\/image\/\"},\"sameAs\":[\"https:\/\/www.facebook.com\/leboxi.eu\",\"https:\/\/www.instagram.com\/le.boxi\/\"]}]}<\/script>\n<!-- \/ Yoast SEO plugin. -->","yoast_head_json":{"title":"\u010ca\u0161e od himalajske soli | Jedinstveni pokloni | Le Boxi","description":"Jeste li i vi ljubitelj tekile ili drugih \u017eestokih pi\u0107a? Ove ru\u010dno ra\u0111ene party \u010da\u0161e od prirodne himalajske soli ostavit \u0107e ugodan slan okus u ustima.","robots":{"index":"index","follow":"follow","max-snippet":"max-snippet:-1","max-image-preview":"max-image-preview:large","max-video-preview":"max-video-preview:-1"},"canonical":"http:\/\/staging.leboxi.eu\/hr\/proizvodi\/case-od-himalajske-soli\/","og_locale":"hr_HR","og_type":"article","og_title":"\u010ca\u0161e od himalajske soli | Jedinstveni pokloni | Le Boxi","og_description":"Jeste li i vi ljubitelj tekile ili drugih \u017eestokih pi\u0107a? Ove ru\u010dno ra\u0111ene party \u010da\u0161e od prirodne himalajske soli ostavit \u0107e ugodan slan okus u ustima.","og_url":"http:\/\/staging.leboxi.eu\/hr\/proizvodi\/case-od-himalajske-soli\/","og_site_name":"Le Boxi | Unikatna darila za vsakogar","article_publisher":"https:\/\/www.facebook.com\/leboxi.eu","article_modified_time":"2024-09-03T19:14:34+00:00","og_image":[{"width":1022,"height":1024,"url":"http:\/\/staging.leboxi.eu\/wp-content\/uploads\/2022\/01\/kozarec-himalajska-sol.jpg","type":"image\/jpeg"}],"twitter_card":"summary_large_image","twitter_misc":{"Procijenjeno vrijeme \u010ditanja":"1 minuta"},"schema":{"@context":"https:\/\/schema.org","@graph":[{"@type":"WebPage","@id":"http:\/\/staging.leboxi.eu\/hr\/proizvodi\/case-od-himalajske-soli\/","url":"http:\/\/staging.leboxi.eu\/hr\/proizvodi\/case-od-himalajske-soli\/","name":"\u010ca\u0161e od himalajske soli | Jedinstveni pokloni | Le Boxi","isPartOf":{"@id":"http:\/\/staging.leboxi.eu\/hr\/#website"},"primaryImageOfPage":{"@id":"http:\/\/staging.leboxi.eu\/hr\/proizvodi\/case-od-himalajske-soli\/#primaryimage"},"image":{"@id":"http:\/\/staging.leboxi.eu\/hr\/proizvodi\/case-od-himalajske-soli\/#primaryimage"},"thumbnailUrl":"http:\/\/staging.leboxi.eu\/wp-content\/uploads\/2022\/01\/kozarec-himalajska-sol.jpg","datePublished":"2022-03-20T17:36:34+00:00","dateModified":"2024-09-03T19:14:34+00:00","description":"Jeste li i vi ljubitelj tekile ili drugih \u017eestokih pi\u0107a? Ove ru\u010dno ra\u0111ene party \u010da\u0161e od prirodne himalajske soli ostavit \u0107e ugodan slan okus u ustima.","breadcrumb":{"@id":"http:\/\/staging.leboxi.eu\/hr\/proizvodi\/case-od-himalajske-soli\/#breadcrumb"},"inLanguage":"hr","potentialAction":[{"@type":"ReadAction","target":["http:\/\/staging.leboxi.eu\/hr\/proizvodi\/case-od-himalajske-soli\/"]}]},{"@type":"ImageObject","inLanguage":"hr","@id":"http:\/\/staging.leboxi.eu\/hr\/proizvodi\/case-od-himalajske-soli\/#primaryimage","url":"http:\/\/staging.leboxi.eu\/wp-content\/uploads\/2022\/01\/kozarec-himalajska-sol.jpg","contentUrl":"http:\/\/staging.leboxi.eu\/wp-content\/uploads\/2022\/01\/kozarec-himalajska-sol.jpg","width":1022,"height":1024,"caption":"\u010ca\u0161e od himalajske soli"},{"@type":"BreadcrumbList","@id":"http:\/\/staging.leboxi.eu\/hr\/proizvodi\/case-od-himalajske-soli\/#breadcrumb","itemListElement":[{"@type":"ListItem","position":1,"name":"Doma","item":"http:\/\/staging.leboxi.eu\/hr\/"},{"@type":"ListItem","position":2,"name":"Trgovina","item":"http:\/\/staging.leboxi.eu\/hr\/trgovina\/"},{"@type":"ListItem","position":3,"name":"\u010ca\u0161e od himalajske soli"}]},{"@type":"WebSite","@id":"http:\/\/staging.leboxi.eu\/hr\/#website","url":"http:\/\/staging.leboxi.eu\/hr\/","name":"Le Boxi | Unikatna darila za vsakogar","description":"Unikatna darila in darilne \u0161katle za vse prilo\u017enosti.","publisher":{"@id":"http:\/\/staging.leboxi.eu\/hr\/#organization"},"potentialAction":[{"@type":"SearchAction","target":{"@type":"EntryPoint","urlTemplate":"http:\/\/staging.leboxi.eu\/hr\/?s={search_term_string}"},"query-input":{"@type":"PropertyValueSpecification","valueRequired":true,"valueName":"search_term_string"}}],"inLanguage":"hr"},{"@type":"Organization","@id":"http:\/\/staging.leboxi.eu\/hr\/#organization","name":"LE BOXI","url":"http:\/\/staging.leboxi.eu\/hr\/","logo":{"@type":"ImageObject","inLanguage":"hr","@id":"http:\/\/staging.leboxi.eu\/hr\/#\/schema\/logo\/image\/","url":"http:\/\/staging.leboxi.eu\/wp-content\/uploads\/2021\/02\/LeBoxi-manjsi-png.png","contentUrl":"http:\/\/staging.leboxi.eu\/wp-content\/uploads\/2021\/02\/LeBoxi-manjsi-png.png","width":389,"height":164,"caption":"LE BOXI"},"image":{"@id":"http:\/\/staging.leboxi.eu\/hr\/#\/schema\/logo\/image\/"},"sameAs":["https:\/\/www.facebook.com\/leboxi.eu","https:\/\/www.instagram.com\/le.boxi\/"]}]}},"_links":{"self":[{"href":"http:\/\/staging.leboxi.eu\/hr\/wp-json\/wp\/v2\/product\/6888","targetHints":{"allow":["GET"]}}],"collection":[{"href":"http:\/\/staging.leboxi.eu\/hr\/wp-json\/wp\/v2\/product"}],"about":[{"href":"http:\/\/staging.leboxi.eu\/hr\/wp-json\/wp\/v2\/types\/product"}],"replies":[{"embeddable":true,"href":"http:\/\/staging.leboxi.eu\/hr\/wp-json\/wp\/v2\/comments?post=6888"}],"version-history":[{"count":1,"href":"http:\/\/staging.leboxi.eu\/hr\/wp-json\/wp\/v2\/product\/6888\/revisions"}],"predecessor-version":[{"id":9279,"href":"http:\/\/staging.leboxi.eu\/hr\/wp-json\/wp\/v2\/product\/6888\/revisions\/9279"}],"wp:featuredmedia":[{"embeddable":true,"href":"http:\/\/staging.leboxi.eu\/hr\/wp-json\/wp\/v2\/media\/6005"}],"wp:attachment":[{"href":"http:\/\/staging.leboxi.eu\/hr\/wp-json\/wp\/v2\/media?parent=6888"}],"wp:term":[{"taxonomy":"product_brand","embeddable":true,"href":"http:\/\/staging.leboxi.eu\/hr\/wp-json\/wp\/v2\/product_brand?post=6888"},{"taxonomy":"product_cat","embeddable":true,"href":"http:\/\/staging.leboxi.eu\/hr\/wp-json\/wp\/v2\/product_cat?post=6888"},{"taxonomy":"product_tag","embeddable":true,"href":"http:\/\/staging.leboxi.eu\/hr\/wp-json\/wp\/v2\/product_tag?post=6888"}],"curies":[{"name":"wp","href":"https:\/\/api.w.org\/{rel}","templated":true}]}}