{"id":6865,"date":"2021-10-10T14:18:57","date_gmt":"2022-03-20T15:58:51","guid":{"rendered":"http:\/\/staging.leboxi.eu\/izdelki\/komplet-za-pripremu-sladoled-rolnica\/"},"modified":"2024-09-03T20:22:28","modified_gmt":"2024-09-03T19:22:28","slug":"sladoled-rolnice","status":"publish","type":"product","link":"http:\/\/staging.leboxi.eu\/hr\/proizvodi\/sladoled-rolnice\/","title":{"rendered":"Komplet za pripremu sladoled rolnica"},"content":{"rendered":"<p>Ovaj izvrstan komplet za pripremu sladoled rolnica omogu\u0107it \u0107e vam da kod ku\u0107e pripremite trenuta\u010dno najpopularniji sladoled \u2013 sladoled rolnice. Sve \u0161to trebate u\u010diniti jest posudu za pripremu sladoled rolnica na nekoliko sati staviti u zamrziva\u010d. Kad je posuda dovoljno hladna, izvadite je iz zamrziva\u010da i u nju prebacite sladolednu mje\u0161avinu koju pripremate prema receptu iz knji\u017eice koja je prilo\u017eena kompletu. Pratite upute u knji\u017eici, a kad se smjesa stvrdne, lopaticom je postru\u017eite i stavite u lijepu \u010da\u0161icu ili na tanjur. Zanimljiva priprema sladoleda osigurava jedinstven okus i jedinstven izgled sladoleda \u2013 simpati\u010dne sladoled rolnice mogu se dodatno obogatiti raznim preljevima i posipima te \u0107ete tako dobiti privla\u010dnu slasticu.<\/p>\n<p>Komplet sadr\u017ei:<\/p>\n<ul>\n<li>rashladnu plo\u010du za pripremu sladoled rolnica,<\/li>\n<li>dvije plasti\u010dne lopatice,<\/li>\n<li>slamku\/\u017elicu,<\/li>\n<li>6 kalupa za izradu vlastitih oblika od sladoleda,<\/li>\n<li>knji\u017eicu s receptima.<\/li>\n<\/ul>\n<h6><\/h6>\n<h6>Dodatno:<\/h6>\n<p>U poklon kutiju mo\u017eete uklju\u010diti i <a href=\"http:\/\/staging.leboxi.eu\/hr\/izdelki\/cestitka-za-rodendan\/\" target=\"_blank\" rel=\"noopener\">personaliziranu \u010destitku.<\/a><\/p>\n<p>Po \u017eelji \u0107emo dostaviti va\u0161 poklon primatelju, a podrazumijeva se da u paket ne\u0107emo prilo\u017eiti ra\u010dun tijekom isporuke. Ra\u010dun \u0107emo poslati vama.<\/p>\n","protected":false},"excerpt":{"rendered":"<p>Pitate se kako pripremiti slasticu za sebe ili goste? Rje\u0161enje su sladoled rolnice. Na\u0161 komplet za pripremu sladoled rolnica omogu\u0107it \u0107e vam da kod ku\u0107e pripremite trenuta\u010dno najpopularniji sladoled \u2013 sladoled rolnice. Jednostavnim postupkom izrade opisanim u prilo\u017eenoj knji\u017eici s receptima, odmah \u0107ete postati majstor pripreme sladoleda. Poklon prikladan i za odrasle i za djecu.<\/p>\n<p>Komplet sadr\u017ei:<\/p>\n<ul>\n<li>rashladnu plo\u010du za pripremu sladoled rolnica,<\/li>\n<li>dvije plasti\u010dne lopatice,<\/li>\n<li>slamku\/\u017elicu,<\/li>\n<li>6 kalupa za izradu vlastitih oblika od sladoleda,<\/li>\n<li>knji\u017eicu s receptima.<\/li>\n<\/ul>\n<p>U poklon kutiju mo\u017eete uklju\u010diti i <a href=\"http:\/\/staging.leboxi.eu\/izdelki\/cestitka-za-rojstni-dan\/\" target=\"_blank\" rel=\"noopener\">personaliziranu \u010destitku<\/a>.<\/p>\n<p>&nbsp;<\/p>\n<p>Po \u017eelji \u0107emo dostaviti va\u0161 poklon primatelju, a podrazumijeva se da u paket ne\u0107emo prilo\u017eiti ra\u010dun tijekom isporuke. Ra\u010dun \u0107emo poslati vama.<\/p>\n<p>Is\u010drpan opis mo\u017eete pro\u010ditati u nastavku.<\/p>\n","protected":false},"featured_media":5567,"comment_status":"open","ping_status":"closed","template":"","meta":{"site-sidebar-layout":"default","site-content-layout":"default","ast-site-content-layout":"default","site-content-style":"default","site-sidebar-style":"default","ast-global-header-display":"","ast-banner-title-visibility":"","ast-main-header-display":"","ast-hfb-above-header-display":"","ast-hfb-below-header-display":"","ast-hfb-mobile-header-display":"","site-post-title":"","ast-breadcrumbs-content":"","ast-featured-img":"","footer-sml-layout":"","theme-transparent-header-meta":"default","adv-header-id-meta":"","stick-header-meta":"","header-above-stick-meta":"","header-main-stick-meta":"","header-below-stick-meta":"","astra-migrate-meta-layouts":"set","ast-page-background-enabled":"default","ast-page-background-meta":{"desktop":{"background-color":"","background-image":"","background-repeat":"repeat","background-position":"center center","background-size":"auto","background-attachment":"scroll","background-type":"","background-media":"","overlay-type":"","overlay-color":"","overlay-opacity":"","overlay-gradient":""},"tablet":{"background-color":"","background-image":"","background-repeat":"repeat","background-position":"center center","background-size":"auto","background-attachment":"scroll","background-type":"","background-media":"","overlay-type":"","overlay-color":"","overlay-opacity":"","overlay-gradient":""},"mobile":{"background-color":"","background-image":"","background-repeat":"repeat","background-position":"center center","background-size":"auto","background-attachment":"scroll","background-type":"","background-media":"","overlay-type":"","overlay-color":"","overlay-opacity":"","overlay-gradient":""}},"ast-content-background-meta":{"desktop":{"background-color":"var(--ast-global-color-5)","background-image":"","background-repeat":"repeat","background-position":"center center","background-size":"auto","background-attachment":"scroll","background-type":"","background-media":"","overlay-type":"","overlay-color":"","overlay-opacity":"","overlay-gradient":""},"tablet":{"background-color":"var(--ast-global-color-5)","background-image":"","background-repeat":"repeat","background-position":"center center","background-size":"auto","background-attachment":"scroll","background-type":"","background-media":"","overlay-type":"","overlay-color":"","overlay-opacity":"","overlay-gradient":""},"mobile":{"background-color":"var(--ast-global-color-5)","background-image":"","background-repeat":"repeat","background-position":"center center","background-size":"auto","background-attachment":"scroll","background-type":"","background-media":"","overlay-type":"","overlay-color":"","overlay-opacity":"","overlay-gradient":""}}},"product_brand":[],"product_cat":[212,207,201,203,209,210,198,202,274,225,213,214,226,320,75,87],"product_tag":[],"class_list":{"0":"post-6865","1":"product","2":"type-product","3":"status-publish","4":"has-post-thumbnail","6":"product_cat-bozicni-pokloni-za-zene","7":"product_cat-pokloni-za-bozic","8":"product_cat-pokloni-za-djevojku","9":"product_cat-pokloni-za-prijateljicu","10":"product_cat-pokloni-za-rodendan-hr","11":"product_cat-pokloni-za-rodendan-za-zene","12":"product_cat-pokloni-za-zene","13":"product_cat-prilike","14":"product_cat-akcija-hr","15":"product_cat-bozicni-pokloni-za-muskarce","16":"product_cat-pokloni-za-decka","17":"product_cat-pokloni-za-muskarce","18":"product_cat-pokloni-za-rodendan-za-muskarce","19":"product_cat-proljetna-rasprodaja","20":"product_cat-muski","21":"product_cat-zene","22":"desktop-align-left","23":"tablet-align-left","24":"mobile-align-left","26":"first","27":"instock","28":"sale","29":"taxable","30":"shipping-taxable","31":"purchasable","32":"product-type-simple"},"yoast_head":"<!-- This site is optimized with the Yoast SEO plugin v25.2 - https:\/\/yoast.com\/wordpress\/plugins\/seo\/ -->\n<title>Komplet za pripremu sladoled rolnica | Le Boxi<\/title>\n<meta name=\"description\" content=\"Najzdravije i najukusnije su svakako one sladoled rolnice koje \u0107ete pripremiti kod ku\u0107e! Razveselite svoje mali\u0161ane ovim doma\u0107im setom.\" \/>\n<meta name=\"robots\" content=\"index, follow, max-snippet:-1, max-image-preview:large, max-video-preview:-1\" \/>\n<link rel=\"canonical\" href=\"http:\/\/staging.leboxi.eu\/hr\/proizvodi\/sladoled-rolnice\/\" \/>\n<meta property=\"og:locale\" content=\"hr_HR\" \/>\n<meta property=\"og:type\" content=\"article\" \/>\n<meta property=\"og:title\" content=\"Komplet za pripremu sladoled rolnica | Le Boxi\" \/>\n<meta property=\"og:description\" content=\"Najzdravije i najukusnije su svakako one sladoled rolnice koje \u0107ete pripremiti kod ku\u0107e! Razveselite svoje mali\u0161ane ovim doma\u0107im setom.\" \/>\n<meta property=\"og:url\" content=\"http:\/\/staging.leboxi.eu\/hr\/proizvodi\/sladoled-rolnice\/\" \/>\n<meta property=\"og:site_name\" content=\"Le Boxi | Unikatna darila za vsakogar\" \/>\n<meta property=\"article:publisher\" content=\"https:\/\/www.facebook.com\/leboxi.eu\" \/>\n<meta property=\"article:modified_time\" content=\"2024-09-03T19:22:28+00:00\" \/>\n<meta property=\"og:image\" content=\"http:\/\/staging.leboxi.eu\/wp-content\/uploads\/2021\/10\/Set-za-pripravo-sladolednih-rolic.jpg\" \/>\n\t<meta property=\"og:image:width\" content=\"1000\" \/>\n\t<meta property=\"og:image:height\" content=\"1000\" \/>\n\t<meta property=\"og:image:type\" content=\"image\/jpeg\" \/>\n<meta name=\"twitter:card\" content=\"summary_large_image\" \/>\n<meta name=\"twitter:label1\" content=\"Procijenjeno vrijeme \u010ditanja\" \/>\n\t<meta name=\"twitter:data1\" content=\"1 minuta\" \/>\n<script type=\"application\/ld+json\" class=\"yoast-schema-graph\">{\"@context\":\"https:\/\/schema.org\",\"@graph\":[{\"@type\":\"WebPage\",\"@id\":\"http:\/\/staging.leboxi.eu\/hr\/proizvodi\/sladoled-rolnice\/\",\"url\":\"http:\/\/staging.leboxi.eu\/hr\/proizvodi\/sladoled-rolnice\/\",\"name\":\"Komplet za pripremu sladoled rolnica | Le Boxi\",\"isPartOf\":{\"@id\":\"http:\/\/staging.leboxi.eu\/hr\/#website\"},\"primaryImageOfPage\":{\"@id\":\"http:\/\/staging.leboxi.eu\/hr\/proizvodi\/sladoled-rolnice\/#primaryimage\"},\"image\":{\"@id\":\"http:\/\/staging.leboxi.eu\/hr\/proizvodi\/sladoled-rolnice\/#primaryimage\"},\"thumbnailUrl\":\"http:\/\/staging.leboxi.eu\/wp-content\/uploads\/2021\/10\/Set-za-pripravo-sladolednih-rolic.jpg\",\"datePublished\":\"2022-03-20T15:58:51+00:00\",\"dateModified\":\"2024-09-03T19:22:28+00:00\",\"description\":\"Najzdravije i najukusnije su svakako one sladoled rolnice koje \u0107ete pripremiti kod ku\u0107e! Razveselite svoje mali\u0161ane ovim doma\u0107im setom.\",\"breadcrumb\":{\"@id\":\"http:\/\/staging.leboxi.eu\/hr\/proizvodi\/sladoled-rolnice\/#breadcrumb\"},\"inLanguage\":\"hr\",\"potentialAction\":[{\"@type\":\"ReadAction\",\"target\":[\"http:\/\/staging.leboxi.eu\/hr\/proizvodi\/sladoled-rolnice\/\"]}]},{\"@type\":\"ImageObject\",\"inLanguage\":\"hr\",\"@id\":\"http:\/\/staging.leboxi.eu\/hr\/proizvodi\/sladoled-rolnice\/#primaryimage\",\"url\":\"http:\/\/staging.leboxi.eu\/wp-content\/uploads\/2021\/10\/Set-za-pripravo-sladolednih-rolic.jpg\",\"contentUrl\":\"http:\/\/staging.leboxi.eu\/wp-content\/uploads\/2021\/10\/Set-za-pripravo-sladolednih-rolic.jpg\",\"width\":1000,\"height\":1000,\"caption\":\"Komplet za pripremu sladoled rolnica\"},{\"@type\":\"BreadcrumbList\",\"@id\":\"http:\/\/staging.leboxi.eu\/hr\/proizvodi\/sladoled-rolnice\/#breadcrumb\",\"itemListElement\":[{\"@type\":\"ListItem\",\"position\":1,\"name\":\"Doma\",\"item\":\"http:\/\/staging.leboxi.eu\/hr\/\"},{\"@type\":\"ListItem\",\"position\":2,\"name\":\"Trgovina\",\"item\":\"http:\/\/staging.leboxi.eu\/hr\/trgovina\/\"},{\"@type\":\"ListItem\",\"position\":3,\"name\":\"Komplet za pripremu sladoled rolnica\"}]},{\"@type\":\"WebSite\",\"@id\":\"http:\/\/staging.leboxi.eu\/hr\/#website\",\"url\":\"http:\/\/staging.leboxi.eu\/hr\/\",\"name\":\"Le Boxi | Unikatna darila za vsakogar\",\"description\":\"Unikatna darila in darilne \u0161katle za vse prilo\u017enosti.\",\"publisher\":{\"@id\":\"http:\/\/staging.leboxi.eu\/hr\/#organization\"},\"potentialAction\":[{\"@type\":\"SearchAction\",\"target\":{\"@type\":\"EntryPoint\",\"urlTemplate\":\"http:\/\/staging.leboxi.eu\/hr\/?s={search_term_string}\"},\"query-input\":{\"@type\":\"PropertyValueSpecification\",\"valueRequired\":true,\"valueName\":\"search_term_string\"}}],\"inLanguage\":\"hr\"},{\"@type\":\"Organization\",\"@id\":\"http:\/\/staging.leboxi.eu\/hr\/#organization\",\"name\":\"LE BOXI\",\"url\":\"http:\/\/staging.leboxi.eu\/hr\/\",\"logo\":{\"@type\":\"ImageObject\",\"inLanguage\":\"hr\",\"@id\":\"http:\/\/staging.leboxi.eu\/hr\/#\/schema\/logo\/image\/\",\"url\":\"http:\/\/staging.leboxi.eu\/wp-content\/uploads\/2021\/02\/LeBoxi-manjsi-png.png\",\"contentUrl\":\"http:\/\/staging.leboxi.eu\/wp-content\/uploads\/2021\/02\/LeBoxi-manjsi-png.png\",\"width\":389,\"height\":164,\"caption\":\"LE BOXI\"},\"image\":{\"@id\":\"http:\/\/staging.leboxi.eu\/hr\/#\/schema\/logo\/image\/\"},\"sameAs\":[\"https:\/\/www.facebook.com\/leboxi.eu\",\"https:\/\/www.instagram.com\/le.boxi\/\"]}]}<\/script>\n<!-- \/ Yoast SEO plugin. -->","yoast_head_json":{"title":"Komplet za pripremu sladoled rolnica | Le Boxi","description":"Najzdravije i najukusnije su svakako one sladoled rolnice koje \u0107ete pripremiti kod ku\u0107e! Razveselite svoje mali\u0161ane ovim doma\u0107im setom.","robots":{"index":"index","follow":"follow","max-snippet":"max-snippet:-1","max-image-preview":"max-image-preview:large","max-video-preview":"max-video-preview:-1"},"canonical":"http:\/\/staging.leboxi.eu\/hr\/proizvodi\/sladoled-rolnice\/","og_locale":"hr_HR","og_type":"article","og_title":"Komplet za pripremu sladoled rolnica | Le Boxi","og_description":"Najzdravije i najukusnije su svakako one sladoled rolnice koje \u0107ete pripremiti kod ku\u0107e! Razveselite svoje mali\u0161ane ovim doma\u0107im setom.","og_url":"http:\/\/staging.leboxi.eu\/hr\/proizvodi\/sladoled-rolnice\/","og_site_name":"Le Boxi | Unikatna darila za vsakogar","article_publisher":"https:\/\/www.facebook.com\/leboxi.eu","article_modified_time":"2024-09-03T19:22:28+00:00","og_image":[{"width":1000,"height":1000,"url":"http:\/\/staging.leboxi.eu\/wp-content\/uploads\/2021\/10\/Set-za-pripravo-sladolednih-rolic.jpg","type":"image\/jpeg"}],"twitter_card":"summary_large_image","twitter_misc":{"Procijenjeno vrijeme \u010ditanja":"1 minuta"},"schema":{"@context":"https:\/\/schema.org","@graph":[{"@type":"WebPage","@id":"http:\/\/staging.leboxi.eu\/hr\/proizvodi\/sladoled-rolnice\/","url":"http:\/\/staging.leboxi.eu\/hr\/proizvodi\/sladoled-rolnice\/","name":"Komplet za pripremu sladoled rolnica | Le Boxi","isPartOf":{"@id":"http:\/\/staging.leboxi.eu\/hr\/#website"},"primaryImageOfPage":{"@id":"http:\/\/staging.leboxi.eu\/hr\/proizvodi\/sladoled-rolnice\/#primaryimage"},"image":{"@id":"http:\/\/staging.leboxi.eu\/hr\/proizvodi\/sladoled-rolnice\/#primaryimage"},"thumbnailUrl":"http:\/\/staging.leboxi.eu\/wp-content\/uploads\/2021\/10\/Set-za-pripravo-sladolednih-rolic.jpg","datePublished":"2022-03-20T15:58:51+00:00","dateModified":"2024-09-03T19:22:28+00:00","description":"Najzdravije i najukusnije su svakako one sladoled rolnice koje \u0107ete pripremiti kod ku\u0107e! Razveselite svoje mali\u0161ane ovim doma\u0107im setom.","breadcrumb":{"@id":"http:\/\/staging.leboxi.eu\/hr\/proizvodi\/sladoled-rolnice\/#breadcrumb"},"inLanguage":"hr","potentialAction":[{"@type":"ReadAction","target":["http:\/\/staging.leboxi.eu\/hr\/proizvodi\/sladoled-rolnice\/"]}]},{"@type":"ImageObject","inLanguage":"hr","@id":"http:\/\/staging.leboxi.eu\/hr\/proizvodi\/sladoled-rolnice\/#primaryimage","url":"http:\/\/staging.leboxi.eu\/wp-content\/uploads\/2021\/10\/Set-za-pripravo-sladolednih-rolic.jpg","contentUrl":"http:\/\/staging.leboxi.eu\/wp-content\/uploads\/2021\/10\/Set-za-pripravo-sladolednih-rolic.jpg","width":1000,"height":1000,"caption":"Komplet za pripremu sladoled rolnica"},{"@type":"BreadcrumbList","@id":"http:\/\/staging.leboxi.eu\/hr\/proizvodi\/sladoled-rolnice\/#breadcrumb","itemListElement":[{"@type":"ListItem","position":1,"name":"Doma","item":"http:\/\/staging.leboxi.eu\/hr\/"},{"@type":"ListItem","position":2,"name":"Trgovina","item":"http:\/\/staging.leboxi.eu\/hr\/trgovina\/"},{"@type":"ListItem","position":3,"name":"Komplet za pripremu sladoled rolnica"}]},{"@type":"WebSite","@id":"http:\/\/staging.leboxi.eu\/hr\/#website","url":"http:\/\/staging.leboxi.eu\/hr\/","name":"Le Boxi | Unikatna darila za vsakogar","description":"Unikatna darila in darilne \u0161katle za vse prilo\u017enosti.","publisher":{"@id":"http:\/\/staging.leboxi.eu\/hr\/#organization"},"potentialAction":[{"@type":"SearchAction","target":{"@type":"EntryPoint","urlTemplate":"http:\/\/staging.leboxi.eu\/hr\/?s={search_term_string}"},"query-input":{"@type":"PropertyValueSpecification","valueRequired":true,"valueName":"search_term_string"}}],"inLanguage":"hr"},{"@type":"Organization","@id":"http:\/\/staging.leboxi.eu\/hr\/#organization","name":"LE BOXI","url":"http:\/\/staging.leboxi.eu\/hr\/","logo":{"@type":"ImageObject","inLanguage":"hr","@id":"http:\/\/staging.leboxi.eu\/hr\/#\/schema\/logo\/image\/","url":"http:\/\/staging.leboxi.eu\/wp-content\/uploads\/2021\/02\/LeBoxi-manjsi-png.png","contentUrl":"http:\/\/staging.leboxi.eu\/wp-content\/uploads\/2021\/02\/LeBoxi-manjsi-png.png","width":389,"height":164,"caption":"LE BOXI"},"image":{"@id":"http:\/\/staging.leboxi.eu\/hr\/#\/schema\/logo\/image\/"},"sameAs":["https:\/\/www.facebook.com\/leboxi.eu","https:\/\/www.instagram.com\/le.boxi\/"]}]}},"_links":{"self":[{"href":"http:\/\/staging.leboxi.eu\/hr\/wp-json\/wp\/v2\/product\/6865","targetHints":{"allow":["GET"]}}],"collection":[{"href":"http:\/\/staging.leboxi.eu\/hr\/wp-json\/wp\/v2\/product"}],"about":[{"href":"http:\/\/staging.leboxi.eu\/hr\/wp-json\/wp\/v2\/types\/product"}],"replies":[{"embeddable":true,"href":"http:\/\/staging.leboxi.eu\/hr\/wp-json\/wp\/v2\/comments?post=6865"}],"version-history":[{"count":1,"href":"http:\/\/staging.leboxi.eu\/hr\/wp-json\/wp\/v2\/product\/6865\/revisions"}],"predecessor-version":[{"id":10350,"href":"http:\/\/staging.leboxi.eu\/hr\/wp-json\/wp\/v2\/product\/6865\/revisions\/10350"}],"wp:featuredmedia":[{"embeddable":true,"href":"http:\/\/staging.leboxi.eu\/hr\/wp-json\/wp\/v2\/media\/5567"}],"wp:attachment":[{"href":"http:\/\/staging.leboxi.eu\/hr\/wp-json\/wp\/v2\/media?parent=6865"}],"wp:term":[{"taxonomy":"product_brand","embeddable":true,"href":"http:\/\/staging.leboxi.eu\/hr\/wp-json\/wp\/v2\/product_brand?post=6865"},{"taxonomy":"product_cat","embeddable":true,"href":"http:\/\/staging.leboxi.eu\/hr\/wp-json\/wp\/v2\/product_cat?post=6865"},{"taxonomy":"product_tag","embeddable":true,"href":"http:\/\/staging.leboxi.eu\/hr\/wp-json\/wp\/v2\/product_tag?post=6865"}],"curies":[{"name":"wp","href":"https:\/\/api.w.org\/{rel}","templated":true}]}}