{"id":6862,"date":"2021-10-09T20:13:51","date_gmt":"2022-03-20T15:46:55","guid":{"rendered":"http:\/\/staging.leboxi.eu\/izdelki\/koktel-set\/"},"modified":"2025-05-13T21:55:45","modified_gmt":"2025-05-13T20:55:45","slug":"koktel-set","status":"publish","type":"product","link":"http:\/\/staging.leboxi.eu\/hr\/proizvodi\/koktel-set\/","title":{"rendered":"Koktel set"},"content":{"rendered":"<p>Koktel set odli\u010dan je poklon za ljubitelje koktela te za one koji tek po\u010dinju savladavati vje\u0161tine mije\u0161anja koktela. U kompletu se nalaze svi alati potrebni za mije\u0161anje savr\u0161enog koktela. Alati su elegantne mat boje, omogu\u0107uju dobro rukovanje i vrlo atraktivno izgledaju. U koktel setu nalazi se i knji\u017eica recepata koja vam omogu\u0107uje da pripremite svoj omiljeni koktel.<\/p>\n<p>Koktel set sadr\u017ei:<\/p>\n<ul>\n<li>posudu za mije\u0161anje koktela (shaker) od 700 ml<\/li>\n<li>dvostruku mjernu \u010da\u0161icu,<\/li>\n<li>\u017elicu i vilicu za mije\u0161anje<\/li>\n<li>Hawthorne cjedilo,<\/li>\n<li>drobilicu za led,<\/li>\n<li>2 dr\u017ea\u010da za izlijevanje,<\/li>\n<li>knji\u017eicu s receptima.<\/li>\n<\/ul>\n<h6><\/h6>\n<h6>Dodatno:<\/h6>\n<p>U poklon kutiju mo\u017eete uklju\u010diti i <a href=\"http:\/\/staging.leboxi.eu\/hr\/izdelki\/cestitka-za-rodendan\/\" target=\"_blank\" rel=\"noopener\">personaliziranu \u010destitku.<\/a><\/p>\n<p>Po \u017eelji \u0107emo dostaviti va\u0161 poklon primatelju, a podrazumijeva se da u paket ne\u0107emo prilo\u017eiti ra\u010dun tijekom isporuke. Ra\u010dun \u0107emo poslati vama.<\/p>\n<p>&nbsp;<\/p>\n<p>&nbsp;<\/p>\n<p>&nbsp;<\/p>\n","protected":false},"excerpt":{"rendered":"<p>7-dijelni koktel set odli\u010dan je poklon za sve koji vole koktele te one koji tek po\u010dinju savladavati vje\u0161tinu mije\u0161anja koktela. Alati u koktel setu elegantne su crne mat boje, omogu\u0107uju dobro rukovanje, a istovremeno su atraktivnog izgleda.<\/p>\n<p>7-dijelni koktel set sadr\u017ei:<\/p>\n<ul>\n<li>posudu za mije\u0161anje koktela (shaker) od 700 ml<\/li>\n<li>dvostruku mjernu \u010da\u0161icu<\/li>\n<li>\u017elicu i vilicu za mije\u0161anje<\/li>\n<li>Hawthorne cjedilo<\/li>\n<li>drobilicu za led<\/li>\n<li>2 dr\u017ea\u010da za izlijevanje<\/li>\n<li>Knji\u017eicu s receptima<\/li>\n<\/ul>\n<p>Poklonu mo\u017eete prilo\u017eiti i <a href=\"http:\/\/staging.leboxi.eu\/izdelki\/cestitka-za-rojstni-dan\/\" target=\"_blank\" rel=\"noopener\">personaliziranu \u010destitku<\/a> ili na\u0161 <a href=\"http:\/\/staging.leboxi.eu\/izdelki\/set-hladilnih-kamnov\/\" target=\"_blank\" rel=\"noopener\">set granitnih kocki<\/a> za hla\u0111enje koji se odli\u010dno sla\u017ee s odabranim kompletom za mije\u0161anje koktela.<\/p>\n<p>&nbsp;<\/p>\n<p>Po \u017eelji \u0107emo dostaviti va\u0161 poklon primatelju, a podrazumijeva se da u paket ne\u0107emo prilo\u017eiti ra\u010dun tijekom isporuke. Ra\u010dun \u0107emo poslati vama.<\/p>\n<p>Is\u010drpan opis mo\u017eete pro\u010ditati u nastavku.<\/p>\n","protected":false},"featured_media":5565,"comment_status":"open","ping_status":"closed","template":"","meta":{"site-sidebar-layout":"default","site-content-layout":"default","ast-site-content-layout":"default","site-content-style":"default","site-sidebar-style":"default","ast-global-header-display":"","ast-banner-title-visibility":"","ast-main-header-display":"","ast-hfb-above-header-display":"","ast-hfb-below-header-display":"","ast-hfb-mobile-header-display":"","site-post-title":"","ast-breadcrumbs-content":"","ast-featured-img":"","footer-sml-layout":"","theme-transparent-header-meta":"default","adv-header-id-meta":"","stick-header-meta":"","header-above-stick-meta":"","header-main-stick-meta":"","header-below-stick-meta":"","astra-migrate-meta-layouts":"set","ast-page-background-enabled":"default","ast-page-background-meta":{"desktop":{"background-color":"","background-image":"","background-repeat":"repeat","background-position":"center center","background-size":"auto","background-attachment":"scroll","background-type":"","background-media":"","overlay-type":"","overlay-color":"","overlay-opacity":"","overlay-gradient":""},"tablet":{"background-color":"","background-image":"","background-repeat":"repeat","background-position":"center center","background-size":"auto","background-attachment":"scroll","background-type":"","background-media":"","overlay-type":"","overlay-color":"","overlay-opacity":"","overlay-gradient":""},"mobile":{"background-color":"","background-image":"","background-repeat":"repeat","background-position":"center center","background-size":"auto","background-attachment":"scroll","background-type":"","background-media":"","overlay-type":"","overlay-color":"","overlay-opacity":"","overlay-gradient":""}},"ast-content-background-meta":{"desktop":{"background-color":"var(--ast-global-color-5)","background-image":"","background-repeat":"repeat","background-position":"center center","background-size":"auto","background-attachment":"scroll","background-type":"","background-media":"","overlay-type":"","overlay-color":"","overlay-opacity":"","overlay-gradient":""},"tablet":{"background-color":"var(--ast-global-color-5)","background-image":"","background-repeat":"repeat","background-position":"center center","background-size":"auto","background-attachment":"scroll","background-type":"","background-media":"","overlay-type":"","overlay-color":"","overlay-opacity":"","overlay-gradient":""},"mobile":{"background-color":"var(--ast-global-color-5)","background-image":"","background-repeat":"repeat","background-position":"center center","background-size":"auto","background-attachment":"scroll","background-type":"","background-media":"","overlay-type":"","overlay-color":"","overlay-opacity":"","overlay-gradient":""}}},"product_brand":[],"product_cat":[207,209,202,225,306,213,214,226,75,87],"product_tag":[],"class_list":{"0":"post-6862","1":"product","2":"type-product","3":"status-publish","4":"has-post-thumbnail","6":"product_cat-pokloni-za-bozic","7":"product_cat-pokloni-za-rodendan-hr","8":"product_cat-prilike","9":"product_cat-bozicni-pokloni-za-muskarce","10":"product_cat-najprodavaniji","11":"product_cat-pokloni-za-decka","12":"product_cat-pokloni-za-muskarce","13":"product_cat-pokloni-za-rodendan-za-muskarce","14":"product_cat-muski","15":"product_cat-zene","16":"desktop-align-left","17":"tablet-align-left","18":"mobile-align-left","20":"first","21":"instock","22":"featured","23":"taxable","24":"shipping-taxable","25":"purchasable","26":"product-type-simple"},"yoast_head":"<!-- This site is optimized with the Yoast SEO plugin v25.2 - https:\/\/yoast.com\/wordpress\/plugins\/seo\/ -->\n<title>Koktel set | Le Boxi<\/title>\n<meta name=\"description\" content=\"7-dijelni koktel set odli\u010dan je poklon za sve koji vole koktele te one koji tek po\u010dinju savladavati vje\u0161tinu mije\u0161anja koktela. Set je elegantne crne mat boje.\" \/>\n<meta name=\"robots\" content=\"index, follow, max-snippet:-1, max-image-preview:large, max-video-preview:-1\" \/>\n<link rel=\"canonical\" href=\"http:\/\/staging.leboxi.eu\/hr\/proizvodi\/koktel-set\/\" \/>\n<meta property=\"og:locale\" content=\"hr_HR\" \/>\n<meta property=\"og:type\" content=\"article\" \/>\n<meta property=\"og:title\" content=\"Koktel set | Le Boxi\" \/>\n<meta property=\"og:description\" content=\"7-dijelni koktel set odli\u010dan je poklon za sve koji vole koktele te one koji tek po\u010dinju savladavati vje\u0161tinu mije\u0161anja koktela. Set je elegantne crne mat boje.\" \/>\n<meta property=\"og:url\" content=\"http:\/\/staging.leboxi.eu\/hr\/proizvodi\/koktel-set\/\" \/>\n<meta property=\"og:site_name\" content=\"Le Boxi | Unikatna darila za vsakogar\" \/>\n<meta property=\"article:publisher\" content=\"https:\/\/www.facebook.com\/leboxi.eu\" \/>\n<meta property=\"article:modified_time\" content=\"2025-05-13T20:55:45+00:00\" \/>\n<meta property=\"og:image\" content=\"http:\/\/staging.leboxi.eu\/wp-content\/uploads\/2021\/10\/Set-za-mesanje-koktajlov.jpg\" \/>\n\t<meta property=\"og:image:width\" content=\"1660\" \/>\n\t<meta property=\"og:image:height\" content=\"1644\" \/>\n\t<meta property=\"og:image:type\" content=\"image\/jpeg\" \/>\n<meta name=\"twitter:card\" content=\"summary_large_image\" \/>\n<meta name=\"twitter:label1\" content=\"Procijenjeno vrijeme \u010ditanja\" \/>\n\t<meta name=\"twitter:data1\" content=\"1 minuta\" \/>\n<script type=\"application\/ld+json\" class=\"yoast-schema-graph\">{\"@context\":\"https:\/\/schema.org\",\"@graph\":[{\"@type\":\"WebPage\",\"@id\":\"http:\/\/staging.leboxi.eu\/hr\/proizvodi\/koktel-set\/\",\"url\":\"http:\/\/staging.leboxi.eu\/hr\/proizvodi\/koktel-set\/\",\"name\":\"Koktel set | Le Boxi\",\"isPartOf\":{\"@id\":\"http:\/\/staging.leboxi.eu\/hr\/#website\"},\"primaryImageOfPage\":{\"@id\":\"http:\/\/staging.leboxi.eu\/hr\/proizvodi\/koktel-set\/#primaryimage\"},\"image\":{\"@id\":\"http:\/\/staging.leboxi.eu\/hr\/proizvodi\/koktel-set\/#primaryimage\"},\"thumbnailUrl\":\"http:\/\/staging.leboxi.eu\/wp-content\/uploads\/2021\/10\/Set-za-mesanje-koktajlov.jpg\",\"datePublished\":\"2022-03-20T15:46:55+00:00\",\"dateModified\":\"2025-05-13T20:55:45+00:00\",\"description\":\"7-dijelni koktel set odli\u010dan je poklon za sve koji vole koktele te one koji tek po\u010dinju savladavati vje\u0161tinu mije\u0161anja koktela. Set je elegantne crne mat boje.\",\"breadcrumb\":{\"@id\":\"http:\/\/staging.leboxi.eu\/hr\/proizvodi\/koktel-set\/#breadcrumb\"},\"inLanguage\":\"hr\",\"potentialAction\":[{\"@type\":\"ReadAction\",\"target\":[\"http:\/\/staging.leboxi.eu\/hr\/proizvodi\/koktel-set\/\"]}]},{\"@type\":\"ImageObject\",\"inLanguage\":\"hr\",\"@id\":\"http:\/\/staging.leboxi.eu\/hr\/proizvodi\/koktel-set\/#primaryimage\",\"url\":\"http:\/\/staging.leboxi.eu\/wp-content\/uploads\/2021\/10\/Set-za-mesanje-koktajlov.jpg\",\"contentUrl\":\"http:\/\/staging.leboxi.eu\/wp-content\/uploads\/2021\/10\/Set-za-mesanje-koktajlov.jpg\",\"width\":1660,\"height\":1644,\"caption\":\"Set za mije\u0161anje crnih mat koktela\"},{\"@type\":\"BreadcrumbList\",\"@id\":\"http:\/\/staging.leboxi.eu\/hr\/proizvodi\/koktel-set\/#breadcrumb\",\"itemListElement\":[{\"@type\":\"ListItem\",\"position\":1,\"name\":\"Doma\",\"item\":\"http:\/\/staging.leboxi.eu\/hr\/\"},{\"@type\":\"ListItem\",\"position\":2,\"name\":\"Trgovina\",\"item\":\"http:\/\/staging.leboxi.eu\/hr\/trgovina\/\"},{\"@type\":\"ListItem\",\"position\":3,\"name\":\"Koktel set\"}]},{\"@type\":\"WebSite\",\"@id\":\"http:\/\/staging.leboxi.eu\/hr\/#website\",\"url\":\"http:\/\/staging.leboxi.eu\/hr\/\",\"name\":\"Le Boxi | Unikatna darila za vsakogar\",\"description\":\"Unikatna darila in darilne \u0161katle za vse prilo\u017enosti.\",\"publisher\":{\"@id\":\"http:\/\/staging.leboxi.eu\/hr\/#organization\"},\"potentialAction\":[{\"@type\":\"SearchAction\",\"target\":{\"@type\":\"EntryPoint\",\"urlTemplate\":\"http:\/\/staging.leboxi.eu\/hr\/?s={search_term_string}\"},\"query-input\":{\"@type\":\"PropertyValueSpecification\",\"valueRequired\":true,\"valueName\":\"search_term_string\"}}],\"inLanguage\":\"hr\"},{\"@type\":\"Organization\",\"@id\":\"http:\/\/staging.leboxi.eu\/hr\/#organization\",\"name\":\"LE BOXI\",\"url\":\"http:\/\/staging.leboxi.eu\/hr\/\",\"logo\":{\"@type\":\"ImageObject\",\"inLanguage\":\"hr\",\"@id\":\"http:\/\/staging.leboxi.eu\/hr\/#\/schema\/logo\/image\/\",\"url\":\"http:\/\/staging.leboxi.eu\/wp-content\/uploads\/2021\/02\/LeBoxi-manjsi-png.png\",\"contentUrl\":\"http:\/\/staging.leboxi.eu\/wp-content\/uploads\/2021\/02\/LeBoxi-manjsi-png.png\",\"width\":389,\"height\":164,\"caption\":\"LE BOXI\"},\"image\":{\"@id\":\"http:\/\/staging.leboxi.eu\/hr\/#\/schema\/logo\/image\/\"},\"sameAs\":[\"https:\/\/www.facebook.com\/leboxi.eu\",\"https:\/\/www.instagram.com\/le.boxi\/\"]}]}<\/script>\n<!-- \/ Yoast SEO plugin. -->","yoast_head_json":{"title":"Koktel set | Le Boxi","description":"7-dijelni koktel set odli\u010dan je poklon za sve koji vole koktele te one koji tek po\u010dinju savladavati vje\u0161tinu mije\u0161anja koktela. Set je elegantne crne mat boje.","robots":{"index":"index","follow":"follow","max-snippet":"max-snippet:-1","max-image-preview":"max-image-preview:large","max-video-preview":"max-video-preview:-1"},"canonical":"http:\/\/staging.leboxi.eu\/hr\/proizvodi\/koktel-set\/","og_locale":"hr_HR","og_type":"article","og_title":"Koktel set | Le Boxi","og_description":"7-dijelni koktel set odli\u010dan je poklon za sve koji vole koktele te one koji tek po\u010dinju savladavati vje\u0161tinu mije\u0161anja koktela. Set je elegantne crne mat boje.","og_url":"http:\/\/staging.leboxi.eu\/hr\/proizvodi\/koktel-set\/","og_site_name":"Le Boxi | Unikatna darila za vsakogar","article_publisher":"https:\/\/www.facebook.com\/leboxi.eu","article_modified_time":"2025-05-13T20:55:45+00:00","og_image":[{"width":1660,"height":1644,"url":"http:\/\/staging.leboxi.eu\/wp-content\/uploads\/2021\/10\/Set-za-mesanje-koktajlov.jpg","type":"image\/jpeg"}],"twitter_card":"summary_large_image","twitter_misc":{"Procijenjeno vrijeme \u010ditanja":"1 minuta"},"schema":{"@context":"https:\/\/schema.org","@graph":[{"@type":"WebPage","@id":"http:\/\/staging.leboxi.eu\/hr\/proizvodi\/koktel-set\/","url":"http:\/\/staging.leboxi.eu\/hr\/proizvodi\/koktel-set\/","name":"Koktel set | Le Boxi","isPartOf":{"@id":"http:\/\/staging.leboxi.eu\/hr\/#website"},"primaryImageOfPage":{"@id":"http:\/\/staging.leboxi.eu\/hr\/proizvodi\/koktel-set\/#primaryimage"},"image":{"@id":"http:\/\/staging.leboxi.eu\/hr\/proizvodi\/koktel-set\/#primaryimage"},"thumbnailUrl":"http:\/\/staging.leboxi.eu\/wp-content\/uploads\/2021\/10\/Set-za-mesanje-koktajlov.jpg","datePublished":"2022-03-20T15:46:55+00:00","dateModified":"2025-05-13T20:55:45+00:00","description":"7-dijelni koktel set odli\u010dan je poklon za sve koji vole koktele te one koji tek po\u010dinju savladavati vje\u0161tinu mije\u0161anja koktela. Set je elegantne crne mat boje.","breadcrumb":{"@id":"http:\/\/staging.leboxi.eu\/hr\/proizvodi\/koktel-set\/#breadcrumb"},"inLanguage":"hr","potentialAction":[{"@type":"ReadAction","target":["http:\/\/staging.leboxi.eu\/hr\/proizvodi\/koktel-set\/"]}]},{"@type":"ImageObject","inLanguage":"hr","@id":"http:\/\/staging.leboxi.eu\/hr\/proizvodi\/koktel-set\/#primaryimage","url":"http:\/\/staging.leboxi.eu\/wp-content\/uploads\/2021\/10\/Set-za-mesanje-koktajlov.jpg","contentUrl":"http:\/\/staging.leboxi.eu\/wp-content\/uploads\/2021\/10\/Set-za-mesanje-koktajlov.jpg","width":1660,"height":1644,"caption":"Set za mije\u0161anje crnih mat koktela"},{"@type":"BreadcrumbList","@id":"http:\/\/staging.leboxi.eu\/hr\/proizvodi\/koktel-set\/#breadcrumb","itemListElement":[{"@type":"ListItem","position":1,"name":"Doma","item":"http:\/\/staging.leboxi.eu\/hr\/"},{"@type":"ListItem","position":2,"name":"Trgovina","item":"http:\/\/staging.leboxi.eu\/hr\/trgovina\/"},{"@type":"ListItem","position":3,"name":"Koktel set"}]},{"@type":"WebSite","@id":"http:\/\/staging.leboxi.eu\/hr\/#website","url":"http:\/\/staging.leboxi.eu\/hr\/","name":"Le Boxi | Unikatna darila za vsakogar","description":"Unikatna darila in darilne \u0161katle za vse prilo\u017enosti.","publisher":{"@id":"http:\/\/staging.leboxi.eu\/hr\/#organization"},"potentialAction":[{"@type":"SearchAction","target":{"@type":"EntryPoint","urlTemplate":"http:\/\/staging.leboxi.eu\/hr\/?s={search_term_string}"},"query-input":{"@type":"PropertyValueSpecification","valueRequired":true,"valueName":"search_term_string"}}],"inLanguage":"hr"},{"@type":"Organization","@id":"http:\/\/staging.leboxi.eu\/hr\/#organization","name":"LE BOXI","url":"http:\/\/staging.leboxi.eu\/hr\/","logo":{"@type":"ImageObject","inLanguage":"hr","@id":"http:\/\/staging.leboxi.eu\/hr\/#\/schema\/logo\/image\/","url":"http:\/\/staging.leboxi.eu\/wp-content\/uploads\/2021\/02\/LeBoxi-manjsi-png.png","contentUrl":"http:\/\/staging.leboxi.eu\/wp-content\/uploads\/2021\/02\/LeBoxi-manjsi-png.png","width":389,"height":164,"caption":"LE BOXI"},"image":{"@id":"http:\/\/staging.leboxi.eu\/hr\/#\/schema\/logo\/image\/"},"sameAs":["https:\/\/www.facebook.com\/leboxi.eu","https:\/\/www.instagram.com\/le.boxi\/"]}]}},"_links":{"self":[{"href":"http:\/\/staging.leboxi.eu\/hr\/wp-json\/wp\/v2\/product\/6862","targetHints":{"allow":["GET"]}}],"collection":[{"href":"http:\/\/staging.leboxi.eu\/hr\/wp-json\/wp\/v2\/product"}],"about":[{"href":"http:\/\/staging.leboxi.eu\/hr\/wp-json\/wp\/v2\/types\/product"}],"replies":[{"embeddable":true,"href":"http:\/\/staging.leboxi.eu\/hr\/wp-json\/wp\/v2\/comments?post=6862"}],"version-history":[{"count":1,"href":"http:\/\/staging.leboxi.eu\/hr\/wp-json\/wp\/v2\/product\/6862\/revisions"}],"predecessor-version":[{"id":15017,"href":"http:\/\/staging.leboxi.eu\/hr\/wp-json\/wp\/v2\/product\/6862\/revisions\/15017"}],"wp:featuredmedia":[{"embeddable":true,"href":"http:\/\/staging.leboxi.eu\/hr\/wp-json\/wp\/v2\/media\/5565"}],"wp:attachment":[{"href":"http:\/\/staging.leboxi.eu\/hr\/wp-json\/wp\/v2\/media?parent=6862"}],"wp:term":[{"taxonomy":"product_brand","embeddable":true,"href":"http:\/\/staging.leboxi.eu\/hr\/wp-json\/wp\/v2\/product_brand?post=6862"},{"taxonomy":"product_cat","embeddable":true,"href":"http:\/\/staging.leboxi.eu\/hr\/wp-json\/wp\/v2\/product_cat?post=6862"},{"taxonomy":"product_tag","embeddable":true,"href":"http:\/\/staging.leboxi.eu\/hr\/wp-json\/wp\/v2\/product_tag?post=6862"}],"curies":[{"name":"wp","href":"https:\/\/api.w.org\/{rel}","templated":true}]}}