{"id":6831,"date":"2021-04-10T08:56:09","date_gmt":"2022-03-18T19:16:57","guid":{"rendered":"http:\/\/staging.leboxi.eu\/izdelki\/metalna-pljoska-komplet-casica\/"},"modified":"2025-04-13T17:36:47","modified_gmt":"2025-04-13T16:36:47","slug":"pljoska-sa-casicama","status":"publish","type":"product","link":"http:\/\/staging.leboxi.eu\/hr\/proizvodi\/pljoska-sa-casicama\/","title":{"rendered":"Metalna pljoska + komplet \u010da\u0161ica"},"content":{"rendered":"<p><strong>Pljoska sa \u010da\u0161icama<\/strong><\/p>\n<p>Boja: crna<\/p>\n<p>Materijal: nehr\u0111aju\u0107i \u010delik<\/p>\n<p>Kapacitet: 150 ml<\/p>\n<p>\u0160irina: 9 cm<\/p>\n<p>Visina: 11cm<\/p>\n<p>Debljina: 2 cm<\/p>\n<p>Te\u017eina: 90 g<\/p>\n<p>Pakiranje \u2013 poklon kutija, zajedno s metalnim lijevkom i 4 metalne \u010da\u0161ice<\/p>\n<p>Dimenzije poklon kutije: 24 cm x 17,5 cm x 4 cm<\/p>\n<p>Te\u017eina poklon kutije: 317g<\/p>\n<p>Pljoska sa \u010da\u0161icama je izvrstan poklon za mu\u017ea ili de\u010dka.<\/p>\n<h6><\/h6>\n<h6>Dodatno:<\/h6>\n<p>U poklon kutiju mo\u017eete uklju\u010diti i <a href=\"http:\/\/staging.leboxi.eu\/izdelki\/personalizirana-cestitka\/\"><strong>personaliziranu \u010destitku<\/strong><\/a> (+2,95 eur).<\/p>\n<p>Povrh svega, svoj poklon set mo\u017eete nadograditi <a href=\"http:\/\/staging.leboxi.eu\/hr\/blog\/le-boxi-proljetne-poklon-kartice-i-rodendanske-posvete\/\">poklon listi\u0107ima<\/a> za izradu \u010dije upute mo\u017eete prona\u0107i na na\u0161em blogu.<\/p>\n<p>Po \u017eelji \u0107emo dostaviti va\u0161 poklon primatelju, a podrazumijeva se da u paket ne\u0107emo prilo\u017eiti ra\u010dun tijekom isporuke. Ra\u010dun \u0107emo poslati vama.<\/p>\n<p>U slu\u010daju personaliziranih proizvoda kupac <strong>nema pravo<\/strong> odustati od kupoprodajnog ugovora. U praksi to zna\u010di da za sve proizvode izra\u0111ene na zahtjev kupca potro\u0161a\u010d ne mo\u017ee vratiti proizvod, ve\u0107 je obavezan platiti prema ugovoru. Ponu\u0111a\u010d ne odgovara za nepravilno odabrane zna\u010dajke prilagodbe (npr. pogre\u0161no odabrana vrsta prilago\u0111enog proizvoda, pogre\u0161no odabran obrazac prilagodbe, pravopisne podr\u0161ke, pogre\u0161an datum itd.) pri naru\u010divanju.<\/p>\n<p>&nbsp;<\/p>\n","protected":false},"excerpt":{"rendered":"<p>Elegantna mat pljoska sa \u010da\u0161icama crne boje na koju mo\u017eete ugravirati svoje inicijale ili ime, zapakirana u prekrasan poklon komplet s metalnim \u010da\u0161icama i lijevkom. Metalna pljoska sa \u010da\u0161icama i lijevkom izra\u0111ena je od izdr\u017eljivog nehr\u0111aju\u0107eg \u010delika, zapakirana u crnu poklon kutiju \u010dvrstog ku\u0107i\u0161ta koje je oblo\u017eeno pjenom.<\/p>\n<p>U ovoj elegantnoj pljoski sa sobom uvijek mo\u017eete ponijeti svoje omiljeno pi\u0107e, a pri\u010dvr\u0161\u0107eni \u010deli\u010dni poklopac osigurava da se pi\u0107e nikad ne\u0107e proliti i da se poklopac nikad ne izgubi.<\/p>\n<p>U poklon kutiju mo\u017eete uklju\u010diti i personaliziranu <a href=\"http:\/\/staging.leboxi.eu\/izdelki\/personalizirana-cestitka\/\">darilnu karticu<\/a> (uz nadoplatu)<\/p>\n<p>&nbsp;<\/p>\n<p>Po \u017eelji \u0107emo dostaviti va\u0161 poklon primatelju, a podrazumijeva se da u paket ne\u0107emo prilo\u017eiti ra\u010dun tijekom isporuke. Ra\u010dun \u0107emo poslati vama.<\/p>\n","protected":false},"featured_media":5384,"comment_status":"open","ping_status":"closed","template":"","meta":{"site-sidebar-layout":"default","site-content-layout":"default","ast-site-content-layout":"default","site-content-style":"default","site-sidebar-style":"default","ast-global-header-display":"","ast-banner-title-visibility":"","ast-main-header-display":"","ast-hfb-above-header-display":"","ast-hfb-below-header-display":"","ast-hfb-mobile-header-display":"","site-post-title":"","ast-breadcrumbs-content":"","ast-featured-img":"","footer-sml-layout":"","theme-transparent-header-meta":"default","adv-header-id-meta":"","stick-header-meta":"","header-above-stick-meta":"","header-main-stick-meta":"","header-below-stick-meta":"","astra-migrate-meta-layouts":"set","ast-page-background-enabled":"default","ast-page-background-meta":{"desktop":{"background-color":"","background-image":"","background-repeat":"repeat","background-position":"center center","background-size":"auto","background-attachment":"scroll","background-type":"","background-media":"","overlay-type":"","overlay-color":"","overlay-opacity":"","overlay-gradient":""},"tablet":{"background-color":"","background-image":"","background-repeat":"repeat","background-position":"center center","background-size":"auto","background-attachment":"scroll","background-type":"","background-media":"","overlay-type":"","overlay-color":"","overlay-opacity":"","overlay-gradient":""},"mobile":{"background-color":"","background-image":"","background-repeat":"repeat","background-position":"center center","background-size":"auto","background-attachment":"scroll","background-type":"","background-media":"","overlay-type":"","overlay-color":"","overlay-opacity":"","overlay-gradient":""}},"ast-content-background-meta":{"desktop":{"background-color":"var(--ast-global-color-5)","background-image":"","background-repeat":"repeat","background-position":"center center","background-size":"auto","background-attachment":"scroll","background-type":"","background-media":"","overlay-type":"","overlay-color":"","overlay-opacity":"","overlay-gradient":""},"tablet":{"background-color":"var(--ast-global-color-5)","background-image":"","background-repeat":"repeat","background-position":"center center","background-size":"auto","background-attachment":"scroll","background-type":"","background-media":"","overlay-type":"","overlay-color":"","overlay-opacity":"","overlay-gradient":""},"mobile":{"background-color":"var(--ast-global-color-5)","background-image":"","background-repeat":"repeat","background-position":"center center","background-size":"auto","background-attachment":"scroll","background-type":"","background-media":"","overlay-type":"","overlay-color":"","overlay-opacity":"","overlay-gradient":""}}},"product_brand":[],"product_cat":[207,209,208,202,310,225,306,215,227,213,214,226,73,75],"product_tag":[],"class_list":{"0":"post-6831","1":"product","2":"type-product","3":"status-publish","4":"has-post-thumbnail","6":"product_cat-pokloni-za-bozic","7":"product_cat-pokloni-za-rodendan-hr","8":"product_cat-pokloni-za-valentinovo","9":"product_cat-prilike","10":"product_cat-black-friday-hr","11":"product_cat-bozicni-pokloni-za-muskarce","12":"product_cat-najprodavaniji","13":"product_cat-pljoska","14":"product_cat-poklon-za-valentinovo-za-njega","15":"product_cat-pokloni-za-decka","16":"product_cat-pokloni-za-muskarce","17":"product_cat-pokloni-za-rodendan-za-muskarce","18":"product_cat-opcenito","19":"product_cat-muski","20":"pa_prisrcnica-personalizacija-bez-personalizacije-poklon-kutija","21":"pa_prisrcnica-personalizacija-s-personalizacijom-poklon-kutija","22":"desktop-align-left","23":"tablet-align-left","24":"mobile-align-left","26":"first","27":"instock","28":"sale","29":"taxable","30":"shipping-taxable","31":"purchasable","32":"product-type-variable"},"yoast_head":"<!-- This site is optimized with the Yoast SEO plugin v25.2 - https:\/\/yoast.com\/wordpress\/plugins\/seo\/ -->\n<title>Pljoska sa \u010da\u0161icama | Personalizirana pljoska | Le Boxi<\/title>\n<meta name=\"description\" content=\"Elegantna mat pljoska sa \u010da\u0161icama crne boje na koju mo\u017eete ugravirati svoje inicijale ili ime, ali mo\u017eete jo dati i prijatelju. U kompletu s \u010detiri metalne \u010da\u0161e i lijevkom.\" \/>\n<meta name=\"robots\" content=\"index, follow, max-snippet:-1, max-image-preview:large, max-video-preview:-1\" \/>\n<link rel=\"canonical\" href=\"http:\/\/staging.leboxi.eu\/hr\/proizvodi\/pljoska-sa-casicama\/\" \/>\n<meta property=\"og:locale\" content=\"hr_HR\" \/>\n<meta property=\"og:type\" content=\"article\" \/>\n<meta property=\"og:title\" content=\"Pljoska sa \u010da\u0161icama | Personalizirana pljoska | Le Boxi\" \/>\n<meta property=\"og:description\" content=\"Elegantna mat pljoska sa \u010da\u0161icama crne boje na koju mo\u017eete ugravirati svoje inicijale ili ime, ali mo\u017eete jo dati i prijatelju. U kompletu s \u010detiri metalne \u010da\u0161e i lijevkom.\" \/>\n<meta property=\"og:url\" content=\"http:\/\/staging.leboxi.eu\/hr\/proizvodi\/pljoska-sa-casicama\/\" \/>\n<meta property=\"og:site_name\" content=\"Le Boxi | Unikatna darila za vsakogar\" \/>\n<meta property=\"article:publisher\" content=\"https:\/\/www.facebook.com\/leboxi.eu\" \/>\n<meta property=\"article:modified_time\" content=\"2025-04-13T16:36:47+00:00\" \/>\n<meta property=\"og:image\" content=\"http:\/\/staging.leboxi.eu\/wp-content\/uploads\/2021\/04\/Izdelek-42-of-43.jpg\" \/>\n\t<meta property=\"og:image:width\" content=\"1000\" \/>\n\t<meta property=\"og:image:height\" content=\"1000\" \/>\n\t<meta property=\"og:image:type\" content=\"image\/jpeg\" \/>\n<meta name=\"twitter:card\" content=\"summary_large_image\" \/>\n<meta name=\"twitter:label1\" content=\"Procijenjeno vrijeme \u010ditanja\" \/>\n\t<meta name=\"twitter:data1\" content=\"1 minuta\" \/>\n<script type=\"application\/ld+json\" class=\"yoast-schema-graph\">{\"@context\":\"https:\/\/schema.org\",\"@graph\":[{\"@type\":\"WebPage\",\"@id\":\"http:\/\/staging.leboxi.eu\/hr\/proizvodi\/pljoska-sa-casicama\/\",\"url\":\"http:\/\/staging.leboxi.eu\/hr\/proizvodi\/pljoska-sa-casicama\/\",\"name\":\"Pljoska sa \u010da\u0161icama | Personalizirana pljoska | Le Boxi\",\"isPartOf\":{\"@id\":\"http:\/\/staging.leboxi.eu\/hr\/#website\"},\"primaryImageOfPage\":{\"@id\":\"http:\/\/staging.leboxi.eu\/hr\/proizvodi\/pljoska-sa-casicama\/#primaryimage\"},\"image\":{\"@id\":\"http:\/\/staging.leboxi.eu\/hr\/proizvodi\/pljoska-sa-casicama\/#primaryimage\"},\"thumbnailUrl\":\"http:\/\/staging.leboxi.eu\/wp-content\/uploads\/2021\/04\/Izdelek-42-of-43.jpg\",\"datePublished\":\"2022-03-18T19:16:57+00:00\",\"dateModified\":\"2025-04-13T16:36:47+00:00\",\"description\":\"Elegantna mat pljoska sa \u010da\u0161icama crne boje na koju mo\u017eete ugravirati svoje inicijale ili ime, ali mo\u017eete jo dati i prijatelju. U kompletu s \u010detiri metalne \u010da\u0161e i lijevkom.\",\"breadcrumb\":{\"@id\":\"http:\/\/staging.leboxi.eu\/hr\/proizvodi\/pljoska-sa-casicama\/#breadcrumb\"},\"inLanguage\":\"hr\",\"potentialAction\":[{\"@type\":\"ReadAction\",\"target\":[\"http:\/\/staging.leboxi.eu\/hr\/proizvodi\/pljoska-sa-casicama\/\"]}]},{\"@type\":\"ImageObject\",\"inLanguage\":\"hr\",\"@id\":\"http:\/\/staging.leboxi.eu\/hr\/proizvodi\/pljoska-sa-casicama\/#primaryimage\",\"url\":\"http:\/\/staging.leboxi.eu\/wp-content\/uploads\/2021\/04\/Izdelek-42-of-43.jpg\",\"contentUrl\":\"http:\/\/staging.leboxi.eu\/wp-content\/uploads\/2021\/04\/Izdelek-42-of-43.jpg\",\"width\":1000,\"height\":1000,\"caption\":\"Crna metalna pljosla s \u010detiri metalne \u010da\u0161e i metalnim lijevkom te personaliziranim natpisom\"},{\"@type\":\"BreadcrumbList\",\"@id\":\"http:\/\/staging.leboxi.eu\/hr\/proizvodi\/pljoska-sa-casicama\/#breadcrumb\",\"itemListElement\":[{\"@type\":\"ListItem\",\"position\":1,\"name\":\"Doma\",\"item\":\"http:\/\/staging.leboxi.eu\/hr\/\"},{\"@type\":\"ListItem\",\"position\":2,\"name\":\"Trgovina\",\"item\":\"http:\/\/staging.leboxi.eu\/hr\/trgovina\/\"},{\"@type\":\"ListItem\",\"position\":3,\"name\":\"Metalna pljoska + komplet \u010da\u0161ica\"}]},{\"@type\":\"WebSite\",\"@id\":\"http:\/\/staging.leboxi.eu\/hr\/#website\",\"url\":\"http:\/\/staging.leboxi.eu\/hr\/\",\"name\":\"Le Boxi | Unikatna darila za vsakogar\",\"description\":\"Unikatna darila in darilne \u0161katle za vse prilo\u017enosti.\",\"publisher\":{\"@id\":\"http:\/\/staging.leboxi.eu\/hr\/#organization\"},\"potentialAction\":[{\"@type\":\"SearchAction\",\"target\":{\"@type\":\"EntryPoint\",\"urlTemplate\":\"http:\/\/staging.leboxi.eu\/hr\/?s={search_term_string}\"},\"query-input\":{\"@type\":\"PropertyValueSpecification\",\"valueRequired\":true,\"valueName\":\"search_term_string\"}}],\"inLanguage\":\"hr\"},{\"@type\":\"Organization\",\"@id\":\"http:\/\/staging.leboxi.eu\/hr\/#organization\",\"name\":\"LE BOXI\",\"url\":\"http:\/\/staging.leboxi.eu\/hr\/\",\"logo\":{\"@type\":\"ImageObject\",\"inLanguage\":\"hr\",\"@id\":\"http:\/\/staging.leboxi.eu\/hr\/#\/schema\/logo\/image\/\",\"url\":\"http:\/\/staging.leboxi.eu\/wp-content\/uploads\/2021\/02\/LeBoxi-manjsi-png.png\",\"contentUrl\":\"http:\/\/staging.leboxi.eu\/wp-content\/uploads\/2021\/02\/LeBoxi-manjsi-png.png\",\"width\":389,\"height\":164,\"caption\":\"LE BOXI\"},\"image\":{\"@id\":\"http:\/\/staging.leboxi.eu\/hr\/#\/schema\/logo\/image\/\"},\"sameAs\":[\"https:\/\/www.facebook.com\/leboxi.eu\",\"https:\/\/www.instagram.com\/le.boxi\/\"]}]}<\/script>\n<!-- \/ Yoast SEO plugin. -->","yoast_head_json":{"title":"Pljoska sa \u010da\u0161icama | Personalizirana pljoska | Le Boxi","description":"Elegantna mat pljoska sa \u010da\u0161icama crne boje na koju mo\u017eete ugravirati svoje inicijale ili ime, ali mo\u017eete jo dati i prijatelju. U kompletu s \u010detiri metalne \u010da\u0161e i lijevkom.","robots":{"index":"index","follow":"follow","max-snippet":"max-snippet:-1","max-image-preview":"max-image-preview:large","max-video-preview":"max-video-preview:-1"},"canonical":"http:\/\/staging.leboxi.eu\/hr\/proizvodi\/pljoska-sa-casicama\/","og_locale":"hr_HR","og_type":"article","og_title":"Pljoska sa \u010da\u0161icama | Personalizirana pljoska | Le Boxi","og_description":"Elegantna mat pljoska sa \u010da\u0161icama crne boje na koju mo\u017eete ugravirati svoje inicijale ili ime, ali mo\u017eete jo dati i prijatelju. U kompletu s \u010detiri metalne \u010da\u0161e i lijevkom.","og_url":"http:\/\/staging.leboxi.eu\/hr\/proizvodi\/pljoska-sa-casicama\/","og_site_name":"Le Boxi | Unikatna darila za vsakogar","article_publisher":"https:\/\/www.facebook.com\/leboxi.eu","article_modified_time":"2025-04-13T16:36:47+00:00","og_image":[{"width":1000,"height":1000,"url":"http:\/\/staging.leboxi.eu\/wp-content\/uploads\/2021\/04\/Izdelek-42-of-43.jpg","type":"image\/jpeg"}],"twitter_card":"summary_large_image","twitter_misc":{"Procijenjeno vrijeme \u010ditanja":"1 minuta"},"schema":{"@context":"https:\/\/schema.org","@graph":[{"@type":"WebPage","@id":"http:\/\/staging.leboxi.eu\/hr\/proizvodi\/pljoska-sa-casicama\/","url":"http:\/\/staging.leboxi.eu\/hr\/proizvodi\/pljoska-sa-casicama\/","name":"Pljoska sa \u010da\u0161icama | Personalizirana pljoska | Le Boxi","isPartOf":{"@id":"http:\/\/staging.leboxi.eu\/hr\/#website"},"primaryImageOfPage":{"@id":"http:\/\/staging.leboxi.eu\/hr\/proizvodi\/pljoska-sa-casicama\/#primaryimage"},"image":{"@id":"http:\/\/staging.leboxi.eu\/hr\/proizvodi\/pljoska-sa-casicama\/#primaryimage"},"thumbnailUrl":"http:\/\/staging.leboxi.eu\/wp-content\/uploads\/2021\/04\/Izdelek-42-of-43.jpg","datePublished":"2022-03-18T19:16:57+00:00","dateModified":"2025-04-13T16:36:47+00:00","description":"Elegantna mat pljoska sa \u010da\u0161icama crne boje na koju mo\u017eete ugravirati svoje inicijale ili ime, ali mo\u017eete jo dati i prijatelju. U kompletu s \u010detiri metalne \u010da\u0161e i lijevkom.","breadcrumb":{"@id":"http:\/\/staging.leboxi.eu\/hr\/proizvodi\/pljoska-sa-casicama\/#breadcrumb"},"inLanguage":"hr","potentialAction":[{"@type":"ReadAction","target":["http:\/\/staging.leboxi.eu\/hr\/proizvodi\/pljoska-sa-casicama\/"]}]},{"@type":"ImageObject","inLanguage":"hr","@id":"http:\/\/staging.leboxi.eu\/hr\/proizvodi\/pljoska-sa-casicama\/#primaryimage","url":"http:\/\/staging.leboxi.eu\/wp-content\/uploads\/2021\/04\/Izdelek-42-of-43.jpg","contentUrl":"http:\/\/staging.leboxi.eu\/wp-content\/uploads\/2021\/04\/Izdelek-42-of-43.jpg","width":1000,"height":1000,"caption":"Crna metalna pljosla s \u010detiri metalne \u010da\u0161e i metalnim lijevkom te personaliziranim natpisom"},{"@type":"BreadcrumbList","@id":"http:\/\/staging.leboxi.eu\/hr\/proizvodi\/pljoska-sa-casicama\/#breadcrumb","itemListElement":[{"@type":"ListItem","position":1,"name":"Doma","item":"http:\/\/staging.leboxi.eu\/hr\/"},{"@type":"ListItem","position":2,"name":"Trgovina","item":"http:\/\/staging.leboxi.eu\/hr\/trgovina\/"},{"@type":"ListItem","position":3,"name":"Metalna pljoska + komplet \u010da\u0161ica"}]},{"@type":"WebSite","@id":"http:\/\/staging.leboxi.eu\/hr\/#website","url":"http:\/\/staging.leboxi.eu\/hr\/","name":"Le Boxi | Unikatna darila za vsakogar","description":"Unikatna darila in darilne \u0161katle za vse prilo\u017enosti.","publisher":{"@id":"http:\/\/staging.leboxi.eu\/hr\/#organization"},"potentialAction":[{"@type":"SearchAction","target":{"@type":"EntryPoint","urlTemplate":"http:\/\/staging.leboxi.eu\/hr\/?s={search_term_string}"},"query-input":{"@type":"PropertyValueSpecification","valueRequired":true,"valueName":"search_term_string"}}],"inLanguage":"hr"},{"@type":"Organization","@id":"http:\/\/staging.leboxi.eu\/hr\/#organization","name":"LE BOXI","url":"http:\/\/staging.leboxi.eu\/hr\/","logo":{"@type":"ImageObject","inLanguage":"hr","@id":"http:\/\/staging.leboxi.eu\/hr\/#\/schema\/logo\/image\/","url":"http:\/\/staging.leboxi.eu\/wp-content\/uploads\/2021\/02\/LeBoxi-manjsi-png.png","contentUrl":"http:\/\/staging.leboxi.eu\/wp-content\/uploads\/2021\/02\/LeBoxi-manjsi-png.png","width":389,"height":164,"caption":"LE BOXI"},"image":{"@id":"http:\/\/staging.leboxi.eu\/hr\/#\/schema\/logo\/image\/"},"sameAs":["https:\/\/www.facebook.com\/leboxi.eu","https:\/\/www.instagram.com\/le.boxi\/"]}]}},"_links":{"self":[{"href":"http:\/\/staging.leboxi.eu\/hr\/wp-json\/wp\/v2\/product\/6831","targetHints":{"allow":["GET"]}}],"collection":[{"href":"http:\/\/staging.leboxi.eu\/hr\/wp-json\/wp\/v2\/product"}],"about":[{"href":"http:\/\/staging.leboxi.eu\/hr\/wp-json\/wp\/v2\/types\/product"}],"replies":[{"embeddable":true,"href":"http:\/\/staging.leboxi.eu\/hr\/wp-json\/wp\/v2\/comments?post=6831"}],"version-history":[{"count":1,"href":"http:\/\/staging.leboxi.eu\/hr\/wp-json\/wp\/v2\/product\/6831\/revisions"}],"predecessor-version":[{"id":15019,"href":"http:\/\/staging.leboxi.eu\/hr\/wp-json\/wp\/v2\/product\/6831\/revisions\/15019"}],"wp:featuredmedia":[{"embeddable":true,"href":"http:\/\/staging.leboxi.eu\/hr\/wp-json\/wp\/v2\/media\/5384"}],"wp:attachment":[{"href":"http:\/\/staging.leboxi.eu\/hr\/wp-json\/wp\/v2\/media?parent=6831"}],"wp:term":[{"taxonomy":"product_brand","embeddable":true,"href":"http:\/\/staging.leboxi.eu\/hr\/wp-json\/wp\/v2\/product_brand?post=6831"},{"taxonomy":"product_cat","embeddable":true,"href":"http:\/\/staging.leboxi.eu\/hr\/wp-json\/wp\/v2\/product_cat?post=6831"},{"taxonomy":"product_tag","embeddable":true,"href":"http:\/\/staging.leboxi.eu\/hr\/wp-json\/wp\/v2\/product_tag?post=6831"}],"curies":[{"name":"wp","href":"https:\/\/api.w.org\/{rel}","templated":true}]}}