{"id":24402,"date":"2025-03-23T10:44:37","date_gmt":"2025-03-23T09:44:38","guid":{"rendered":"http:\/\/staging.leboxi.eu\/?post_type=product&#038;p=24402"},"modified":"2025-03-23T16:51:56","modified_gmt":"2025-03-23T15:51:56","slug":"vodootporno-pregrinjalo","status":"publish","type":"product","link":"http:\/\/staging.leboxi.eu\/hr\/proizvodi\/vodootporno-pregrinjalo\/","title":{"rendered":"Vodootporno pokrivalo za sjedalo &#8211; Nomad Dry"},"content":{"rendered":"<p><strong>O\u010duvajte sjedalo kao novo!<\/strong><\/p>\n<div>\n<p>Ne dopustite da znoj, pra\u0161ina, pijesak ili blato uni\u0161te va\u0161 auto. Odr\u017eite svoje sjedalo svje\u017eim i \u010distim, bez obzira na va\u0161e aktivnosti! <\/p>\n<p><a href=\"http:\/\/staging.leboxi.eu\/wp-content\/uploads\/2025\/03\/Pokrivalo-za-sedez15.jpg\"><img fetchpriority=\"high\" decoding=\"async\" class=\"alignnone wp-image-24330 \" src=\"http:\/\/staging.leboxi.eu\/wp-content\/uploads\/2025\/03\/Pokrivalo-za-sedez15.jpg\" alt=\"\" width=\"751\" height=\"751\"><\/a><\/p>\n<p><strong>Trojna za\u0161tita za bezbri\u017enu vo\u017enju.<\/strong><\/p>\n<p>Higijenska vo\u017enja bez kompromisa! Nepropusna za vlagu, otporna na mrlje i izuzetno udobna. Protuklizna podloga osigurava potpunu stabilnost.  <\/p>\n<\/div>\n<p><a href=\"http:\/\/staging.leboxi.eu\/wp-content\/uploads\/2025\/03\/Pokrivalo-za-sedez17.jpg\"><img decoding=\"async\" class=\"alignnone wp-image-24333 \" src=\"http:\/\/staging.leboxi.eu\/wp-content\/uploads\/2025\/03\/Pokrivalo-za-sedez17.jpg\" alt=\"\" width=\"744\" height=\"744\"><\/a><\/p>\n<p>&nbsp;<\/p>\n<p><strong>Bez dlaka i ne\u010disto\u0107e u autu!<\/strong><\/p>\n<p>Bez brige prevozite svog ljubimca \u2013 dlake, mokre \u0161ape i prljav\u0161tina vi\u0161e ne\u0107e biti problem!<\/p>\n<p><a href=\"http:\/\/staging.leboxi.eu\/wp-content\/uploads\/2025\/03\/Pokrivalo-za-sedez11.jpg\"><img decoding=\"async\" class=\"alignnone wp-image-24327 \" src=\"http:\/\/staging.leboxi.eu\/wp-content\/uploads\/2025\/03\/Pokrivalo-za-sedez11.jpg\" alt=\"\" width=\"737\" height=\"737\"><\/a><\/p>\n<p>&nbsp;<\/p>\n<p><strong>Brza uporaba \u2013 bez napora!<\/strong><\/p>\n<p>Bez zamr\u0161enih trakova i pode\u0161avanja! Prekriva\u010d jednostavno stavite na sjedalo i za sekundu ga pri\u010dvrstite. <\/p>\n<p><a href=\"http:\/\/staging.leboxi.eu\/wp-content\/uploads\/2025\/03\/Pokrivalo-za-sedez9.jpg\"><img loading=\"lazy\" decoding=\"async\" class=\"alignnone wp-image-24324 \" src=\"http:\/\/staging.leboxi.eu\/wp-content\/uploads\/2025\/03\/Pokrivalo-za-sedez9.jpg\" alt=\"\" width=\"745\" height=\"745\"><\/a><\/p>\n<p><strong>Kompaktno i uvijek pri ruci.<\/strong><\/p>\n<p>Presavijte, zarolajte i pospremite! Toliko kompaktno da ga mo\u017eete uvijek imati sa sobom u prtlja\u017eniku. <\/p>\n<p><a href=\"http:\/\/staging.leboxi.eu\/wp-content\/uploads\/2025\/03\/Pokrivalo-za-sedez4-1.jpg\"><img loading=\"lazy\" decoding=\"async\" class=\"alignnone wp-image-24321 \" src=\"http:\/\/staging.leboxi.eu\/wp-content\/uploads\/2025\/03\/Pokrivalo-za-sedez4-1.jpg\" alt=\"\" width=\"741\" height=\"741\"><\/a><\/p>\n<p><strong>Standardne dimenzije Nomad Dry!<\/strong><\/p>\n<p>Dimenzije 140 cm x 75 cm savr\u0161eno odgovaraju svakom vozilu. Mogu\u0107a uporaba na prednjim i stra\u017enjim sjedalicama. <\/p>\n<p><a href=\"http:\/\/staging.leboxi.eu\/wp-content\/uploads\/2025\/03\/PRIROCNO-SHRANJEVANJE.jpg\"><img loading=\"lazy\" decoding=\"async\" class=\"alignnone wp-image-24377 \" src=\"http:\/\/staging.leboxi.eu\/wp-content\/uploads\/2025\/03\/PRIROCNO-SHRANJEVANJE.jpg\" alt=\"\" width=\"752\" height=\"465\" srcset=\"http:\/\/staging.leboxi.eu\/wp-content\/uploads\/2025\/03\/PRIROCNO-SHRANJEVANJE.jpg 970w, http:\/\/staging.leboxi.eu\/wp-content\/uploads\/2025\/03\/PRIROCNO-SHRANJEVANJE-300x186.jpg 300w, http:\/\/staging.leboxi.eu\/wp-content\/uploads\/2025\/03\/PRIROCNO-SHRANJEVANJE-768x475.jpg 768w, http:\/\/staging.leboxi.eu\/wp-content\/uploads\/2025\/03\/PRIROCNO-SHRANJEVANJE-600x371.jpg 600w\" sizes=\"(max-width: 752px) 100vw, 752px\" \/><\/a><\/p>\n<p><a href=\"http:\/\/staging.leboxi.eu\/wp-content\/uploads\/2025\/03\/Pokrivalo-za-sedez20.jpg\"><img loading=\"lazy\" decoding=\"async\" class=\"alignnone wp-image-24336 \" src=\"http:\/\/staging.leboxi.eu\/wp-content\/uploads\/2025\/03\/Pokrivalo-za-sedez20.jpg\" alt=\"\" width=\"761\" height=\"761\"><\/a><\/p>\n","protected":false},"excerpt":{"rendered":"<p>\u2605 <strong>ULTIMATIVNO vodootporno pregrinjalo NOMAD DRY<\/strong>, ki \u0161\u010diti va\u0161e sede\u017ee pred umazanijo in neprijetnimi vonjavami.<img decoding=\"async\" class=\"emoji\" style=\"font-style: inherit; font-weight: inherit; background-color: #ffffff;\" role=\"img\" draggable=\"false\" src=\"https:\/\/s.w.org\/images\/core\/emoji\/15.0.3\/svg\/2714.svg\" alt=\"\u2714\"> <strong style=\"font-size: 16px;\" data-start=\"365\" data-end=\"382\">100 % za\u0161\u010dita<\/strong><span style=\"font-size: 16px;\"> \u2013 blokira vlago, znoj, mivko in umazanijo<\/span><\/p>\n<p><img decoding=\"async\" class=\"emoji\" style=\"font-style: inherit; font-weight: inherit; background-color: #ffffff;\" role=\"img\" draggable=\"false\" src=\"https:\/\/s.w.org\/images\/core\/emoji\/15.0.3\/svg\/2714.svg\" alt=\"\u2714\"> <strong style=\"font-size: 16px;\" data-start=\"365\" data-end=\"382\">100 % za\u0161tita <\/strong>\u2013 <span style=\"font-size: 16px;\">blokira vlagu, znoj, pijesak i prljav\u0161tinu.<\/span><\/p>\n<p><img decoding=\"async\" class=\"emoji\" style=\"font-style: inherit; font-weight: inherit; background-color: #ffffff;\" role=\"img\" draggable=\"false\" src=\"https:\/\/s.w.org\/images\/core\/emoji\/15.0.3\/svg\/2714.svg\" alt=\"\u2714\"> <strong style=\"font-size: 16px;\" data-start=\"429\" data-end=\"453\">Univerzalna veli\u010dina<\/strong> <strong style=\"font-size: 16px;\">(75 cm x 142 cm) <\/strong><span style=\"font-size: 16px;\">\u2013 savr\u0161eno pristajanje za sve vrste vozila.<\/span> <\/p>\n<p><img decoding=\"async\" class=\"emoji\" style=\"font-style: inherit; font-weight: inherit; background-color: #ffffff;\" role=\"img\" draggable=\"false\" src=\"https:\/\/s.w.org\/images\/core\/emoji\/15.0.3\/svg\/2714.svg\" alt=\"\u2714\"> <strong style=\"font-size: 16px;\" data-start=\"511\" data-end=\"532\">Troslojna za\u0161tita <\/strong><span style=\"font-size: 16px;\">\u2013 protuklizna podloga i vodootporna povr\u0161ina.<\/span><\/p>\n<p><span style=\"font-size: 16px;\"><img decoding=\"async\" class=\"emoji\" style=\"font-style: inherit; font-weight: inherit; background-color: #ffffff;\" role=\"img\" draggable=\"false\" src=\"https:\/\/s.w.org\/images\/core\/emoji\/15.0.3\/svg\/2714.svg\" alt=\"\u2714\"> <\/span><strong style=\"font-size: 16px;\" data-start=\"598\" data-end=\"633\">Brza instalacija i uklanjanje <\/strong><span style=\"font-size: 16px;\">\u2013 jednostavno pri\u010dvrstite i ve\u0107 ste spremni!<\/span><\/p>\n<p><strong data-start=\"684\" data-end=\"711\"><img decoding=\"async\" class=\"emoji\" style=\"font-style: inherit; font-weight: inherit; background-color: #ffffff;\" role=\"img\" draggable=\"false\" src=\"https:\/\/s.w.org\/images\/core\/emoji\/15.0.3\/svg\/2714.svg\" alt=\"\u2714\">Mo\u017ee se prati u perilici<\/strong> \u2013 bez brige oko \u010di\u0161\u0107enja!<\/p>\n","protected":false},"featured_media":24388,"comment_status":"open","ping_status":"closed","template":"","meta":{"site-sidebar-layout":"default","site-content-layout":"default","ast-site-content-layout":"default","site-content-style":"default","site-sidebar-style":"default","ast-global-header-display":"","ast-banner-title-visibility":"","ast-main-header-display":"","ast-hfb-above-header-display":"","ast-hfb-below-header-display":"","ast-hfb-mobile-header-display":"","site-post-title":"","ast-breadcrumbs-content":"","ast-featured-img":"","footer-sml-layout":"","theme-transparent-header-meta":"default","adv-header-id-meta":"","stick-header-meta":"","header-above-stick-meta":"","header-main-stick-meta":"","header-below-stick-meta":"","astra-migrate-meta-layouts":"set","ast-page-background-enabled":"default","ast-page-background-meta":{"desktop":{"background-color":"","background-image":"","background-repeat":"repeat","background-position":"center center","background-size":"auto","background-attachment":"scroll","background-type":"","background-media":"","overlay-type":"","overlay-color":"","overlay-opacity":"","overlay-gradient":""},"tablet":{"background-color":"","background-image":"","background-repeat":"repeat","background-position":"center center","background-size":"auto","background-attachment":"scroll","background-type":"","background-media":"","overlay-type":"","overlay-color":"","overlay-opacity":"","overlay-gradient":""},"mobile":{"background-color":"","background-image":"","background-repeat":"repeat","background-position":"center center","background-size":"auto","background-attachment":"scroll","background-type":"","background-media":"","overlay-type":"","overlay-color":"","overlay-opacity":"","overlay-gradient":""}},"ast-content-background-meta":{"desktop":{"background-color":"var(--ast-global-color-5)","background-image":"","background-repeat":"repeat","background-position":"center center","background-size":"auto","background-attachment":"scroll","background-type":"","background-media":"","overlay-type":"","overlay-color":"","overlay-opacity":"","overlay-gradient":""},"tablet":{"background-color":"var(--ast-global-color-5)","background-image":"","background-repeat":"repeat","background-position":"center center","background-size":"auto","background-attachment":"scroll","background-type":"","background-media":"","overlay-type":"","overlay-color":"","overlay-opacity":"","overlay-gradient":""},"mobile":{"background-color":"var(--ast-global-color-5)","background-image":"","background-repeat":"repeat","background-position":"center center","background-size":"auto","background-attachment":"scroll","background-type":"","background-media":"","overlay-type":"","overlay-color":"","overlay-opacity":"","overlay-gradient":""}}},"product_brand":[],"product_cat":[212,207,206,201,199,203,209,210,208,211,198,202,225,227,213,214,226,75,87],"product_tag":[],"class_list":{"0":"post-24402","1":"product","2":"type-product","3":"status-publish","4":"has-post-thumbnail","6":"product_cat-bozicni-pokloni-za-zene","7":"product_cat-pokloni-za-bozic","8":"product_cat-pokloni-za-dan-zena","9":"product_cat-pokloni-za-djevojku","10":"product_cat-pokloni-za-mamu","11":"product_cat-pokloni-za-prijateljicu","12":"product_cat-pokloni-za-rodendan-hr","13":"product_cat-pokloni-za-rodendan-za-zene","14":"product_cat-pokloni-za-valentinovo","15":"product_cat-pokloni-za-valentinovo-za-nju","16":"product_cat-pokloni-za-zene","17":"product_cat-prilike","18":"product_cat-bozicni-pokloni-za-muskarce","19":"product_cat-poklon-za-valentinovo-za-njega","20":"product_cat-pokloni-za-decka","21":"product_cat-pokloni-za-muskarce","22":"product_cat-pokloni-za-rodendan-za-muskarce","23":"product_cat-muski","24":"product_cat-zene","25":"desktop-align-left","26":"tablet-align-left","27":"mobile-align-left","29":"first","30":"instock","31":"sale","32":"taxable","33":"shipping-taxable","34":"purchasable","35":"product-type-simple"},"yoast_head":"<!-- This site is optimized with the Yoast SEO plugin v25.2 - https:\/\/yoast.com\/wordpress\/plugins\/seo\/ -->\n<title>Vodootporno pokrivalo za sjedalo | Le Boxi<\/title>\n<meta name=\"description\" content=\"Ne dopustite da znoj, pra\u0161ina, pijesak ili blato uni\u0161te va\u0161 auto. Odr\u017eite svoje sjedalo svje\u017eim i \u010distim, bez obzira na va\u0161e aktivnosti!\" \/>\n<meta name=\"robots\" content=\"index, follow, max-snippet:-1, max-image-preview:large, max-video-preview:-1\" \/>\n<link rel=\"canonical\" href=\"http:\/\/staging.leboxi.eu\/hr\/proizvodi\/vodootporno-pregrinjalo\/\" \/>\n<meta property=\"og:locale\" content=\"hr_HR\" \/>\n<meta property=\"og:type\" content=\"article\" \/>\n<meta property=\"og:title\" content=\"Vodootporno pokrivalo za sjedalo | Le Boxi\" \/>\n<meta property=\"og:description\" content=\"Ne dopustite da znoj, pra\u0161ina, pijesak ili blato uni\u0161te va\u0161 auto. Odr\u017eite svoje sjedalo svje\u017eim i \u010distim, bez obzira na va\u0161e aktivnosti!\" \/>\n<meta property=\"og:url\" content=\"http:\/\/staging.leboxi.eu\/hr\/proizvodi\/vodootporno-pregrinjalo\/\" \/>\n<meta property=\"og:site_name\" content=\"Le Boxi | Unikatna darila za vsakogar\" \/>\n<meta property=\"article:publisher\" content=\"https:\/\/www.facebook.com\/leboxi.eu\" \/>\n<meta property=\"article:modified_time\" content=\"2025-03-23T15:51:56+00:00\" \/>\n<meta property=\"og:image\" content=\"http:\/\/staging.leboxi.eu\/wp-content\/uploads\/2025\/03\/22-2.jpg\" \/>\n\t<meta property=\"og:image:width\" content=\"1000\" \/>\n\t<meta property=\"og:image:height\" content=\"1000\" \/>\n\t<meta property=\"og:image:type\" content=\"image\/jpeg\" \/>\n<meta name=\"twitter:card\" content=\"summary_large_image\" \/>\n<meta name=\"twitter:label1\" content=\"Procijenjeno vrijeme \u010ditanja\" \/>\n\t<meta name=\"twitter:data1\" content=\"1 minuta\" \/>\n<script type=\"application\/ld+json\" class=\"yoast-schema-graph\">{\"@context\":\"https:\/\/schema.org\",\"@graph\":[{\"@type\":\"WebPage\",\"@id\":\"http:\/\/staging.leboxi.eu\/hr\/proizvodi\/vodootporno-pregrinjalo\/\",\"url\":\"http:\/\/staging.leboxi.eu\/hr\/proizvodi\/vodootporno-pregrinjalo\/\",\"name\":\"Vodootporno pokrivalo za sjedalo | Le Boxi\",\"isPartOf\":{\"@id\":\"http:\/\/staging.leboxi.eu\/hr\/#website\"},\"primaryImageOfPage\":{\"@id\":\"http:\/\/staging.leboxi.eu\/hr\/proizvodi\/vodootporno-pregrinjalo\/#primaryimage\"},\"image\":{\"@id\":\"http:\/\/staging.leboxi.eu\/hr\/proizvodi\/vodootporno-pregrinjalo\/#primaryimage\"},\"thumbnailUrl\":\"http:\/\/staging.leboxi.eu\/wp-content\/uploads\/2025\/03\/22-2.jpg\",\"datePublished\":\"2025-03-23T09:44:38+00:00\",\"dateModified\":\"2025-03-23T15:51:56+00:00\",\"description\":\"Ne dopustite da znoj, pra\u0161ina, pijesak ili blato uni\u0161te va\u0161 auto. Odr\u017eite svoje sjedalo svje\u017eim i \u010distim, bez obzira na va\u0161e aktivnosti!\",\"breadcrumb\":{\"@id\":\"http:\/\/staging.leboxi.eu\/hr\/proizvodi\/vodootporno-pregrinjalo\/#breadcrumb\"},\"inLanguage\":\"hr\",\"potentialAction\":[{\"@type\":\"ReadAction\",\"target\":[\"http:\/\/staging.leboxi.eu\/hr\/proizvodi\/vodootporno-pregrinjalo\/\"]}]},{\"@type\":\"ImageObject\",\"inLanguage\":\"hr\",\"@id\":\"http:\/\/staging.leboxi.eu\/hr\/proizvodi\/vodootporno-pregrinjalo\/#primaryimage\",\"url\":\"http:\/\/staging.leboxi.eu\/wp-content\/uploads\/2025\/03\/22-2.jpg\",\"contentUrl\":\"http:\/\/staging.leboxi.eu\/wp-content\/uploads\/2025\/03\/22-2.jpg\",\"width\":1000,\"height\":1000},{\"@type\":\"BreadcrumbList\",\"@id\":\"http:\/\/staging.leboxi.eu\/hr\/proizvodi\/vodootporno-pregrinjalo\/#breadcrumb\",\"itemListElement\":[{\"@type\":\"ListItem\",\"position\":1,\"name\":\"Doma\",\"item\":\"http:\/\/staging.leboxi.eu\/hr\/\"},{\"@type\":\"ListItem\",\"position\":2,\"name\":\"Trgovina\",\"item\":\"http:\/\/staging.leboxi.eu\/hr\/trgovina\/\"},{\"@type\":\"ListItem\",\"position\":3,\"name\":\"Vodootporno pokrivalo za sjedalo &#8211; Nomad Dry\"}]},{\"@type\":\"WebSite\",\"@id\":\"http:\/\/staging.leboxi.eu\/hr\/#website\",\"url\":\"http:\/\/staging.leboxi.eu\/hr\/\",\"name\":\"Le Boxi | Unikatna darila za vsakogar\",\"description\":\"Unikatna darila in darilne \u0161katle za vse prilo\u017enosti.\",\"publisher\":{\"@id\":\"http:\/\/staging.leboxi.eu\/hr\/#organization\"},\"potentialAction\":[{\"@type\":\"SearchAction\",\"target\":{\"@type\":\"EntryPoint\",\"urlTemplate\":\"http:\/\/staging.leboxi.eu\/hr\/?s={search_term_string}\"},\"query-input\":{\"@type\":\"PropertyValueSpecification\",\"valueRequired\":true,\"valueName\":\"search_term_string\"}}],\"inLanguage\":\"hr\"},{\"@type\":\"Organization\",\"@id\":\"http:\/\/staging.leboxi.eu\/hr\/#organization\",\"name\":\"LE BOXI\",\"url\":\"http:\/\/staging.leboxi.eu\/hr\/\",\"logo\":{\"@type\":\"ImageObject\",\"inLanguage\":\"hr\",\"@id\":\"http:\/\/staging.leboxi.eu\/hr\/#\/schema\/logo\/image\/\",\"url\":\"http:\/\/staging.leboxi.eu\/wp-content\/uploads\/2021\/02\/LeBoxi-manjsi-png.png\",\"contentUrl\":\"http:\/\/staging.leboxi.eu\/wp-content\/uploads\/2021\/02\/LeBoxi-manjsi-png.png\",\"width\":389,\"height\":164,\"caption\":\"LE BOXI\"},\"image\":{\"@id\":\"http:\/\/staging.leboxi.eu\/hr\/#\/schema\/logo\/image\/\"},\"sameAs\":[\"https:\/\/www.facebook.com\/leboxi.eu\",\"https:\/\/www.instagram.com\/le.boxi\/\"]}]}<\/script>\n<!-- \/ Yoast SEO plugin. -->","yoast_head_json":{"title":"Vodootporno pokrivalo za sjedalo | Le Boxi","description":"Ne dopustite da znoj, pra\u0161ina, pijesak ili blato uni\u0161te va\u0161 auto. Odr\u017eite svoje sjedalo svje\u017eim i \u010distim, bez obzira na va\u0161e aktivnosti!","robots":{"index":"index","follow":"follow","max-snippet":"max-snippet:-1","max-image-preview":"max-image-preview:large","max-video-preview":"max-video-preview:-1"},"canonical":"http:\/\/staging.leboxi.eu\/hr\/proizvodi\/vodootporno-pregrinjalo\/","og_locale":"hr_HR","og_type":"article","og_title":"Vodootporno pokrivalo za sjedalo | Le Boxi","og_description":"Ne dopustite da znoj, pra\u0161ina, pijesak ili blato uni\u0161te va\u0161 auto. Odr\u017eite svoje sjedalo svje\u017eim i \u010distim, bez obzira na va\u0161e aktivnosti!","og_url":"http:\/\/staging.leboxi.eu\/hr\/proizvodi\/vodootporno-pregrinjalo\/","og_site_name":"Le Boxi | Unikatna darila za vsakogar","article_publisher":"https:\/\/www.facebook.com\/leboxi.eu","article_modified_time":"2025-03-23T15:51:56+00:00","og_image":[{"width":1000,"height":1000,"url":"http:\/\/staging.leboxi.eu\/wp-content\/uploads\/2025\/03\/22-2.jpg","type":"image\/jpeg"}],"twitter_card":"summary_large_image","twitter_misc":{"Procijenjeno vrijeme \u010ditanja":"1 minuta"},"schema":{"@context":"https:\/\/schema.org","@graph":[{"@type":"WebPage","@id":"http:\/\/staging.leboxi.eu\/hr\/proizvodi\/vodootporno-pregrinjalo\/","url":"http:\/\/staging.leboxi.eu\/hr\/proizvodi\/vodootporno-pregrinjalo\/","name":"Vodootporno pokrivalo za sjedalo | Le Boxi","isPartOf":{"@id":"http:\/\/staging.leboxi.eu\/hr\/#website"},"primaryImageOfPage":{"@id":"http:\/\/staging.leboxi.eu\/hr\/proizvodi\/vodootporno-pregrinjalo\/#primaryimage"},"image":{"@id":"http:\/\/staging.leboxi.eu\/hr\/proizvodi\/vodootporno-pregrinjalo\/#primaryimage"},"thumbnailUrl":"http:\/\/staging.leboxi.eu\/wp-content\/uploads\/2025\/03\/22-2.jpg","datePublished":"2025-03-23T09:44:38+00:00","dateModified":"2025-03-23T15:51:56+00:00","description":"Ne dopustite da znoj, pra\u0161ina, pijesak ili blato uni\u0161te va\u0161 auto. Odr\u017eite svoje sjedalo svje\u017eim i \u010distim, bez obzira na va\u0161e aktivnosti!","breadcrumb":{"@id":"http:\/\/staging.leboxi.eu\/hr\/proizvodi\/vodootporno-pregrinjalo\/#breadcrumb"},"inLanguage":"hr","potentialAction":[{"@type":"ReadAction","target":["http:\/\/staging.leboxi.eu\/hr\/proizvodi\/vodootporno-pregrinjalo\/"]}]},{"@type":"ImageObject","inLanguage":"hr","@id":"http:\/\/staging.leboxi.eu\/hr\/proizvodi\/vodootporno-pregrinjalo\/#primaryimage","url":"http:\/\/staging.leboxi.eu\/wp-content\/uploads\/2025\/03\/22-2.jpg","contentUrl":"http:\/\/staging.leboxi.eu\/wp-content\/uploads\/2025\/03\/22-2.jpg","width":1000,"height":1000},{"@type":"BreadcrumbList","@id":"http:\/\/staging.leboxi.eu\/hr\/proizvodi\/vodootporno-pregrinjalo\/#breadcrumb","itemListElement":[{"@type":"ListItem","position":1,"name":"Doma","item":"http:\/\/staging.leboxi.eu\/hr\/"},{"@type":"ListItem","position":2,"name":"Trgovina","item":"http:\/\/staging.leboxi.eu\/hr\/trgovina\/"},{"@type":"ListItem","position":3,"name":"Vodootporno pokrivalo za sjedalo &#8211; Nomad Dry"}]},{"@type":"WebSite","@id":"http:\/\/staging.leboxi.eu\/hr\/#website","url":"http:\/\/staging.leboxi.eu\/hr\/","name":"Le Boxi | Unikatna darila za vsakogar","description":"Unikatna darila in darilne \u0161katle za vse prilo\u017enosti.","publisher":{"@id":"http:\/\/staging.leboxi.eu\/hr\/#organization"},"potentialAction":[{"@type":"SearchAction","target":{"@type":"EntryPoint","urlTemplate":"http:\/\/staging.leboxi.eu\/hr\/?s={search_term_string}"},"query-input":{"@type":"PropertyValueSpecification","valueRequired":true,"valueName":"search_term_string"}}],"inLanguage":"hr"},{"@type":"Organization","@id":"http:\/\/staging.leboxi.eu\/hr\/#organization","name":"LE BOXI","url":"http:\/\/staging.leboxi.eu\/hr\/","logo":{"@type":"ImageObject","inLanguage":"hr","@id":"http:\/\/staging.leboxi.eu\/hr\/#\/schema\/logo\/image\/","url":"http:\/\/staging.leboxi.eu\/wp-content\/uploads\/2021\/02\/LeBoxi-manjsi-png.png","contentUrl":"http:\/\/staging.leboxi.eu\/wp-content\/uploads\/2021\/02\/LeBoxi-manjsi-png.png","width":389,"height":164,"caption":"LE BOXI"},"image":{"@id":"http:\/\/staging.leboxi.eu\/hr\/#\/schema\/logo\/image\/"},"sameAs":["https:\/\/www.facebook.com\/leboxi.eu","https:\/\/www.instagram.com\/le.boxi\/"]}]}},"_links":{"self":[{"href":"http:\/\/staging.leboxi.eu\/hr\/wp-json\/wp\/v2\/product\/24402","targetHints":{"allow":["GET"]}}],"collection":[{"href":"http:\/\/staging.leboxi.eu\/hr\/wp-json\/wp\/v2\/product"}],"about":[{"href":"http:\/\/staging.leboxi.eu\/hr\/wp-json\/wp\/v2\/types\/product"}],"replies":[{"embeddable":true,"href":"http:\/\/staging.leboxi.eu\/hr\/wp-json\/wp\/v2\/comments?post=24402"}],"version-history":[{"count":2,"href":"http:\/\/staging.leboxi.eu\/hr\/wp-json\/wp\/v2\/product\/24402\/revisions"}],"predecessor-version":[{"id":24430,"href":"http:\/\/staging.leboxi.eu\/hr\/wp-json\/wp\/v2\/product\/24402\/revisions\/24430"}],"wp:featuredmedia":[{"embeddable":true,"href":"http:\/\/staging.leboxi.eu\/hr\/wp-json\/wp\/v2\/media\/24388"}],"wp:attachment":[{"href":"http:\/\/staging.leboxi.eu\/hr\/wp-json\/wp\/v2\/media?parent=24402"}],"wp:term":[{"taxonomy":"product_brand","embeddable":true,"href":"http:\/\/staging.leboxi.eu\/hr\/wp-json\/wp\/v2\/product_brand?post=24402"},{"taxonomy":"product_cat","embeddable":true,"href":"http:\/\/staging.leboxi.eu\/hr\/wp-json\/wp\/v2\/product_cat?post=24402"},{"taxonomy":"product_tag","embeddable":true,"href":"http:\/\/staging.leboxi.eu\/hr\/wp-json\/wp\/v2\/product_tag?post=24402"}],"curies":[{"name":"wp","href":"https:\/\/api.w.org\/{rel}","templated":true}]}}