{"id":19315,"date":"2024-08-12T16:49:13","date_gmt":"2024-08-12T15:49:13","guid":{"rendered":"http:\/\/staging.leboxi.eu\/?post_type=product&#038;p=19315"},"modified":"2025-03-05T19:27:05","modified_gmt":"2025-03-05T18:27:05","slug":"dekanter-set-premium-kopija","status":"publish","type":"product","link":"http:\/\/staging.leboxi.eu\/hr\/proizvodi\/dekanter-set-premium-kopija\/","title":{"rendered":"Dekanter set \u2013 PREMIUM"},"content":{"rendered":"<p>Set dekanter izvrstan je poklon za sve koji se vole po\u010dastiti \u010da\u0161om \u017eestokog pi\u0107a, a pritom cijene savr\u0161en dizajn proizvoda. Set sadr\u017ei sve \u0161to je potrebno za savr\u0161enu degustaciju. Set je smje\u0161ten u drvenu kutiju koja samom setu daje jo\u0161 luksuzniji izgled. Osim toga, prilo\u017eeno je rashladno kamenje s kojim \u0107e se pi\u0107e ohladiti, ali ne i razrijediti.<\/p>\n<p>Ovaj jedinstveni set sadr\u017ei:<\/p>\n<ul>\n<li>drvena poklon kutija,<\/li>\n<li>Boca za pi\u0107e jedinstvenog dizajna i staklenog poklopca<\/li>\n<li>2 odgovaraju\u0107e \u010da\u0161e,<\/li>\n<li>hvataljka za led,<\/li>\n<li>lijevak od nehr\u0111aju\u0107eg \u010delika,<\/li>\n<li>torba s rashladnim kamenjem.<\/li>\n<\/ul>\n<p>Materijal: staklo, drvo<\/p>\n<p>Dimenzije \u010da\u0161e: 9,5 x 9,5 x 9,5 cm<\/p>\n<p>Dimenzije dekantera: 10x10x27 cm<\/p>\n<h6><\/h6>\n<h6>Dodatno:<\/h6>\n<p>U poklon kutiju mo\u017eete uklju\u010diti i <a href=\"http:\/\/staging.leboxi.eu\/izdelki\/cestitka-za-rojstni-dan\/\" target=\"_blank\" rel=\"noopener\">personaliziranu \u010destitku.<\/a><\/p>\n<p>Po \u017eelji \u0107emo dostaviti va\u0161 poklon primatelju, a podrazumijeva se da u paket ne\u0107emo prilo\u017eiti ra\u010dun tijekom isporuke. Ra\u010dun \u0107emo poslati vama.<\/p>\n<p>&nbsp;<\/p>\n","protected":false},"excerpt":{"rendered":"<p>Set dekanter izvrstan je poklon za sve koji se vole po\u010dastiti \u010da\u0161om \u017eestokog pi\u0107a, a pritom cijene savr\u0161en dizajn proizvoda. Set sadr\u017ei sve \u0161to vam je potrebno za savr\u0161eno ku\u0161anje sami ili s prijateljima. Set je smje\u0161ten u drvenu kutiju koja samom setu daje jo\u0161 luksuzniji izgled. Osim toga, prilo\u017eeno je rashladno kamenje s kojim \u0107e se pi\u0107e ohladiti, ali ne i razrijediti.<\/p>\n<p>Poklon dekanter set sadr\u017ei:<\/p>\n<ul>\n<li>drvena poklon kutija,<\/li>\n<li>Boca za pi\u0107e jedinstvenog dizajna i staklenog poklopca<\/li>\n<li>2 odgovaraju\u0107e \u010da\u0161e,<\/li>\n<li>hvataljka za led,<\/li>\n<li>lijevak od nehr\u0111aju\u0107eg \u010delika,<\/li>\n<li>torba s rashladnim kamenjem.<\/li>\n<\/ul>\n<p>&nbsp;<\/p>\n<p>U poklon kutiju mo\u017eete uklju\u010diti i <a href=\"http:\/\/staging.leboxi.eu\/izdelki\/cestitka-za-rojstni-dan\/\" target=\"_blank\" rel=\"noopener\">personaliziranu \u010destitku<\/a>.<\/p>\n<p>&nbsp;<\/p>\n<p>Po \u017eelji \u0107emo dostaviti va\u0161 poklon primatelju, a podrazumijeva se da u paket ne\u0107emo prilo\u017eiti ra\u010dun tijekom isporuke. Ra\u010dun \u0107emo poslati vama.<\/p>\n<p>Detaljan opis mo\u017eete pro\u010ditati u nastavku.<\/p>\n","protected":false},"featured_media":19317,"comment_status":"open","ping_status":"closed","template":"","meta":{"site-sidebar-layout":"default","site-content-layout":"default","ast-site-content-layout":"default","site-content-style":"default","site-sidebar-style":"default","ast-global-header-display":"","ast-banner-title-visibility":"","ast-main-header-display":"","ast-hfb-above-header-display":"","ast-hfb-below-header-display":"","ast-hfb-mobile-header-display":"","site-post-title":"","ast-breadcrumbs-content":"","ast-featured-img":"","footer-sml-layout":"","theme-transparent-header-meta":"default","adv-header-id-meta":"","stick-header-meta":"","header-above-stick-meta":"","header-main-stick-meta":"","header-below-stick-meta":"","astra-migrate-meta-layouts":"set","ast-page-background-enabled":"default","ast-page-background-meta":{"desktop":{"background-color":"","background-image":"","background-repeat":"repeat","background-position":"center center","background-size":"auto","background-attachment":"scroll","background-type":"","background-media":"","overlay-type":"","overlay-color":"","overlay-opacity":"","overlay-gradient":""},"tablet":{"background-color":"","background-image":"","background-repeat":"repeat","background-position":"center center","background-size":"auto","background-attachment":"scroll","background-type":"","background-media":"","overlay-type":"","overlay-color":"","overlay-opacity":"","overlay-gradient":""},"mobile":{"background-color":"","background-image":"","background-repeat":"repeat","background-position":"center center","background-size":"auto","background-attachment":"scroll","background-type":"","background-media":"","overlay-type":"","overlay-color":"","overlay-opacity":"","overlay-gradient":""}},"ast-content-background-meta":{"desktop":{"background-color":"var(--ast-global-color-5)","background-image":"","background-repeat":"repeat","background-position":"center center","background-size":"auto","background-attachment":"scroll","background-type":"","background-media":"","overlay-type":"","overlay-color":"","overlay-opacity":"","overlay-gradient":""},"tablet":{"background-color":"var(--ast-global-color-5)","background-image":"","background-repeat":"repeat","background-position":"center center","background-size":"auto","background-attachment":"scroll","background-type":"","background-media":"","overlay-type":"","overlay-color":"","overlay-opacity":"","overlay-gradient":""},"mobile":{"background-color":"var(--ast-global-color-5)","background-image":"","background-repeat":"repeat","background-position":"center center","background-size":"auto","background-attachment":"scroll","background-type":"","background-media":"","overlay-type":"","overlay-color":"","overlay-opacity":"","overlay-gradient":""}}},"product_brand":[],"product_cat":[207,209,202,225,213,214,226,75,87],"product_tag":[],"class_list":{"0":"post-19315","1":"product","2":"type-product","3":"status-publish","4":"has-post-thumbnail","6":"product_cat-pokloni-za-bozic","7":"product_cat-pokloni-za-rodendan-hr","8":"product_cat-prilike","9":"product_cat-bozicni-pokloni-za-muskarce","10":"product_cat-pokloni-za-decka","11":"product_cat-pokloni-za-muskarce","12":"product_cat-pokloni-za-rodendan-za-muskarce","13":"product_cat-muski","14":"product_cat-zene","15":"desktop-align-left","16":"tablet-align-left","17":"mobile-align-left","19":"first","20":"instock","21":"featured","22":"taxable","23":"shipping-taxable","24":"purchasable","25":"product-type-simple"},"yoast_head":"<!-- This site is optimized with the Yoast SEO plugin v25.2 - https:\/\/yoast.com\/wordpress\/plugins\/seo\/ -->\n<title>Dekanter | Le Boxi<\/title>\n<meta name=\"description\" content=\"Set dekanter izvrstan je poklon za sve koji se vole po\u010dastiti \u010da\u0161om \u017eestokog pi\u0107a, a pritom cijene savr\u0161en dizajn proizvoda.\" \/>\n<meta name=\"robots\" content=\"index, follow, max-snippet:-1, max-image-preview:large, max-video-preview:-1\" \/>\n<link rel=\"canonical\" href=\"http:\/\/staging.leboxi.eu\/hr\/proizvodi\/dekanter-set-premium-kopija\/\" \/>\n<meta property=\"og:locale\" content=\"hr_HR\" \/>\n<meta property=\"og:type\" content=\"article\" \/>\n<meta property=\"og:title\" content=\"Dekanter | Le Boxi\" \/>\n<meta property=\"og:description\" content=\"Set dekanter izvrstan je poklon za sve koji se vole po\u010dastiti \u010da\u0161om \u017eestokog pi\u0107a, a pritom cijene savr\u0161en dizajn proizvoda.\" \/>\n<meta property=\"og:url\" content=\"http:\/\/staging.leboxi.eu\/hr\/proizvodi\/dekanter-set-premium-kopija\/\" \/>\n<meta property=\"og:site_name\" content=\"Le Boxi | Unikatna darila za vsakogar\" \/>\n<meta property=\"article:publisher\" content=\"https:\/\/www.facebook.com\/leboxi.eu\" \/>\n<meta property=\"article:modified_time\" content=\"2025-03-05T18:27:05+00:00\" \/>\n<meta property=\"og:image\" content=\"http:\/\/staging.leboxi.eu\/wp-content\/uploads\/2024\/08\/tequila-decanter_1.jpg\" \/>\n\t<meta property=\"og:image:width\" content=\"1000\" \/>\n\t<meta property=\"og:image:height\" content=\"1000\" \/>\n\t<meta property=\"og:image:type\" content=\"image\/jpeg\" \/>\n<meta name=\"twitter:card\" content=\"summary_large_image\" \/>\n<meta name=\"twitter:label1\" content=\"Procijenjeno vrijeme \u010ditanja\" \/>\n\t<meta name=\"twitter:data1\" content=\"1 minuta\" \/>\n<script type=\"application\/ld+json\" class=\"yoast-schema-graph\">{\"@context\":\"https:\/\/schema.org\",\"@graph\":[{\"@type\":\"WebPage\",\"@id\":\"http:\/\/staging.leboxi.eu\/hr\/proizvodi\/dekanter-set-premium-kopija\/\",\"url\":\"http:\/\/staging.leboxi.eu\/hr\/proizvodi\/dekanter-set-premium-kopija\/\",\"name\":\"Dekanter | Le Boxi\",\"isPartOf\":{\"@id\":\"http:\/\/staging.leboxi.eu\/hr\/#website\"},\"primaryImageOfPage\":{\"@id\":\"http:\/\/staging.leboxi.eu\/hr\/proizvodi\/dekanter-set-premium-kopija\/#primaryimage\"},\"image\":{\"@id\":\"http:\/\/staging.leboxi.eu\/hr\/proizvodi\/dekanter-set-premium-kopija\/#primaryimage\"},\"thumbnailUrl\":\"http:\/\/staging.leboxi.eu\/wp-content\/uploads\/2024\/08\/tequila-decanter_1.jpg\",\"datePublished\":\"2024-08-12T15:49:13+00:00\",\"dateModified\":\"2025-03-05T18:27:05+00:00\",\"description\":\"Set dekanter izvrstan je poklon za sve koji se vole po\u010dastiti \u010da\u0161om \u017eestokog pi\u0107a, a pritom cijene savr\u0161en dizajn proizvoda.\",\"breadcrumb\":{\"@id\":\"http:\/\/staging.leboxi.eu\/hr\/proizvodi\/dekanter-set-premium-kopija\/#breadcrumb\"},\"inLanguage\":\"hr\",\"potentialAction\":[{\"@type\":\"ReadAction\",\"target\":[\"http:\/\/staging.leboxi.eu\/hr\/proizvodi\/dekanter-set-premium-kopija\/\"]}]},{\"@type\":\"ImageObject\",\"inLanguage\":\"hr\",\"@id\":\"http:\/\/staging.leboxi.eu\/hr\/proizvodi\/dekanter-set-premium-kopija\/#primaryimage\",\"url\":\"http:\/\/staging.leboxi.eu\/wp-content\/uploads\/2024\/08\/tequila-decanter_1.jpg\",\"contentUrl\":\"http:\/\/staging.leboxi.eu\/wp-content\/uploads\/2024\/08\/tequila-decanter_1.jpg\",\"width\":1000,\"height\":1000},{\"@type\":\"BreadcrumbList\",\"@id\":\"http:\/\/staging.leboxi.eu\/hr\/proizvodi\/dekanter-set-premium-kopija\/#breadcrumb\",\"itemListElement\":[{\"@type\":\"ListItem\",\"position\":1,\"name\":\"Doma\",\"item\":\"http:\/\/staging.leboxi.eu\/hr\/\"},{\"@type\":\"ListItem\",\"position\":2,\"name\":\"Trgovina\",\"item\":\"http:\/\/staging.leboxi.eu\/hr\/trgovina\/\"},{\"@type\":\"ListItem\",\"position\":3,\"name\":\"Dekanter set \u2013 PREMIUM\"}]},{\"@type\":\"WebSite\",\"@id\":\"http:\/\/staging.leboxi.eu\/hr\/#website\",\"url\":\"http:\/\/staging.leboxi.eu\/hr\/\",\"name\":\"Le Boxi | Unikatna darila za vsakogar\",\"description\":\"Unikatna darila in darilne \u0161katle za vse prilo\u017enosti.\",\"publisher\":{\"@id\":\"http:\/\/staging.leboxi.eu\/hr\/#organization\"},\"potentialAction\":[{\"@type\":\"SearchAction\",\"target\":{\"@type\":\"EntryPoint\",\"urlTemplate\":\"http:\/\/staging.leboxi.eu\/hr\/?s={search_term_string}\"},\"query-input\":{\"@type\":\"PropertyValueSpecification\",\"valueRequired\":true,\"valueName\":\"search_term_string\"}}],\"inLanguage\":\"hr\"},{\"@type\":\"Organization\",\"@id\":\"http:\/\/staging.leboxi.eu\/hr\/#organization\",\"name\":\"LE BOXI\",\"url\":\"http:\/\/staging.leboxi.eu\/hr\/\",\"logo\":{\"@type\":\"ImageObject\",\"inLanguage\":\"hr\",\"@id\":\"http:\/\/staging.leboxi.eu\/hr\/#\/schema\/logo\/image\/\",\"url\":\"http:\/\/staging.leboxi.eu\/wp-content\/uploads\/2021\/02\/LeBoxi-manjsi-png.png\",\"contentUrl\":\"http:\/\/staging.leboxi.eu\/wp-content\/uploads\/2021\/02\/LeBoxi-manjsi-png.png\",\"width\":389,\"height\":164,\"caption\":\"LE BOXI\"},\"image\":{\"@id\":\"http:\/\/staging.leboxi.eu\/hr\/#\/schema\/logo\/image\/\"},\"sameAs\":[\"https:\/\/www.facebook.com\/leboxi.eu\",\"https:\/\/www.instagram.com\/le.boxi\/\"]}]}<\/script>\n<!-- \/ Yoast SEO plugin. -->","yoast_head_json":{"title":"Dekanter | Le Boxi","description":"Set dekanter izvrstan je poklon za sve koji se vole po\u010dastiti \u010da\u0161om \u017eestokog pi\u0107a, a pritom cijene savr\u0161en dizajn proizvoda.","robots":{"index":"index","follow":"follow","max-snippet":"max-snippet:-1","max-image-preview":"max-image-preview:large","max-video-preview":"max-video-preview:-1"},"canonical":"http:\/\/staging.leboxi.eu\/hr\/proizvodi\/dekanter-set-premium-kopija\/","og_locale":"hr_HR","og_type":"article","og_title":"Dekanter | Le Boxi","og_description":"Set dekanter izvrstan je poklon za sve koji se vole po\u010dastiti \u010da\u0161om \u017eestokog pi\u0107a, a pritom cijene savr\u0161en dizajn proizvoda.","og_url":"http:\/\/staging.leboxi.eu\/hr\/proizvodi\/dekanter-set-premium-kopija\/","og_site_name":"Le Boxi | Unikatna darila za vsakogar","article_publisher":"https:\/\/www.facebook.com\/leboxi.eu","article_modified_time":"2025-03-05T18:27:05+00:00","og_image":[{"width":1000,"height":1000,"url":"http:\/\/staging.leboxi.eu\/wp-content\/uploads\/2024\/08\/tequila-decanter_1.jpg","type":"image\/jpeg"}],"twitter_card":"summary_large_image","twitter_misc":{"Procijenjeno vrijeme \u010ditanja":"1 minuta"},"schema":{"@context":"https:\/\/schema.org","@graph":[{"@type":"WebPage","@id":"http:\/\/staging.leboxi.eu\/hr\/proizvodi\/dekanter-set-premium-kopija\/","url":"http:\/\/staging.leboxi.eu\/hr\/proizvodi\/dekanter-set-premium-kopija\/","name":"Dekanter | Le Boxi","isPartOf":{"@id":"http:\/\/staging.leboxi.eu\/hr\/#website"},"primaryImageOfPage":{"@id":"http:\/\/staging.leboxi.eu\/hr\/proizvodi\/dekanter-set-premium-kopija\/#primaryimage"},"image":{"@id":"http:\/\/staging.leboxi.eu\/hr\/proizvodi\/dekanter-set-premium-kopija\/#primaryimage"},"thumbnailUrl":"http:\/\/staging.leboxi.eu\/wp-content\/uploads\/2024\/08\/tequila-decanter_1.jpg","datePublished":"2024-08-12T15:49:13+00:00","dateModified":"2025-03-05T18:27:05+00:00","description":"Set dekanter izvrstan je poklon za sve koji se vole po\u010dastiti \u010da\u0161om \u017eestokog pi\u0107a, a pritom cijene savr\u0161en dizajn proizvoda.","breadcrumb":{"@id":"http:\/\/staging.leboxi.eu\/hr\/proizvodi\/dekanter-set-premium-kopija\/#breadcrumb"},"inLanguage":"hr","potentialAction":[{"@type":"ReadAction","target":["http:\/\/staging.leboxi.eu\/hr\/proizvodi\/dekanter-set-premium-kopija\/"]}]},{"@type":"ImageObject","inLanguage":"hr","@id":"http:\/\/staging.leboxi.eu\/hr\/proizvodi\/dekanter-set-premium-kopija\/#primaryimage","url":"http:\/\/staging.leboxi.eu\/wp-content\/uploads\/2024\/08\/tequila-decanter_1.jpg","contentUrl":"http:\/\/staging.leboxi.eu\/wp-content\/uploads\/2024\/08\/tequila-decanter_1.jpg","width":1000,"height":1000},{"@type":"BreadcrumbList","@id":"http:\/\/staging.leboxi.eu\/hr\/proizvodi\/dekanter-set-premium-kopija\/#breadcrumb","itemListElement":[{"@type":"ListItem","position":1,"name":"Doma","item":"http:\/\/staging.leboxi.eu\/hr\/"},{"@type":"ListItem","position":2,"name":"Trgovina","item":"http:\/\/staging.leboxi.eu\/hr\/trgovina\/"},{"@type":"ListItem","position":3,"name":"Dekanter set \u2013 PREMIUM"}]},{"@type":"WebSite","@id":"http:\/\/staging.leboxi.eu\/hr\/#website","url":"http:\/\/staging.leboxi.eu\/hr\/","name":"Le Boxi | Unikatna darila za vsakogar","description":"Unikatna darila in darilne \u0161katle za vse prilo\u017enosti.","publisher":{"@id":"http:\/\/staging.leboxi.eu\/hr\/#organization"},"potentialAction":[{"@type":"SearchAction","target":{"@type":"EntryPoint","urlTemplate":"http:\/\/staging.leboxi.eu\/hr\/?s={search_term_string}"},"query-input":{"@type":"PropertyValueSpecification","valueRequired":true,"valueName":"search_term_string"}}],"inLanguage":"hr"},{"@type":"Organization","@id":"http:\/\/staging.leboxi.eu\/hr\/#organization","name":"LE BOXI","url":"http:\/\/staging.leboxi.eu\/hr\/","logo":{"@type":"ImageObject","inLanguage":"hr","@id":"http:\/\/staging.leboxi.eu\/hr\/#\/schema\/logo\/image\/","url":"http:\/\/staging.leboxi.eu\/wp-content\/uploads\/2021\/02\/LeBoxi-manjsi-png.png","contentUrl":"http:\/\/staging.leboxi.eu\/wp-content\/uploads\/2021\/02\/LeBoxi-manjsi-png.png","width":389,"height":164,"caption":"LE BOXI"},"image":{"@id":"http:\/\/staging.leboxi.eu\/hr\/#\/schema\/logo\/image\/"},"sameAs":["https:\/\/www.facebook.com\/leboxi.eu","https:\/\/www.instagram.com\/le.boxi\/"]}]}},"_links":{"self":[{"href":"http:\/\/staging.leboxi.eu\/hr\/wp-json\/wp\/v2\/product\/19315","targetHints":{"allow":["GET"]}}],"collection":[{"href":"http:\/\/staging.leboxi.eu\/hr\/wp-json\/wp\/v2\/product"}],"about":[{"href":"http:\/\/staging.leboxi.eu\/hr\/wp-json\/wp\/v2\/types\/product"}],"replies":[{"embeddable":true,"href":"http:\/\/staging.leboxi.eu\/hr\/wp-json\/wp\/v2\/comments?post=19315"}],"version-history":[{"count":1,"href":"http:\/\/staging.leboxi.eu\/hr\/wp-json\/wp\/v2\/product\/19315\/revisions"}],"predecessor-version":[{"id":24211,"href":"http:\/\/staging.leboxi.eu\/hr\/wp-json\/wp\/v2\/product\/19315\/revisions\/24211"}],"wp:featuredmedia":[{"embeddable":true,"href":"http:\/\/staging.leboxi.eu\/hr\/wp-json\/wp\/v2\/media\/19317"}],"wp:attachment":[{"href":"http:\/\/staging.leboxi.eu\/hr\/wp-json\/wp\/v2\/media?parent=19315"}],"wp:term":[{"taxonomy":"product_brand","embeddable":true,"href":"http:\/\/staging.leboxi.eu\/hr\/wp-json\/wp\/v2\/product_brand?post=19315"},{"taxonomy":"product_cat","embeddable":true,"href":"http:\/\/staging.leboxi.eu\/hr\/wp-json\/wp\/v2\/product_cat?post=19315"},{"taxonomy":"product_tag","embeddable":true,"href":"http:\/\/staging.leboxi.eu\/hr\/wp-json\/wp\/v2\/product_tag?post=19315"}],"curies":[{"name":"wp","href":"https:\/\/api.w.org\/{rel}","templated":true}]}}