{"id":17502,"date":"2024-02-28T22:34:27","date_gmt":"2024-02-28T21:34:27","guid":{"rendered":"http:\/\/staging.leboxi.eu\/?post_type=product&#038;p=17502"},"modified":"2025-03-05T19:32:49","modified_gmt":"2025-03-05T18:32:49","slug":"poklon-kutija-bez-stresa-kopija-kopija","status":"publish","type":"product","link":"http:\/\/staging.leboxi.eu\/hr\/proizvodi\/poklon-kutija-bez-stresa-kopija-kopija\/","title":{"rendered":"Poklon kutija Serenity"},"content":{"rendered":"<p class=\"p1\">Veli\u010dina kutije: 28 x 19 x 3,8 cm<\/p>\n<p class=\"p1\">Dodatno:<\/p>\n<p class=\"p1\">Poklon setu mo\u017eete prilo\u017eiti i personaliziranu \u010destitku.<\/p>\n<p class=\"p1\">Ako \u017eelite, mo\u017eemo dostaviti va\u0161 poklon obdarovanoj osobi, naravno, uz dostavu ne\u0107emo prilo\u017eiti ra\u010dun. Ra\u010dun \u0107ete primiti vi.<\/p>\n<p class=\"p1\">Za zavr\u0161ni dodir, svoj poklon set mo\u017eete obogatiti s poklon karticama, \u010dije upute za izradu mo\u017eete prona\u0107i na na\u0161em blogu. Poklon kutija je tako\u0111er savr\u0161en izbor kao bo\u017ei\u0107ni poklon za djevojku ili za druge posebne prigode.<\/p>\n","protected":false},"excerpt":{"rendered":"<p class=\"p1\">Poklon kutija Serenity je savr\u0161ena kombinacija opu\u0161tanja i pomla\u0111ivanja. Ovaj pa\u017eljivo odabrani set uklju\u010duje kolekciju luksuznih proizvoda namijenjenih njezi tijela i o\u017eivljavanju va\u0161ih osjetila.<\/p>\n<p class=\"p1\">Na\u0161 set uklju\u010duje:<\/p>\n<p class=\"p3\">\u2022Osvje\u017eavaju\u0107i piling (80 g), koji kombinira piling snagu \u0161e\u0107era s o\u010daravaju\u0107im mirisom svje\u017eih jagoda.<\/p>\n<p class=\"p3\">\u2022Pomla\u0111uju\u0107a krema za tijelo (60 g), oboga\u0107ena pa\u017eljivo odabranim sastojcima.<\/p>\n<p class=\"p3\">\u2022Trio kupeljnih soli u epruvetama (3 x 40 g): energija, jasno\u0107a i senzualnost.<\/p>\n<p class=\"p3\">\u2022Serum s vitaminom C (30 ml), bogat sna\u017enim antioksidansima.<\/p>\n<p class=\"p1\">Bez obzira tra\u017eite li trenutak opu\u0161tanja ili \u017eelite o\u017eivjeti svoje tijelo i duh, ovaj set je savr\u0161en poklon.<\/p>\n<p class=\"p1\">Ako \u017eelite, va\u0161e darilo mo\u017eemo dostaviti obdarovanoj osobi, a naravno, ne\u0107emo prilo\u017eiti ra\u010dun uz dostavu. Ra\u010dun \u0107ete primiti vi.<\/p>\n<p class=\"p1\">Za \u0161to sve mo\u017eete koristiti eteri\u010dna ulja, pro\u010ditajte u nastavku.<\/p>\n","protected":false},"featured_media":17510,"comment_status":"open","ping_status":"closed","template":"","meta":{"site-sidebar-layout":"default","site-content-layout":"default","ast-site-content-layout":"default","site-content-style":"default","site-sidebar-style":"default","ast-global-header-display":"","ast-banner-title-visibility":"","ast-main-header-display":"","ast-hfb-above-header-display":"","ast-hfb-below-header-display":"","ast-hfb-mobile-header-display":"","site-post-title":"","ast-breadcrumbs-content":"","ast-featured-img":"","footer-sml-layout":"","theme-transparent-header-meta":"default","adv-header-id-meta":"","stick-header-meta":"","header-above-stick-meta":"","header-main-stick-meta":"","header-below-stick-meta":"","astra-migrate-meta-layouts":"set","ast-page-background-enabled":"default","ast-page-background-meta":{"desktop":{"background-color":"","background-image":"","background-repeat":"repeat","background-position":"center center","background-size":"auto","background-attachment":"scroll","background-type":"","background-media":"","overlay-type":"","overlay-color":"","overlay-opacity":"","overlay-gradient":""},"tablet":{"background-color":"","background-image":"","background-repeat":"repeat","background-position":"center center","background-size":"auto","background-attachment":"scroll","background-type":"","background-media":"","overlay-type":"","overlay-color":"","overlay-opacity":"","overlay-gradient":""},"mobile":{"background-color":"","background-image":"","background-repeat":"repeat","background-position":"center center","background-size":"auto","background-attachment":"scroll","background-type":"","background-media":"","overlay-type":"","overlay-color":"","overlay-opacity":"","overlay-gradient":""}},"ast-content-background-meta":{"desktop":{"background-color":"var(--ast-global-color-5)","background-image":"","background-repeat":"repeat","background-position":"center center","background-size":"auto","background-attachment":"scroll","background-type":"","background-media":"","overlay-type":"","overlay-color":"","overlay-opacity":"","overlay-gradient":""},"tablet":{"background-color":"var(--ast-global-color-5)","background-image":"","background-repeat":"repeat","background-position":"center center","background-size":"auto","background-attachment":"scroll","background-type":"","background-media":"","overlay-type":"","overlay-color":"","overlay-opacity":"","overlay-gradient":""},"mobile":{"background-color":"var(--ast-global-color-5)","background-image":"","background-repeat":"repeat","background-position":"center center","background-size":"auto","background-attachment":"scroll","background-type":"","background-media":"","overlay-type":"","overlay-color":"","overlay-opacity":"","overlay-gradient":""}}},"product_brand":[],"product_cat":[212,420,200,207,206,201,205,199,203,209,210,208,211,198,202,73,87],"product_tag":[],"class_list":{"0":"post-17502","1":"product","2":"type-product","3":"status-publish","4":"has-post-thumbnail","6":"product_cat-bozicni-pokloni-za-zene","7":"product_cat-poklon-kutije","8":"product_cat-poklon-paketi","9":"product_cat-pokloni-za-bozic","10":"product_cat-pokloni-za-dan-zena","11":"product_cat-pokloni-za-djevojku","12":"product_cat-pokloni-za-majcin-dan","13":"product_cat-pokloni-za-mamu","14":"product_cat-pokloni-za-prijateljicu","15":"product_cat-pokloni-za-rodendan-hr","16":"product_cat-pokloni-za-rodendan-za-zene","17":"product_cat-pokloni-za-valentinovo","18":"product_cat-pokloni-za-valentinovo-za-nju","19":"product_cat-pokloni-za-zene","20":"product_cat-prilike","21":"product_cat-opcenito","22":"product_cat-zene","23":"desktop-align-left","24":"tablet-align-left","25":"mobile-align-left","27":"first","28":"instock","29":"featured","30":"taxable","31":"shipping-taxable","32":"purchasable","33":"product-type-simple"},"yoast_head":"<!-- This site is optimized with the Yoast SEO plugin v25.2 - https:\/\/yoast.com\/wordpress\/plugins\/seo\/ -->\n<title>Poklon za djevojku za bo\u017ei\u0107 | Poklon kutija - Bez stresa | Le Boxi<\/title>\n<meta name=\"description\" content=\"U poklon setu \u0107ete na\u0107i 100 % biorazgradivu spu\u017evu od sisala, ru\u010dno izra\u0111enu bombu za kupanje i himalajsku sol za kupanje u epruveti . Odli\u010dan poklon za djevojku za bo\u017ei\u0107\" \/>\n<meta name=\"robots\" content=\"index, follow, max-snippet:-1, max-image-preview:large, max-video-preview:-1\" \/>\n<link rel=\"canonical\" href=\"http:\/\/staging.leboxi.eu\/hr\/proizvodi\/poklon-kutija-bez-stresa-kopija-kopija\/\" \/>\n<meta property=\"og:locale\" content=\"hr_HR\" \/>\n<meta property=\"og:type\" content=\"article\" \/>\n<meta property=\"og:title\" content=\"Poklon za djevojku za bo\u017ei\u0107 | Poklon kutija - Bez stresa | Le Boxi\" \/>\n<meta property=\"og:description\" content=\"U poklon setu \u0107ete na\u0107i 100 % biorazgradivu spu\u017evu od sisala, ru\u010dno izra\u0111enu bombu za kupanje i himalajsku sol za kupanje u epruveti . Odli\u010dan poklon za djevojku za bo\u017ei\u0107\" \/>\n<meta property=\"og:url\" content=\"http:\/\/staging.leboxi.eu\/hr\/proizvodi\/poklon-kutija-bez-stresa-kopija-kopija\/\" \/>\n<meta property=\"og:site_name\" content=\"Le Boxi | Unikatna darila za vsakogar\" \/>\n<meta property=\"article:publisher\" content=\"https:\/\/www.facebook.com\/leboxi.eu\" \/>\n<meta property=\"article:modified_time\" content=\"2025-03-05T18:32:49+00:00\" \/>\n<meta property=\"og:image\" content=\"http:\/\/staging.leboxi.eu\/wp-content\/uploads\/2024\/02\/223130.jpg\" \/>\n\t<meta property=\"og:image:width\" content=\"1000\" \/>\n\t<meta property=\"og:image:height\" content=\"1000\" \/>\n\t<meta property=\"og:image:type\" content=\"image\/jpeg\" \/>\n<meta name=\"twitter:card\" content=\"summary_large_image\" \/>\n<meta name=\"twitter:label1\" content=\"Procijenjeno vrijeme \u010ditanja\" \/>\n\t<meta name=\"twitter:data1\" content=\"3 minute\" \/>\n<script type=\"application\/ld+json\" class=\"yoast-schema-graph\">{\"@context\":\"https:\/\/schema.org\",\"@graph\":[{\"@type\":\"WebPage\",\"@id\":\"http:\/\/staging.leboxi.eu\/hr\/proizvodi\/poklon-kutija-bez-stresa-kopija-kopija\/\",\"url\":\"http:\/\/staging.leboxi.eu\/hr\/proizvodi\/poklon-kutija-bez-stresa-kopija-kopija\/\",\"name\":\"Poklon za djevojku za bo\u017ei\u0107 | Poklon kutija - Bez stresa | Le Boxi\",\"isPartOf\":{\"@id\":\"http:\/\/staging.leboxi.eu\/hr\/#website\"},\"primaryImageOfPage\":{\"@id\":\"http:\/\/staging.leboxi.eu\/hr\/proizvodi\/poklon-kutija-bez-stresa-kopija-kopija\/#primaryimage\"},\"image\":{\"@id\":\"http:\/\/staging.leboxi.eu\/hr\/proizvodi\/poklon-kutija-bez-stresa-kopija-kopija\/#primaryimage\"},\"thumbnailUrl\":\"http:\/\/staging.leboxi.eu\/wp-content\/uploads\/2024\/02\/223130.jpg\",\"datePublished\":\"2024-02-28T21:34:27+00:00\",\"dateModified\":\"2025-03-05T18:32:49+00:00\",\"description\":\"U poklon setu \u0107ete na\u0107i 100 % biorazgradivu spu\u017evu od sisala, ru\u010dno izra\u0111enu bombu za kupanje i himalajsku sol za kupanje u epruveti . Odli\u010dan poklon za djevojku za bo\u017ei\u0107\",\"breadcrumb\":{\"@id\":\"http:\/\/staging.leboxi.eu\/hr\/proizvodi\/poklon-kutija-bez-stresa-kopija-kopija\/#breadcrumb\"},\"inLanguage\":\"hr\",\"potentialAction\":[{\"@type\":\"ReadAction\",\"target\":[\"http:\/\/staging.leboxi.eu\/hr\/proizvodi\/poklon-kutija-bez-stresa-kopija-kopija\/\"]}]},{\"@type\":\"ImageObject\",\"inLanguage\":\"hr\",\"@id\":\"http:\/\/staging.leboxi.eu\/hr\/proizvodi\/poklon-kutija-bez-stresa-kopija-kopija\/#primaryimage\",\"url\":\"http:\/\/staging.leboxi.eu\/wp-content\/uploads\/2024\/02\/223130.jpg\",\"contentUrl\":\"http:\/\/staging.leboxi.eu\/wp-content\/uploads\/2024\/02\/223130.jpg\",\"width\":1000,\"height\":1000},{\"@type\":\"BreadcrumbList\",\"@id\":\"http:\/\/staging.leboxi.eu\/hr\/proizvodi\/poklon-kutija-bez-stresa-kopija-kopija\/#breadcrumb\",\"itemListElement\":[{\"@type\":\"ListItem\",\"position\":1,\"name\":\"Doma\",\"item\":\"http:\/\/staging.leboxi.eu\/hr\/\"},{\"@type\":\"ListItem\",\"position\":2,\"name\":\"Trgovina\",\"item\":\"http:\/\/staging.leboxi.eu\/hr\/trgovina\/\"},{\"@type\":\"ListItem\",\"position\":3,\"name\":\"Poklon kutija Serenity\"}]},{\"@type\":\"WebSite\",\"@id\":\"http:\/\/staging.leboxi.eu\/hr\/#website\",\"url\":\"http:\/\/staging.leboxi.eu\/hr\/\",\"name\":\"Le Boxi | Unikatna darila za vsakogar\",\"description\":\"Unikatna darila in darilne \u0161katle za vse prilo\u017enosti.\",\"publisher\":{\"@id\":\"http:\/\/staging.leboxi.eu\/hr\/#organization\"},\"potentialAction\":[{\"@type\":\"SearchAction\",\"target\":{\"@type\":\"EntryPoint\",\"urlTemplate\":\"http:\/\/staging.leboxi.eu\/hr\/?s={search_term_string}\"},\"query-input\":{\"@type\":\"PropertyValueSpecification\",\"valueRequired\":true,\"valueName\":\"search_term_string\"}}],\"inLanguage\":\"hr\"},{\"@type\":\"Organization\",\"@id\":\"http:\/\/staging.leboxi.eu\/hr\/#organization\",\"name\":\"LE BOXI\",\"url\":\"http:\/\/staging.leboxi.eu\/hr\/\",\"logo\":{\"@type\":\"ImageObject\",\"inLanguage\":\"hr\",\"@id\":\"http:\/\/staging.leboxi.eu\/hr\/#\/schema\/logo\/image\/\",\"url\":\"http:\/\/staging.leboxi.eu\/wp-content\/uploads\/2021\/02\/LeBoxi-manjsi-png.png\",\"contentUrl\":\"http:\/\/staging.leboxi.eu\/wp-content\/uploads\/2021\/02\/LeBoxi-manjsi-png.png\",\"width\":389,\"height\":164,\"caption\":\"LE BOXI\"},\"image\":{\"@id\":\"http:\/\/staging.leboxi.eu\/hr\/#\/schema\/logo\/image\/\"},\"sameAs\":[\"https:\/\/www.facebook.com\/leboxi.eu\",\"https:\/\/www.instagram.com\/le.boxi\/\"]}]}<\/script>\n<!-- \/ Yoast SEO plugin. -->","yoast_head_json":{"title":"Poklon za djevojku za bo\u017ei\u0107 | Poklon kutija - Bez stresa | Le Boxi","description":"U poklon setu \u0107ete na\u0107i 100 % biorazgradivu spu\u017evu od sisala, ru\u010dno izra\u0111enu bombu za kupanje i himalajsku sol za kupanje u epruveti . Odli\u010dan poklon za djevojku za bo\u017ei\u0107","robots":{"index":"index","follow":"follow","max-snippet":"max-snippet:-1","max-image-preview":"max-image-preview:large","max-video-preview":"max-video-preview:-1"},"canonical":"http:\/\/staging.leboxi.eu\/hr\/proizvodi\/poklon-kutija-bez-stresa-kopija-kopija\/","og_locale":"hr_HR","og_type":"article","og_title":"Poklon za djevojku za bo\u017ei\u0107 | Poklon kutija - Bez stresa | Le Boxi","og_description":"U poklon setu \u0107ete na\u0107i 100 % biorazgradivu spu\u017evu od sisala, ru\u010dno izra\u0111enu bombu za kupanje i himalajsku sol za kupanje u epruveti . Odli\u010dan poklon za djevojku za bo\u017ei\u0107","og_url":"http:\/\/staging.leboxi.eu\/hr\/proizvodi\/poklon-kutija-bez-stresa-kopija-kopija\/","og_site_name":"Le Boxi | Unikatna darila za vsakogar","article_publisher":"https:\/\/www.facebook.com\/leboxi.eu","article_modified_time":"2025-03-05T18:32:49+00:00","og_image":[{"width":1000,"height":1000,"url":"http:\/\/staging.leboxi.eu\/wp-content\/uploads\/2024\/02\/223130.jpg","type":"image\/jpeg"}],"twitter_card":"summary_large_image","twitter_misc":{"Procijenjeno vrijeme \u010ditanja":"3 minute"},"schema":{"@context":"https:\/\/schema.org","@graph":[{"@type":"WebPage","@id":"http:\/\/staging.leboxi.eu\/hr\/proizvodi\/poklon-kutija-bez-stresa-kopija-kopija\/","url":"http:\/\/staging.leboxi.eu\/hr\/proizvodi\/poklon-kutija-bez-stresa-kopija-kopija\/","name":"Poklon za djevojku za bo\u017ei\u0107 | Poklon kutija - Bez stresa | Le Boxi","isPartOf":{"@id":"http:\/\/staging.leboxi.eu\/hr\/#website"},"primaryImageOfPage":{"@id":"http:\/\/staging.leboxi.eu\/hr\/proizvodi\/poklon-kutija-bez-stresa-kopija-kopija\/#primaryimage"},"image":{"@id":"http:\/\/staging.leboxi.eu\/hr\/proizvodi\/poklon-kutija-bez-stresa-kopija-kopija\/#primaryimage"},"thumbnailUrl":"http:\/\/staging.leboxi.eu\/wp-content\/uploads\/2024\/02\/223130.jpg","datePublished":"2024-02-28T21:34:27+00:00","dateModified":"2025-03-05T18:32:49+00:00","description":"U poklon setu \u0107ete na\u0107i 100 % biorazgradivu spu\u017evu od sisala, ru\u010dno izra\u0111enu bombu za kupanje i himalajsku sol za kupanje u epruveti . Odli\u010dan poklon za djevojku za bo\u017ei\u0107","breadcrumb":{"@id":"http:\/\/staging.leboxi.eu\/hr\/proizvodi\/poklon-kutija-bez-stresa-kopija-kopija\/#breadcrumb"},"inLanguage":"hr","potentialAction":[{"@type":"ReadAction","target":["http:\/\/staging.leboxi.eu\/hr\/proizvodi\/poklon-kutija-bez-stresa-kopija-kopija\/"]}]},{"@type":"ImageObject","inLanguage":"hr","@id":"http:\/\/staging.leboxi.eu\/hr\/proizvodi\/poklon-kutija-bez-stresa-kopija-kopija\/#primaryimage","url":"http:\/\/staging.leboxi.eu\/wp-content\/uploads\/2024\/02\/223130.jpg","contentUrl":"http:\/\/staging.leboxi.eu\/wp-content\/uploads\/2024\/02\/223130.jpg","width":1000,"height":1000},{"@type":"BreadcrumbList","@id":"http:\/\/staging.leboxi.eu\/hr\/proizvodi\/poklon-kutija-bez-stresa-kopija-kopija\/#breadcrumb","itemListElement":[{"@type":"ListItem","position":1,"name":"Doma","item":"http:\/\/staging.leboxi.eu\/hr\/"},{"@type":"ListItem","position":2,"name":"Trgovina","item":"http:\/\/staging.leboxi.eu\/hr\/trgovina\/"},{"@type":"ListItem","position":3,"name":"Poklon kutija Serenity"}]},{"@type":"WebSite","@id":"http:\/\/staging.leboxi.eu\/hr\/#website","url":"http:\/\/staging.leboxi.eu\/hr\/","name":"Le Boxi | Unikatna darila za vsakogar","description":"Unikatna darila in darilne \u0161katle za vse prilo\u017enosti.","publisher":{"@id":"http:\/\/staging.leboxi.eu\/hr\/#organization"},"potentialAction":[{"@type":"SearchAction","target":{"@type":"EntryPoint","urlTemplate":"http:\/\/staging.leboxi.eu\/hr\/?s={search_term_string}"},"query-input":{"@type":"PropertyValueSpecification","valueRequired":true,"valueName":"search_term_string"}}],"inLanguage":"hr"},{"@type":"Organization","@id":"http:\/\/staging.leboxi.eu\/hr\/#organization","name":"LE BOXI","url":"http:\/\/staging.leboxi.eu\/hr\/","logo":{"@type":"ImageObject","inLanguage":"hr","@id":"http:\/\/staging.leboxi.eu\/hr\/#\/schema\/logo\/image\/","url":"http:\/\/staging.leboxi.eu\/wp-content\/uploads\/2021\/02\/LeBoxi-manjsi-png.png","contentUrl":"http:\/\/staging.leboxi.eu\/wp-content\/uploads\/2021\/02\/LeBoxi-manjsi-png.png","width":389,"height":164,"caption":"LE BOXI"},"image":{"@id":"http:\/\/staging.leboxi.eu\/hr\/#\/schema\/logo\/image\/"},"sameAs":["https:\/\/www.facebook.com\/leboxi.eu","https:\/\/www.instagram.com\/le.boxi\/"]}]}},"_links":{"self":[{"href":"http:\/\/staging.leboxi.eu\/hr\/wp-json\/wp\/v2\/product\/17502","targetHints":{"allow":["GET"]}}],"collection":[{"href":"http:\/\/staging.leboxi.eu\/hr\/wp-json\/wp\/v2\/product"}],"about":[{"href":"http:\/\/staging.leboxi.eu\/hr\/wp-json\/wp\/v2\/types\/product"}],"replies":[{"embeddable":true,"href":"http:\/\/staging.leboxi.eu\/hr\/wp-json\/wp\/v2\/comments?post=17502"}],"version-history":[{"count":1,"href":"http:\/\/staging.leboxi.eu\/hr\/wp-json\/wp\/v2\/product\/17502\/revisions"}],"predecessor-version":[{"id":24212,"href":"http:\/\/staging.leboxi.eu\/hr\/wp-json\/wp\/v2\/product\/17502\/revisions\/24212"}],"wp:featuredmedia":[{"embeddable":true,"href":"http:\/\/staging.leboxi.eu\/hr\/wp-json\/wp\/v2\/media\/17510"}],"wp:attachment":[{"href":"http:\/\/staging.leboxi.eu\/hr\/wp-json\/wp\/v2\/media?parent=17502"}],"wp:term":[{"taxonomy":"product_brand","embeddable":true,"href":"http:\/\/staging.leboxi.eu\/hr\/wp-json\/wp\/v2\/product_brand?post=17502"},{"taxonomy":"product_cat","embeddable":true,"href":"http:\/\/staging.leboxi.eu\/hr\/wp-json\/wp\/v2\/product_cat?post=17502"},{"taxonomy":"product_tag","embeddable":true,"href":"http:\/\/staging.leboxi.eu\/hr\/wp-json\/wp\/v2\/product_tag?post=17502"}],"curies":[{"name":"wp","href":"https:\/\/api.w.org\/{rel}","templated":true}]}}