{"id":13236,"date":"2023-05-15T20:56:53","date_gmt":"2023-05-15T19:56:53","guid":{"rendered":"http:\/\/staging.leboxi.eu\/?post_type=product&#038;p=13236"},"modified":"2025-02-23T16:31:30","modified_gmt":"2025-02-23T15:31:30","slug":"igrace-karte-2","status":"publish","type":"product","link":"http:\/\/staging.leboxi.eu\/hr\/proizvodi\/igrace-karte-2\/","title":{"rendered":"Komplet crnih igra\u0107ih karata"},"content":{"rendered":"<p>Boja karata: crna (+ pozla\u0107eni i posrebreni motivi)<\/p>\n<p>Materijal karata: PVC<\/p>\n<p>Materijal kutije: metal<\/p>\n<p>\u0160irina karata: 57 mm<\/p>\n<p>Visina karata: 87 mm<\/p>\n<p>&nbsp;<\/p>\n<p>Dimenzije metalne kutije: \u0160irina: 73 mm, Duljina: 103 mm, Debljina: 21 mm<\/p>\n<p>&nbsp;<\/p>\n<p>Ru\u010dno pranje i jednostavno mije\u0161anje.<\/p>\n<p>Cijeli komplet od 52+2 igra\u0107e karte.<\/p>\n<p>Zapakirane u atraktivnu crnu metalnu kutiju za jednostavno spremanje.<\/p>\n<h6><\/h6>\n<h6>Dodatno:<\/h6>\n<p>U poklon kutiju mo\u017eete uklju\u010diti i <a href=\"http:\/\/staging.leboxi.eu\/izdelki\/cestitka-za-rojstni-dan\/\" target=\"_blank\" rel=\"noopener\">personaliziranu \u010destitku.<\/a><\/p>\n<p>Po \u017eelji \u0107emo dostaviti va\u0161 poklon primatelju, a podrazumijeva se da u paket ne\u0107emo prilo\u017eiti ra\u010dun tijekom isporuke. Ra\u010dun \u0107emo poslati vama.<\/p>\n<p>&nbsp;<\/p>\n<p>&nbsp;<\/p>\n","protected":false},"excerpt":{"rendered":"<p>Komplet atraktivnih crnih karata u metalnoj crnoj kutiji za preno\u0161enje. PVC igra\u0107e karte crne su boje sa zlatnim i srebrnim motivima te \u0107e privu\u0107i pozornost na svakom igra\u0107em stolu. Metalna kutija za igra\u0107e karte omogu\u0107it \u0107e vam preno\u0161enje karata bez o\u0161te\u0107enja.<\/p>\n<p>Igra\u0107e karte idealan su dar za ljubitelje pokera i ostalih karta\u0161kih igara. Mije\u0161anje je iznimno jednostavno jer karte vrlo lijepo klize.<\/p>\n<p>Vrlo fleksibilan i izdr\u017eljiv materijal koji je 100 % vodootporan \u2013 savr\u0161ene za pla\u017eu, bazen i kampiranje. Vodootpornost: Za razliku od papirnatih karata, ove igra\u0107e karte mogu se jednostavno prati i \u010distiti. Mo\u017eete ih uvijek iznova upotrijebiti.<\/p>\n<p>Dimenzije karata: 57 mm x 87 mm<\/p>\n<p>Po \u017eelji \u0107emo dostaviti va\u0161 poklon primatelju, a podrazumijeva se da u paket ne\u0107emo prilo\u017eiti ra\u010dun tijekom isporuke. Ra\u010dun \u0107emo poslati vama.<\/p>\n<p>Detaljan opis mo\u017eete pro\u010ditati u nastavku.<\/p>\n","protected":false},"featured_media":13248,"comment_status":"open","ping_status":"closed","template":"","meta":{"site-sidebar-layout":"default","site-content-layout":"default","ast-site-content-layout":"default","site-content-style":"default","site-sidebar-style":"default","ast-global-header-display":"","ast-banner-title-visibility":"","ast-main-header-display":"","ast-hfb-above-header-display":"","ast-hfb-below-header-display":"","ast-hfb-mobile-header-display":"","site-post-title":"","ast-breadcrumbs-content":"","ast-featured-img":"","footer-sml-layout":"","theme-transparent-header-meta":"default","adv-header-id-meta":"","stick-header-meta":"","header-above-stick-meta":"","header-main-stick-meta":"","header-below-stick-meta":"","astra-migrate-meta-layouts":"set","ast-page-background-enabled":"default","ast-page-background-meta":{"desktop":{"background-color":"","background-image":"","background-repeat":"repeat","background-position":"center center","background-size":"auto","background-attachment":"scroll","background-type":"","background-media":"","overlay-type":"","overlay-color":"","overlay-opacity":"","overlay-gradient":""},"tablet":{"background-color":"","background-image":"","background-repeat":"repeat","background-position":"center center","background-size":"auto","background-attachment":"scroll","background-type":"","background-media":"","overlay-type":"","overlay-color":"","overlay-opacity":"","overlay-gradient":""},"mobile":{"background-color":"","background-image":"","background-repeat":"repeat","background-position":"center center","background-size":"auto","background-attachment":"scroll","background-type":"","background-media":"","overlay-type":"","overlay-color":"","overlay-opacity":"","overlay-gradient":""}},"ast-content-background-meta":{"desktop":{"background-color":"var(--ast-global-color-5)","background-image":"","background-repeat":"repeat","background-position":"center center","background-size":"auto","background-attachment":"scroll","background-type":"","background-media":"","overlay-type":"","overlay-color":"","overlay-opacity":"","overlay-gradient":""},"tablet":{"background-color":"var(--ast-global-color-5)","background-image":"","background-repeat":"repeat","background-position":"center center","background-size":"auto","background-attachment":"scroll","background-type":"","background-media":"","overlay-type":"","overlay-color":"","overlay-opacity":"","overlay-gradient":""},"mobile":{"background-color":"var(--ast-global-color-5)","background-image":"","background-repeat":"repeat","background-position":"center center","background-size":"auto","background-attachment":"scroll","background-type":"","background-media":"","overlay-type":"","overlay-color":"","overlay-opacity":"","overlay-gradient":""}}},"product_brand":[],"product_cat":[212,207,201,199,203,209,210,198,202,225,213,214,226,320,75,87],"product_tag":[],"class_list":{"0":"post-13236","1":"product","2":"type-product","3":"status-publish","4":"has-post-thumbnail","6":"product_cat-bozicni-pokloni-za-zene","7":"product_cat-pokloni-za-bozic","8":"product_cat-pokloni-za-djevojku","9":"product_cat-pokloni-za-mamu","10":"product_cat-pokloni-za-prijateljicu","11":"product_cat-pokloni-za-rodendan-hr","12":"product_cat-pokloni-za-rodendan-za-zene","13":"product_cat-pokloni-za-zene","14":"product_cat-prilike","15":"product_cat-bozicni-pokloni-za-muskarce","16":"product_cat-pokloni-za-decka","17":"product_cat-pokloni-za-muskarce","18":"product_cat-pokloni-za-rodendan-za-muskarce","19":"product_cat-proljetna-rasprodaja","20":"product_cat-muski","21":"product_cat-zene","22":"desktop-align-left","23":"tablet-align-left","24":"mobile-align-left","26":"first","27":"instock","28":"sale","29":"featured","30":"taxable","31":"shipping-taxable","32":"purchasable","33":"product-type-simple"},"yoast_head":"<!-- This site is optimized with the Yoast SEO plugin v25.2 - https:\/\/yoast.com\/wordpress\/plugins\/seo\/ -->\n<title>Igra\u0107e karte | Le Boxi<\/title>\n<meta name=\"description\" content=\"Ovo su atraktivne crne igra\u0107e karte u metalnoj prijenosnoj kutiji. Ove igra\u0107e karte privu\u0107i \u0107e pozornost na svakom stolu za igru.\" \/>\n<meta name=\"robots\" content=\"index, follow, max-snippet:-1, max-image-preview:large, max-video-preview:-1\" \/>\n<link rel=\"canonical\" href=\"http:\/\/staging.leboxi.eu\/hr\/proizvodi\/igrace-karte-2\/\" \/>\n<meta property=\"og:locale\" content=\"hr_HR\" \/>\n<meta property=\"og:type\" content=\"article\" \/>\n<meta property=\"og:title\" content=\"Igra\u0107e karte | Le Boxi\" \/>\n<meta property=\"og:description\" content=\"Ovo su atraktivne crne igra\u0107e karte u metalnoj prijenosnoj kutiji. Ove igra\u0107e karte privu\u0107i \u0107e pozornost na svakom stolu za igru.\" \/>\n<meta property=\"og:url\" content=\"http:\/\/staging.leboxi.eu\/hr\/proizvodi\/igrace-karte-2\/\" \/>\n<meta property=\"og:site_name\" content=\"Le Boxi | Unikatna darila za vsakogar\" \/>\n<meta property=\"article:publisher\" content=\"https:\/\/www.facebook.com\/leboxi.eu\" \/>\n<meta property=\"article:modified_time\" content=\"2025-02-23T15:31:30+00:00\" \/>\n<meta property=\"og:image\" content=\"http:\/\/staging.leboxi.eu\/wp-content\/uploads\/2023\/05\/IMG_9567.jpg\" \/>\n\t<meta property=\"og:image:width\" content=\"1000\" \/>\n\t<meta property=\"og:image:height\" content=\"1000\" \/>\n\t<meta property=\"og:image:type\" content=\"image\/jpeg\" \/>\n<meta name=\"twitter:card\" content=\"summary_large_image\" \/>\n<meta name=\"twitter:label1\" content=\"Procijenjeno vrijeme \u010ditanja\" \/>\n\t<meta name=\"twitter:data1\" content=\"1 minuta\" \/>\n<script type=\"application\/ld+json\" class=\"yoast-schema-graph\">{\"@context\":\"https:\/\/schema.org\",\"@graph\":[{\"@type\":\"WebPage\",\"@id\":\"http:\/\/staging.leboxi.eu\/hr\/proizvodi\/igrace-karte-2\/\",\"url\":\"http:\/\/staging.leboxi.eu\/hr\/proizvodi\/igrace-karte-2\/\",\"name\":\"Igra\u0107e karte | Le Boxi\",\"isPartOf\":{\"@id\":\"http:\/\/staging.leboxi.eu\/hr\/#website\"},\"primaryImageOfPage\":{\"@id\":\"http:\/\/staging.leboxi.eu\/hr\/proizvodi\/igrace-karte-2\/#primaryimage\"},\"image\":{\"@id\":\"http:\/\/staging.leboxi.eu\/hr\/proizvodi\/igrace-karte-2\/#primaryimage\"},\"thumbnailUrl\":\"http:\/\/staging.leboxi.eu\/wp-content\/uploads\/2023\/05\/IMG_9567.jpg\",\"datePublished\":\"2023-05-15T19:56:53+00:00\",\"dateModified\":\"2025-02-23T15:31:30+00:00\",\"description\":\"Ovo su atraktivne crne igra\u0107e karte u metalnoj prijenosnoj kutiji. Ove igra\u0107e karte privu\u0107i \u0107e pozornost na svakom stolu za igru.\",\"breadcrumb\":{\"@id\":\"http:\/\/staging.leboxi.eu\/hr\/proizvodi\/igrace-karte-2\/#breadcrumb\"},\"inLanguage\":\"hr\",\"potentialAction\":[{\"@type\":\"ReadAction\",\"target\":[\"http:\/\/staging.leboxi.eu\/hr\/proizvodi\/igrace-karte-2\/\"]}]},{\"@type\":\"ImageObject\",\"inLanguage\":\"hr\",\"@id\":\"http:\/\/staging.leboxi.eu\/hr\/proizvodi\/igrace-karte-2\/#primaryimage\",\"url\":\"http:\/\/staging.leboxi.eu\/wp-content\/uploads\/2023\/05\/IMG_9567.jpg\",\"contentUrl\":\"http:\/\/staging.leboxi.eu\/wp-content\/uploads\/2023\/05\/IMG_9567.jpg\",\"width\":1000,\"height\":1000},{\"@type\":\"BreadcrumbList\",\"@id\":\"http:\/\/staging.leboxi.eu\/hr\/proizvodi\/igrace-karte-2\/#breadcrumb\",\"itemListElement\":[{\"@type\":\"ListItem\",\"position\":1,\"name\":\"Doma\",\"item\":\"http:\/\/staging.leboxi.eu\/hr\/\"},{\"@type\":\"ListItem\",\"position\":2,\"name\":\"Trgovina\",\"item\":\"http:\/\/staging.leboxi.eu\/hr\/trgovina\/\"},{\"@type\":\"ListItem\",\"position\":3,\"name\":\"Komplet crnih igra\u0107ih karata\"}]},{\"@type\":\"WebSite\",\"@id\":\"http:\/\/staging.leboxi.eu\/hr\/#website\",\"url\":\"http:\/\/staging.leboxi.eu\/hr\/\",\"name\":\"Le Boxi | Unikatna darila za vsakogar\",\"description\":\"Unikatna darila in darilne \u0161katle za vse prilo\u017enosti.\",\"publisher\":{\"@id\":\"http:\/\/staging.leboxi.eu\/hr\/#organization\"},\"potentialAction\":[{\"@type\":\"SearchAction\",\"target\":{\"@type\":\"EntryPoint\",\"urlTemplate\":\"http:\/\/staging.leboxi.eu\/hr\/?s={search_term_string}\"},\"query-input\":{\"@type\":\"PropertyValueSpecification\",\"valueRequired\":true,\"valueName\":\"search_term_string\"}}],\"inLanguage\":\"hr\"},{\"@type\":\"Organization\",\"@id\":\"http:\/\/staging.leboxi.eu\/hr\/#organization\",\"name\":\"LE BOXI\",\"url\":\"http:\/\/staging.leboxi.eu\/hr\/\",\"logo\":{\"@type\":\"ImageObject\",\"inLanguage\":\"hr\",\"@id\":\"http:\/\/staging.leboxi.eu\/hr\/#\/schema\/logo\/image\/\",\"url\":\"http:\/\/staging.leboxi.eu\/wp-content\/uploads\/2021\/02\/LeBoxi-manjsi-png.png\",\"contentUrl\":\"http:\/\/staging.leboxi.eu\/wp-content\/uploads\/2021\/02\/LeBoxi-manjsi-png.png\",\"width\":389,\"height\":164,\"caption\":\"LE BOXI\"},\"image\":{\"@id\":\"http:\/\/staging.leboxi.eu\/hr\/#\/schema\/logo\/image\/\"},\"sameAs\":[\"https:\/\/www.facebook.com\/leboxi.eu\",\"https:\/\/www.instagram.com\/le.boxi\/\"]}]}<\/script>\n<!-- \/ Yoast SEO plugin. -->","yoast_head_json":{"title":"Igra\u0107e karte | Le Boxi","description":"Ovo su atraktivne crne igra\u0107e karte u metalnoj prijenosnoj kutiji. Ove igra\u0107e karte privu\u0107i \u0107e pozornost na svakom stolu za igru.","robots":{"index":"index","follow":"follow","max-snippet":"max-snippet:-1","max-image-preview":"max-image-preview:large","max-video-preview":"max-video-preview:-1"},"canonical":"http:\/\/staging.leboxi.eu\/hr\/proizvodi\/igrace-karte-2\/","og_locale":"hr_HR","og_type":"article","og_title":"Igra\u0107e karte | Le Boxi","og_description":"Ovo su atraktivne crne igra\u0107e karte u metalnoj prijenosnoj kutiji. Ove igra\u0107e karte privu\u0107i \u0107e pozornost na svakom stolu za igru.","og_url":"http:\/\/staging.leboxi.eu\/hr\/proizvodi\/igrace-karte-2\/","og_site_name":"Le Boxi | Unikatna darila za vsakogar","article_publisher":"https:\/\/www.facebook.com\/leboxi.eu","article_modified_time":"2025-02-23T15:31:30+00:00","og_image":[{"width":1000,"height":1000,"url":"http:\/\/staging.leboxi.eu\/wp-content\/uploads\/2023\/05\/IMG_9567.jpg","type":"image\/jpeg"}],"twitter_card":"summary_large_image","twitter_misc":{"Procijenjeno vrijeme \u010ditanja":"1 minuta"},"schema":{"@context":"https:\/\/schema.org","@graph":[{"@type":"WebPage","@id":"http:\/\/staging.leboxi.eu\/hr\/proizvodi\/igrace-karte-2\/","url":"http:\/\/staging.leboxi.eu\/hr\/proizvodi\/igrace-karte-2\/","name":"Igra\u0107e karte | Le Boxi","isPartOf":{"@id":"http:\/\/staging.leboxi.eu\/hr\/#website"},"primaryImageOfPage":{"@id":"http:\/\/staging.leboxi.eu\/hr\/proizvodi\/igrace-karte-2\/#primaryimage"},"image":{"@id":"http:\/\/staging.leboxi.eu\/hr\/proizvodi\/igrace-karte-2\/#primaryimage"},"thumbnailUrl":"http:\/\/staging.leboxi.eu\/wp-content\/uploads\/2023\/05\/IMG_9567.jpg","datePublished":"2023-05-15T19:56:53+00:00","dateModified":"2025-02-23T15:31:30+00:00","description":"Ovo su atraktivne crne igra\u0107e karte u metalnoj prijenosnoj kutiji. Ove igra\u0107e karte privu\u0107i \u0107e pozornost na svakom stolu za igru.","breadcrumb":{"@id":"http:\/\/staging.leboxi.eu\/hr\/proizvodi\/igrace-karte-2\/#breadcrumb"},"inLanguage":"hr","potentialAction":[{"@type":"ReadAction","target":["http:\/\/staging.leboxi.eu\/hr\/proizvodi\/igrace-karte-2\/"]}]},{"@type":"ImageObject","inLanguage":"hr","@id":"http:\/\/staging.leboxi.eu\/hr\/proizvodi\/igrace-karte-2\/#primaryimage","url":"http:\/\/staging.leboxi.eu\/wp-content\/uploads\/2023\/05\/IMG_9567.jpg","contentUrl":"http:\/\/staging.leboxi.eu\/wp-content\/uploads\/2023\/05\/IMG_9567.jpg","width":1000,"height":1000},{"@type":"BreadcrumbList","@id":"http:\/\/staging.leboxi.eu\/hr\/proizvodi\/igrace-karte-2\/#breadcrumb","itemListElement":[{"@type":"ListItem","position":1,"name":"Doma","item":"http:\/\/staging.leboxi.eu\/hr\/"},{"@type":"ListItem","position":2,"name":"Trgovina","item":"http:\/\/staging.leboxi.eu\/hr\/trgovina\/"},{"@type":"ListItem","position":3,"name":"Komplet crnih igra\u0107ih karata"}]},{"@type":"WebSite","@id":"http:\/\/staging.leboxi.eu\/hr\/#website","url":"http:\/\/staging.leboxi.eu\/hr\/","name":"Le Boxi | Unikatna darila za vsakogar","description":"Unikatna darila in darilne \u0161katle za vse prilo\u017enosti.","publisher":{"@id":"http:\/\/staging.leboxi.eu\/hr\/#organization"},"potentialAction":[{"@type":"SearchAction","target":{"@type":"EntryPoint","urlTemplate":"http:\/\/staging.leboxi.eu\/hr\/?s={search_term_string}"},"query-input":{"@type":"PropertyValueSpecification","valueRequired":true,"valueName":"search_term_string"}}],"inLanguage":"hr"},{"@type":"Organization","@id":"http:\/\/staging.leboxi.eu\/hr\/#organization","name":"LE BOXI","url":"http:\/\/staging.leboxi.eu\/hr\/","logo":{"@type":"ImageObject","inLanguage":"hr","@id":"http:\/\/staging.leboxi.eu\/hr\/#\/schema\/logo\/image\/","url":"http:\/\/staging.leboxi.eu\/wp-content\/uploads\/2021\/02\/LeBoxi-manjsi-png.png","contentUrl":"http:\/\/staging.leboxi.eu\/wp-content\/uploads\/2021\/02\/LeBoxi-manjsi-png.png","width":389,"height":164,"caption":"LE BOXI"},"image":{"@id":"http:\/\/staging.leboxi.eu\/hr\/#\/schema\/logo\/image\/"},"sameAs":["https:\/\/www.facebook.com\/leboxi.eu","https:\/\/www.instagram.com\/le.boxi\/"]}]}},"_links":{"self":[{"href":"http:\/\/staging.leboxi.eu\/hr\/wp-json\/wp\/v2\/product\/13236","targetHints":{"allow":["GET"]}}],"collection":[{"href":"http:\/\/staging.leboxi.eu\/hr\/wp-json\/wp\/v2\/product"}],"about":[{"href":"http:\/\/staging.leboxi.eu\/hr\/wp-json\/wp\/v2\/types\/product"}],"replies":[{"embeddable":true,"href":"http:\/\/staging.leboxi.eu\/hr\/wp-json\/wp\/v2\/comments?post=13236"}],"version-history":[{"count":3,"href":"http:\/\/staging.leboxi.eu\/hr\/wp-json\/wp\/v2\/product\/13236\/revisions"}],"predecessor-version":[{"id":17904,"href":"http:\/\/staging.leboxi.eu\/hr\/wp-json\/wp\/v2\/product\/13236\/revisions\/17904"}],"wp:featuredmedia":[{"embeddable":true,"href":"http:\/\/staging.leboxi.eu\/hr\/wp-json\/wp\/v2\/media\/13248"}],"wp:attachment":[{"href":"http:\/\/staging.leboxi.eu\/hr\/wp-json\/wp\/v2\/media?parent=13236"}],"wp:term":[{"taxonomy":"product_brand","embeddable":true,"href":"http:\/\/staging.leboxi.eu\/hr\/wp-json\/wp\/v2\/product_brand?post=13236"},{"taxonomy":"product_cat","embeddable":true,"href":"http:\/\/staging.leboxi.eu\/hr\/wp-json\/wp\/v2\/product_cat?post=13236"},{"taxonomy":"product_tag","embeddable":true,"href":"http:\/\/staging.leboxi.eu\/hr\/wp-json\/wp\/v2\/product_tag?post=13236"}],"curies":[{"name":"wp","href":"https:\/\/api.w.org\/{rel}","templated":true}]}}