{"id":6682,"date":"2022-03-12T20:38:25","date_gmt":"2022-03-12T19:38:25","guid":{"rendered":"http:\/\/staging.leboxi.eu\/dostava-u-inozemstvo\/"},"modified":"2024-04-24T22:30:40","modified_gmt":"2024-04-24T21:30:40","slug":"dostava-u-inozemstvo","status":"publish","type":"page","link":"http:\/\/staging.leboxi.eu\/hr\/dostava-u-inozemstvo\/","title":{"rendered":"Dostava i pla\u0107anje"},"content":{"rendered":"\t\t<div data-elementor-type=\"wp-page\" data-elementor-id=\"6682\" class=\"elementor elementor-6682 elementor-1965\" data-elementor-post-type=\"page\">\n\t\t\t\t\t\t<section class=\"elementor-section elementor-top-section elementor-element elementor-element-cbff03f elementor-section-boxed elementor-section-height-default elementor-section-height-default\" data-id=\"cbff03f\" data-element_type=\"section\" data-settings=\"{&quot;background_background&quot;:&quot;classic&quot;}\">\n\t\t\t\t\t\t<div class=\"elementor-container elementor-column-gap-default\">\n\t\t\t\t\t<div class=\"elementor-column elementor-col-100 elementor-top-column elementor-element elementor-element-a04f73e\" data-id=\"a04f73e\" data-element_type=\"column\">\n\t\t\t<div class=\"elementor-widget-wrap elementor-element-populated\">\n\t\t\t\t\t\t<div class=\"elementor-element elementor-element-dec0636 elementor-widget elementor-widget-text-editor\" data-id=\"dec0636\" data-element_type=\"widget\" data-widget_type=\"text-editor.default\">\n\t\t\t\t<div class=\"elementor-widget-container\">\n\t\t\t\t\t\t\t\t\t<p>Dostava i pla\u0107anje<\/p>\n\t\t\t\t\t\t\t\t<\/div>\n\t\t\t\t<\/div>\n\t\t\t\t\t<\/div>\n\t\t<\/div>\n\t\t\t\t\t<\/div>\n\t\t<\/section>\n\t\t\t\t<section class=\"elementor-section elementor-top-section elementor-element elementor-element-ef3ba09 elementor-section-boxed elementor-section-height-default elementor-section-height-default\" data-id=\"ef3ba09\" data-element_type=\"section\">\n\t\t\t\t\t\t<div class=\"elementor-container elementor-column-gap-default\">\n\t\t\t\t\t<div class=\"elementor-column elementor-col-100 elementor-top-column elementor-element elementor-element-524a540\" data-id=\"524a540\" data-element_type=\"column\">\n\t\t\t<div class=\"elementor-widget-wrap elementor-element-populated\">\n\t\t\t\t\t\t<div class=\"elementor-element elementor-element-39548f0 elementor-widget elementor-widget-text-editor\" data-id=\"39548f0\" data-element_type=\"widget\" data-widget_type=\"text-editor.default\">\n\t\t\t\t<div class=\"elementor-widget-container\">\n\t\t\t\t\t\t\t\t\t<p><strong>Dostava unutar Slovenije<\/strong><\/p>\n<p>Cijena po\u0161tarine dostavnom slu\u017ebom GLS iznosi <strong>4,5 EUR<\/strong> (za narud\u017ebe iznad 50 EUR po\u0161tarina je besplatna), pri odabiru <strong>pla\u0107anja pouze\u0107em<\/strong> dodatno se <strong>napla\u0107uje<\/strong> <strong>1,7 EUR<\/strong> . Tro\u0161kovi dostave se napla\u0107uju i iskazuju na narud\u017ebi i ra\u010dunu za izdanu robu i pla\u0107ate ih zajedno s iznosom narud\u017ebe.<\/p>\n<p>Ukoliko su artikli na zalihi, bit \u0107e isporu\u010deni najkasnije dva (2) radna dana od dana pla\u0107anja predra\u010duna u slu\u010daju pla\u0107anja po predra\u010dunu odn. od dana uplate putem Paypala odn od predaje narud\u017ebe u slu\u010daju pla\u0107anja nakon preuzimanja odn. pla\u0107anje kreditnom karticom. Personalizirani artikli bit \u0107e poslani najkasnije pet (5) radnih dana od dana uplate predra\u010duna odn. dan uplate putem Paypala ili od predaje narud\u017ebe u slu\u010daju pla\u0107anja nakon preuzimanja odn. pla\u0107anje kreditnom karticom.<\/p>\n<p>Rok isporuke u Sloveniji za artikle <strong>na skladi\u0161tu je obi\u010dno 2-5 radnih dana<\/strong>. U slu\u010daju da proizvoda nema na skladi\u0161tu, rok isporuke cijele narud\u017ebe se produ\u017euje. Ukoliko narud\u017ebu \u017eelite primiti u dvije odvojene po\u0161iljke, dodatno se napla\u0107uje tro\u0161ak dostave u iznosu od 4,50 EUR i dodatnih 1,7 EUR u slu\u010daju pla\u0107anja pouze\u0107em.<\/p>\n<\/p>\n<p><strong>Dostava u inozemstvo<\/strong><\/p>\n<p>Ukoliko je proizvod na zalihi, bit \u0107e otpremljen najkasnije u roku od dva (2) radna dana od dana pla\u0107anja putem Paypala ili pla\u0107anje kreditnom karticom. U slu\u010daju da proizvod nije raspolo\u017eiv za isporuku, rok isporuke \u0107e se produljiti, o \u010demu \u0107e ponu\u0111a\u010d obavijestiti korisnika u roku od dva (2) radna dana. Personalizirani artikli bit \u0107e poslani najkasnije pet (5) radnih dana od dana uplate predra\u010duna odn. dan uplate putem Paypala ili od predaje narud\u017ebe u slu\u010daju pla\u0107anja nakon preuzimanja odn. pla\u0107anje kreditnom karticom.<\/p>\n<p>Rok za me\u0111unarodnu isporuku za artikle koji su na zalihama obi\u010dno je 2 \u2013 10 radnih dana. Ako proizvoda nema na zalihama, kupca \u0107emo o tome obavijestiti. Ako narud\u017ebu \u017eelite podijeliti u dvije odvojene po\u0161iljke, zara\u010dunat \u0107e se dodatni tro\u0161ak dostave.  <\/p>\n<p>Rok isporuke mo\u017ee biti du\u017ei u zemljama s carinskom upravom.<\/p>\n<table>\n<tbody>\n<tr>\n<td width=\"227\">\n<p><strong>Dr\u017eava<\/strong><\/p>\n<\/td>\n<td width=\"142\">\n<p><strong>Cijena dostave<\/strong><\/p>\n<\/td>\n<\/tr>\n<tr>\n<td width=\"227\">\n<p>Austrija<\/p>\n<\/td>\n<td width=\"142\">\n<p>15 EUR<\/p>\n<\/td>\n<\/tr>\n<tr>\n<td width=\"227\">\n<p>Hrvatska<\/p>\n<\/td>\n<td width=\"142\">\n<p>4,9 EUR<\/p>\n<\/td>\n<\/tr>\n<tr>\n<td width=\"227\">\n<p>Italija<\/p>\n<\/td>\n<td width=\"142\">\n<p>10 EUR<\/p>\n<\/td>\n<\/tr>\n<\/tbody>\n<\/table>\n<p><strong>Na\u010din pla\u0107anja<\/strong><\/p>\n<p>U internetskoj trgovini dostupni su sljede\u0107i na\u010dini pla\u0107anja:<\/p>\n<p>* Ne odnosi se na me\u0111unarodne kupnje.<\/p>\n<p>Tvrtka Le Boxi (Pabicom doo) za ve\u0107u vrijednost narud\u017ebe stje\u010de pravo zahtijevati od kupca pla\u0107anje robe prije slanja.<\/p>\n<p><strong>Pla\u0107anje pouze\u0107em<\/strong><\/p>\n<p>gotovinom ili karticom po primitku (za pla\u0107anje po primitku napla\u0107uje se dodatna naknada od 1,7 eura).<\/p>\n<\/p>\n<p><strong>Pla\u0107anje po predra\u010dunu<\/strong><\/p>\n<p>(predra\u010dun \u0107ete dobiti e-po\u0161tom), rok za pla\u0107anje predra\u010duna je pet (5) dana. Kad istekne rok za pla\u0107anje, ponu\u0111a\u010d vi\u0161e ne mo\u017ee jam\u010diti rezervaciju naru\u010denih proizvoda. <\/p>\n<p><strong>Pabicom doo, Ulica Vinka Vodopivca 2, 5000 Nova Gorica<\/strong><\/p>\n<p><strong>IBAN: SI56 6100 0002 8870 845 BIC: HDELSI22 Delavska hranilnica dd<\/strong><\/p>\n<p><strong> <\/strong><\/p>\n<p><strong>Pla\u0107anje kreditnom karticom<\/strong><\/p>\n<p>obavlja se putem platnog sustava Stripe.<\/p>\n<p>Podaci o kartici ne\u0107e se zabilje\u017eiti na poslu\u017eitelju tvrtke, pa je va\u0161a sigurnost 100 % zajam\u010dena. Stripe osigurava maksimalnu sigurnost transakcije. Autorizacije kreditnih kartica provode se u stvarnom vremenu neposrednom provjerom podataka kod banaka. Platiti mo\u017eete sljede\u0107im karticama: Mastercard, Visa, America Express, Discover, Diners, CUP, JCB i Maestro (ako Maestro kartica platitelja to dopu\u0161ta).   <\/p>\n<\/p>\n<p><strong>Putem servisa Paypal<\/strong><\/p>\n<p>Pla\u0107anje PayPal-om ili pla\u0107anje kreditnim karticama putem PayPal online sustava koji omogu\u0107uje sigurno pla\u0107anje kreditnim karticama (Mastercard, Visa, Maestro i American Express). Kupac ne mora izraditi vlastiti PayPal korisni\u010dki ra\u010dun za pla\u0107anje karticama. Sustav PayPal smatra se jednim od najsigurnijih sustava pla\u0107anja u svijetu.<\/p>\n\t\t\t\t\t\t\t\t<\/div>\n\t\t\t\t<\/div>\n\t\t\t\t\t<\/div>\n\t\t<\/div>\n\t\t\t\t\t<\/div>\n\t\t<\/section>\n\t\t\t\t<\/div>\n\t\t","protected":false},"excerpt":{"rendered":"<p>Dostava i pla\u0107anje Dostava unutar Slovenije Cijena po\u0161tarine dostavnom slu\u017ebom GLS iznosi 4,5 EUR (za narud\u017ebe iznad 50 EUR po\u0161tarina je besplatna), pri odabiru pla\u0107anja pouze\u0107em dodatno se napla\u0107uje 1,7 EUR . Tro\u0161kovi dostave se napla\u0107uju i iskazuju na narud\u017ebi i ra\u010dunu za izdanu robu i pla\u0107ate ih zajedno s iznosom narud\u017ebe. Ukoliko su artikli [&hellip;]<\/p>\n","protected":false},"author":2,"featured_media":0,"parent":0,"menu_order":0,"comment_status":"closed","ping_status":"closed","template":"","meta":{"site-sidebar-layout":"no-sidebar","site-content-layout":"page-builder","ast-site-content-layout":"","site-content-style":"default","site-sidebar-style":"default","ast-global-header-display":"","ast-banner-title-visibility":"","ast-main-header-display":"","ast-hfb-above-header-display":"","ast-hfb-below-header-display":"","ast-hfb-mobile-header-display":"","site-post-title":"disabled","ast-breadcrumbs-content":"","ast-featured-img":"disabled","footer-sml-layout":"","theme-transparent-header-meta":"default","adv-header-id-meta":"","stick-header-meta":"","header-above-stick-meta":"","header-main-stick-meta":"","header-below-stick-meta":"","astra-migrate-meta-layouts":"default","ast-page-background-enabled":"default","ast-page-background-meta":{"desktop":{"background-color":"","background-image":"","background-repeat":"repeat","background-position":"center center","background-size":"auto","background-attachment":"scroll","background-type":"","background-media":"","overlay-type":"","overlay-color":"","overlay-opacity":"","overlay-gradient":""},"tablet":{"background-color":"","background-image":"","background-repeat":"repeat","background-position":"center center","background-size":"auto","background-attachment":"scroll","background-type":"","background-media":"","overlay-type":"","overlay-color":"","overlay-opacity":"","overlay-gradient":""},"mobile":{"background-color":"","background-image":"","background-repeat":"repeat","background-position":"center center","background-size":"auto","background-attachment":"scroll","background-type":"","background-media":"","overlay-type":"","overlay-color":"","overlay-opacity":"","overlay-gradient":""}},"ast-content-background-meta":{"desktop":{"background-color":"var(--ast-global-color-5)","background-image":"","background-repeat":"repeat","background-position":"center center","background-size":"auto","background-attachment":"scroll","background-type":"","background-media":"","overlay-type":"","overlay-color":"","overlay-opacity":"","overlay-gradient":""},"tablet":{"background-color":"var(--ast-global-color-5)","background-image":"","background-repeat":"repeat","background-position":"center center","background-size":"auto","background-attachment":"scroll","background-type":"","background-media":"","overlay-type":"","overlay-color":"","overlay-opacity":"","overlay-gradient":""},"mobile":{"background-color":"var(--ast-global-color-5)","background-image":"","background-repeat":"repeat","background-position":"center center","background-size":"auto","background-attachment":"scroll","background-type":"","background-media":"","overlay-type":"","overlay-color":"","overlay-opacity":"","overlay-gradient":""}},"footnotes":""},"class_list":["post-6682","page","type-page","status-publish","hentry"],"yoast_head":"<!-- This site is optimized with the Yoast SEO plugin v25.2 - https:\/\/yoast.com\/wordpress\/plugins\/seo\/ -->\n<title>Dostava i pla\u0107anje | Le Boxi | Unikatna darila za vsakogar<\/title>\n<meta name=\"robots\" content=\"index, follow, max-snippet:-1, max-image-preview:large, max-video-preview:-1\" \/>\n<link rel=\"canonical\" href=\"http:\/\/staging.leboxi.eu\/hr\/dostava-u-inozemstvo\/\" \/>\n<meta property=\"og:locale\" content=\"hr_HR\" \/>\n<meta property=\"og:type\" content=\"article\" \/>\n<meta property=\"og:title\" content=\"Dostava i pla\u0107anje | Le Boxi | Unikatna darila za vsakogar\" \/>\n<meta property=\"og:description\" content=\"Dostava i pla\u0107anje Dostava unutar Slovenije Cijena po\u0161tarine dostavnom slu\u017ebom GLS iznosi 4,5 EUR (za narud\u017ebe iznad 50 EUR po\u0161tarina je besplatna), pri odabiru pla\u0107anja pouze\u0107em dodatno se napla\u0107uje 1,7 EUR . Tro\u0161kovi dostave se napla\u0107uju i iskazuju na narud\u017ebi i ra\u010dunu za izdanu robu i pla\u0107ate ih zajedno s iznosom narud\u017ebe. Ukoliko su artikli [&hellip;]\" \/>\n<meta property=\"og:url\" content=\"http:\/\/staging.leboxi.eu\/hr\/dostava-u-inozemstvo\/\" \/>\n<meta property=\"og:site_name\" content=\"Le Boxi | Unikatna darila za vsakogar\" \/>\n<meta property=\"article:publisher\" content=\"https:\/\/www.facebook.com\/leboxi.eu\" \/>\n<meta property=\"article:modified_time\" content=\"2024-04-24T21:30:40+00:00\" \/>\n<meta name=\"twitter:card\" content=\"summary_large_image\" \/>\n<meta name=\"twitter:label1\" content=\"Procijenjeno vrijeme \u010ditanja\" \/>\n\t<meta name=\"twitter:data1\" content=\"3 minute\" \/>\n<script type=\"application\/ld+json\" class=\"yoast-schema-graph\">{\"@context\":\"https:\/\/schema.org\",\"@graph\":[{\"@type\":\"WebPage\",\"@id\":\"http:\/\/staging.leboxi.eu\/hr\/dostava-u-inozemstvo\/\",\"url\":\"http:\/\/staging.leboxi.eu\/hr\/dostava-u-inozemstvo\/\",\"name\":\"Dostava i pla\u0107anje | Le Boxi | Unikatna darila za vsakogar\",\"isPartOf\":{\"@id\":\"http:\/\/staging.leboxi.eu\/hr\/#website\"},\"datePublished\":\"2022-03-12T19:38:25+00:00\",\"dateModified\":\"2024-04-24T21:30:40+00:00\",\"breadcrumb\":{\"@id\":\"http:\/\/staging.leboxi.eu\/hr\/dostava-u-inozemstvo\/#breadcrumb\"},\"inLanguage\":\"hr\",\"potentialAction\":[{\"@type\":\"ReadAction\",\"target\":[\"http:\/\/staging.leboxi.eu\/hr\/dostava-u-inozemstvo\/\"]}]},{\"@type\":\"BreadcrumbList\",\"@id\":\"http:\/\/staging.leboxi.eu\/hr\/dostava-u-inozemstvo\/#breadcrumb\",\"itemListElement\":[{\"@type\":\"ListItem\",\"position\":1,\"name\":\"Doma\",\"item\":\"http:\/\/staging.leboxi.eu\/hr\/\"},{\"@type\":\"ListItem\",\"position\":2,\"name\":\"Dostava i pla\u0107anje\"}]},{\"@type\":\"WebSite\",\"@id\":\"http:\/\/staging.leboxi.eu\/hr\/#website\",\"url\":\"http:\/\/staging.leboxi.eu\/hr\/\",\"name\":\"Le Boxi | Unikatna darila za vsakogar\",\"description\":\"Unikatna darila in darilne \u0161katle za vse prilo\u017enosti.\",\"publisher\":{\"@id\":\"http:\/\/staging.leboxi.eu\/hr\/#organization\"},\"potentialAction\":[{\"@type\":\"SearchAction\",\"target\":{\"@type\":\"EntryPoint\",\"urlTemplate\":\"http:\/\/staging.leboxi.eu\/hr\/?s={search_term_string}\"},\"query-input\":{\"@type\":\"PropertyValueSpecification\",\"valueRequired\":true,\"valueName\":\"search_term_string\"}}],\"inLanguage\":\"hr\"},{\"@type\":\"Organization\",\"@id\":\"http:\/\/staging.leboxi.eu\/hr\/#organization\",\"name\":\"LE BOXI\",\"url\":\"http:\/\/staging.leboxi.eu\/hr\/\",\"logo\":{\"@type\":\"ImageObject\",\"inLanguage\":\"hr\",\"@id\":\"http:\/\/staging.leboxi.eu\/hr\/#\/schema\/logo\/image\/\",\"url\":\"http:\/\/staging.leboxi.eu\/wp-content\/uploads\/2021\/02\/LeBoxi-manjsi-png.png\",\"contentUrl\":\"http:\/\/staging.leboxi.eu\/wp-content\/uploads\/2021\/02\/LeBoxi-manjsi-png.png\",\"width\":389,\"height\":164,\"caption\":\"LE BOXI\"},\"image\":{\"@id\":\"http:\/\/staging.leboxi.eu\/hr\/#\/schema\/logo\/image\/\"},\"sameAs\":[\"https:\/\/www.facebook.com\/leboxi.eu\",\"https:\/\/www.instagram.com\/le.boxi\/\"]}]}<\/script>\n<!-- \/ Yoast SEO plugin. -->","yoast_head_json":{"title":"Dostava i pla\u0107anje | Le Boxi | Unikatna darila za vsakogar","robots":{"index":"index","follow":"follow","max-snippet":"max-snippet:-1","max-image-preview":"max-image-preview:large","max-video-preview":"max-video-preview:-1"},"canonical":"http:\/\/staging.leboxi.eu\/hr\/dostava-u-inozemstvo\/","og_locale":"hr_HR","og_type":"article","og_title":"Dostava i pla\u0107anje | Le Boxi | Unikatna darila za vsakogar","og_description":"Dostava i pla\u0107anje Dostava unutar Slovenije Cijena po\u0161tarine dostavnom slu\u017ebom GLS iznosi 4,5 EUR (za narud\u017ebe iznad 50 EUR po\u0161tarina je besplatna), pri odabiru pla\u0107anja pouze\u0107em dodatno se napla\u0107uje 1,7 EUR . Tro\u0161kovi dostave se napla\u0107uju i iskazuju na narud\u017ebi i ra\u010dunu za izdanu robu i pla\u0107ate ih zajedno s iznosom narud\u017ebe. Ukoliko su artikli [&hellip;]","og_url":"http:\/\/staging.leboxi.eu\/hr\/dostava-u-inozemstvo\/","og_site_name":"Le Boxi | Unikatna darila za vsakogar","article_publisher":"https:\/\/www.facebook.com\/leboxi.eu","article_modified_time":"2024-04-24T21:30:40+00:00","twitter_card":"summary_large_image","twitter_misc":{"Procijenjeno vrijeme \u010ditanja":"3 minute"},"schema":{"@context":"https:\/\/schema.org","@graph":[{"@type":"WebPage","@id":"http:\/\/staging.leboxi.eu\/hr\/dostava-u-inozemstvo\/","url":"http:\/\/staging.leboxi.eu\/hr\/dostava-u-inozemstvo\/","name":"Dostava i pla\u0107anje | Le Boxi | Unikatna darila za vsakogar","isPartOf":{"@id":"http:\/\/staging.leboxi.eu\/hr\/#website"},"datePublished":"2022-03-12T19:38:25+00:00","dateModified":"2024-04-24T21:30:40+00:00","breadcrumb":{"@id":"http:\/\/staging.leboxi.eu\/hr\/dostava-u-inozemstvo\/#breadcrumb"},"inLanguage":"hr","potentialAction":[{"@type":"ReadAction","target":["http:\/\/staging.leboxi.eu\/hr\/dostava-u-inozemstvo\/"]}]},{"@type":"BreadcrumbList","@id":"http:\/\/staging.leboxi.eu\/hr\/dostava-u-inozemstvo\/#breadcrumb","itemListElement":[{"@type":"ListItem","position":1,"name":"Doma","item":"http:\/\/staging.leboxi.eu\/hr\/"},{"@type":"ListItem","position":2,"name":"Dostava i pla\u0107anje"}]},{"@type":"WebSite","@id":"http:\/\/staging.leboxi.eu\/hr\/#website","url":"http:\/\/staging.leboxi.eu\/hr\/","name":"Le Boxi | Unikatna darila za vsakogar","description":"Unikatna darila in darilne \u0161katle za vse prilo\u017enosti.","publisher":{"@id":"http:\/\/staging.leboxi.eu\/hr\/#organization"},"potentialAction":[{"@type":"SearchAction","target":{"@type":"EntryPoint","urlTemplate":"http:\/\/staging.leboxi.eu\/hr\/?s={search_term_string}"},"query-input":{"@type":"PropertyValueSpecification","valueRequired":true,"valueName":"search_term_string"}}],"inLanguage":"hr"},{"@type":"Organization","@id":"http:\/\/staging.leboxi.eu\/hr\/#organization","name":"LE BOXI","url":"http:\/\/staging.leboxi.eu\/hr\/","logo":{"@type":"ImageObject","inLanguage":"hr","@id":"http:\/\/staging.leboxi.eu\/hr\/#\/schema\/logo\/image\/","url":"http:\/\/staging.leboxi.eu\/wp-content\/uploads\/2021\/02\/LeBoxi-manjsi-png.png","contentUrl":"http:\/\/staging.leboxi.eu\/wp-content\/uploads\/2021\/02\/LeBoxi-manjsi-png.png","width":389,"height":164,"caption":"LE BOXI"},"image":{"@id":"http:\/\/staging.leboxi.eu\/hr\/#\/schema\/logo\/image\/"},"sameAs":["https:\/\/www.facebook.com\/leboxi.eu","https:\/\/www.instagram.com\/le.boxi\/"]}]}},"_links":{"self":[{"href":"http:\/\/staging.leboxi.eu\/hr\/wp-json\/wp\/v2\/pages\/6682","targetHints":{"allow":["GET"]}}],"collection":[{"href":"http:\/\/staging.leboxi.eu\/hr\/wp-json\/wp\/v2\/pages"}],"about":[{"href":"http:\/\/staging.leboxi.eu\/hr\/wp-json\/wp\/v2\/types\/page"}],"author":[{"embeddable":true,"href":"http:\/\/staging.leboxi.eu\/hr\/wp-json\/wp\/v2\/users\/2"}],"replies":[{"embeddable":true,"href":"http:\/\/staging.leboxi.eu\/hr\/wp-json\/wp\/v2\/comments?post=6682"}],"version-history":[{"count":3,"href":"http:\/\/staging.leboxi.eu\/hr\/wp-json\/wp\/v2\/pages\/6682\/revisions"}],"predecessor-version":[{"id":18190,"href":"http:\/\/staging.leboxi.eu\/hr\/wp-json\/wp\/v2\/pages\/6682\/revisions\/18190"}],"wp:attachment":[{"href":"http:\/\/staging.leboxi.eu\/hr\/wp-json\/wp\/v2\/media?parent=6682"}],"curies":[{"name":"wp","href":"https:\/\/api.w.org\/{rel}","templated":true}]}}